{"id":68968,"date":"2021-07-26T10:39:52","date_gmt":"2021-07-26T10:39:52","guid":{"rendered":"https:\/\/www.tele-radio.com\/?page_id=68968"},"modified":"2023-09-19T12:39:49","modified_gmt":"2023-09-19T12:39:49","slug":"sterowanie-radiowe-urzadzenia-transportu-bliskiego","status":"publish","type":"page","link":"https:\/\/www.tele-radio.com\/pl\/zastosowania\/sterowanie-radiowe-urzadzenia-transportu-bliskiego\/","title":{"rendered":"Sterowanie radiowe do UTB"},"content":{"rendered":"\n<div style=\"height:30px\" aria-hidden=\"true\" class=\"wp-block-spacer\"><\/div>\n\n\n\n<h1 class=\"wp-block-heading has-text-align-center\">URZ\u0104DZENIA D\u0179WIGNICOWE<\/h1>\n\n\n\n<div style=\"height:60px\" aria-hidden=\"true\" class=\"wp-block-spacer\"><\/div>\n\n\n\n<div class=\"wp-block-media-text alignwide is-stacked-on-mobile is-image-fill\"><figure class=\"wp-block-media-text__media\" style=\"background-image:url(https:\/\/www.tele-radio.com\/app\/uploads\/FM_LC_TI_0004-1200x799.jpg);background-position:77% 93%\"><img loading=\"lazy\" decoding=\"async\" width=\"1200\" height=\"799\" src=\"https:\/\/www.tele-radio.com\/app\/uploads\/FM_LC_TI_0004-1200x799.jpg\" alt=\"\" class=\"wp-image-113828 size-full\" srcset=\"https:\/\/www.tele-radio.com\/app\/uploads\/FM_LC_TI_0004-1200x799.jpg 1200w, https:\/\/www.tele-radio.com\/app\/uploads\/FM_LC_TI_0004-400x266.jpg 400w, https:\/\/www.tele-radio.com\/app\/uploads\/FM_LC_TI_0004-768x511.jpg 768w, https:\/\/www.tele-radio.com\/app\/uploads\/FM_LC_TI_0004-1536x1022.jpg 1536w, https:\/\/www.tele-radio.com\/app\/uploads\/FM_LC_TI_0004-2048x1363.jpg 2048w, https:\/\/www.tele-radio.com\/app\/uploads\/FM_LC_TI_0004-750x499.jpg 750w, https:\/\/www.tele-radio.com\/app\/uploads\/FM_LC_TI_0004-500x333.jpg 500w, https:\/\/www.tele-radio.com\/app\/uploads\/FM_LC_TI_0004-1600x1065.jpg 1600w, https:\/\/www.tele-radio.com\/app\/uploads\/FM_LC_TI_0004-800x532.jpg 800w\" sizes=\"auto, (max-width: 1200px) 100vw, 1200px\" \/><\/figure><div class=\"wp-block-media-text__content\">\n<div style=\"height:20px\" aria-hidden=\"true\" class=\"wp-block-spacer\"><\/div>\n\n\n\n<h2 class=\"wp-block-heading\">Sterowanie radiowe do suwnic, d\u017awig\u00f3w, \u017curawi i innych urz\u0105dze\u0144 transportu bliskiego <\/h2>\n\n\n\n<p><\/p>\n\n\n\n<p>Urz\u0105dzenia transportu bliskiego s\u0105 nieod\u0142\u0105cznym elementem w wielu sektorach gospodarki i coraz cz\u0119\u015bciej s\u0105 uzupe\u0142niane o systemy sterowania radiowego. Rezygnacja z po\u0142\u0105czenia kablowego kasety z suwnic\u0105, czy sterowania kabinowego w \u017curawiach przynosi wiele korzy\u015bci. Bez w\u0105tpienia najwa\u017cniejsz\u0105 z nich jest zapewnienie bezpiecze\u0144stwa pracownikom, tak kluczowego podczas podnoszenia i transportowania ci\u0119\u017ckich \u0142adunk\u00f3w. Operator urz\u0105dzenia d\u017awignicowego znajduje si\u0119 odpowiednio daleko, maj\u0105c przy tym doskona\u0142y widok na miejsce pracy.   <\/p>\n\n\n\n<p>Bardzo wa\u017cne jest dobranie odpowiedniego sterowania radiowego do danego urz\u0105dzenia transportu bliskiego, jego wyposa\u017cenia i do funkcji jakie ma pe\u0142ni\u0107, gdy\u017c tylko w ten spos\u00f3b mo\u017cna zapewni\u0107 sprawn\u0105 i przede wszystkim bezpieczn\u0105 obs\u0142ug\u0119. <strong>W ofercie Tele Radio znajduje si\u0119 wiele nadajnik\u00f3w i odbiornik\u00f3w sterowania radiowego, kt\u00f3re zosta\u0142y niezale\u017cnie certyfikowane i posiadaj\u0105 wysokie standardy bezpiecze\u0144stwa &#8211; PLd oraz PLe\/SIL3. <\/strong>Sterowania radiowe Tele Radio s\u0105 najwy\u017cszej jako\u015bci, a ich funkcjonalno\u015b\u0107 jest \u0142atwa w dostosowaniu. <\/p>\n<\/div><\/div>\n\n\n\n<div style=\"height:60px\" aria-hidden=\"true\" class=\"wp-block-spacer\"><\/div>\n\n\n\n<div class=\"wp-block-buttons is-content-justification-center is-layout-flex wp-container-core-buttons-is-layout-16018d1d wp-block-buttons-is-layout-flex\">\n<div class=\"wp-block-button\"><a class=\"wp-block-button__link has-black-color has-luminous-vivid-amber-background-color has-text-color has-background wp-element-button\" href=\"#pomoc\" style=\"border-radius:10px\"><strong>Popro\u015b o ofert\u0119<\/strong><\/a><\/div>\n<\/div>\n\n\n\n<div style=\"height:100px\" aria-hidden=\"true\" class=\"wp-block-spacer\"><\/div>\n\n\n\n<h2 class=\"wp-block-heading has-text-align-left\">Systemy sterowania radiowego Tele Radio do suwnic i urz\u0105dze\u0144 d\u017awignicowych <\/h2>\n\n\n\n<p>Wyboru w\u0142a\u015bciwego sterowania radiowego do danego zastosowania najlepiej dokona\u0107 w porozumieniu z pracownikami Tele Radio. Dostarczamy r\u00f3\u017cne nadajniki o specyficznych cechach. Podczas dobierania systemu sterowania trzeba wzi\u0105\u0107 pod uwag\u0119 takie kwestie jak mi\u0119dzy innymi poziom bezpiecze\u0144stwa oraz wielko\u015b\u0107 i funkcjonalno\u015b\u0107 nadajnika sterowania radiowego.  <\/p>\n\n\n\n<div style=\"height:40px\" aria-hidden=\"true\" class=\"wp-block-spacer\"><\/div>\n\n\n\n<div class=\"wp-block-columns has-background is-layout-flex wp-container-core-columns-is-layout-9d6595d7 wp-block-columns-is-layout-flex\" style=\"background-color:#eeeeee\">\n<div class=\"wp-block-column is-layout-flow wp-block-column-is-layout-flow\">\n<div style=\"height:15px\" aria-hidden=\"true\" class=\"wp-block-spacer\"><\/div>\n\n\n\n<p class=\"has-text-align-center has-medium-font-size\"><strong>Nadajniki przyciskowe Tele Radio z certyfikatem PLd<\/strong><\/p>\n\n\n\n<div style=\"height:10px\" aria-hidden=\"true\" class=\"wp-block-spacer\"><\/div>\n\n\n<div class=\"wp-block-image\">\n<figure class=\"aligncenter size-medium is-resized\"><img loading=\"lazy\" decoding=\"async\" src=\"https:\/\/www.tele-radio.com\/app\/uploads\/nadajniki_przyciskowe_teleradio_PLd_suwnice-400x400.png\" alt=\"\" class=\"wp-image-158160\" width=\"250\" height=\"250\" srcset=\"https:\/\/www.tele-radio.com\/app\/uploads\/nadajniki_przyciskowe_teleradio_PLd_suwnice-400x400.png 400w, https:\/\/www.tele-radio.com\/app\/uploads\/nadajniki_przyciskowe_teleradio_PLd_suwnice-150x150.png 150w, https:\/\/www.tele-radio.com\/app\/uploads\/nadajniki_przyciskowe_teleradio_PLd_suwnice-768x768.png 768w, https:\/\/www.tele-radio.com\/app\/uploads\/nadajniki_przyciskowe_teleradio_PLd_suwnice-250x250.png 250w, https:\/\/www.tele-radio.com\/app\/uploads\/nadajniki_przyciskowe_teleradio_PLd_suwnice-750x750.png 750w, https:\/\/www.tele-radio.com\/app\/uploads\/nadajniki_przyciskowe_teleradio_PLd_suwnice-500x500.png 500w, https:\/\/www.tele-radio.com\/app\/uploads\/nadajniki_przyciskowe_teleradio_PLd_suwnice-800x800.png 800w, https:\/\/www.tele-radio.com\/app\/uploads\/nadajniki_przyciskowe_teleradio_PLd_suwnice.png 1080w\" sizes=\"auto, (max-width: 250px) 100vw, 250px\" \/><\/figure><\/div>\n\n\n<div style=\"height:10px\" aria-hidden=\"true\" class=\"wp-block-spacer\"><\/div>\n\n\n\n<p class=\"has-text-align-center\">Sterowania <strong>Panther PLd<\/strong> zosta\u0142y specjalnie zaprojektowane z my\u015bl\u0105 o suwnicach. Wyst\u0119puj\u0105 w r\u00f3\u017cnych konfiguracjach dla suwnic, d\u017awig\u00f3w i \u017curawi, a odbiorniki s\u0105 dost\u0119pne z okablowaniem wst\u0119pnym. <\/p>\n\n\n\n<p class=\"has-text-align-center\"> Cech\u0105 charakterystyczn\u0105 jest mo\u017cliwo\u015b\u0107 \u0142atwej konfiguracji lub wymiany nadajnika z poziomu gruntu, bez potrzeby korzystania z dodatkowego d\u017awigu lub podno\u015bnika, co znacznie oszcz\u0119dza czas. <\/p>\n\n\n\n<p class=\"has-text-align-center\">Do wyboru nadajnik o\u015bmioprzyciskowy <strong><a href=\"https:\/\/www.tele-radio.com\/pl\/products\/panther\/panther-transmitter-8x2-step-buttons-pld-cat3\/\">PN-T19-2<\/a><\/strong> lub dwunastoprzyciskowy <strong><a href=\"https:\/\/www.tele-radio.com\/pl\/products\/panther\/panther-transmitter-12x2-step-buttons-2-2\/\">PN-T29-12<\/a><\/strong>. <\/p>\n\n\n\n<p class=\"has-text-align-center\">    <\/p>\n<\/div>\n\n\n\n<div class=\"wp-block-column is-layout-flow wp-block-column-is-layout-flow\">\n<div style=\"height:15px\" aria-hidden=\"true\" class=\"wp-block-spacer\"><\/div>\n\n\n\n<p class=\"has-text-align-center has-medium-font-size\"><strong>Nadajniki przyciskowe Tele Radio z certyfikatem PLe<\/strong><\/p>\n\n\n\n<div style=\"height:10px\" aria-hidden=\"true\" class=\"wp-block-spacer\"><\/div>\n\n\n<div class=\"wp-block-image\">\n<figure class=\"aligncenter size-medium is-resized\"><img loading=\"lazy\" decoding=\"async\" src=\"https:\/\/www.tele-radio.com\/app\/uploads\/nadajniki_przyciskowe_teleradio_tiger_suwnice-400x400.png\" alt=\"\" class=\"wp-image-158184\" width=\"250\" height=\"250\" srcset=\"https:\/\/www.tele-radio.com\/app\/uploads\/nadajniki_przyciskowe_teleradio_tiger_suwnice-400x400.png 400w, https:\/\/www.tele-radio.com\/app\/uploads\/nadajniki_przyciskowe_teleradio_tiger_suwnice-150x150.png 150w, https:\/\/www.tele-radio.com\/app\/uploads\/nadajniki_przyciskowe_teleradio_tiger_suwnice-768x768.png 768w, https:\/\/www.tele-radio.com\/app\/uploads\/nadajniki_przyciskowe_teleradio_tiger_suwnice-250x250.png 250w, https:\/\/www.tele-radio.com\/app\/uploads\/nadajniki_przyciskowe_teleradio_tiger_suwnice-750x750.png 750w, https:\/\/www.tele-radio.com\/app\/uploads\/nadajniki_przyciskowe_teleradio_tiger_suwnice-500x500.png 500w, https:\/\/www.tele-radio.com\/app\/uploads\/nadajniki_przyciskowe_teleradio_tiger_suwnice-800x800.png 800w, https:\/\/www.tele-radio.com\/app\/uploads\/nadajniki_przyciskowe_teleradio_tiger_suwnice.png 1080w\" sizes=\"auto, (max-width: 250px) 100vw, 250px\" \/><\/figure><\/div>\n\n\n<div style=\"height:10px\" aria-hidden=\"true\" class=\"wp-block-spacer\"><\/div>\n\n\n\n<p class=\"has-text-align-center\"><strong><a href=\"https:\/\/www.tele-radio.com\/pl\/products\/tiger-g2\/\">Tiger G2<\/a><\/strong> to zaawansowane rozwi\u0105zanie sterowania suwnicami i d\u017awigami, pozwalaj\u0105ce na uzyskiwanie informacji zwrotnych z kontrolowanego urz\u0105dzenia (diody LED i wy\u015bwietlacz na nadajniku). Wbudowane funkcje bezpiecze\u0144stwa spe\u0142niaj\u0105 najwy\u017csze standardy, co sprawia, \u017ce s\u0105 odpowiednie <strong>do pracy w warunkach wysokiego ryzyka<\/strong>. <\/p>\n\n\n\n<p class=\"has-text-align-center\"> Nadajniki Tiger G2 dost\u0119pne s\u0105 z przyciskami dwustopniowymi dla sterowania funkcjami w dw\u00f3ch pr\u0119dko\u015bciach (<strong><a href=\"https:\/\/www.tele-radio.com\/pl\/products\/tiger-g2\/nadajnik-tiger-g2-8-przyciskow-dwustopniowych-ple-sil3\/\">TG-T9-1<\/a><\/strong>, <strong><a href=\"https:\/\/www.tele-radio.com\/pl\/products\/tiger-g2\/tiger-g2-transmitter-6x2-step-buttons-display-ple-sil3-2\/\">TG-T9-2<\/a><\/strong>, <strong><a href=\"https:\/\/www.tele-radio.com\/pl\/products\/tiger-g2\/tiger-g2-transmitter-10x2-step-buttons-display-sil3-ple-2\/\">TG-T11-4<\/a><\/strong>, <strong><a href=\"https:\/\/www.tele-radio.com\/pl\/products\/tiger-g2\/tiger-g2-transmitter-12x2-step-buttons-sil3-ple-2\/\">TG-T11-5<\/a><\/strong>) oraz z precyzyjnymi przyciskami proporcjonalnymi (<strong><a href=\"https:\/\/www.tele-radio.com\/pl\/products\/tiger-g2\/tiger-g2-nadajnik-4x2-step-buttons-display-sil3-ple-2\/\">TG-T14-7<\/a>,<\/strong> <strong><a href=\"https:\/\/www.tele-radio.com\/pl\/products\/tiger-g2\/tiger-g2-transmitter-4x2-step-buttons-display-sil3-ple-3\/\">TG-T15-7<\/a><\/strong>). <\/p>\n\n\n\n<p class=\"has-text-align-center\">    <\/p>\n<\/div>\n\n\n\n<div class=\"wp-block-column is-layout-flow wp-block-column-is-layout-flow\">\n<div style=\"height:15px\" aria-hidden=\"true\" class=\"wp-block-spacer\"><\/div>\n\n\n\n<p class=\"has-text-align-center has-medium-font-size\"><strong>Nadajniki joystickowe Tele Radio z certyfikatem PLe<\/strong> <\/p>\n\n\n\n<div style=\"height:10px\" aria-hidden=\"true\" class=\"wp-block-spacer\"><\/div>\n\n\n<div class=\"wp-block-image\">\n<figure class=\"aligncenter size-medium is-resized\"><img loading=\"lazy\" decoding=\"async\" src=\"https:\/\/www.tele-radio.com\/app\/uploads\/nadajnik_joystickowy_teleradio_primateq-400x400.png\" alt=\"\" class=\"wp-image-158208\" width=\"250\" height=\"250\" srcset=\"https:\/\/www.tele-radio.com\/app\/uploads\/nadajnik_joystickowy_teleradio_primateq-400x400.png 400w, https:\/\/www.tele-radio.com\/app\/uploads\/nadajnik_joystickowy_teleradio_primateq-150x150.png 150w, https:\/\/www.tele-radio.com\/app\/uploads\/nadajnik_joystickowy_teleradio_primateq-768x768.png 768w, https:\/\/www.tele-radio.com\/app\/uploads\/nadajnik_joystickowy_teleradio_primateq-250x250.png 250w, https:\/\/www.tele-radio.com\/app\/uploads\/nadajnik_joystickowy_teleradio_primateq-750x750.png 750w, https:\/\/www.tele-radio.com\/app\/uploads\/nadajnik_joystickowy_teleradio_primateq-500x500.png 500w, https:\/\/www.tele-radio.com\/app\/uploads\/nadajnik_joystickowy_teleradio_primateq-800x800.png 800w, https:\/\/www.tele-radio.com\/app\/uploads\/nadajnik_joystickowy_teleradio_primateq.png 1080w\" sizes=\"auto, (max-width: 250px) 100vw, 250px\" \/><\/figure><\/div>\n\n\n<div style=\"height:10px\" aria-hidden=\"true\" class=\"wp-block-spacer\"><\/div>\n\n\n\n<p class=\"has-text-align-center\">Do sterowania funkcjami wymagaj\u0105cymi du\u017cej precyzji idealnie sprawdzaj\u0105 si\u0119 nadajniki joystickowe <strong><a href=\"https:\/\/www.tele-radio.com\/pl\/primateq\/\">PrimaTEQ<\/a><\/strong>.<\/p>\n\n\n\n<p class=\"has-text-align-center\">Wersja standardowa obejmuje ponad 10 r\u00f3\u017cnych wariant\u00f3w nadajnik\u00f3w joystickowych, z joystickami cyfrowymi lub analogowymi. W zale\u017cno\u015bci od modelu mo\u017cliwe jest sterowanie od dwu do pi\u0119ciostopniowego lub proporcjonalne. <\/p>\n\n\n\n<p class=\"has-text-align-center\">PrimaTEQ ma szerokie zastosowanie, w szczeg\u00f3lno\u015bci jest jednak <strong>polecany do urz\u0105dze\u0144 d\u017awignicowych<\/strong>. System oferuje rozwi\u0105zania w zakresie sterowania crane-to-crane oraz wst\u0119pnie zaprogramowane ustawienia dla zastosowa\u0144 d\u017awignicowych.  <\/p>\n\n\n\n<p class=\"has-text-align-center\"> <\/p>\n<\/div>\n<\/div>\n\n\n\n<div style=\"height:60px\" aria-hidden=\"true\" class=\"wp-block-spacer\"><\/div>\n\n\n\n<p class=\"has-medium-font-size\"><strong>Odbiorniki Tele Radio<\/strong><\/p>\n\n\n\n<p>Dob\u00f3r odpowiedniego odbiornika do nadajnika zdalnego sterowania jest niezwykle wa\u017cny. W ofercie Tele Radio mo\u017cna znale\u017a\u0107 wiele odbiornik\u00f3w, kt\u00f3re s\u0105 funkcjonalne i maj\u0105 mo\u017cliwo\u015b\u0107 rozbudowy o dodatkowe modu\u0142y. Dost\u0119pne s\u0105 r\u00f3wnie\u017c modele z cyfrowymi oraz analogowymi wej\u015bciami i wyj\u015bciami, a tak\u017ce modele z wy\u015bwietlaczem.<\/p>\n\n\n\n<p>Aby system sterowania radiowego dzia\u0142a\u0142 bez zastrze\u017ce\u0144, pomo\u017cemy w wyborze odpowiedniego odbiornika. Mo\u017cemy r\u00f3wnie\u017c dostosowa\u0107 urz\u0105dzenia zdalnego sterowania, tak aby by\u0142y odpowiednie dla komunikacji CANOpen, Modbus, J1939. <\/p>\n\n\n\n<div style=\"height:91px\" aria-hidden=\"true\" class=\"wp-block-spacer\"><\/div>\n\n\n\n<div class=\"wp-block-cover\"><span aria-hidden=\"true\" class=\"wp-block-cover__background has-background-dim-40 has-background-dim\"><\/span><img loading=\"lazy\" decoding=\"async\" width=\"1600\" height=\"988\" class=\"wp-block-cover__image-background wp-image-39891\" alt=\"\" src=\"https:\/\/www.tele-radio.com\/app\/uploads\/tandem-mode-teleradio-remotes.jpg\" data-object-fit=\"cover\" srcset=\"https:\/\/www.tele-radio.com\/app\/uploads\/tandem-mode-teleradio-remotes.jpg 1600w, https:\/\/www.tele-radio.com\/app\/uploads\/tandem-mode-teleradio-remotes-400x247.jpg 400w, https:\/\/www.tele-radio.com\/app\/uploads\/tandem-mode-teleradio-remotes-768x474.jpg 768w, https:\/\/www.tele-radio.com\/app\/uploads\/tandem-mode-teleradio-remotes-1200x741.jpg 1200w, https:\/\/www.tele-radio.com\/app\/uploads\/tandem-mode-teleradio-remotes-750x463.jpg 750w, https:\/\/www.tele-radio.com\/app\/uploads\/tandem-mode-teleradio-remotes-500x309.jpg 500w, https:\/\/www.tele-radio.com\/app\/uploads\/tandem-mode-teleradio-remotes-800x494.jpg 800w\" sizes=\"auto, (max-width: 1600px) 100vw, 1600px\" \/><div class=\"wp-block-cover__inner-container is-layout-flow wp-block-cover-is-layout-flow\">\n<h3 class=\"wp-block-heading has-text-align-center has-white-color has-text-color\" style=\"font-size:25px\"><strong>Sterowanie radiowe do suwnic pracuj\u0105cych w tandemie<\/strong><\/h3>\n<\/div><\/div>\n\n\n\n<div style=\"height:50px\" aria-hidden=\"true\" class=\"wp-block-spacer\"><\/div>\n\n\n\n<p>Sterowanie tandemowe jest powszechnie stosowanym rozwi\u0105zaniem umo\u017cliwiaj\u0105cym transport wielkogabarytowych i ci\u0119\u017ckich \u0142adunk\u00f3w, kt\u00f3re musz\u0105 by\u0107 podnoszone przez wi\u0119cej ni\u017c jedn\u0105 suwnic\u0119. Haki suwnic pracuj\u0105cych w tandemie poruszaj\u0105 si\u0119 synchronicznie, w tym samym kierunku i z t\u0105 sam\u0105 pr\u0119dko\u015bci\u0105. Wa\u017cne jest wi\u0119c, by komunikacja mi\u0119dzy nimi odbywa\u0142a si\u0119 bez zak\u0142\u00f3ce\u0144, a bezpiecze\u0144stwo ca\u0142ego systemu by\u0142o zawsze zagwarantowane.  <\/p>\n\n\n\n<p>Do sterowania suwnicami pracuj\u0105cymi w tandemie mo\u017cna zastosowa\u0107 ka\u017cdy system sterowania Tele Radio spe\u0142niaj\u0105cy norm\u0119 bezpiecze\u0144stwa PLd lub wy\u017csz\u0105. <strong>Jeden nadajnik mo\u017ce zarejestrowa\u0107 si\u0119 do dw\u00f3ch odbiornik\u00f3w, co oznacza mo\u017cliwo\u015b\u0107 kontrolowania pierwszej oraz drugiej suwnicy osobno lub obu na raz w pracy tandemowej<\/strong>. Wi\u0119cej informacji w artykule <a href=\"https:\/\/dzwignice.info\/baza-wiedzy\/artykuly\/systemy-sterowania-radiowego-tele-radio-dla-suwnic-pracujacych-w-tandemie\">Systemy sterowania radiowego Tele Radio dla suwnic pracuj\u0105cych w tandemie<\/a>. <\/p>\n\n\n\n<div style=\"height:70px\" aria-hidden=\"true\" class=\"wp-block-spacer\"><\/div>\n\n\n\n<p class=\"has-medium-font-size\"><strong>Obliczanie resurs\u00f3w<\/strong><\/p>\n\n\n\n<p>Od 2018 zgodnie z przepisami Ministerstwa Przedsi\u0119biorczo\u015bci i Technologii dotycz\u0105cymi bezpiecze\u0144stwa eksploatacji UTB, wymagane jest obliczanie resurs\u00f3w, kt\u00f3re okre\u015blaj\u0105 stan techniczny maszyn i pomagaj\u0105 ustali\u0107 czy mo\u017cna z nich korzysta\u0107, czy powinny by\u0107 one wycofane z u\u017cytku.<\/p>\n\n\n\n<div style=\"height:15px\" aria-hidden=\"true\" class=\"wp-block-spacer\"><\/div>\n\n\n\n<div class=\"wp-block-media-text alignwide is-stacked-on-mobile has-background\" style=\"background-color:#ededed;grid-template-columns:37% auto\"><figure class=\"wp-block-media-text__media\"><img loading=\"lazy\" decoding=\"async\" width=\"600\" height=\"327\" src=\"https:\/\/www.tele-radio.com\/app\/uploads\/tiger-cykle.jpg\" alt=\"\" class=\"wp-image-70556 size-full\" srcset=\"https:\/\/www.tele-radio.com\/app\/uploads\/tiger-cykle.jpg 600w, https:\/\/www.tele-radio.com\/app\/uploads\/tiger-cykle-400x218.jpg 400w, https:\/\/www.tele-radio.com\/app\/uploads\/tiger-cykle-500x273.jpg 500w\" sizes=\"auto, (max-width: 600px) 100vw, 600px\" \/><\/figure><div class=\"wp-block-media-text__content\">\n<p><\/p>\n\n\n\n<p><strong>Mamy rozwi\u0105zanie!<\/strong><br>Systemy sterowania radiowego Tele Radio maj\u0105 wbudowan\u0105 mo\u017cliwo\u015b\u0107 zapisu historii eksploatacji pracy urz\u0105dzenia, bez konieczno\u015bci monta\u017cu dodatkowych rejestrator\u00f3w. <a href=\"https:\/\/www.tele-radio.com\/pl\/resurs-mamy-rozwiazanie\/\">Dowiedz si\u0119 wi\u0119cej<\/a>.<\/p>\n\n\n\n<p><\/p>\n<\/div><\/div>\n\n\n\n<div style=\"height:100px\" aria-hidden=\"true\" class=\"wp-block-spacer\"><\/div>\n\n\n\n<h2 class=\"wp-block-heading\" id=\"pomoc\">S\u0142u\u017cymy pomoc\u0105 przy wyborze odpowiedniego sterowania radiowego Tele Radio<\/h2>\n\n\n\n<p>Je\u015bli nie masz pewno\u015bci, jaki typ nadajnika lub odbiornika jest najlepszy dla Twojego zastosowania oraz chcia\u0142by\u015b om\u00f3wi\u0107 rozwi\u0105zanie, kt\u00f3re najbardziej Ci odpowiada, <strong>zapraszamy do <a href=\"https:\/\/www.tele-radio.com\/pl\/kontakt\/\">kontaktu<\/a> mailowego lub telefonicznego. <\/strong> <\/p>\n\n\n\n<div style=\"height:51px\" aria-hidden=\"true\" class=\"wp-block-spacer\"><\/div>\n\n\n\n<div class=\"wp-block-columns is-layout-flex wp-container-core-columns-is-layout-9d6595d7 wp-block-columns-is-layout-flex\">\n<div class=\"wp-block-column is-layout-flow wp-block-column-is-layout-flow\"><div class=\"wp-block-image is-style-default\">\n<figure class=\"aligncenter size-full is-resized\"><img loading=\"lazy\" decoding=\"async\" src=\"https:\/\/www.tele-radio.com\/app\/uploads\/reparar-control-remoto-espana-teleradio-2.png\" alt=\"Tele control manufacturers\" class=\"wp-image-151175\" width=\"50\" height=\"50\"\/><\/figure><\/div>\n\n\n<p class=\"has-text-align-center\" style=\"font-size:22px\"><strong>Jeste\u015bmy producentem<\/strong><\/p>\n\n\n\n<p class=\"has-text-align-center\">Tele Radio to szwedzki producent sterowa\u0144 radiowych. <strong>Polska filia<\/strong> ma siedzib\u0119 w Kielcach.<\/p>\n<\/div>\n\n\n\n<div class=\"wp-block-column is-layout-flow wp-block-column-is-layout-flow\"><div class=\"wp-block-image\">\n<figure class=\"aligncenter size-full is-resized\"><img loading=\"lazy\" decoding=\"async\" src=\"https:\/\/www.tele-radio.com\/app\/uploads\/maps-and-flags.webp\" alt=\"\" class=\"wp-image-84266\" width=\"48\" height=\"48\"\/><\/figure><\/div>\n\n\n<p class=\"has-text-align-center\" style=\"font-size:22px\"><strong>Posiadamy<\/strong> <strong>w\u0142asny magazyn<\/strong><\/p>\n\n\n\n<p class=\"has-text-align-center\">Realizacja zam\u00f3wie\u0144 nawet w <strong>1-2 dni robocze<\/strong>. Urz\u0105dzenia z dwuletni\u0105 gwarancj\u0105.<\/p>\n<\/div>\n\n\n\n<div class=\"wp-block-column is-layout-flow wp-block-column-is-layout-flow\"><div class=\"wp-block-image\">\n<figure class=\"aligncenter size-thumbnail is-resized\"><img loading=\"lazy\" decoding=\"async\" src=\"https:\/\/www.tele-radio.com\/app\/uploads\/add-friend-150x150.png\" alt=\"\" class=\"wp-image-156207\" width=\"50\" height=\"50\" srcset=\"https:\/\/www.tele-radio.com\/app\/uploads\/add-friend-150x150.png 150w, https:\/\/www.tele-radio.com\/app\/uploads\/add-friend-400x400.png 400w, https:\/\/www.tele-radio.com\/app\/uploads\/add-friend-250x250.png 250w, https:\/\/www.tele-radio.com\/app\/uploads\/add-friend-500x500.png 500w, https:\/\/www.tele-radio.com\/app\/uploads\/add-friend.png 512w\" sizes=\"auto, (max-width: 50px) 100vw, 50px\" \/><\/figure><\/div>\n\n\n<p class=\"has-text-align-center\" style=\"font-size:22px\"><strong>Zapewniamy wsparcie lokalne<\/strong><\/p>\n\n\n\n<p class=\"has-text-align-center\">Pomoc techniczna i wsparcie. Wi\u0119kszo\u015b\u0107 napraw w ci\u0105gu 24-48 h.<\/p>\n<\/div>\n<\/div>\n\n\n\n<div style=\"height:100px\" aria-hidden=\"true\" class=\"wp-block-spacer\"><\/div>\n\n\n\n<div class=\"wp-block-buttons is-content-justification-center is-layout-flex wp-container-core-buttons-is-layout-16018d1d wp-block-buttons-is-layout-flex\">\n<div class=\"wp-block-button\"><a class=\"wp-block-button__link has-black-color has-luminous-vivid-amber-background-color has-text-color has-background wp-element-button\" href=\"https:\/\/www.tele-radio.com\/pl\/kontakt\/\" style=\"border-radius:10px\"><strong>Kontakt<\/strong><\/a><\/div>\n<\/div>\n\n\n\n<div style=\"height:48px\" aria-hidden=\"true\" class=\"wp-block-spacer\"><\/div>\n\n\n<div class=\"wp-block-image\">\n<figure class=\"aligncenter size-medium\"><img loading=\"lazy\" decoding=\"async\" width=\"400\" height=\"205\" src=\"https:\/\/www.tele-radio.com\/app\/uploads\/Assortiment_2019_zonder_spiegeling_en_schaduw-removebg-400x205.png\" alt=\"\" class=\"wp-image-141133\" srcset=\"https:\/\/www.tele-radio.com\/app\/uploads\/Assortiment_2019_zonder_spiegeling_en_schaduw-removebg-400x205.png 400w, https:\/\/www.tele-radio.com\/app\/uploads\/Assortiment_2019_zonder_spiegeling_en_schaduw-removebg-500x256.png 500w, https:\/\/www.tele-radio.com\/app\/uploads\/Assortiment_2019_zonder_spiegeling_en_schaduw-removebg.png 698w\" sizes=\"auto, (max-width: 400px) 100vw, 400px\" \/><\/figure><\/div>\n\n\n<div style=\"height:100px\" aria-hidden=\"true\" class=\"wp-block-spacer\"><\/div>\n\n\n\n<p><\/p>\n","protected":false},"excerpt":{"rendered":"<p>URZ\u0104DZENIA D\u0179WIGNICOWE Systemy sterowania radiowego Tele Radio do suwnic i urz\u0105dze\u0144 d\u017awignicowych Wyboru w\u0142a\u015bciwego sterowania radiowego do danego zastosowania najlepiej dokona\u0107 w porozumieniu z pracownikami Tele Radio. Dostarczamy r\u00f3\u017cne nadajniki o specyficznych cechach. Podczas dobierania systemu sterowania trzeba wzi\u0105\u0107 pod uwag\u0119 takie kwestie jak mi\u0119dzy innymi poziom bezpiecze\u0144stwa oraz wielko\u015b\u0107 i funkcjonalno\u015b\u0107 nadajnika sterowania radiowego. [&hellip;]<\/p>\n","protected":false},"author":87,"featured_media":0,"parent":67465,"menu_order":0,"comment_status":"closed","ping_status":"closed","template":"","meta":{"_acf_changed":false,"footnotes":""},"class_list":["post-68968","page","type-page","status-publish","hentry"],"acf":[],"_links":{"self":[{"href":"https:\/\/www.tele-radio.com\/pl\/wp-json\/wp\/v2\/pages\/68968","targetHints":{"allow":["GET"]}}],"collection":[{"href":"https:\/\/www.tele-radio.com\/pl\/wp-json\/wp\/v2\/pages"}],"about":[{"href":"https:\/\/www.tele-radio.com\/pl\/wp-json\/wp\/v2\/types\/page"}],"author":[{"embeddable":true,"href":"https:\/\/www.tele-radio.com\/pl\/wp-json\/wp\/v2\/users\/87"}],"replies":[{"embeddable":true,"href":"https:\/\/www.tele-radio.com\/pl\/wp-json\/wp\/v2\/comments?post=68968"}],"version-history":[{"count":221,"href":"https:\/\/www.tele-radio.com\/pl\/wp-json\/wp\/v2\/pages\/68968\/revisions"}],"predecessor-version":[{"id":163369,"href":"https:\/\/www.tele-radio.com\/pl\/wp-json\/wp\/v2\/pages\/68968\/revisions\/163369"}],"up":[{"embeddable":true,"href":"https:\/\/www.tele-radio.com\/pl\/wp-json\/wp\/v2\/pages\/67465"}],"wp:attachment":[{"href":"https:\/\/www.tele-radio.com\/pl\/wp-json\/wp\/v2\/media?parent=68968"}],"curies":[{"name":"wp","href":"https:\/\/api.w.org\/{rel}","templated":true}]}}