{"id":6568,"date":"2018-05-13T20:05:40","date_gmt":"2018-05-13T20:05:40","guid":{"rendered":"https:\/\/www.tele-radio.com\/munck-cranes-a-s\/"},"modified":"2023-05-15T11:04:40","modified_gmt":"2023-05-15T11:04:40","slug":"munck-cranes-a-s","status":"publish","type":"page","link":"https:\/\/www.tele-radio.com\/pl\/munck-cranes-a-s\/","title":{"rendered":"Munck Cranes A\/S"},"content":{"rendered":"<h1>Munck Cranes A\/S<\/h1>\n<p class=\"p1\">Firma Munck Cranes to producent suwnic z siedzib\u0105 w Bergen w Norwegii. Firma zosta\u0142a za\u0142o\u017cona w 1924 roku przez Sverre Muncka i rozpocz\u0119\u0142a swoj\u0105 dzia\u0142alno\u015b\u0107 jako firma handlowa sprzedaj\u0105ca schody ruchome, windy i wci\u0105gniki linowe. Firma Munck by\u0142a pionierem w norweskim przemy\u015ble eksportowym. Pierwszy eksportowy wci\u0105gnik firmy Munck zosta\u0142 wys\u0142any do Szwecji w 1948 r., a w tym samym roku r\u00f3wnie\u017c do Anglii. Od tego czasu eksport na wiele rynk\u00f3w zagranicznych szybko si\u0119 rozwija\u0142.<\/p>\n<h2>\u015awiatowy dostawca<\/h2>\n<p class=\"p1\">P\u00f3\u017aniej, w latach 50. i 60. ubieg\u0142ego wieku, powsta\u0142y sp\u00f3\u0142ki zale\u017cne w Stanach Zjednoczonych, Kanadzie, Wielkiej Brytanii, Szwecji, Brazylii i Belgii. Ponadto w innych cz\u0119\u015bciach \u015bwiata powsta\u0142a sie\u0107 agent\u00f3w. Do dzi\u015b forma Munck bardzo \u015bci\u015ble wsp\u00f3\u0142pracuje z wieloma z tych firm, chocia\u017c s\u0105 one zarz\u0105dzane przez lokalnych w\u0142a\u015bcicieli. Obecnie Munck Cranes dostarcza swoje produkty na ca\u0142y \u015bwiat, a sama norweska fabryka dostarcza 750 suwnic rocznie. Kiedy jednak dodamy do tego inne lokalizacje firmy Munck, liczba ta wzrasta do ponad 1000 suwnic.<\/p>\n<h2>Pierwsze suwnice sterowane radiowo<\/h2>\n<p class=\"p1\">Firma Munck by\u0142a pierwszym producentem suwnic, kt\u00f3ry zrezygnowa\u0142 ze standardowego sterowania kablowego i zast\u0105pi\u0142 je pilotem. Je\u015bli potrzebne by\u0142o sterowanie kablowe, trzeba by\u0142o zakupi\u0107 je oddzielnie. Rezygnacja ze sterowania kablowego by\u0142a niespotykana w bran\u017cy i wywo\u0142a\u0142a fal\u0119 krytyki ze strony konkurencji. Patrz\u0105c wstecz, nie mo\u017cna zaprzeczy\u0107, \u017ce dzi\u0119ki swoim odwa\u017cnym dzia\u0142aniom firma Munck by\u0142a pionierem post\u0119pu technicznego w dziedzinie bezprzewodowo sterowanych suwnic i d\u017awig\u00f3w.<\/p>\n\n\n<blockquote class=\"wp-block-quote is-style-large is-layout-flow wp-block-quote-is-layout-flow\"><p><em>Korzystamy z us\u0142ug Tele Radio ze wzgl\u0119du na znakomit\u0105 obs\u0142ug\u0119 i organizacj\u0119 wsparcia, co jest bardzo wa\u017cne dla nas i naszej firmy.<\/em><\/p><cite><br>Rune Wab\u00f8, dyrektor zarz\u0105dzaj\u0105cy w firmie Munck Cranes<\/cite><\/blockquote>\n\n\n\n<div style=\"height:100px\" aria-hidden=\"true\" class=\"wp-block-spacer\"><\/div>\n","protected":false},"excerpt":{"rendered":"<p>Munck Cranes A\/S Firma Munck Cranes to producent suwnic z siedzib\u0105 w Bergen w Norwegii. Firma zosta\u0142a za\u0142o\u017cona w 1924 roku przez Sverre Muncka i rozpocz\u0119\u0142a swoj\u0105 dzia\u0142alno\u015b\u0107 jako firma handlowa sprzedaj\u0105ca schody ruchome, windy i wci\u0105gniki linowe. Firma Munck by\u0142a pionierem w norweskim przemy\u015ble eksportowym. Pierwszy eksportowy wci\u0105gnik firmy Munck zosta\u0142 wys\u0142any do Szwecji [&hellip;]<\/p>\n","protected":false},"author":87,"featured_media":9721,"parent":0,"menu_order":0,"comment_status":"closed","ping_status":"closed","template":"","meta":{"_acf_changed":false,"footnotes":""},"class_list":["post-6568","page","type-page","status-publish","has-post-thumbnail","hentry"],"acf":[],"_links":{"self":[{"href":"https:\/\/www.tele-radio.com\/pl\/wp-json\/wp\/v2\/pages\/6568","targetHints":{"allow":["GET"]}}],"collection":[{"href":"https:\/\/www.tele-radio.com\/pl\/wp-json\/wp\/v2\/pages"}],"about":[{"href":"https:\/\/www.tele-radio.com\/pl\/wp-json\/wp\/v2\/types\/page"}],"author":[{"embeddable":true,"href":"https:\/\/www.tele-radio.com\/pl\/wp-json\/wp\/v2\/users\/87"}],"replies":[{"embeddable":true,"href":"https:\/\/www.tele-radio.com\/pl\/wp-json\/wp\/v2\/comments?post=6568"}],"version-history":[{"count":11,"href":"https:\/\/www.tele-radio.com\/pl\/wp-json\/wp\/v2\/pages\/6568\/revisions"}],"predecessor-version":[{"id":104124,"href":"https:\/\/www.tele-radio.com\/pl\/wp-json\/wp\/v2\/pages\/6568\/revisions\/104124"}],"wp:featuredmedia":[{"embeddable":true,"href":"https:\/\/www.tele-radio.com\/pl\/wp-json\/wp\/v2\/media\/9721"}],"wp:attachment":[{"href":"https:\/\/www.tele-radio.com\/pl\/wp-json\/wp\/v2\/media?parent=6568"}],"curies":[{"name":"wp","href":"https:\/\/api.w.org\/{rel}","templated":true}]}}