{"id":6544,"date":"2018-05-14T06:12:23","date_gmt":"2018-05-14T06:12:23","guid":{"rendered":"https:\/\/www.tele-radio.com\/thames-reinforcements-ltd\/"},"modified":"2023-05-15T11:57:21","modified_gmt":"2023-05-15T11:57:21","slug":"thames-reinforcements-ltd","status":"publish","type":"page","link":"https:\/\/www.tele-radio.com\/pl\/thames-reinforcements-ltd\/","title":{"rendered":"Thames Reinforcements Ltd"},"content":{"rendered":"<h1>Thames Reinforcements Ltd<\/h1>\n<p class=\"p1\">Thames Reinforcements Ltd to fabryka w Sheerness, w hrabstwie Kent, kt\u00f3ra zajmuje si\u0119 produkcj\u0105 stalowych pr\u0119t\u00f3w zbrojeniowych. Zdolno\u015bci produkcyjne fabryki si\u0119gaj\u0105 1500 ton ci\u0119tego i gi\u0119tego zbrojenia stalowego zatwierdzonego przez CARES tygodniowo.<\/p>\n<h2>Prze\u015bciganie konkurencji<\/h2>\n<p class=\"p1\">Pocz\u0105tkowo firma Thames korzysta\u0142a ze sterowania radiowego konkurencji, ale szybko si\u0119 przekona\u0142a, \u017ce surowe warunki przy produkcji stali s\u0105 bardzo wymagaj\u0105ce dla nadajnik\u00f3w. Nadajniki by\u0142y w\u00f3wczas sprawne jedynie przez miesi\u0105c wi\u0119c zacz\u0119to szuka\u0107 zamiennika. Wyb\u00f3r pad\u0142 na Tele Radio i system sterowania Tiger zainstalowany w suwnicach. Zdecydowano si\u0119 na nadajnik TG-T9-1, a ze wzgl\u0119du na 24-godzinn\u0105 prac\u0119 zmianow\u0105 zastosowano dwa nadajniki dla ka\u017cdej suwnicy. W sumie w fabryce s\u0105 trzy suwnice, z kt\u00f3rych ka\u017cda jest wyposa\u017cona w system Tele Radio Tiger.<\/p>\n<p class=\"p1\">Po roku pracy przez 24 godziny na dob\u0119 tylko dwa nadajniki wymaga\u0142y wymiany. Suwnice wymieniono i przeniesiono do zak\u0142adu w Nottingham, gdzie systemy sterowania nadal dzia\u0142aj\u0105 bez zarzutu. W zak\u0142adzie w Kent zainstalowano nowe suwnice Demag, kt\u00f3re by\u0142y wyposa\u017cone w fabryczne sterowanie radiowe. Ju\u017c po miesi\u0105cu pracy zepsu\u0142 si\u0119 pierwszy nadajnik, co sk\u0142oni\u0142o Tomasza Fr\u0105czka, kierownika ds. konserwacji, do skontaktowania si\u0119 z firm\u0105 Tele Radio w celu wymiany urz\u0105dze\u0144 steruj\u0105cych Demag na sterowanie od Tele Radio.<\/p>\n\n\n<blockquote class=\"wp-block-quote is-style-large is-layout-flow wp-block-quote-is-layout-flow\"><p><em>Nadajniki Tele Radio wytrzymuj\u0105 wiele mechanicznych obci\u0105\u017ce\u0144 i nie ulegaj\u0105 przy tym uszkodzeniom, a czas pracy akumulatora jest imponuj\u0105cy<\/em><\/p><cite><br>Tomasz Fr\u0105czek, kierownik ds. konserwacji w firmie Thames Reinforcements Ltd.<\/cite><\/blockquote>\n\n\n\n<p><\/p>\n\n\n\n<p>Tym razem Tele Radio zainstalowa\u0142o rozwi\u0105zanie Panther z wymienialnymi \u0142adowalnymi akumulatorami, kt\u00f3re pomagaj\u0105 w nieprzerwanej pracy. Nadajniki mog\u0105 pracowa\u0107 przez ponad 100 godzin, a do takiego wyniku nikt si\u0119 jeszcze nie zbli\u017cy\u0142. Systemy sterowania Tele Radio dzia\u0142aj\u0105 bezawaryjnie ju\u017c od trzech miesi\u0119cy.<\/p>\n\n\n\n<div style=\"height:100px\" aria-hidden=\"true\" class=\"wp-block-spacer\"><\/div>\n","protected":false},"excerpt":{"rendered":"<p>Thames Reinforcements Ltd Thames Reinforcements Ltd to fabryka w Sheerness, w hrabstwie Kent, kt\u00f3ra zajmuje si\u0119 produkcj\u0105 stalowych pr\u0119t\u00f3w zbrojeniowych. Zdolno\u015bci produkcyjne fabryki si\u0119gaj\u0105 1500 ton ci\u0119tego i gi\u0119tego zbrojenia stalowego zatwierdzonego przez CARES tygodniowo. Prze\u015bciganie konkurencji Pocz\u0105tkowo firma Thames korzysta\u0142a ze sterowania radiowego konkurencji, ale szybko si\u0119 przekona\u0142a, \u017ce surowe warunki przy produkcji stali [&hellip;]<\/p>\n","protected":false},"author":87,"featured_media":9757,"parent":0,"menu_order":0,"comment_status":"closed","ping_status":"closed","template":"","meta":{"_acf_changed":false,"footnotes":""},"class_list":["post-6544","page","type-page","status-publish","has-post-thumbnail","hentry"],"acf":[],"_links":{"self":[{"href":"https:\/\/www.tele-radio.com\/pl\/wp-json\/wp\/v2\/pages\/6544","targetHints":{"allow":["GET"]}}],"collection":[{"href":"https:\/\/www.tele-radio.com\/pl\/wp-json\/wp\/v2\/pages"}],"about":[{"href":"https:\/\/www.tele-radio.com\/pl\/wp-json\/wp\/v2\/types\/page"}],"author":[{"embeddable":true,"href":"https:\/\/www.tele-radio.com\/pl\/wp-json\/wp\/v2\/users\/87"}],"replies":[{"embeddable":true,"href":"https:\/\/www.tele-radio.com\/pl\/wp-json\/wp\/v2\/comments?post=6544"}],"version-history":[{"count":12,"href":"https:\/\/www.tele-radio.com\/pl\/wp-json\/wp\/v2\/pages\/6544\/revisions"}],"predecessor-version":[{"id":104120,"href":"https:\/\/www.tele-radio.com\/pl\/wp-json\/wp\/v2\/pages\/6544\/revisions\/104120"}],"wp:featuredmedia":[{"embeddable":true,"href":"https:\/\/www.tele-radio.com\/pl\/wp-json\/wp\/v2\/media\/9757"}],"wp:attachment":[{"href":"https:\/\/www.tele-radio.com\/pl\/wp-json\/wp\/v2\/media?parent=6544"}],"curies":[{"name":"wp","href":"https:\/\/api.w.org\/{rel}","templated":true}]}}