{"id":6520,"date":"2018-05-14T06:20:21","date_gmt":"2018-05-14T06:20:21","guid":{"rendered":"https:\/\/www.tele-radio.com\/easy-silage\/"},"modified":"2023-05-15T10:54:09","modified_gmt":"2023-05-15T10:54:09","slug":"easy-silage","status":"publish","type":"page","link":"https:\/\/www.tele-radio.com\/pl\/easy-silage\/","title":{"rendered":"Easy Silage BV"},"content":{"rendered":"<h1>Zaciskowy system os\u0142ony silosu<\/h1>\n<p class=\"p1\">Firma Easy Silage BV specjalizuje si\u0119 w pokrywaniu silos\u00f3w zaciskowych. Siedziba firmy znajduje si\u0119 w Dearsum w centrum prowincji Fryzja, znanej jako mleczna prowincja Holandii.<\/p>\n<h2>Idealne dopasowanie<\/h2>\n<p class=\"p1\">Systemy Easy Silage s\u0105 odpowiednie do silos\u00f3w zaciskowych o d\u0142ugo\u015bci do 100 metr\u00f3w i szeroko\u015bci do 25 metr\u00f3w. Obs\u0142uga jest zdalnie sterowana za pomoc\u0105 systemu sterowania radiowego Panther firmy Tele Radio. Poniewa\u017c wszystkie gospodarstwa rolne r\u00f3\u017cni\u0105 si\u0119 od siebie sposobem dzia\u0142ania, systemy przykrycia s\u0105 wykonywane wed\u0142ug indywidualnych specyfikacji. System sk\u0142ada si\u0119 z trzech element\u00f3w: systemu szyn, systemu wci\u0105garek i systemu portali.<\/p>\n<h2>Elastyczny system<\/h2>\n<p class=\"p1\">Systemy szyn i wci\u0105garek pasuj\u0105 do niemal ka\u017cdego istniej\u0105cego silosu. Maszyna z mechanizmem rolkowym porusza si\u0119 wzd\u0142u\u017c kana\u0142u. Jednostka odbieraj\u0105ca jest montowana do \u015bciany silosu za pomoc\u0105 specjalnych wspornik\u00f3w. System wci\u0105garki mo\u017ce by\u0107 stosowany do wielu silos\u00f3w dzi\u0119ki specjalnie zaprojektowanemu punktowi styku. Korzystaj\u0105c z ci\u0105gnika lub \u0142adowarki teleskopowej, operator mo\u017ce z \u0142atwo\u015bci\u0105 przemieszcza\u0107 maszyn\u0119 zakrywaj\u0105c\u0105 z jednego silosu do drugiego.<\/p>\n<h2>Wymiana sta\u0142ego panelu sterowania<\/h2>\n<p class=\"p1\">Klient zrezygnowa\u0142 ze sta\u0142ych element\u00f3w steruj\u0105cych na rzecz zdalnego sterowania, poniewa\u017c zapewnia ono operatorowi lepszy widok operacji, kt\u00f3ry w przeciwnym razie by\u0142by cz\u0119\u015bciowo zas\u0142oni\u0119ty z miejsca, w kt\u00f3rym zamontowano oryginalne elementy steruj\u0105ce. Firma Tele Radio BV spodziewa si\u0119 dostarcza\u0107 Easy Silage BV co najmniej 40 system\u00f3w rocznie.<\/p>\n\n\n<div style=\"height:100px\" aria-hidden=\"true\" class=\"wp-block-spacer\"><\/div>\n","protected":false},"excerpt":{"rendered":"<p>Zaciskowy system os\u0142ony silosu Firma Easy Silage BV specjalizuje si\u0119 w pokrywaniu silos\u00f3w zaciskowych. Siedziba firmy znajduje si\u0119 w Dearsum w centrum prowincji Fryzja, znanej jako mleczna prowincja Holandii. Idealne dopasowanie Systemy Easy Silage s\u0105 odpowiednie do silos\u00f3w zaciskowych o d\u0142ugo\u015bci do 100 metr\u00f3w i szeroko\u015bci do 25 metr\u00f3w. Obs\u0142uga jest zdalnie sterowana za pomoc\u0105 [&hellip;]<\/p>\n","protected":false},"author":87,"featured_media":9793,"parent":0,"menu_order":0,"comment_status":"closed","ping_status":"closed","template":"","meta":{"_acf_changed":false,"footnotes":""},"class_list":["post-6520","page","type-page","status-publish","has-post-thumbnail","hentry"],"acf":[],"_links":{"self":[{"href":"https:\/\/www.tele-radio.com\/pl\/wp-json\/wp\/v2\/pages\/6520","targetHints":{"allow":["GET"]}}],"collection":[{"href":"https:\/\/www.tele-radio.com\/pl\/wp-json\/wp\/v2\/pages"}],"about":[{"href":"https:\/\/www.tele-radio.com\/pl\/wp-json\/wp\/v2\/types\/page"}],"author":[{"embeddable":true,"href":"https:\/\/www.tele-radio.com\/pl\/wp-json\/wp\/v2\/users\/87"}],"replies":[{"embeddable":true,"href":"https:\/\/www.tele-radio.com\/pl\/wp-json\/wp\/v2\/comments?post=6520"}],"version-history":[{"count":10,"href":"https:\/\/www.tele-radio.com\/pl\/wp-json\/wp\/v2\/pages\/6520\/revisions"}],"predecessor-version":[{"id":103698,"href":"https:\/\/www.tele-radio.com\/pl\/wp-json\/wp\/v2\/pages\/6520\/revisions\/103698"}],"wp:featuredmedia":[{"embeddable":true,"href":"https:\/\/www.tele-radio.com\/pl\/wp-json\/wp\/v2\/media\/9793"}],"wp:attachment":[{"href":"https:\/\/www.tele-radio.com\/pl\/wp-json\/wp\/v2\/media?parent=6520"}],"curies":[{"name":"wp","href":"https:\/\/api.w.org\/{rel}","templated":true}]}}