{"id":6496,"date":"2018-05-14T09:08:21","date_gmt":"2018-05-14T09:08:21","guid":{"rendered":"https:\/\/www.tele-radio.com\/euro-prima-doo\/"},"modified":"2023-05-15T10:54:17","modified_gmt":"2023-05-15T10:54:17","slug":"euro-prima-doo","status":"publish","type":"page","link":"https:\/\/www.tele-radio.com\/pl\/euro-prima-doo\/","title":{"rendered":"Euro Prima doo"},"content":{"rendered":"<h1>Specjalista ds. uprawy zi\u00f3\u0142<\/h1>\n<p class=\"p1\">Firma Euro Prima to serbski dostawca maszyn do zbioru ro\u015blin leczniczych i zi\u00f3\u0142, takich jak rozmaryn, mi\u0119ta, trawa cytrynowa, pietruszka i wiele innych. Firma ma siedzib\u0119 w Nowym Sadzie w Serbii, a jej klienci znajduj\u0105 si\u0119 w pi\u0119\u0107dziesi\u0119ciu krajach na ca\u0142ym \u015bwiecie.<\/p>\n<h2>Wygodniejsza praca dzi\u0119ki sterowaniu Tele Radio<\/h2>\n<p class=\"p1\">Zdj\u0119cie powy\u017cej przedstawia Harvester-Mower NB 2005 V, kt\u00f3ry jest urz\u0105dzeniem do zbioru rumianku, mi\u0119ty i innych zi\u00f3\u0142. Porusza si\u0119 on nad ro\u015blinami, zawieszony w powietrzu przez ci\u0105gnik, oddzielaj\u0105c kwiaty od \u0142odygi i pozostawiaj\u0105c wi\u0119ksz\u0105 cz\u0119\u015b\u0107 ro\u015bliny w stanie nienaruszonym. Firma i jej klienci do\u015bwiadczali problem\u00f3w i niedogodno\u015bci zwi\u0105zanych z regulacj\u0105 pracy za pomoc\u0105 przewodowych element\u00f3w steruj\u0105cych. Dzi\u0119ki zastosowaniu systemu zdalnego sterowania Tele Radio operator mo\u017ce \u0142atwo sterowa\u0107 kombajnem, nie musz\u0105c przy tym opuszcza\u0107 klimatyzowanej kabiny ci\u0105gnika podczas pracy na gor\u0105cych polach uprawnych.<\/p>\n<p class=\"p1\">Do tej konkretnej aplikacji klient zakupi\u0142 system sterowania Tele Radio Tiger sk\u0142adaj\u0105cy si\u0119 z nadajnika TG-T9-1 i odbiornika TG-R4-1. Konfiguracja zapewnia wykorzystanie blokad grup przeka\u017anik\u00f3w, kt\u00f3re wy\u0142\u0105czaj\u0105 jedn\u0105 funkcj\u0119, uruchamiaj\u0105c jednocze\u015bnie inn\u0105. Rozwi\u0105zanie to sprawi\u0142o, \u017ce klienci byli zadowoleni, a dla firmy by\u0142o ono bardzo \u0142atwe do zainstalowania.<\/p>\n\n\n<div style=\"height:50px\" aria-hidden=\"true\" class=\"wp-block-spacer\"><\/div>\n","protected":false},"excerpt":{"rendered":"<p>Specjalista ds. uprawy zi\u00f3\u0142 Firma Euro Prima to serbski dostawca maszyn do zbioru ro\u015blin leczniczych i zi\u00f3\u0142, takich jak rozmaryn, mi\u0119ta, trawa cytrynowa, pietruszka i wiele innych. Firma ma siedzib\u0119 w Nowym Sadzie w Serbii, a jej klienci znajduj\u0105 si\u0119 w pi\u0119\u0107dziesi\u0119ciu krajach na ca\u0142ym \u015bwiecie. Wygodniejsza praca dzi\u0119ki sterowaniu Tele Radio Zdj\u0119cie powy\u017cej przedstawia [&hellip;]<\/p>\n","protected":false},"author":87,"featured_media":9829,"parent":0,"menu_order":0,"comment_status":"closed","ping_status":"closed","template":"","meta":{"_acf_changed":false,"footnotes":""},"class_list":["post-6496","page","type-page","status-publish","has-post-thumbnail","hentry"],"acf":[],"_links":{"self":[{"href":"https:\/\/www.tele-radio.com\/pl\/wp-json\/wp\/v2\/pages\/6496","targetHints":{"allow":["GET"]}}],"collection":[{"href":"https:\/\/www.tele-radio.com\/pl\/wp-json\/wp\/v2\/pages"}],"about":[{"href":"https:\/\/www.tele-radio.com\/pl\/wp-json\/wp\/v2\/types\/page"}],"author":[{"embeddable":true,"href":"https:\/\/www.tele-radio.com\/pl\/wp-json\/wp\/v2\/users\/87"}],"replies":[{"embeddable":true,"href":"https:\/\/www.tele-radio.com\/pl\/wp-json\/wp\/v2\/comments?post=6496"}],"version-history":[{"count":11,"href":"https:\/\/www.tele-radio.com\/pl\/wp-json\/wp\/v2\/pages\/6496\/revisions"}],"predecessor-version":[{"id":103678,"href":"https:\/\/www.tele-radio.com\/pl\/wp-json\/wp\/v2\/pages\/6496\/revisions\/103678"}],"wp:featuredmedia":[{"embeddable":true,"href":"https:\/\/www.tele-radio.com\/pl\/wp-json\/wp\/v2\/media\/9829"}],"wp:attachment":[{"href":"https:\/\/www.tele-radio.com\/pl\/wp-json\/wp\/v2\/media?parent=6496"}],"curies":[{"name":"wp","href":"https:\/\/api.w.org\/{rel}","templated":true}]}}