{"id":6370,"date":"2018-05-10T13:37:03","date_gmt":"2018-05-10T13:37:03","guid":{"rendered":"https:\/\/www.tele-radio.com\/iso-certifications\/"},"modified":"2024-05-20T11:16:18","modified_gmt":"2024-05-20T11:16:18","slug":"certyfikaty-iso","status":"publish","type":"page","link":"https:\/\/www.tele-radio.com\/pl\/certyfikaty-iso\/","title":{"rendered":"Certyfikaty ISO"},"content":{"rendered":"<h1>Tele Radio to firma posiadaj\u0105ca certyfikat ISO<\/h1>\n<p>G\u0142\u00f3wna firma &#8211; Tele Radio AB &#8211; jest certyfikowana zgodnie z systemem zarz\u0105dzania jako\u015bci\u0105 ISO 9001 i systemem zarz\u0105dzania \u015brodowiskowego ISO 14001. Oznacza to, \u017ce mo\u017cesz zaufa\u0107 naszym zdolno\u015bciom i wiedzy, kt\u00f3re wykorzystujemy podczas pracy. Nieustannie pracujemy, aby unikn\u0105\u0107 powtarzania b\u0142\u0119d\u00f3w, \u00a0u\u017cywamy jak najbardziej przyjaznych dla \u015brodowiska komponent\u00f3w i najlepszych dost\u0119pnych \u015brodk\u00f3w transportu, zar\u00f3wno w podr\u00f3\u017cy s\u0142u\u017cbowej, jak i w procesach biznesowych przy przewozie towar\u00f3w.\u00a0<\/p>\n<p>Z dum\u0105 informujemy, \u017ce firma Tele Radio Polska Sp. z o. o., kt\u00f3ra jest polskim oddzia\u0142em i cz\u0119\u015bci\u0105 grupy Tele Radio, uzyska\u0142a certyfikat ISO 9001 (przedstawiony poni\u017cej).<\/p>\n\n\n<h2 class=\"wp-block-heading\">ISO9001<\/h2>\n\n\n\n<p>Najwa\u017cniejszymi elementami certyfikacji ISO 9001 dla system\u00f3w zarz\u0105dzania s\u0105: jako\u015b\u0107, odpowiedzialno\u015b\u0107, zasoby, rozw\u00f3j produktu i pomiar, analiza i doskonalenie.<\/p>\n\n\n<a href=\"https:\/\/www.tele-radio.com\/app\/uploads\/TELE-RADIO-POLSKA-J2015-C2024-polska.pdf\" class=\"pdfemb-viewer\" style=\"\" data-width=\"max\" data-height=\"max\" data-toolbar=\"bottom\" data-toolbar-fixed=\"off\">TELE-RADIO-POLSKA-J2015-C2024-polska<\/a>\n<p class=\"wp-block-pdfemb-pdf-embedder-viewer\"><\/p>\n\n\n\n<h2 class=\"wp-block-heading\">ISO14001<\/h2>\n\n\n\n<p>ISO 14001 wymaga, aby\u015bmy wzi\u0119li na siebie odpowiedzialno\u015b\u0107 za zapobieganie zanieczyszczeniom, a nasze kierownictwo firmy ponosi pe\u0142n\u0105 odpowiedzialno\u015b\u0107 za wdro\u017cenie poprawy w tym kierunku. W naszych dzia\u0142ach badawczo-rozwojowych postawili\u015bmy sobie za cel, aby nasze produkty spe\u0142nia\u0142y standardy REACH i RoHS. REACH to rozporz\u0105dzenie Unii Europejskiej, przyj\u0119te w celu poprawy ochrony zdrowia ludzkiego i \u015brodowiska przed zagro\u017ceniami jakie mog\u0105 stwarza\u0107 chemikalia, przy jednoczesnym zwi\u0119kszeniu konkurencyjno\u015bci przemys\u0142u chemicznego UE.<\/p>\n\n\n<a href=\"https:\/\/www.tele-radio.com\/app\/uploads\/Allgon-AB-Certificate-SE009777-14001-2024-1.pdf\" class=\"pdfemb-viewer\" style=\"\" data-width=\"max\" data-height=\"max\" data-toolbar=\"bottom\" data-toolbar-fixed=\"off\">Allgon-AB-Certificate-SE009777-14001-2024-1<\/a>\n<p class=\"wp-block-pdfemb-pdf-embedder-viewer\"><\/p>\n\n\n\n<p>Dyrektywa w sprawie ogranicze\u0144 w zakresie substancji niebezpiecznych 2002\/95 \/ WE, w skr\u00f3cie RoHs, opisuje ograniczenie stosowania niekt\u00f3rych niebezpiecznych substancji w sprz\u0119cie elektrycznym i elektronicznym.<\/p>\n","protected":false},"excerpt":{"rendered":"<p>Tele Radio to firma posiadaj\u0105ca certyfikat ISO G\u0142\u00f3wna firma &#8211; Tele Radio AB &#8211; jest certyfikowana zgodnie z systemem zarz\u0105dzania jako\u015bci\u0105 ISO 9001 i systemem zarz\u0105dzania \u015brodowiskowego ISO 14001. Oznacza to, \u017ce mo\u017cesz zaufa\u0107 naszym zdolno\u015bciom i wiedzy, kt\u00f3re wykorzystujemy podczas pracy. Nieustannie pracujemy, aby unikn\u0105\u0107 powtarzania b\u0142\u0119d\u00f3w, \u00a0u\u017cywamy jak najbardziej przyjaznych dla \u015brodowiska komponent\u00f3w [&hellip;]<\/p>\n","protected":false},"author":87,"featured_media":9685,"parent":0,"menu_order":0,"comment_status":"closed","ping_status":"closed","template":"","meta":{"_acf_changed":false,"footnotes":""},"class_list":["post-6370","page","type-page","status-publish","has-post-thumbnail","hentry"],"acf":[],"_links":{"self":[{"href":"https:\/\/www.tele-radio.com\/pl\/wp-json\/wp\/v2\/pages\/6370","targetHints":{"allow":["GET"]}}],"collection":[{"href":"https:\/\/www.tele-radio.com\/pl\/wp-json\/wp\/v2\/pages"}],"about":[{"href":"https:\/\/www.tele-radio.com\/pl\/wp-json\/wp\/v2\/types\/page"}],"author":[{"embeddable":true,"href":"https:\/\/www.tele-radio.com\/pl\/wp-json\/wp\/v2\/users\/87"}],"replies":[{"embeddable":true,"href":"https:\/\/www.tele-radio.com\/pl\/wp-json\/wp\/v2\/comments?post=6370"}],"version-history":[{"count":8,"href":"https:\/\/www.tele-radio.com\/pl\/wp-json\/wp\/v2\/pages\/6370\/revisions"}],"predecessor-version":[{"id":218626,"href":"https:\/\/www.tele-radio.com\/pl\/wp-json\/wp\/v2\/pages\/6370\/revisions\/218626"}],"wp:featuredmedia":[{"embeddable":true,"href":"https:\/\/www.tele-radio.com\/pl\/wp-json\/wp\/v2\/media\/9685"}],"wp:attachment":[{"href":"https:\/\/www.tele-radio.com\/pl\/wp-json\/wp\/v2\/media?parent=6370"}],"curies":[{"name":"wp","href":"https:\/\/api.w.org\/{rel}","templated":true}]}}