{"id":6351,"date":"2018-05-10T13:36:49","date_gmt":"2018-05-10T13:36:49","guid":{"rendered":"https:\/\/www.tele-radio.com\/specialized-production\/"},"modified":"2023-05-15T11:30:53","modified_gmt":"2023-05-15T11:30:53","slug":"produkty-niestandardowe","status":"publish","type":"page","link":"https:\/\/www.tele-radio.com\/pl\/produkty-niestandardowe\/","title":{"rendered":"Produkty niestandardowe"},"content":{"rendered":"\n<h1 class=\"wp-block-heading\">Niestandardowe systemy sterowania radiowego<\/h1>\n\n\n\n<p>Tele Radio posiada najwi\u0119kszy wyb\u00f3r nadajnik\u00f3w sterowania radiowego na rynku. Je\u015bli jednak \u017caden z naszych produkt\u00f3w nie pasuje do Twojej aplikacji, <strong>mo\u017cemy dostosowa\u0107 nadajnik<\/strong> zgodnie z wytycznymi. <\/p>\n\n\n\n<div class=\"wp-block-image\"><figure class=\"aligncenter\"><img loading=\"lazy\" decoding=\"async\" width=\"1200\" height=\"499\" src=\"https:\/\/www.tele-radio.com\/app\/uploads\/custom_remotes_from_Tele_Radio.jpg\" alt=\"Custom remote control being milled | Tele Radio\" class=\"wp-image-6293\" srcset=\"https:\/\/www.tele-radio.com\/app\/uploads\/custom_remotes_from_Tele_Radio.jpg 1200w, https:\/\/www.tele-radio.com\/app\/uploads\/custom_remotes_from_Tele_Radio-400x166.jpg 400w, https:\/\/www.tele-radio.com\/app\/uploads\/custom_remotes_from_Tele_Radio-768x319.jpg 768w, https:\/\/www.tele-radio.com\/app\/uploads\/custom_remotes_from_Tele_Radio-750x312.jpg 750w, https:\/\/www.tele-radio.com\/app\/uploads\/custom_remotes_from_Tele_Radio-500x208.jpg 500w, https:\/\/www.tele-radio.com\/app\/uploads\/custom_remotes_from_Tele_Radio-800x333.jpg 800w\" sizes=\"auto, (max-width: 1200px) 100vw, 1200px\" \/><\/figure><\/div>\n\n\n\n<p>W Tele Radio uwa\u017camy, \u017ce produkt powinien by\u0107 dostosowany do klienta, a nie odwrotnie. Jeste\u015bmy \u015bwiadomi tego, \u017ce potrzeby naszych klient\u00f3w s\u0105 cz\u0119sto unikatowe, a standardowy produkt nie zaspokoi wszystkich potrzeb. Dlatego te\u017c oferujemy niestandardowe rozwi\u0105zania polegaj\u0105ce na dostosowaniu sprz\u0119tu i oprogramowania oraz mo\u017cliwo\u015b\u0107 spersonalizowania swojego nadajnika poprzez zaprojektowanie folii (specjalnej ochronnej naklejki na nadajnik) zgodnej z wizerunkiem firmy. Bez wzgl\u0119du na to, czego potrzebujesz, do\u0142o\u017cymy wszelkich stara\u0144, aby znale\u017a\u0107 praktyczne i najbardziej op\u0142acalne rozwi\u0105zanie. <\/p>\n\n\n\n<h2 class=\"wp-block-heading\">Dostosowanie oprogramowania i\/lub sprz\u0119tu<\/h2>\n\n\n\n<p>Z\u0142o\u017cono\u015b\u0107 projekt\u00f3w mo\u017ce si\u0119 znacznie r\u00f3\u017cni\u0107. Najprostsze i najszybsze dostosowanie systemu sterowania polega na wprowadzeniu zmian w oprogramowaniu. Takie rozwi\u0105zanie mo\u017ce by\u0107 ju\u017c gotowe w ci\u0105gu kilku dni i stanowi wi\u0119kszo\u015b\u0107 projekt\u00f3w tworzonych &#8220;pod klienta&#8221;. <\/p>\n\n\n\n<p>Je\u015bli jednak dana aplikacja wymaga wi\u0119kszych modyfikacji sprz\u0119tu, istnieje mo\u017cliwo\u015b\u0107 zmiany nie tylko oprogramowania, ale r\u00f3wnie\u017c dostosowania m.in. element\u00f3w steruj\u0105cych (najcz\u0119\u015bciej dotyczy to nadajnik\u00f3w joystickowych) oraz sposobu wy\u015bwietlania informacji zwrotnych na wy\u015bwietlaczu. Takie projekty s\u0105 wykonywane w podobny spos\u00f3b, trwaj\u0105 jednak d\u0142u\u017cej i mog\u0105 wymaga\u0107 sprawdzenia poprawno\u015bci dzia\u0142ania systemu sterowania radiowego. W tym celu \u015bci\u015ble wsp\u00f3\u0142pracujemy z klientem, testujemy sterowanie i s\u0142u\u017cymy pomoc\u0105 techniczn\u0105.  <\/p>\n\n\n\n<h2 class=\"wp-block-heading\">Sterowanie radiowe Tele Radio VersaTEQ i SupraTEQ<\/h2>\n\n\n\n<p>Systemy sterowania radiowego Tele Radio z serii TEQ Line wyr\u00f3\u017cniaj\u0105 si\u0119 swoj\u0105 modu\u0142ow\u0105 budow\u0105, dzi\u0119ki czemu nadajniki mog\u0105 by\u0107 skonstruowane dok\u0142adnie tak, jak za\u017cyczy sobie klient. Mo\u017cliwe jest dostosowanie rozmiaru, wygl\u0105du wy\u015bwietlacza oraz wyboru rodzaju i liczby przycisk\u00f3w, joystick\u00f3w, joystick\u00f3w \u0142opatkowych, potencjometr\u00f3w i innych element\u00f3w potrzebnych do obs\u0142ugi danej maszyny lub urz\u0105dzenia. <a href=\"https:\/\/www.tele-radio.com\/pl\/versateq\/\">Tele Radio VersaTEQ<\/a> i <a href=\"https:\/\/www.tele-radio.com\/pl\/suprateq\/\">Tele Radio SupraTEQ<\/a> dostosowuj\u0105 si\u0119 do wi\u0119kszo\u015bci zastosowa\u0144 &#8211; dost\u0119pne s\u0105 w wersji podstawowej (Basic Line) oraz niestandardowej \/ tworzonej na zam\u00f3wienie (Custom Line). <\/p>\n\n\n\n<div style=\"height:15px\" aria-hidden=\"true\" class=\"wp-block-spacer\"><\/div>\n\n\n\n<figure class=\"wp-block-gallery has-nested-images columns-default is-cropped wp-block-gallery-1 is-layout-flex wp-block-gallery-is-layout-flex\">\n<figure class=\"wp-block-image size-large\"><img loading=\"lazy\" decoding=\"async\" width=\"583\" height=\"418\" data-id=\"104708\" src=\"https:\/\/www.tele-radio.com\/app\/uploads\/FM_PH_PU_0037.2-e1655129239663.png\" alt=\"\" class=\"wp-image-104708\" srcset=\"https:\/\/www.tele-radio.com\/app\/uploads\/FM_PH_PU_0037.2-e1655129239663.png 583w, https:\/\/www.tele-radio.com\/app\/uploads\/FM_PH_PU_0037.2-e1655129239663-400x287.png 400w, https:\/\/www.tele-radio.com\/app\/uploads\/FM_PH_PU_0037.2-e1655129239663-500x358.png 500w\" sizes=\"auto, (max-width: 583px) 100vw, 583px\" \/><\/figure>\n\n\n\n<figure class=\"wp-block-image size-large\"><img loading=\"lazy\" decoding=\"async\" width=\"750\" height=\"563\" data-id=\"104731\" src=\"https:\/\/www.tele-radio.com\/app\/uploads\/PM_PM_HY-T24_0007.2.png\" alt=\"\" class=\"wp-image-104731\" srcset=\"https:\/\/www.tele-radio.com\/app\/uploads\/PM_PM_HY-T24_0007.2.png 750w, https:\/\/www.tele-radio.com\/app\/uploads\/PM_PM_HY-T24_0007.2-400x300.png 400w, https:\/\/www.tele-radio.com\/app\/uploads\/PM_PM_HY-T24_0007.2-500x375.png 500w\" sizes=\"auto, (max-width: 750px) 100vw, 750px\" \/><\/figure>\n\n\n\n<figure class=\"wp-block-image size-large\"><img loading=\"lazy\" decoding=\"async\" width=\"750\" height=\"495\" data-id=\"104754\" src=\"https:\/\/www.tele-radio.com\/app\/uploads\/image004.jpeg\" alt=\"\" class=\"wp-image-104754\" srcset=\"https:\/\/www.tele-radio.com\/app\/uploads\/image004.jpeg 750w, https:\/\/www.tele-radio.com\/app\/uploads\/image004-400x264.jpeg 400w, https:\/\/www.tele-radio.com\/app\/uploads\/image004-500x330.jpeg 500w\" sizes=\"auto, (max-width: 750px) 100vw, 750px\" \/><\/figure>\n<\/figure>\n\n\n\n<div style=\"height:25px\" aria-hidden=\"true\" class=\"wp-block-spacer\"><\/div>\n\n\n\n<h2 class=\"wp-block-heading\">Dostosowanie wygl\u0105du nadajnika<\/h2>\n\n\n\n<p>Dla wszystkich naszych nadajnik\u00f3w i odbiornik\u00f3w mo\u017cemy zapewni\u0107 folie niestandardowe, kt\u00f3re nie tylko chroni\u0105 nadajnik i pozwalaj\u0105 na bezpieczne u\u017cytkowanie, ale r\u00f3wnie\u017c przyczyniaj\u0105 si\u0119 do rozpoznawalno\u015bci Twojej firmy. Wykonane s\u0105 one z&nbsp;wysokiej jako\u015bci materia\u0142u przemys\u0142owego (3M). Na folii mo\u017ce znale\u017a\u0107 si\u0119 Twoje firmowe logo, kolory, ikonki, tekst i inne elementy identyfikuj\u0105ce Twoj\u0105 mark\u0119. <a href=\"https:\/\/www.tele-radio.com\/pl\/folie-niestandardowe\/\">Dowiedz si\u0119 wi\u0119cej o foliach niestandardowych.<\/a><\/p>\n\n\n\n<div style=\"height:15px\" aria-hidden=\"true\" class=\"wp-block-spacer\"><\/div>\n\n\n\n<p class=\"has-text-align-center\" style=\"font-size:30px\"><strong>Potrzebujesz wi\u0119cej informacji?<\/strong><\/p>\n\n\n\n<div class=\"wp-block-buttons is-horizontal is-content-justification-center is-layout-flex wp-container-core-buttons-is-layout-499968f5 wp-block-buttons-is-layout-flex\">\n<div class=\"wp-block-button has-custom-font-size\" style=\"font-size:25px\"><a class=\"wp-block-button__link has-black-color has-luminous-vivid-amber-background-color has-text-color has-background\" href=\"https:\/\/www.tele-radio.com\/pl\/kontakt\/\" style=\"border-radius:10px\"> Skontaktuj si\u0119 z nami!<\/a><\/div>\n<\/div>\n\n\n\n<div style=\"height:100px\" aria-hidden=\"true\" class=\"wp-block-spacer\"><\/div>\n","protected":false},"excerpt":{"rendered":"<p>Niestandardowe systemy sterowania radiowego Tele Radio posiada najwi\u0119kszy wyb\u00f3r nadajnik\u00f3w sterowania radiowego na rynku. Je\u015bli jednak \u017caden z naszych produkt\u00f3w nie pasuje do Twojej aplikacji, mo\u017cemy dostosowa\u0107 nadajnik zgodnie z wytycznymi. W Tele Radio uwa\u017camy, \u017ce produkt powinien by\u0107 dostosowany do klienta, a nie odwrotnie. Jeste\u015bmy \u015bwiadomi tego, \u017ce potrzeby naszych klient\u00f3w s\u0105 cz\u0119sto unikatowe, [&hellip;]<\/p>\n","protected":false},"author":87,"featured_media":21951,"parent":0,"menu_order":0,"comment_status":"closed","ping_status":"closed","template":"","meta":{"_acf_changed":false,"footnotes":""},"class_list":["post-6351","page","type-page","status-publish","has-post-thumbnail","hentry"],"acf":[],"_links":{"self":[{"href":"https:\/\/www.tele-radio.com\/pl\/wp-json\/wp\/v2\/pages\/6351","targetHints":{"allow":["GET"]}}],"collection":[{"href":"https:\/\/www.tele-radio.com\/pl\/wp-json\/wp\/v2\/pages"}],"about":[{"href":"https:\/\/www.tele-radio.com\/pl\/wp-json\/wp\/v2\/types\/page"}],"author":[{"embeddable":true,"href":"https:\/\/www.tele-radio.com\/pl\/wp-json\/wp\/v2\/users\/87"}],"replies":[{"embeddable":true,"href":"https:\/\/www.tele-radio.com\/pl\/wp-json\/wp\/v2\/comments?post=6351"}],"version-history":[{"count":8,"href":"https:\/\/www.tele-radio.com\/pl\/wp-json\/wp\/v2\/pages\/6351\/revisions"}],"predecessor-version":[{"id":142949,"href":"https:\/\/www.tele-radio.com\/pl\/wp-json\/wp\/v2\/pages\/6351\/revisions\/142949"}],"wp:featuredmedia":[{"embeddable":true,"href":"https:\/\/www.tele-radio.com\/pl\/wp-json\/wp\/v2\/media\/21951"}],"wp:attachment":[{"href":"https:\/\/www.tele-radio.com\/pl\/wp-json\/wp\/v2\/media?parent=6351"}],"curies":[{"name":"wp","href":"https:\/\/api.w.org\/{rel}","templated":true}]}}