{"id":6332,"date":"2018-05-10T13:36:29","date_gmt":"2018-05-10T13:36:29","guid":{"rendered":"https:\/\/www.tele-radio.com\/why-remote-control\/"},"modified":"2023-05-15T11:51:14","modified_gmt":"2023-05-15T11:51:14","slug":"sterowanie-radiowe","status":"publish","type":"page","link":"https:\/\/www.tele-radio.com\/pl\/sterowanie-radiowe\/","title":{"rendered":"Sterowanie radiowe"},"content":{"rendered":"\n<h1 class=\"wp-block-heading\">Dlaczego sterowanie radiowe to dobry wyb\u00f3r?<\/h1>\n\n\n\n<p>W Tele Radio chcemy zapewnia\u0107 rozwi\u0105zania sterowania radiowego wykraczaj\u0105ce poza potrzeby naszych klient\u00f3w. Nasze produkty pomagaj\u0105 zdalnie sterowa\u0107 r\u00f3\u017cnymi aplikacjami <strong>skutecznie, \u0142atwo i bezpiecznie<\/strong>. <\/p>\n\n\n\n<div style=\"height:6px\" aria-hidden=\"true\" class=\"wp-block-spacer\"><\/div>\n\n\n\n<div class=\"wp-block-cover\"><img loading=\"lazy\" decoding=\"async\" width=\"1600\" height=\"625\" class=\"wp-block-cover__image-background wp-image-51634\" alt=\"\" src=\"https:\/\/www.tele-radio.com\/app\/uploads\/Webbanner_DESK_1600_x_625_72dpi-1-2.png\" data-object-fit=\"cover\" srcset=\"https:\/\/www.tele-radio.com\/app\/uploads\/Webbanner_DESK_1600_x_625_72dpi-1-2.png 1600w, https:\/\/www.tele-radio.com\/app\/uploads\/Webbanner_DESK_1600_x_625_72dpi-1-2-400x156.png 400w, https:\/\/www.tele-radio.com\/app\/uploads\/Webbanner_DESK_1600_x_625_72dpi-1-2-1200x469.png 1200w, https:\/\/www.tele-radio.com\/app\/uploads\/Webbanner_DESK_1600_x_625_72dpi-1-2-768x300.png 768w, https:\/\/www.tele-radio.com\/app\/uploads\/Webbanner_DESK_1600_x_625_72dpi-1-2-1536x600.png 1536w, https:\/\/www.tele-radio.com\/app\/uploads\/Webbanner_DESK_1600_x_625_72dpi-1-2-750x293.png 750w, https:\/\/www.tele-radio.com\/app\/uploads\/Webbanner_DESK_1600_x_625_72dpi-1-2-500x195.png 500w, https:\/\/www.tele-radio.com\/app\/uploads\/Webbanner_DESK_1600_x_625_72dpi-1-2-800x313.png 800w\" sizes=\"auto, (max-width: 1600px) 100vw, 1600px\" \/><div class=\"wp-block-cover__inner-container is-layout-flow wp-block-cover-is-layout-flow\">\n<p class=\"has-text-align-center has-large-font-size\"><\/p>\n<\/div><\/div>\n\n\n\n<div style=\"height:40px\" aria-hidden=\"true\" class=\"wp-block-spacer\"><\/div>\n\n\n\n<p>Bezprzewodowe sterowanie jest cz\u0119stym wyborem ze wzgl\u0119du na wygod\u0119 i komfort jego u\u017cytkowania. Umo\u017cliwia operatorowi obs\u0142ug\u0119 z najbardziej odpowiedniego miejsca i nie ogranicza go tak, jak w przypadku panelu sterowania lub przewodowego pilota steruj\u0105cego. Brak przewodu, kt\u00f3ry jest podatny na uszkodzenia i mo\u017ce przeszkadza\u0107 w pracy, pozwala zminimalizowa\u0107 ryzyko potkni\u0119cia si\u0119. Poza tym, zniszczone przewody powoduj\u0105 cz\u0119sto przestoje w pracy i, co za tym idzie, niepo\u017c\u0105dane koszta. Nasze systemy sterowania pozwalaj\u0105 tego unikn\u0105\u0107 i zapewniaj\u0105 maksymaln\u0105 swobod\u0119 ruch\u00f3w oraz mo\u017cliwo\u015b\u0107 zatrzymania awaryjnego w ka\u017cdym momencie. <\/p>\n\n\n\n<h2 class=\"wp-block-heading\">Swoboda dzia\u0142ania i spok\u00f3j ducha<\/h2>\n\n\n\n<p>Bezprzewodowy pilot przemys\u0142owy zapewnia pe\u0142n\u0105 swobod\u0119 ruchu podczas obs\u0142ugi prasy, niszczarki do drewna, pompy wysokoci\u015bnieniowej lub urz\u0105dze\u0144 d\u017awigowych, poniewa\u017c przycisk awaryjnego zatrzymania jest zawsze w zasi\u0119gu r\u0119ki. Bezprzewodowy pilot zdalnego sterowania w znacznym stopniu przyczynia si\u0119 do ograniczenia ryzyka w miejscu pracy. Firma Tele Radio zwraca szczeg\u00f3ln\u0105 uwag\u0119 na kwestie zwi\u0105zane z zapewnieniem bezpiecze\u0144stwa. Nasze systemy sterowania s\u0105 certyfikowane zgodnie z najwy\u017cszymi standardami bran\u017cowymi, aby mie\u0107 pewno\u015b\u0107, \u017ce wszystko b\u0119dzie dzia\u0142a\u0107 poprawnie nawet w najtrudniejszych warunkach. <\/p>\n\n\n\n<p>Systemy o najwy\u017cszych wymaganiach bezpiecze\u0144stwa s\u0105 certyfikowane zgodnie z norm\u0105 ISO 13849-1 CAT3 PLd \/ PLe SIL3 dla funkcji STOP. W takich systemach w odbiorniku znajduj\u0105 si\u0119 dwa przeka\u017aniki stop, kt\u00f3re s\u0105 monitorowane przez dwa niezale\u017cne mikroprocesory bezpiecze\u0144stwa pracuj\u0105ce r\u00f3wnolegle i wzajemnie si\u0119 monitoruj\u0105ce. Ponadto przeka\u017aniki stop s\u0105 zwykle po\u0142\u0105czone szeregowo, aby u\u017cytkownik m\u00f3g\u0142 zachowa\u0107 kontrol\u0119 nad maszyn\u0105. Pojedyncza usterka nie prowadzi do utraty funkcji bezpiecze\u0144stwa, dlatego w przypadku awarii jednego z nich maszyna zostanie bezpiecznie zatrzymana.    <\/p>\n\n\n\n<h2 class=\"wp-block-heading\">Bezpieczniejsze ni\u017c sterowanie kablowe<\/h2>\n\n\n\n<p>Nasze nadajniki zdalnego sterowania maj\u0105 wiele zalet w por\u00f3wnaniu z tradycyjnym sterowaniem przewodowym i s\u0105 bezpieczne, je\u015bli u\u017cywa si\u0119 ich we w\u0142a\u015bciwy spos\u00f3b. Niekt\u00f3re nadajniki Tele Radio posiadaj\u0105 regulowany zasi\u0119g dzia\u0142ania (&#8220;donut range&#8221;) &#8211; istnieje mo\u017cliwo\u015b\u0107 ustawienia minimalnego i maksymalnego zasi\u0119gu oraz uruchomienie maszyny z okre\u015blonej odleg\u0142o\u015bci. W przypadku rozwi\u0105zania przewodowego taka funkcjonalno\u015b\u0107 jest trudna, a nawet niemo\u017cliwa do zrealizowania. Nasze nadajniki wyposa\u017cone s\u0105 w wiele zabezpiecze\u0144, kt\u00f3re chroni\u0105 m.in. przed nieupowa\u017cnionym u\u017cyciem i zapewniaj\u0105 wysokiej jako\u015bci po\u0142\u0105czenie z odbiornikiem. Sama procedura uruchamiania mo\u017ce by\u0107 zabezpieczona kodem PIN i\/lub czytnikiem zbli\u017ceniowym.  <\/p>\n\n\n\n<div class=\"wp-block-media-text alignwide is-stacked-on-mobile is-vertically-aligned-center\" style=\"grid-template-columns:21% auto\"><figure class=\"wp-block-media-text__media\"><img loading=\"lazy\" decoding=\"async\" width=\"800\" height=\"800\" src=\"https:\/\/www.tele-radio.com\/app\/uploads\/Certified.jpg\" alt=\"certifierat\" class=\"wp-image-9685 size-full\" srcset=\"https:\/\/www.tele-radio.com\/app\/uploads\/Certified.jpg 800w, https:\/\/www.tele-radio.com\/app\/uploads\/Certified-150x150.jpg 150w, https:\/\/www.tele-radio.com\/app\/uploads\/Certified-400x400.jpg 400w, https:\/\/www.tele-radio.com\/app\/uploads\/Certified-768x768.jpg 768w, https:\/\/www.tele-radio.com\/app\/uploads\/Certified-250x250.jpg 250w, https:\/\/www.tele-radio.com\/app\/uploads\/Certified-750x750.jpg 750w, https:\/\/www.tele-radio.com\/app\/uploads\/Certified-500x500.jpg 500w\" sizes=\"auto, (max-width: 800px) 100vw, 800px\" \/><\/figure><div class=\"wp-block-media-text__content\">\n<p><meta charset=\"utf-8\"><\/p>\n\n\n\n<h2 class=\"wp-block-heading\">Niezale\u017cne testy i certyfikacja<\/h2>\n\n\n\n<p>Dostawcy maszyn i komponent\u00f3w w 95% przypadk\u00f3w sami przeprowadzaj\u0105 kontrole pod k\u0105tem obowi\u0105zkowego oznakowania CE. Producent bierze w ten spos\u00f3b pe\u0142n\u0105 odpowiedzialno\u015b\u0107 za produkt i deklaruje, \u017ce jest on bezpieczny w u\u017cyciu. Jednak to, w jakim stopniu testy i analizy zosta\u0142y w rzeczywisto\u015bci przeprowadzone, nadal pozostaje dla u\u017cytkownika niejasne. W Tele Radio jeste\u015bmy \u015bwiadomi tego, \u017ce nasze nadajniki i odbiorniki u\u017cywane s\u0105 w wymagaj\u0105cych warunkach. Aby zagwarantowa\u0107 bezpiecze\u0144stwo na najwy\u017cszym poziomie, wiele naszych produkt\u00f3w zosta\u0142o niezale\u017cnie certyfikowanych przez uznane jednostki notyfikowane, co jest dodatkowym zapewnieniem jako\u015bci. W ka\u017cdej chwili mo\u017cemy przedstawi\u0107 odpowiednie certyfikaty. Jako u\u017cytkownik masz 100% pewno\u015bci, \u017ce nasze produkty s\u0105 w pe\u0142ni bezpieczne. <\/p>\n<\/div><\/div>\n\n\n\n<div style=\"height:100px\" aria-hidden=\"true\" class=\"wp-block-spacer\"><\/div>\n","protected":false},"excerpt":{"rendered":"<p>Dlaczego sterowanie radiowe to dobry wyb\u00f3r? W Tele Radio chcemy zapewnia\u0107 rozwi\u0105zania sterowania radiowego wykraczaj\u0105ce poza potrzeby naszych klient\u00f3w. Nasze produkty pomagaj\u0105 zdalnie sterowa\u0107 r\u00f3\u017cnymi aplikacjami skutecznie, \u0142atwo i bezpiecznie. Bezprzewodowe sterowanie jest cz\u0119stym wyborem ze wzgl\u0119du na wygod\u0119 i komfort jego u\u017cytkowania. Umo\u017cliwia operatorowi obs\u0142ug\u0119 z najbardziej odpowiedniego miejsca i nie ogranicza go tak, [&hellip;]<\/p>\n","protected":false},"author":87,"featured_media":52899,"parent":0,"menu_order":0,"comment_status":"closed","ping_status":"closed","template":"","meta":{"_acf_changed":false,"footnotes":""},"class_list":["post-6332","page","type-page","status-publish","has-post-thumbnail","hentry"],"acf":[],"_links":{"self":[{"href":"https:\/\/www.tele-radio.com\/pl\/wp-json\/wp\/v2\/pages\/6332","targetHints":{"allow":["GET"]}}],"collection":[{"href":"https:\/\/www.tele-radio.com\/pl\/wp-json\/wp\/v2\/pages"}],"about":[{"href":"https:\/\/www.tele-radio.com\/pl\/wp-json\/wp\/v2\/types\/page"}],"author":[{"embeddable":true,"href":"https:\/\/www.tele-radio.com\/pl\/wp-json\/wp\/v2\/users\/87"}],"replies":[{"embeddable":true,"href":"https:\/\/www.tele-radio.com\/pl\/wp-json\/wp\/v2\/comments?post=6332"}],"version-history":[{"count":10,"href":"https:\/\/www.tele-radio.com\/pl\/wp-json\/wp\/v2\/pages\/6332\/revisions"}],"predecessor-version":[{"id":104856,"href":"https:\/\/www.tele-radio.com\/pl\/wp-json\/wp\/v2\/pages\/6332\/revisions\/104856"}],"wp:featuredmedia":[{"embeddable":true,"href":"https:\/\/www.tele-radio.com\/pl\/wp-json\/wp\/v2\/media\/52899"}],"wp:attachment":[{"href":"https:\/\/www.tele-radio.com\/pl\/wp-json\/wp\/v2\/media?parent=6332"}],"curies":[{"name":"wp","href":"https:\/\/api.w.org\/{rel}","templated":true}]}}