{"id":5711,"date":"2018-05-04T14:47:03","date_gmt":"2018-05-04T14:47:03","guid":{"rendered":"https:\/\/www.tele-radio.com\/about-us\/"},"modified":"2022-06-15T11:25:12","modified_gmt":"2022-06-15T11:25:12","slug":"about-us","status":"publish","type":"page","link":"https:\/\/www.tele-radio.com\/pl\/about-us\/","title":{"rendered":"Firma"},"content":{"rendered":"\n<h1 class=\"wp-block-heading\">Tele Radio opracowuje systemy zdalnego sterowania radiowego od ponad 65 lat<\/h1>\n\n\n\n<p>Tele Radio opracowuje, produkuje i sprzedaje wysokiej jako\u015bci i bezpieczne systemy sterowania radiowego do zastosowa\u0144 przemys\u0142owych i innych. Firma zosta\u0142a za\u0142o\u017cona w Szwecji w 1955 roku i od tego czasu rozwin\u0119\u0142a si\u0119 w rozbudowan\u0105 grup\u0119 Tele Radio Group, nabieraj\u0105c charakteru globalnego. G\u0142owna siedziba firmy znajduje si\u0119 w Askim, niedaleko G\u00f6teborga, w Szwecji, a kilka sp\u00f3\u0142ek zale\u017cnych dzia\u0142a w Europie, USA, Australii i Azji. Opr\u00f3cz sp\u00f3\u0142ek zale\u017cnych wsp\u00f3\u0142pracujemy tak\u017ce z naszymi dealerami i partnerami na ca\u0142ym \u015bwiecie.    <\/p>\n\n\n\n<figure class=\"wp-block-image size-large\"><img loading=\"lazy\" decoding=\"async\" width=\"1200\" height=\"233\" src=\"https:\/\/www.tele-radio.com\/app\/uploads\/\/Web_image_1600_x310_px-1200x233.jpg\" alt=\"\" class=\"wp-image-27222\" srcset=\"https:\/\/www.tele-radio.com\/app\/uploads\/Web_image_1600_x310_px-1200x233.jpg 1200w, https:\/\/www.tele-radio.com\/app\/uploads\/Web_image_1600_x310_px-400x78.jpg 400w, https:\/\/www.tele-radio.com\/app\/uploads\/Web_image_1600_x310_px-768x149.jpg 768w, https:\/\/www.tele-radio.com\/app\/uploads\/Web_image_1600_x310_px-750x145.jpg 750w, https:\/\/www.tele-radio.com\/app\/uploads\/Web_image_1600_x310_px-500x97.jpg 500w, https:\/\/www.tele-radio.com\/app\/uploads\/Web_image_1600_x310_px.jpg 1600w, https:\/\/www.tele-radio.com\/app\/uploads\/Web_image_1600_x310_px-800x155.jpg 800w\" sizes=\"auto, (max-width: 1200px) 100vw, 1200px\" \/><\/figure>\n\n\n\n<div style=\"height:25px\" aria-hidden=\"true\" class=\"wp-block-spacer\"><\/div>\n\n\n\n<h2 class=\"wp-block-heading\">Prowadzimy w\u0142asne prace badawczo-rozwojowe<\/h2>\n\n\n\n<p>Prowadzimy w\u0142asne badania, by m\u00f3c si\u0119 rozwija\u0107. Dzi\u0119ki ponad sze\u015b\u0107dziesi\u0119cioletniemu do\u015bwiadczeniu posiadamy solidn\u0105 wiedz\u0119 i do\u015bwiadczenie w zakresie system\u00f3w sterowania radiowego. Nasz\u0105 misj\u0105 jest dostarczanie kompleksowych rozwi\u0105za\u0144 produktowych, technologii i us\u0142ug w dziedzinie bezprzewodowego sterowania urz\u0105dzeniami oraz komunikacji maszynowej, gdzie niezawodno\u015b\u0107 i zapewnienie bezpiecze\u0144stwa s\u0105 kluczowe. Osi\u0105gamy te cele dzi\u0119ki temu, \u017ce wszyscy nasi pracownicy s\u0105 cz\u0119\u015bci\u0105 procesu i bior\u0105 odpowiedzialno\u015b\u0107 za swoje obszary pracy. Naszym najwa\u017cniejszym celem jest dostarczanie rozwi\u0105za\u0144, kt\u00f3re zwi\u0119ksz\u0105 warto\u015b\u0107 Twojej firmy, a jednocze\u015bnie zapewni\u0105 Ci nienaganne wsparcie, gdy b\u0119dziesz go potrzebowa\u0142.  <\/p>\n\n\n\n<div style=\"height:30px\" aria-hidden=\"true\" class=\"wp-block-spacer\"><\/div>\n\n\n\n<blockquote class=\"wp-block-quote is-style-large is-layout-flow wp-block-quote-is-layout-flow\"><p><em>Korzystamy z us\u0142ug Tele Radio ze wzgl\u0119du na znakomit\u0105 obs\u0142ug\u0119 i organizacj\u0119 wsparcia, co jest bardzo wa\u017cne dla nas i naszej firmy.<\/em><br><\/p><cite>Rune Wab\u00f8, dyrektor zarz\u0105dzaj\u0105cy w firmie Munck Cranes<\/cite><\/blockquote>\n\n\n\n<div style=\"height:40px\" aria-hidden=\"true\" class=\"wp-block-spacer\"><\/div>\n\n\n\n<p>Oferujemy szeroki wyb\u00f3r produkt\u00f3w, od ma\u0142ych pilot\u00f3w po du\u017ce nadajniki z joystickami. Je\u015bli produkt nie pasuje od razu do danego zastosowania, dostosowujemy si\u0119 do niego, a nie na odwr\u00f3t jak to zazwyczaj bywa w tej bran\u017cy. Chcemy zaoferowa\u0107 naszym klientom co\u015b, co poprawi spos\u00f3b, w jaki pracuj\u0105. Wierzymy r\u00f3wnie\u017c w budowanie z nimi d\u0142ugoterminowych relacji, kt\u00f3re wykraczaj\u0105 poza sprzeda\u017c. Pragniemy, by nasze produkty stanowi\u0142y warto\u015b\u0107 dodan\u0105 do Twojego dnia pracy.    <\/p>\n\n\n\n<h2 class=\"wp-block-heading\">Bezpieczne sterowanie radiowe<\/h2>\n\n\n\n<p>Bezpiecze\u0144stwo jest dla nas kluczowe &#8211; jako filia szwedzkiej firmy dbamy o globalne podej\u015bcie do kwestii bezpiecze\u0144stwa. Dok\u0142adamy wszelkich stara\u0144, aby nasze produkty by\u0142y jak najbardziej bezpieczne i spe\u0142nia\u0142y najwy\u017csze mo\u017cliwe standardy bezpiecze\u0144stwa. Posiadamy wszystkie potrzebne certyfikaty, kt\u00f3re mog\u0105 to potwierdzi\u0107. <\/p>\n\n\n\n<p>Systemy zdalnego sterowania radiowego Tele Radio s\u0105 nie tylko bezpieczne, ale r\u00f3wnie\u017c solidne, niezawodne i trwa\u0142e. Wiemy, \u017ce nasze nadajniki s\u0105 rzucane, upuszczane, a czasami nawet l\u0105duj\u0105 pod ko\u0142ami r\u00f3\u017cnych pojazd\u00f3w podczas codziennego u\u017cytkowania &#8211; to wszystko wzi\u0119li\u015bmy pod uwag\u0119 przy ich projektowaniu. Zosta\u0142y przecie\u017c wyprodukowane, aby nimi pracowa\u0107, nawet w trudnych warunkach. <\/p>\n\n\n\n<div style=\"height:30px\" aria-hidden=\"true\" class=\"wp-block-spacer\"><\/div>\n\n\n\n<blockquote class=\"wp-block-quote is-style-large is-layout-flow wp-block-quote-is-layout-flow\"><p><em>Nadajniki Tele Radio wytrzymuj\u0105 wiele mechanicznych obci\u0105\u017ce\u0144 i nie ulegaj\u0105 przy tym uszkodzeniom, a czas pracy akumulatora jest imponuj\u0105cy.<\/em><\/p><p><\/p><cite>Tomasz Fr\u0105czek, kierownik ds. konserwacji w firmie Thames Reinforcements Ltd.<\/cite><\/blockquote>\n\n\n\n<div style=\"height:40px\" aria-hidden=\"true\" class=\"wp-block-spacer\"><\/div>\n\n\n\n<h2 class=\"wp-block-heading\">Dbamy o \u015brodowisko<\/h2>\n\n\n\n<p>Do wytwarzania produkt\u00f3w wykorzystujemy zasoby naszej planety. Globalny klimat i dobrobyt planety s\u0105 przedmiotem naszej troski i traktujemy te wyzwania bardzo powa\u017cnie. Dlatego posiadamy certyfikat ISO 14001. Wymaga on zapobiegania zanieczyszczeniom i wzi\u0119ciu pe\u0142nej odpowiedzialno\u015bci za popraw\u0119 sytuacji z roku na rok przez nasz zarz\u0105d. <\/p>\n\n\n\n<p>Staramy si\u0119 zmniejszy\u0107 emisj\u0119 dwutlenku w\u0119gla poprzez sprawniejszy transport. Ograniczamy u\u017cycie szkodliwych substancji chemicznych i pierwiastk\u00f3w przy produkcji naszych produkt\u00f3w. Chcemy chroni\u0107 zar\u00f3wno naszych klient\u00f3w, jak i \u015brodowisko.   <\/p>\n\n\n\n<p>Co roku przekazujemy r\u00f3wnie\u017c pieni\u0105dze na rzecz WWF, aby chroni\u0107 tygrysa zagro\u017conego wygini\u0119ciem. Tygrys odgrywa wa\u017cn\u0105 rol\u0119 w naszym marketingu i jest nazw\u0105 jednego z naszych system\u00f3w sterowania.<\/p>\n\n\n\n<p><\/p>\n\n\n\n<p>Przeczytaj o tym, jakie dzia\u0142ania podejmujemy <a href=\"https:\/\/www.tele-radio.com\/pl\/w-drodze-do-zrownowazonego-rozwoju\/\">w drodze do zr\u00f3wnowa\u017conego rozwoju<\/a>. <\/p>\n\n\n\n<div style=\"height:150px\" aria-hidden=\"true\" class=\"wp-block-spacer\"><\/div>\n","protected":false},"excerpt":{"rendered":"<p>Tele Radio opracowuje systemy zdalnego sterowania radiowego od ponad 65 lat Tele Radio opracowuje, produkuje i sprzedaje wysokiej jako\u015bci i bezpieczne systemy sterowania radiowego do zastosowa\u0144 przemys\u0142owych i innych. Firma zosta\u0142a za\u0142o\u017cona w Szwecji w 1955 roku i od tego czasu rozwin\u0119\u0142a si\u0119 w rozbudowan\u0105 grup\u0119 Tele Radio Group, nabieraj\u0105c charakteru globalnego. G\u0142owna siedziba firmy [&hellip;]<\/p>\n","protected":false},"author":1,"featured_media":9001,"parent":0,"menu_order":0,"comment_status":"closed","ping_status":"closed","template":"","meta":{"_acf_changed":false,"footnotes":""},"class_list":["post-5711","page","type-page","status-publish","has-post-thumbnail","hentry"],"acf":[],"_links":{"self":[{"href":"https:\/\/www.tele-radio.com\/pl\/wp-json\/wp\/v2\/pages\/5711","targetHints":{"allow":["GET"]}}],"collection":[{"href":"https:\/\/www.tele-radio.com\/pl\/wp-json\/wp\/v2\/pages"}],"about":[{"href":"https:\/\/www.tele-radio.com\/pl\/wp-json\/wp\/v2\/types\/page"}],"author":[{"embeddable":true,"href":"https:\/\/www.tele-radio.com\/pl\/wp-json\/wp\/v2\/users\/1"}],"replies":[{"embeddable":true,"href":"https:\/\/www.tele-radio.com\/pl\/wp-json\/wp\/v2\/comments?post=5711"}],"version-history":[{"count":11,"href":"https:\/\/www.tele-radio.com\/pl\/wp-json\/wp\/v2\/pages\/5711\/revisions"}],"predecessor-version":[{"id":105018,"href":"https:\/\/www.tele-radio.com\/pl\/wp-json\/wp\/v2\/pages\/5711\/revisions\/105018"}],"wp:featuredmedia":[{"embeddable":true,"href":"https:\/\/www.tele-radio.com\/pl\/wp-json\/wp\/v2\/media\/9001"}],"wp:attachment":[{"href":"https:\/\/www.tele-radio.com\/pl\/wp-json\/wp\/v2\/media?parent=5711"}],"curies":[{"name":"wp","href":"https:\/\/api.w.org\/{rel}","templated":true}]}}