{"id":5597,"date":"2018-05-09T09:41:58","date_gmt":"2018-05-09T09:41:58","guid":{"rendered":"https:\/\/www.tele-radio.com\/downloads\/"},"modified":"2021-04-27T10:41:15","modified_gmt":"2021-04-27T10:41:15","slug":"do-pobrania","status":"publish","type":"page","link":"https:\/\/www.tele-radio.com\/pl\/wsparcie-techniczne-2\/do-pobrania\/","title":{"rendered":"Do pobrania"},"content":{"rendered":"<h6>Na tej stronie mo\u017cna pobra\u0107 instrukcje instalacji, certyfikaty i wiele innych materia\u0142\u00f3w. Niekt\u00f3re pliki s\u0105 chronione has\u0142em &#8211; aby uzyska\u0107 has\u0142o, <a href=\"https:\/\/www.tele-radio.com\/pl\/kontakt\/\">skontaktuj si\u0119 z nami.<\/a><\/h6>\n<h2>Poszukujesz starszych system\u00f3w?<\/h2>\n<p>Przechowujemy r\u00f3wnie\u017c informacje o naszych starszych systemach. Znajd\u017a odpowiedni system poni\u017cej i przejd\u017a do potrzebnych dokument\u00f3w.<\/p>\n<p><strong>UWAGA! Wi\u0119kszo\u015b\u0107 materia\u0142\u00f3w jest w j\u0119zyku angielskim. Aby mie\u0107 wgl\u0105d do wszystkich materia\u0142\u00f3w, polecamy zmieni\u0107 j\u0119zyk na angielski (po prawej stronie).<\/strong><\/p>\n","protected":false},"excerpt":{"rendered":"<p>Na tej stronie mo\u017cna pobra\u0107 instrukcje instalacji, certyfikaty i wiele innych materia\u0142\u00f3w. Niekt\u00f3re pliki s\u0105 chronione has\u0142em &#8211; aby uzyska\u0107 has\u0142o, skontaktuj si\u0119 z nami. Poszukujesz starszych system\u00f3w? Przechowujemy r\u00f3wnie\u017c informacje o naszych starszych systemach. Znajd\u017a odpowiedni system poni\u017cej i przejd\u017a do potrzebnych dokument\u00f3w. UWAGA! Wi\u0119kszo\u015b\u0107 materia\u0142\u00f3w jest w j\u0119zyku angielskim. Aby mie\u0107 wgl\u0105d do [&hellip;]<\/p>\n","protected":false},"author":1,"featured_media":6075,"parent":7004,"menu_order":0,"comment_status":"closed","ping_status":"closed","template":"page-templates\/downloads.php","meta":{"_acf_changed":false,"footnotes":""},"class_list":["post-5597","page","type-page","status-publish","has-post-thumbnail","hentry"],"acf":[],"_links":{"self":[{"href":"https:\/\/www.tele-radio.com\/pl\/wp-json\/wp\/v2\/pages\/5597","targetHints":{"allow":["GET"]}}],"collection":[{"href":"https:\/\/www.tele-radio.com\/pl\/wp-json\/wp\/v2\/pages"}],"about":[{"href":"https:\/\/www.tele-radio.com\/pl\/wp-json\/wp\/v2\/types\/page"}],"author":[{"embeddable":true,"href":"https:\/\/www.tele-radio.com\/pl\/wp-json\/wp\/v2\/users\/1"}],"replies":[{"embeddable":true,"href":"https:\/\/www.tele-radio.com\/pl\/wp-json\/wp\/v2\/comments?post=5597"}],"version-history":[{"count":5,"href":"https:\/\/www.tele-radio.com\/pl\/wp-json\/wp\/v2\/pages\/5597\/revisions"}],"predecessor-version":[{"id":15784,"href":"https:\/\/www.tele-radio.com\/pl\/wp-json\/wp\/v2\/pages\/5597\/revisions\/15784"}],"up":[{"embeddable":true,"href":"https:\/\/www.tele-radio.com\/pl\/wp-json\/wp\/v2\/pages\/7004"}],"wp:featuredmedia":[{"embeddable":true,"href":"https:\/\/www.tele-radio.com\/pl\/wp-json\/wp\/v2\/media\/6075"}],"wp:attachment":[{"href":"https:\/\/www.tele-radio.com\/pl\/wp-json\/wp\/v2\/media?parent=5597"}],"curies":[{"name":"wp","href":"https:\/\/api.w.org\/{rel}","templated":true}]}}