{"id":42722,"date":"2020-05-06T10:54:53","date_gmt":"2020-05-06T10:54:53","guid":{"rendered":"https:\/\/www.tele-radio.com\/custom-foils\/"},"modified":"2023-05-15T11:03:31","modified_gmt":"2023-05-15T11:03:31","slug":"folie-niestandardowe","status":"publish","type":"page","link":"https:\/\/www.tele-radio.com\/pl\/folie-niestandardowe\/","title":{"rendered":"Folie niestandardowe"},"content":{"rendered":"\n<h2 class=\"wp-block-heading\">Twoje w\u0142asne logo, symbole, paleta barw lub tekst. Dla dodatkowej ochrony, bezpiecze\u0144stwa i rozpoznawalno\u015bci!<\/h2>\n\n\n\n<p><\/p>\n\n\n\n<p><\/p>\n\n\n<p><strong>ZALETY FOLII NIESTANDARDOWYCH<br><\/strong>Dla wszystkich naszych nadajnik\u00f3w i odbiornik\u00f3w mo\u017cemy zapewni\u0107 folie niestandardowe, kt\u00f3re nie tylko chroni\u0105 nadajnik i pozwalaj\u0105 na bezpieczne u\u017cytkowanie, ale r\u00f3wnie\u017c przyczyniaj\u0105 si\u0119 do rozpoznawalno\u015bci Twojej firmy. Folie wykonane s\u0105 z <strong>wysokiej jako\u015bci materia\u0142u przemys\u0142owego (3M)<\/strong>. S\u0105 odporne na intensywne u\u017cytkowanie, przebarwienia i p\u0142yny, stanowi\u0105 dodatkow\u0105 warstw\u0119 ochronn\u0105 dla naszych produkt\u00f3w. Dzi\u0119ki wykorzystaniu przejrzystych symboli dobranych do konkretnego zastosowania zmniejsza si\u0119 ryzyko pope\u0142nienia b\u0142\u0119du podczas pracy, co znacznie przyczynia si\u0119 do zapewnienia bezpiecze\u0144stwa. Oczywi\u015bcie na folii mo\u017ce znale\u017a\u0107 si\u0119 Twoje firmowe logo, kolory i inne elementy identyfikuj\u0105ce Twoj\u0105 mark\u0119.<\/p>\n<p><strong>NIEMAL NIEOGRANICZONE MO\u017bLIWO\u015aCI PROJEKTU<br><\/strong>Folie niestandardowe wykonywane s\u0105 nawet przy zam\u00f3wieniu pojedynczego nadajnika i odbiornika. Masz pe\u0142n\u0105 swobod\u0119 wyboru <strong>kolor\u00f3w, logo, symboli, czcionek, obraz\u00f3w<\/strong> <strong>itp<\/strong>. Mo\u017cesz dostarczy\u0107 nam gotowy szablon (w formacie grafiki wektorowej) lub poprosi\u0107 o wykonanie projektu na podstawie swoich wskaz\u00f3wek.<\/p>\n<p><strong>SKONTAKTUJ SI\u0118 Z NAMI<br><\/strong>Dostarczamy niestandardowe folie do ka\u017cdego nadajnika i odbiornika jako akcesorium. Je\u015bli chcesz zam\u00f3wi\u0107 foli\u0119 niestandardow\u0105 skontaktuj si\u0119 z naszym lokalnym biurem w Kielcach pod numerem telefonu <strong>+48 41 300 58 81<\/strong>. Przeka\u017cemy Ci wszystkie niezb\u0119dne informacje, takie jak cena projektu, instrukcje, szablony folii lub cyfrowe materia\u0142y do jej zaprojektowania. Na podstawie Twoich wskaz\u00f3wek stworzymy projekt, kt\u00f3ry p\u00f3\u017aniej prze\u015blemy do zatwierdzenia.<\/p>\n<p><img loading=\"lazy\" decoding=\"async\" class=\"aligncenter wp-image-40221\" title=\"folie niestandardowe Tele Radio \" src=\"https:\/\/www.tele-radio.com\/app\/uploads\/24694-TELE-RADIO-leaflet-custom-foils-A4.png\" alt=\"folie niestandardowe \" width=\"985\" height=\"192\" srcset=\"https:\/\/www.tele-radio.com\/app\/uploads\/24694-TELE-RADIO-leaflet-custom-foils-A4.png 2359w, https:\/\/www.tele-radio.com\/app\/uploads\/24694-TELE-RADIO-leaflet-custom-foils-A4-400x78.png 400w, https:\/\/www.tele-radio.com\/app\/uploads\/24694-TELE-RADIO-leaflet-custom-foils-A4-768x149.png 768w, https:\/\/www.tele-radio.com\/app\/uploads\/24694-TELE-RADIO-leaflet-custom-foils-A4-1200x233.png 1200w, https:\/\/www.tele-radio.com\/app\/uploads\/24694-TELE-RADIO-leaflet-custom-foils-A4-750x146.png 750w, https:\/\/www.tele-radio.com\/app\/uploads\/24694-TELE-RADIO-leaflet-custom-foils-A4-500x97.png 500w, https:\/\/www.tele-radio.com\/app\/uploads\/24694-TELE-RADIO-leaflet-custom-foils-A4-1600x311.png 1600w, https:\/\/www.tele-radio.com\/app\/uploads\/24694-TELE-RADIO-leaflet-custom-foils-A4-800x156.png 800w\" sizes=\"auto, (max-width: 985px) 100vw, 985px\" \/><\/p>\n<table style=\"height: 181px;\" width=\"996\">\n<tbody>\n<tr style=\"height: 26px;\">\n<td style=\"background-color: #fabb00; width: 302px; height: 26px;\" width=\"302\"><strong>FOLIA PLEXI<\/strong><\/td>\n<td style=\"background-color: #fabb00; width: 302px; height: 26px;\" width=\"302\"><strong>FOLIA PU<\/strong><\/td>\n<\/tr>\n<tr style=\"height: 180px;\">\n<td style=\"height: 180px;\" width=\"302\">Folia na p\u0142ycie <strong>z pleksiglasu<\/strong> opadaj\u0105ca wok\u00f3\u0142 guzik\u00f3w, dost\u0119pna w trzech grubo\u015bciach. W przypadku najgrubszej wersji przyciski wchodz\u0105 g\u0142\u0119biej w obudow\u0119 dzi\u0119ki czemu nie mo\u017cna ich przypadkowo nacisn\u0105\u0107. Folie plexi znajduj\u0105 zastosowanie w <a href=\"https:\/\/www.tele-radio.com\/pl\/products\/panther\/\">nadajnikach mini i midi<\/a>, ale mo\u017cna je wykona\u0107 tak\u017ce dla wi\u0119kszych nadajnik\u00f3w z joystickiem. Folie wykonane s\u0105 z wysokiej jako\u015bci materia\u0142u i <strong>s\u0105 odporne na przebarwienia, zarysowania, p\u0142yny itp<\/strong>.<\/td>\n<td style=\"height: 180px;\" width=\"302\">Folia wykonana z elastycznej, <strong>wysokiej jako\u015bci gumy (pu)<\/strong>, odpornej na przebarwienia i p\u0142yny. Ca\u0142kowicie zakrywa przyciski. Stosowana g\u0142\u00f3wnie <a href=\"https:\/\/www.tele-radio.com\/pl\/products\/puma-homepage\/\">w wi\u0119kszych nadajnikach<\/a>, ale mo\u017cna wykorzysta\u0107 j\u0105 tak\u017ce jako alternatyw\u0119 dla folii plexi w <a href=\"https:\/\/www.tele-radio.com\/pl\/products\/tiger-g2\/\">mniejszych pilotach<\/a> je\u015bli chcesz ca\u0142kowicie zakry\u0107 przyciski dla wi\u0119kszej ochrony.<\/td>\n<\/tr>\n<\/tbody>\n<\/table>\n<p><\/p>","protected":false},"excerpt":{"rendered":"<p>Twoje w\u0142asne logo, symbole, paleta barw lub tekst. Dla dodatkowej ochrony, bezpiecze\u0144stwa i rozpoznawalno\u015bci! ZALETY FOLII NIESTANDARDOWYCHDla wszystkich naszych nadajnik\u00f3w i odbiornik\u00f3w mo\u017cemy zapewni\u0107 folie niestandardowe, kt\u00f3re nie tylko chroni\u0105 nadajnik i pozwalaj\u0105 na bezpieczne u\u017cytkowanie, ale r\u00f3wnie\u017c przyczyniaj\u0105 si\u0119 do rozpoznawalno\u015bci Twojej firmy. Folie wykonane s\u0105 z wysokiej jako\u015bci materia\u0142u przemys\u0142owego (3M). S\u0105 odporne [&hellip;]<\/p>\n","protected":false},"author":87,"featured_media":29187,"parent":0,"menu_order":0,"comment_status":"closed","ping_status":"closed","template":"","meta":{"_acf_changed":false,"footnotes":""},"class_list":["post-42722","page","type-page","status-publish","has-post-thumbnail","hentry"],"acf":[],"_links":{"self":[{"href":"https:\/\/www.tele-radio.com\/pl\/wp-json\/wp\/v2\/pages\/42722","targetHints":{"allow":["GET"]}}],"collection":[{"href":"https:\/\/www.tele-radio.com\/pl\/wp-json\/wp\/v2\/pages"}],"about":[{"href":"https:\/\/www.tele-radio.com\/pl\/wp-json\/wp\/v2\/types\/page"}],"author":[{"embeddable":true,"href":"https:\/\/www.tele-radio.com\/pl\/wp-json\/wp\/v2\/users\/87"}],"replies":[{"embeddable":true,"href":"https:\/\/www.tele-radio.com\/pl\/wp-json\/wp\/v2\/comments?post=42722"}],"version-history":[{"count":5,"href":"https:\/\/www.tele-radio.com\/pl\/wp-json\/wp\/v2\/pages\/42722\/revisions"}],"predecessor-version":[{"id":154598,"href":"https:\/\/www.tele-radio.com\/pl\/wp-json\/wp\/v2\/pages\/42722\/revisions\/154598"}],"wp:featuredmedia":[{"embeddable":true,"href":"https:\/\/www.tele-radio.com\/pl\/wp-json\/wp\/v2\/media\/29187"}],"wp:attachment":[{"href":"https:\/\/www.tele-radio.com\/pl\/wp-json\/wp\/v2\/media?parent=42722"}],"curies":[{"name":"wp","href":"https:\/\/api.w.org\/{rel}","templated":true}]}}