{"id":34503,"date":"2020-03-13T13:34:17","date_gmt":"2020-03-13T13:34:17","guid":{"rendered":"https:\/\/www.tele-radio.com\/industrial-remote-control-increases-safety-on-skipyard\/"},"modified":"2023-05-15T10:51:11","modified_gmt":"2023-05-15T10:51:11","slug":"industrial-remote-control-increases-safety-on-skipyard","status":"publish","type":"page","link":"https:\/\/www.tele-radio.com\/pl\/blog\/industrial-remote-control-increases-safety-on-skipyard\/","title":{"rendered":"Sterowanie radiowe zwi\u0119ksza bezpiecze\u0144stwo pracy w stoczni"},"content":{"rendered":"<p><em>Seyiton to system transportowy do przenoszenia blach stalowych opracowany przez Yektamak Makina. Nap\u0119dzany elektrycznie i sterowany bezprzewodowo przez Tele Radio TIGER mo\u017ce przenosi\u0107 \u0142adunek do 40 ton.<\/em><\/p>\n<p>Seyiton dzia\u0142a poprzez komunikacj\u0119 CANopen z systemem\u00a0<a href=\"https:\/\/www.tele-radio.com\/pl\/products\/tiger-g2\/\"><span class=\"s1\">Tele Radio Tiger<\/span><\/a>. Ta integracja zapewni\u0142a producentowi Yektamak du\u017c\u0105 wygod\u0119 i bezproblemow\u0105 obs\u0142ug\u0119. Ka\u017cdy z trzech system\u00f3w transportowych ma w\u0142asne sterowanie radiowe, z kt\u00f3rych jeden jest ustawiony jako sterowanie g\u0142\u00f3wne (<i>master<\/i>).\u00a0<i>Master<\/i>\u00a0kontroluje wszystkie maszyny jednocze\u015bnie lub osobno. Na wy\u015bwietlaczu nadajnika g\u0142\u00f3wnego operator mo\u017ce zobaczy\u0107, kt\u00f3ra maszyna jest sterowana w danym momencie. System transportowy Seyiton zapewnia wi\u0119ksze bezpiecze\u0144stwo dzi\u0119ki bezprzewodowemu sterowaniu radiowemu, wymaga mniej si\u0142y roboczej i zwi\u0119ksza wydajno\u015b\u0107.<\/p>\n<p><u><strong>Yektamak Makina<\/strong><br \/>\n<\/u>Za\u0142o\u017cona w 2013 roku firma YEKTAMAK Machine and Engineering projektuje i opracowuje niestandardowe maszyny i procesy produkcyjne dla r\u00f3\u017cnych ga\u0142\u0119zi przemys\u0142u, zw\u0142aszcza motoryzacyjnego. YEKTAMAK zapewnia pe\u0142ny proces produkcji. Obejmuje to ustalanie wymaga\u0144 klienta, projektowanie, obliczanie cyklu \u017cycia, symulacje komputerowe, produkcj\u0119, kontrol\u0119 jako\u015bci i testy. Ca\u0142y ten proces spe\u0142nia najwy\u017csze standardy jako\u015bci.<\/p>\n<p><u><strong>Systemy Tele Radio<\/strong><br \/>\n<\/u>Sterowanie radiowe\u00a0<span class=\"s1\">TIGER 2<\/span>\u00a0to solidny system sterowania radiowego z certyfikatem SIL3 i PLe, przystosowany do standardowych i skomplikowanych zastosowa\u0144 przemys\u0142owych w trudnych warunkach. Tele Radio posiada najszersz\u0105 na rynku ofert\u0119 system\u00f3w sterowania radiowego dla r\u00f3\u017cnych ga\u0142\u0119zi przemys\u0142u. Jeste\u015bmy firm\u0105 zorientowan\u0105 na rozwi\u0105zania, kt\u00f3rej celem jest oferowanie najlepszych produkt\u00f3w z niezr\u00f3wnan\u0105 obs\u0142ug\u0105 i wsparciem technicznym.\u00a0<a href=\"https:\/\/www.tele-radio.com\/pl\/kontakt\/\"><span class=\"s1\">Skontaktuj si\u0119 z nami<\/span>,<\/a>\u00a0je\u015bli szukasz rozwi\u0105zania bezprzewodowego odpowiadaj\u0105cego Twoim konkretnym potrzebom, zadaj pytanie i\/lub skorzystaj z dobrych rad.<\/p>\n<div style=\"width: 1920px;\" class=\"wp-video\"><!--[if lt IE 9]><script>document.createElement('video');<\/script><![endif]-->\n<video class=\"wp-video-shortcode\" id=\"video-34503-1\" width=\"1920\" height=\"1080\" preload=\"metadata\" controls=\"controls\"><source type=\"video\/mp4\" src=\"https:\/\/www.tele-radio.com\/app\/uploads\/TRTUR_SEYITON_PROJECT_FINAL1.mp4?_=1\" \/><a href=\"https:\/\/www.tele-radio.com\/app\/uploads\/TRTUR_SEYITON_PROJECT_FINAL1.mp4\">https:\/\/www.tele-radio.com\/app\/uploads\/TRTUR_SEYITON_PROJECT_FINAL1.mp4<\/a><\/video><\/div>\n<p><a href=\"mailto:kontakt@tele-radio.pl\"><img loading=\"lazy\" decoding=\"async\" class=\"alignnone wp-image-33609 size-medium\" src=\"https:\/\/www.tele-radio.com\/app\/uploads\/Contact_Us_Button.png\" alt=\"\" width=\"400\" height=\"142\" srcset=\"https:\/\/www.tele-radio.com\/app\/uploads\/Contact_Us_Button.png 435w, https:\/\/www.tele-radio.com\/app\/uploads\/Contact_Us_Button-400x142.png 400w\" sizes=\"auto, (max-width: 400px) 100vw, 400px\" \/><\/a><\/p>\n","protected":false},"excerpt":{"rendered":"<p>Seyiton to system transportowy do przenoszenia blach stalowych opracowany przez Yektamak Makina. Nap\u0119dzany elektrycznie i sterowany bezprzewodowo przez Tele Radio TIGER mo\u017ce przenosi\u0107 \u0142adunek do 40 ton. Seyiton dzia\u0142a poprzez komunikacj\u0119 CANopen z systemem\u00a0Tele Radio Tiger. Ta integracja zapewni\u0142a producentowi Yektamak du\u017c\u0105 wygod\u0119 i bezproblemow\u0105 obs\u0142ug\u0119. Ka\u017cdy z trzech system\u00f3w transportowych ma w\u0142asne sterowanie radiowe, [&hellip;]<\/p>\n","protected":false},"author":87,"featured_media":34473,"parent":7044,"menu_order":0,"comment_status":"closed","ping_status":"closed","template":"","meta":{"_acf_changed":false,"footnotes":""},"class_list":["post-34503","page","type-page","status-publish","has-post-thumbnail","hentry"],"acf":[],"_links":{"self":[{"href":"https:\/\/www.tele-radio.com\/pl\/wp-json\/wp\/v2\/pages\/34503","targetHints":{"allow":["GET"]}}],"collection":[{"href":"https:\/\/www.tele-radio.com\/pl\/wp-json\/wp\/v2\/pages"}],"about":[{"href":"https:\/\/www.tele-radio.com\/pl\/wp-json\/wp\/v2\/types\/page"}],"author":[{"embeddable":true,"href":"https:\/\/www.tele-radio.com\/pl\/wp-json\/wp\/v2\/users\/87"}],"replies":[{"embeddable":true,"href":"https:\/\/www.tele-radio.com\/pl\/wp-json\/wp\/v2\/comments?post=34503"}],"version-history":[{"count":11,"href":"https:\/\/www.tele-radio.com\/pl\/wp-json\/wp\/v2\/pages\/34503\/revisions"}],"predecessor-version":[{"id":80908,"href":"https:\/\/www.tele-radio.com\/pl\/wp-json\/wp\/v2\/pages\/34503\/revisions\/80908"}],"up":[{"embeddable":true,"href":"https:\/\/www.tele-radio.com\/pl\/wp-json\/wp\/v2\/pages\/7044"}],"wp:featuredmedia":[{"embeddable":true,"href":"https:\/\/www.tele-radio.com\/pl\/wp-json\/wp\/v2\/media\/34473"}],"wp:attachment":[{"href":"https:\/\/www.tele-radio.com\/pl\/wp-json\/wp\/v2\/media?parent=34503"}],"curies":[{"name":"wp","href":"https:\/\/api.w.org\/{rel}","templated":true}]}}