{"id":33266,"date":"2020-02-07T12:29:38","date_gmt":"2020-02-07T12:29:38","guid":{"rendered":"https:\/\/www.tele-radio.com\/customer-case-volvo\/"},"modified":"2021-08-13T10:10:03","modified_gmt":"2021-08-13T10:10:03","slug":"volvo-trucks-reus-fleming","status":"publish","type":"page","link":"https:\/\/www.tele-radio.com\/pl\/volvo-trucks-reus-fleming\/","title":{"rendered":"Volvo Trucks &#8211; Reus Fleming"},"content":{"rendered":"\n<h1 class=\"wp-block-heading\">Pilot zdalnego sterowania do samochodu ci\u0119\u017carowego Volvo Reus Fleming<\/h1>\n\n\n\n<div class=\"wp-block-image\"><figure class=\"alignright size-large is-resized\"><img loading=\"lazy\" decoding=\"async\" src=\"https:\/\/www.tele-radio.com\/app\/uploads\/\/IMG_4896-900x1200.jpg\" alt=\"\" class=\"wp-image-32340\" width=\"225\" height=\"299\" srcset=\"https:\/\/www.tele-radio.com\/app\/uploads\/IMG_4896-900x1200.jpg 900w, https:\/\/www.tele-radio.com\/app\/uploads\/IMG_4896-300x400.jpg 300w, https:\/\/www.tele-radio.com\/app\/uploads\/IMG_4896-768x1024.jpg 768w, https:\/\/www.tele-radio.com\/app\/uploads\/IMG_4896-563x750.jpg 563w, https:\/\/www.tele-radio.com\/app\/uploads\/IMG_4896-375x500.jpg 375w, https:\/\/www.tele-radio.com\/app\/uploads\/IMG_4896-1200x1600.jpg 1200w, https:\/\/www.tele-radio.com\/app\/uploads\/IMG_4896-600x800.jpg 600w\" sizes=\"auto, (max-width: 225px) 100vw, 225px\" \/><\/figure><\/div>\n\n\n\n<p>Reus Fleming S.A. jest oficjalnym autoryzowanym dealerem Volvo w Katalonii (Hiszpania) dla nast\u0119puj\u0105cych prowincji: Tarragona, Lleida, Huesca i Teruel. Ich relacje z klientami s\u0105 najwy\u017csz\u0105 dewiz\u0105 firmy, dlatego dostosowuj\u0105 si\u0119 do wymaga\u0144 klient\u00f3w i wychodz\u0105 poza standardowe rozwi\u0105zania, gdy stoj\u0105 przed wyzwaniem technologicznym. Ich celem jest zapewnienie doskona\u0142ej obs\u0142ugi i wsparcia w ka\u017cdej sytuacji, bez wzgl\u0119du na jej z\u0142o\u017cono\u015b\u0107.<\/p>\n\n\n\n<h2 class=\"wp-block-heading\">Kamie\u0144 milowy na rynku iberyjskim<\/h2>\n\n\n\n<p> Dzi\u0119ki \u015bcis\u0142ej wsp\u00f3\u0142pracy z Tele Radio, Volvo Reus Fleming wykona\u0142o doskona\u0142a prac\u0119, wprowadzaj\u0105c w Hiszpanii i Portugalii innowacyjny Aktywny Uk\u0142ad Kierowniczy Volvo, w tym wariant EXSTER, kt\u00f3ry umo\u017cliwia bezprzewodowe po\u0142\u0105czenie z nadajnikiem Tele Radio.<\/p>\n\n\n\n<p>Rozwi\u0105zanie to zosta\u0142o wdro\u017cone bior\u0105c jako nadrz\u0119dny cel zapewnienie bezpiecze\u0144stwa. Volvo i Tele Radio zawsze koncentruj\u0105 swoje wysi\u0142ki na opracowaniu bezpiecznych i ergonomicznych innowacji.<\/p>\n\n\n\n<div class=\"wp-block-image\"><figure class=\"alignleft size-large\"><img loading=\"lazy\" decoding=\"async\" width=\"500\" height=\"317\" src=\"https:\/\/www.tele-radio.com\/app\/uploads\/remote-for-volvo-truck-tele-radio-sm-2.jpg\" alt=\"\" class=\"wp-image-32241\" srcset=\"https:\/\/www.tele-radio.com\/app\/uploads\/remote-for-volvo-truck-tele-radio-sm-2.jpg 500w, https:\/\/www.tele-radio.com\/app\/uploads\/remote-for-volvo-truck-tele-radio-sm-2-400x254.jpg 400w\" sizes=\"auto, (max-width: 500px) 100vw, 500px\" \/><\/figure><\/div>\n\n\n\n<p><\/p>\n\n\n\n<h2 class=\"wp-block-heading\">Zastosowanie<\/h2>\n\n\n\n<p>Samoch\u00f3d ci\u0119\u017carowy Volvo FH 500 8&#215;2 z funkcjami zabudowy z Cubas Segre usprawnia prac\u0119 u\u017cytkownika przy za\u0142adunku\/roz\u0142adunku paszy dla zwierz\u0105t hodowlanych oraz jej transportu do r\u00f3\u017cnych gospodarstw.<\/p>\n\n\n\n<p>Rozwi\u0105zanie to zapewnia znaczn\u0105 popraw\u0119 bezpiecze\u0144stwa, poniewa\u017c zwi\u0119ksza widoczno\u015b\u0107 na miejsce pracy dzi\u0119ki mo\u017cliwo\u015bci sterowania pojazdem z zewn\u0105trz. Ponadto nie wymaga wchodzenia i wychodzenia z kabiny kilka (czasami nawet kilkadziesi\u0105t) razy dziennie, przez co jest bardziej ergonomiczne. Efektywno\u015b\u0107 przek\u0142ada si\u0119 na popraw\u0119 wydajno\u015bci i zmniejszenie zm\u0119czenia podczas codziennej pracy.<\/p>\n\n\n\n<p>Aby uzyska\u0107 wi\u0119cej informacji, <a href=\"https:\/\/www.tele-radio.com\/pl\/kontakt\/\">skontaktuj si\u0119<\/a> z nami.<\/p>\n\n\n\n<div style=\"height:30px\" aria-hidden=\"true\" class=\"wp-block-spacer\"><\/div>\n\n\n\n<h2 class=\"wp-block-heading\">Video i zdj\u0119cia <\/h2>\n\n\n\n<div style=\"height:29px\" aria-hidden=\"true\" class=\"wp-block-spacer\"><\/div>\n\n\n\n<figure class=\"wp-block-video aligncenter\"><video controls src=\"https:\/\/www.tele-radio.com\/app\/uploads\/CUBAS-SEGRE-ESTABILIZADO-Y-LOGO-1.mp4\"><\/video><\/figure>\n\n\n\n<div style=\"height:20px\" aria-hidden=\"true\" class=\"wp-block-spacer\"><\/div>\n\n\n\n<div class=\"wp-block-image\"><figure class=\"aligncenter size-large\"><img loading=\"lazy\" decoding=\"async\" width=\"1200\" height=\"675\" src=\"https:\/\/www.tele-radio.com\/app\/uploads\/\/volvo-trucks-remote-control-segre-1-1200x675.jpg\" alt=\"\" class=\"wp-image-32864\" srcset=\"https:\/\/www.tele-radio.com\/app\/uploads\/volvo-trucks-remote-control-segre-1.jpg 1200w, https:\/\/www.tele-radio.com\/app\/uploads\/volvo-trucks-remote-control-segre-1-400x225.jpg 400w, https:\/\/www.tele-radio.com\/app\/uploads\/volvo-trucks-remote-control-segre-1-768x432.jpg 768w, https:\/\/www.tele-radio.com\/app\/uploads\/volvo-trucks-remote-control-segre-1-750x422.jpg 750w, https:\/\/www.tele-radio.com\/app\/uploads\/volvo-trucks-remote-control-segre-1-500x281.jpg 500w, https:\/\/www.tele-radio.com\/app\/uploads\/volvo-trucks-remote-control-segre-1-800x450.jpg 800w\" sizes=\"auto, (max-width: 1200px) 100vw, 1200px\" \/><\/figure><\/div>\n\n\n\n<div style=\"height:20px\" aria-hidden=\"true\" class=\"wp-block-spacer\"><\/div>\n\n\n\n<div class=\"wp-block-image\"><figure class=\"aligncenter size-large\"><img loading=\"lazy\" decoding=\"async\" width=\"1200\" height=\"728\" src=\"https:\/\/www.tele-radio.com\/app\/uploads\/\/volvo-trucks-remote-control-segre-2-1200x728.jpg\" alt=\"\" class=\"wp-image-32884\" srcset=\"https:\/\/www.tele-radio.com\/app\/uploads\/volvo-trucks-remote-control-segre-2.jpg 1200w, https:\/\/www.tele-radio.com\/app\/uploads\/volvo-trucks-remote-control-segre-2-400x243.jpg 400w, https:\/\/www.tele-radio.com\/app\/uploads\/volvo-trucks-remote-control-segre-2-768x466.jpg 768w, https:\/\/www.tele-radio.com\/app\/uploads\/volvo-trucks-remote-control-segre-2-750x455.jpg 750w, https:\/\/www.tele-radio.com\/app\/uploads\/volvo-trucks-remote-control-segre-2-500x303.jpg 500w, https:\/\/www.tele-radio.com\/app\/uploads\/volvo-trucks-remote-control-segre-2-800x485.jpg 800w\" sizes=\"auto, (max-width: 1200px) 100vw, 1200px\" \/><\/figure><\/div>\n","protected":false},"excerpt":{"rendered":"<p>Pilot zdalnego sterowania do samochodu ci\u0119\u017carowego Volvo Reus Fleming Reus Fleming S.A. jest oficjalnym autoryzowanym dealerem Volvo w Katalonii (Hiszpania) dla nast\u0119puj\u0105cych prowincji: Tarragona, Lleida, Huesca i Teruel. Ich relacje z klientami s\u0105 najwy\u017csz\u0105 dewiz\u0105 firmy, dlatego dostosowuj\u0105 si\u0119 do wymaga\u0144 klient\u00f3w i wychodz\u0105 poza standardowe rozwi\u0105zania, gdy stoj\u0105 przed wyzwaniem technologicznym. Ich celem jest [&hellip;]<\/p>\n","protected":false},"author":54,"featured_media":32103,"parent":0,"menu_order":0,"comment_status":"closed","ping_status":"closed","template":"","meta":{"_acf_changed":false,"footnotes":""},"class_list":["post-33266","page","type-page","status-publish","has-post-thumbnail","hentry"],"acf":[],"_links":{"self":[{"href":"https:\/\/www.tele-radio.com\/pl\/wp-json\/wp\/v2\/pages\/33266","targetHints":{"allow":["GET"]}}],"collection":[{"href":"https:\/\/www.tele-radio.com\/pl\/wp-json\/wp\/v2\/pages"}],"about":[{"href":"https:\/\/www.tele-radio.com\/pl\/wp-json\/wp\/v2\/types\/page"}],"author":[{"embeddable":true,"href":"https:\/\/www.tele-radio.com\/pl\/wp-json\/wp\/v2\/users\/54"}],"replies":[{"embeddable":true,"href":"https:\/\/www.tele-radio.com\/pl\/wp-json\/wp\/v2\/comments?post=33266"}],"version-history":[{"count":59,"href":"https:\/\/www.tele-radio.com\/pl\/wp-json\/wp\/v2\/pages\/33266\/revisions"}],"predecessor-version":[{"id":76642,"href":"https:\/\/www.tele-radio.com\/pl\/wp-json\/wp\/v2\/pages\/33266\/revisions\/76642"}],"wp:featuredmedia":[{"embeddable":true,"href":"https:\/\/www.tele-radio.com\/pl\/wp-json\/wp\/v2\/media\/32103"}],"wp:attachment":[{"href":"https:\/\/www.tele-radio.com\/pl\/wp-json\/wp\/v2\/media?parent=33266"}],"curies":[{"name":"wp","href":"https:\/\/api.w.org\/{rel}","templated":true}]}}