{"id":291135,"date":"2026-04-20T10:54:45","date_gmt":"2026-04-20T10:54:45","guid":{"rendered":"https:\/\/www.tele-radio.com\/eva-optic-when-we-called-tele-radio-it-was-sorted-within-three-weeks\/"},"modified":"2026-04-30T07:25:44","modified_gmt":"2026-04-30T07:25:44","slug":"eva-optic","status":"publish","type":"page","link":"https:\/\/www.tele-radio.com\/pl\/eva-optic\/","title":{"rendered":"EVA Optic"},"content":{"rendered":"\n<figure class=\"wp-block-image size-full\"><img loading=\"lazy\" decoding=\"async\" width=\"1200\" height=\"800\" src=\"https:\/\/www.tele-radio.com\/app\/uploads\/09_2025_EVA-OPTICS_BEELDBANK_09.jpg\" alt=\"\" class=\"wp-image-289938\" srcset=\"https:\/\/www.tele-radio.com\/app\/uploads\/09_2025_EVA-OPTICS_BEELDBANK_09.jpg 1200w, https:\/\/www.tele-radio.com\/app\/uploads\/09_2025_EVA-OPTICS_BEELDBANK_09-400x267.jpg 400w, https:\/\/www.tele-radio.com\/app\/uploads\/09_2025_EVA-OPTICS_BEELDBANK_09-768x512.jpg 768w, https:\/\/www.tele-radio.com\/app\/uploads\/09_2025_EVA-OPTICS_BEELDBANK_09-750x500.jpg 750w, https:\/\/www.tele-radio.com\/app\/uploads\/09_2025_EVA-OPTICS_BEELDBANK_09-500x333.jpg 500w, https:\/\/www.tele-radio.com\/app\/uploads\/09_2025_EVA-OPTICS_BEELDBANK_09-800x533.jpg 800w\" sizes=\"auto, (max-width: 1200px) 100vw, 1200px\" \/><\/figure>\n\n\n\n<h1 class=\"wp-block-heading has-x-large-font-size\"><strong>EVA Optic: \u201c<strong>Gdy zadzwonili\u015bmy do Tele Radio, problem zosta\u0142 rozwi\u0105zany w trzy tygodnie<\/strong>\u201d<\/strong><\/h1>\n\n\n\n<p class=\"has-medium-font-size\"><strong><br><strong>Gdy pilot zdalnego sterowania u\u017cywany przez EVA Optic okaza\u0142 si\u0119 zawodny tu\u017c przed mi\u0119dzynarodowymi targami bran\u017cowymi, liczy\u0142 si\u0119 ka\u017cdy dzie\u0144. \u201eMieli\u015bmy tylko trzy tygodnie i \u017cadnego planu B\u201d \u2013 wspomina Pieter Kikkert, kierownik dzia\u0142u zakup\u00f3w. \u201eKiedy zadzwoni\u0142em do Richarda, problem zosta\u0142 rozwi\u0105zany w ci\u0105gu trzech tygodni.\u201d<\/strong><\/strong><\/p>\n\n\n\n<p class=\"has-medium-font-size\">\u201ePieter nie mia\u0142 ani chwili do stracenia.\u201d Richard Kreunen, opiekun klienta w Tele Radio, wspomina intensywny pocz\u0105tek wsp\u00f3\u0142pracy mi\u0119dzy EVA Optic a Tele Radio. \u201ePytanie by\u0142o jedno: czy uda si\u0119 znale\u017a\u0107 rozwi\u0105zanie i wdro\u017cy\u0107 je w zaledwie trzy tygodnie?\u201d<\/p>\n\n\n\n<p class=\"has-medium-font-size\">Kreunen dodaje: \u201eGdy us\u0142ysza\u0142em histori\u0119 Pietera, zaproponowa\u0142em personalizowan\u0105 foli\u0119 na nadajnik \u2014 specjaln\u0105 naklejk\u0119 z dedykowanym nadrukiem. Je\u015bli robi si\u0119 co\u015b, zw\u0142aszcza tu\u017c przed tak presti\u017cowymi targami, trzeba zrobi\u0107 to porz\u0105dnie. Ostatecznie wszystko uda\u0142o si\u0119 dopi\u0105\u0107 perfekcyjnie i dok\u0142adnie na czas.\u201d<\/p>\n\n\n\n<p class=\"has-medium-font-size\"><em>Dalsza cz\u0119\u015b\u0107 tekstu znajduje si\u0119 poni\u017cej zdj\u0119cia.<\/em><\/p>\n\n\n\n<figure class=\"wp-block-image size-full\"><img loading=\"lazy\" decoding=\"async\" width=\"800\" height=\"1200\" src=\"https:\/\/www.tele-radio.com\/app\/uploads\/09_2025_EVA-OPTICS_BEELDBANK_46.jpg\" alt=\"\" class=\"wp-image-289968\" style=\"aspect-ratio:4\/3;object-fit:cover\" srcset=\"https:\/\/www.tele-radio.com\/app\/uploads\/09_2025_EVA-OPTICS_BEELDBANK_46.jpg 800w, https:\/\/www.tele-radio.com\/app\/uploads\/09_2025_EVA-OPTICS_BEELDBANK_46-267x400.jpg 267w, https:\/\/www.tele-radio.com\/app\/uploads\/09_2025_EVA-OPTICS_BEELDBANK_46-768x1152.jpg 768w, https:\/\/www.tele-radio.com\/app\/uploads\/09_2025_EVA-OPTICS_BEELDBANK_46-500x750.jpg 500w, https:\/\/www.tele-radio.com\/app\/uploads\/09_2025_EVA-OPTICS_BEELDBANK_46-333x500.jpg 333w, https:\/\/www.tele-radio.com\/app\/uploads\/09_2025_EVA-OPTICS_BEELDBANK_46-533x800.jpg 533w\" sizes=\"auto, (max-width: 800px) 100vw, 800px\" \/><figcaption class=\"wp-element-caption\"><em><a href=\"https:\/\/www.tele-radio.com\/pl\/products\/panther\/panther-transmitter-3x1-step-buttons\/\">Panther PN-T7-16<\/a> od Tele Radio to prosty nadajnik wyposa\u017cony w trzy jednokrokowe przyciski.<\/em><\/figcaption><\/figure>\n\n\n\n<p><\/p>\n\n\n\n<h2 class=\"wp-block-heading has-large-font-size\"><strong><strong>1000 pilot\u00f3w zdalnego sterowania<\/strong><\/strong><\/h2>\n\n\n\n<p class=\"has-medium-font-size\">By\u0142 rok 2023. Dzi\u015b ponad 1000 klient\u00f3w EVA Optic korzysta z pilot\u00f3w Tele Radio. Firma z siedzib\u0105 w Zwartsluis, niedaleko Zwolle, podnosi standard prywatnych i publicznych basen\u00f3w dzi\u0119ki profesjonalnemu o\u015bwietleniu LED oraz urz\u0105dzeniom do p\u0142ywania pod pr\u0105d. Poszukiwa\u0142a trwa\u0142ej alternatywy dla wcze\u015bniejszych pilot\u00f3w, kt\u00f3re jeden po drugim przestawa\u0142y dzia\u0142a\u0107 w wilgotnym \u015brodowisku basenowym.\u00a0<\/p>\n\n\n\n<p class=\"has-medium-font-size\">Pieter Kikkert m\u00f3wi:\u201eMieli\u015bmy w ofercie kilka r\u00f3\u017cnych pilot\u00f3w i wszystkie z czasem zawodzi\u0142y. EVA Optic sprzedaje urz\u0105dzenia klasy premium, dlatego sytuacja, w kt\u00f3rej dostarczany pilot stale sprawia problemy, by\u0142a dla nas nie do zaakceptowania. Szybko zrozumieli\u015bmy, \u017ce je\u015bli szuka si\u0119 rozwi\u0105zania funkcjonalnego i niezawodnego, naturalnym wyborem jest pilot przemys\u0142owy.\u201d<\/p>\n\n\n\n<p class=\"has-text-align-right has-x-large-font-size\"><em>\u201c<em>Je\u015bli szuka si\u0119 rozwi\u0105zania funkcjonalnego i niezawodnego, naturalnym wyborem jest pilot przemys\u0142owy.<\/em>\u201d<\/em><\/p>\n\n\n\n<p class=\"has-text-align-right has-medium-font-size\">\u2013 Pieter Kikkert, kierownik dzia\u0142u zakup\u00f3w EVA Optic\u00a0<\/p>\n\n\n\n<p class=\"has-medium-font-size\"><em>Dalsza cz\u0119\u015b\u0107 tekstu znajduje si\u0119 poni\u017cej zdj\u0119cia.<\/em><\/p>\n\n\n\n<figure class=\"wp-block-image size-large\"><img loading=\"lazy\" decoding=\"async\" width=\"1200\" height=\"800\" src=\"https:\/\/www.tele-radio.com\/app\/uploads\/\/Zintuig-Studio-Fotografie-Meppel-03-07-25-54-1200x800.jpg\" alt=\"\" class=\"wp-image-289998\" srcset=\"https:\/\/www.tele-radio.com\/app\/uploads\/Zintuig-Studio-Fotografie-Meppel-03-07-25-54-1200x800.jpg 1200w, https:\/\/www.tele-radio.com\/app\/uploads\/Zintuig-Studio-Fotografie-Meppel-03-07-25-54-400x267.jpg 400w, https:\/\/www.tele-radio.com\/app\/uploads\/Zintuig-Studio-Fotografie-Meppel-03-07-25-54-768x512.jpg 768w, https:\/\/www.tele-radio.com\/app\/uploads\/Zintuig-Studio-Fotografie-Meppel-03-07-25-54-1536x1024.jpg 1536w, https:\/\/www.tele-radio.com\/app\/uploads\/Zintuig-Studio-Fotografie-Meppel-03-07-25-54-2048x1365.jpg 2048w, https:\/\/www.tele-radio.com\/app\/uploads\/Zintuig-Studio-Fotografie-Meppel-03-07-25-54-750x500.jpg 750w, https:\/\/www.tele-radio.com\/app\/uploads\/Zintuig-Studio-Fotografie-Meppel-03-07-25-54-500x333.jpg 500w, https:\/\/www.tele-radio.com\/app\/uploads\/Zintuig-Studio-Fotografie-Meppel-03-07-25-54-1600x1067.jpg 1600w, https:\/\/www.tele-radio.com\/app\/uploads\/Zintuig-Studio-Fotografie-Meppel-03-07-25-54-800x533.jpg 800w\" sizes=\"auto, (max-width: 1200px) 100vw, 1200px\" \/><\/figure>\n\n\n\n<p><\/p>\n\n\n\n<h2 class=\"wp-block-heading has-large-font-size\"><strong><strong>Intuicyjna obs\u0142uga przede wszystkim<\/strong><\/strong><\/h2>\n\n\n\n<p class=\"has-medium-font-size\">EVA Optic wybra\u0142a model Panther PN-T7-16 \u2014 prosty nadajnik z trzema jednokrokowymi przyciskami. Jeanine Heutink, odpowiedzialna za marketing, podkre\u015bla, \u017ce u\u017cytkownicy EVAstream nie potrzebuj\u0105 skomplikowanych funkcji podczas treningu p\u0142ywackiego czy rekreacji w wodzie. W takich momentach najwa\u017cniejsza jest \u0142atwo\u015b\u0107 obs\u0142ugi.<\/p>\n\n\n\n<p class=\"has-medium-font-size\">\u201eIm wi\u0119cej opcji, tym wi\u0119ksza komplikacja. Pilot daje dost\u0119p do najwa\u017cniejszych funkcji: w\u0142\u0105czania i wy\u0142\u0105czania, zwi\u0119kszania i zmniejszania mocy, szybkiego trybu treningowego oraz prostego sterowania o\u015bwietleniem. Je\u015bli klient oczekuje wi\u0119kszych mo\u017cliwo\u015bci, mo\u017ce stworzy\u0107 w pe\u0142ni spersonalizowany program treningowy za pomoc\u0105 aplikacji internetowej EVA Optic.\u201d<\/p>\n\n\n\n<div style=\"height:35px\" aria-hidden=\"true\" class=\"wp-block-spacer\"><\/div>\n\n\n\n<p class=\"has-text-align-center has-large-font-size\"><strong>Jeste\u015b zainteresowany jednym z naszych rozwi\u0105za\u0144?<\/strong> <\/p>\n\n\n\n<p class=\"has-text-align-center has-medium-font-size\"><a href=\"https:\/\/www.tele-radio.com\/pl\/kontakt\/\">Zapraszamy do kontaktu<\/a> &#8211; ch\u0119tnie odpowiemy na wszystkie pytania.<\/p>\n\n\n\n<div style=\"height:124px\" aria-hidden=\"true\" class=\"wp-block-spacer\"><\/div>\n","protected":false},"excerpt":{"rendered":"<p>EVA Optic: \u201cGdy zadzwonili\u015bmy do Tele Radio, problem zosta\u0142 rozwi\u0105zany w trzy tygodnie\u201d Gdy pilot zdalnego sterowania u\u017cywany przez EVA Optic okaza\u0142 si\u0119 zawodny tu\u017c przed mi\u0119dzynarodowymi targami bran\u017cowymi, liczy\u0142 si\u0119 ka\u017cdy dzie\u0144. \u201eMieli\u015bmy tylko trzy tygodnie i \u017cadnego planu B\u201d \u2013 wspomina Pieter Kikkert, kierownik dzia\u0142u zakup\u00f3w. \u201eKiedy zadzwoni\u0142em do Richarda, problem zosta\u0142 rozwi\u0105zany [&hellip;]<\/p>\n","protected":false},"author":29,"featured_media":289952,"parent":0,"menu_order":0,"comment_status":"closed","ping_status":"closed","template":"content-customer-stories.php","meta":{"_acf_changed":false,"footnotes":""},"class_list":["post-291135","page","type-page","status-publish","has-post-thumbnail","hentry"],"acf":[],"_links":{"self":[{"href":"https:\/\/www.tele-radio.com\/pl\/wp-json\/wp\/v2\/pages\/291135","targetHints":{"allow":["GET"]}}],"collection":[{"href":"https:\/\/www.tele-radio.com\/pl\/wp-json\/wp\/v2\/pages"}],"about":[{"href":"https:\/\/www.tele-radio.com\/pl\/wp-json\/wp\/v2\/types\/page"}],"author":[{"embeddable":true,"href":"https:\/\/www.tele-radio.com\/pl\/wp-json\/wp\/v2\/users\/29"}],"replies":[{"embeddable":true,"href":"https:\/\/www.tele-radio.com\/pl\/wp-json\/wp\/v2\/comments?post=291135"}],"version-history":[{"count":2,"href":"https:\/\/www.tele-radio.com\/pl\/wp-json\/wp\/v2\/pages\/291135\/revisions"}],"predecessor-version":[{"id":291148,"href":"https:\/\/www.tele-radio.com\/pl\/wp-json\/wp\/v2\/pages\/291135\/revisions\/291148"}],"wp:featuredmedia":[{"embeddable":true,"href":"https:\/\/www.tele-radio.com\/pl\/wp-json\/wp\/v2\/media\/289952"}],"wp:attachment":[{"href":"https:\/\/www.tele-radio.com\/pl\/wp-json\/wp\/v2\/media?parent=291135"}],"curies":[{"name":"wp","href":"https:\/\/api.w.org\/{rel}","templated":true}]}}