{"id":284874,"date":"2026-02-09T14:11:42","date_gmt":"2026-02-09T14:11:42","guid":{"rendered":"https:\/\/www.tele-radio.com\/lammers-concrete-tele-radio-remote-control-durability\/"},"modified":"2026-03-20T09:05:45","modified_gmt":"2026-03-20T09:05:45","slug":"lammers-concrete","status":"publish","type":"page","link":"https:\/\/www.tele-radio.com\/pl\/lammers-concrete\/","title":{"rendered":"Lammers Concrete"},"content":{"rendered":"\n<div class=\"wp-block-cover aligncenter is-light\"><img decoding=\"async\" class=\"wp-block-cover__image-background wp-image-281303 size-large\" alt=\"\" src=\"https:\/\/www.tele-radio.com\/app\/uploads\/\/IMG_0562-1-900x1200.jpeg\" data-object-fit=\"cover\"\/><span aria-hidden=\"true\" class=\"wp-block-cover__background has-background-dim-0 has-background-dim\" style=\"background-color:#969084\"><\/span><div class=\"wp-block-cover__inner-container is-layout-constrained wp-block-cover-is-layout-constrained\">\n<p class=\"has-text-align-center has-large-font-size\"><\/p>\n<\/div><\/div>\n\n\n\n<div style=\"height:50px\" aria-hidden=\"true\" class=\"wp-block-spacer\"><\/div>\n\n\n\n<h1 class=\"wp-block-heading\"><strong><strong>Lammers Concrete: \u201c<strong>Nadajnik Tele Radio trudno zepsu\u0107<\/strong>\u201d<\/strong><\/strong><\/h1>\n\n\n\n<p><strong><strong>\u201c<strong>Bez d\u017awig\u00f3w nic si\u0119 nie zrobi\u201d &#8211; m\u00f3wi Jan van Lierop, kierownik produkcji w Lammers Concrete. \u201eJe\u015bli chodzi o podnoszenie ci\u0119\u017car\u00f3w, nasze go\u0142e r\u0119ce niewiele mog\u0105. To, do czego faktycznie u\u017cywamy r\u0105k, to obs\u0142uga bezprzewodowego pilota. Tworzy on bezpieczniejsze \u015brodowisko pracy dla naszych ludzi \u2013 znacznie bardziej ni\u017c sta\u0142y panel sterowania.<\/strong>\u201d<\/strong><\/strong><\/p>\n\n\n\n<p><br>Zak\u0142ady Lammers Concrete znajduj\u0105 si\u0119 obok siebie na obrze\u017cach <strong>Weert<\/strong>, na po\u0142udniu <strong>Holandii<\/strong>. Kilka kilometr\u00f3w dalej kana\u0142 <strong>Zuid-Willemsvaart<\/strong> prowadzi w stron\u0119 <strong>Belgii<\/strong>. \u0141\u0105cznie jest to oko\u0142o pi\u0119tna\u015bcie hektar\u00f3w roz\u0142o\u017conych na trzech terenach, oddalonych od siebie o mniej ni\u017c kilometr. Balkony, p\u0142yty galeriowe, \u015bciany, elewacje, schody i spoczniki. \u201eW Lammers Concrete \u017caden prefabrykowany element betonowy nie jest zbyt ambitny.\u201d<\/p>\n\n\n\n<h2 class=\"wp-block-heading\"><strong><strong><br><strong>Ci\u0119\u017ckie elementy<\/strong><\/strong><\/strong><\/h2>\n\n\n\n<div class=\"wp-block-columns is-layout-flex wp-container-core-columns-is-layout-9d6595d7 wp-block-columns-is-layout-flex\">\n<div class=\"wp-block-column is-layout-flow wp-block-column-is-layout-flow\">\n<p>Lammers Concrete produkuje prefabrykowane elementy betonowe dla projekt\u00f3w infrastrukturalnych, budynk\u00f3w komercyjnych i publicznych oraz dla budownictwa mieszkaniowego &#8211; zar\u00f3wno niskiej, jak i wielokondygnacyjnej zabudowy. \u201eWszystko jest wykonywane na wymiar\u201d &#8211; m\u00f3wi Van Lierop.<\/p>\n\n\n\n<p><br>W zak\u0142adzie pracuj\u0105 <strong>54 d\u017awigi<\/strong>. Na zewn\u0105trz ka\u017cdy teren wyposa\u017cony jest w trzy suwnice bramowe oraz jeden d\u017awig wie\u017cowy, o ud\u017awigu od <strong>10 do 50 ton<\/strong> na d\u017awig. Wewn\u0105trz wi\u0119kszo\u015b\u0107 stanowi\u0105 <strong>40 suwnic pomostowych dwud\u017awigarowych<\/strong> oraz <strong>dwie jednod\u017awigarowe<\/strong>.<br>Van Lierop wyja\u015bnia: \u201eStandardowa klatka schodowa do budynku mieszkalnego wa\u017cy oko\u0142o <strong>dwie tony<\/strong>. Schody dla stadionu &#8211; oko\u0142o <strong>25 ton<\/strong>. Natomiast dla projekt\u00f3w infrastrukturalnych odlewamy belki wa\u017c\u0105ce <strong>32 tony<\/strong>. To naprawd\u0119 ci\u0119\u017ckie elementy.\u201d<\/p>\n<\/div>\n\n\n\n<div class=\"wp-block-column is-layout-flow wp-block-column-is-layout-flow\">\n<figure class=\"wp-block-image size-large\"><img loading=\"lazy\" decoding=\"async\" width=\"901\" height=\"1200\" src=\"https:\/\/www.tele-radio.com\/app\/uploads\/\/IMG_0523-1-901x1200.jpeg\" alt=\"\" class=\"wp-image-281152\" srcset=\"https:\/\/www.tele-radio.com\/app\/uploads\/IMG_0523-1-901x1200.jpeg 901w, https:\/\/www.tele-radio.com\/app\/uploads\/IMG_0523-1-300x400.jpeg 300w, https:\/\/www.tele-radio.com\/app\/uploads\/IMG_0523-1-768x1023.jpeg 768w, https:\/\/www.tele-radio.com\/app\/uploads\/IMG_0523-1-1153x1536.jpeg 1153w, https:\/\/www.tele-radio.com\/app\/uploads\/IMG_0523-1-1537x2048.jpeg 1537w, https:\/\/www.tele-radio.com\/app\/uploads\/IMG_0523-1-563x750.jpeg 563w, https:\/\/www.tele-radio.com\/app\/uploads\/IMG_0523-1-375x500.jpeg 375w, https:\/\/www.tele-radio.com\/app\/uploads\/IMG_0523-1-1201x1600.jpeg 1201w, https:\/\/www.tele-radio.com\/app\/uploads\/IMG_0523-1-600x800.jpeg 600w, https:\/\/www.tele-radio.com\/app\/uploads\/IMG_0523-1-scaled.jpeg 1921w\" sizes=\"auto, (max-width: 901px) 100vw, 901px\" \/><\/figure>\n<\/div>\n<\/div>\n\n\n\n<h2 class=\"wp-block-heading\"><strong>Panther and Tiger<\/strong><\/h2>\n\n\n\n<p><br>Ze swojego biura &#8211; znajduj\u0105cego si\u0119 przy wej\u015bciu na g\u0142\u00f3wny teren zak\u0142adu &#8211; Van Lierop wyja\u015bnia, jak rozwin\u0119\u0142a si\u0119 wsp\u00f3\u0142praca z Tele Radio. \u201eU\u017cywamy system\u00f3w <strong>Panther<\/strong> i <strong>Tiger<\/strong> firmy Tele Radio od oko\u0142o pi\u0119ciu lat. Korzystamy te\u017c z dw\u00f3ch innych marek. Z czasem ograniczymy to wy\u0142\u0105cznie do Tele Radio.\u201d<\/p>\n\n\n\n<p>\u201eNasz dostawca d\u017awig\u00f3w wskaza\u0142 Tele Radio jako preferowane rozwi\u0105zanie. To by\u0142 decyduj\u0105cy czynnik\u201d &#8211; wspomina Van Lierop. \u201eObecnie mamy ju\u017c tak wiele nadajnik\u00f3w Tele Radio w u\u017cyciu, \u017ce planujemy scentralizowa\u0107 konserwacj\u0119, naprawy oraz magazyn cz\u0119\u015bci zamiennych u siebie w zak\u0142adzie.\u201d<\/p>\n\n\n\n<p><em><br><em>Artyku\u0142 kontynuowany pod zdj\u0119ciem.<\/em><\/em><\/p>\n\n\n\n<figure class=\"wp-block-image size-large\"><img loading=\"lazy\" decoding=\"async\" width=\"1200\" height=\"900\" src=\"https:\/\/www.tele-radio.com\/app\/uploads\/\/IMG_0546-1200x900.jpeg\" alt=\"\" class=\"wp-image-281273\" srcset=\"https:\/\/www.tele-radio.com\/app\/uploads\/IMG_0546-1200x900.jpeg 1200w, https:\/\/www.tele-radio.com\/app\/uploads\/IMG_0546-400x300.jpeg 400w, https:\/\/www.tele-radio.com\/app\/uploads\/IMG_0546-768x576.jpeg 768w, https:\/\/www.tele-radio.com\/app\/uploads\/IMG_0546-1536x1152.jpeg 1536w, https:\/\/www.tele-radio.com\/app\/uploads\/IMG_0546-2048x1536.jpeg 2048w, https:\/\/www.tele-radio.com\/app\/uploads\/IMG_0546-750x562.jpeg 750w, https:\/\/www.tele-radio.com\/app\/uploads\/IMG_0546-500x375.jpeg 500w, https:\/\/www.tele-radio.com\/app\/uploads\/IMG_0546-1600x1200.jpeg 1600w, https:\/\/www.tele-radio.com\/app\/uploads\/IMG_0546-800x600.jpeg 800w\" sizes=\"auto, (max-width: 1200px) 100vw, 1200px\" \/><\/figure>\n\n\n\n<div style=\"height:50px\" aria-hidden=\"true\" class=\"wp-block-spacer\"><\/div>\n\n\n\n<h2 class=\"wp-block-heading\"><strong><strong><br><strong>Szkolenia prowadzone przez Tele Radio<\/strong><\/strong><\/strong><\/h2>\n\n\n\n<p><br>Przede wszystkim to, \u017ce w ca\u0142ej fabryce dzia\u0142a jeden sp\u00f3jny system, jest wielk\u0105 korzy\u015bci\u0105 dla dzia\u0142u technicznego Lammers Concrete. \u201eJe\u015bli pracuj\u0119 z trzema r\u00f3\u017cnymi systemami, m\u00f3j zesp\u00f3\u0142 techniczny musi zna\u0107 wszystkie trzy.\u201d<\/p>\n\n\n\n<p>Tele Radio szkoli r\u00f3wnie\u017c personel techniczny Lammers Concrete. Van Lierop wyja\u015bnia:<br>\u201eJe\u015bli zdob\u0119dziemy wiedz\u0119 na temat bezprzewodowych system\u00f3w sterowania Tele Radio, oszcz\u0119dzamy czas, kt\u00f3ry w przeciwnym razie musieliby\u015bmy po\u015bwi\u0119ci\u0107 na koordynacj\u0119 z dzia\u0142em serwisowym Tele Radio.\u201d<\/p>\n\n\n\n<div style=\"height:20px\" aria-hidden=\"true\" class=\"wp-block-spacer\"><\/div>\n\n\n\n<h2 class=\"wp-block-heading\"><strong><strong><br><strong>Trudno je zepsu\u0107<\/strong><\/strong><\/strong><\/h2>\n\n\n\n<div class=\"wp-block-columns is-layout-flex wp-container-core-columns-is-layout-9d6595d7 wp-block-columns-is-layout-flex\">\n<div class=\"wp-block-column is-layout-flow wp-block-column-is-layout-flow\">\n<figure class=\"wp-block-image size-large\"><img loading=\"lazy\" decoding=\"async\" width=\"900\" height=\"1200\" src=\"https:\/\/www.tele-radio.com\/app\/uploads\/\/IMG_0539-vertical-900x1200.jpeg\" alt=\"\" class=\"wp-image-281040\" srcset=\"https:\/\/www.tele-radio.com\/app\/uploads\/IMG_0539-vertical-900x1200.jpeg 900w, https:\/\/www.tele-radio.com\/app\/uploads\/IMG_0539-vertical-300x400.jpeg 300w, https:\/\/www.tele-radio.com\/app\/uploads\/IMG_0539-vertical-768x1024.jpeg 768w, https:\/\/www.tele-radio.com\/app\/uploads\/IMG_0539-vertical-1152x1536.jpeg 1152w, https:\/\/www.tele-radio.com\/app\/uploads\/IMG_0539-vertical-1535x2048.jpeg 1535w, https:\/\/www.tele-radio.com\/app\/uploads\/IMG_0539-vertical-562x750.jpeg 562w, https:\/\/www.tele-radio.com\/app\/uploads\/IMG_0539-vertical-375x500.jpeg 375w, https:\/\/www.tele-radio.com\/app\/uploads\/IMG_0539-vertical-1200x1600.jpeg 1200w, https:\/\/www.tele-radio.com\/app\/uploads\/IMG_0539-vertical-600x800.jpeg 600w, https:\/\/www.tele-radio.com\/app\/uploads\/IMG_0539-vertical-scaled.jpeg 1919w\" sizes=\"auto, (max-width: 900px) 100vw, 900px\" \/><\/figure>\n<\/div>\n\n\n\n<div class=\"wp-block-column is-layout-flow wp-block-column-is-layout-flow\">\n<p>W Lammers Concrete nadajniki Tele Radio s\u0105 u\u017cywane <strong>przez ca\u0142\u0105 dob\u0119<\/strong>. Jak sprawdzaj\u0105 si\u0119 przy tak intensywnej eksploatacji? <br>\u201eFolie naklejane na prz\u00f3d nadajnika sta\u0142y si\u0119 u nas elementem codziennego wyposa\u017cenia\u201d &#8211; m\u00f3wi in\u017cynier serwisu <strong>Dave van Kessel<\/strong>, oprowadzaj\u0105c po zak\u0142adzie. \u201eSpecjalne folie zaprojektowane dla nas przez Tele Radio nie wytrzymuj\u0105 d\u0142u\u017cej ni\u017c <strong>sze\u015b\u0107 miesi\u0119cy<\/strong> &#8211; co jest zrozumia\u0142e, bior\u0105c pod uwag\u0119 intensywno\u015b\u0107 u\u017cytkowania pilot\u00f3w &#8211; dlatego standardowo utrzymujemy je w zapasie.\u201d<\/p>\n\n\n\n<p><br>\u201ePoza tym nadajniki Tele Radio naprawd\u0119 trudno zepsu\u0107\u201d &#8211; dodaje Van Kessel. \u201eChyba \u017ce kto\u015b upu\u015bci je z wysoko\u015bci albo przejedzie po nich pojazdem. Ale wtedy ka\u017cdy nadajnik przesta\u0142by dzia\u0142a\u0107.\u201d<\/p>\n<\/div>\n<\/div>\n\n\n\n<div class=\"wp-block-group\" style=\"padding-top:60px;padding-bottom:60px\"><div class=\"wp-block-group__inner-container is-layout-flow wp-block-group-is-layout-flow\">\n<h2 class=\"wp-block-heading has-text-align-center has-kelp-color has-text-color\"><br><strong>Dlaczego Tele Radio?<\/strong><\/h2>\n\n\n\n<div class=\"wp-block-columns is-layout-flex wp-container-core-columns-is-layout-7501fc45 wp-block-columns-is-layout-flex\" style=\"padding-top:40px\">\n<div class=\"wp-block-column is-layout-flow wp-block-column-is-layout-flow\">\n<h3 class=\"wp-block-heading has-amber-color has-text-color\"><strong><strong>Proporcjonalna precyzja<\/strong><\/strong><\/h3>\n\n\n\n<p class=\"has-gray-color has-text-color\">P\u0142ynny ruch bez szarpni\u0119\u0107 chroni si\u0142owniki, konstrukcje oraz osoby znajduj\u0105ce si\u0119 w pobli\u017cu.<\/p>\n<\/div>\n\n\n\n<div class=\"wp-block-column is-layout-flow wp-block-column-is-layout-flow\">\n<h3 class=\"wp-block-heading has-amber-color has-text-color\"><strong><strong>Odporno\u015b\u0107 na trudne warunki<\/strong><\/strong><\/h3>\n\n\n\n<p class=\"has-gray-color has-text-color\">Nadajniki odporne na temperatury od <strong>\u201320 \u00b0C<\/strong> do <strong>+55 \u00b0C<\/strong>, z obudowami o klasie szczelno\u015bci IP, chroni\u0105cymi przed py\u0142em.<\/p>\n<\/div>\n\n\n\n<div class=\"wp-block-column is-layout-flow wp-block-column-is-layout-flow\">\n<h3 class=\"wp-block-heading has-amber-color has-text-color\"><strong><strong>Modularna elastyczno\u015b\u0107<\/strong><\/strong><\/h3>\n\n\n\n<p class=\"has-gray-color has-text-color\">Od kompaktowych nadajnik\u00f3w przyciskowych po nadajniki noszone przy pasie; <strong>CAN-bus, SAE-J1939 lub sygna\u0142 analogowy<\/strong> &#8211; mo\u017cliwo\u015b\u0107 integracji z dowolnym systemem.<\/p>\n<\/div>\n<\/div>\n\n\n\n<p><\/p>\n<\/div><\/div>\n\n\n\n<div style=\"height:33px\" aria-hidden=\"true\" class=\"wp-block-spacer\"><\/div>\n\n\n\n<h2 class=\"wp-block-heading has-text-align-center\">Zapraszamy do kontaktu!<\/h2>\n\n\n\n<p><\/p>\n\n\n\n<div style=\"height:33px\" aria-hidden=\"true\" class=\"wp-block-spacer\"><\/div>\n","protected":false},"excerpt":{"rendered":"<p>Lammers Concrete: \u201cNadajnik Tele Radio trudno zepsu\u0107\u201d \u201cBez d\u017awig\u00f3w nic si\u0119 nie zrobi\u201d &#8211; m\u00f3wi Jan van Lierop, kierownik produkcji w Lammers Concrete. \u201eJe\u015bli chodzi o podnoszenie ci\u0119\u017car\u00f3w, nasze go\u0142e r\u0119ce niewiele mog\u0105. To, do czego faktycznie u\u017cywamy r\u0105k, to obs\u0142uga bezprzewodowego pilota. Tworzy on bezpieczniejsze \u015brodowisko pracy dla naszych ludzi \u2013 znacznie bardziej ni\u017c [&hellip;]<\/p>\n","protected":false},"author":29,"featured_media":281171,"parent":0,"menu_order":0,"comment_status":"closed","ping_status":"closed","template":"content-customer-stories.php","meta":{"_acf_changed":false,"footnotes":""},"class_list":["post-284874","page","type-page","status-publish","has-post-thumbnail","hentry"],"acf":[],"_links":{"self":[{"href":"https:\/\/www.tele-radio.com\/pl\/wp-json\/wp\/v2\/pages\/284874","targetHints":{"allow":["GET"]}}],"collection":[{"href":"https:\/\/www.tele-radio.com\/pl\/wp-json\/wp\/v2\/pages"}],"about":[{"href":"https:\/\/www.tele-radio.com\/pl\/wp-json\/wp\/v2\/types\/page"}],"author":[{"embeddable":true,"href":"https:\/\/www.tele-radio.com\/pl\/wp-json\/wp\/v2\/users\/29"}],"replies":[{"embeddable":true,"href":"https:\/\/www.tele-radio.com\/pl\/wp-json\/wp\/v2\/comments?post=284874"}],"version-history":[{"count":2,"href":"https:\/\/www.tele-radio.com\/pl\/wp-json\/wp\/v2\/pages\/284874\/revisions"}],"predecessor-version":[{"id":284880,"href":"https:\/\/www.tele-radio.com\/pl\/wp-json\/wp\/v2\/pages\/284874\/revisions\/284880"}],"wp:featuredmedia":[{"embeddable":true,"href":"https:\/\/www.tele-radio.com\/pl\/wp-json\/wp\/v2\/media\/281171"}],"wp:attachment":[{"href":"https:\/\/www.tele-radio.com\/pl\/wp-json\/wp\/v2\/media?parent=284874"}],"curies":[{"name":"wp","href":"https:\/\/api.w.org\/{rel}","templated":true}]}}