{"id":273199,"date":"2025-11-04T09:38:39","date_gmt":"2025-11-04T09:38:39","guid":{"rendered":"https:\/\/www.tele-radio.com\/strong-machines-tele-radio-safe-precise-crane-control\/"},"modified":"2025-11-12T09:17:13","modified_gmt":"2025-11-12T09:17:13","slug":"strong-machines","status":"publish","type":"page","link":"https:\/\/www.tele-radio.com\/pl\/strong-machines\/","title":{"rendered":"Strong Machines: \u201eTele Radio to co\u015b wi\u0119cej ni\u017c dostawca &#8211; to partner strategiczny\u201d"},"content":{"rendered":"\n<div class=\"wp-block-cover\" style=\"min-height:360px;aspect-ratio:unset;\"><img loading=\"lazy\" decoding=\"async\" width=\"1200\" height=\"675\" class=\"wp-block-cover__image-background wp-image-272497 size-large\" alt=\"\" src=\"https:\/\/www.tele-radio.com\/app\/uploads\/\/Banner_1-2-1200x675.png\" style=\"object-position:56% 82%\" data-object-fit=\"cover\" data-object-position=\"56% 82%\" srcset=\"https:\/\/www.tele-radio.com\/app\/uploads\/Banner_1-2-1200x675.png 1200w, https:\/\/www.tele-radio.com\/app\/uploads\/Banner_1-2-400x225.png 400w, https:\/\/www.tele-radio.com\/app\/uploads\/Banner_1-2-768x432.png 768w, https:\/\/www.tele-radio.com\/app\/uploads\/Banner_1-2-1536x863.png 1536w, https:\/\/www.tele-radio.com\/app\/uploads\/Banner_1-2-2048x1151.png 2048w, https:\/\/www.tele-radio.com\/app\/uploads\/Banner_1-2-750x422.png 750w, https:\/\/www.tele-radio.com\/app\/uploads\/Banner_1-2-500x281.png 500w, https:\/\/www.tele-radio.com\/app\/uploads\/Banner_1-2-1600x899.png 1600w, https:\/\/www.tele-radio.com\/app\/uploads\/Banner_1-2-800x450.png 800w\" sizes=\"auto, (max-width: 1200px) 100vw, 1200px\" \/><span aria-hidden=\"true\" class=\"wp-block-cover__background has-black-background-color has-background-dim\"><\/span><div class=\"wp-block-cover__inner-container is-layout-constrained wp-block-cover-is-layout-constrained\"><h2 class=\"wp-block-post-title has-x-large-font-size\">Strong Machines: \u201eTele Radio to co\u015b wi\u0119cej ni\u017c dostawca &#8211; to partner strategiczny\u201d<\/h2><\/div><\/div>\n\n\n\n<h2 class=\"wp-block-heading\"><br>Lokalna dost\u0119pno\u015b\u0107 cz\u0119\u015bci zamiennych, szkolenie personelu na miejscu oraz elastyczno\u015b\u0107 w zakresie dostaw i serwisu &#8211; to g\u0142\u00f3wne powody, dla kt\u00f3rych firma Strong Machines zdecydowa\u0142a si\u0119 na wsp\u00f3\u0142prac\u0119 z Tele Radio.<\/h2>\n\n\n\n<p><strong><br><strong>Podczas podnoszenia \u0142adunk\u00f3w za pomoc\u0105 dw\u00f3ch suwnic pracuj\u0105cych w tandemie nie ma miejsca na b\u0142\u0105d. Dla Strong Machines, brazylijskiego producenta z po\u0142udniowego stanu Rio Grande do Sul, to codzienno\u015b\u0107. \u201eNasze partnerstwo z Tele Radio pozwala nam stale monitorowa\u0107 operacje tandemowe i mie\u0107 nad nimi pe\u0142n\u0105 kontrol\u0119.\u201d<\/strong><\/strong><\/p>\n\n\n\n<p><br>Operacje z u\u017cyciem dw\u00f3ch suwnic jednocze\u015bnie wi\u0105\u017c\u0105 si\u0119 z ryzykiem. Suwnice pracuj\u0105ce r\u00f3wnolegle musz\u0105 porusza\u0107 si\u0119 w idealnej synchronizacji. Przy przenoszeniu d\u0142ugich lub ci\u0119\u017ckich \u0142adunk\u00f3w nawet niewielkie r\u00f3\u017cnice w po\u0142o\u017ceniu mog\u0105 prowadzi\u0107 do niebezpiecznych napr\u0119\u017ce\u0144 lub uszkodzenia sprz\u0119tu.<\/p>\n\n\n\n<p><br>Firma Strong Machines, z siedzib\u0105 w Caxias do Sul na po\u0142udniu Brazylii, potrzebowa\u0142a bezprzewodowego systemu sterowania, kt\u00f3ry zapewni operatorom pe\u0142n\u0105 swobod\u0119 ruchu &#8211; bez kompromis\u00f3w w zakresie precyzji.<\/p>\n\n\n\n<h2 class=\"wp-block-heading\"><strong><br><strong>P\u0142ynne i precyzyjne sterowanie \u0142adunkiem dzi\u0119ki Tele Radio Tiger<\/strong><\/strong><\/h2>\n\n\n\n<p><br>System <strong>Tele Radio Tiger<\/strong> doskonale odpowiada na te wyzwania. Jego proporcjonalne sterowanie umo\u017cliwia operatorom p\u0142ynn\u0105 regulacj\u0119 pr\u0119dko\u015bci ruchu poprzez zmian\u0119 nacisku na przyciski steruj\u0105ce &#8211; co jest kluczowe dla precyzyjnego i bezpiecznego manewrowania \u0142adunkami. Nadajniki posiadaj\u0105 awaryjny przycisk stop, certyfikowany zgodnie z normami <strong>PLd\/SIL3 &#8211; <\/strong>po jego wci\u015bni\u0119ciu praca urz\u0105dzenia zostaje natychmiast wstrzymana.<\/p>\n\n\n\n<p><br>W trybie tandemowym jeden nadajnik steruje obiema suwnicami jednocze\u015bnie &#8211; pozwalaj\u0105c im porusza\u0107 si\u0119 do przodu, do ty\u0142u lub na boki w doskona\u0142ej synchronizacji. Operatorzy mog\u0105 w ka\u017cdej chwili prze\u0142\u0105cza\u0107 si\u0119 mi\u0119dzy sterowaniem indywidualnym a zsynchronizowanym, w zale\u017cno\u015bci od rodzaju wykonywanego zadania.<\/p>\n\n\n\n<figure class=\"wp-block-pullquote\"><blockquote><p>\u201cTele Radio okaza\u0142o si\u0119 czym\u015b wi\u0119cej ni\u017c tylko dostawc\u0105 &#8211; stali si\u0119 partnerem strategicznym, kt\u00f3ry rozumie nasze wyzwania, wspiera nas szkoleniami i dostarcza rozwi\u0105zanie idealnie dopasowane do naszego produktu.\u201d<\/p><cite>Markus Grallert, Dyrektor, Strong Machines<\/cite><\/blockquote><\/figure>\n\n\n\n<h2 class=\"wp-block-heading\"><strong><br><strong>Szkolenie na miejscu i sta\u0142e wsparcie techniczne<\/strong><\/strong><\/h2>\n\n\n\n<p><br>Firma Strong Machines wybra\u0142a Tele Radio nie tylko ze wzgl\u0119du na jako\u015b\u0107 sprz\u0119tu. Instalacja systemu zosta\u0142a przeprowadzona szybko i bez zak\u0142\u00f3ce\u0144 &#8211; co by\u0142o kluczowe dla utrzymania harmonogramu produkcji. Dodatkowo, Tele Radio zapewni\u0142o szkolenie operator\u00f3w na miejscu oraz sta\u0142e wsparcie techniczne, dzi\u0119ki czemu zesp\u00f3\u0142 Strong Machines m\u00f3g\u0142 efektywnie korzysta\u0107 z systemu od pierwszego dnia.<\/p>\n\n\n\n<hr class=\"wp-block-separator has-alpha-channel-opacity\"\/>\n\n\n\n<div class=\"wp-block-columns is-layout-flex wp-container-core-columns-is-layout-9d6595d7 wp-block-columns-is-layout-flex\">\n<div class=\"wp-block-column is-layout-flow wp-block-column-is-layout-flow\">\n<figure class=\"wp-block-embed is-type-video is-provider-youtube wp-block-embed-youtube wp-embed-aspect-16-9 wp-has-aspect-ratio\"><div class=\"wp-block-embed__wrapper\">\n<iframe loading=\"lazy\" title=\"Strong Machines &amp; Tele Radio: Safe, Precise Crane Control\" width=\"500\" height=\"281\" src=\"https:\/\/www.youtube.com\/embed\/sCCkOmVvXZc?feature=oembed\" frameborder=\"0\" allow=\"accelerometer; autoplay; clipboard-write; encrypted-media; gyroscope; picture-in-picture; web-share\" referrerpolicy=\"strict-origin-when-cross-origin\" allowfullscreen><\/iframe>\n<\/div><\/figure>\n<\/div>\n\n\n\n<div class=\"wp-block-column is-layout-flow wp-block-column-is-layout-flow\">\n<h2 class=\"wp-block-heading\">Wyzwanie<\/h2>\n\n\n\n<ul class=\"wp-block-list\">\n<li><strong>Precyzja i koordynacja:<\/strong> jednoczesna praca dw\u00f3ch suwnic wymaga idealnej synchronizacji &#8211; nawet niewielkie przesuni\u0119cia mog\u0105 prowadzi\u0107 do nier\u00f3wnomiernych napr\u0119\u017ce\u0144, uszkodzenia sprz\u0119tu lub wypadk\u00f3w.<\/li>\n\n\n\n<li><strong>Bezpiecze\u0144stwo i mobilno\u015b\u0107 operatora:<\/strong> operatorzy musz\u0105 mie\u0107 pe\u0142n\u0105 swobod\u0119 ruchu, nie trac\u0105c przy tym dok\u0142adnej kontroli nad urz\u0105dzeniem.<\/li>\n\n\n\n<li><strong>Minimalizacja przestoj\u00f3w:<\/strong> wdro\u017cenie nowego systemu sterowania radiowego musia\u0142o odby\u0107 si\u0119 przy minimalnych zak\u0142\u00f3ceniach produkcji.<\/li>\n<\/ul>\n<\/div>\n<\/div>\n\n\n\n<div class=\"wp-block-columns is-layout-flex wp-container-core-columns-is-layout-9d6595d7 wp-block-columns-is-layout-flex\">\n<div class=\"wp-block-column is-layout-flow wp-block-column-is-layout-flow\">\n<h2 class=\"wp-block-heading\">Rozwi\u0105zanie<\/h2>\n\n\n\n<ul class=\"wp-block-list\">\n<li><strong>Elastyczno\u015b\u0107:<\/strong> jeden operator mo\u017ce sterowa\u0107 obiema suwnicami z dowolnego, najlepszego punktu obserwacyjnego.<\/li>\n\n\n\n<li><strong>Sterowanie proporcjonalne:<\/strong> precyzyjna regulacja pr\u0119dko\u015bci ruchu suwnic.<\/li>\n\n\n\n<li><strong>Certyfikacja:<\/strong> awaryjny przycisk zatrzymania z certyfikatem <strong>PLd\/SIL3<\/strong> zapewnia natychmiastowe zatrzymanie pracy.<\/li>\n\n\n\n<li><strong>Synchronizacja:<\/strong> ci\u0105g\u0142a komunikacja mi\u0119dzy suwnicami gwarantuje ich idealne wyr\u00f3wnanie.<\/li>\n\n\n\n<li><strong>Instalacja:<\/strong> minimalne modyfikacje istniej\u0105cego sprz\u0119tu.<\/li>\n\n\n\n<li><strong>Wsparcie:<\/strong> Tele Radio Brazil zapewni\u0142o pe\u0142ne szkolenie operator\u00f3w oraz pomoc techniczn\u0105 na miejscu.<\/li>\n<\/ul>\n<\/div>\n\n\n\n<div class=\"wp-block-column is-layout-flow wp-block-column-is-layout-flow\">\n<figure class=\"wp-block-image size-full\"><img loading=\"lazy\" decoding=\"async\" width=\"780\" height=\"754\" src=\"https:\/\/www.tele-radio.com\/app\/uploads\/Screenshot-2025-11-04-at-9.55.45\u202fAM.png\" alt=\"\" class=\"wp-image-272435\" srcset=\"https:\/\/www.tele-radio.com\/app\/uploads\/Screenshot-2025-11-04-at-9.55.45\u202fAM.png 780w, https:\/\/www.tele-radio.com\/app\/uploads\/Screenshot-2025-11-04-at-9.55.45\u202fAM-400x387.png 400w, https:\/\/www.tele-radio.com\/app\/uploads\/Screenshot-2025-11-04-at-9.55.45\u202fAM-768x742.png 768w, https:\/\/www.tele-radio.com\/app\/uploads\/Screenshot-2025-11-04-at-9.55.45\u202fAM-750x725.png 750w, https:\/\/www.tele-radio.com\/app\/uploads\/Screenshot-2025-11-04-at-9.55.45\u202fAM-500x483.png 500w\" sizes=\"auto, (max-width: 780px) 100vw, 780px\" \/><\/figure>\n<\/div>\n<\/div>\n\n\n\n<hr class=\"wp-block-separator has-alpha-channel-opacity\"\/>\n\n\n\n<section id=\"contact\" class=\"wp-block-group contact-section has-black-color has-luminous-vivid-amber-background-color has-text-color has-background has-link-color wp-elements-f9770fcbc70542e977cf8030170e7451\" style=\"padding-top:60px;padding-bottom:60px\"><div class=\"wp-block-group__inner-container is-layout-flow wp-block-group-is-layout-flow\">\n<h2 class=\"wp-block-heading has-text-align-center has-black-color has-text-color\">Zapraszamy do kontaktu!<\/h2>\n\n\n\n<p class=\"has-text-align-center has-black-color has-text-color\">Masz w\u0142asny projekt, kt\u00f3ry wymaga indywidualnego podej\u015bcia do sterowania? <br><a href=\"https:\/\/www.tele-radio.com\/pl\/kontakt\/\">Zapraszamy do kontaktu!<\/a><\/p>\n<\/div><\/section>\n\n\n\n<p><\/p>\n","protected":false},"excerpt":{"rendered":"<p>Lokalna dost\u0119pno\u015b\u0107 cz\u0119\u015bci zamiennych, szkolenie personelu na miejscu oraz elastyczno\u015b\u0107 w zakresie dostaw i serwisu &#8211; to g\u0142\u00f3wne powody, dla kt\u00f3rych firma Strong Machines zdecydowa\u0142a si\u0119 na wsp\u00f3\u0142prac\u0119 z Tele Radio. Podczas podnoszenia \u0142adunk\u00f3w za pomoc\u0105 dw\u00f3ch suwnic pracuj\u0105cych w tandemie nie ma miejsca na b\u0142\u0105d. Dla Strong Machines, brazylijskiego producenta z po\u0142udniowego stanu Rio [&hellip;]<\/p>\n","protected":false},"author":29,"featured_media":272485,"parent":0,"menu_order":0,"comment_status":"closed","ping_status":"closed","template":"content-customer-stories.php","meta":{"_acf_changed":false,"footnotes":""},"class_list":["post-273199","page","type-page","status-publish","has-post-thumbnail","hentry"],"acf":[],"_links":{"self":[{"href":"https:\/\/www.tele-radio.com\/pl\/wp-json\/wp\/v2\/pages\/273199","targetHints":{"allow":["GET"]}}],"collection":[{"href":"https:\/\/www.tele-radio.com\/pl\/wp-json\/wp\/v2\/pages"}],"about":[{"href":"https:\/\/www.tele-radio.com\/pl\/wp-json\/wp\/v2\/types\/page"}],"author":[{"embeddable":true,"href":"https:\/\/www.tele-radio.com\/pl\/wp-json\/wp\/v2\/users\/29"}],"replies":[{"embeddable":true,"href":"https:\/\/www.tele-radio.com\/pl\/wp-json\/wp\/v2\/comments?post=273199"}],"version-history":[{"count":1,"href":"https:\/\/www.tele-radio.com\/pl\/wp-json\/wp\/v2\/pages\/273199\/revisions"}],"predecessor-version":[{"id":273205,"href":"https:\/\/www.tele-radio.com\/pl\/wp-json\/wp\/v2\/pages\/273199\/revisions\/273205"}],"wp:featuredmedia":[{"embeddable":true,"href":"https:\/\/www.tele-radio.com\/pl\/wp-json\/wp\/v2\/media\/272485"}],"wp:attachment":[{"href":"https:\/\/www.tele-radio.com\/pl\/wp-json\/wp\/v2\/media?parent=273199"}],"curies":[{"name":"wp","href":"https:\/\/api.w.org\/{rel}","templated":true}]}}