{"id":261973,"date":"2025-06-16T11:36:20","date_gmt":"2025-06-16T11:36:20","guid":{"rendered":"https:\/\/www.tele-radio.com\/vdl-container-systems-tele-radio-ensures-our-users-safety\/"},"modified":"2025-06-18T08:44:13","modified_gmt":"2025-06-18T08:44:13","slug":"vdl-container-systems","status":"publish","type":"page","link":"https:\/\/www.tele-radio.com\/pl\/vdl-container-systems\/","title":{"rendered":"VDL Container Systems"},"content":{"rendered":"\n<div style=\"height:100px\" aria-hidden=\"true\" class=\"wp-block-spacer\"><\/div>\n\n\n\n<div class=\"wp-block-cover aligncenter\" style=\"min-height:500px;aspect-ratio:unset;\"><img loading=\"lazy\" decoding=\"async\" width=\"2560\" height=\"1707\" class=\"wp-block-cover__image-background wp-image-261238 size-full\" alt=\"\" src=\"https:\/\/www.tele-radio.com\/app\/uploads\/SAEYS_Tele_Radio_VDL_Containersystemen_8150-scaled.jpg\" style=\"object-position:48% 49%\" data-object-fit=\"cover\" data-object-position=\"48% 49%\" srcset=\"https:\/\/www.tele-radio.com\/app\/uploads\/SAEYS_Tele_Radio_VDL_Containersystemen_8150-scaled.jpg 2560w, https:\/\/www.tele-radio.com\/app\/uploads\/SAEYS_Tele_Radio_VDL_Containersystemen_8150-400x267.jpg 400w, https:\/\/www.tele-radio.com\/app\/uploads\/SAEYS_Tele_Radio_VDL_Containersystemen_8150-1200x800.jpg 1200w, https:\/\/www.tele-radio.com\/app\/uploads\/SAEYS_Tele_Radio_VDL_Containersystemen_8150-768x512.jpg 768w, https:\/\/www.tele-radio.com\/app\/uploads\/SAEYS_Tele_Radio_VDL_Containersystemen_8150-1536x1024.jpg 1536w, https:\/\/www.tele-radio.com\/app\/uploads\/SAEYS_Tele_Radio_VDL_Containersystemen_8150-2048x1365.jpg 2048w, https:\/\/www.tele-radio.com\/app\/uploads\/SAEYS_Tele_Radio_VDL_Containersystemen_8150-750x500.jpg 750w, https:\/\/www.tele-radio.com\/app\/uploads\/SAEYS_Tele_Radio_VDL_Containersystemen_8150-500x333.jpg 500w, https:\/\/www.tele-radio.com\/app\/uploads\/SAEYS_Tele_Radio_VDL_Containersystemen_8150-1600x1067.jpg 1600w, https:\/\/www.tele-radio.com\/app\/uploads\/SAEYS_Tele_Radio_VDL_Containersystemen_8150-800x533.jpg 800w\" sizes=\"auto, (max-width: 2560px) 100vw, 2560px\" \/><span aria-hidden=\"true\" class=\"wp-block-cover__background has-background-dim-60 has-background-dim\"><\/span><div class=\"wp-block-cover__inner-container is-layout-flow wp-block-cover-is-layout-flow\">\n<div class=\"wp-block-group is-vertical is-content-justification-center is-layout-flex wp-container-core-group-is-layout-19dca076 wp-block-group-is-layout-flex\">\n<h1 class=\"wp-block-heading has-text-align-center has-white-color has-text-color\" style=\"font-size:56px\"><br>VDL Container Systems: \u201eTele Radio zapewnia bezpiecze\u0144stwo naszym u\u017cytkownikom\u201d<\/h1>\n\n\n\n<p class=\"has-text-align-center has-white-color has-text-color\" style=\"font-size:22px\"><br>VDL Container Systems produkuje systemy do obs\u0142ugi kontener\u00f3w i polega na rozwi\u0105zaniach firmy Tele Radio, kt\u00f3re zapewniaj\u0105 bezpieczne, bezprzewodowe sterowanie.<\/p>\n\n\n\n<div class=\"wp-block-buttons is-content-justification-center is-layout-flex wp-container-core-buttons-is-layout-16018d1d wp-block-buttons-is-layout-flex\">\n<div class=\"wp-block-button\"><a class=\"wp-block-button__link has-kelp-color has-amber-background-color has-text-color has-background has-custom-font-size wp-element-button\" href=\"https:\/\/www.tele-radio.com\/pl\/kontakt\/\" style=\"border-radius:4px;font-size:20px\">Popro\u015b o demo<\/a><\/div>\n<\/div>\n<\/div>\n<\/div><\/div>\n\n\n\n<div class=\"wp-block-group\" style=\"padding-top:80px;padding-bottom:60px\"><div class=\"wp-block-group__inner-container is-layout-flow wp-block-group-is-layout-flow\">\n<div class=\"wp-block-columns are-vertically-aligned-center is-layout-flex wp-container-core-columns-is-layout-a0017d07 wp-block-columns-is-layout-flex\">\n<div class=\"wp-block-column is-vertically-aligned-center is-layout-flow wp-block-column-is-layout-flow\" style=\"flex-basis:50%\">\n<h2 class=\"wp-block-heading has-kelp-color has-text-color\">Wyzwanie<\/h2>\n\n\n\n<p><br>Operatorzy obs\u0142uguj\u0105cy kontenery codziennie mierz\u0105 si\u0119 z wieloma powa\u017cnymi zagro\u017ceniami:<\/p>\n\n\n\n<ul class=\"wp-block-list\">\n<li><strong>Ograniczona widoczno\u015b\u0107<\/strong> wok\u00f3\u0142 system\u00f3w typu hakowiec, skip loader czy system\u00f3w \u0142a\u0144cuchowych utrudnia ocen\u0119 obrotu lub ryzyka przewr\u00f3cenia.<\/li>\n\n\n\n<li><strong>Wstrz\u0105sy hydrauliczne<\/strong> spowodowane przyciskami dwu- lub tr\u00f3jpozycyjnymi mog\u0105 powodowa\u0107 nag\u0142e ruchy \u0142adunku, co grozi jego przewr\u00f3ceniem.<\/li>\n\n\n\n<li><strong>Ekstremalne warunki<\/strong> &#8211; od rozgrzanych piec\u00f3w przemys\u0142owych, po mro\u017ane place za\u0142adunkowe w krajach nordyckich &#8211; obci\u0105\u017caj\u0105 zar\u00f3wno ludzi, jak i sprz\u0119t, zwi\u0119kszaj\u0105c ryzyko awarii po\u0142\u0105czenia i wypadk\u00f3w.<\/li>\n<\/ul>\n\n\n\n<p>Jedno przerwane po\u0142\u0105czenie mi\u0119dzy nadajnikiem a odbiornikiem oznacza utrat\u0119 kontroli &#8211; z kosztownymi, a czasem \u015bmiertelnymi skutkami.<\/p>\n<\/div>\n\n\n\n<div class=\"wp-block-column is-vertically-aligned-center is-layout-flow wp-block-column-is-layout-flow\" style=\"flex-basis:50%\">\n<figure class=\"wp-block-image size-large\"><img loading=\"lazy\" decoding=\"async\" width=\"1200\" height=\"675\" src=\"https:\/\/www.tele-radio.com\/app\/uploads\/\/Foto-8-1200x675.jpg\" alt=\"\" class=\"wp-image-261732\" style=\"aspect-ratio:1;object-fit:cover\" srcset=\"https:\/\/www.tele-radio.com\/app\/uploads\/Foto-8-1200x675.jpg 1200w, https:\/\/www.tele-radio.com\/app\/uploads\/Foto-8-400x225.jpg 400w, https:\/\/www.tele-radio.com\/app\/uploads\/Foto-8-768x432.jpg 768w, https:\/\/www.tele-radio.com\/app\/uploads\/Foto-8-1536x864.jpg 1536w, https:\/\/www.tele-radio.com\/app\/uploads\/Foto-8-750x422.jpg 750w, https:\/\/www.tele-radio.com\/app\/uploads\/Foto-8-500x281.jpg 500w, https:\/\/www.tele-radio.com\/app\/uploads\/Foto-8-1600x900.jpg 1600w, https:\/\/www.tele-radio.com\/app\/uploads\/Foto-8-800x450.jpg 800w, https:\/\/www.tele-radio.com\/app\/uploads\/Foto-8.jpg 1920w\" sizes=\"auto, (max-width: 1200px) 100vw, 1200px\" \/><\/figure>\n<\/div>\n<\/div>\n<\/div><\/div>\n\n\n\n<div class=\"wp-block-group\" style=\"border-top-color:var(--wp--preset--color--gallery);border-top-width:3px;padding-top:60px;padding-bottom:60px\"><div class=\"wp-block-group__inner-container is-layout-flow wp-block-group-is-layout-flow\">\n<div style=\"height:50px\" aria-hidden=\"true\" class=\"wp-block-spacer\"><\/div>\n\n\n\n<div class=\"wp-block-columns are-vertically-aligned-center is-layout-flex wp-container-core-columns-is-layout-a0017d07 wp-block-columns-is-layout-flex\">\n<div class=\"wp-block-column is-vertically-aligned-center is-layout-flow wp-block-column-is-layout-flow\" style=\"flex-basis:50%\">\n<figure class=\"wp-block-embed is-type-video is-provider-youtube wp-block-embed-youtube wp-embed-aspect-16-9 wp-has-aspect-ratio\"><div class=\"wp-block-embed__wrapper\">\n<iframe loading=\"lazy\" title=\"Tele Radio &amp; VDL Container Systems\" width=\"500\" height=\"281\" src=\"https:\/\/www.youtube.com\/embed\/niwTAvnNVr8?feature=oembed\" frameborder=\"0\" allow=\"accelerometer; autoplay; clipboard-write; encrypted-media; gyroscope; picture-in-picture; web-share\" referrerpolicy=\"strict-origin-when-cross-origin\" allowfullscreen><\/iframe>\n<\/div><\/figure>\n<\/div>\n\n\n\n<div class=\"wp-block-column is-vertically-aligned-center is-layout-flow wp-block-column-is-layout-flow\" style=\"flex-basis:50%\">\n<h2 class=\"wp-block-heading has-kelp-color has-text-color\"><strong>Rozwi\u0105zanie<\/strong><\/h2>\n\n\n\n<p><strong>Proporcjonalne nadajniki Tiger T14-7 i T15-7<\/strong> firmy Tele Radio zapewniaj\u0105 klientom VDL Container Systems precyzyjne sterowanie z bezpiecznej odleg\u0142o\u015bci:<\/p>\n\n\n\n<ul class=\"wp-block-list\">\n<li><strong>Proporcjonalno\u015b\u0107 na poziomie milimetra<\/strong> &#8211; przyciski reaguj\u0105ce na nacisk moduluj\u0105 przep\u0142yw hydrauliczny w czasie rzeczywistym, eliminuj\u0105c szarpanie \u0142adunku.<\/li>\n\n\n\n<li><strong>Bezpieczne, niezawodne po\u0142\u0105czenie<\/strong> &#8211; utrzymuje kontrol\u0119 nawet w najtrudniejszych warunkach.<\/li>\n\n\n\n<li><strong>Zasi\u0119g pracy do 50m<\/strong> &#8211; operatorzy mog\u0105 oddali\u0107 si\u0119 od \u017ar\u00f3de\u0142 ciep\u0142a, ha\u0142asu czy poruszaj\u0105cych si\u0119 obiekt\u00f3w, zachowuj\u0105c pe\u0142n\u0105 widoczno\u015b\u0107 operacji.<\/li>\n<\/ul>\n<\/div>\n<\/div>\n<\/div><\/div>\n\n\n\n<h2 class=\"wp-block-heading has-text-align-left has-black-color has-text-color has-link-color has-large-font-size wp-elements-53a272aa1b889a5d6f14f922cc9985dc\"><strong><br><strong>VDL Container Systems: \u201eTele Radio zapewnia bezpiecze\u0144stwo naszym u\u017cytkownikom\u201d<\/strong><\/strong><\/h2>\n\n\n\n<p><strong><strong>VDL Container Systems produkuje systemy do obs\u0142ugi kontener\u00f3w, a ich klienci codziennie stykaj\u0105 si\u0119 z ryzykiem wypadk\u00f3w: \u201eDzi\u0119ki zdalnemu sterowaniu operatorzy zyskuj\u0105 lepszy ogl\u0105d sytuacji. Mog\u0105 oddali\u0107 si\u0119 od intensywnego ciep\u0142a pieca przemys\u0142owego lub niestabilnej ci\u0119\u017car\u00f3wki podczas roz\u0142adunku. Kluczowe dla bezpiecze\u0144stwa jest niezawodne po\u0142\u0105czenie mi\u0119dzy nadajnikiem a odbiornikiem &#8211; je\u015bli zostanie przerwane, kontrola zostaje utracona.\u201d<\/strong><\/strong><\/p>\n\n\n\n<p>Paul van der Loo, mened\u017cer produktu w VDL Container Systems, oprowadza po zak\u0142adzie firmy w miejscowo\u015bci Hapert &#8211; niewielkiej wsi w regionie, z kt\u00f3rego pochodzi ponad 100 firm nale\u017c\u0105cych obecnie do grupy VDL. Firma VDL Container Systems zosta\u0142a za\u0142o\u017cona w 1999 roku i produkuje systemy hakowe, skiploadery oraz systemy linowe i \u0142a\u0144cuchowe, rozwijaj\u0105c si\u0119 w mi\u0119dzynarodowe przedsi\u0119biorstwo z klientami w ca\u0142ej Europie i poza ni\u0105.<\/p>\n\n\n\n<details class=\"wp-block-details is-layout-flow wp-block-details-is-layout-flow\"><summary>Przeczytaj szczeg\u00f3\u0142y<\/summary>\n<h3 class=\"wp-block-heading\"><strong><strong>Obraz sytuacji<\/strong><\/strong><\/h3>\n\n\n\n<p>\u201eWsp\u00f3\u0142praca VDL Container Systems z Tele Radio rozpocz\u0119\u0142a si\u0119, gdy nasi klienci zacz\u0119li zg\u0142asza\u0107 zagro\u017cenia, z jakimi mierz\u0105 si\u0119 w pracy\u201d &#8211; wspomina Van der Loo. \u201eWyobra\u017a sobie transport roztopionego metalu, \u015bmieciark\u0119, kt\u00f3ra przy roz\u0142adunku mo\u017ce si\u0119 przewr\u00f3ci\u0107, albo dostaw\u0119 w zat\u0142oczonym centrum miasta. Tele Radio pozwala u\u017cytkownikowi cofn\u0105\u0107 si\u0119 i zyska\u0107 pe\u0142ny ogl\u0105d sytuacji.\u201d<\/p>\n\n\n\n<p><em>\u201eWyobra\u017a sobie dostaw\u0119 w centrum miasta w godzinach szczytu. Tele Radio pozwala u\u017cytkownikom zyska\u0107 pe\u0142ny ogl\u0105d sytuacji.\u201d<\/em><\/p>\n\n\n\n<p><strong><em>\u2013 Paul van der Loo, mened\u017cer produktu, VDL Container Systems<\/em><\/strong><\/p>\n\n\n\n<p>VDL Container Systems zdecydowa\u0142o si\u0119 na bezprzewodowe piloty <a href=\"https:\/\/www.tele-radio.com\/pl\/products\/tiger-g2\/tiger-g2-nadajnik-4x2-step-buttons-display-sil3-ple-2\/\">T14-7<\/a> i <a href=\"https:\/\/www.tele-radio.com\/pl\/products\/tiger-g2\/tiger-g2-transmitter-4x2-step-buttons-display-sil3-ple-3\/\">T15-7<\/a> z linii <a href=\"https:\/\/www.tele-radio.com\/pl\/products\/tiger-g2\/\">TIGER<\/a> od Tele Radio. Van der Loo: \u201eIch proporcjonalne sterowanie czyni je najlepszym rozwi\u0105zaniem w po\u0142\u0105czeniu z naszymi systemami hydraulicznymi\u201d.<\/p>\n\n\n\n<p><strong>Niezawodne po\u0142\u0105czenie<\/strong><\/p>\n\n\n\n<p>Proporcjonalno\u015b\u0107 ma dla VDL Container Systems kluczowe znaczenie. Przyciski dwu- lub tr\u00f3jpozycyjne powoduj\u0105 wstrz\u0105sy w uk\u0142adzie hydraulicznym, co mo\u017ce prowadzi\u0107 do nieprzewidywalnych ruch\u00f3w, a w konsekwencji &#8211; wypadk\u00f3w. \u201eOperatorzy potrzebuj\u0105 precyzyjnego sterowania\u201d m\u00f3wi Van der Loo. \u201eTele Radio dostarcza zar\u00f3wno niezawodne po\u0142\u0105czenie, jak i dok\u0142adno\u015b\u0107, jakiej potrzebujemy.\u201d<\/p>\n\n\n\n<p>Na zako\u0144czenie dodaje: \u201eNasze systemy pracuj\u0105 w trudnych warunkach &#8211; w g\u00f3rnictwie, rolnictwie, budownictwie, a tak\u017ce w ekstremalnie zimnym klimacie p\u00f3\u0142nocnej Europy i upa\u0142ach po\u0142udnia. Tele Radio gwarantuje niezawodne po\u0142\u0105czenie mi\u0119dzy nadajnikiem a odbiornikiem &#8211; niezale\u017cnie od warunk\u00f3w.\u201d<\/p>\n\n\n\n<div style=\"height:58px\" aria-hidden=\"true\" class=\"wp-block-spacer\"><\/div>\n<\/details>\n\n\n\n<div style=\"height:100px\" aria-hidden=\"true\" class=\"wp-block-spacer\"><\/div>\n\n\n\n<div class=\"wp-block-group has-gallery-background-color has-background\" style=\"padding-top:50px;padding-bottom:50px\"><div class=\"wp-block-group__inner-container is-layout-flow wp-block-group-is-layout-flow\">\n<blockquote class=\"wp-block-quote is-style-large is-layout-flow wp-block-quote-is-layout-flow\">\n<p>\u201eTele Radio nie ma sobie r\u00f3wnych w zapewnieniu bezpiecznego po\u0142\u0105czenia, co przek\u0142ada si\u0119 na bezpiecze\u0144stwo naszych u\u017cytkownik\u00f3w.\u201d<\/p>\n\n\n\n<p class=\"has-medium-font-size\"><strong>Paul van der Loo, mened\u017cer produktu \u2013 VDL Container Systems<\/strong><\/p>\n<\/blockquote>\n\n\n\n<div style=\"height:23px\" aria-hidden=\"true\" class=\"wp-block-spacer\"><\/div>\n<\/div><\/div>\n\n\n\n<div class=\"wp-block-group\" style=\"padding-top:60px;padding-bottom:60px\"><div class=\"wp-block-group__inner-container is-layout-flow wp-block-group-is-layout-flow\">\n<h2 class=\"wp-block-heading has-text-align-center has-kelp-color has-text-color\">Dlaczego Tele Radio?<\/h2>\n\n\n\n<div class=\"wp-block-columns is-layout-flex wp-container-core-columns-is-layout-7501fc45 wp-block-columns-is-layout-flex\" style=\"padding-top:40px\">\n<div class=\"wp-block-column is-layout-flow wp-block-column-is-layout-flow\">\n<h3 class=\"wp-block-heading has-amber-color has-text-color\"><strong>Proporcjonalna precyzja<\/strong><\/h3>\n\n\n\n<p class=\"has-gray-color has-text-color\">P\u0142ynne, bezwstrz\u0105sowe ruchy chroni\u0105 si\u0142owniki, ramy i osoby znajduj\u0105ce si\u0119 w pobli\u017cu.<\/p>\n<\/div>\n\n\n\n<div class=\"wp-block-column is-layout-flow wp-block-column-is-layout-flow\">\n<h3 class=\"wp-block-heading has-amber-color has-text-color\"><strong>Odporno\u015b\u0107 na trudne warunki<\/strong><\/h3>\n\n\n\n<p class=\"has-gray-color has-text-color\">Nadajniki odporne na mr\u00f3z do -20\u00b0C i ciep\u0142o powierzchniowe do +55\u00b0C oraz py\u0142 &#8211; dzi\u0119ki obudowom z klas\u0105 szczelno\u015bci IP.<\/p>\n<\/div>\n\n\n\n<div class=\"wp-block-column is-layout-flow wp-block-column-is-layout-flow\">\n<h3 class=\"wp-block-heading has-amber-color has-text-color\"><strong>Elastyczno\u015b\u0107 modu\u0142owa<\/strong><\/h3>\n\n\n\n<p class=\"has-gray-color has-text-color\">Od kompaktowego pilota przyciskowego po nadajniki z manipulatorami; CANbus, SAE J1939 czy analog &#8211; pod\u0142\u0105cz do dowolnego systemu.<\/p>\n<\/div>\n<\/div>\n\n\n\n<p><\/p>\n<\/div><\/div>\n\n\n\n<section id=\"cta\" class=\"wp-block-group has-amber-background-color has-background is-vertical is-content-justification-center is-layout-flex wp-container-core-group-is-layout-a164e0d7 wp-block-group-is-layout-flex\" style=\"padding-top:60px;padding-bottom:60px\">\n<h2 class=\"wp-block-heading has-text-align-center has-kelp-color has-text-color\"><br><br><strong><br><strong>Got\u00f3w, by zabezpieczy\u0107 ka\u017cdy za\u0142adunek i zwi\u0119kszy\u0107 czas pracy bez przestoj\u00f3w?<\/strong><\/strong><\/h2>\n\n\n\n<div style=\"height:0px\" aria-hidden=\"true\" class=\"wp-block-spacer wp-container-content-6b166158\"><\/div>\n\n\n\n<div class=\"wp-block-buttons is-content-justification-center is-layout-flex wp-container-core-buttons-is-layout-16018d1d wp-block-buttons-is-layout-flex\">\n<div class=\"wp-block-button is-style-fill\"><a class=\"wp-block-button__link has-white-color has-kelp-background-color has-text-color has-background has-custom-font-size wp-element-button\" href=\"https:\/\/www.tele-radio.com\/pl\/kontakt\/\" style=\"border-radius:4px;padding-top:14px;padding-right:34px;padding-bottom:14px;padding-left:34px;font-size:20px\">Skontaktuj si\u0119 z nami<\/a><\/div>\n<\/div>\n\n\n\n<p><\/p>\n<\/section>\n\n\n\n<div style=\"height:33px\" aria-hidden=\"true\" class=\"wp-block-spacer\"><\/div>\n\n\n\n<p><\/p>\n","protected":false},"excerpt":{"rendered":"<p>Wyzwanie Operatorzy obs\u0142uguj\u0105cy kontenery codziennie mierz\u0105 si\u0119 z wieloma powa\u017cnymi zagro\u017ceniami: Jedno przerwane po\u0142\u0105czenie mi\u0119dzy nadajnikiem a odbiornikiem oznacza utrat\u0119 kontroli &#8211; z kosztownymi, a czasem \u015bmiertelnymi skutkami. Rozwi\u0105zanie Proporcjonalne nadajniki Tiger T14-7 i T15-7 firmy Tele Radio zapewniaj\u0105 klientom VDL Container Systems precyzyjne sterowanie z bezpiecznej odleg\u0142o\u015bci: VDL Container Systems: \u201eTele Radio zapewnia bezpiecze\u0144stwo [&hellip;]<\/p>\n","protected":false},"author":29,"featured_media":261592,"parent":0,"menu_order":0,"comment_status":"closed","ping_status":"closed","template":"content-customer-stories.php","meta":{"_acf_changed":false,"footnotes":""},"class_list":["post-261973","page","type-page","status-publish","has-post-thumbnail","hentry"],"acf":[],"_links":{"self":[{"href":"https:\/\/www.tele-radio.com\/pl\/wp-json\/wp\/v2\/pages\/261973","targetHints":{"allow":["GET"]}}],"collection":[{"href":"https:\/\/www.tele-radio.com\/pl\/wp-json\/wp\/v2\/pages"}],"about":[{"href":"https:\/\/www.tele-radio.com\/pl\/wp-json\/wp\/v2\/types\/page"}],"author":[{"embeddable":true,"href":"https:\/\/www.tele-radio.com\/pl\/wp-json\/wp\/v2\/users\/29"}],"replies":[{"embeddable":true,"href":"https:\/\/www.tele-radio.com\/pl\/wp-json\/wp\/v2\/comments?post=261973"}],"version-history":[{"count":3,"href":"https:\/\/www.tele-radio.com\/pl\/wp-json\/wp\/v2\/pages\/261973\/revisions"}],"predecessor-version":[{"id":262048,"href":"https:\/\/www.tele-radio.com\/pl\/wp-json\/wp\/v2\/pages\/261973\/revisions\/262048"}],"wp:featuredmedia":[{"embeddable":true,"href":"https:\/\/www.tele-radio.com\/pl\/wp-json\/wp\/v2\/media\/261592"}],"wp:attachment":[{"href":"https:\/\/www.tele-radio.com\/pl\/wp-json\/wp\/v2\/media?parent=261973"}],"curies":[{"name":"wp","href":"https:\/\/api.w.org\/{rel}","templated":true}]}}