{"id":259584,"date":"2025-05-21T07:53:51","date_gmt":"2025-05-21T07:53:51","guid":{"rendered":"https:\/\/www.tele-radio.com\/?page_id=259584"},"modified":"2025-05-21T08:05:38","modified_gmt":"2025-05-21T08:05:38","slug":"global-towing-systems","status":"publish","type":"page","link":"https:\/\/www.tele-radio.com\/pl\/global-towing-systems\/","title":{"rendered":"Global Towing Systems"},"content":{"rendered":"<p><!-- #############################################################\n     TELE RADIO \u2013 GLOBAL TOWING SYSTEMS  |  LANDING PAGE FUNNEL\n     ############################################################# --><\/p>\n<p><!-- ==========  HERO  ========== --><\/p>\n\n\n<div class=\"wp-block-cover alignfull\" style=\"min-height:640px;aspect-ratio:unset;\"><img decoding=\"async\" class=\"wp-block-cover__image-background\" alt=\"\" src=\"https:\/\/www.tele-radio.com\/app\/uploads\/XT5A6738.jpg\" data-object-fit=\"cover\"\/><span aria-hidden=\"true\" class=\"wp-block-cover__background has-kelp-background-color has-background-dim-60 has-background-dim\"><\/span><div class=\"wp-block-cover__inner-container is-layout-flow wp-block-cover-is-layout-flow\">\n<div class=\"wp-block-group is-vertical is-content-justification-center is-layout-flex wp-container-core-group-is-layout-19dca076 wp-block-group-is-layout-flex\">\n<h1 class=\"wp-block-heading has-text-align-center has-white-color has-text-color\" style=\"font-size:56px\"><br>Holowanie ci\u0119\u017ckich pojazd\u00f3w? Podno\u015b z pe\u0142nym zaufaniem.<\/h1>\n\n\n\n<p class=\"has-text-align-center has-white-color has-text-color\" style=\"font-size:22px\">Global Towing Systems x sterowanie radiowe Tele Radio<\/p>\n\n\n\n<div class=\"wp-block-buttons is-content-justification-center is-layout-flex wp-container-core-buttons-is-layout-16018d1d wp-block-buttons-is-layout-flex\">\n<div class=\"wp-block-button\"><a class=\"wp-block-button__link has-kelp-color has-amber-background-color has-text-color has-background has-custom-font-size wp-element-button\" href=\"https:\/\/www.tele-radio.com\/pl\/kontakt\/\" style=\"border-radius:4px;font-size:20px\">Popro\u015b o demo<\/a><\/div>\n<\/div>\n<\/div>\n<\/div><\/div>\n\n\n\n<div class=\"wp-block-group\" style=\"padding-top:80px;padding-bottom:60px\"><div class=\"wp-block-group__inner-container is-layout-flow wp-block-group-is-layout-flow\">\n<div class=\"wp-block-columns are-vertically-aligned-center is-layout-flex wp-container-core-columns-is-layout-a0017d07 wp-block-columns-is-layout-flex\">\n<div class=\"wp-block-column is-vertically-aligned-center is-layout-flow wp-block-column-is-layout-flow\" style=\"flex-basis:50%\">\n<h2 class=\"wp-block-heading has-kelp-color has-text-color\"><br>Wyzwanie<\/h2>\n\n\n\n<p class=\"has-gray-color has-text-color\"><br>Rozbite ci\u0119\u017car\u00f3wki, autobusy i pojazdy wojskowe wymagaj\u0105 u\u017cycia chirurgicznej precyzji. Jeden niew\u0142a\u015bciwy ruch mo\u017ce spowodowa\u0107 mn\u00f3stwo szk\u00f3d, a nawet obra\u017ce\u0144.<\/p>\n\n\n\n<ul class=\"wp-block-list\">\n<li>Ograniczona widoczno\u015b\u0107 wok\u00f3\u0142 \u0142adunku;<\/li>\n\n\n\n<li>Wysokie ryzyko upadku lub deformacji;<\/li>\n\n\n\n<li>Strata czasu podczas przechodzenia mi\u0119dzy panelem steruj\u0105cym a pojazdami.<\/li>\n<\/ul>\n<\/div>\n\n\n\n<div class=\"wp-block-column is-vertically-aligned-center is-layout-flow wp-block-column-is-layout-flow\" style=\"flex-basis:50%\">\n<figure class=\"wp-block-image size-large\"><img decoding=\"async\" src=\"https:\/\/www.tele-radio.com\/app\/uploads\/XT5A6812.jpg\" alt=\"High-risk recovery operation\" style=\"aspect-ratio:1;object-fit:cover\"\/><\/figure>\n<\/div>\n<\/div>\n<\/div><\/div>\n\n\n\n<div class=\"wp-block-group\" style=\"border-top-color:var(--wp--preset--color--gallery);border-top-width:3px;padding-top:60px;padding-bottom:60px\"><div class=\"wp-block-group__inner-container is-layout-flow wp-block-group-is-layout-flow\">\n<div class=\"wp-block-columns are-vertically-aligned-center is-layout-flex wp-container-core-columns-is-layout-a0017d07 wp-block-columns-is-layout-flex\">\n<div class=\"wp-block-column is-vertically-aligned-center is-layout-flow wp-block-column-is-layout-flow\" style=\"flex-basis:50%\">\n<figure class=\"wp-block-embed is-type-video is-provider-youtube wp-block-embed-youtube wp-embed-aspect-16-9 wp-has-aspect-ratio\"><div class=\"wp-block-embed__wrapper\">\n<iframe loading=\"lazy\" title=\"From Chaos to Control: Wireless Vehicle Recovery with Tele Radio\" width=\"500\" height=\"281\" src=\"https:\/\/www.youtube.com\/embed\/vE4_Ynxbc9k?feature=oembed\" frameborder=\"0\" allow=\"accelerometer; autoplay; clipboard-write; encrypted-media; gyroscope; picture-in-picture; web-share\" referrerpolicy=\"strict-origin-when-cross-origin\" allowfullscreen><\/iframe>\n<\/div><\/figure>\n<\/div>\n\n\n\n<div class=\"wp-block-column is-vertically-aligned-center is-layout-flow wp-block-column-is-layout-flow\" style=\"flex-basis:50%\">\n<h2 class=\"wp-block-heading has-kelp-color has-text-color\">Rozwi\u0105zanie<\/h2>\n\n\n\n<p class=\"has-gray-color has-text-color\">Proporcjonalne systemy sterowania VersaTEQ i sterowania Panther firmy Tele Radio zapewniaj\u0105 operatorom kontrol\u0119 z dok\u0142adno\u015bci\u0105 do milimetra &#8211; z odleg\u0142o\u015bci nawet 50 metr\u00f3w. Dwa nadajniki steruj\u0105 wszystkimi funkcjami.<\/p>\n\n\n\n<div class=\"wp-block-buttons is-layout-flex wp-block-buttons-is-layout-flex\">\n<div class=\"wp-block-button\"><a class=\"wp-block-button__link has-kelp-color has-amber-background-color has-text-color has-background wp-element-button\" href=\"https:\/\/www.tele-radio.com\/pl\/versateq\/\" style=\"border-radius:19px\">Sprawd\u017a specyfikacje techniczne<\/a><\/div>\n<\/div>\n<\/div>\n<\/div>\n<\/div><\/div>\n\n\n\n<p class=\"has-text-align-left has-black-color has-text-color has-link-color has-large-font-size wp-elements-e484dc625bf862c8f9b536713902db63\"><strong><br><strong>Global Towing Systems: \u201eZapobieganie stratom operacyjnym wymaga najlepszego pilota zdalnego sterowania\u201d<\/strong><\/strong><\/p>\n\n\n\n<p class=\"has-text-align-left has-black-color has-text-color has-link-color has-medium-font-size wp-elements-3c89c136a1ff2f4779d985774ce64619\"><strong><strong>Kiedy ci\u0119\u017cki pojazd wpada w tarapaty, na ratunek ruszaj\u0105 klienci Global Towing Systems. \u201eRozbite ci\u0119\u017car\u00f3wki, autobusy i pojazdy wojskowe to najgorszy koszmar firm holowniczych\u201d &#8211; m\u00f3wi Michel Noel, dyrektor zarz\u0105dzaj\u0105cy Global Towing Systems (GTS).<\/strong><\/strong><\/p>\n\n\n\n<p><br>\u201eAby dosi\u0119gn\u0105\u0107 k\u00f3\u0142 pojazdu, laweta ratownicza musi by\u0107 rozci\u0105gni\u0119ta do granic swoich mo\u017cliwo\u015bci\u201d &#8211; wyja\u015bnia Michel ze swojego biura w Koml\u00f3, na po\u0142udniu W\u0119gier. GTS produkuje zabudowy do pojazd\u00f3w ratowniczych. Od ko\u0144ca 2023 roku firma dostarcza r\u00f3wnie\u017c bezprzewodowe nadajniki zdalnego sterowania marki Tele Radio.<\/p>\n\n\n\n<p><br>Michel: \u201eNasi klienci pracuj\u0105 z pojazdami ci\u0119\u017ckiej kategorii. Wystarczy jeden b\u0142\u0105d, a ca\u0142y pojazd mo\u017ce si\u0119 zawali\u0107.\u201d W\u0142a\u015bnie tu wkracza system zdalnego sterowania. \u201eJe\u015bli chcesz unikn\u0105\u0107 uszkodzenia kluczowych element\u00f3w, potrzebujesz najlepszego dost\u0119pnego pilota. Czu\u0142o\u015b\u0107 urz\u0105dze\u0144 Tele Radio pozwala operatorom na p\u0142ynne podnoszenie ci\u0119\u017ckich pojazd\u00f3w i precyzyjne manewrowanie \u0142adunkiem w najlepszy mo\u017cliwy spos\u00f3b.\u201d<\/p>\n\n\n\n<p><strong>Proporcjonalno\u015b\u0107 &#8211; klucz do sukcesu w ci\u0119\u017ckich operacjach<\/strong><\/p>\n\n\n\n<p>Michel docenia zaanga\u017cowanie firmy Tele Radio w rozw\u00f3j dzia\u0142ano\u015bci GTS. \u201ePrzedstawiciele Tele Radio odwiedzili nasz\u0105 fabryk\u0119 dwukrotnie w ci\u0105gu zaledwie roku. Po\u015bwi\u0119caj\u0105 czas, aby zrozumie\u0107 nasz\u0105 ofert\u0119 i zaproponowa\u0107 rozwi\u0105zania zdalnego sterowania, kt\u00f3re pasuj\u0105 do naszych produkt\u00f3w.\u201d<\/p>\n\n\n\n<p>Istnieje jednak wi\u0119cej powod\u00f3w, dla kt\u00f3rych GTS zdecydowa\u0142o si\u0119 na wsp\u00f3\u0142prac\u0119 z Tele Radio. \u201ePiloty oferuj\u0105 sterowanie proporcjonalne, co mo\u017ce mie\u0107 kluczowe znaczenie dla powodzenia operacji. Stopie\u0144 nacisku na przycisk wp\u0142ywa na ruch w czasie rzeczywistym. Nadajniki Tele Radio umo\u017cliwiaj\u0105 wyj\u0105tkowo powolne manewry, co w naszej bran\u017cy mo\u017ce dos\u0142ownie ratowa\u0107 \u017cycie.\u201d<\/p>\n\n\n\n<p>\u201eNasi klienci mog\u0105 teraz sterowa\u0107 pojazdami ratowniczymi z odleg\u0142o\u015bci nawet 50 metr\u00f3w. Operatorzy przeci\u0105gaj\u0105 kabel do uszkodzonego pojazdu i od razu rozpoczynaj\u0105 akcj\u0119 ratownicz\u0105, bez potrzeby wracania do wbudowanego panelu sterowania na ci\u0119\u017car\u00f3wce.\u201d<\/p>\n\n\n\n<p><strong>Dostarczanie najlepszej mo\u017cliwej obs\u0142ugi i komponent\u00f3w<\/strong><\/p>\n\n\n\n<p>GTS zaopatruje si\u0119 w systemy VersaTEQ i Panther firmy Tele Radio. W zale\u017cno\u015bci od lokalizacji i potrzeb klienta, opr\u00f3cz wi\u0119kszego i bardziej zaawansowanego systemu VersaTEQ, firma oferuje r\u00f3wnie\u017c mniejszy model Panther jako pilot typu w\u0142\u0105cz\/wy\u0142\u0105cz.<\/p>\n\n\n\n<p>\u201eKiedy operator wchodzi pod pojazd, nie zawsze mo\u017ce skorzysta\u0107 z VersaTEQ ze wzgl\u0119du na jego rozmiar. W takiej sytuacji mo\u017ce si\u0119gn\u0105\u0107 po mniejszy, podr\u0119czny pilot Panther i nadal sterowa\u0107 znaczn\u0105 cz\u0119\u015bci\u0105 funkcji pojazdu ratowniczego.\u201d<\/p>\n\n\n\n<p>\u201eNaszym celem jest dostarczanie mo\u017cliwie najlepszej obs\u0142ugi i komponent\u00f3w. Tele Radio doskonale wpisuje si\u0119 w t\u0119 ambicj\u0119.\u201d<\/p>\n\n\n\n<figure class=\"wp-block-pullquote has-background\" style=\"background-color:#ededed\"><blockquote><p>&#8220;<em>Czu\u0142o\u015b\u0107 urz\u0105dze\u0144 Tele Radio pozwala operatorom na p\u0142ynne podnoszenie ci\u0119\u017ckich pojazd\u00f3w i precyzyjne manewrowanie \u0142adunkiem w najlepszy mo\u017cliwy spos\u00f3b.<\/em>&#8220;<\/p><cite>Michel Noel, dyrektor zarz\u0105dzaj\u0105cy Global Towing Systems<\/cite><\/blockquote><\/figure>\n\n\n\n<blockquote class=\"wp-block-quote is-layout-flow wp-block-quote-is-layout-flow\">\n<blockquote class=\"wp-block-quote is-layout-flow wp-block-quote-is-layout-flow\">\n<blockquote class=\"wp-block-quote is-layout-flow wp-block-quote-is-layout-flow\">\n<blockquote class=\"wp-block-quote is-layout-flow wp-block-quote-is-layout-flow\"><\/blockquote>\n<\/blockquote>\n<\/blockquote>\n<\/blockquote>\n\n\n\n<div class=\"wp-block-group\" style=\"padding-top:60px;padding-bottom:60px\"><div class=\"wp-block-group__inner-container is-layout-flow wp-block-group-is-layout-flow\">\n<h2 class=\"wp-block-heading has-text-align-center has-kelp-color has-text-color\"><strong>Dlaczego Tele Radio?<\/strong><\/h2>\n\n\n\n<div class=\"wp-block-columns is-layout-flex wp-container-core-columns-is-layout-7501fc45 wp-block-columns-is-layout-flex\" style=\"padding-top:40px\">\n<div class=\"wp-block-column is-layout-flow wp-block-column-is-layout-flow\">\n<h3 class=\"wp-block-heading has-amber-color has-text-color\">Milimetrowa precyzja<\/h3>\n\n\n\n<p class=\"has-gray-color has-text-color\">Przyciski proporcjonalne przek\u0142adaj\u0105 nacisk palca bezpo\u015brednio na bardzo p\u0142ynny ruch, co ma kluczowe znaczenie przy podnoszeniu 30-tonowych \u0142adunk\u00f3w.<\/p>\n<\/div>\n\n\n\n<div class=\"wp-block-column is-layout-flow wp-block-column-is-layout-flow\">\n<h3 class=\"wp-block-heading has-amber-color has-text-color\">Zasi\u0119g roboczy 50 m<\/h3>\n\n\n\n<p class=\"has-gray-color has-text-color\">Pozostawanie w bezpiecznej odleg\u0142o\u015bci z zachowaniem pe\u0142nej kontroli &#8211; nie wymaga nieustannego chodzenia do panelu sterowania.<\/p>\n<\/div>\n\n\n\n<div class=\"wp-block-column is-layout-flow wp-block-column-is-layout-flow\">\n<h3 class=\"wp-block-heading has-amber-color has-text-color\">Wytrzyma\u0142o\u015b\u0107 i modu\u0142owo\u015b\u0107<\/h3>\n\n\n\n<p class=\"has-gray-color has-text-color\">Od pe\u0142nowymiarowego nadajnika z manipulatorami, po kompaktowy nadajnik przyciskowy: wyb\u00f3r pilota idealnie pasuj\u0105cego do zadania.<\/p>\n<\/div>\n<\/div>\n\n\n\n<p><\/p>\n<\/div><\/div>\n\n\n\n<section id=\"cta\" class=\"wp-block-group has-amber-background-color has-background\" style=\"padding-top:60px;padding-bottom:60px\"><div class=\"wp-block-group__inner-container is-layout-flow wp-block-group-is-layout-flow\">\n<h2 class=\"wp-block-heading has-text-align-center has-kelp-color has-text-color\">Gotowy do zminimalizowania uszkodze\u0144 i przestoj\u00f3w?<\/h2>\n\n\n\n<div class=\"wp-block-buttons is-content-justification-center is-layout-flex wp-container-core-buttons-is-layout-16018d1d wp-block-buttons-is-layout-flex\">\n<div class=\"wp-block-button\"><a class=\"wp-block-button__link has-white-color has-kelp-background-color has-text-color has-background has-custom-font-size wp-element-button\" href=\"https:\/\/www.tele-radio.com\/pl\/kontakt\/\" style=\"border-radius:4px;padding-top:14px;padding-right:34px;padding-bottom:14px;padding-left:34px;font-size:20px\">Um\u00f3w si\u0119 na darmow\u0105 konsultacj\u0119<\/a><\/div>\n<\/div>\n<\/div><\/section>\n\n\n\n<div style=\"height:33px\" aria-hidden=\"true\" class=\"wp-block-spacer\"><\/div>\n","protected":false},"excerpt":{"rendered":"<p>Wyzwanie Rozbite ci\u0119\u017car\u00f3wki, autobusy i pojazdy wojskowe wymagaj\u0105 u\u017cycia chirurgicznej precyzji. Jeden niew\u0142a\u015bciwy ruch mo\u017ce spowodowa\u0107 mn\u00f3stwo szk\u00f3d, a nawet obra\u017ce\u0144. Rozwi\u0105zanie Proporcjonalne systemy sterowania VersaTEQ i sterowania Panther firmy Tele Radio zapewniaj\u0105 operatorom kontrol\u0119 z dok\u0142adno\u015bci\u0105 do milimetra &#8211; z odleg\u0142o\u015bci nawet 50 metr\u00f3w. Dwa nadajniki steruj\u0105 wszystkimi funkcjami. Global Towing Systems: \u201eZapobieganie stratom [&hellip;]<\/p>\n","protected":false},"author":29,"featured_media":259367,"parent":0,"menu_order":0,"comment_status":"closed","ping_status":"closed","template":"content-customer-stories.php","meta":{"_acf_changed":false,"footnotes":""},"class_list":["post-259584","page","type-page","status-publish","has-post-thumbnail","hentry"],"acf":[],"_links":{"self":[{"href":"https:\/\/www.tele-radio.com\/pl\/wp-json\/wp\/v2\/pages\/259584","targetHints":{"allow":["GET"]}}],"collection":[{"href":"https:\/\/www.tele-radio.com\/pl\/wp-json\/wp\/v2\/pages"}],"about":[{"href":"https:\/\/www.tele-radio.com\/pl\/wp-json\/wp\/v2\/types\/page"}],"author":[{"embeddable":true,"href":"https:\/\/www.tele-radio.com\/pl\/wp-json\/wp\/v2\/users\/29"}],"replies":[{"embeddable":true,"href":"https:\/\/www.tele-radio.com\/pl\/wp-json\/wp\/v2\/comments?post=259584"}],"version-history":[{"count":5,"href":"https:\/\/www.tele-radio.com\/pl\/wp-json\/wp\/v2\/pages\/259584\/revisions"}],"predecessor-version":[{"id":260422,"href":"https:\/\/www.tele-radio.com\/pl\/wp-json\/wp\/v2\/pages\/259584\/revisions\/260422"}],"wp:featuredmedia":[{"embeddable":true,"href":"https:\/\/www.tele-radio.com\/pl\/wp-json\/wp\/v2\/media\/259367"}],"wp:attachment":[{"href":"https:\/\/www.tele-radio.com\/pl\/wp-json\/wp\/v2\/media?parent=259584"}],"curies":[{"name":"wp","href":"https:\/\/api.w.org\/{rel}","templated":true}]}}