{"id":258072,"date":"2025-02-05T11:57:42","date_gmt":"2025-02-05T11:57:42","guid":{"rendered":"https:\/\/www.tele-radio.com\/gebr-kaeufer-gmbh\/"},"modified":"2025-04-15T07:14:46","modified_gmt":"2025-04-15T07:14:46","slug":"gebr-kaeufer-gmbh","status":"publish","type":"page","link":"https:\/\/www.tele-radio.com\/pl\/gebr-kaeufer-gmbh\/","title":{"rendered":"Gebr. K\u00e4ufer GmbH"},"content":{"rendered":"\n<h1 class=\"wp-block-heading\">Gebr. K\u00e4ufer GmbH<\/h1>\n\n\n\n<p><strong>Wiod\u0105cy na \u015bwiecie producent turbin wiatrowych od lat polega na produktach Tele Radio<\/strong><\/p>\n\n\n\n<hr class=\"wp-block-separator has-alpha-channel-opacity\"\/>\n\n\n\n<p><br>Firma Gebr. K\u00e4ufer GmbH produkuje systemy dost\u0119pu do \u0142opat wirnika i technologi\u0119 dost\u0119pu do l\u0105dowych i morskich turbin wiatrowych od 1999 roku. Korzystaj\u0105c ze specjalnych platform linowych, technicy mog\u0105 w spos\u00f3b bezpieczny i ergonomiczny porusza\u0107 si\u0119 wzd\u0142u\u017c wie\u017cy lub poszczeg\u00f3lnych \u0142opat wirnika, dokonuj\u0105c ich inspekcji i naprawy krok po kroku.<\/p>\n\n\n\n<hr class=\"wp-block-separator has-alpha-channel-opacity\"\/>\n\n\n\n<h2 class=\"wp-block-heading\"><br><strong>Temat bezpiecze\u0144stwa \u0142\u0105czy<\/strong><\/h2>\n\n\n\n<div style=\"height:26px\" aria-hidden=\"true\" class=\"wp-block-spacer\"><\/div>\n\n\n\n<div class=\"wp-block-columns is-layout-flex wp-container-core-columns-is-layout-9d6595d7 wp-block-columns-is-layout-flex\">\n<div class=\"wp-block-column is-layout-flow wp-block-column-is-layout-flow\">\n<figure class=\"wp-block-image size-large\"><img loading=\"lazy\" decoding=\"async\" width=\"1200\" height=\"899\" src=\"https:\/\/www.tele-radio.com\/app\/uploads\/\/K-BP-4-Thailand-1200x899.jpg\" alt=\"\" class=\"wp-image-243573\" srcset=\"https:\/\/www.tele-radio.com\/app\/uploads\/K-BP-4-Thailand-1200x899.jpg 1200w, https:\/\/www.tele-radio.com\/app\/uploads\/K-BP-4-Thailand-400x300.jpg 400w, https:\/\/www.tele-radio.com\/app\/uploads\/K-BP-4-Thailand-768x575.jpg 768w, https:\/\/www.tele-radio.com\/app\/uploads\/K-BP-4-Thailand-1536x1150.jpg 1536w, https:\/\/www.tele-radio.com\/app\/uploads\/K-BP-4-Thailand-750x562.jpg 750w, https:\/\/www.tele-radio.com\/app\/uploads\/K-BP-4-Thailand-500x374.jpg 500w, https:\/\/www.tele-radio.com\/app\/uploads\/K-BP-4-Thailand-800x599.jpg 800w, https:\/\/www.tele-radio.com\/app\/uploads\/K-BP-4-Thailand.jpg 1600w\" sizes=\"auto, (max-width: 1200px) 100vw, 1200px\" \/><\/figure>\n\n\n\n<p>Oferowanie produkt\u00f3w, kt\u00f3re spe\u0142niaj\u0105 najwy\u017csze standardy bezpiecze\u0144stwa oraz wysokie wymagania jako\u015bciowe, jest nadrz\u0119dnym celem obu partner\u00f3w.<\/p>\n<\/div>\n\n\n\n<div class=\"wp-block-column is-layout-flow wp-block-column-is-layout-flow\">\n<figure class=\"wp-block-image size-large\"><img loading=\"lazy\" decoding=\"async\" width=\"1200\" height=\"900\" src=\"https:\/\/www.tele-radio.com\/app\/uploads\/\/IMG_2265-1200x900.jpg\" alt=\"\" class=\"wp-image-243545\" srcset=\"https:\/\/www.tele-radio.com\/app\/uploads\/IMG_2265-1200x900.jpg 1200w, https:\/\/www.tele-radio.com\/app\/uploads\/IMG_2265-400x300.jpg 400w, https:\/\/www.tele-radio.com\/app\/uploads\/IMG_2265-768x576.jpg 768w, https:\/\/www.tele-radio.com\/app\/uploads\/IMG_2265-1536x1152.jpg 1536w, https:\/\/www.tele-radio.com\/app\/uploads\/IMG_2265-2048x1536.jpg 2048w, https:\/\/www.tele-radio.com\/app\/uploads\/IMG_2265-750x563.jpg 750w, https:\/\/www.tele-radio.com\/app\/uploads\/IMG_2265-500x375.jpg 500w, https:\/\/www.tele-radio.com\/app\/uploads\/IMG_2265-1600x1200.jpg 1600w, https:\/\/www.tele-radio.com\/app\/uploads\/IMG_2265-800x600.jpg 800w\" sizes=\"auto, (max-width: 1200px) 100vw, 1200px\" \/><\/figure>\n\n\n\n<p class=\"has-text-align-center\"><em>\u201e<\/em>Poniewa\u017c nasze systemy musz\u0105 dzia\u0142a\u0107 absolutnie niezawodnie, od lat polegamy na produktach firmy Tele Radio i z powodzeniem stosujemy je w naszych instalacjach.<em style=\"font-size: revert; color: initial; font-family: -apple-system, BlinkMacSystemFont, &quot;Segoe UI&quot;, Roboto, Oxygen-Sans, Ubuntu, Cantarell, &quot;Helvetica Neue&quot;, sans-serif;\">\u201c<\/em><br>Ismail Dikilitas, kierownik-trener<\/p>\n<\/div>\n<\/div>\n\n\n\n<h2 class=\"wp-block-heading has-text-align-left\"><br><strong>Dlaczego nadajnik sterowania radiowego?<\/strong><\/h2>\n\n\n\n<div style=\"height:26px\" aria-hidden=\"true\" class=\"wp-block-spacer\"><\/div>\n\n\n\n<p>Sterowanie radiowe &#8211; w przeciwie\u0144stwie do systemu przewodowego &#8211; nigdy nie przeszkadza w pracy. Zapewnia maksymaln\u0105 swobod\u0119 ruchu i znacz\u0105co zmniejsza ryzyko wypadk\u00f3w. U\u017cytkownik nie podlega \u017cadnym ograniczeniom, co w ogromnym stopniu u\u0142atwia prac\u0119.<\/p>\n\n\n\n<div class=\"wp-block-columns are-vertically-aligned-center is-layout-flex wp-container-core-columns-is-layout-9d6595d7 wp-block-columns-is-layout-flex\">\n<div class=\"wp-block-column is-vertically-aligned-center is-layout-flow wp-block-column-is-layout-flow\">\n<div class=\"wp-block-columns is-layout-flex wp-container-core-columns-is-layout-9d6595d7 wp-block-columns-is-layout-flex\">\n<div class=\"wp-block-column is-layout-flow wp-block-column-is-layout-flow\">\n<div class=\"wp-block-buttons is-layout-flex wp-container-core-buttons-is-layout-c07eda73 wp-block-buttons-is-layout-flex\">\n<div class=\"wp-block-button has-custom-width wp-block-button__width-75\"><a class=\"wp-block-button__link has-black-color has-luminous-vivid-amber-background-color has-text-color has-background has-link-color has-text-align-center wp-element-button\"><strong>Bezpiecze\u0144stwo<\/strong><\/a><\/div>\n<\/div>\n<\/div>\n\n\n\n<div class=\"wp-block-column is-layout-flow wp-block-column-is-layout-flow\">\n<div class=\"wp-block-buttons is-layout-flex wp-block-buttons-is-layout-flex\">\n<div class=\"wp-block-button has-custom-width wp-block-button__width-75\"><a class=\"wp-block-button__link has-black-color has-luminous-vivid-amber-background-color has-text-color has-background has-link-color wp-element-button\"><strong>Elastyczno\u015b\u0107<\/strong><\/a><\/div>\n<\/div>\n<\/div>\n\n\n\n<div class=\"wp-block-column is-layout-flow wp-block-column-is-layout-flow\">\n<div class=\"wp-block-buttons is-layout-flex wp-block-buttons-is-layout-flex\">\n<div class=\"wp-block-button has-custom-width wp-block-button__width-75\"><a class=\"wp-block-button__link has-black-color has-luminous-vivid-amber-background-color has-text-color has-background has-link-color wp-element-button\"><strong>Wydajno\u015b\u0107<\/strong><\/a><\/div>\n<\/div>\n<\/div>\n<\/div>\n<\/div>\n<\/div>\n\n\n\n<div class=\"wp-block-columns is-layout-flex wp-container-core-columns-is-layout-9d6595d7 wp-block-columns-is-layout-flex\">\n<div class=\"wp-block-column is-layout-flow wp-block-column-is-layout-flow\">\n<div class=\"wp-block-media-text is-stacked-on-mobile\" style=\"grid-template-columns:62% auto\"><figure class=\"wp-block-media-text__media\"><video controls src=\"https:\/\/www.tele-radio.com\/app\/uploads\/Gebr.-Kaeufer_final_2-7.mp4\"><\/video><\/figure><div class=\"wp-block-media-text__content\">\n<h2 class=\"wp-block-heading has-text-align-center has-black-color has-text-color has-background has-link-color wp-elements-ec7331955a84e17c1a99325a7ec6377f\" style=\"background-color:#ededed\"><br>Obs\u0142uga systemu dost\u0119pu do turbin wiatrowych firmy K\u00e4ufer za pomoc\u0105 radiowego pilota zdalnego sterowania Tele Radio to bezpieczne i komfortowe rozwi\u0105zanie.<\/h2>\n<\/div><\/div>\n\n\n\n<div style=\"height:28px\" aria-hidden=\"true\" class=\"wp-block-spacer\"><\/div>\n<\/div>\n<\/div>\n\n\n\n<figure class=\"wp-block-gallery has-nested-images columns-default is-cropped wp-block-gallery-1 is-layout-flex wp-block-gallery-is-layout-flex\">\n<figure class=\"wp-block-image size-large is-style-default\"><img loading=\"lazy\" decoding=\"async\" width=\"600\" height=\"1200\" data-id=\"243489\" src=\"https:\/\/www.tele-radio.com\/app\/uploads\/\/CCTM1547-600x1200.jpg\" alt=\"\" class=\"wp-image-243489\" srcset=\"https:\/\/www.tele-radio.com\/app\/uploads\/CCTM1547-600x1200.jpg 600w, https:\/\/www.tele-radio.com\/app\/uploads\/CCTM1547-200x400.jpg 200w, https:\/\/www.tele-radio.com\/app\/uploads\/CCTM1547-768x1536.jpg 768w, https:\/\/www.tele-radio.com\/app\/uploads\/CCTM1547-375x750.jpg 375w, https:\/\/www.tele-radio.com\/app\/uploads\/CCTM1547-250x500.jpg 250w, https:\/\/www.tele-radio.com\/app\/uploads\/CCTM1547-400x800.jpg 400w, https:\/\/www.tele-radio.com\/app\/uploads\/CCTM1547.jpg 800w\" sizes=\"auto, (max-width: 600px) 100vw, 600px\" \/><\/figure>\n\n\n\n<figure class=\"wp-block-image size-large is-style-default\"><img loading=\"lazy\" decoding=\"async\" width=\"900\" height=\"1200\" data-id=\"243517\" src=\"https:\/\/www.tele-radio.com\/app\/uploads\/\/IMG_2264-900x1200.jpg\" alt=\"\" class=\"wp-image-243517\" srcset=\"https:\/\/www.tele-radio.com\/app\/uploads\/IMG_2264-900x1200.jpg 900w, https:\/\/www.tele-radio.com\/app\/uploads\/IMG_2264-300x400.jpg 300w, https:\/\/www.tele-radio.com\/app\/uploads\/IMG_2264-768x1024.jpg 768w, https:\/\/www.tele-radio.com\/app\/uploads\/IMG_2264-1152x1536.jpg 1152w, https:\/\/www.tele-radio.com\/app\/uploads\/IMG_2264-1536x2048.jpg 1536w, https:\/\/www.tele-radio.com\/app\/uploads\/IMG_2264-563x750.jpg 563w, https:\/\/www.tele-radio.com\/app\/uploads\/IMG_2264-375x500.jpg 375w, https:\/\/www.tele-radio.com\/app\/uploads\/IMG_2264-1200x1600.jpg 1200w, https:\/\/www.tele-radio.com\/app\/uploads\/IMG_2264-600x800.jpg 600w, https:\/\/www.tele-radio.com\/app\/uploads\/IMG_2264-scaled.jpg 1920w\" sizes=\"auto, (max-width: 900px) 100vw, 900px\" \/><\/figure>\n<\/figure>\n\n\n\n<p><\/p>\n\n\n\n<div class=\"wp-block-columns is-layout-flex wp-container-core-columns-is-layout-9d6595d7 wp-block-columns-is-layout-flex\">\n<div class=\"wp-block-column is-layout-flow wp-block-column-is-layout-flow\" style=\"flex-basis:33.33%\">\n<div style=\"height:100px\" aria-hidden=\"true\" class=\"wp-block-spacer\"><\/div>\n<\/div>\n\n\n\n<div class=\"wp-block-column is-layout-flow wp-block-column-is-layout-flow\"><\/div>\n\n\n\n<div class=\"wp-block-column is-layout-flow wp-block-column-is-layout-flow\" style=\"flex-basis:66.66%\">\n<div style=\"height:100px\" aria-hidden=\"true\" class=\"wp-block-spacer\"><\/div>\n<\/div>\n<\/div>\n","protected":false},"excerpt":{"rendered":"<p>Gebr. K\u00e4ufer GmbH Wiod\u0105cy na \u015bwiecie producent turbin wiatrowych od lat polega na produktach Tele Radio Firma Gebr. K\u00e4ufer GmbH produkuje systemy dost\u0119pu do \u0142opat wirnika i technologi\u0119 dost\u0119pu do l\u0105dowych i morskich turbin wiatrowych od 1999 roku. Korzystaj\u0105c ze specjalnych platform linowych, technicy mog\u0105 w spos\u00f3b bezpieczny i ergonomiczny porusza\u0107 si\u0119 wzd\u0142u\u017c wie\u017cy lub [&hellip;]<\/p>\n","protected":false},"author":81,"featured_media":243591,"parent":0,"menu_order":0,"comment_status":"closed","ping_status":"closed","template":"","meta":{"_acf_changed":false,"footnotes":""},"class_list":["post-258072","page","type-page","status-publish","has-post-thumbnail","hentry"],"acf":[],"_links":{"self":[{"href":"https:\/\/www.tele-radio.com\/pl\/wp-json\/wp\/v2\/pages\/258072","targetHints":{"allow":["GET"]}}],"collection":[{"href":"https:\/\/www.tele-radio.com\/pl\/wp-json\/wp\/v2\/pages"}],"about":[{"href":"https:\/\/www.tele-radio.com\/pl\/wp-json\/wp\/v2\/types\/page"}],"author":[{"embeddable":true,"href":"https:\/\/www.tele-radio.com\/pl\/wp-json\/wp\/v2\/users\/81"}],"replies":[{"embeddable":true,"href":"https:\/\/www.tele-radio.com\/pl\/wp-json\/wp\/v2\/comments?post=258072"}],"version-history":[{"count":1,"href":"https:\/\/www.tele-radio.com\/pl\/wp-json\/wp\/v2\/pages\/258072\/revisions"}],"predecessor-version":[{"id":258079,"href":"https:\/\/www.tele-radio.com\/pl\/wp-json\/wp\/v2\/pages\/258072\/revisions\/258079"}],"wp:featuredmedia":[{"embeddable":true,"href":"https:\/\/www.tele-radio.com\/pl\/wp-json\/wp\/v2\/media\/243591"}],"wp:attachment":[{"href":"https:\/\/www.tele-radio.com\/pl\/wp-json\/wp\/v2\/media?parent=258072"}],"curies":[{"name":"wp","href":"https:\/\/api.w.org\/{rel}","templated":true}]}}