{"id":233680,"date":"2024-10-17T11:34:01","date_gmt":"2024-10-17T11:34:01","guid":{"rendered":"https:\/\/www.tele-radio.com\/panther-pld-the-industrial-remote-control-you-can-rely-on\/"},"modified":"2024-11-28T11:26:37","modified_gmt":"2024-11-28T11:26:37","slug":"panther-pld-sterowania-radiowe-na-ktorych-mozna-polegac","status":"publish","type":"page","link":"https:\/\/www.tele-radio.com\/pl\/panther-pld-sterowania-radiowe-na-ktorych-mozna-polegac\/","title":{"rendered":"Panther PLd: Sterowania radiowe, na kt\u00f3rych mo\u017cna polega\u0107"},"content":{"rendered":"\n<div style=\"height:113px\" aria-hidden=\"true\" class=\"wp-block-spacer\"><\/div>\n\n\n\n<h1 class=\"wp-block-heading has-text-align-center has-black-color has-luminous-vivid-amber-background-color has-text-color has-background has-link-color has-x-large-font-size wp-elements-c488765743262ca8137e84e83fa959a9\" style=\"font-style:normal;font-weight:900\">Panther PLd: Sterowania radiowe, na kt\u00f3rych mo\u017cna polega\u0107<\/h1>\n\n\n\n<div style=\"height:51px\" aria-hidden=\"true\" class=\"wp-block-spacer\"><\/div>\n\n\n\n<figure class=\"wp-block-video aligncenter\"><video controls poster=\"https:\/\/www.tele-radio.com\/app\/uploads\/Panther_PLd_Promo_Snippet_PL_4.png\" src=\"https:\/\/www.tele-radio.com\/app\/uploads\/Panther-PLd-Advertisement-Video_v3_POL.mp4\"><\/video><\/figure>\n\n\n\n<div style=\"height:51px\" aria-hidden=\"true\" class=\"wp-block-spacer\"><\/div>\n\n\n\n<div class=\"wp-block-columns is-layout-flex wp-container-core-columns-is-layout-9d6595d7 wp-block-columns-is-layout-flex\">\n<div class=\"wp-block-column is-layout-flow wp-block-column-is-layout-flow\">\n<div style=\"height:169px\" aria-hidden=\"true\" class=\"wp-block-spacer\"><\/div>\n\n\n\n<figure class=\"wp-block-image size-large\"><img loading=\"lazy\" decoding=\"async\" width=\"1200\" height=\"673\" src=\"https:\/\/www.tele-radio.com\/app\/uploads\/\/Panther_PLd_Promo_Snippet_PL_9-1200x673.png\" alt=\"\" class=\"wp-image-233713\" srcset=\"https:\/\/www.tele-radio.com\/app\/uploads\/Panther_PLd_Promo_Snippet_PL_9-1200x673.png 1200w, https:\/\/www.tele-radio.com\/app\/uploads\/Panther_PLd_Promo_Snippet_PL_9-400x224.png 400w, https:\/\/www.tele-radio.com\/app\/uploads\/Panther_PLd_Promo_Snippet_PL_9-768x431.png 768w, https:\/\/www.tele-radio.com\/app\/uploads\/Panther_PLd_Promo_Snippet_PL_9-1536x861.png 1536w, https:\/\/www.tele-radio.com\/app\/uploads\/Panther_PLd_Promo_Snippet_PL_9-2048x1148.png 2048w, https:\/\/www.tele-radio.com\/app\/uploads\/Panther_PLd_Promo_Snippet_PL_9-750x420.png 750w, https:\/\/www.tele-radio.com\/app\/uploads\/Panther_PLd_Promo_Snippet_PL_9-500x280.png 500w, https:\/\/www.tele-radio.com\/app\/uploads\/Panther_PLd_Promo_Snippet_PL_9-1600x897.png 1600w, https:\/\/www.tele-radio.com\/app\/uploads\/Panther_PLd_Promo_Snippet_PL_9-800x448.png 800w\" sizes=\"auto, (max-width: 1200px) 100vw, 1200px\" \/><\/figure>\n<\/div>\n\n\n\n<div class=\"wp-block-column is-layout-flow wp-block-column-is-layout-flow\">\n<h2 class=\"wp-block-heading\" style=\"font-style:normal;font-weight:700\"><br>Mo\u017cliwo\u015bci s\u0105 nieograniczone<\/h2>\n\n\n\n<p class=\"has-medium-font-size\"><br>Poznaj Panther PLd: najwy\u017cszej klasy zdalnie sterowany system radiowy Tele Radio w przyst\u0119pnej cenie. Seria Panther PLd obejmuje przemys\u0142owe nadajniki zdalnego sterowania (T19-2 i T29-12), ka\u017cdy o zasi\u0119gu bezprzewodowym do 500 metr\u00f3w, w zale\u017cno\u015bci od warunk\u00f3w otoczenia. T19-2 wyposa\u017cony jest w osiem przycisk\u00f3w, a T29-12 w dwana\u015bcie, co u\u0142atwia bardzo precyzyjne sterowanie. Ka\u017cdy przycisk ma trzy poziomy: wy\u0142\u0105czony, w\u0142\u0105czony w po\u0142owie i ca\u0142kowicie w\u0142\u0105czony. W ten spos\u00f3b mo\u017cna przypisa\u0107 do 24 r\u00f3\u017cnych funkcji. Ponadto nadajniki oferuj\u0105 mo\u017cliwo\u015b\u0107 pracy w kilku trybach (maskach), poszerzaj\u0105c liczb\u0119 funkcji do 4 x 24. Dzi\u0119ki rozbudowanym opcjom programowania, bezprzewodowy pilot zdalnego sterowania Panther PLd mo\u017cna w pe\u0142ni dostosowa\u0107 do w\u0142asnych potrzeb, co czyni go idealnym wyborem dla ka\u017cdego, kto szuka elastycznego, ale niedrogiego systemu zdalnego sterowania.<\/p>\n<\/div>\n<\/div>\n\n\n\n<div class=\"wp-block-columns is-layout-flex wp-container-core-columns-is-layout-9d6595d7 wp-block-columns-is-layout-flex\">\n<div class=\"wp-block-column is-layout-flow wp-block-column-is-layout-flow\">\n<h2 class=\"wp-block-heading\" style=\"font-style:normal;font-weight:700\">Bezkompromisowe bezpiecze\u0144stwo poparte niezale\u017cn\u0105 certyfikacj\u0105<\/h2>\n\n\n\n<p class=\"has-medium-font-size\"><br>Modele T19-2 i T29-12 wyr\u00f3\u017cniaj\u0105 si\u0119 zgodno\u015bci\u0105 z najwa\u017cniejszymi bran\u017cowymi normami bezpiecze\u0144stwa: Performance Level d (PLd), kategorii 3, odpowiednik poziomu nienaruszalno\u015bci bezpiecze\u0144stwa (SIL) 2. Nie musisz wierzy\u0107 nam na s\u0142owo: nasze produkty s\u0105 certyfikowane przez niezale\u017cne instytucje, takie jak renomowany szwedzki Instytut Badawczy RISE. Daje to gwarancj\u0119, \u017ce maszyna rzeczywi\u015bcie zatrzymuje si\u0119 po naci\u015bni\u0119ciu przycisku stop. Nacisk, jaki Tele Radio k\u0142adzie na bezpiecze\u0144stwo, znajduje r\u00f3wnie\u017c odzwierciedlenie w ergonomicznej konstrukcji element\u00f3w steruj\u0105cych nadajnika i solidnej obudowie z ochraniaczem gumowym. Nadajniki s\u0105 odporne na wstrz\u0105sy i wod\u0119 (IP65, odbiorniki IP66), gotowe do pracy w najtrudniejszych warunkach. Modele T19-2 i T29-12 zapewniaj\u0105 operatorom kontrol\u0119, kt\u00f3rej potrzebuj\u0105, aby ograniczy\u0107 prac\u0119 w \u015brodowiskach wysokiego ryzyka, w kt\u00f3rych przemieszczane s\u0105 ci\u0119\u017ckie lub niestabilne \u0142adunki. Seria Panther PLd dzia\u0142a na akceptowanej na ca\u0142ym \u015bwiecie cz\u0119stotliwo\u015bci 2,4 GHz.<\/p>\n<\/div>\n\n\n\n<div class=\"wp-block-column is-layout-flow wp-block-column-is-layout-flow\">\n<div style=\"height:173px\" aria-hidden=\"true\" class=\"wp-block-spacer\"><\/div>\n\n\n<div class=\"wp-block-image is-style-default\">\n<figure class=\"aligncenter size-large\"><img loading=\"lazy\" decoding=\"async\" width=\"1200\" height=\"673\" src=\"https:\/\/www.tele-radio.com\/app\/uploads\/\/Panther_PLd_Promo_Snippet_PL_5-1200x673.png\" alt=\"\" class=\"wp-image-233739\" srcset=\"https:\/\/www.tele-radio.com\/app\/uploads\/Panther_PLd_Promo_Snippet_PL_5-1200x673.png 1200w, https:\/\/www.tele-radio.com\/app\/uploads\/Panther_PLd_Promo_Snippet_PL_5-400x224.png 400w, https:\/\/www.tele-radio.com\/app\/uploads\/Panther_PLd_Promo_Snippet_PL_5-768x431.png 768w, https:\/\/www.tele-radio.com\/app\/uploads\/Panther_PLd_Promo_Snippet_PL_5-1536x861.png 1536w, https:\/\/www.tele-radio.com\/app\/uploads\/Panther_PLd_Promo_Snippet_PL_5-2048x1148.png 2048w, https:\/\/www.tele-radio.com\/app\/uploads\/Panther_PLd_Promo_Snippet_PL_5-750x420.png 750w, https:\/\/www.tele-radio.com\/app\/uploads\/Panther_PLd_Promo_Snippet_PL_5-500x280.png 500w, https:\/\/www.tele-radio.com\/app\/uploads\/Panther_PLd_Promo_Snippet_PL_5-1600x897.png 1600w, https:\/\/www.tele-radio.com\/app\/uploads\/Panther_PLd_Promo_Snippet_PL_5-800x448.png 800w\" sizes=\"auto, (max-width: 1200px) 100vw, 1200px\" \/><\/figure><\/div><\/div>\n<\/div>\n\n\n\n<div style=\"height:51px\" aria-hidden=\"true\" class=\"wp-block-spacer\"><\/div>\n\n\n\n<h2 class=\"wp-block-heading\" style=\"font-style:normal;font-weight:700\"><br>Panther PLd T19-2 i T29-12: elastyczno\u015b\u0107 od A do Z<\/h2>\n\n\n\n<div style=\"height:27px\" aria-hidden=\"true\" class=\"wp-block-spacer\"><\/div>\n\n\n<div class=\"wp-block-image is-style-rounded\">\n<figure class=\"alignleft size-large is-resized\"><img loading=\"lazy\" decoding=\"async\" width=\"1200\" height=\"798\" src=\"https:\/\/www.tele-radio.com\/app\/uploads\/\/Photo_4-1200x798.jpg\" alt=\"\" class=\"wp-image-230124\" style=\"aspect-ratio:0.75;object-fit:cover;width:198px;height:auto\" srcset=\"https:\/\/www.tele-radio.com\/app\/uploads\/Photo_4-1200x798.jpg 1200w, https:\/\/www.tele-radio.com\/app\/uploads\/Photo_4-400x266.jpg 400w, https:\/\/www.tele-radio.com\/app\/uploads\/Photo_4-768x511.jpg 768w, https:\/\/www.tele-radio.com\/app\/uploads\/Photo_4-1536x1022.jpg 1536w, https:\/\/www.tele-radio.com\/app\/uploads\/Photo_4-2048x1363.jpg 2048w, https:\/\/www.tele-radio.com\/app\/uploads\/Photo_4-750x499.jpg 750w, https:\/\/www.tele-radio.com\/app\/uploads\/Photo_4-500x333.jpg 500w, https:\/\/www.tele-radio.com\/app\/uploads\/Photo_4-1600x1065.jpg 1600w, https:\/\/www.tele-radio.com\/app\/uploads\/Photo_4-800x532.jpg 800w\" sizes=\"auto, (max-width: 1200px) 100vw, 1200px\" \/><\/figure><\/div>\n\n\n<p class=\"has-medium-font-size\"><br>Unikalny kod grupowy umo\u017cliwia wielu nadajnikom sterowanie jednym odbiornikiem. Nadajniki i odbiorniki mo\u017cna sparowa\u0107 z poziomu gruntu, nawet je\u015bli odbiornik jest zainstalowany na du\u017cej wysoko\u015bci. Dzi\u0119ki temu praca z Panther PLd jest bezpieczna i \u0142atwa. Modu\u0142owe odbiorniki akceptuj\u0105 wiele poziom\u00f3w napi\u0119cia i wsp\u00f3\u0142pracuj\u0105 z zewn\u0119trznymi antenami i wzmacniaczami sygna\u0142u. Mo\u017cliwo\u015b\u0107 przypisania dodatkowej funkcji do ka\u017cdego przycisku podwaja liczb\u0119 opcji sterowania. Co wi\u0119cej, aby spe\u0142ni\u0107 wymagania projektowe u\u017cytkownika lub jego klienta, jeste\u015bmy w stanie dostosowa\u0107 front nadajnika. \u0141atwo\u015b\u0107 obs\u0142ugi nie stoi na przeszkodzie zaawansowanym ustawieniom: za pomoc\u0105 zestawu do programowania z interfejsem USB, kt\u00f3ry mo\u017ce by\u0107 dostarczony oddzielnie, pilot mo\u017cna po\u0142\u0105czy\u0107 z komputerem.&nbsp;<\/p>\n\n\n\n<div style=\"height:30px\" aria-hidden=\"true\" class=\"wp-block-spacer\"><\/div>\n\n\n\n<h2 class=\"wp-block-heading\" style=\"font-style:normal;font-weight:700\"><br>Odpowiedzialna inwestycja<\/h2>\n\n\n\n<p class=\"has-medium-font-size\"><br>Podsumowuj\u0105c, zar\u00f3wno Panther PLd T19-2, jak i T29-12 stanowi zr\u00f3wnowa\u017con\u0105 inwestycj\u0119. Wszystkie cz\u0119\u015bci, w tym obudowa, s\u0105 wymienne, co zapewnia d\u0142u\u017cszy cykl \u017cycia i ni\u017csze koszty operacyjne. Sterowania Tele Radio kupione przez naszych klient\u00f3w wci\u0105\u017c s\u0105 sprawne nawet po 20 latach u\u017cytkowania &#8211; wszystko dzi\u0119ki dost\u0119pno\u015bci cz\u0119\u015bci zamiennych i mo\u017cliwo\u015bci konserwacji.<\/p>\n\n\n<div class=\"wp-block-image\">\n<figure class=\"aligncenter size-large is-resized\"><img loading=\"lazy\" decoding=\"async\" width=\"1200\" height=\"880\" src=\"https:\/\/www.tele-radio.com\/app\/uploads\/\/Photo_3-1200x880.jpg\" alt=\"\" class=\"wp-image-230156\" style=\"width:408px;height:auto\" srcset=\"https:\/\/www.tele-radio.com\/app\/uploads\/Photo_3-1200x880.jpg 1200w, https:\/\/www.tele-radio.com\/app\/uploads\/Photo_3-400x293.jpg 400w, https:\/\/www.tele-radio.com\/app\/uploads\/Photo_3-768x563.jpg 768w, https:\/\/www.tele-radio.com\/app\/uploads\/Photo_3-1536x1126.jpg 1536w, https:\/\/www.tele-radio.com\/app\/uploads\/Photo_3-2048x1502.jpg 2048w, https:\/\/www.tele-radio.com\/app\/uploads\/Photo_3-750x550.jpg 750w, https:\/\/www.tele-radio.com\/app\/uploads\/Photo_3-500x367.jpg 500w, https:\/\/www.tele-radio.com\/app\/uploads\/Photo_3-1600x1173.jpg 1600w, https:\/\/www.tele-radio.com\/app\/uploads\/Photo_3-800x587.jpg 800w\" sizes=\"auto, (max-width: 1200px) 100vw, 1200px\" \/><\/figure><\/div>\n\n\n<h2 class=\"wp-block-heading\" style=\"font-style:normal;font-weight:900\"><br>Aplikacje?<\/h2>\n\n\n\n<p class=\"has-medium-font-size\"><br>Dzi\u0119ki swojemu wszechstronnemu charakterowi, nasze nadajniki zdalnego sterowania s\u0105 wykorzystywane mi\u0119dzy innymi w armatkach przeciwmgielnych, betoniarkach, rampach hydraulicznych i mobilnych instalacjach o\u015bwietleniowych na placach budowy. Ponadto idealnie nadaj\u0105 si\u0119 do sterowania pod\u0142\u0105czonymi komponentami w kabinach d\u017awig\u00f3w (przegubowych) i koparek. Panther PLd T19-2 i T29-12 s\u0105 r\u00f3wnie\u017c stosowane w drzwiach i bramach, szlabanach, przeno\u015bnikach, suwnicach bramowych, suwnicach elektrycznych, wci\u0105gnikach elektrycznych, \u017curawiach wie\u017cowych, wci\u0105garkach, w\u00f3zkach holowniczych, pojazdach ratowniczych, w\u00f3zkach pr\u00f3\u017cniowych, pog\u0142\u0119biarkach, koparkach g\u00f3rniczych, maszynach odwadniaj\u0105cych, przyczepach, kombajnach, pokrywach silos\u00f3w i kruszarkach gruzu.<br><br><br>Chcesz wiedzie\u0107 wi\u0119cej o r\u00f3\u017cnych zastosowaniach Panther PLd T19-2 i T29-12? <a href=\"https:\/\/www.tele-radio.com\/applications\/\">Kliknij tutaj.<\/a><\/p>\n","protected":false},"excerpt":{"rendered":"<p>Panther PLd: Sterowania radiowe, na kt\u00f3rych mo\u017cna polega\u0107 Mo\u017cliwo\u015bci s\u0105 nieograniczone Poznaj Panther PLd: najwy\u017cszej klasy zdalnie sterowany system radiowy Tele Radio w przyst\u0119pnej cenie. Seria Panther PLd obejmuje przemys\u0142owe nadajniki zdalnego sterowania (T19-2 i T29-12), ka\u017cdy o zasi\u0119gu bezprzewodowym do 500 metr\u00f3w, w zale\u017cno\u015bci od warunk\u00f3w otoczenia. T19-2 wyposa\u017cony jest w osiem przycisk\u00f3w, a [&hellip;]<\/p>\n","protected":false},"author":29,"featured_media":233686,"parent":0,"menu_order":0,"comment_status":"closed","ping_status":"closed","template":"","meta":{"_acf_changed":false,"footnotes":""},"class_list":["post-233680","page","type-page","status-publish","has-post-thumbnail","hentry"],"acf":[],"_links":{"self":[{"href":"https:\/\/www.tele-radio.com\/pl\/wp-json\/wp\/v2\/pages\/233680","targetHints":{"allow":["GET"]}}],"collection":[{"href":"https:\/\/www.tele-radio.com\/pl\/wp-json\/wp\/v2\/pages"}],"about":[{"href":"https:\/\/www.tele-radio.com\/pl\/wp-json\/wp\/v2\/types\/page"}],"author":[{"embeddable":true,"href":"https:\/\/www.tele-radio.com\/pl\/wp-json\/wp\/v2\/users\/29"}],"replies":[{"embeddable":true,"href":"https:\/\/www.tele-radio.com\/pl\/wp-json\/wp\/v2\/comments?post=233680"}],"version-history":[{"count":7,"href":"https:\/\/www.tele-radio.com\/pl\/wp-json\/wp\/v2\/pages\/233680\/revisions"}],"predecessor-version":[{"id":233924,"href":"https:\/\/www.tele-radio.com\/pl\/wp-json\/wp\/v2\/pages\/233680\/revisions\/233924"}],"wp:featuredmedia":[{"embeddable":true,"href":"https:\/\/www.tele-radio.com\/pl\/wp-json\/wp\/v2\/media\/233686"}],"wp:attachment":[{"href":"https:\/\/www.tele-radio.com\/pl\/wp-json\/wp\/v2\/media?parent=233680"}],"curies":[{"name":"wp","href":"https:\/\/api.w.org\/{rel}","templated":true}]}}