{"id":227943,"date":"2024-09-12T07:17:35","date_gmt":"2024-09-12T07:17:35","guid":{"rendered":"https:\/\/www.tele-radio.com\/qts-wiodacy-wykonawcy-w-brytyjskim-przemysle-kolejowym\/"},"modified":"2024-09-12T07:25:57","modified_gmt":"2024-09-12T07:25:57","slug":"qts-wiodacy-wykonawcy-w-brytyjskim-przemysle-kolejowym","status":"publish","type":"page","link":"https:\/\/www.tele-radio.com\/pl\/qts-wiodacy-wykonawcy-w-brytyjskim-przemysle-kolejowym\/","title":{"rendered":"QTS &#8211; Wiod\u0105cy wykonawcy w brytyjskim przemy\u015ble kolejowym"},"content":{"rendered":"\n<div style=\"height:141px\" aria-hidden=\"true\" class=\"wp-block-spacer\"><\/div>\n\n\n\n<h1 class=\"wp-block-heading has-text-align-center has-white-color has-black-background-color has-text-color has-background has-link-color has-x-large-font-size wp-elements-3f7010255861511eca675604318adc0e\">QTS &#8211; Wiod\u0105cy wykonawcy w brytyjskim przemy\u015ble kolejowym<\/h1>\n\n\n\n<div class=\"wp-block-columns is-layout-flex wp-container-core-columns-is-layout-9d6595d7 wp-block-columns-is-layout-flex\">\n<div class=\"wp-block-column is-layout-flow wp-block-column-is-layout-flow\" style=\"flex-basis:250px\"><\/div>\n\n\n\n<div class=\"wp-block-column is-layout-flow wp-block-column-is-layout-flow\">\n<figure class=\"wp-block-embed is-type-video is-provider-youtube wp-block-embed-youtube wp-embed-aspect-16-9 wp-has-aspect-ratio\"><div class=\"wp-block-embed__wrapper\">\n<iframe loading=\"lazy\" title=\"QTS &amp; Tele Radio - Implementing Remote Controls\" width=\"500\" height=\"281\" src=\"https:\/\/www.youtube.com\/embed\/c6WVDuXyIF4?feature=oembed\" frameborder=\"0\" allow=\"accelerometer; autoplay; clipboard-write; encrypted-media; gyroscope; picture-in-picture; web-share\" referrerpolicy=\"strict-origin-when-cross-origin\" allowfullscreen><\/iframe>\n<\/div><\/figure>\n<\/div>\n\n\n\n<div class=\"wp-block-column is-layout-flow wp-block-column-is-layout-flow\" style=\"flex-basis:80px\"><\/div>\n<\/div>\n\n\n\n<div class=\"wp-block-group\"><div class=\"wp-block-group__inner-container is-layout-constrained wp-block-group-is-layout-constrained\">\n<h2 class=\"wp-block-heading has-text-align-left has-large-font-size\"><strong>Bezpieczniejsze warunki pracy, zwi\u0119kszona wydajno\u015b\u0107 operacyjna<\/strong><\/h2>\n\n\n\n<p class=\"has-medium-font-size wp-container-content-9cfa9a5a\">QTS, wiod\u0105cy wykonawca w brytyjskim przemy\u015ble kolejowym, przyczynia si\u0119 do utrzymania krajowego systemu kolejowego. QTS specjalizuje si\u0119 w in\u017cynierii l\u0105dowej, zarz\u0105dzaniu ro\u015blinno\u015bci\u0105, drena\u017cu i czyszczeniu tor\u00f3w, ogrodzeniach, elektryfikacji, elementach dotykowych, dost\u0119pie linowym IRATA i wynajmie specjalistycznej floty urz\u0105dze\u0144.<\/p>\n\n\n\n<p class=\"has-medium-font-size wp-container-content-9cfa9a5a\">Firma nawi\u0105za\u0142a wsp\u00f3\u0142prac\u0119 z Tele Radio w celu opracowania rozwi\u0105zania zdalnego sterowania dla wybranych maszyn. W ten spos\u00f3b QTS znacznie poprawi\u0142 bezpiecze\u0144stwo pracownik\u00f3w i wydajno\u015b\u0107 operacyjn\u0105.<\/p>\n\n\n\n<p class=\"has-medium-font-size wp-container-content-9cfa9a5a\">Tele Radio dostosowa\u0142o seri\u0119 nadajnik\u00f3w sterowania radiowego TEQ do specyficznych funkcji ci\u0119\u017ckiego sprz\u0119tu QTS, kt\u00f3ry jest teraz obs\u0142ugiwany z jednego, kompaktowego urz\u0105dzenia. &nbsp;<\/p>\n<\/div><\/div>\n\n\n\n<div style=\"height:100px\" aria-hidden=\"true\" class=\"wp-block-spacer\"><\/div>\n\n\n\n<h2 class=\"wp-block-heading has-large-font-size\"><strong>Dlaczego zdalne sterowanie?<\/strong><\/h2>\n\n\n<p class=\"p1\"><b>Wydajno\u015b\u0107<\/b><strong> \u2013 <\/strong>wiele funkcji maszyn QTS, obs\u0142ugiwanych bezpo\u015brednio lub z uchwytu sterowniczego, wymaga od operatora chodzenia do maszyny i odchodzenia od niej. Pilot zdalnego sterowania \u0142\u0105czy wszystkie funkcje w jeden pakiet, oszcz\u0119dzaj\u0105c operatorom czas, kt\u00f3ry wcze\u015bniej po\u015bwi\u0119cali na przemieszczanie si\u0119 od i do maszyn.<\/p>\n\n<p class=\"p1\"><b>Bezpiecze\u0144stwo<\/b><strong> \u2013 <\/strong>aby zapewni\u0107 bezpiecze\u0144stwo pracownik\u00f3w, personel QTS przestrzega \u015bcis\u0142ych procedur bezpiecze\u0144stwa. Rozwi\u0105zanie bezprzewodowe podnosi bezpiecze\u0144stwo na jeszcze wy\u017cszy poziom: operatorzy trzymaj\u0105 si\u0119 z dala od maszyn &#8211; znacznie zmniejszaj\u0105c ryzyko wypadk\u00f3w &#8211; jednocze\u015bnie poprawiaj\u0105c widoczno\u015b\u0107 na to, co si\u0119 dzieje. Seria produkt\u00f3w TEQ Line firmy Tele Radio posiada certyfikat PLe CAT 3.<\/p>\n\n\n<div style=\"height:100px\" aria-hidden=\"true\" class=\"wp-block-spacer\"><\/div>\n\n\n\n<h2 class=\"wp-block-heading has-large-font-size\"><strong>Elastyczno\u015b\u0107 w centrum uwagi<\/strong><\/h2>\n\n\n\n<p class=\"has-medium-font-size\">Firma QTS zdecydowa\u0142a si\u0119 na niestandardowe rozwi\u0105zanie TEQ Line firmy Tele Radio ze wzgl\u0119du na oferowan\u0105 elastyczno\u015b\u0107. Od samego pocz\u0105tku firma Tele Radio by\u0142a w stanie zrozumie\u0107 wyzwania stoj\u0105ce przed QTS i zareagowa\u0107 na nie, dostarczaj\u0105c odpowiedni sprz\u0119t. W miar\u0119 jak zmienia\u0142y si\u0119 okoliczno\u015bci, Tele Radio stale dostosowywa\u0142o swoje projekty, aby utrzyma\u0107 QTS na w\u0142a\u015bciwej drodze.<\/p>\n\n\n\n<p class=\"has-medium-font-size\">Marcus Edwards, Plant Compliance &amp; Special Projects Supervisor w QTS Group, potwierdza: \u201eWybrali\u015bmy Tele Radio, poniewa\u017c potrzebowali\u015bmy pilot\u00f3w do r\u00f3\u017cnych zada\u0144\u201d. TEQ Line firmy Tele Radio (kt\u00f3ra oferuje nadajniki z manipulatorami) jest doskona\u0142ym wyborem do integracji szerokiej gamy funkcji &#8211; w tym wej\u015b\u0107, wyj\u015b\u0107 i sygna\u0142\u00f3w zwrotnych &#8211; w jednym zestawie.<\/p>\n\n\n\n<pre class=\"wp-block-code\"><code>\n<\/code><\/pre>\n\n\n\n<pre class=\"wp-block-code\"><code><\/code><\/pre>\n","protected":false},"excerpt":{"rendered":"<p>QTS &#8211; Wiod\u0105cy wykonawcy w brytyjskim przemy\u015ble kolejowym Bezpieczniejsze warunki pracy, zwi\u0119kszona wydajno\u015b\u0107 operacyjna QTS, wiod\u0105cy wykonawca w brytyjskim przemy\u015ble kolejowym, przyczynia si\u0119 do utrzymania krajowego systemu kolejowego. QTS specjalizuje si\u0119 w in\u017cynierii l\u0105dowej, zarz\u0105dzaniu ro\u015blinno\u015bci\u0105, drena\u017cu i czyszczeniu tor\u00f3w, ogrodzeniach, elektryfikacji, elementach dotykowych, dost\u0119pie linowym IRATA i wynajmie specjalistycznej floty urz\u0105dze\u0144. Firma nawi\u0105za\u0142a wsp\u00f3\u0142prac\u0119 [&hellip;]<\/p>\n","protected":false},"author":29,"featured_media":227678,"parent":0,"menu_order":0,"comment_status":"closed","ping_status":"closed","template":"","meta":{"_acf_changed":false,"footnotes":""},"class_list":["post-227943","page","type-page","status-publish","has-post-thumbnail","hentry"],"acf":[],"_links":{"self":[{"href":"https:\/\/www.tele-radio.com\/pl\/wp-json\/wp\/v2\/pages\/227943","targetHints":{"allow":["GET"]}}],"collection":[{"href":"https:\/\/www.tele-radio.com\/pl\/wp-json\/wp\/v2\/pages"}],"about":[{"href":"https:\/\/www.tele-radio.com\/pl\/wp-json\/wp\/v2\/types\/page"}],"author":[{"embeddable":true,"href":"https:\/\/www.tele-radio.com\/pl\/wp-json\/wp\/v2\/users\/29"}],"replies":[{"embeddable":true,"href":"https:\/\/www.tele-radio.com\/pl\/wp-json\/wp\/v2\/comments?post=227943"}],"version-history":[{"count":4,"href":"https:\/\/www.tele-radio.com\/pl\/wp-json\/wp\/v2\/pages\/227943\/revisions"}],"predecessor-version":[{"id":227949,"href":"https:\/\/www.tele-radio.com\/pl\/wp-json\/wp\/v2\/pages\/227943\/revisions\/227949"}],"wp:featuredmedia":[{"embeddable":true,"href":"https:\/\/www.tele-radio.com\/pl\/wp-json\/wp\/v2\/media\/227678"}],"wp:attachment":[{"href":"https:\/\/www.tele-radio.com\/pl\/wp-json\/wp\/v2\/media?parent=227943"}],"curies":[{"name":"wp","href":"https:\/\/api.w.org\/{rel}","templated":true}]}}