{"id":224182,"date":"2024-07-12T12:23:54","date_gmt":"2024-07-12T12:23:54","guid":{"rendered":"https:\/\/www.tele-radio.com\/tele-radios-commitment-to-sustainable-practices-continues\/"},"modified":"2024-07-23T11:41:49","modified_gmt":"2024-07-23T11:41:49","slug":"zaangazowanie-tele-radio-w-praktyki-zrownowazonego-rozwoju-nie-ustaje","status":"publish","type":"page","link":"https:\/\/www.tele-radio.com\/pl\/zaangazowanie-tele-radio-w-praktyki-zrownowazonego-rozwoju-nie-ustaje\/","title":{"rendered":"Zaanga\u017cowanie Tele Radio w praktyki zr\u00f3wnowa\u017conego rozwoju nie ustaje"},"content":{"rendered":"\n<h1 class=\"wp-block-heading\">Zaanga\u017cowanie Tele Radio w praktyki zr\u00f3wnowa\u017conego rozwoju nie ustaje<\/h1>\n\n\n\n<p><strong>Sp\u00f3\u0142ka macierzysta Tele Radio, Allgon Group, opublikowa\u0142a na pocz\u0105tku tego roku sw\u00f3j roczny raport i raport zr\u00f3wnowa\u017conego rozwoju za rok 2023. W raporcie tym przedstawiono wszystkie dzia\u0142ania maj\u0105ce na celu maksymalizacj\u0119 pozytywnego wp\u0142ywu na \u015brodowisko, kontekst spo\u0142eczny oraz optymalizacj\u0119 operacji.<\/strong><\/p>\n\n\n\n<div style=\"height:40px\" aria-hidden=\"true\" class=\"wp-block-spacer\"><\/div>\n\n\n<div class=\"wp-block-image\">\n<figure class=\"alignright size-large is-resized\"><img loading=\"lazy\" decoding=\"async\" width=\"1200\" height=\"630\" src=\"https:\/\/www.tele-radio.com\/app\/uploads\/\/AR_Allgon_2023_EN_Web-1200x630.jpg\" alt=\"\" class=\"wp-image-223978\" style=\"width:449px;height:auto\" srcset=\"https:\/\/www.tele-radio.com\/app\/uploads\/AR_Allgon_2023_EN_Web-1200x630.jpg 1200w, https:\/\/www.tele-radio.com\/app\/uploads\/AR_Allgon_2023_EN_Web-400x210.jpg 400w, https:\/\/www.tele-radio.com\/app\/uploads\/AR_Allgon_2023_EN_Web-768x403.jpg 768w, https:\/\/www.tele-radio.com\/app\/uploads\/AR_Allgon_2023_EN_Web-1536x807.jpg 1536w, https:\/\/www.tele-radio.com\/app\/uploads\/AR_Allgon_2023_EN_Web-2048x1076.jpg 2048w, https:\/\/www.tele-radio.com\/app\/uploads\/AR_Allgon_2023_EN_Web-750x394.jpg 750w, https:\/\/www.tele-radio.com\/app\/uploads\/AR_Allgon_2023_EN_Web-500x263.jpg 500w, https:\/\/www.tele-radio.com\/app\/uploads\/AR_Allgon_2023_EN_Web-1600x840.jpg 1600w, https:\/\/www.tele-radio.com\/app\/uploads\/AR_Allgon_2023_EN_Web-800x420.jpg 800w\" sizes=\"auto, (max-width: 1200px) 100vw, 1200px\" \/><\/figure><\/div>\n\n\n<p>Zr\u00f3wnowa\u017cone praktyki s\u0105 kluczow\u0105 si\u0142\u0105 nap\u0119dow\u0105 organizacji. Dlatego mo\u017cliwo\u015b\u0107 zmierzenia tych sukces\u00f3w jest integraln\u0105 cz\u0119\u015bci\u0105 polityki zr\u00f3wnowa\u017conego rozwoju prowadzonej przez firm\u0119. W oparciu o Agend\u0119 2030, zestaw cel\u00f3w, takich jak przej\u015bcie na zr\u00f3wnowa\u017cone materia\u0142y, inwestowanie w energi\u0119 odnawialn\u0105 oraz zapewnienie zdrowia i bezpiecze\u0144stwa pracownik\u00f3w, s\u0105 cz\u0119\u015bci\u0105 zintegrowanego podej\u015bcia, kt\u00f3re Grupa Tele Radio przyj\u0119\u0142a, aby osi\u0105gn\u0105\u0107 swoje cele.<\/p>\n\n\n\n<p>Standardy te zosta\u0142y r\u00f3wnie\u017c potwierdzone przez odnowienie certyfikatu ISO 14001 dla system\u00f3w zarz\u0105dzania \u015brodowiskowego w siedzibie Tele Radio w G\u00f6teborgu w Szwecji.<\/p>\n\n\n\n<p>Ola Samelius, prezes i dyrektor generalny Tele Radio, powiedzia\u0142: &#8220;Zr\u00f3wnowa\u017cone praktyki s\u0105 w centrum uwagi naszej organizacji, jest to ci\u0105g\u0142y proces, w kt\u00f3rym zawsze dokonujemy ponownej oceny naszych obecnych praktyk pod k\u0105tem najwy\u017cszych standard\u00f3w&#8221;. Odnosz\u0105c si\u0119 do znaczenia certyfikatu ISO, kontynuowa\u0142: &#8220;Wierzymy, \u017ce standardy ISO s\u0142u\u017c\u0105 jako punkt odniesienia dla jako\u015bci naszych praktyk, do kt\u00f3rych d\u0105\u017cy ka\u017cdy w organizacji&#8221;.<\/p>\n\n\n\n<div style=\"height:81px\" aria-hidden=\"true\" class=\"wp-block-spacer\"><\/div>\n\n\n<a href=\"https:\/\/www.tele-radio.com\/app\/uploads\/Allgon_Sustainability_Report_2023.pdf\" class=\"pdfemb-viewer\" style=\"\" data-width=\"max\" data-height=\"max\" data-toolbar=\"bottom\" data-toolbar-fixed=\"off\">Allgon_Sustainability_Report_2023<\/a>\n<p class=\"wp-block-pdfemb-pdf-embedder-viewer\"><\/p>\n","protected":false},"excerpt":{"rendered":"<p>Zaanga\u017cowanie Tele Radio w praktyki zr\u00f3wnowa\u017conego rozwoju nie ustaje Sp\u00f3\u0142ka macierzysta Tele Radio, Allgon Group, opublikowa\u0142a na pocz\u0105tku tego roku sw\u00f3j roczny raport i raport zr\u00f3wnowa\u017conego rozwoju za rok 2023. W raporcie tym przedstawiono wszystkie dzia\u0142ania maj\u0105ce na celu maksymalizacj\u0119 pozytywnego wp\u0142ywu na \u015brodowisko, kontekst spo\u0142eczny oraz optymalizacj\u0119 operacji. Zr\u00f3wnowa\u017cone praktyki s\u0105 kluczow\u0105 si\u0142\u0105 nap\u0119dow\u0105 [&hellip;]<\/p>\n","protected":false},"author":29,"featured_media":225639,"parent":0,"menu_order":0,"comment_status":"closed","ping_status":"closed","template":"","meta":{"_acf_changed":false,"footnotes":""},"class_list":["post-224182","page","type-page","status-publish","has-post-thumbnail","hentry"],"acf":[],"_links":{"self":[{"href":"https:\/\/www.tele-radio.com\/pl\/wp-json\/wp\/v2\/pages\/224182","targetHints":{"allow":["GET"]}}],"collection":[{"href":"https:\/\/www.tele-radio.com\/pl\/wp-json\/wp\/v2\/pages"}],"about":[{"href":"https:\/\/www.tele-radio.com\/pl\/wp-json\/wp\/v2\/types\/page"}],"author":[{"embeddable":true,"href":"https:\/\/www.tele-radio.com\/pl\/wp-json\/wp\/v2\/users\/29"}],"replies":[{"embeddable":true,"href":"https:\/\/www.tele-radio.com\/pl\/wp-json\/wp\/v2\/comments?post=224182"}],"version-history":[{"count":3,"href":"https:\/\/www.tele-radio.com\/pl\/wp-json\/wp\/v2\/pages\/224182\/revisions"}],"predecessor-version":[{"id":224221,"href":"https:\/\/www.tele-radio.com\/pl\/wp-json\/wp\/v2\/pages\/224182\/revisions\/224221"}],"wp:featuredmedia":[{"embeddable":true,"href":"https:\/\/www.tele-radio.com\/pl\/wp-json\/wp\/v2\/media\/225639"}],"wp:attachment":[{"href":"https:\/\/www.tele-radio.com\/pl\/wp-json\/wp\/v2\/media?parent=224182"}],"curies":[{"name":"wp","href":"https:\/\/api.w.org\/{rel}","templated":true}]}}