{"id":221240,"date":"2024-06-21T11:03:19","date_gmt":"2024-06-21T11:03:19","guid":{"rendered":"https:\/\/www.tele-radio.com\/?page_id=221240"},"modified":"2024-07-25T12:12:17","modified_gmt":"2024-07-25T12:12:17","slug":"sterowanie-radiowe-pwm","status":"publish","type":"page","link":"https:\/\/www.tele-radio.com\/pl\/sterowanie-radiowe-pwm\/","title":{"rendered":"Sterowanie radiowe PWM dla maszyn"},"content":{"rendered":"\n<div style=\"height:50px\" aria-hidden=\"true\" class=\"wp-block-spacer\"><\/div>\n\n\n\n<h2 class=\"wp-block-heading has-text-align-center has-large-font-size\">PWM &#8211; systemy sterowania radiowego Tele Radio<\/h2>\n\n\n\n<div style=\"height:40px\" aria-hidden=\"true\" class=\"wp-block-spacer\"><\/div>\n\n\n\n<p class=\"has-text-align-center\">Firma Tele Radio specjalizuje si\u0119 w produkcji zaawansowanych system\u00f3w sterowania radiowego, w tym nowoczesnych rozwi\u0105za\u0144 sterowania radiowego PWM. Dzi\u0119ki innowacyjnym technologiom i wieloletniemu do\u015bwiadczeniu, oferujemy produkty najwy\u017cszej jako\u015bci, kt\u00f3re s\u0105 niezawodne, bezpieczne i \u0142atwe w u\u017cyciu.<\/p>\n\n\n\n<div style=\"height:10px\" aria-hidden=\"true\" class=\"wp-block-spacer\"><\/div>\n\n\n\n<div style=\"height:40px\" aria-hidden=\"true\" class=\"wp-block-spacer\"><\/div>\n\n\n\n<div class=\"wp-block-media-text has-media-on-the-right is-stacked-on-mobile\" style=\"grid-template-columns:auto 32%\"><div class=\"wp-block-media-text__content\">\n<div style=\"height:10px\" aria-hidden=\"true\" class=\"wp-block-spacer\"><\/div>\n\n\n\n<h3 class=\"wp-block-heading\" style=\"font-size:30px\">Czym jest sterowanie radiowe PWM?<\/h3>\n\n\n\n<p>PWM to metoda, kt\u00f3ra umo\u017cliwia precyzyjne zarz\u0105dzanie moc\u0105 dostarczan\u0105 do urz\u0105dzenia poprzez zmian\u0119 szeroko\u015bci impuls\u00f3w sygna\u0142u steruj\u0105cego. PWM w praktyce oznacza generowanie sygna\u0142u o zmiennej szeroko\u015bci impuls\u00f3w, gdzie stosunek czasu trwania impulsu do okresu sygna\u0142u jest proporcjonalny do poziomu mocy. To rozwi\u0105zanie jest idealne dla wielu maszyn przemys\u0142owych i budowlanych, gdzie precyzja i niezawodno\u015b\u0107 s\u0105 kluczowe.<\/p>\n\n\n\n<div style=\"height:35px\" aria-hidden=\"true\" class=\"wp-block-spacer\"><\/div>\n\n\n\n<div class=\"wp-block-buttons is-content-justification-center is-layout-flex wp-container-core-buttons-is-layout-16018d1d wp-block-buttons-is-layout-flex\">\n<div class=\"wp-block-button\"><a class=\"wp-block-button__link has-black-color has-luminous-vivid-amber-background-color has-text-color has-background has-link-color has-text-align-center wp-element-button\" href=\"#rozwi\u0105zania\" style=\"border-radius:20px\">Zobacz rozwi\u0105zania Tele Radio<\/a><\/div>\n<\/div>\n<\/div><figure class=\"wp-block-media-text__media\"><img loading=\"lazy\" decoding=\"async\" width=\"1200\" height=\"1200\" src=\"https:\/\/www.tele-radio.com\/app\/uploads\/IMG_1949.1-1200x1200.png\" alt=\"\" class=\"wp-image-224561 size-full\" srcset=\"https:\/\/www.tele-radio.com\/app\/uploads\/IMG_1949.1-1200x1200.png 1200w, https:\/\/www.tele-radio.com\/app\/uploads\/IMG_1949.1-400x400.png 400w, https:\/\/www.tele-radio.com\/app\/uploads\/IMG_1949.1-150x150.png 150w, https:\/\/www.tele-radio.com\/app\/uploads\/IMG_1949.1-768x768.png 768w, https:\/\/www.tele-radio.com\/app\/uploads\/IMG_1949.1-250x250.png 250w, https:\/\/www.tele-radio.com\/app\/uploads\/IMG_1949.1-750x750.png 750w, https:\/\/www.tele-radio.com\/app\/uploads\/IMG_1949.1-500x500.png 500w, https:\/\/www.tele-radio.com\/app\/uploads\/IMG_1949.1-800x800.png 800w, https:\/\/www.tele-radio.com\/app\/uploads\/IMG_1949.1.png 1500w\" sizes=\"auto, (max-width: 1200px) 100vw, 1200px\" \/><\/figure><\/div>\n\n\n\n<div style=\"height:100px\" aria-hidden=\"true\" class=\"wp-block-spacer\"><\/div>\n\n\n\n<h3 class=\"wp-block-heading\" style=\"font-size:30px\">Zalety sterowania radiowego z wyj\u015bciami PWM<\/h3>\n\n\n\n<div style=\"height:15px\" aria-hidden=\"true\" class=\"wp-block-spacer\"><\/div>\n\n\n\n<p class=\"has-text-align-left has-background\" style=\"background-color:#eeeeee\"><br><strong>Precyzyjna kontrola<\/strong><br>Umo\u017cliwia precyzyjn\u0105 kontrol\u0119 pr\u0119dko\u015bci ruchu cylindr\u00f3w hydraulicznych i si\u0142ownik\u00f3w, co jest istotne w aplikacjach wymagaj\u0105cych dok\u0142adno\u015bci.<br><br><strong>P\u0142ynna regulacja<\/strong><br>Dzi\u0119ki PWM mo\u017cna uzyska\u0107 p\u0142ynn\u0105 regulacj\u0119 pr\u0119dko\u015bci i si\u0142y, co jest korzystne w aplikacjach, gdzie wymagana jest delikatna manipulacja ci\u0119\u017ckimi \u0142adunkami lub precyzyjne pozycjonowanie element\u00f3w.<br><br><strong>Lepsza reakcja systemu<\/strong><br>Systemy PWM mog\u0105 bardzo szybko reagowa\u0107 na zmiany sygna\u0142u steruj\u0105cego, co jest istotne w aplikacjach wymagaj\u0105cych szybkich odpowiedzi.<br><br><strong>Redukcja szarpni\u0119\u0107 i wibracji<\/strong><br>PWM pozwala na \u0142agodniejsz\u0105 zmian\u0119 parametr\u00f3w pracy, co zmniejsza szarpni\u0119cia i wibracje, zwi\u0119kszaj\u0105c \u017cywotno\u015b\u0107 i niezawodno\u015b\u0107 systemu.<br><br><\/p>\n\n\n\n<div style=\"height:70px\" aria-hidden=\"true\" class=\"wp-block-spacer\"><\/div>\n\n\n\n<h3 class=\"wp-block-heading\" id=\"rozwi\u0105zania\" style=\"font-size:30px\">Nasze rozwi\u0105zania sterowania<\/h3>\n\n\n\n<p>Nasze systemy sterowania radiowego Tele Radio z wyj\u015bciami PWM znajduj\u0105 zastosowanie w r\u00f3\u017cnych typach maszyn, w kt\u00f3rych potrzebne jest precyzyjne i p\u0142ynne sterowanie, zw\u0142aszcza tych z hydraulik\u0105 si\u0142ow\u0105. Dostarczamy rozwi\u0105zania sterowania do maszyn budowlanych\/wyburzeniowych, le\u015bnych, rolniczych, a tak\u017ce do pojazd\u00f3w pomocy drogowej i innych. Warto wspomnie\u0107, \u017ce systemy Tele Radio daj\u0105 mo\u017cliwo\u015b\u0107 sterowania sygna\u0142ami analogowymi w\u015br\u00f3d kt\u00f3rych jest PWM, ale r\u00f3wnie\u017c sterowanie napi\u0119ciowe i nat\u0119\u017ceniowe.<\/p>\n\n\n\n<div style=\"height:50px\" aria-hidden=\"true\" class=\"wp-block-spacer\"><\/div>\n\n\n\n<p class=\"has-text-align-center\" style=\"font-size:24px\"><strong>Nadajniki z manipulatorami (joystickowe)<\/strong><br>~ seria TEQLine ~<\/p>\n\n\n\n<div style=\"height:15px\" aria-hidden=\"true\" class=\"wp-block-spacer\"><\/div>\n\n\n\n<div class=\"wp-block-columns is-layout-flex wp-container-core-columns-is-layout-9d6595d7 wp-block-columns-is-layout-flex\">\n<div class=\"wp-block-column is-vertically-aligned-center is-layout-flow wp-block-column-is-layout-flow\"><div class=\"wp-block-image\">\n<figure class=\"aligncenter size-full\"><img loading=\"lazy\" decoding=\"async\" width=\"1200\" height=\"790\" src=\"https:\/\/www.tele-radio.com\/app\/uploads\/grafika_teqline.png\" alt=\"nadajniki Tele Radio z serii TEQLine: VersaTEQ i SupraTEQ\" class=\"wp-image-221242\" srcset=\"https:\/\/www.tele-radio.com\/app\/uploads\/grafika_teqline.png 1200w, https:\/\/www.tele-radio.com\/app\/uploads\/grafika_teqline-400x263.png 400w, https:\/\/www.tele-radio.com\/app\/uploads\/grafika_teqline-768x506.png 768w, https:\/\/www.tele-radio.com\/app\/uploads\/grafika_teqline-750x494.png 750w, https:\/\/www.tele-radio.com\/app\/uploads\/grafika_teqline-500x329.png 500w, https:\/\/www.tele-radio.com\/app\/uploads\/grafika_teqline-800x527.png 800w\" sizes=\"auto, (max-width: 1200px) 100vw, 1200px\" \/><\/figure><\/div><\/div>\n\n\n\n<div class=\"wp-block-column is-vertically-aligned-center is-layout-flow wp-block-column-is-layout-flow\">\n<p>\u2022 Nadajniki joystickowe <strong><a href=\"https:\/\/www.tele-radio.com\/pl\/versateq\/\">VersaTEQ<\/a><\/strong> i <strong><a href=\"https:\/\/www.tele-radio.com\/pl\/suprateq\/\">SupraTEQ<\/a><\/strong><br><br>Seria Tele Radio&nbsp;<strong>TEQ Line<\/strong>&nbsp;jest idealna do bardziej zaawansowanych zastosowa\u0144, m.in. do urz\u0105dze\u0144 wykorzystuj\u0105cych&nbsp;<strong>hydraulik\u0119 si\u0142ow\u0105<\/strong>. Dzi\u0119ki modu\u0142owej budowie system ten daje niemal nieograniczone mo\u017cliwo\u015bci dostosowania do okre\u015blonych potrzeb. Posiada certyfikat&nbsp;<strong>PLe<\/strong>&nbsp;dla funkcji stop.<\/p>\n\n\n\n<p>\u2022 VersaTEQ i SupraTEQ pracuj\u0105 z dwoma modelami odbiornik\u00f3w; do maszyn z hydraulik\u0105 si\u0142ow\u0105 i do precyzyjnego, p\u0142ynnego sterowania PWM zaprojektowano <strong><a href=\"https:\/\/www.tele-radio.com\/pl\/products\/puma\/odbiornik-r20-1\/\">odbiornik R20<\/a><\/strong>.  <\/p>\n<\/div>\n<\/div>\n\n\n\n<div style=\"height:60px\" aria-hidden=\"true\" class=\"wp-block-spacer\"><\/div>\n\n\n\n<p class=\"has-text-align-center has-medium-font-size\">PRZYK\u0141ADOWE ROZWI\u0104ZANIE<\/p>\n\n\n\n<p class=\"has-text-align-center\" style=\"font-size:18px\"><em>System sterowania radiowego maszyn\u0105 do wiercenia studni g\u0142\u0119binowych. Zastosowano nadajnik z manipulatorami SupraTEQ (T24) z serii TEQLine oraz odbiorniki z wyj\u015bciami analogowymi PWM (ok. 60) i r\u00f3\u017cnego rodzaju I\/O. Dodatkowo nadajnik z przyciskami proporcjonalnymi T14. <\/em><\/p>\n\n\n\n<div class=\"wp-block-columns has-background is-layout-flex wp-container-core-columns-is-layout-9d6595d7 wp-block-columns-is-layout-flex\" style=\"background-color:#eeeeee\">\n<div class=\"wp-block-column is-layout-flow wp-block-column-is-layout-flow\" style=\"flex-basis:25%\">\n<div style=\"height:5px\" aria-hidden=\"true\" class=\"wp-block-spacer\"><\/div>\n<\/div>\n\n\n\n<div class=\"wp-block-column has-background is-layout-flow wp-block-column-is-layout-flow\" style=\"background-color:#eeeeee;flex-basis:50%\">\n<figure class=\"wp-block-image size-large\"><img loading=\"lazy\" decoding=\"async\" width=\"1200\" height=\"857\" src=\"https:\/\/www.tele-radio.com\/app\/uploads\/IMG_1667_transparent-1-1200x857.png\" alt=\"\" class=\"wp-image-221667\" srcset=\"https:\/\/www.tele-radio.com\/app\/uploads\/IMG_1667_transparent-1-1200x857.png 1200w, https:\/\/www.tele-radio.com\/app\/uploads\/IMG_1667_transparent-1-400x286.png 400w, https:\/\/www.tele-radio.com\/app\/uploads\/IMG_1667_transparent-1-768x549.png 768w, https:\/\/www.tele-radio.com\/app\/uploads\/IMG_1667_transparent-1-1536x1097.png 1536w, https:\/\/www.tele-radio.com\/app\/uploads\/IMG_1667_transparent-1-2048x1463.png 2048w, https:\/\/www.tele-radio.com\/app\/uploads\/IMG_1667_transparent-1-750x536.png 750w, https:\/\/www.tele-radio.com\/app\/uploads\/IMG_1667_transparent-1-500x357.png 500w, https:\/\/www.tele-radio.com\/app\/uploads\/IMG_1667_transparent-1-1600x1143.png 1600w, https:\/\/www.tele-radio.com\/app\/uploads\/IMG_1667_transparent-1-800x571.png 800w\" sizes=\"auto, (max-width: 1200px) 100vw, 1200px\" \/><\/figure>\n<\/div>\n\n\n\n<div class=\"wp-block-column is-layout-flow wp-block-column-is-layout-flow\" style=\"flex-basis:25%\">\n<div style=\"height:5px\" aria-hidden=\"true\" class=\"wp-block-spacer\"><\/div>\n<\/div>\n<\/div>\n\n\n\n<div style=\"height:90px\" aria-hidden=\"true\" class=\"wp-block-spacer\"><\/div>\n\n\n\n<p class=\"has-text-align-center\" style=\"font-size:24px\"><strong>Nadajniki z przyciskami proporcjonalnymi<\/strong><br>~ seria Tiger G2 ~<\/p>\n\n\n\n<div style=\"height:15px\" aria-hidden=\"true\" class=\"wp-block-spacer\"><\/div>\n\n\n\n<div class=\"wp-block-columns is-layout-flex wp-container-core-columns-is-layout-9d6595d7 wp-block-columns-is-layout-flex\">\n<div class=\"wp-block-column is-vertically-aligned-center is-layout-flow wp-block-column-is-layout-flow\"><div class=\"wp-block-image\">\n<figure class=\"aligncenter size-full\"><img loading=\"lazy\" decoding=\"async\" width=\"1200\" height=\"790\" src=\"https:\/\/www.tele-radio.com\/app\/uploads\/grafika_proporcjonalne.png\" alt=\"nadajniki Tele Radio z przyciskami proporcjonalnymi: T14-7 i T15-7\" class=\"wp-image-221268\" srcset=\"https:\/\/www.tele-radio.com\/app\/uploads\/grafika_proporcjonalne.png 1200w, https:\/\/www.tele-radio.com\/app\/uploads\/grafika_proporcjonalne-400x263.png 400w, https:\/\/www.tele-radio.com\/app\/uploads\/grafika_proporcjonalne-768x506.png 768w, https:\/\/www.tele-radio.com\/app\/uploads\/grafika_proporcjonalne-750x494.png 750w, https:\/\/www.tele-radio.com\/app\/uploads\/grafika_proporcjonalne-500x329.png 500w, https:\/\/www.tele-radio.com\/app\/uploads\/grafika_proporcjonalne-800x527.png 800w\" sizes=\"auto, (max-width: 1200px) 100vw, 1200px\" \/><\/figure><\/div><\/div>\n\n\n\n<div class=\"wp-block-column is-vertically-aligned-center is-layout-flow wp-block-column-is-layout-flow\">\n<p>\u2022 Nadajniki przyciskowe <strong><a href=\"https:\/\/www.tele-radio.com\/pl\/products\/tiger-g2\/tiger-g2-nadajnik-4x2-step-buttons-display-sil3-ple-2\/\">TG-T14-7<\/a><\/strong> i <strong><a href=\"https:\/\/www.tele-radio.com\/pl\/products\/tiger-g2\/tiger-g2-transmitter-4x2-step-buttons-display-sil3-ple-3\/\">TG-T15-7<\/a><\/strong><br><br>Wspomniane modele \u0142\u0105cz\u0105 w sobie precyzj\u0119 nadajnika joystickowego z kompaktowo\u015bci\u0105 nadajnika przyciskowego za spraw\u0105 <strong>analogowych przycisk\u00f3w proporcjonalnych<\/strong> (im g\u0142\u0119biej naciskany jest przycisk, tym wy\u017cszy sygna\u0142 wyj\u015bciowy). Posiadaj\u0105 certyfikat&nbsp;<strong>PLe<\/strong>&nbsp;dla funkcji stop. <a href=\"https:\/\/www.tele-radio.com\/pl\/products\/tiger-g2\/\">Wi\u0119cej o serii Tiger<\/a>.<\/p>\n\n\n\n<p>\u2022 Sterowanie PWM osi\u0105ga si\u0119 poprzez zastosowanie <strong>odbiornika Tiger<\/strong> + <strong>odbiornika R20<\/strong> (nadajnikiem Tiger \u0142\u0105czymy si\u0119 z odbiornikiem Tiger, natomiast odbiornik Tiger \u0142\u0105czy si\u0119 z odbiornikiem R20 za po\u015brednictwem p\u0142ytki rozszerze\u0144 (Modbus)).<\/p>\n<\/div>\n<\/div>\n\n\n\n<div style=\"height:60px\" aria-hidden=\"true\" class=\"wp-block-spacer\"><\/div>\n\n\n\n<p class=\"has-text-align-center has-medium-font-size\">PRZYK\u0141ADOWE ROZWI\u0104ZANIE<\/p>\n\n\n\n<p class=\"has-text-align-center\" style=\"font-size:18px\"><em>System sterowania radiowego pojazdem pomocy drogowej. Zastosowano nadajnik z T15-7 z serii Tiger z o\u015bmioma przyciskami proporcjonalnymi i wy\u015bwietlaczem oraz odbiorniki: R20 oraz Tiger R4-1.<\/em> <\/p>\n\n\n\n<div class=\"wp-block-columns has-background is-layout-flex wp-container-core-columns-is-layout-9d6595d7 wp-block-columns-is-layout-flex\" style=\"background-color:#eeeeee\">\n<div class=\"wp-block-column is-layout-flow wp-block-column-is-layout-flow\" style=\"flex-basis:25%\">\n<div style=\"height:5px\" aria-hidden=\"true\" class=\"wp-block-spacer\"><\/div>\n<\/div>\n\n\n\n<div class=\"wp-block-column has-background is-layout-flow wp-block-column-is-layout-flow\" style=\"background-color:#eeeeee;flex-basis:50%\">\n<figure class=\"wp-block-image size-large\"><img loading=\"lazy\" decoding=\"async\" width=\"1200\" height=\"788\" src=\"https:\/\/www.tele-radio.com\/app\/uploads\/IMG_1794-1-e1719492574768-1200x788.png\" alt=\"\" class=\"wp-image-221694\" srcset=\"https:\/\/www.tele-radio.com\/app\/uploads\/IMG_1794-1-e1719492574768-1200x788.png 1200w, https:\/\/www.tele-radio.com\/app\/uploads\/IMG_1794-1-e1719492574768-400x263.png 400w, https:\/\/www.tele-radio.com\/app\/uploads\/IMG_1794-1-e1719492574768-768x504.png 768w, https:\/\/www.tele-radio.com\/app\/uploads\/IMG_1794-1-e1719492574768-1536x1009.png 1536w, https:\/\/www.tele-radio.com\/app\/uploads\/IMG_1794-1-e1719492574768-2048x1345.png 2048w, https:\/\/www.tele-radio.com\/app\/uploads\/IMG_1794-1-e1719492574768-750x493.png 750w, https:\/\/www.tele-radio.com\/app\/uploads\/IMG_1794-1-e1719492574768-500x328.png 500w, https:\/\/www.tele-radio.com\/app\/uploads\/IMG_1794-1-e1719492574768-1600x1051.png 1600w, https:\/\/www.tele-radio.com\/app\/uploads\/IMG_1794-1-e1719492574768-800x525.png 800w\" sizes=\"auto, (max-width: 1200px) 100vw, 1200px\" \/><\/figure>\n<\/div>\n\n\n\n<div class=\"wp-block-column is-layout-flow wp-block-column-is-layout-flow\" style=\"flex-basis:25%\">\n<div style=\"height:5px\" aria-hidden=\"true\" class=\"wp-block-spacer\"><\/div>\n<\/div>\n<\/div>\n\n\n\n<div style=\"height:100px\" aria-hidden=\"true\" class=\"wp-block-spacer\"><\/div>\n\n\n\n<h3 class=\"wp-block-heading\" style=\"font-size:30px\">Kontakt<\/h3>\n\n\n\n<p>Chcesz wiedzie\u0107 wi\u0119cej o naszych produktach lub zam\u00f3wi\u0107 sterowanie radiowe z wyj\u015bciami PWM? Skontaktuj si\u0119 z nami za pomoc\u0105 formularza lub poni\u017cszych danych kontaktowych!<\/p>\n\n\n\n<p><strong>Telefon<\/strong>: +48 41 300 58 81<br><strong>Email<\/strong>: kontakt@tele-radio.pl<\/p>\n\n\n\n<div class=\"wp-block-columns is-layout-flex wp-container-core-columns-is-layout-9d6595d7 wp-block-columns-is-layout-flex\">\n<div class=\"wp-block-column is-layout-flow wp-block-column-is-layout-flow\" style=\"flex-basis:66.66%\">\n<div id=\"zf_div_Do1HyxjTnCuad5bOH2_oNx43cmFiOSQQgsXV_rjySMI\"><\/div><script type=\"text\/javascript\">(function() {\ntry{\nvar f = document.createElement(\"iframe\");\nf.src = 'https:\/\/forms.zohopublic.eu\/teleradiopolskaspzoo\/form\/TwojedaneGoogleAd\/formperma\/Do1HyxjTnCuad5bOH2_oNx43cmFiOSQQgsXV_rjySMI';\nf.style.border=\"none\";\nf.style.height=\"800px\";\nf.style.width=\"90%\";\nf.style.transition=\"all 0.5s ease\";\nvar d = document.getElementById(\"zf_div_Do1HyxjTnCuad5bOH2_oNx43cmFiOSQQgsXV_rjySMI\");\nd.appendChild(f);\n}catch(e){}\n})();<\/script>\n<\/div>\n\n\n\n<div class=\"wp-block-column is-layout-flow wp-block-column-is-layout-flow\" style=\"flex-basis:33.33%\"><\/div>\n<\/div>\n\n\n\n<div style=\"height:100px\" aria-hidden=\"true\" class=\"wp-block-spacer\"><\/div>\n","protected":false},"excerpt":{"rendered":"<p>PWM &#8211; systemy sterowania radiowego Tele Radio Firma Tele Radio specjalizuje si\u0119 w produkcji zaawansowanych system\u00f3w sterowania radiowego, w tym nowoczesnych rozwi\u0105za\u0144 sterowania radiowego PWM. Dzi\u0119ki innowacyjnym technologiom i wieloletniemu do\u015bwiadczeniu, oferujemy produkty najwy\u017cszej jako\u015bci, kt\u00f3re s\u0105 niezawodne, bezpieczne i \u0142atwe w u\u017cyciu. Zalety sterowania radiowego z wyj\u015bciami PWM Precyzyjna kontrolaUmo\u017cliwia precyzyjn\u0105 kontrol\u0119 pr\u0119dko\u015bci ruchu [&hellip;]<\/p>\n","protected":false},"author":87,"featured_media":0,"parent":0,"menu_order":0,"comment_status":"closed","ping_status":"closed","template":"page-templates\/landing-page.php","meta":{"_acf_changed":false,"footnotes":""},"class_list":["post-221240","page","type-page","status-publish","hentry"],"acf":[],"_links":{"self":[{"href":"https:\/\/www.tele-radio.com\/pl\/wp-json\/wp\/v2\/pages\/221240","targetHints":{"allow":["GET"]}}],"collection":[{"href":"https:\/\/www.tele-radio.com\/pl\/wp-json\/wp\/v2\/pages"}],"about":[{"href":"https:\/\/www.tele-radio.com\/pl\/wp-json\/wp\/v2\/types\/page"}],"author":[{"embeddable":true,"href":"https:\/\/www.tele-radio.com\/pl\/wp-json\/wp\/v2\/users\/87"}],"replies":[{"embeddable":true,"href":"https:\/\/www.tele-radio.com\/pl\/wp-json\/wp\/v2\/comments?post=221240"}],"version-history":[{"count":18,"href":"https:\/\/www.tele-radio.com\/pl\/wp-json\/wp\/v2\/pages\/221240\/revisions"}],"predecessor-version":[{"id":224604,"href":"https:\/\/www.tele-radio.com\/pl\/wp-json\/wp\/v2\/pages\/221240\/revisions\/224604"}],"wp:attachment":[{"href":"https:\/\/www.tele-radio.com\/pl\/wp-json\/wp\/v2\/media?parent=221240"}],"curies":[{"name":"wp","href":"https:\/\/api.w.org\/{rel}","templated":true}]}}