{"id":20056,"date":"2019-04-21T16:25:27","date_gmt":"2019-04-21T16:25:27","guid":{"rendered":"https:\/\/www.tele-radio.com\/?page_id=20056"},"modified":"2023-02-11T16:22:08","modified_gmt":"2023-02-11T16:22:08","slug":"oferty-pracy","status":"publish","type":"page","link":"https:\/\/www.tele-radio.com\/pl\/oferty-pracy\/","title":{"rendered":"Oferty pracy"},"content":{"rendered":"<h2>M\u0142odszy specjalista ds. technicznych<\/h2>\n<h4>Wymagania:<\/h4>\n<ul>\n<li class=\"offer-viewchej5g\" data-test=\"two-column-list-itemParagraph\">wykszta\u0142cenie techniczne (informatyka, elektronika, automatyka, robotyka lub kierunki pokrewne)<\/li>\n<li class=\"offer-viewchej5g\" data-test=\"two-column-list-itemParagraph\">umiej\u0119tno\u015b\u0107 czytania schemat\u00f3w i rysunku technicznego<\/li>\n<li class=\"offer-viewchej5g\" data-test=\"two-column-list-itemParagraph\">podstawy programowania<\/li>\n<li class=\"offer-viewchej5g\" data-test=\"two-column-list-itemParagraph\">znajomo\u015b\u0107 j\u0119zyka angielskiego<\/li>\n<\/ul>\n<h4>Zakres obowi\u0105zk\u00f3w:<\/h4>\n<ul>\n<li class=\"offer-viewchej5g\" data-test=\"two-column-list-itemParagraph\">wsparcie klienta w zakresie doboru produkt\u00f3w<\/li>\n<li class=\"offer-viewchej5g\" data-test=\"two-column-list-itemParagraph\">programowanie \/ dostosowanie produkt\u00f3w do wytycznych klienta<\/li>\n<li class=\"offer-viewchej5g\" data-test=\"two-column-list-itemParagraph\">tworzenie dokumentacji<\/li>\n<li class=\"offer-viewchej5g\" data-test=\"two-column-list-itemParagraph\">realizacja innych zada\u0144 wynikaj\u0105cyc z pracy dzia\u0142u<\/li>\n<\/ul>\n<h4>&#8212;&#8212;&#8212;&#8212;&#8212;&#8212;&#8212;&#8212;&#8212;&#8212;&#8212;&#8212;&#8212;&#8212;&#8212;&#8212;&#8212;&#8212;&#8212;&#8212;&#8212;&#8212;&#8212;&#8212;&#8212;&#8212;&#8212;&#8212;&#8212;&#8212;&#8212;&#8212;&#8212;&#8212;&#8212;&#8211;<\/h4>\n<h4>Oferujemy:<\/h4>\n<ul>\n<li>stabilne zatrudnienie na podstawie umowy o prac\u0119<\/li>\n<li>niezb\u0119dne narz\u0119dzia pracy<\/li>\n<li>szkolenia produktowe<\/li>\n<li>praca w systemie jednozmianowym<\/li>\n<li>mo\u017cliwo\u015b\u0107 rozwoju zawodowego<\/li>\n<\/ul>\n<p>Kontakt: d.olszewski@tele-radio.com Tel.: +48 509 535 377<\/p>\n","protected":false},"excerpt":{"rendered":"<p>M\u0142odszy specjalista ds. technicznych Wymagania: wykszta\u0142cenie techniczne (informatyka, elektronika, automatyka, robotyka lub kierunki pokrewne) umiej\u0119tno\u015b\u0107 czytania schemat\u00f3w i rysunku technicznego podstawy programowania znajomo\u015b\u0107 j\u0119zyka angielskiego Zakres obowi\u0105zk\u00f3w: wsparcie klienta w zakresie doboru produkt\u00f3w programowanie \/ dostosowanie produkt\u00f3w do wytycznych klienta tworzenie dokumentacji realizacja innych zada\u0144 wynikaj\u0105cyc z pracy dzia\u0142u &#8212;&#8212;&#8212;&#8212;&#8212;&#8212;&#8212;&#8212;&#8212;&#8212;&#8212;&#8212;&#8212;&#8212;&#8212;&#8212;&#8212;&#8212;&#8212;&#8212;&#8212;&#8212;&#8212;&#8212;&#8212;&#8212;&#8212;&#8212;&#8212;&#8212;&#8212;&#8212;&#8212;&#8212;&#8212;&#8211; Oferujemy: stabilne zatrudnienie na podstawie [&hellip;]<\/p>\n","protected":false},"author":11,"featured_media":23827,"parent":0,"menu_order":0,"comment_status":"closed","ping_status":"closed","template":"","meta":{"_acf_changed":false,"footnotes":""},"class_list":["post-20056","page","type-page","status-publish","has-post-thumbnail","hentry"],"acf":[],"_links":{"self":[{"href":"https:\/\/www.tele-radio.com\/pl\/wp-json\/wp\/v2\/pages\/20056","targetHints":{"allow":["GET"]}}],"collection":[{"href":"https:\/\/www.tele-radio.com\/pl\/wp-json\/wp\/v2\/pages"}],"about":[{"href":"https:\/\/www.tele-radio.com\/pl\/wp-json\/wp\/v2\/types\/page"}],"author":[{"embeddable":true,"href":"https:\/\/www.tele-radio.com\/pl\/wp-json\/wp\/v2\/users\/11"}],"replies":[{"embeddable":true,"href":"https:\/\/www.tele-radio.com\/pl\/wp-json\/wp\/v2\/comments?post=20056"}],"version-history":[{"count":21,"href":"https:\/\/www.tele-radio.com\/pl\/wp-json\/wp\/v2\/pages\/20056\/revisions"}],"predecessor-version":[{"id":142503,"href":"https:\/\/www.tele-radio.com\/pl\/wp-json\/wp\/v2\/pages\/20056\/revisions\/142503"}],"wp:featuredmedia":[{"embeddable":true,"href":"https:\/\/www.tele-radio.com\/pl\/wp-json\/wp\/v2\/media\/23827"}],"wp:attachment":[{"href":"https:\/\/www.tele-radio.com\/pl\/wp-json\/wp\/v2\/media?parent=20056"}],"curies":[{"name":"wp","href":"https:\/\/api.w.org\/{rel}","templated":true}]}}