{"id":164814,"date":"2023-09-28T14:03:54","date_gmt":"2023-09-28T14:03:54","guid":{"rendered":"https:\/\/www.tele-radio.com\/sustainable-innovation-fully-electric-excavators-with-remote-control\/"},"modified":"2023-10-18T11:22:09","modified_gmt":"2023-10-18T11:22:09","slug":"elektryczne-koparki-ze-zdalnym-sterowaniem","status":"publish","type":"page","link":"https:\/\/www.tele-radio.com\/pl\/elektryczne-koparki-ze-zdalnym-sterowaniem\/","title":{"rendered":"Elektryczne koparki ze zdalnym sterowaniem"},"content":{"rendered":"\n<h1 class=\"wp-block-heading\">Innowacje zgodne z zasadami zr\u00f3wnowa\u017conego rozwoju: w pe\u0142ni elektryczne koparki ze zdalnym sterowaniem<\/h1>\n\n\n\n<p class=\"has-text-align-left has-medium-font-size\"><em>W poszukiwaniu zr\u00f3wnowa\u017conych rozwi\u0105za\u0144 w sektorze budownictwa i infrastruktury od 2018 roku Limach pracuje nad rozwojem koparek elektrycznych. Opr\u00f3cz integracji akumulator\u00f3w, elektryczno-hydraulicznego uk\u0142adu nap\u0119dowego i zaawansowanego systemu elektronicznego Limach, koparki s\u0105 wyposa\u017cone w system wymiany baterii. Dzi\u0119ki temu koparki Limach s\u0105 nie tylko ca\u0142kowicie bezemisyjne, ale tak\u017ce wyj\u0105tkowo innowacyjne.<\/em><\/p>\n\n\n\n<div style=\"height:0px\" aria-hidden=\"true\" class=\"wp-block-spacer\"><\/div>\n\n\n<div class=\"wp-block-image\">\n<figure class=\"alignright size-large is-resized\"><img loading=\"lazy\" decoding=\"async\" src=\"https:\/\/www.tele-radio.com\/app\/uploads\/\/Limach_E140.1_rev1_03_2022-scaled-1-1200x800.webp\" alt=\"\" class=\"wp-image-163688\" width=\"538\" height=\"359\" srcset=\"https:\/\/www.tele-radio.com\/app\/uploads\/Limach_E140.1_rev1_03_2022-scaled-1-1200x800.webp 1200w, https:\/\/www.tele-radio.com\/app\/uploads\/Limach_E140.1_rev1_03_2022-scaled-1-400x267.webp 400w, https:\/\/www.tele-radio.com\/app\/uploads\/Limach_E140.1_rev1_03_2022-scaled-1-768x512.webp 768w, https:\/\/www.tele-radio.com\/app\/uploads\/Limach_E140.1_rev1_03_2022-scaled-1-1536x1024.webp 1536w, https:\/\/www.tele-radio.com\/app\/uploads\/Limach_E140.1_rev1_03_2022-scaled-1-2048x1366.webp 2048w, https:\/\/www.tele-radio.com\/app\/uploads\/Limach_E140.1_rev1_03_2022-scaled-1-750x500.webp 750w, https:\/\/www.tele-radio.com\/app\/uploads\/Limach_E140.1_rev1_03_2022-scaled-1-500x333.webp 500w, https:\/\/www.tele-radio.com\/app\/uploads\/Limach_E140.1_rev1_03_2022-scaled-1-1600x1067.webp 1600w, https:\/\/www.tele-radio.com\/app\/uploads\/Limach_E140.1_rev1_03_2022-scaled-1-800x533.webp 800w\" sizes=\"auto, (max-width: 538px) 100vw, 538px\" \/><\/figure><\/div>\n\n\n<p><strong>Zastosowanie bezprzewodowych nadajnik\u00f3w zdalnego sterowania Tele Radio odgrywa kluczow\u0105 rol\u0119 w systemie wymiany baterii.<\/strong> <\/p>\n\n\n\n<p>Limach jest liderem w dziedzinie innowacji, gdy\u017c produkuje najwy\u017cszej klasy bezemisyjne koparki, kt\u00f3re zwi\u0119kszaj\u0105 zr\u00f3wnowa\u017cony rozw\u00f3j bran\u017cy budowlanej i infrastrukturalnej. \u201eW Limach ka\u017cdego dnia pracujemy nad stworzeniem lepszego \u015brodowiska pracy i \u017cycia dla wszystkich. Dzi\u0119ki po\u0142\u0105czeniu sprawdzonej in\u017cynierii i zaawansowanej technologii, nieustannie rozwijamy i dopracowujemy nasze produkty we w\u0142asnym zakresie\u201d, m\u00f3wi Norbert ten Hove, kierownik ds. bada\u0144 i rozwoju oraz in\u017cynier oprogramowania w Limach, z kt\u00f3rym przeprowadzili\u015bmy wywiad.<\/p>\n\n\n\n<p><\/p>\n\n\n\n<p><\/p>\n\n\n\n<h2 class=\"wp-block-heading\"><strong>Dlaczego Limach zdecydowa\u0142 si\u0119 na zastosowanie zdalnego sterowania radiowego w swoich koparkach?<\/strong><\/h2>\n\n\n\n<p>\u201e\u0141atwo\u015b\u0107 obs\u0142ugi nadajnika sprawia, \u017ce korzystanie z unikalnego systemu wymiany akumulator\u00f3w w koparce jest dziecinnie proste. Nadajnik zdalnego sterowania Tele Radio obs\u0142uguje cztery funkcje: podnoszenie\/opuszczanie oraz blokowanie\/odblokowywanie akumulator\u00f3w. Ponadto operator mo\u017ce porusza\u0107 si\u0119 wok\u00f3\u0142 maszyny podczas umieszczania lub wyjmowania zestaw\u00f3w akumulator\u00f3w, co zapewnia mu swobod\u0119, lepsz\u0105 widoczno\u015b\u0107, a przez to niezale\u017cn\u0105 i bezpieczn\u0105 prac\u0119. Kr\u00f3tko m\u00f3wi\u0105c, korzystanie z przemys\u0142owego nadajnika sterowania radiowego na koparce oferuje wiele korzy\u015bci.<\/p>\n\n\n\n<p><\/p>\n\n\n<div class=\"wp-block-image is-style-rounded\">\n<figure class=\"alignleft size-large is-resized\"><img loading=\"lazy\" decoding=\"async\" src=\"https:\/\/www.tele-radio.com\/app\/uploads\/\/Web_800_x_800_300dpi-20-1200x1200.jpg\" alt=\"\" class=\"wp-image-163738\" width=\"394\" height=\"394\" srcset=\"https:\/\/www.tele-radio.com\/app\/uploads\/Web_800_x_800_300dpi-20-1200x1200.jpg 1200w, https:\/\/www.tele-radio.com\/app\/uploads\/Web_800_x_800_300dpi-20-400x400.jpg 400w, https:\/\/www.tele-radio.com\/app\/uploads\/Web_800_x_800_300dpi-20-150x150.jpg 150w, https:\/\/www.tele-radio.com\/app\/uploads\/Web_800_x_800_300dpi-20-768x768.jpg 768w, https:\/\/www.tele-radio.com\/app\/uploads\/Web_800_x_800_300dpi-20-1536x1536.jpg 1536w, https:\/\/www.tele-radio.com\/app\/uploads\/Web_800_x_800_300dpi-20-2048x2048.jpg 2048w, https:\/\/www.tele-radio.com\/app\/uploads\/Web_800_x_800_300dpi-20-250x250.jpg 250w, https:\/\/www.tele-radio.com\/app\/uploads\/Web_800_x_800_300dpi-20-750x750.jpg 750w, https:\/\/www.tele-radio.com\/app\/uploads\/Web_800_x_800_300dpi-20-500x500.jpg 500w, https:\/\/www.tele-radio.com\/app\/uploads\/Web_800_x_800_300dpi-20-1600x1600.jpg 1600w, https:\/\/www.tele-radio.com\/app\/uploads\/Web_800_x_800_300dpi-20-800x800.jpg 800w\" sizes=\"auto, (max-width: 394px) 100vw, 394px\" \/><\/figure><\/div>\n\n\n<h2 class=\"wp-block-heading\"><strong>Dlaczego Tele Radio?<\/strong><\/h2>\n\n\n\n<p>\u201eDo wyboru Tele Radio przekona\u0142y nas pozytywne do\u015bwiadczenia innych partner\u00f3w. Dodatkowo odbiornik posiada interfejs CANopen, dzi\u0119ki czemu integracja z naszym systemem by\u0142a prostym zadaniem.\u201d<\/p>\n\n\n\n<p><\/p>\n\n\n\n<h2 class=\"wp-block-heading\"><strong>Czy Tele Radio jest godne polecenia?<\/strong><\/h2>\n\n\n\n<p>\u201eZdecydowanie. Zdalne sterowanie zawsze dzia\u0142a, ma dobry zasi\u0119g, a integracja z naszym w\u0142asnym systemem jest \u0142atwa do osi\u0105gni\u0119cia przy u\u017cyciu CANopen.\u201d<\/p>\n\n\n\n<p class=\"has-text-align-left has-black-color has-white-background-color has-text-color has-background\">Norbert ten Hove jest odpowiedzialny za kierowanie zespo\u0142em badawczo-rozwojowym w Limach, a tak\u017ce tworzy oprogramowanie dla elektrycznych komponent\u00f3w maszyn Limach. Jako in\u017cynier oprogramowania zajmuje si\u0119 integracj\u0105 z systemami zewn\u0119trznymi, takimi jak zdalne sterowanie Tele Radio.<\/p>\n\n\n\n<div style=\"height:100px\" aria-hidden=\"true\" class=\"wp-block-spacer\"><\/div>\n\n\n\n<figure class=\"wp-block-video\"><video autoplay controls loop src=\"https:\/\/www.tele-radio.com\/app\/uploads\/Social_1920_x_1080_Animation_ENG-2.mp4\"><\/video><\/figure>\n\n\n\n<div style=\"height:100px\" aria-hidden=\"true\" class=\"wp-block-spacer\"><\/div>\n\n\n\n<h2 class=\"wp-block-heading has-text-align-center\">Interesuje Ci\u0119 bezemisyjna koparka Limach?<strong> <\/strong><\/h2>\n\n\n\n<div class=\"wp-block-buttons is-content-justification-center is-layout-flex wp-container-core-buttons-is-layout-16018d1d wp-block-buttons-is-layout-flex\">\n<div class=\"wp-block-button is-style-fill\"><a class=\"wp-block-button__link has-black-background-color has-background wp-element-button\" href=\"https:\/\/limach.nl\/producten\/e140-1\" style=\"border-radius:12px\">KLIKNIJ TUTAJ<\/a><\/div>\n<\/div>\n\n\n\n<div style=\"height:100px\" aria-hidden=\"true\" class=\"wp-block-spacer\"><\/div>\n\n\n\n<h2 class=\"wp-block-heading has-text-align-center has-white-color has-black-background-color has-text-color has-background\"><strong>System Tele Radio Tiger<\/strong><\/h2>\n\n\n\n<p><\/p>\n\n\n\n<p>Nadajnik u\u017cywany przez Limach to Tele Radio TIGER (TG-T9), kt\u00f3ry charakteryzuje si\u0119 o\u015bmioma dwustopniowymi przyciskami steruj\u0105cymi 16 r\u00f3\u017cnymi funkcjami oraz certyfikatem PLe\/SIL3. Ma solidn\u0105 obudow\u0119, szczelno\u015b\u0107 IP66 i cz\u0119stotliwo\u015b\u0107 433 MHz. <a href=\"https:\/\/www.tele-radio.com\/pl\/products\/tiger-g2\/nadajnik-tiger-g2-8-przyciskow-dwustopniowych-ple-sil3\/\">Kliknij tutaj<\/a>, aby uzyska\u0107 wi\u0119cej informacji.<\/p>\n\n\n\n<p>Odbiornik (TG-R4) posiada 7 przeka\u017anik\u00f3w, certyfikat PLe, SIL3, szczelno\u015b\u0107 IP66 i jest dost\u0119pny z cz\u0119stotliwo\u015bci\u0105 433 MHz. Aby uzyska\u0107 wi\u0119cej informacji, <a href=\"https:\/\/www.tele-radio.com\/pl\/products\/tiger-g2\/tiger-g2-receiver-7-function-relays-2\/\">kliknij tutaj<\/a>.<\/p>\n\n\n\n<div class=\"wp-block-columns is-layout-flex wp-container-core-columns-is-layout-9d6595d7 wp-block-columns-is-layout-flex\">\n<div class=\"wp-block-column is-layout-flow wp-block-column-is-layout-flow\" style=\"flex-basis:50%\">\n<h2 class=\"wp-block-heading\">Tele Radio<\/h2>\n\n\n\n<p>Tele Radio opracowuje uniwersalne bezprzewodowe nadajniki zdalnego sterowania i niestandardowe rozwi\u0105zania dla nap\u0119d\u00f3w i sterownik\u00f3w przemys\u0142owych. Nasze produkty przyczyniaj\u0105 si\u0119 do zwi\u0119kszenia komfortu i bezpiecze\u0144stwa w miejscu pracy.<\/p>\n<\/div>\n\n\n\n<div class=\"wp-block-column is-layout-flow wp-block-column-is-layout-flow\" style=\"flex-basis:50%\"><div class=\"wp-block-image\">\n<figure class=\"aligncenter size-large is-resized\"><img loading=\"lazy\" decoding=\"async\" src=\"https:\/\/www.tele-radio.com\/app\/uploads\/\/PH_TH55_T9-1C_0002_Limach-1125x1200.png\" alt=\"\" class=\"wp-image-164599\" width=\"304\" height=\"323\" srcset=\"https:\/\/www.tele-radio.com\/app\/uploads\/PH_TH55_T9-1C_0002_Limach-1125x1200.png 1125w, https:\/\/www.tele-radio.com\/app\/uploads\/PH_TH55_T9-1C_0002_Limach-375x400.png 375w, https:\/\/www.tele-radio.com\/app\/uploads\/PH_TH55_T9-1C_0002_Limach-768x819.png 768w, https:\/\/www.tele-radio.com\/app\/uploads\/PH_TH55_T9-1C_0002_Limach-1440x1536.png 1440w, https:\/\/www.tele-radio.com\/app\/uploads\/PH_TH55_T9-1C_0002_Limach-1920x2048.png 1920w, https:\/\/www.tele-radio.com\/app\/uploads\/PH_TH55_T9-1C_0002_Limach-703x750.png 703w, https:\/\/www.tele-radio.com\/app\/uploads\/PH_TH55_T9-1C_0002_Limach-469x500.png 469w, https:\/\/www.tele-radio.com\/app\/uploads\/PH_TH55_T9-1C_0002_Limach-1500x1600.png 1500w, https:\/\/www.tele-radio.com\/app\/uploads\/PH_TH55_T9-1C_0002_Limach-750x800.png 750w\" sizes=\"auto, (max-width: 304px) 100vw, 304px\" \/><\/figure><\/div><\/div>\n<\/div>\n\n\n\n<div style=\"height:150px\" aria-hidden=\"true\" class=\"wp-block-spacer\"><\/div>\n\n\n\n<p><\/p>\n","protected":false},"excerpt":{"rendered":"<p>Innowacje zgodne z zasadami zr\u00f3wnowa\u017conego rozwoju: w pe\u0142ni elektryczne koparki ze zdalnym sterowaniem W poszukiwaniu zr\u00f3wnowa\u017conych rozwi\u0105za\u0144 w sektorze budownictwa i infrastruktury od 2018 roku Limach pracuje nad rozwojem koparek elektrycznych. Opr\u00f3cz integracji akumulator\u00f3w, elektryczno-hydraulicznego uk\u0142adu nap\u0119dowego i zaawansowanego systemu elektronicznego Limach, koparki s\u0105 wyposa\u017cone w system wymiany baterii. Dzi\u0119ki temu koparki Limach s\u0105 nie [&hellip;]<\/p>\n","protected":false},"author":29,"featured_media":163753,"parent":0,"menu_order":0,"comment_status":"closed","ping_status":"closed","template":"","meta":{"_acf_changed":false,"footnotes":""},"class_list":["post-164814","page","type-page","status-publish","has-post-thumbnail","hentry"],"acf":[],"_links":{"self":[{"href":"https:\/\/www.tele-radio.com\/pl\/wp-json\/wp\/v2\/pages\/164814","targetHints":{"allow":["GET"]}}],"collection":[{"href":"https:\/\/www.tele-radio.com\/pl\/wp-json\/wp\/v2\/pages"}],"about":[{"href":"https:\/\/www.tele-radio.com\/pl\/wp-json\/wp\/v2\/types\/page"}],"author":[{"embeddable":true,"href":"https:\/\/www.tele-radio.com\/pl\/wp-json\/wp\/v2\/users\/29"}],"replies":[{"embeddable":true,"href":"https:\/\/www.tele-radio.com\/pl\/wp-json\/wp\/v2\/comments?post=164814"}],"version-history":[{"count":16,"href":"https:\/\/www.tele-radio.com\/pl\/wp-json\/wp\/v2\/pages\/164814\/revisions"}],"predecessor-version":[{"id":164935,"href":"https:\/\/www.tele-radio.com\/pl\/wp-json\/wp\/v2\/pages\/164814\/revisions\/164935"}],"wp:featuredmedia":[{"embeddable":true,"href":"https:\/\/www.tele-radio.com\/pl\/wp-json\/wp\/v2\/media\/163753"}],"wp:attachment":[{"href":"https:\/\/www.tele-radio.com\/pl\/wp-json\/wp\/v2\/media?parent=164814"}],"curies":[{"name":"wp","href":"https:\/\/api.w.org\/{rel}","templated":true}]}}