{"id":163652,"date":"2023-09-20T10:55:27","date_gmt":"2023-09-20T10:55:27","guid":{"rendered":"https:\/\/www.tele-radio.com\/?page_id=163652"},"modified":"2024-09-17T11:10:39","modified_gmt":"2024-09-17T11:10:39","slug":"sterowanie-radiowe-maszyny-lesne","status":"publish","type":"page","link":"https:\/\/www.tele-radio.com\/pl\/zastosowania\/sterowanie-radiowe-maszyny-lesne\/","title":{"rendered":"Sterowanie radiowe do maszyn le\u015bnych"},"content":{"rendered":"\n<div style=\"height:31px\" aria-hidden=\"true\" class=\"wp-block-spacer\"><\/div>\n\n\n\n<h1 class=\"wp-block-heading has-text-align-center\">LE\u015aNICTWO<\/h1>\n\n\n\n<div style=\"height:50px\" aria-hidden=\"true\" class=\"wp-block-spacer\"><\/div>\n\n\n\n<div class=\"wp-block-media-text alignwide is-stacked-on-mobile is-image-fill\"><figure class=\"wp-block-media-text__media\" style=\"background-image:url(https:\/\/www.tele-radio.com\/app\/uploads\/FL_MV_PU_0003_webp.webp);background-position:50% 50%\"><img loading=\"lazy\" decoding=\"async\" width=\"1200\" height=\"798\" src=\"https:\/\/www.tele-radio.com\/app\/uploads\/FL_MV_PU_0003_webp.webp\" alt=\"\" class=\"wp-image-111757 size-full\" srcset=\"https:\/\/www.tele-radio.com\/app\/uploads\/FL_MV_PU_0003_webp.webp 1200w, https:\/\/www.tele-radio.com\/app\/uploads\/FL_MV_PU_0003_webp-400x266.webp 400w, https:\/\/www.tele-radio.com\/app\/uploads\/FL_MV_PU_0003_webp-768x511.webp 768w, https:\/\/www.tele-radio.com\/app\/uploads\/FL_MV_PU_0003_webp-750x499.webp 750w, https:\/\/www.tele-radio.com\/app\/uploads\/FL_MV_PU_0003_webp-500x333.webp 500w, https:\/\/www.tele-radio.com\/app\/uploads\/FL_MV_PU_0003_webp-800x532.webp 800w\" sizes=\"auto, (max-width: 1200px) 100vw, 1200px\" \/><\/figure><div class=\"wp-block-media-text__content\">\n<div style=\"height:10px\" aria-hidden=\"true\" class=\"wp-block-spacer\"><\/div>\n\n\n\n<h2 class=\"wp-block-heading\">Sterowanie radiowe dla le\u015bnictwa <\/h2>\n\n\n\n<p>W ostatnich latach coraz wi\u0119cej producent\u00f3w i u\u017cytkownik\u00f3w maszyn i pojazd\u00f3w le\u015bnych wdra\u017ca techniki zdalnego sterowania. Specjalistyczne urz\u0105dzenia uwolni\u0142y cz\u0142owieka od wykonywania czynno\u015bci, kt\u00f3re bardzo cz\u0119sto wi\u0105za\u0142y si\u0119 z du\u017cym ryzykiem i by\u0142y przez to czasoch\u0142onne. Dzi\u0119ki sterowaniu radiowemu ci\u0119\u017cka praca w terenie staje si\u0119 bardziej ergonomiczna i komfortowa, a operator maszyny zyskuje na ni\u0105 lepszy widok. Przede wszystkim jednak, zwi\u0119ksza si\u0119 bezpiecze\u0144stwo pracy, bardzo istotne w le\u015bnictwie, jednym z najbardziej niebezpiecznych dzia\u0142\u00f3w gospodarki. <\/p>\n\n\n\n<p>Tele Radio jest ekspertem w sprawie bezpiecznych rozwi\u0105za\u0144. Urz\u0105dzenia posiadaj\u0105 certyfikaty nawet na poziomie <strong>SIL3 PLe<\/strong>. Wysoce konfigurowalne nadajniki pozwalaj\u0105 na precyzyjn\u0105 prac\u0119 z bezpiecznej odleg\u0142o\u015bci oraz ograniczaj\u0105 czas, w kt\u00f3rym pracownicy mog\u0105 by\u0107 nara\u017ceni na ryzyko. <strong>Zdalne sterowanie mo\u017cna zastosowa\u0107 do maszyn le\u015bnych wykorzystywanych do zada\u0144 technologicznych, takich jak \u015bcinka czy okrzesywanie, oraz do maszyn bior\u0105cych udzia\u0142 w transporcie drewna.<\/strong> Tele Radio dostarcza rozwi\u0105zania sterowania radiowego do wielu r\u00f3\u017cnych zastosowa\u0144, od wci\u0105garek le\u015bnych, po przyczepy le\u015bne z \u017curawiem i r\u0119baki. Dostosowujemy nasze systemy sterowania do Twoich potrzeb, aby przynios\u0142y jak najwi\u0119cej korzy\u015bci. <\/p>\n<\/div><\/div>\n\n\n\n<div style=\"height:60px\" aria-hidden=\"true\" class=\"wp-block-spacer\"><\/div>\n\n\n\n<div class=\"wp-block-buttons is-content-justification-center is-layout-flex wp-container-core-buttons-is-layout-16018d1d wp-block-buttons-is-layout-flex\">\n<div class=\"wp-block-button\"><a class=\"wp-block-button__link has-black-color has-luminous-vivid-amber-background-color has-text-color has-background wp-element-button\" href=\"#pomoc\" style=\"border-radius:10px\"><strong>Popro\u015b o kontakt<\/strong><\/a><\/div>\n<\/div>\n\n\n\n<div style=\"height:100px\" aria-hidden=\"true\" class=\"wp-block-spacer\"><\/div>\n\n\n\n<h2 class=\"wp-block-heading has-text-align-left\">Systemy sterowania radiowego Tele Radio do maszyn le\u015bnych<\/h2>\n\n\n\n<p>Wyboru w\u0142a\u015bciwego sterowania radiowego do danego zastosowania najlepiej dokona\u0107 w porozumieniu z pracownikami Tele Radio. Dostarczamy r\u00f3\u017cne nadajniki o specyficznych cechach. Podczas dobierania systemu sterowania trzeba wzi\u0105\u0107 pod uwag\u0119 takie kwestie jak mi\u0119dzy innymi poziom bezpiecze\u0144stwa oraz wielko\u015b\u0107 i funkcjonalno\u015b\u0107 nadajnika sterowania radiowego.  <\/p>\n\n\n\n<div style=\"height:20px\" aria-hidden=\"true\" class=\"wp-block-spacer\"><\/div>\n\n\n\n<div class=\"wp-block-columns has-background is-layout-flex wp-container-core-columns-is-layout-9d6595d7 wp-block-columns-is-layout-flex\" style=\"background-color:#eeeeee\">\n<div class=\"wp-block-column is-layout-flow wp-block-column-is-layout-flow\">\n<p class=\"has-text-align-center has-medium-font-size\"><strong>Ma\u0142e nadajniki przyciskowe do obs\u0142ugi prostych funkcji<\/strong><\/p>\n\n\n\n<div style=\"height:10px\" aria-hidden=\"true\" class=\"wp-block-spacer\"><\/div>\n\n\n<div class=\"wp-block-image\">\n<figure class=\"aligncenter size-full is-resized\"><img loading=\"lazy\" decoding=\"async\" width=\"1080\" height=\"1080\" src=\"https:\/\/www.tele-radio.com\/app\/uploads\/nadajniki_teleradio_t21_animacja.gif\" alt=\"Ma\u0142y nadajnik przyciskowy Tele Radio do sterowania prostymi funkcjami.\" class=\"wp-image-157403\" style=\"width:250px;height:250px\"\/><\/figure><\/div>\n\n\n<div style=\"height:10px\" aria-hidden=\"true\" class=\"wp-block-spacer\"><\/div>\n\n\n\n<p class=\"has-text-align-center\">Ma\u0142e, kompaktowe nadajniki <strong><a href=\"https:\/\/www.tele-radio.com\/pl\/products\/panther\/panther-transmitter-6x1-step-buttons-4\/\">PN-T21<\/a><\/strong> idealnie sprawdzaj\u0105 si\u0119 do obs\u0142ugi urz\u0105dze\u0144 nieposiadaj\u0105cych wielu funkcji, takich jak wci\u0105garki le\u015bne. Dost\u0119pne s\u0105 z 3, 4, 6, 8 lub 10 przyciskami jednostopniowymi. <\/p>\n\n\n\n<p class=\"has-text-align-center\">Ilo\u015b\u0107 obs\u0142ugiwanych przez jeden przycisk funkcji mo\u017cna jednak zwi\u0119kszy\u0107 (podobnie jak w wi\u0119kszych modelach) dzi\u0119ki mo\u017cliwo\u015bci pracy nadajnika w kilku trybach (mapach), o kt\u00f3rych informuj\u0105 diody LED. Mo\u017cliwe jest sterowanie 19 funkcjami przy jednym odbiorniku.<\/p>\n\n\n\n<p class=\"has-text-align-center\">W\u015br\u00f3d produkt\u00f3w <a href=\"https:\/\/www.tele-radio.com\/pl\/products\/panther\/\">Tele Radio Panther<\/a> mo\u017cna znale\u017a\u0107 r\u00f3wnie\u017c nadajniki mini, mieszcz\u0105ce si\u0119 w kieszeni.   <\/p>\n<\/div>\n\n\n\n<div class=\"wp-block-column is-layout-flow wp-block-column-is-layout-flow\">\n<p class=\"has-text-align-center has-medium-font-size\"><strong>Nadajniki przyciskowe<\/strong> <strong>z przyciskiem awaryjnego zatrzymania<\/strong><\/p>\n\n\n\n<div style=\"height:10px\" aria-hidden=\"true\" class=\"wp-block-spacer\"><\/div>\n\n\n<div class=\"wp-block-image\">\n<figure class=\"aligncenter size-full is-resized\"><img loading=\"lazy\" decoding=\"async\" width=\"1080\" height=\"1080\" src=\"https:\/\/www.tele-radio.com\/app\/uploads\/nadajniki_przyciskowe_teleradio_lesnictwo.png\" alt=\"Nadajniki przyciskowe Tele Radio z certyfikowan\u0105 funkcj\u0105 stop. \" class=\"wp-image-163286\" style=\"width:250px;height:250px\" srcset=\"https:\/\/www.tele-radio.com\/app\/uploads\/nadajniki_przyciskowe_teleradio_lesnictwo.png 1080w, https:\/\/www.tele-radio.com\/app\/uploads\/nadajniki_przyciskowe_teleradio_lesnictwo-400x400.png 400w, https:\/\/www.tele-radio.com\/app\/uploads\/nadajniki_przyciskowe_teleradio_lesnictwo-150x150.png 150w, https:\/\/www.tele-radio.com\/app\/uploads\/nadajniki_przyciskowe_teleradio_lesnictwo-768x768.png 768w, https:\/\/www.tele-radio.com\/app\/uploads\/nadajniki_przyciskowe_teleradio_lesnictwo-250x250.png 250w, https:\/\/www.tele-radio.com\/app\/uploads\/nadajniki_przyciskowe_teleradio_lesnictwo-750x750.png 750w, https:\/\/www.tele-radio.com\/app\/uploads\/nadajniki_przyciskowe_teleradio_lesnictwo-500x500.png 500w, https:\/\/www.tele-radio.com\/app\/uploads\/nadajniki_przyciskowe_teleradio_lesnictwo-800x800.png 800w\" sizes=\"auto, (max-width: 1080px) 100vw, 1080px\" \/><\/figure><\/div>\n\n\n<div style=\"height:10px\" aria-hidden=\"true\" class=\"wp-block-spacer\"><\/div>\n\n\n\n<p class=\"has-text-align-center\">Nadajniki te posiadaj\u0105 <a href=\"https:\/\/www.tele-radio.com\/pl\/standardy-bezpieczenstwa-w-systemach-sterowania-tele-radio\/\">funkcj\u0119 awaryjnego zatrzymania<\/a> na poziomie bezpiecze\u0144stwa <strong>PLd<\/strong> (nadajnik <a href=\"https:\/\/www.tele-radio.com\/pl\/products\/panther\/panther-transmitter-8x2-step-buttons-pld-cat3\/\">PN-T19-2<\/a> i <a href=\"https:\/\/www.tele-radio.com\/pl\/products\/panther\/panther-transmitter-12x2-step-buttons-2-2\/\">PN-T29-12<\/a>) lub <strong>PLe, SIL3<\/strong> (nadajniki z serii <a href=\"https:\/\/www.tele-radio.com\/pl\/products\/tiger-g2\/\">Tiger G2<\/a>), co sprawia, \u017ce s\u0105 odpowiednie <strong>do pracy w warunkach wysokiego ryzyka<\/strong>. <\/p>\n\n\n\n<p class=\"has-text-align-center\">Pozwalaj\u0105 na sterowanie funkcjami z dwoma pr\u0119dko\u015bciami dzi\u0119ki dwustopniowym przyciskom lub na precyzyjne sterowanie przyciskami proporcjonalnymi (nadajniki <a href=\"https:\/\/www.tele-radio.com\/pl\/products\/tiger-g2\/tiger-g2-nadajnik-4x2-step-buttons-display-sil3-ple-2\/\">TG-T14-7<\/a>, <a href=\"https:\/\/www.tele-radio.com\/pl\/products\/tiger-g2\/tiger-g2-transmitter-4x2-step-buttons-display-sil3-ple-3\/\">TG-T15-7<\/a>). <\/p>\n\n\n\n<p class=\"has-text-align-center\">Nadajniki Tiger G2 pozwalaj\u0105 na <strong>uzyskiwanie informacji zwrotnej<\/strong> z obs\u0142ugiwanej maszyny (wy\u015bwietlacz, diody LED). <\/p>\n\n\n\n<p class=\"has-text-align-center\"><\/p>\n<\/div>\n\n\n\n<div class=\"wp-block-column is-layout-flow wp-block-column-is-layout-flow\">\n<p class=\"has-text-align-center has-medium-font-size\"><strong>Nadajniki z joystickowe dla z\u0142o\u017conych rozwi\u0105za\u0144 sterowania<\/strong> <\/p>\n\n\n\n<div style=\"height:10px\" aria-hidden=\"true\" class=\"wp-block-spacer\"><\/div>\n\n\n<div class=\"wp-block-image\">\n<figure class=\"aligncenter size-full is-resized\"><img loading=\"lazy\" decoding=\"async\" width=\"1080\" height=\"1080\" src=\"https:\/\/www.tele-radio.com\/app\/uploads\/nadajnik_teleradio_suprateq.png\" alt=\"Nadajnik joystickowy. Sterowanie urz\u0105dzeniami z hydraulik\u0105 si\u0142ow\u0105.\" class=\"wp-image-163310\" style=\"width:250px;height:250px\" srcset=\"https:\/\/www.tele-radio.com\/app\/uploads\/nadajnik_teleradio_suprateq.png 1080w, https:\/\/www.tele-radio.com\/app\/uploads\/nadajnik_teleradio_suprateq-400x400.png 400w, https:\/\/www.tele-radio.com\/app\/uploads\/nadajnik_teleradio_suprateq-150x150.png 150w, https:\/\/www.tele-radio.com\/app\/uploads\/nadajnik_teleradio_suprateq-768x768.png 768w, https:\/\/www.tele-radio.com\/app\/uploads\/nadajnik_teleradio_suprateq-250x250.png 250w, https:\/\/www.tele-radio.com\/app\/uploads\/nadajnik_teleradio_suprateq-750x750.png 750w, https:\/\/www.tele-radio.com\/app\/uploads\/nadajnik_teleradio_suprateq-500x500.png 500w, https:\/\/www.tele-radio.com\/app\/uploads\/nadajnik_teleradio_suprateq-800x800.png 800w\" sizes=\"auto, (max-width: 1080px) 100vw, 1080px\" \/><\/figure><\/div>\n\n\n<div style=\"height:10px\" aria-hidden=\"true\" class=\"wp-block-spacer\"><\/div>\n\n\n\n<p class=\"has-text-align-center\">Seria Tele Radio <strong><a href=\"https:\/\/www.tele-radio.com\/pl\/nadajniki-joystickowe\/\">TEQ Line<\/a><\/strong> jest idealna do zaawansowanych zastosowa\u0144 wymagaj\u0105cych precyzji, m.in. do urz\u0105dze\u0144 wykorzystuj\u0105cych <strong>hydraulik\u0119 si\u0142ow\u0105<\/strong>. Nadajniki z manipulatorami dost\u0119pne s\u0105 w trzech rozmiarach i z r\u00f3\u017cnymi elementami steruj\u0105cymi. Dzi\u0119ki modu\u0142owej budowie system ten daje niemal nieograniczone mo\u017cliwo\u015bci dostosowania do okre\u015blonych potrzeb.  <\/p>\n\n\n\n<p class=\"has-text-align-center\">Produkty Tele Radio TEQ Line posiadaj\u0105 <strong>certyfikat<\/strong> <strong>PLe<\/strong> dla funkcji stop. Umo\u017cliwiaj\u0105 sterowanie proporcjonalne, PWM, cyfrowe i analogowe, ale tak\u017ce <a href=\"https:\/\/www.tele-radio.com\/pl\/volvo-exster\/\"><strong>zdalne sterowanie ca\u0142ym pojazdem spoza kabiny<\/strong><\/a>.<\/p>\n<\/div>\n<\/div>\n\n\n\n<div style=\"height:25px\" aria-hidden=\"true\" class=\"wp-block-spacer\"><\/div>\n\n\n\n<p class=\"has-medium-font-size\"><strong>Odbiorniki Tele Radio<\/strong><\/p>\n\n\n\n<p>Dob\u00f3r odpowiedniego odbiornika do nadajnika zdalnego sterowania jest niezwykle wa\u017cny. W ofercie Tele Radio mo\u017cna znale\u017a\u0107 wiele odbiornik\u00f3w, kt\u00f3re s\u0105 funkcjonalne i maj\u0105 mo\u017cliwo\u015b\u0107 rozbudowy o dodatkowe modu\u0142y. Dost\u0119pne s\u0105 r\u00f3wnie\u017c modele z cyfrowymi oraz analogowymi wej\u015bciami i wyj\u015bciami, a tak\u017ce modele z wy\u015bwietlaczem.<\/p>\n\n\n\n<p>Aby system sterowania radiowego dzia\u0142a\u0142 bez zastrze\u017ce\u0144, pomo\u017cemy w wyborze odpowiedniego odbiornika. Mo\u017cemy r\u00f3wnie\u017c dostosowa\u0107 urz\u0105dzenia zdalnego sterowania, tak aby by\u0142y odpowiednie dla komunikacji CANOpen, Modbus, J1939. <\/p>\n\n\n\n<div style=\"height:100px\" aria-hidden=\"true\" class=\"wp-block-spacer\"><\/div>\n\n\n\n<h3 class=\"wp-block-heading\">Sterowanie radiowe w trudnych warunkach<\/h3>\n\n\n\n<div class=\"wp-block-media-text alignwide has-media-on-the-right is-stacked-on-mobile is-image-fill has-background\" style=\"background-color:#ededed\"><div class=\"wp-block-media-text__content\">\n<p><\/p>\n\n\n\n<p>Systemy sterowania radiowego stosowane w rolnictwie i le\u015bnictwie musz\u0105 sprosta\u0107 wielu wymaganiom, takim jak m.in.&nbsp;<strong>trudne warunki otoczenia<\/strong>. Mi\u0119dzy nadajnikiem a odbiornikiem cz\u0119sto wyst\u0119puj\u0105 naturalne przeszkody, np. drzewa i krzewy. Systemy Tele Radio radz\u0105 sobie z utrudnieniami i zapewniaj\u0105 doskona\u0142e po\u0142\u0105czenie na du\u017cych dystansach.<\/p>\n\n\n\n<p>Urz\u0105dzenia musz\u0105 si\u0119 r\u00f3wnie\u017c mierzy\u0107 z niesprzyjaj\u0105cymi warunkami atmosferycznymi, takimi jak deszcz, \u015bnieg, mg\u0142a oraz wysokie i niskie temperatury. Nadajniki i odbiorniki musz\u0105 by\u0107 odporne na b\u0142oto i kurz. Dla produkt\u00f3w Tele Radio nie stanowi to jednak problemu. S\u0105 <strong>lekkie, wytrzyma\u0142e i wodoodporne zgodnie z IP65 lub IP66. <\/strong><\/p>\n\n\n\n<p><\/p>\n<\/div><figure class=\"wp-block-media-text__media\" style=\"background-image:url(https:\/\/www.tele-radio.com\/app\/uploads\/nadajnik.jpg);background-position:50% 50%\"><img loading=\"lazy\" decoding=\"async\" width=\"797\" height=\"532\" src=\"https:\/\/www.tele-radio.com\/app\/uploads\/nadajnik.jpg\" alt=\"Sterowanie radiowe dla rolnictwa i le\u015bnictwa w ka\u017cdych warunkach pogodowych.\" class=\"wp-image-74951 size-full\" srcset=\"https:\/\/www.tele-radio.com\/app\/uploads\/nadajnik.jpg 797w, https:\/\/www.tele-radio.com\/app\/uploads\/nadajnik-400x267.jpg 400w, https:\/\/www.tele-radio.com\/app\/uploads\/nadajnik-768x513.jpg 768w, https:\/\/www.tele-radio.com\/app\/uploads\/nadajnik-750x501.jpg 750w, https:\/\/www.tele-radio.com\/app\/uploads\/nadajnik-500x334.jpg 500w\" sizes=\"auto, (max-width: 797px) 100vw, 797px\" \/><\/figure><\/div>\n\n\n\n<div style=\"height:130px\" aria-hidden=\"true\" class=\"wp-block-spacer\"><\/div>\n\n\n\n<h2 class=\"wp-block-heading\" id=\"pomoc\">S\u0142u\u017cymy pomoc\u0105 przy wyborze odpowiedniego sterowania radiowego Tele Radio<\/h2>\n\n\n\n<p>Je\u015bli nie masz pewno\u015bci, jaki typ nadajnika lub odbiornika jest najlepszy dla Twojego zastosowania oraz chcia\u0142by\u015b om\u00f3wi\u0107 rozwi\u0105zanie, kt\u00f3re najbardziej Ci odpowiada, <strong>zapraszamy do <a href=\"https:\/\/www.tele-radio.com\/pl\/kontakt\/\">kontaktu<\/a> mailowego lub telefonicznego. <\/strong> <\/p>\n\n\n\n<div style=\"height:90px\" aria-hidden=\"true\" class=\"wp-block-spacer\"><\/div>\n\n\n\n<div class=\"wp-block-columns is-layout-flex wp-container-core-columns-is-layout-9d6595d7 wp-block-columns-is-layout-flex\">\n<div class=\"wp-block-column is-layout-flow wp-block-column-is-layout-flow\"><div class=\"wp-block-image is-style-default\">\n<figure class=\"aligncenter size-full is-resized\"><img loading=\"lazy\" decoding=\"async\" width=\"100\" height=\"100\" src=\"https:\/\/www.tele-radio.com\/app\/uploads\/reparar-control-remoto-espana-teleradio-2.png\" alt=\"Tele control manufacturers\" class=\"wp-image-151175\" style=\"width:50px;height:50px\"\/><\/figure><\/div>\n\n\n<p class=\"has-text-align-center\" style=\"font-size:22px\"><strong>Jeste\u015bmy producentem<\/strong><\/p>\n\n\n\n<p class=\"has-text-align-center\">Tele Radio to szwedzki producent sterowa\u0144 radiowych. <strong>Polska filia<\/strong> ma siedzib\u0119 w Kielcach.<\/p>\n<\/div>\n\n\n\n<div class=\"wp-block-column is-layout-flow wp-block-column-is-layout-flow\"><div class=\"wp-block-image\">\n<figure class=\"aligncenter size-full is-resized\"><img loading=\"lazy\" decoding=\"async\" width=\"64\" height=\"64\" src=\"https:\/\/www.tele-radio.com\/app\/uploads\/maps-and-flags.webp\" alt=\"\" class=\"wp-image-84266\" style=\"width:48px;height:48px\"\/><\/figure><\/div>\n\n\n<p class=\"has-text-align-center\" style=\"font-size:22px\"><strong>Posiadamy<\/strong> <strong>w\u0142asny magazyn<\/strong><\/p>\n\n\n\n<p class=\"has-text-align-center\">Realizacja zam\u00f3wie\u0144 nawet w <strong>1-2 dni robocze<\/strong>. Urz\u0105dzenia z dwuletni\u0105 gwarancj\u0105.<\/p>\n<\/div>\n\n\n\n<div class=\"wp-block-column is-layout-flow wp-block-column-is-layout-flow\"><div class=\"wp-block-image\">\n<figure class=\"aligncenter size-thumbnail is-resized\"><img loading=\"lazy\" decoding=\"async\" width=\"150\" height=\"150\" src=\"https:\/\/www.tele-radio.com\/app\/uploads\/add-friend-150x150.png\" alt=\"\" class=\"wp-image-156207\" style=\"width:50px;height:50px\" srcset=\"https:\/\/www.tele-radio.com\/app\/uploads\/add-friend-150x150.png 150w, https:\/\/www.tele-radio.com\/app\/uploads\/add-friend-400x400.png 400w, https:\/\/www.tele-radio.com\/app\/uploads\/add-friend-250x250.png 250w, https:\/\/www.tele-radio.com\/app\/uploads\/add-friend-500x500.png 500w, https:\/\/www.tele-radio.com\/app\/uploads\/add-friend.png 512w\" sizes=\"auto, (max-width: 150px) 100vw, 150px\" \/><\/figure><\/div>\n\n\n<p class=\"has-text-align-center\" style=\"font-size:22px\"><strong>Zapewniamy wsparcie lokalne<\/strong><\/p>\n\n\n\n<p class=\"has-text-align-center\">Pomoc techniczna i wsparcie. Wi\u0119kszo\u015b\u0107 napraw nawet w ci\u0105gu 24-48 h.<\/p>\n<\/div>\n<\/div>\n\n\n\n<div style=\"height:50px\" aria-hidden=\"true\" class=\"wp-block-spacer\"><\/div>\n\n\n\n<div class=\"wp-block-buttons is-content-justification-center is-layout-flex wp-container-core-buttons-is-layout-16018d1d wp-block-buttons-is-layout-flex\">\n<div class=\"wp-block-button\"><a class=\"wp-block-button__link has-black-color has-luminous-vivid-amber-background-color has-text-color has-background wp-element-button\" href=\"https:\/\/www.tele-radio.com\/pl\/kontakt\/\" style=\"border-radius:10px\"><strong>Kontakt<\/strong><\/a><\/div>\n<\/div>\n\n\n\n<div style=\"height:80px\" aria-hidden=\"true\" class=\"wp-block-spacer\"><\/div>\n\n\n<div class=\"wp-block-image\">\n<figure class=\"aligncenter size-medium\"><img loading=\"lazy\" decoding=\"async\" width=\"400\" height=\"205\" src=\"https:\/\/www.tele-radio.com\/app\/uploads\/Assortiment_2019_zonder_spiegeling_en_schaduw-removebg-400x205.png\" alt=\"Sterowanie radiowe Tele Radio.\" class=\"wp-image-141133\" srcset=\"https:\/\/www.tele-radio.com\/app\/uploads\/Assortiment_2019_zonder_spiegeling_en_schaduw-removebg-400x205.png 400w, https:\/\/www.tele-radio.com\/app\/uploads\/Assortiment_2019_zonder_spiegeling_en_schaduw-removebg-500x256.png 500w, https:\/\/www.tele-radio.com\/app\/uploads\/Assortiment_2019_zonder_spiegeling_en_schaduw-removebg.png 698w\" sizes=\"auto, (max-width: 400px) 100vw, 400px\" \/><\/figure><\/div>\n\n\n<div style=\"height:100px\" aria-hidden=\"true\" class=\"wp-block-spacer\"><\/div>\n","protected":false},"excerpt":{"rendered":"<p>LE\u015aNICTWO Systemy sterowania radiowego Tele Radio do maszyn le\u015bnych Wyboru w\u0142a\u015bciwego sterowania radiowego do danego zastosowania najlepiej dokona\u0107 w porozumieniu z pracownikami Tele Radio. Dostarczamy r\u00f3\u017cne nadajniki o specyficznych cechach. Podczas dobierania systemu sterowania trzeba wzi\u0105\u0107 pod uwag\u0119 takie kwestie jak mi\u0119dzy innymi poziom bezpiecze\u0144stwa oraz wielko\u015b\u0107 i funkcjonalno\u015b\u0107 nadajnika sterowania radiowego. Ma\u0142e nadajniki przyciskowe [&hellip;]<\/p>\n","protected":false},"author":87,"featured_media":0,"parent":67465,"menu_order":0,"comment_status":"closed","ping_status":"closed","template":"","meta":{"_acf_changed":false,"footnotes":""},"class_list":["post-163652","page","type-page","status-publish","hentry"],"acf":[],"_links":{"self":[{"href":"https:\/\/www.tele-radio.com\/pl\/wp-json\/wp\/v2\/pages\/163652","targetHints":{"allow":["GET"]}}],"collection":[{"href":"https:\/\/www.tele-radio.com\/pl\/wp-json\/wp\/v2\/pages"}],"about":[{"href":"https:\/\/www.tele-radio.com\/pl\/wp-json\/wp\/v2\/types\/page"}],"author":[{"embeddable":true,"href":"https:\/\/www.tele-radio.com\/pl\/wp-json\/wp\/v2\/users\/87"}],"replies":[{"embeddable":true,"href":"https:\/\/www.tele-radio.com\/pl\/wp-json\/wp\/v2\/comments?post=163652"}],"version-history":[{"count":2,"href":"https:\/\/www.tele-radio.com\/pl\/wp-json\/wp\/v2\/pages\/163652\/revisions"}],"predecessor-version":[{"id":228142,"href":"https:\/\/www.tele-radio.com\/pl\/wp-json\/wp\/v2\/pages\/163652\/revisions\/228142"}],"up":[{"embeddable":true,"href":"https:\/\/www.tele-radio.com\/pl\/wp-json\/wp\/v2\/pages\/67465"}],"wp:attachment":[{"href":"https:\/\/www.tele-radio.com\/pl\/wp-json\/wp\/v2\/media?parent=163652"}],"curies":[{"name":"wp","href":"https:\/\/api.w.org\/{rel}","templated":true}]}}