{"id":156023,"date":"2022-11-23T10:32:08","date_gmt":"2022-11-23T10:32:08","guid":{"rendered":"https:\/\/www.tele-radio.com\/other\/"},"modified":"2023-06-01T09:05:18","modified_gmt":"2023-06-01T09:05:18","slug":"other","status":"publish","type":"page","link":"https:\/\/www.tele-radio.com\/pl\/other\/","title":{"rendered":"OTHER"},"content":{"rendered":"\n<div style=\"height:31px\" aria-hidden=\"true\" class=\"wp-block-spacer\"><\/div>\n\n\n\n<h1 class=\"wp-block-heading has-text-align-center\">INNE<\/h1>\n\n\n\n<div style=\"height:26px\" aria-hidden=\"true\" class=\"wp-block-spacer\"><\/div>\n\n\n\n<div class=\"wp-block-columns is-layout-flex wp-container-core-columns-is-layout-9d6595d7 wp-block-columns-is-layout-flex\">\n<div class=\"wp-block-column is-layout-flow wp-block-column-is-layout-flow\">\n<h2 class=\"wp-block-heading\">Drzwi, bramy i szlabany; gdy chcesz kontrolowa\u0107 dost\u0119p<\/h2>\n\n\n\n<p>Mo\u017cliwo\u015b\u0107 zdalnego sterowania otwieraniem lub przesuwaniem (rolowanych lub przesuwnych) drzwi, bram, ogrodze\u0144, barier, zap\u00f3r i wysuwanych ramp to kwestia bezpiecze\u0144stwa i wygody. Dzi\u0119ki wieloletniemu do\u015bwiadczeniu Tele Radio mo\u017ce zaoferowa\u0107 najbardziej niezawodne i wydajne rozwi\u0105zania. Wykonane s\u0105 z my\u015bl\u0105 o wieloletnim u\u017cytkowaniu i dostosowane do konkretnych potrzeb oraz z szerok\u0105 gam\u0105 akcesori\u00f3w, kt\u00f3re u\u0142atwiaj\u0105 codzienne u\u017cytkowanie &#8211; niezale\u017cnie od tego, czy podnosisz s\u0142upek na ruchliwej ulicy, czy sterujesz bramami rolowanymi w centrum dystrybucyjnym za pomoc\u0105 w\u0142asnego nadajnika.<\/p>\n<\/div>\n\n\n\n<div class=\"wp-block-column is-layout-flow wp-block-column-is-layout-flow\" style=\"flex-basis:100px\"><\/div>\n\n\n\n<div class=\"wp-block-column is-layout-flow wp-block-column-is-layout-flow\">\n<div style=\"height:31px\" aria-hidden=\"true\" class=\"wp-block-spacer\"><\/div>\n\n\n\n<div class=\"wp-block-cover\" style=\"min-height:368px;aspect-ratio:unset;\"><span aria-hidden=\"true\" class=\"wp-block-cover__background has-black-background-color has-background-dim-20 has-background-dim\"><\/span><img loading=\"lazy\" decoding=\"async\" width=\"2400\" height=\"1602\" class=\"wp-block-cover__image-background wp-image-119677\" alt=\"\" src=\"https:\/\/www.tele-radio.com\/app\/uploads\/FM_MI_PN_0039.jpg\" style=\"object-position:59% 54%\" data-object-fit=\"cover\" data-object-position=\"59% 54%\" srcset=\"https:\/\/www.tele-radio.com\/app\/uploads\/FM_MI_PN_0039.jpg 2400w, https:\/\/www.tele-radio.com\/app\/uploads\/FM_MI_PN_0039-400x267.jpg 400w, https:\/\/www.tele-radio.com\/app\/uploads\/FM_MI_PN_0039-1200x801.jpg 1200w, https:\/\/www.tele-radio.com\/app\/uploads\/FM_MI_PN_0039-768x513.jpg 768w, https:\/\/www.tele-radio.com\/app\/uploads\/FM_MI_PN_0039-1536x1025.jpg 1536w, https:\/\/www.tele-radio.com\/app\/uploads\/FM_MI_PN_0039-2048x1367.jpg 2048w, https:\/\/www.tele-radio.com\/app\/uploads\/FM_MI_PN_0039-750x501.jpg 750w, https:\/\/www.tele-radio.com\/app\/uploads\/FM_MI_PN_0039-500x334.jpg 500w, https:\/\/www.tele-radio.com\/app\/uploads\/FM_MI_PN_0039-1600x1068.jpg 1600w, https:\/\/www.tele-radio.com\/app\/uploads\/FM_MI_PN_0039-800x534.jpg 800w\" sizes=\"auto, (max-width: 2400px) 100vw, 2400px\" \/><div class=\"wp-block-cover__inner-container is-layout-flow wp-block-cover-is-layout-flow\">\n<p class=\"has-text-align-center has-large-font-size\"><\/p>\n<\/div><\/div>\n<\/div>\n<\/div>\n\n\n\n<div style=\"height:100px\" aria-hidden=\"true\" class=\"wp-block-spacer\"><\/div>\n\n\n\n<h2 class=\"wp-block-heading has-text-align-center\"><strong>APLIKACJE<\/strong><\/h2>\n\n\n\n<h3 class=\"wp-block-heading has-text-align-center\"><strong>Zgodnie z Twoimi wymaganiami dotycz\u0105cymi bezpiecze\u0144stwa i funkcjonalno\u015bci<\/strong><\/h3>\n\n\n\n<p class=\"has-text-align-center\">Wyboru w\u0142a\u015bciwego systemu sterowania radiowego do danego zastosowania najlepiej dokona\u0107 w porozumieniu z pracownikami Tele Radio. Dostarczamy r\u00f3\u017cne nadajniki o specyficznych cechach. Podczas dobierania systemu sterowania trzeba wzi\u0105\u0107 pod uwag\u0119 trzy nast\u0119puj\u0105ce kwestie:<\/p>\n\n\n\n<div class=\"wp-block-columns alignwide are-vertically-aligned-center is-layout-flex wp-container-core-columns-is-layout-9d6595d7 wp-block-columns-is-layout-flex\">\n<div class=\"wp-block-column is-layout-flow wp-block-column-is-layout-flow\" style=\"flex-basis:15%\"><div class=\"wp-block-image\">\n<figure class=\"aligncenter is-resized\"><img loading=\"lazy\" decoding=\"async\" src=\"https:\/\/www.tele-radio.com\/app\/uploads\/Safety_level_2.png\" alt=\"\" class=\"wp-image-68198\" width=\"101\" height=\"101\" srcset=\"https:\/\/www.tele-radio.com\/app\/uploads\/Safety_level_2.png 404w, https:\/\/www.tele-radio.com\/app\/uploads\/Safety_level_2-400x400.png 400w, https:\/\/www.tele-radio.com\/app\/uploads\/Safety_level_2-150x150.png 150w, https:\/\/www.tele-radio.com\/app\/uploads\/Safety_level_2-250x250.png 250w\" sizes=\"auto, (max-width: 101px) 100vw, 101px\" \/><\/figure><\/div><\/div>\n\n\n\n<div class=\"wp-block-column is-layout-flow wp-block-column-is-layout-flow\" style=\"flex-basis:85%\">\n<p style=\"font-size:18px\"><strong>Poziom bezpiecze\u0144stwa<\/strong><\/p>\n\n\n\n<p>Nasze nadajniki s\u0105 bezpieczne, a wiele z nich posiada niezale\u017cne certyfikaty bezpiecze\u0144stwa. Oznacza to, \u017ce prawid\u0142owe dzia\u0142anie przycisku awaryjnego zatrzymania zosta\u0142o przetestowane i zweryfikowane przez zewn\u0119trzn\u0105, niezale\u017cn\u0105 stron\u0119. Je\u015bli zale\u017cy ci na zminimalizowaniu ryzyka obra\u017ce\u0144 podczas u\u017cytkowania maszyn, najlepiej wybra\u0107 system sterowania z niezale\u017cnym certyfikatem bezpiecze\u0144stwa. Natomiast je\u015bli Twoja aplikacja nie zagra\u017ca bezpiecze\u0144stwu operator\u00f3w, odpowiednie b\u0119d\u0105 nadajniki bez tego certyfikatu.&nbsp;<\/p>\n<\/div>\n<\/div>\n\n\n\n<div class=\"wp-block-columns alignwide are-vertically-aligned-center is-layout-flex wp-container-core-columns-is-layout-9d6595d7 wp-block-columns-is-layout-flex\">\n<div class=\"wp-block-column is-layout-flow wp-block-column-is-layout-flow\" style=\"flex-basis:15%\"><div class=\"wp-block-image\">\n<figure class=\"aligncenter is-resized\"><img loading=\"lazy\" decoding=\"async\" src=\"https:\/\/www.tele-radio.com\/app\/uploads\/Control_element_2.png\" alt=\"\" class=\"wp-image-68176\" width=\"101\" height=\"101\" srcset=\"https:\/\/www.tele-radio.com\/app\/uploads\/Control_element_2.png 404w, https:\/\/www.tele-radio.com\/app\/uploads\/Control_element_2-400x400.png 400w, https:\/\/www.tele-radio.com\/app\/uploads\/Control_element_2-150x150.png 150w, https:\/\/www.tele-radio.com\/app\/uploads\/Control_element_2-250x250.png 250w\" sizes=\"auto, (max-width: 101px) 100vw, 101px\" \/><\/figure><\/div><\/div>\n\n\n\n<div class=\"wp-block-column is-layout-flow wp-block-column-is-layout-flow\" style=\"flex-basis:85%\">\n<p style=\"font-size:18px\"><strong>Przyciski lub joysticki<\/strong><\/p>\n\n\n\n<p>Dzi\u0119ki zastosowaniu przycisk\u00f3w, nadajnik jest bardziej por\u0119czny, ale z pewno\u015bci\u0105 nie mniej precyzyjny w sterowaniu. Przyk\u0142adowo, nadajnik z przyciskami proporcjonalnymi jest tak precyzyjny jak nadajnik typu joystick. Wciskanie przycisku proporcjonalnego g\u0142\u0119biej zwi\u0119ksza stopie\u0144 dzia\u0142ania danej funkcji. Nadajnik joystickowy jest wi\u0119kszy, ale oferuje wi\u0119cej opcji dostosowania, na przyk\u0142ad dzi\u0119ki zastosowaniu specjalnych przycisk\u00f3w, prze\u0142\u0105cznik\u00f3w i joystick\u00f3w \u0142opatkowych.<\/p>\n<\/div>\n<\/div>\n\n\n\n<div class=\"wp-block-columns alignwide is-layout-flex wp-container-core-columns-is-layout-9d6595d7 wp-block-columns-is-layout-flex\">\n<div class=\"wp-block-column is-layout-flow wp-block-column-is-layout-flow\" style=\"flex-basis:15%\"><div class=\"wp-block-image\">\n<figure class=\"aligncenter is-resized\"><img loading=\"lazy\" decoding=\"async\" src=\"https:\/\/www.tele-radio.com\/app\/uploads\/Feedback_2.png\" alt=\"\" class=\"wp-image-68223\" width=\"101\" height=\"101\" srcset=\"https:\/\/www.tele-radio.com\/app\/uploads\/Feedback_2.png 404w, https:\/\/www.tele-radio.com\/app\/uploads\/Feedback_2-400x400.png 400w, https:\/\/www.tele-radio.com\/app\/uploads\/Feedback_2-150x150.png 150w, https:\/\/www.tele-radio.com\/app\/uploads\/Feedback_2-250x250.png 250w\" sizes=\"auto, (max-width: 101px) 100vw, 101px\" \/><\/figure><\/div><\/div>\n\n\n\n<div class=\"wp-block-column is-layout-flow wp-block-column-is-layout-flow\" style=\"flex-basis:85%\">\n<p style=\"font-size:18px\"><strong>Informacja zwrotna\/Feedback<\/strong><\/p>\n\n\n\n<p>Niekt\u00f3re nadajniki mog\u0105 odbiera\u0107 informacje zwrotne od sterowanego odbiornika. W zale\u017cno\u015bci od systemu, informacje te mog\u0105 by\u0107 przekazywane za pomoc\u0105 diod LED na nadajniku lub na wy\u015bwietlaczu. Na przyk\u0142ad, podczas sterowania d\u017awigiem mo\u017cna wykorzysta\u0107 wy\u015bwietlacz do wy\u015bwietlania informacji takich jak ci\u0119\u017car podnoszonego \u0142adunku lub sygna\u0142y ostrzegawcze. Funkcja ta b\u0119dzie mia\u0142a mniejsze znaczenie w przypadku mniej skomplikowanych zada\u0144, takich jak w\u0142\u0105czanie wie\u017cy o\u015bwietleniowej lub pompy.&nbsp;<\/p>\n<\/div>\n<\/div>\n\n\n\n<div style=\"height:50px\" aria-hidden=\"true\" class=\"wp-block-spacer\"><\/div>\n\n\n<div class=\"wp-block-image is-style-default\">\n<figure class=\"aligncenter size-large is-resized\"><img loading=\"lazy\" decoding=\"async\" src=\"https:\/\/www.tele-radio.com\/app\/uploads\/\/Assortiment_2019_zonder_spiegeling_en_schaduw-1200x614.jpg\" alt=\"\" width=\"771\" height=\"394\"\/><\/figure><\/div>\n\n\n<p><\/p>\n","protected":false},"excerpt":{"rendered":"<p>INNE Drzwi, bramy i szlabany; gdy chcesz kontrolowa\u0107 dost\u0119p Mo\u017cliwo\u015b\u0107 zdalnego sterowania otwieraniem lub przesuwaniem (rolowanych lub przesuwnych) drzwi, bram, ogrodze\u0144, barier, zap\u00f3r i wysuwanych ramp to kwestia bezpiecze\u0144stwa i wygody. Dzi\u0119ki wieloletniemu do\u015bwiadczeniu Tele Radio mo\u017ce zaoferowa\u0107 najbardziej niezawodne i wydajne rozwi\u0105zania. Wykonane s\u0105 z my\u015bl\u0105 o wieloletnim u\u017cytkowaniu i dostosowane do konkretnych potrzeb [&hellip;]<\/p>\n","protected":false},"author":29,"featured_media":0,"parent":0,"menu_order":0,"comment_status":"closed","ping_status":"closed","template":"","meta":{"_acf_changed":false,"footnotes":""},"class_list":["post-156023","page","type-page","status-publish","hentry"],"acf":[],"_links":{"self":[{"href":"https:\/\/www.tele-radio.com\/pl\/wp-json\/wp\/v2\/pages\/156023","targetHints":{"allow":["GET"]}}],"collection":[{"href":"https:\/\/www.tele-radio.com\/pl\/wp-json\/wp\/v2\/pages"}],"about":[{"href":"https:\/\/www.tele-radio.com\/pl\/wp-json\/wp\/v2\/types\/page"}],"author":[{"embeddable":true,"href":"https:\/\/www.tele-radio.com\/pl\/wp-json\/wp\/v2\/users\/29"}],"replies":[{"embeddable":true,"href":"https:\/\/www.tele-radio.com\/pl\/wp-json\/wp\/v2\/comments?post=156023"}],"version-history":[{"count":2,"href":"https:\/\/www.tele-radio.com\/pl\/wp-json\/wp\/v2\/pages\/156023\/revisions"}],"predecessor-version":[{"id":156032,"href":"https:\/\/www.tele-radio.com\/pl\/wp-json\/wp\/v2\/pages\/156023\/revisions\/156032"}],"wp:attachment":[{"href":"https:\/\/www.tele-radio.com\/pl\/wp-json\/wp\/v2\/media?parent=156023"}],"curies":[{"name":"wp","href":"https:\/\/api.w.org\/{rel}","templated":true}]}}