{"id":155655,"date":"2022-11-23T08:33:43","date_gmt":"2022-11-23T08:33:43","guid":{"rendered":"https:\/\/www.tele-radio.com\/mobile-hydraulic\/"},"modified":"2023-06-01T10:53:49","modified_gmt":"2023-06-01T10:53:49","slug":"mobile-hydraulic","status":"publish","type":"page","link":"https:\/\/www.tele-radio.com\/pl\/mobile-hydraulic\/","title":{"rendered":"MOBILE &#038; HYDRAULIC"},"content":{"rendered":"\n<div style=\"height:31px\" aria-hidden=\"true\" class=\"wp-block-spacer\"><\/div>\n\n\n\n<h1 class=\"wp-block-heading has-text-align-center\">URZ\u0104DZENIA MOBILNE I HYDRAULIKA<\/h1>\n\n\n\n<div style=\"height:26px\" aria-hidden=\"true\" class=\"wp-block-spacer\"><\/div>\n\n\n\n<div class=\"wp-block-columns is-layout-flex wp-container-core-columns-is-layout-9d6595d7 wp-block-columns-is-layout-flex\">\n<div class=\"wp-block-column is-layout-flow wp-block-column-is-layout-flow\">\n<h2 class=\"wp-block-heading\">Rozwi\u0105zania dla pracuj\u0105cych na drogach<\/h2>\n\n\n\n<p>Rynek urz\u0105dze\u0144 mobilnych jest ogromny i obejmuje wiele r\u00f3\u017cnych niestandardowych element\u00f3w steruj\u0105cych i unikalnych funkcji. Niekt\u00f3re popularne zastosowania obejmuj\u0105 sprz\u0119t ratowniczy, pojazdy ratownicze, windy za\u0142adowcze, pojazdy pr\u00f3\u017cniowe i \u017curawie montowane na samochodach ci\u0119\u017carowych. R\u00f3wnie\u017c mniejsze pojazdy takie jak quady, pojazdy le\u015bne i przeno\u015bne stanowiska o\u015bwietleniowe wykorzystuj\u0105ce systemy wci\u0105garek, windy kotwiczne i inne &#8211; wszystkie mog\u0105 korzysta\u0107 ze zdalnego sterowania. Tele Radio od dziesi\u0119cioleci dostarcza systemy zdalnego sterowania do maszyn pracuj\u0105cych w tych trudnych warunkach.<\/p>\n<\/div>\n\n\n\n<div class=\"wp-block-column is-layout-flow wp-block-column-is-layout-flow\" style=\"flex-basis:100px\"><\/div>\n\n\n\n<div class=\"wp-block-column is-layout-flow wp-block-column-is-layout-flow\">\n<div style=\"height:31px\" aria-hidden=\"true\" class=\"wp-block-spacer\"><\/div>\n\n\n\n<div class=\"wp-block-cover\" style=\"min-height:368px;aspect-ratio:unset;\"><span aria-hidden=\"true\" class=\"wp-block-cover__background has-black-background-color has-background-dim-20 has-background-dim\"><\/span><img loading=\"lazy\" decoding=\"async\" width=\"2400\" height=\"1597\" class=\"wp-block-cover__image-background wp-image-119332\" alt=\"\" src=\"https:\/\/www.tele-radio.com\/app\/uploads\/FM_MI_PU_0004.jpg\" style=\"object-position:59% 54%\" data-object-fit=\"cover\" data-object-position=\"59% 54%\" srcset=\"https:\/\/www.tele-radio.com\/app\/uploads\/FM_MI_PU_0004.jpg 2400w, https:\/\/www.tele-radio.com\/app\/uploads\/FM_MI_PU_0004-400x266.jpg 400w, https:\/\/www.tele-radio.com\/app\/uploads\/FM_MI_PU_0004-1200x799.jpg 1200w, https:\/\/www.tele-radio.com\/app\/uploads\/FM_MI_PU_0004-768x511.jpg 768w, https:\/\/www.tele-radio.com\/app\/uploads\/FM_MI_PU_0004-1536x1022.jpg 1536w, https:\/\/www.tele-radio.com\/app\/uploads\/FM_MI_PU_0004-2048x1363.jpg 2048w, https:\/\/www.tele-radio.com\/app\/uploads\/FM_MI_PU_0004-750x499.jpg 750w, https:\/\/www.tele-radio.com\/app\/uploads\/FM_MI_PU_0004-500x333.jpg 500w, https:\/\/www.tele-radio.com\/app\/uploads\/FM_MI_PU_0004-1600x1065.jpg 1600w, https:\/\/www.tele-radio.com\/app\/uploads\/FM_MI_PU_0004-800x532.jpg 800w\" sizes=\"auto, (max-width: 2400px) 100vw, 2400px\" \/><div class=\"wp-block-cover__inner-container is-layout-flow wp-block-cover-is-layout-flow\">\n<p class=\"has-text-align-center has-large-font-size\"><\/p>\n<\/div><\/div>\n<\/div>\n<\/div>\n\n\n\n<p>Tele Radio Exster umo\u017cliwia pe\u0142n\u0105 kontrol\u0119 nad pojazdem ci\u0119\u017carowym kierowcy znajduj\u0105cemu si\u0119 poza kabin\u0105. W ten spos\u00f3b operator ma wi\u0119ksz\u0105 elastyczno\u015b\u0107 i wgl\u0105d w sytuacj\u0119, co zwi\u0119ksza bezpiecze\u0144stwo wok\u00f3\u0142 ci\u0119\u017car\u00f3wki. Opr\u00f3cz bezpiecze\u0144stwa, zdalne sterowanie zapewnia r\u00f3wnie\u017c wydajno\u015b\u0107 pracy &#8211; jedna osoba mo\u017ce wykonywa\u0107 prac\u0119, kt\u00f3ra wymaga\u0142a wcze\u015bniej obecno\u015bci dw\u00f3ch os\u00f3b. Rozwi\u0105zanie to jest bardzo ergonomiczne, poniewa\u017c eliminuje konieczno\u015b\u0107 wchodzenia i schodzenia z ci\u0119\u017car\u00f3wki kilka(dziesi\u0105t) razy dziennie. Efektywno\u015b\u0107 przek\u0142ada si\u0119 na popraw\u0119 wydajno\u015bci i znaczne zmniejszenie zm\u0119czenia podczas codziennej pracy.<\/p>\n\n\n\n<p>Wiemy, czego szukaj\u0105 nasi klienci i produkujemy nasze urz\u0105dzenia z my\u015bl\u0105 i komforcie operatora, bezpiecze\u0144stwie i trwa\u0142o\u015bci.<\/p>\n\n\n\n<div style=\"height:32px\" aria-hidden=\"true\" class=\"wp-block-spacer\"><\/div>\n\n\n\n<h2 class=\"wp-block-heading\"><strong>Gdy zawory i ci\u015bnienie oleju maj\u0105 znaczenie<\/strong><\/h2>\n\n\n\n<p>Maszyny i urz\u0105dzenia nap\u0119dzane przez uk\u0142ady hydrauliczne s\u0105 wsz\u0119dzie. Nap\u0119d hydrauliczny jest zazwyczaj pierwszym wyborem, gdy konieczne jest zastosowanie du\u017cej si\u0142y z precyzj\u0105, szybko\u015bci\u0105 reakcji i \u0142atwo\u015bci\u0105 obs\u0142ugi. W ka\u017cdej dziedzinie, od le\u015bnictwa po g\u00f3rnictwo, od budownictwa po rolnictwo, maszyny poruszaj\u0105 \u015bwiat \u2013 a hydraulika porusza maszyny. To w\u0142a\u015bnie w tym \u015brodowisku bezprzewodowe systemy sterowania Tele Radio zapewniaj\u0105 moc i niezawodno\u015b\u0107, aby czerpa\u0107 korzy\u015bci ze wszystkich zalet swojej maszyny. Sterowanie proporcjonalne, zintegrowana logika i informacje zwrotne dotycz\u0105ce wszystkich funkcji maszyny daj\u0105 mo\u017cliwo\u015b\u0107 \u0142atwego, bezpiecznego i wygodnego sterowania obwodami hydraulicznymi ka\u017cdej z dzisiejszych wydajnych maszyn. Je\u015bli maszyny pracuj\u0105 w niebezpiecznym \u015brodowisku, np. koparki g\u00f3rnicze lub pog\u0142\u0119biarki do staw\u00f3w chemicznych, wa\u017cne jest zachowanie bezpiecznej odleg\u0142o\u015bci od obszar\u00f3w roboczych \u2013 w tym przypadku idealnie sprawdz\u0105 si\u0119 bezprzewodowe systemy sterowania Tele Radio. Nasze systemy sterowania radiowego pozwalaj\u0105 wygodnie monitorowa\u0107 produkcj\u0119 lub proces, co nie zawsze jest mo\u017cliwe w przypadku zintegrowanego panelu sterowania. W ten spos\u00f3b operator mo\u017ce szybciej i skuteczniej reagowa\u0107. W Tele Radio jeste\u015bmy gotowi na to, by u\u0142atwi\u0107 Twoj\u0105 prac\u0119: pocz\u0105wszy od prostych funkcji w\u0142\u0105czania\/wy\u0142\u0105czania po najbardziej spersonalizowane platformy sterowania z joystickami i prze\u0142\u0105cznikami.<\/p>\n\n\n\n<div style=\"height:100px\" aria-hidden=\"true\" class=\"wp-block-spacer\"><\/div>\n\n\n\n<h2 class=\"wp-block-heading has-text-align-center\"><strong>APLIKACJE<\/strong><\/h2>\n\n\n\n<p class=\"has-text-align-center\"><em>Aby da\u0107 wyobra\u017cenie o mo\u017cliwo\u015bciach sterowa\u0144 radiowych, poni\u017cej przedstawiamy kilka przyk\u0142adowych zastosowa\u0144:<\/em><\/p>\n\n\n\n<div class=\"wp-block-columns is-layout-flex wp-container-core-columns-is-layout-9d6595d7 wp-block-columns-is-layout-flex\">\n<div class=\"wp-block-column is-layout-flow wp-block-column-is-layout-flow\">\n<div class=\"wp-block-cover is-light\"><span aria-hidden=\"true\" class=\"wp-block-cover__background has-white-background-color has-background-dim-100 has-background-dim\"><\/span><div class=\"wp-block-cover__inner-container is-layout-flow wp-block-cover-is-layout-flow\"><div class=\"wp-block-image is-style-default\">\n<figure class=\"aligncenter size-full\"><img loading=\"lazy\" decoding=\"async\" width=\"64\" height=\"64\" src=\"https:\/\/www.tele-radio.com\/app\/uploads\/trailer.png\" alt=\"\" class=\"wp-image-119260\"\/><\/figure><\/div>\n\n\n<p class=\"has-text-align-center has-black-color has-text-color\"><strong>PRZYCZEPY TRANSPORTOWE<\/strong><\/p>\n\n\n\n<p class=\"has-text-align-center has-black-color has-text-color\">Wykorzystanie zdalnego sterowania w obs\u0142udze przyczep transportowych wykorzystywanych znacznie u\u0142atwia przewo\u017cenie \u0142adunk\u00f3w. Przyk\u0142adowo, podno\u015bniki tylnej klapy mog\u0105 by\u0107 sterowane za pomoc\u0105 ma\u0142ego pilota, zamiast wbudowanego panelu sterowania. Zdalnie sterowane mog\u0105 by\u0107 r\u00f3wnie\u017c r\u00f3\u017cne systemy plandek rolowanych.<\/p>\n<\/div><\/div>\n<\/div>\n\n\n\n<div class=\"wp-block-column is-vertically-aligned-top is-layout-flow wp-block-column-is-layout-flow\">\n<div class=\"wp-block-cover is-light\"><span aria-hidden=\"true\" class=\"wp-block-cover__background has-white-background-color has-background-dim-100 has-background-dim\"><\/span><div class=\"wp-block-cover__inner-container is-layout-flow wp-block-cover-is-layout-flow\"><div class=\"wp-block-image is-style-default\">\n<figure class=\"aligncenter size-full\"><img loading=\"lazy\" decoding=\"async\" width=\"64\" height=\"64\" src=\"https:\/\/www.tele-radio.com\/app\/uploads\/equipment.png\" alt=\"\" class=\"wp-image-119284\"\/><\/figure><\/div>\n\n\n<p class=\"has-text-align-center has-black-color has-text-color\"><strong>MASZYNY \u017bNIWNE<\/strong><\/p>\n\n\n\n<p class=\"has-text-align-center has-black-color has-text-color\">Sterowanie radiowe do szerokiej gamy kombajn\u00f3w &#8211; do lucerny, czosnku, marchwi, burak\u00f3w i wielu innych. Bezprzewodowy nadajnik zdalnego sterowania Tele Radio pozwala mi\u0119dzy innymi na kontrol\u0119 pr\u0119dko\u015bci funkcji, w\u0142\u0105czanie i wy\u0142\u0105czanie funkcji, czy regulowanie ustawie\u0144 zbioru.<\/p>\n<\/div><\/div>\n<\/div>\n\n\n\n<div class=\"wp-block-column is-vertically-aligned-top is-layout-flow wp-block-column-is-layout-flow\">\n<div style=\"height:65px\" aria-hidden=\"true\" class=\"wp-block-spacer\"><\/div>\n\n\n<div class=\"wp-block-image\">\n<figure class=\"aligncenter size-full\"><img decoding=\"async\" src=\"https:\/\/www.tele-radio.com\/app\/uploads\/Excavator.png\" alt=\"\" class=\"wp-image-119322\"\/><\/figure><\/div>\n\n\n<p class=\"has-text-align-center\"><strong>KOPARKI G\u00d3RNICZE<\/strong><\/p>\n\n\n\n<p class=\"has-text-align-center\">Podczas pracy na niebezpiecznym i niestabilnym pod\u0142o\u017cy, kt\u00f3re stanowi realne zagro\u017cenie dla operatora, systemy sterowania Tele Radio mog\u0105 by\u0107 rozwi\u0105zaniem w tworzeniu bezpieczniejszego \u015brodowiska.<\/p>\n<\/div>\n<\/div>\n\n\n\n<div style=\"height:50px\" aria-hidden=\"true\" class=\"wp-block-spacer\"><\/div>\n\n\n\n<h2 class=\"wp-block-heading has-text-align-center\"><strong>APLIKACJE<\/strong><\/h2>\n\n\n\n<h3 class=\"wp-block-heading has-text-align-center\"><strong>Zgodnie z Twoimi wymaganiami dotycz\u0105cymi bezpiecze\u0144stwa i funkcjonalno\u015bci<\/strong><\/h3>\n\n\n\n<p class=\"has-text-align-center\">Wyboru w\u0142a\u015bciwego systemu sterowania radiowego do danego zastosowania najlepiej dokona\u0107 w porozumieniu z pracownikami Tele Radio. Dostarczamy r\u00f3\u017cne nadajniki o specyficznych cechach. Podczas dobierania systemu sterowania trzeba wzi\u0105\u0107 pod uwag\u0119 trzy nast\u0119puj\u0105ce kwestie:<\/p>\n\n\n\n<div class=\"wp-block-columns alignwide are-vertically-aligned-center is-layout-flex wp-container-core-columns-is-layout-9d6595d7 wp-block-columns-is-layout-flex\">\n<div class=\"wp-block-column is-layout-flow wp-block-column-is-layout-flow\" style=\"flex-basis:15%\"><div class=\"wp-block-image\">\n<figure class=\"aligncenter is-resized\"><img loading=\"lazy\" decoding=\"async\" src=\"https:\/\/www.tele-radio.com\/app\/uploads\/Safety_level_2.png\" alt=\"\" class=\"wp-image-68198\" width=\"101\" height=\"101\" srcset=\"https:\/\/www.tele-radio.com\/app\/uploads\/Safety_level_2.png 404w, https:\/\/www.tele-radio.com\/app\/uploads\/Safety_level_2-400x400.png 400w, https:\/\/www.tele-radio.com\/app\/uploads\/Safety_level_2-150x150.png 150w, https:\/\/www.tele-radio.com\/app\/uploads\/Safety_level_2-250x250.png 250w\" sizes=\"auto, (max-width: 101px) 100vw, 101px\" \/><\/figure><\/div><\/div>\n\n\n\n<div class=\"wp-block-column is-layout-flow wp-block-column-is-layout-flow\" style=\"flex-basis:85%\">\n<p style=\"font-size:18px\"><strong>Poziom bezpiecze\u0144stwa<\/strong><\/p>\n\n\n\n<p>Nasze nadajniki s\u0105 bezpieczne, a wiele z nich posiada niezale\u017cne certyfikaty bezpiecze\u0144stwa. Oznacza to, \u017ce prawid\u0142owe dzia\u0142anie przycisku awaryjnego zatrzymania zosta\u0142o przetestowane i zweryfikowane przez zewn\u0119trzn\u0105, niezale\u017cn\u0105 stron\u0119. Je\u015bli zale\u017cy ci na zminimalizowaniu ryzyka obra\u017ce\u0144 podczas u\u017cytkowania maszyn, najlepiej wybra\u0107 system sterowania z niezale\u017cnym certyfikatem bezpiecze\u0144stwa. Natomiast je\u015bli Twoja aplikacja nie zagra\u017ca bezpiecze\u0144stwu operator\u00f3w, odpowiednie b\u0119d\u0105 nadajniki bez tego certyfikatu.&nbsp;<\/p>\n<\/div>\n<\/div>\n\n\n\n<div class=\"wp-block-columns alignwide are-vertically-aligned-center is-layout-flex wp-container-core-columns-is-layout-9d6595d7 wp-block-columns-is-layout-flex\">\n<div class=\"wp-block-column is-layout-flow wp-block-column-is-layout-flow\" style=\"flex-basis:15%\"><div class=\"wp-block-image\">\n<figure class=\"aligncenter is-resized\"><img loading=\"lazy\" decoding=\"async\" src=\"https:\/\/www.tele-radio.com\/app\/uploads\/Control_element_2.png\" alt=\"\" class=\"wp-image-68176\" width=\"101\" height=\"101\" srcset=\"https:\/\/www.tele-radio.com\/app\/uploads\/Control_element_2.png 404w, https:\/\/www.tele-radio.com\/app\/uploads\/Control_element_2-400x400.png 400w, https:\/\/www.tele-radio.com\/app\/uploads\/Control_element_2-150x150.png 150w, https:\/\/www.tele-radio.com\/app\/uploads\/Control_element_2-250x250.png 250w\" sizes=\"auto, (max-width: 101px) 100vw, 101px\" \/><\/figure><\/div><\/div>\n\n\n\n<div class=\"wp-block-column is-layout-flow wp-block-column-is-layout-flow\" style=\"flex-basis:85%\">\n<p style=\"font-size:18px\"><strong>Przyciski lub joysticki<\/strong><\/p>\n\n\n\n<p>Dzi\u0119ki zastosowaniu przycisk\u00f3w, nadajnik jest bardziej por\u0119czny, ale z pewno\u015bci\u0105 nie mniej precyzyjny w sterowaniu. Przyk\u0142adowo, nadajnik z przyciskami proporcjonalnymi jest tak precyzyjny jak nadajnik typu joystick. Wciskanie przycisku proporcjonalnego g\u0142\u0119biej zwi\u0119ksza stopie\u0144 dzia\u0142ania danej funkcji. Nadajnik joystickowy jest wi\u0119kszy, ale oferuje wi\u0119cej opcji dostosowania, na przyk\u0142ad dzi\u0119ki zastosowaniu specjalnych przycisk\u00f3w, prze\u0142\u0105cznik\u00f3w i joystick\u00f3w \u0142opatkowych.<\/p>\n<\/div>\n<\/div>\n\n\n\n<div class=\"wp-block-columns alignwide is-layout-flex wp-container-core-columns-is-layout-9d6595d7 wp-block-columns-is-layout-flex\">\n<div class=\"wp-block-column is-layout-flow wp-block-column-is-layout-flow\" style=\"flex-basis:15%\"><div class=\"wp-block-image\">\n<figure class=\"aligncenter is-resized\"><img loading=\"lazy\" decoding=\"async\" src=\"https:\/\/www.tele-radio.com\/app\/uploads\/Feedback_2.png\" alt=\"\" class=\"wp-image-68223\" width=\"101\" height=\"101\" srcset=\"https:\/\/www.tele-radio.com\/app\/uploads\/Feedback_2.png 404w, https:\/\/www.tele-radio.com\/app\/uploads\/Feedback_2-400x400.png 400w, https:\/\/www.tele-radio.com\/app\/uploads\/Feedback_2-150x150.png 150w, https:\/\/www.tele-radio.com\/app\/uploads\/Feedback_2-250x250.png 250w\" sizes=\"auto, (max-width: 101px) 100vw, 101px\" \/><\/figure><\/div><\/div>\n\n\n\n<div class=\"wp-block-column is-layout-flow wp-block-column-is-layout-flow\" style=\"flex-basis:85%\">\n<p style=\"font-size:18px\"><strong>Informacja zwrotna\/Feedback<\/strong><\/p>\n\n\n\n<p>Niekt\u00f3re nadajniki mog\u0105 odbiera\u0107 informacje zwrotne od sterowanego odbiornika. W zale\u017cno\u015bci od systemu, informacje te mog\u0105 by\u0107 przekazywane za pomoc\u0105 diod LED na nadajniku lub na wy\u015bwietlaczu. Na przyk\u0142ad, podczas sterowania d\u017awigiem mo\u017cna wykorzysta\u0107 wy\u015bwietlacz do wy\u015bwietlania informacji takich jak ci\u0119\u017car podnoszonego \u0142adunku lub sygna\u0142y ostrzegawcze. Funkcja ta b\u0119dzie mia\u0142a mniejsze znaczenie w przypadku mniej skomplikowanych zada\u0144, takich jak w\u0142\u0105czanie wie\u017cy o\u015bwietleniowej lub pompy.&nbsp;<\/p>\n<\/div>\n<\/div>\n\n\n\n<div style=\"height:50px\" aria-hidden=\"true\" class=\"wp-block-spacer\"><\/div>\n\n\n<div class=\"wp-block-image is-style-default\">\n<figure class=\"aligncenter size-large is-resized\"><img loading=\"lazy\" decoding=\"async\" src=\"https:\/\/www.tele-radio.com\/app\/uploads\/\/Assortiment_2019_zonder_spiegeling_en_schaduw-1200x614.jpg\" alt=\"\" width=\"771\" height=\"394\"\/><\/figure><\/div>\n\n\n<p>Przeczytaj r\u00f3wnie\u017c <a href=\"https:\/\/www.tele-radio.com\/pl\/zastosowania\/sterowanie-radiowe-pojazdy-specjalne-i-specjalizowane\/\">Sterowanie radiowe w pojazdach specjalnych<\/a>.  <\/p>\n","protected":false},"excerpt":{"rendered":"<p>URZ\u0104DZENIA MOBILNE I HYDRAULIKA Rozwi\u0105zania dla pracuj\u0105cych na drogach Rynek urz\u0105dze\u0144 mobilnych jest ogromny i obejmuje wiele r\u00f3\u017cnych niestandardowych element\u00f3w steruj\u0105cych i unikalnych funkcji. Niekt\u00f3re popularne zastosowania obejmuj\u0105 sprz\u0119t ratowniczy, pojazdy ratownicze, windy za\u0142adowcze, pojazdy pr\u00f3\u017cniowe i \u017curawie montowane na samochodach ci\u0119\u017carowych. R\u00f3wnie\u017c mniejsze pojazdy takie jak quady, pojazdy le\u015bne i przeno\u015bne stanowiska o\u015bwietleniowe wykorzystuj\u0105ce [&hellip;]<\/p>\n","protected":false},"author":29,"featured_media":120047,"parent":0,"menu_order":0,"comment_status":"closed","ping_status":"closed","template":"","meta":{"_acf_changed":false,"footnotes":""},"class_list":["post-155655","page","type-page","status-publish","has-post-thumbnail","hentry"],"acf":[],"_links":{"self":[{"href":"https:\/\/www.tele-radio.com\/pl\/wp-json\/wp\/v2\/pages\/155655","targetHints":{"allow":["GET"]}}],"collection":[{"href":"https:\/\/www.tele-radio.com\/pl\/wp-json\/wp\/v2\/pages"}],"about":[{"href":"https:\/\/www.tele-radio.com\/pl\/wp-json\/wp\/v2\/types\/page"}],"author":[{"embeddable":true,"href":"https:\/\/www.tele-radio.com\/pl\/wp-json\/wp\/v2\/users\/29"}],"replies":[{"embeddable":true,"href":"https:\/\/www.tele-radio.com\/pl\/wp-json\/wp\/v2\/comments?post=155655"}],"version-history":[{"count":7,"href":"https:\/\/www.tele-radio.com\/pl\/wp-json\/wp\/v2\/pages\/155655\/revisions"}],"predecessor-version":[{"id":156096,"href":"https:\/\/www.tele-radio.com\/pl\/wp-json\/wp\/v2\/pages\/155655\/revisions\/156096"}],"wp:featuredmedia":[{"embeddable":true,"href":"https:\/\/www.tele-radio.com\/pl\/wp-json\/wp\/v2\/media\/120047"}],"wp:attachment":[{"href":"https:\/\/www.tele-radio.com\/pl\/wp-json\/wp\/v2\/media?parent=155655"}],"curies":[{"name":"wp","href":"https:\/\/api.w.org\/{rel}","templated":true}]}}