{"id":155647,"date":"2022-11-23T08:54:43","date_gmt":"2022-11-23T08:54:43","guid":{"rendered":"https:\/\/www.tele-radio.com\/mining-demolition-and-recycling\/"},"modified":"2023-06-01T10:54:30","modified_gmt":"2023-06-01T10:54:30","slug":"mining-demolition-and-recycling","status":"publish","type":"page","link":"https:\/\/www.tele-radio.com\/pl\/mining-demolition-and-recycling\/","title":{"rendered":"MINING, DEMOLITION AND RECYCLING"},"content":{"rendered":"\n<div style=\"height:31px\" aria-hidden=\"true\" class=\"wp-block-spacer\"><\/div>\n\n\n\n<h1 class=\"wp-block-heading has-text-align-center\">G\u00d3RNICTWO, ROZBI\u00d3RKI I RECYKLING<\/h1>\n\n\n\n<div style=\"height:26px\" aria-hidden=\"true\" class=\"wp-block-spacer\"><\/div>\n\n\n\n<div class=\"wp-block-columns is-layout-flex wp-container-core-columns-is-layout-9d6595d7 wp-block-columns-is-layout-flex\">\n<div class=\"wp-block-column is-layout-flow wp-block-column-is-layout-flow\">\n<p>Niezale\u017cnie od okoliczno\u015bci, zawsze mo\u017cesz liczy\u0107 na stabilny sygna\u0142 mi\u0119dzy nadajnikiem a maszyn\u0105.&nbsp;<\/p>\n\n\n\n<p>\u015awiat g\u00f3rnictwa, rozbi\u00f3rki i recyklingu mo\u017ce by\u0107 bardzo wymagaj\u0105cy. Obr\u00f3bka twardych materia\u0142\u00f3w wymaga u\u017cycia pot\u0119\u017cnych maszyn i doskona\u0142ego sprz\u0119tu. Zapewnienie bezpiecze\u0144stwa pracownikom ma kluczowe znaczenie.<\/p>\n\n\n\n<p>Twoi pracownicy musz\u0105 by\u0107 pewni tego, \u017ce spos\u00f3b, w jaki obs\u0142uguj\u0105 sw\u00f3j sprz\u0119t jest <strong>bezpieczny<\/strong> i \u017ce urz\u0105dzenia b\u0119d\u0105 nieprzerwanie dzia\u0142a\u0107 w <strong>zapylonych i wilgotnych warunkach<\/strong>. Tele Radio jest wi\u0119c idealnym partnerem. Dzi\u0119ki naszym nadajnikom ka\u017cda maszyna mo\u017ce by\u0107 obs\u0142ugiwana z bezpiecznej odleg\u0142o\u015bci. S\u0105 trwa\u0142e, odporne na kurz i wod\u0119 oraz dzi\u0119ki swojej elastyczno\u015bci, \u0142atwe w instalacji. Istotne jest r\u00f3wnie\u017c to, \u017ce nasi przedstawiciele na ca\u0142ym \u015bwiecie s\u0105 gotowi do pomocy technicznej, rozwi\u0105za\u0144 dostosowanych do indywidualnych potrzeb, instalacji oraz napraw. Praca nie powinna sta\u0107 w miejscu! &nbsp;<\/p>\n\n\n\n<p>Certyfikaty bezpiecze\u0144stwa naszych nadajnik\u00f3w sterowania radiowego s\u0105 zawsze niezale\u017cnie weryfikowane. W ten spos\u00f3b mo\u017cemy zapewni\u0107, \u017ce bezpiecze\u0144stwo pracownik\u00f3w jest zawsze zagwarantowane.<\/p>\n<\/div>\n\n\n\n<div class=\"wp-block-column is-layout-flow wp-block-column-is-layout-flow\" style=\"flex-basis:100px\"><\/div>\n\n\n\n<div class=\"wp-block-column is-layout-flow wp-block-column-is-layout-flow\">\n<div style=\"height:31px\" aria-hidden=\"true\" class=\"wp-block-spacer\"><\/div>\n\n\n\n<div class=\"wp-block-cover\" style=\"min-height:381px;aspect-ratio:unset;\"><span aria-hidden=\"true\" class=\"wp-block-cover__background has-black-background-color has-background-dim-20 has-background-dim\"><\/span><img loading=\"lazy\" decoding=\"async\" width=\"2400\" height=\"1597\" class=\"wp-block-cover__image-background wp-image-119410\" alt=\"\" src=\"https:\/\/www.tele-radio.com\/app\/uploads\/FM_MI_PU_0254.jpg\" style=\"object-position:34% 55%\" data-object-fit=\"cover\" data-object-position=\"34% 55%\" srcset=\"https:\/\/www.tele-radio.com\/app\/uploads\/FM_MI_PU_0254.jpg 2400w, https:\/\/www.tele-radio.com\/app\/uploads\/FM_MI_PU_0254-400x266.jpg 400w, https:\/\/www.tele-radio.com\/app\/uploads\/FM_MI_PU_0254-1200x799.jpg 1200w, https:\/\/www.tele-radio.com\/app\/uploads\/FM_MI_PU_0254-768x511.jpg 768w, https:\/\/www.tele-radio.com\/app\/uploads\/FM_MI_PU_0254-1536x1022.jpg 1536w, https:\/\/www.tele-radio.com\/app\/uploads\/FM_MI_PU_0254-2048x1363.jpg 2048w, https:\/\/www.tele-radio.com\/app\/uploads\/FM_MI_PU_0254-750x499.jpg 750w, https:\/\/www.tele-radio.com\/app\/uploads\/FM_MI_PU_0254-500x333.jpg 500w, https:\/\/www.tele-radio.com\/app\/uploads\/FM_MI_PU_0254-1600x1065.jpg 1600w, https:\/\/www.tele-radio.com\/app\/uploads\/FM_MI_PU_0254-800x532.jpg 800w\" sizes=\"auto, (max-width: 2400px) 100vw, 2400px\" \/><div class=\"wp-block-cover__inner-container is-layout-flow wp-block-cover-is-layout-flow\">\n<p class=\"has-text-align-center has-large-font-size\"><\/p>\n<\/div><\/div>\n<\/div>\n<\/div>\n\n\n\n<div style=\"height:100px\" aria-hidden=\"true\" class=\"wp-block-spacer\"><\/div>\n\n\n\n<h2 class=\"wp-block-heading has-text-align-center\"><strong>APLIKACJE<\/strong><\/h2>\n\n\n\n<p class=\"has-text-align-center\"><em>Aby da\u0107 wyobra\u017cenie o mo\u017cliwo\u015bciach sterowa\u0144 radiowych, poni\u017cej przedstawiamy kilka przyk\u0142adowych zastosowa\u0144:<\/em><\/p>\n\n\n\n<div class=\"wp-block-columns is-layout-flex wp-container-core-columns-is-layout-9d6595d7 wp-block-columns-is-layout-flex\">\n<div class=\"wp-block-column is-layout-flow wp-block-column-is-layout-flow\">\n<div class=\"wp-block-cover is-light\"><span aria-hidden=\"true\" class=\"wp-block-cover__background has-white-background-color has-background-dim-100 has-background-dim\"><\/span><div class=\"wp-block-cover__inner-container is-layout-flow wp-block-cover-is-layout-flow\"><div class=\"wp-block-image is-style-default\">\n<figure class=\"aligncenter size-full\"><img loading=\"lazy\" decoding=\"async\" width=\"64\" height=\"64\" src=\"https:\/\/www.tele-radio.com\/app\/uploads\/bulldozer.png\" alt=\"\" class=\"wp-image-119460\"\/><\/figure><\/div>\n\n\n<p class=\"has-text-align-center has-black-color has-text-color\"><strong>ZAG\u0118SZCZARKI<\/strong><\/p>\n\n\n\n<p class=\"has-text-align-center has-black-color has-text-color\">Zag\u0119szczarka jest maszyn\u0105 lub mechanizmem u\u017cywanym do zmniejszenia rozmiaru materia\u0142u, takiego jak odpady lub biomasa, poprzez ich sprasowanie w celu transportu i dalszego recyklingu, i mo\u017ce by\u0107 obs\u0142ugiwana za pomoc\u0105 zdalnego sterowania dla bezpiecze\u0144stwa operatora.<\/p>\n<\/div><\/div>\n<\/div>\n\n\n\n<div class=\"wp-block-column is-vertically-aligned-top is-layout-flow wp-block-column-is-layout-flow\">\n<div class=\"wp-block-cover is-light\"><span aria-hidden=\"true\" class=\"wp-block-cover__background has-white-background-color has-background-dim-100 has-background-dim\"><\/span><div class=\"wp-block-cover__inner-container is-layout-flow wp-block-cover-is-layout-flow\"><div class=\"wp-block-image\">\n<figure class=\"aligncenter size-full\"><img decoding=\"async\" src=\"https:\/\/www.tele-radio.com\/app\/uploads\/MINING.png\" alt=\"\" class=\"wp-image-119450\"\/><\/figure><\/div>\n\n\n<p class=\"has-text-align-center has-black-color has-text-color\"><strong>PRZENO\u015aNIKI G\u00d3RNICZE<\/strong><\/p>\n\n\n\n<p class=\"has-text-align-center has-black-color has-text-color\">Istnieje wiele rodzaj\u00f3w przeno\u015bnik\u00f3w, kt\u00f3re s\u0105 arteriami operacji wydobywczych i maj\u0105 kluczowe znaczenie w transporcie materia\u0142\u00f3w. Je\u015bli przeno\u015bniki przestaj\u0105 dzia\u0142a\u0107, przestaje dzia\u0142a\u0107 ca\u0142a kopalnia. W takich sytuacjach kluczowy jest niezawodny system zdalnego sterowania radiowego.<\/p>\n<\/div><\/div>\n<\/div>\n\n\n\n<div class=\"wp-block-column is-vertically-aligned-top is-layout-flow wp-block-column-is-layout-flow\">\n<div style=\"height:65px\" aria-hidden=\"true\" class=\"wp-block-spacer\"><\/div>\n\n\n<div class=\"wp-block-image is-style-default\">\n<figure class=\"aligncenter size-full is-resized\"><img loading=\"lazy\" decoding=\"async\" src=\"https:\/\/www.tele-radio.com\/app\/uploads\/rocks-1.png\" alt=\"\" class=\"wp-image-117910\" width=\"64\" height=\"64\"\/><\/figure><\/div>\n\n\n<p class=\"has-text-align-center\"><strong>KRUSZARKI SKA\u0141<\/strong><\/p>\n\n\n\n<p class=\"has-text-align-center\">Kruszarki do ska\u0142 i przesiewacze to du\u017ce maszyny do przetwarzania du\u017cych ska\u0142 na elementy mniejszych rozmiar\u00f3w. Zdalne sterowanie radiowe idealnie sprawdza si\u0119 do kontrolowania podstawowych funkcji tych maszyn oraz ich ruchu.<\/p>\n<\/div>\n<\/div>\n\n\n\n<div style=\"height:50px\" aria-hidden=\"true\" class=\"wp-block-spacer\"><\/div>\n\n\n\n<h2 class=\"wp-block-heading has-text-align-center\"><strong>APLIKACJE<\/strong><\/h2>\n\n\n\n<h3 class=\"wp-block-heading has-text-align-center\"><strong>Zgodnie z Twoimi wymaganiami dotycz\u0105cymi bezpiecze\u0144stwa i funkcjonalno\u015bci<\/strong><\/h3>\n\n\n\n<p class=\"has-text-align-center\">Wyboru w\u0142a\u015bciwego systemu sterowania radiowego do danego zastosowania najlepiej dokona\u0107 w porozumieniu z pracownikami Tele Radio. Dostarczamy r\u00f3\u017cne nadajniki o specyficznych cechach. Podczas dobierania systemu sterowania trzeba wzi\u0105\u0107 pod uwag\u0119 trzy nast\u0119puj\u0105ce kwestie:<\/p>\n\n\n\n<div class=\"wp-block-columns alignwide are-vertically-aligned-center is-layout-flex wp-container-core-columns-is-layout-9d6595d7 wp-block-columns-is-layout-flex\">\n<div class=\"wp-block-column is-layout-flow wp-block-column-is-layout-flow\" style=\"flex-basis:15%\"><div class=\"wp-block-image\">\n<figure class=\"aligncenter is-resized\"><img loading=\"lazy\" decoding=\"async\" src=\"https:\/\/www.tele-radio.com\/app\/uploads\/Safety_level_2.png\" alt=\"\" class=\"wp-image-68198\" width=\"101\" height=\"101\" srcset=\"https:\/\/www.tele-radio.com\/app\/uploads\/Safety_level_2.png 404w, https:\/\/www.tele-radio.com\/app\/uploads\/Safety_level_2-400x400.png 400w, https:\/\/www.tele-radio.com\/app\/uploads\/Safety_level_2-150x150.png 150w, https:\/\/www.tele-radio.com\/app\/uploads\/Safety_level_2-250x250.png 250w\" sizes=\"auto, (max-width: 101px) 100vw, 101px\" \/><\/figure><\/div><\/div>\n\n\n\n<div class=\"wp-block-column is-layout-flow wp-block-column-is-layout-flow\" style=\"flex-basis:85%\">\n<p style=\"font-size:18px\"><strong>Poziom bezpiecze\u0144stwa<\/strong><\/p>\n\n\n\n<p>Nasze nadajniki s\u0105 bezpieczne, a wiele z nich posiada niezale\u017cne certyfikaty bezpiecze\u0144stwa. Oznacza to, \u017ce prawid\u0142owe dzia\u0142anie przycisku awaryjnego zatrzymania zosta\u0142o przetestowane i zweryfikowane przez zewn\u0119trzn\u0105, niezale\u017cn\u0105 stron\u0119. Je\u015bli zale\u017cy ci na zminimalizowaniu ryzyka obra\u017ce\u0144 podczas u\u017cytkowania maszyn, najlepiej wybra\u0107 system sterowania z niezale\u017cnym certyfikatem bezpiecze\u0144stwa. Natomiast je\u015bli Twoja aplikacja nie zagra\u017ca bezpiecze\u0144stwu operator\u00f3w, odpowiednie b\u0119d\u0105 nadajniki bez tego certyfikatu.&nbsp;<\/p>\n<\/div>\n<\/div>\n\n\n\n<div class=\"wp-block-columns alignwide are-vertically-aligned-center is-layout-flex wp-container-core-columns-is-layout-9d6595d7 wp-block-columns-is-layout-flex\">\n<div class=\"wp-block-column is-layout-flow wp-block-column-is-layout-flow\" style=\"flex-basis:15%\"><div class=\"wp-block-image\">\n<figure class=\"aligncenter is-resized\"><img loading=\"lazy\" decoding=\"async\" src=\"https:\/\/www.tele-radio.com\/app\/uploads\/Control_element_2.png\" alt=\"\" class=\"wp-image-68176\" width=\"101\" height=\"101\" srcset=\"https:\/\/www.tele-radio.com\/app\/uploads\/Control_element_2.png 404w, https:\/\/www.tele-radio.com\/app\/uploads\/Control_element_2-400x400.png 400w, https:\/\/www.tele-radio.com\/app\/uploads\/Control_element_2-150x150.png 150w, https:\/\/www.tele-radio.com\/app\/uploads\/Control_element_2-250x250.png 250w\" sizes=\"auto, (max-width: 101px) 100vw, 101px\" \/><\/figure><\/div><\/div>\n\n\n\n<div class=\"wp-block-column is-layout-flow wp-block-column-is-layout-flow\" style=\"flex-basis:85%\">\n<p style=\"font-size:18px\"><strong>Przyciski lub joysticki<\/strong><\/p>\n\n\n\n<p>Dzi\u0119ki zastosowaniu przycisk\u00f3w, nadajnik jest bardziej por\u0119czny, ale z pewno\u015bci\u0105 nie mniej precyzyjny w sterowaniu. Przyk\u0142adowo, nadajnik z przyciskami proporcjonalnymi jest tak precyzyjny jak nadajnik typu joystick. Wciskanie przycisku proporcjonalnego g\u0142\u0119biej zwi\u0119ksza stopie\u0144 dzia\u0142ania danej funkcji. Nadajnik joystickowy jest wi\u0119kszy, ale oferuje wi\u0119cej opcji dostosowania, na przyk\u0142ad dzi\u0119ki zastosowaniu specjalnych przycisk\u00f3w, prze\u0142\u0105cznik\u00f3w i joystick\u00f3w \u0142opatkowych.<\/p>\n<\/div>\n<\/div>\n\n\n\n<div class=\"wp-block-columns alignwide is-layout-flex wp-container-core-columns-is-layout-9d6595d7 wp-block-columns-is-layout-flex\">\n<div class=\"wp-block-column is-layout-flow wp-block-column-is-layout-flow\" style=\"flex-basis:15%\"><div class=\"wp-block-image\">\n<figure class=\"aligncenter is-resized\"><img loading=\"lazy\" decoding=\"async\" src=\"https:\/\/www.tele-radio.com\/app\/uploads\/Feedback_2.png\" alt=\"\" class=\"wp-image-68223\" width=\"101\" height=\"101\" srcset=\"https:\/\/www.tele-radio.com\/app\/uploads\/Feedback_2.png 404w, https:\/\/www.tele-radio.com\/app\/uploads\/Feedback_2-400x400.png 400w, https:\/\/www.tele-radio.com\/app\/uploads\/Feedback_2-150x150.png 150w, https:\/\/www.tele-radio.com\/app\/uploads\/Feedback_2-250x250.png 250w\" sizes=\"auto, (max-width: 101px) 100vw, 101px\" \/><\/figure><\/div><\/div>\n\n\n\n<div class=\"wp-block-column is-layout-flow wp-block-column-is-layout-flow\" style=\"flex-basis:85%\">\n<p style=\"font-size:18px\"><strong>Informacja zwrotna\/Feedback<\/strong><\/p>\n\n\n\n<p>Niekt\u00f3re nadajniki mog\u0105 odbiera\u0107 informacje zwrotne od sterowanego odbiornika. W zale\u017cno\u015bci od systemu, informacje te mog\u0105 by\u0107 przekazywane za pomoc\u0105 diod LED na nadajniku lub na wy\u015bwietlaczu. Na przyk\u0142ad, podczas sterowania d\u017awigiem mo\u017cna wykorzysta\u0107 wy\u015bwietlacz do wy\u015bwietlania informacji takich jak ci\u0119\u017car podnoszonego \u0142adunku lub sygna\u0142y ostrzegawcze. Funkcja ta b\u0119dzie mia\u0142a mniejsze znaczenie w przypadku mniej skomplikowanych zada\u0144, takich jak w\u0142\u0105czanie wie\u017cy o\u015bwietleniowej lub pompy.&nbsp;<\/p>\n<\/div>\n<\/div>\n\n\n\n<div style=\"height:50px\" aria-hidden=\"true\" class=\"wp-block-spacer\"><\/div>\n\n\n<div class=\"wp-block-image is-style-default\">\n<figure class=\"aligncenter size-large is-resized\"><img loading=\"lazy\" decoding=\"async\" src=\"https:\/\/www.tele-radio.com\/app\/uploads\/\/Assortiment_2019_zonder_spiegeling_en_schaduw-1200x614.jpg\" alt=\"\" width=\"771\" height=\"394\"\/><\/figure><\/div>\n\n\n<p>Przeczytaj r\u00f3wnie\u017c <a href=\"https:\/\/www.tele-radio.com\/pl\/zastosowania\/sterowanie-radiowe-gornictwo\/\">Sterowanie radiowe w g\u00f3rnictwie<\/a> oraz <a href=\"https:\/\/www.tele-radio.com\/pl\/zastosowania\/sterowanie-radiowe-maszyny-do-recyklingu\/\">Sterowanie radiowe w maszynach do recyklingu<\/a><\/p>\n","protected":false},"excerpt":{"rendered":"<p>G\u00d3RNICTWO, ROZBI\u00d3RKI I RECYKLING Niezale\u017cnie od okoliczno\u015bci, zawsze mo\u017cesz liczy\u0107 na stabilny sygna\u0142 mi\u0119dzy nadajnikiem a maszyn\u0105.&nbsp; \u015awiat g\u00f3rnictwa, rozbi\u00f3rki i recyklingu mo\u017ce by\u0107 bardzo wymagaj\u0105cy. Obr\u00f3bka twardych materia\u0142\u00f3w wymaga u\u017cycia pot\u0119\u017cnych maszyn i doskona\u0142ego sprz\u0119tu. Zapewnienie bezpiecze\u0144stwa pracownikom ma kluczowe znaczenie. Twoi pracownicy musz\u0105 by\u0107 pewni tego, \u017ce spos\u00f3b, w jaki obs\u0142uguj\u0105 sw\u00f3j sprz\u0119t [&hellip;]<\/p>\n","protected":false},"author":29,"featured_media":0,"parent":0,"menu_order":0,"comment_status":"closed","ping_status":"closed","template":"","meta":{"_acf_changed":false,"footnotes":""},"class_list":["post-155647","page","type-page","status-publish","hentry"],"acf":[],"_links":{"self":[{"href":"https:\/\/www.tele-radio.com\/pl\/wp-json\/wp\/v2\/pages\/155647","targetHints":{"allow":["GET"]}}],"collection":[{"href":"https:\/\/www.tele-radio.com\/pl\/wp-json\/wp\/v2\/pages"}],"about":[{"href":"https:\/\/www.tele-radio.com\/pl\/wp-json\/wp\/v2\/types\/page"}],"author":[{"embeddable":true,"href":"https:\/\/www.tele-radio.com\/pl\/wp-json\/wp\/v2\/users\/29"}],"replies":[{"embeddable":true,"href":"https:\/\/www.tele-radio.com\/pl\/wp-json\/wp\/v2\/comments?post=155647"}],"version-history":[{"count":7,"href":"https:\/\/www.tele-radio.com\/pl\/wp-json\/wp\/v2\/pages\/155647\/revisions"}],"predecessor-version":[{"id":156098,"href":"https:\/\/www.tele-radio.com\/pl\/wp-json\/wp\/v2\/pages\/155647\/revisions\/156098"}],"wp:attachment":[{"href":"https:\/\/www.tele-radio.com\/pl\/wp-json\/wp\/v2\/media?parent=155647"}],"curies":[{"name":"wp","href":"https:\/\/api.w.org\/{rel}","templated":true}]}}