{"id":154709,"date":"2022-11-23T08:20:05","date_gmt":"2022-11-23T08:20:05","guid":{"rendered":"https:\/\/www.tele-radio.com\/marine-offshore\/"},"modified":"2023-06-01T09:41:25","modified_gmt":"2023-06-01T09:41:25","slug":"marine-offshore","status":"publish","type":"page","link":"https:\/\/www.tele-radio.com\/pl\/marine-offshore\/","title":{"rendered":"MARINE &#038; OFFSHORE"},"content":{"rendered":"\n<div style=\"height:31px\" aria-hidden=\"true\" class=\"wp-block-spacer\"><\/div>\n\n\n\n<h1 class=\"wp-block-heading has-text-align-center\">PRZEMYS\u0141 MORSKI<\/h1>\n\n\n\n<div style=\"height:26px\" aria-hidden=\"true\" class=\"wp-block-spacer\"><\/div>\n\n\n\n<div class=\"wp-block-columns is-layout-flex wp-container-core-columns-is-layout-9d6595d7 wp-block-columns-is-layout-flex\">\n<div class=\"wp-block-column is-layout-flow wp-block-column-is-layout-flow\">\n<h2 class=\"wp-block-heading\">Wspieramy sektor morski<\/h2>\n\n\n\n<p>Tele Radio dostarcza rozwi\u0105zania dla wszystkich obszar\u00f3w sektora morskiego, niezale\u017cnie od tego, czy posiadasz ma\u0142\u0105 prywatn\u0105 jednostk\u0119, czy du\u017cy statek. Istnieje wiele r\u00f3\u017cnych zastosowa\u0144 dla sterowania radiowego na \u0142odziach lub statkach na rzekach, deltach i morzach. Przyk\u0142adowo, dostarczamy rozwi\u0105zania do suwnic bramowych, trap, \u015bwiate\u0142, kotwic, wci\u0105garek, trym podp\u00f3r i wielu innych. Podobnie jak w innych obszarach, systemy sterowania radiowego r\u00f3wnie\u017c tutaj sprawiaj\u0105, \u017ce b\u0119dziesz tam, gdzie musisz by\u0107, a nie przykuty do miejsca, gdzie znajduje si\u0119 panel sterowania. Czasami konieczno\u015b\u0107 pozostania w kabinie operatora mo\u017ce oznacza\u0107 trudno\u015bci z dobr\u0105 widoczno\u015bci\u0105 na wykonywan\u0105 operacj\u0119, co niesie ze sob\u0105 ryzyko wypadku lub ograniczenie produktywno\u015bci.<\/p>\n<\/div>\n\n\n\n<div class=\"wp-block-column is-layout-flow wp-block-column-is-layout-flow\" style=\"flex-basis:100px\"><\/div>\n\n\n\n<div class=\"wp-block-column is-layout-flow wp-block-column-is-layout-flow\">\n<div style=\"height:31px\" aria-hidden=\"true\" class=\"wp-block-spacer\"><\/div>\n\n\n\n<div class=\"wp-block-cover\" style=\"min-height:368px;aspect-ratio:unset;\"><span aria-hidden=\"true\" class=\"wp-block-cover__background has-black-background-color has-background-dim-20 has-background-dim\"><\/span><img loading=\"lazy\" decoding=\"async\" width=\"2048\" height=\"1365\" class=\"wp-block-cover__image-background wp-image-116065\" alt=\"\" src=\"https:\/\/www.tele-radio.com\/app\/uploads\/FL_LC_PU_0002.jpg\" style=\"object-position:45% 59%\" data-object-fit=\"cover\" data-object-position=\"45% 59%\" srcset=\"https:\/\/www.tele-radio.com\/app\/uploads\/FL_LC_PU_0002.jpg 2048w, https:\/\/www.tele-radio.com\/app\/uploads\/FL_LC_PU_0002-400x267.jpg 400w, https:\/\/www.tele-radio.com\/app\/uploads\/FL_LC_PU_0002-1200x800.jpg 1200w, https:\/\/www.tele-radio.com\/app\/uploads\/FL_LC_PU_0002-768x512.jpg 768w, https:\/\/www.tele-radio.com\/app\/uploads\/FL_LC_PU_0002-1536x1024.jpg 1536w, https:\/\/www.tele-radio.com\/app\/uploads\/FL_LC_PU_0002-750x500.jpg 750w, https:\/\/www.tele-radio.com\/app\/uploads\/FL_LC_PU_0002-500x333.jpg 500w, https:\/\/www.tele-radio.com\/app\/uploads\/FL_LC_PU_0002-1600x1066.jpg 1600w, https:\/\/www.tele-radio.com\/app\/uploads\/FL_LC_PU_0002-800x533.jpg 800w\" sizes=\"auto, (max-width: 2048px) 100vw, 2048px\" \/><div class=\"wp-block-cover__inner-container is-layout-flow wp-block-cover-is-layout-flow\">\n<p class=\"has-text-align-center has-large-font-size\"><\/p>\n<\/div><\/div>\n<\/div>\n<\/div>\n\n\n\n<div style=\"height:100px\" aria-hidden=\"true\" class=\"wp-block-spacer\"><\/div>\n\n\n\n<h2 class=\"wp-block-heading has-text-align-center\"><strong>APLIKACJE<\/strong><\/h2>\n\n\n\n<p class=\"has-text-align-center\"><em>Aby da\u0107 wyobra\u017cenie o mo\u017cliwo\u015bciach sterowa\u0144 radiowych, poni\u017cej przedstawiamy kilka przyk\u0142adowych zastosowa\u0144:<\/em><\/p>\n\n\n\n<div class=\"wp-block-columns is-layout-flex wp-container-core-columns-is-layout-9d6595d7 wp-block-columns-is-layout-flex\">\n<div class=\"wp-block-column is-layout-flow wp-block-column-is-layout-flow\">\n<div class=\"wp-block-cover is-light\"><span aria-hidden=\"true\" class=\"wp-block-cover__background has-white-background-color has-background-dim-100 has-background-dim\"><\/span><div class=\"wp-block-cover__inner-container is-layout-flow wp-block-cover-is-layout-flow\"><div class=\"wp-block-image is-style-default\">\n<figure class=\"aligncenter size-full\"><img loading=\"lazy\" decoding=\"async\" width=\"64\" height=\"64\" src=\"https:\/\/www.tele-radio.com\/app\/uploads\/ladder.png\" alt=\"\" class=\"wp-image-119185\"\/><\/figure><\/div>\n\n\n<p class=\"has-text-align-center has-black-color has-text-color\"><strong>TRAPY<\/strong><\/p>\n\n\n\n<p class=\"has-text-align-center has-black-color has-text-color\">Elektrycznie sterowane trapy do \u0142odzi i jednostek p\u0142ywaj\u0105cych znacznie zyskuj\u0105 na zdalnym sterowaniu. Wygodnie podno\u015b lub opuszczaj trap z dok\u00f3w, dok\u0142adnie wtedy, gdy jest to potrzebne.<\/p>\n<\/div><\/div>\n<\/div>\n\n\n\n<div class=\"wp-block-column is-vertically-aligned-top is-layout-flow wp-block-column-is-layout-flow\">\n<div class=\"wp-block-cover is-light\"><span aria-hidden=\"true\" class=\"wp-block-cover__background has-white-background-color has-background-dim-100 has-background-dim\"><\/span><div class=\"wp-block-cover__inner-container is-layout-flow wp-block-cover-is-layout-flow\"><div class=\"wp-block-image is-style-default\">\n<figure class=\"aligncenter size-full\"><img loading=\"lazy\" decoding=\"async\" width=\"64\" height=\"64\" src=\"https:\/\/www.tele-radio.com\/app\/uploads\/lamp.png\" alt=\"\" class=\"wp-image-119209\"\/><\/figure><\/div>\n\n\n<p class=\"has-text-align-center has-black-color has-text-color\"><strong>\u015aWIAT\u0141A<\/strong><\/p>\n\n\n\n<p class=\"has-text-align-center has-black-color has-text-color\">Zdalnie sterowana mo\u017cliwo\u015b\u0107 w\u0142\u0105czania i wy\u0142\u0105czania \u015bwiate\u0142 podczas poruszania si\u0119 po statku jest \u0142atwa w osi\u0105gni\u0119ciu. Je\u015bli masz wi\u0119kszy statek, personel mo\u017ce posiada\u0107 swoje w\u0142asne piloty, co u\u0142atwi im zaspokajanie potrzeb go\u015bci.<\/p>\n<\/div><\/div>\n<\/div>\n\n\n\n<div class=\"wp-block-column is-vertically-aligned-top is-layout-flow wp-block-column-is-layout-flow\">\n<div style=\"height:65px\" aria-hidden=\"true\" class=\"wp-block-spacer\"><\/div>\n\n\n<div class=\"wp-block-image is-style-default\">\n<figure class=\"aligncenter size-full\"><img loading=\"lazy\" decoding=\"async\" width=\"64\" height=\"64\" src=\"https:\/\/www.tele-radio.com\/app\/uploads\/cruise.png\" alt=\"\" class=\"wp-image-119233\"\/><\/figure><\/div>\n\n\n<p class=\"has-text-align-center\"><strong>POG\u0141\u0118BIARKI<\/strong><\/p>\n\n\n\n<p class=\"has-text-align-center\">Pog\u0142\u0119biarki w obszarach niebezpiecznych i pog\u0142\u0119biarki czyszcz\u0105ce z elementami hydraulicznymi wymagaj\u0105 specjalnych system\u00f3w zdalnego sterowania, kt\u00f3re mog\u0105 obs\u0142ugiwa\u0107 sterowanie zaworami. Obszar ten jest dobrze obs\u0142ugiwany przez Tele Radio. Lista punkt\u00f3w kontrolnych mo\u017ce obejmowa\u0107 sprz\u0119t do wykop\u00f3w, pontony stabilizuj\u0105ce, frezy \u015blimakowe lub r\u00f3\u017cne typy d\u017awig\u00f3w.<\/p>\n<\/div>\n<\/div>\n\n\n\n<div style=\"height:50px\" aria-hidden=\"true\" class=\"wp-block-spacer\"><\/div>\n\n\n\n<h2 class=\"wp-block-heading has-text-align-center\"><strong>APLIKACJE<\/strong><\/h2>\n\n\n\n<h3 class=\"wp-block-heading has-text-align-center\"><strong>Zgodnie z Twoimi wymaganiami dotycz\u0105cymi bezpiecze\u0144stwa i funkcjonalno\u015bci<\/strong><\/h3>\n\n\n\n<p class=\"has-text-align-center\">Wyboru w\u0142a\u015bciwego systemu sterowania radiowego do danego zastosowania najlepiej dokona\u0107 w porozumieniu z pracownikami Tele Radio. Dostarczamy r\u00f3\u017cne nadajniki o specyficznych cechach. Podczas dobierania systemu sterowania trzeba wzi\u0105\u0107 pod uwag\u0119 trzy nast\u0119puj\u0105ce kwestie:<\/p>\n\n\n\n<div class=\"wp-block-columns alignwide are-vertically-aligned-center is-layout-flex wp-container-core-columns-is-layout-9d6595d7 wp-block-columns-is-layout-flex\">\n<div class=\"wp-block-column is-layout-flow wp-block-column-is-layout-flow\" style=\"flex-basis:15%\"><div class=\"wp-block-image\">\n<figure class=\"aligncenter is-resized\"><img loading=\"lazy\" decoding=\"async\" src=\"https:\/\/www.tele-radio.com\/app\/uploads\/Safety_level_2.png\" alt=\"\" class=\"wp-image-68198\" width=\"101\" height=\"101\" srcset=\"https:\/\/www.tele-radio.com\/app\/uploads\/Safety_level_2.png 404w, https:\/\/www.tele-radio.com\/app\/uploads\/Safety_level_2-400x400.png 400w, https:\/\/www.tele-radio.com\/app\/uploads\/Safety_level_2-150x150.png 150w, https:\/\/www.tele-radio.com\/app\/uploads\/Safety_level_2-250x250.png 250w\" sizes=\"auto, (max-width: 101px) 100vw, 101px\" \/><\/figure><\/div><\/div>\n\n\n\n<div class=\"wp-block-column is-layout-flow wp-block-column-is-layout-flow\" style=\"flex-basis:85%\">\n<p style=\"font-size:18px\"><strong>Poziom bezpiecze\u0144stwa<\/strong><\/p>\n\n\n\n<p>Nasze nadajniki s\u0105 bezpieczne, a wiele z nich posiada niezale\u017cne certyfikaty bezpiecze\u0144stwa. Oznacza to, \u017ce prawid\u0142owe dzia\u0142anie przycisku awaryjnego zatrzymania zosta\u0142o przetestowane i zweryfikowane przez zewn\u0119trzn\u0105, niezale\u017cn\u0105 stron\u0119. Je\u015bli zale\u017cy ci na zminimalizowaniu ryzyka obra\u017ce\u0144 podczas u\u017cytkowania maszyn, najlepiej wybra\u0107 system sterowania z niezale\u017cnym certyfikatem bezpiecze\u0144stwa. Natomiast je\u015bli Twoja aplikacja nie zagra\u017ca bezpiecze\u0144stwu operator\u00f3w, odpowiednie b\u0119d\u0105 nadajniki bez tego certyfikatu.&nbsp;<\/p>\n<\/div>\n<\/div>\n\n\n\n<div class=\"wp-block-columns alignwide are-vertically-aligned-center is-layout-flex wp-container-core-columns-is-layout-9d6595d7 wp-block-columns-is-layout-flex\">\n<div class=\"wp-block-column is-layout-flow wp-block-column-is-layout-flow\" style=\"flex-basis:15%\"><div class=\"wp-block-image\">\n<figure class=\"aligncenter is-resized\"><img loading=\"lazy\" decoding=\"async\" src=\"https:\/\/www.tele-radio.com\/app\/uploads\/Control_element_2.png\" alt=\"\" class=\"wp-image-68176\" width=\"101\" height=\"101\" srcset=\"https:\/\/www.tele-radio.com\/app\/uploads\/Control_element_2.png 404w, https:\/\/www.tele-radio.com\/app\/uploads\/Control_element_2-400x400.png 400w, https:\/\/www.tele-radio.com\/app\/uploads\/Control_element_2-150x150.png 150w, https:\/\/www.tele-radio.com\/app\/uploads\/Control_element_2-250x250.png 250w\" sizes=\"auto, (max-width: 101px) 100vw, 101px\" \/><\/figure><\/div><\/div>\n\n\n\n<div class=\"wp-block-column is-layout-flow wp-block-column-is-layout-flow\" style=\"flex-basis:85%\">\n<p style=\"font-size:18px\"><strong>Przyciski lub joysticki<\/strong><\/p>\n\n\n\n<p>Dzi\u0119ki zastosowaniu przycisk\u00f3w, nadajnik jest bardziej por\u0119czny, ale z pewno\u015bci\u0105 nie mniej precyzyjny w sterowaniu. Przyk\u0142adowo, nadajnik z przyciskami proporcjonalnymi jest tak precyzyjny jak nadajnik typu joystick. Wciskanie przycisku proporcjonalnego g\u0142\u0119biej zwi\u0119ksza stopie\u0144 dzia\u0142ania danej funkcji. Nadajnik joystickowy jest wi\u0119kszy, ale oferuje wi\u0119cej opcji dostosowania, na przyk\u0142ad dzi\u0119ki zastosowaniu specjalnych przycisk\u00f3w, prze\u0142\u0105cznik\u00f3w i joystick\u00f3w \u0142opatkowych.<\/p>\n<\/div>\n<\/div>\n\n\n\n<div class=\"wp-block-columns alignwide is-layout-flex wp-container-core-columns-is-layout-9d6595d7 wp-block-columns-is-layout-flex\">\n<div class=\"wp-block-column is-layout-flow wp-block-column-is-layout-flow\" style=\"flex-basis:15%\"><div class=\"wp-block-image\">\n<figure class=\"aligncenter is-resized\"><img loading=\"lazy\" decoding=\"async\" src=\"https:\/\/www.tele-radio.com\/app\/uploads\/Feedback_2.png\" alt=\"\" class=\"wp-image-68223\" width=\"101\" height=\"101\" srcset=\"https:\/\/www.tele-radio.com\/app\/uploads\/Feedback_2.png 404w, https:\/\/www.tele-radio.com\/app\/uploads\/Feedback_2-400x400.png 400w, https:\/\/www.tele-radio.com\/app\/uploads\/Feedback_2-150x150.png 150w, https:\/\/www.tele-radio.com\/app\/uploads\/Feedback_2-250x250.png 250w\" sizes=\"auto, (max-width: 101px) 100vw, 101px\" \/><\/figure><\/div><\/div>\n\n\n\n<div class=\"wp-block-column is-layout-flow wp-block-column-is-layout-flow\" style=\"flex-basis:85%\">\n<p style=\"font-size:18px\"><strong>Informacja zwrotna\/Feedback<\/strong><\/p>\n\n\n\n<p>Niekt\u00f3re nadajniki mog\u0105 odbiera\u0107 informacje zwrotne od sterowanego odbiornika. W zale\u017cno\u015bci od systemu, informacje te mog\u0105 by\u0107 przekazywane za pomoc\u0105 diod LED na nadajniku lub na wy\u015bwietlaczu. Na przyk\u0142ad, podczas sterowania d\u017awigiem mo\u017cna wykorzysta\u0107 wy\u015bwietlacz do wy\u015bwietlania informacji takich jak ci\u0119\u017car podnoszonego \u0142adunku lub sygna\u0142y ostrzegawcze. Funkcja ta b\u0119dzie mia\u0142a mniejsze znaczenie w przypadku mniej skomplikowanych zada\u0144, takich jak w\u0142\u0105czanie wie\u017cy o\u015bwietleniowej lub pompy.&nbsp;<\/p>\n<\/div>\n<\/div>\n\n\n\n<div style=\"height:50px\" aria-hidden=\"true\" class=\"wp-block-spacer\"><\/div>\n\n\n<div class=\"wp-block-image is-style-default\">\n<figure class=\"aligncenter size-large is-resized\"><img loading=\"lazy\" decoding=\"async\" src=\"https:\/\/www.tele-radio.com\/app\/uploads\/\/Assortiment_2019_zonder_spiegeling_en_schaduw-1200x614.jpg\" alt=\"\" width=\"771\" height=\"394\"\/><\/figure><\/div>\n\n\n<p>Przeczytaj r\u00f3wnie\u017c <a href=\"https:\/\/www.tele-radio.com\/pl\/zastosowania\/sterowanie-radiowe-przemysl-morski\/\">Sterowanie radiowe w przemy\u015ble morskim<\/a><\/p>\n","protected":false},"excerpt":{"rendered":"<p>PRZEMYS\u0141 MORSKI Wspieramy sektor morski Tele Radio dostarcza rozwi\u0105zania dla wszystkich obszar\u00f3w sektora morskiego, niezale\u017cnie od tego, czy posiadasz ma\u0142\u0105 prywatn\u0105 jednostk\u0119, czy du\u017cy statek. Istnieje wiele r\u00f3\u017cnych zastosowa\u0144 dla sterowania radiowego na \u0142odziach lub statkach na rzekach, deltach i morzach. Przyk\u0142adowo, dostarczamy rozwi\u0105zania do suwnic bramowych, trap, \u015bwiate\u0142, kotwic, wci\u0105garek, trym podp\u00f3r i wielu [&hellip;]<\/p>\n","protected":false},"author":29,"featured_media":0,"parent":0,"menu_order":0,"comment_status":"closed","ping_status":"closed","template":"","meta":{"_acf_changed":false,"footnotes":""},"class_list":["post-154709","page","type-page","status-publish","hentry"],"acf":[],"_links":{"self":[{"href":"https:\/\/www.tele-radio.com\/pl\/wp-json\/wp\/v2\/pages\/154709","targetHints":{"allow":["GET"]}}],"collection":[{"href":"https:\/\/www.tele-radio.com\/pl\/wp-json\/wp\/v2\/pages"}],"about":[{"href":"https:\/\/www.tele-radio.com\/pl\/wp-json\/wp\/v2\/types\/page"}],"author":[{"embeddable":true,"href":"https:\/\/www.tele-radio.com\/pl\/wp-json\/wp\/v2\/users\/29"}],"replies":[{"embeddable":true,"href":"https:\/\/www.tele-radio.com\/pl\/wp-json\/wp\/v2\/comments?post=154709"}],"version-history":[{"count":4,"href":"https:\/\/www.tele-radio.com\/pl\/wp-json\/wp\/v2\/pages\/154709\/revisions"}],"predecessor-version":[{"id":156052,"href":"https:\/\/www.tele-radio.com\/pl\/wp-json\/wp\/v2\/pages\/154709\/revisions\/156052"}],"wp:attachment":[{"href":"https:\/\/www.tele-radio.com\/pl\/wp-json\/wp\/v2\/media?parent=154709"}],"curies":[{"name":"wp","href":"https:\/\/api.w.org\/{rel}","templated":true}]}}