{"id":154688,"date":"2022-10-04T07:34:05","date_gmt":"2022-10-04T07:34:05","guid":{"rendered":"https:\/\/www.tele-radio.com\/industrial-machines\/"},"modified":"2023-06-01T09:25:02","modified_gmt":"2023-06-01T09:25:02","slug":"industrial-machines","status":"publish","type":"page","link":"https:\/\/www.tele-radio.com\/pl\/industrial-machines\/","title":{"rendered":"INDUSTRIAL &#038; MACHINES"},"content":{"rendered":"\n<h1 class=\"wp-block-heading has-text-align-center\">PRZEMYS\u0141 I MASZYNY<\/h1>\n\n\n\n<div style=\"height:82px\" aria-hidden=\"true\" class=\"wp-block-spacer\"><\/div>\n\n\n\n<div class=\"wp-block-columns is-layout-flex wp-container-core-columns-is-layout-9d6595d7 wp-block-columns-is-layout-flex\">\n<div class=\"wp-block-column is-layout-flow wp-block-column-is-layout-flow\">\n<h2 class=\"wp-block-heading\">Zr\u00f3\u017cnicowany rynek<\/h2>\n\n\n\n<p>Sektor przemys\u0142owy obejmuje wiele r\u00f3\u017cnych obszar\u00f3w dzia\u0142alno\u015bci &#8211; od kruszarek ska\u0142, przez produkcj\u0119 stali, po przeno\u015bniki ta\u015bmowe w magazynach. Nasze relacje z klientami pracuj\u0105cymi w tych obszarach s\u0105 d\u0142ugotrwa\u0142e, co dowodzi naszej gotowo\u015bci do oferowania specjalistycznych rozwi\u0105za\u0144 i wsparcia, niezb\u0119dnych w sektorze przemys\u0142owym. Wk\u0142adamy wiele wysi\u0142ku w tworzenie wytrzyma\u0142ych i bezpiecznych produkt\u00f3w, dzi\u0119ki czemu jeste\u015bmy w stanie sprosta\u0107 wysokim wymaganiom bezpiecze\u0144stwa w przemy\u015ble. Produkty Tele Radio s\u0105 solidne i potrafi\u0105 znie\u015b\u0107 ci\u0119\u017ckie warunki. Ewentualna wymiana komponent\u00f3w urz\u0105dzenia jest bardzo \u0142atwa.<\/p>\n<\/div>\n\n\n\n<div class=\"wp-block-column is-layout-flow wp-block-column-is-layout-flow\" style=\"flex-basis:100px\"><\/div>\n\n\n\n<div class=\"wp-block-column is-layout-flow wp-block-column-is-layout-flow\">\n<div class=\"wp-block-cover\" style=\"min-height:549px;aspect-ratio:unset;\"><span aria-hidden=\"true\" class=\"wp-block-cover__background has-background-dim-20 has-background-dim\"><\/span><img loading=\"lazy\" decoding=\"async\" width=\"1597\" height=\"2400\" class=\"wp-block-cover__image-background wp-image-98938\" alt=\"\" src=\"https:\/\/www.tele-radio.com\/app\/uploads\/FM_LC_PN_0026.jpg\" data-object-fit=\"cover\" srcset=\"https:\/\/www.tele-radio.com\/app\/uploads\/FM_LC_PN_0026.jpg 1597w, https:\/\/www.tele-radio.com\/app\/uploads\/FM_LC_PN_0026-266x400.jpg 266w, https:\/\/www.tele-radio.com\/app\/uploads\/FM_LC_PN_0026-799x1200.jpg 799w, https:\/\/www.tele-radio.com\/app\/uploads\/FM_LC_PN_0026-768x1154.jpg 768w, https:\/\/www.tele-radio.com\/app\/uploads\/FM_LC_PN_0026-1022x1536.jpg 1022w, https:\/\/www.tele-radio.com\/app\/uploads\/FM_LC_PN_0026-1363x2048.jpg 1363w, https:\/\/www.tele-radio.com\/app\/uploads\/FM_LC_PN_0026-499x750.jpg 499w, https:\/\/www.tele-radio.com\/app\/uploads\/FM_LC_PN_0026-333x500.jpg 333w, https:\/\/www.tele-radio.com\/app\/uploads\/FM_LC_PN_0026-1065x1600.jpg 1065w, https:\/\/www.tele-radio.com\/app\/uploads\/FM_LC_PN_0026-532x800.jpg 532w\" sizes=\"auto, (max-width: 1597px) 100vw, 1597px\" \/><div class=\"wp-block-cover__inner-container is-layout-flow wp-block-cover-is-layout-flow\">\n<p class=\"has-text-align-center has-large-font-size\"><\/p>\n<\/div><\/div>\n<\/div>\n<\/div>\n\n\n\n<div style=\"height:100px\" aria-hidden=\"true\" class=\"wp-block-spacer\"><\/div>\n\n\n\n<h2 class=\"wp-block-heading has-text-align-center\"><strong>APLIKACJE<\/strong><\/h2>\n\n\n\n<p class=\"has-text-align-center\"><em>Aby da\u0107 wyobra\u017cenie o mo\u017cliwo\u015bciach sterowa\u0144 radiowych, poni\u017cej przedstawiamy kilka przyk\u0142adowych zastosowa\u0144:<\/em><\/p>\n\n\n\n<div class=\"wp-block-columns is-layout-flex wp-container-core-columns-is-layout-9d6595d7 wp-block-columns-is-layout-flex\">\n<div class=\"wp-block-column is-layout-flow wp-block-column-is-layout-flow\">\n<div class=\"wp-block-cover is-light\"><span aria-hidden=\"true\" class=\"wp-block-cover__background has-white-background-color has-background-dim-100 has-background-dim\"><\/span><div class=\"wp-block-cover__inner-container is-layout-flow wp-block-cover-is-layout-flow\"><div class=\"wp-block-image is-style-default\">\n<figure class=\"aligncenter size-full is-resized\"><img loading=\"lazy\" decoding=\"async\" src=\"https:\/\/www.tele-radio.com\/app\/uploads\/silo-1.png\" alt=\"\" class=\"wp-image-117864\" width=\"71\" height=\"71\"\/><\/figure><\/div>\n\n\n<p class=\"has-text-align-center has-black-color has-text-color\"><strong>POKRYWY SILOS\u00d3W<\/strong><\/p>\n\n\n\n<p class=\"has-text-align-center has-black-color has-text-color\">Silosy zaciskowe mog\u0105 posiada\u0107 systemy przykrywaj\u0105ce, kt\u00f3re przemieszczaj\u0105 si\u0119 wzd\u0142u\u017c silosu, zwykle sk\u0142adaj\u0105ce si\u0119 z szyny, wci\u0105garki i systemu portalowego. Mo\u017cna nimi \u0142atwo sterowa\u0107 z ci\u0105gnika za pomoc\u0105 pilota zdalnego sterowania. Eliminuje to potrzeb\u0119 wysiadania z pojazdu, by skorzysta\u0107 z panelu sterowania w silosie.<\/p>\n<\/div><\/div>\n<\/div>\n\n\n\n<div class=\"wp-block-column is-vertically-aligned-top is-layout-flow wp-block-column-is-layout-flow\">\n<div class=\"wp-block-cover is-light\"><span aria-hidden=\"true\" class=\"wp-block-cover__background has-white-background-color has-background-dim-100 has-background-dim\"><\/span><div class=\"wp-block-cover__inner-container is-layout-flow wp-block-cover-is-layout-flow\"><div class=\"wp-block-image is-style-default\">\n<figure class=\"aligncenter size-full is-resized\"><img loading=\"lazy\" decoding=\"async\" src=\"https:\/\/www.tele-radio.com\/app\/uploads\/CONVEYOR.png\" alt=\"\" class=\"wp-image-117887\" width=\"71\" height=\"71\"\/><\/figure><\/div>\n\n\n<p class=\"has-text-align-center has-black-color has-text-color\"><strong>PRZENO\u015aNIKI TA\u015aMOWE<\/strong><\/p>\n\n\n\n<p class=\"has-text-align-center has-black-color has-text-color\">Przeno\u015bniki ta\u015bmowe do transportu produkt\u00f3w lub materia\u0142\u00f3w budowlanych, zar\u00f3wno w magazynie, kopalni, jak i przymocowane do pojazdu. Transportery te mog\u0105 by\u0107 sterowane bezprzewodowo w celu zapewnienia lepszej widoczno\u015bci i pracy z bezpiecznej odleg\u0142o\u015bci.<\/p>\n<\/div><\/div>\n<\/div>\n\n\n\n<div class=\"wp-block-column is-vertically-aligned-top is-layout-flow wp-block-column-is-layout-flow\">\n<div style=\"height:65px\" aria-hidden=\"true\" class=\"wp-block-spacer\"><\/div>\n\n\n<div class=\"wp-block-image is-style-default\">\n<figure class=\"aligncenter size-full is-resized\"><img loading=\"lazy\" decoding=\"async\" src=\"https:\/\/www.tele-radio.com\/app\/uploads\/rocks-1.png\" alt=\"\" class=\"wp-image-117910\" width=\"71\" height=\"71\"\/><\/figure><\/div>\n\n\n<p class=\"has-text-align-center\"><strong>KRUSZARKI SKA\u0141<\/strong><\/p>\n\n\n\n<p class=\"has-text-align-center\">Kruszarki do ska\u0142 i przesiewacze to du\u017ce maszyny do przetwarzania du\u017cych ska\u0142 na elementy mniejszych rozmiar\u00f3w. Zdalne sterowanie radiowe idealnie sprawdza si\u0119 do kontrolowania podstawowych funkcji tych maszyn oraz ich ruchu.<\/p>\n<\/div>\n<\/div>\n\n\n\n<div style=\"height:50px\" aria-hidden=\"true\" class=\"wp-block-spacer\"><\/div>\n\n\n\n<h2 class=\"wp-block-heading has-text-align-center\"><strong>APLIKACJE<\/strong><\/h2>\n\n\n\n<h3 class=\"wp-block-heading has-text-align-center\"><strong>Zgodnie z Twoimi wymaganiami dotycz\u0105cymi bezpiecze\u0144stwa i funkcjonalno\u015bci<\/strong><\/h3>\n\n\n\n<p class=\"has-text-align-center\">Wyboru w\u0142a\u015bciwego systemu sterowania radiowego do danego zastosowania najlepiej dokona\u0107 w porozumieniu z pracownikami Tele Radio. Dostarczamy r\u00f3\u017cne nadajniki o specyficznych cechach. Podczas dobierania systemu sterowania trzeba wzi\u0105\u0107 pod uwag\u0119 trzy nast\u0119puj\u0105ce kwestie:<\/p>\n\n\n\n<div class=\"wp-block-columns alignwide are-vertically-aligned-center is-layout-flex wp-container-core-columns-is-layout-9d6595d7 wp-block-columns-is-layout-flex\">\n<div class=\"wp-block-column is-layout-flow wp-block-column-is-layout-flow\" style=\"flex-basis:15%\"><div class=\"wp-block-image\">\n<figure class=\"aligncenter is-resized\"><img loading=\"lazy\" decoding=\"async\" src=\"https:\/\/www.tele-radio.com\/app\/uploads\/Safety_level_2.png\" alt=\"\" class=\"wp-image-68198\" width=\"101\" height=\"101\" srcset=\"https:\/\/www.tele-radio.com\/app\/uploads\/Safety_level_2.png 404w, https:\/\/www.tele-radio.com\/app\/uploads\/Safety_level_2-400x400.png 400w, https:\/\/www.tele-radio.com\/app\/uploads\/Safety_level_2-150x150.png 150w, https:\/\/www.tele-radio.com\/app\/uploads\/Safety_level_2-250x250.png 250w\" sizes=\"auto, (max-width: 101px) 100vw, 101px\" \/><\/figure><\/div><\/div>\n\n\n\n<div class=\"wp-block-column is-layout-flow wp-block-column-is-layout-flow\" style=\"flex-basis:85%\">\n<p style=\"font-size:18px\"><strong>Poziom bezpiecze\u0144stwa<\/strong><\/p>\n\n\n\n<p>Nasze nadajniki s\u0105 bezpieczne, a wiele z nich posiada niezale\u017cne certyfikaty bezpiecze\u0144stwa. Oznacza to, \u017ce prawid\u0142owe dzia\u0142anie przycisku awaryjnego zatrzymania zosta\u0142o przetestowane i zweryfikowane przez zewn\u0119trzn\u0105, niezale\u017cn\u0105 stron\u0119. Je\u015bli zale\u017cy ci na zminimalizowaniu ryzyka obra\u017ce\u0144 podczas u\u017cytkowania maszyn, najlepiej wybra\u0107 system sterowania z niezale\u017cnym certyfikatem bezpiecze\u0144stwa. Natomiast je\u015bli Twoja aplikacja nie zagra\u017ca bezpiecze\u0144stwu operator\u00f3w, odpowiednie b\u0119d\u0105 nadajniki bez tego certyfikatu.&nbsp;<\/p>\n<\/div>\n<\/div>\n\n\n\n<div class=\"wp-block-columns alignwide are-vertically-aligned-center is-layout-flex wp-container-core-columns-is-layout-9d6595d7 wp-block-columns-is-layout-flex\">\n<div class=\"wp-block-column is-layout-flow wp-block-column-is-layout-flow\" style=\"flex-basis:15%\"><div class=\"wp-block-image\">\n<figure class=\"aligncenter is-resized\"><img loading=\"lazy\" decoding=\"async\" src=\"https:\/\/www.tele-radio.com\/app\/uploads\/Control_element_2.png\" alt=\"\" class=\"wp-image-68176\" width=\"101\" height=\"101\" srcset=\"https:\/\/www.tele-radio.com\/app\/uploads\/Control_element_2.png 404w, https:\/\/www.tele-radio.com\/app\/uploads\/Control_element_2-400x400.png 400w, https:\/\/www.tele-radio.com\/app\/uploads\/Control_element_2-150x150.png 150w, https:\/\/www.tele-radio.com\/app\/uploads\/Control_element_2-250x250.png 250w\" sizes=\"auto, (max-width: 101px) 100vw, 101px\" \/><\/figure><\/div><\/div>\n\n\n\n<div class=\"wp-block-column is-layout-flow wp-block-column-is-layout-flow\" style=\"flex-basis:85%\">\n<p style=\"font-size:18px\"><strong>Przyciski lub joysticki<\/strong><\/p>\n\n\n\n<p>Dzi\u0119ki zastosowaniu przycisk\u00f3w, nadajnik jest bardziej por\u0119czny, ale z pewno\u015bci\u0105 nie mniej precyzyjny w sterowaniu. Przyk\u0142adowo, nadajnik z przyciskami proporcjonalnymi jest tak precyzyjny jak nadajnik typu joystick. Wciskanie przycisku proporcjonalnego g\u0142\u0119biej zwi\u0119ksza stopie\u0144 dzia\u0142ania danej funkcji. Nadajnik joystickowy jest wi\u0119kszy, ale oferuje wi\u0119cej opcji dostosowania, na przyk\u0142ad dzi\u0119ki zastosowaniu specjalnych przycisk\u00f3w, prze\u0142\u0105cznik\u00f3w i joystick\u00f3w \u0142opatkowych.<\/p>\n<\/div>\n<\/div>\n\n\n\n<div class=\"wp-block-columns alignwide is-layout-flex wp-container-core-columns-is-layout-9d6595d7 wp-block-columns-is-layout-flex\">\n<div class=\"wp-block-column is-layout-flow wp-block-column-is-layout-flow\" style=\"flex-basis:15%\"><div class=\"wp-block-image\">\n<figure class=\"aligncenter is-resized\"><img loading=\"lazy\" decoding=\"async\" src=\"https:\/\/www.tele-radio.com\/app\/uploads\/Feedback_2.png\" alt=\"\" class=\"wp-image-68223\" width=\"101\" height=\"101\" srcset=\"https:\/\/www.tele-radio.com\/app\/uploads\/Feedback_2.png 404w, https:\/\/www.tele-radio.com\/app\/uploads\/Feedback_2-400x400.png 400w, https:\/\/www.tele-radio.com\/app\/uploads\/Feedback_2-150x150.png 150w, https:\/\/www.tele-radio.com\/app\/uploads\/Feedback_2-250x250.png 250w\" sizes=\"auto, (max-width: 101px) 100vw, 101px\" \/><\/figure><\/div><\/div>\n\n\n\n<div class=\"wp-block-column is-layout-flow wp-block-column-is-layout-flow\" style=\"flex-basis:85%\">\n<p style=\"font-size:18px\"><strong>Informacja zwrotna\/Feedback<\/strong><\/p>\n\n\n\n<p>Niekt\u00f3re nadajniki mog\u0105 odbiera\u0107 informacje zwrotne od sterowanego odbiornika. W zale\u017cno\u015bci od systemu, informacje te mog\u0105 by\u0107 przekazywane za pomoc\u0105 diod LED na nadajniku lub na wy\u015bwietlaczu. Na przyk\u0142ad, podczas sterowania d\u017awigiem mo\u017cna wykorzysta\u0107 wy\u015bwietlacz do wy\u015bwietlania informacji takich jak ci\u0119\u017car podnoszonego \u0142adunku lub sygna\u0142y ostrzegawcze. Funkcja ta b\u0119dzie mia\u0142a mniejsze znaczenie w przypadku mniej skomplikowanych zada\u0144, takich jak w\u0142\u0105czanie wie\u017cy o\u015bwietleniowej lub pompy.&nbsp;<\/p>\n<\/div>\n<\/div>\n\n\n\n<p>Przeczytaj r\u00f3wnie\u017c <a href=\"https:\/\/www.tele-radio.com\/pl\/zastosowania\/sterowanie-radiowe-maszyny-przemyslowe\/\">Sterowanie radiowe w maszynach przemys\u0142owych<\/a><\/p>\n","protected":false},"excerpt":{"rendered":"<p>PRZEMYS\u0141 I MASZYNY Zr\u00f3\u017cnicowany rynek Sektor przemys\u0142owy obejmuje wiele r\u00f3\u017cnych obszar\u00f3w dzia\u0142alno\u015bci &#8211; od kruszarek ska\u0142, przez produkcj\u0119 stali, po przeno\u015bniki ta\u015bmowe w magazynach. Nasze relacje z klientami pracuj\u0105cymi w tych obszarach s\u0105 d\u0142ugotrwa\u0142e, co dowodzi naszej gotowo\u015bci do oferowania specjalistycznych rozwi\u0105za\u0144 i wsparcia, niezb\u0119dnych w sektorze przemys\u0142owym. Wk\u0142adamy wiele wysi\u0142ku w tworzenie wytrzyma\u0142ych i [&hellip;]<\/p>\n","protected":false},"author":29,"featured_media":0,"parent":0,"menu_order":0,"comment_status":"closed","ping_status":"closed","template":"","meta":{"_acf_changed":false,"footnotes":""},"class_list":["post-154688","page","type-page","status-publish","hentry"],"acf":[],"_links":{"self":[{"href":"https:\/\/www.tele-radio.com\/pl\/wp-json\/wp\/v2\/pages\/154688","targetHints":{"allow":["GET"]}}],"collection":[{"href":"https:\/\/www.tele-radio.com\/pl\/wp-json\/wp\/v2\/pages"}],"about":[{"href":"https:\/\/www.tele-radio.com\/pl\/wp-json\/wp\/v2\/types\/page"}],"author":[{"embeddable":true,"href":"https:\/\/www.tele-radio.com\/pl\/wp-json\/wp\/v2\/users\/29"}],"replies":[{"embeddable":true,"href":"https:\/\/www.tele-radio.com\/pl\/wp-json\/wp\/v2\/comments?post=154688"}],"version-history":[{"count":4,"href":"https:\/\/www.tele-radio.com\/pl\/wp-json\/wp\/v2\/pages\/154688\/revisions"}],"predecessor-version":[{"id":156042,"href":"https:\/\/www.tele-radio.com\/pl\/wp-json\/wp\/v2\/pages\/154688\/revisions\/156042"}],"wp:attachment":[{"href":"https:\/\/www.tele-radio.com\/pl\/wp-json\/wp\/v2\/media?parent=154688"}],"curies":[{"name":"wp","href":"https:\/\/api.w.org\/{rel}","templated":true}]}}