{"id":154678,"date":"2022-04-13T12:14:51","date_gmt":"2022-04-13T12:14:51","guid":{"rendered":"https:\/\/www.tele-radio.com\/agriculture\/"},"modified":"2023-06-01T09:12:39","modified_gmt":"2023-06-01T09:12:39","slug":"agriculture","status":"publish","type":"page","link":"https:\/\/www.tele-radio.com\/pl\/agriculture\/","title":{"rendered":"AGRICULTURE"},"content":{"rendered":"\n<div style=\"height:31px\" aria-hidden=\"true\" class=\"wp-block-spacer\"><\/div>\n\n\n\n<h1 class=\"wp-block-heading has-text-align-center\">ROLNICTWO<\/h1>\n\n\n\n<div style=\"height:26px\" aria-hidden=\"true\" class=\"wp-block-spacer\"><\/div>\n\n\n\n<div class=\"wp-block-columns is-layout-flex wp-container-core-columns-is-layout-9d6595d7 wp-block-columns-is-layout-flex\">\n<div class=\"wp-block-column is-layout-flow wp-block-column-is-layout-flow\">\n<h2 class=\"wp-block-heading\">Ma\u0142e gospodarstwo czy rolnictwo na du\u017c\u0105 skal\u0119?<\/h2>\n\n\n\n<p>Niezale\u017cnie od tego, czy pracujesz w ma\u0142ym rodzinnym gospodarstwie, czy zarz\u0105dzasz dziesi\u0105tkami tysi\u0119cy akr\u00f3w, jeste\u015bmy w stanie zaproponowa\u0107 rozwi\u0105zania, kt\u00f3re zwi\u0119ksz\u0105 wydajno\u015b\u0107 Twojej pracy. Nasze sterowania radiowe sprawdza\u0142y si\u0119 ju\u017c w wielu r\u00f3\u017cnych aplikacjach, od zintegrowanych z wag\u0105 podajnik\u00f3w nasion lub nawoz\u00f3w, po sterowany z kabiny osprz\u0119t do ci\u0105gnik\u00f3w. Bezprzewodowe zdalne sterowanie oznacza \u0142atwo\u015b\u0107 instalacji, trwa\u0142o\u015b\u0107 i wyj\u0105tkow\u0105 kontrol\u0119. Niesie ze sob\u0105 tak\u017ce wiele korzy\u015bci dla dzisiejszego rolnictwa i wszystkiego co z nim zwi\u0105zane, bez ryzyka utraty bezpiecze\u0144stwa.<\/p>\n\n\n\n<p><br>Wraz z pojawiaj\u0105c\u0105 si\u0119 w kabinach coraz bardziej zaawansowan\u0105 technologi\u0105 funkcjonalnych paneli kontrolnych, pojawia si\u0119 potrzeba integracji GPS, system\u00f3w laserowych, rejestracji i transferu danych oraz wielu innych aspekt\u00f3w z precyzj\u0105 element\u00f3w steruj\u0105cych operatora &#8211; wszystko po to, by jak najbardziej zwi\u0119kszy\u0107 wydajno\u015b\u0107.<\/p>\n\n\n\n<p><br>W tym w\u0142a\u015bnie pomagaj\u0105 rozwi\u0105zania zdalnego sterowania Tele Radio. Chcesz mie\u0107 lepszy widok na swoje narz\u0119dzie podczas pracy, a mo\u017ce po prostu chcesz uchroni\u0107 si\u0119 przed warunkami atmosferycznymi, takimi jak deszcz, wiatr, czy s\u0142o\u0144ce? Pozw\u00f3l nam pom\u00f3c ci zoptymalizowa\u0107 Twoje maszyny i zapewni\u0107 ergonomiczny komfort podczas d\u0142ugich i ci\u0119\u017ckich dni pracy na roli.&nbsp;<\/p>\n\n\n\n<p><br>Obs\u0142uguj dowolny element sprz\u0119tu rolniczego lub osprz\u0119tu ci\u0105gnika, wykorzystuj\u0105c sterowanie proporcjonalne lub cyfrowe. Integruj czujniki wagowe, automatyk\u0119, systemy zarz\u0105dzania danymi. Dostosuj sw\u00f3j sprz\u0119t, aby zmaksymalizowa\u0107 swoj\u0105 wydajno\u015b\u0107 dzi\u0119ki rozwi\u0105zaniom zdalnego sterowania radiowego Tele Radio dla rolnictwa.<\/p>\n<\/div>\n\n\n\n<div class=\"wp-block-column is-layout-flow wp-block-column-is-layout-flow\" style=\"flex-basis:100px\"><\/div>\n\n\n\n<div class=\"wp-block-column is-layout-flow wp-block-column-is-layout-flow\">\n<div style=\"height:31px\" aria-hidden=\"true\" class=\"wp-block-spacer\"><\/div>\n\n\n\n<div class=\"wp-block-cover\" style=\"min-height:788px;aspect-ratio:unset;\"><span aria-hidden=\"true\" class=\"wp-block-cover__background has-black-background-color has-background-dim-20 has-background-dim\"><\/span><img loading=\"lazy\" decoding=\"async\" width=\"1602\" height=\"2400\" class=\"wp-block-cover__image-background wp-image-98510\" alt=\"\" src=\"https:\/\/www.tele-radio.com\/app\/uploads\/FM_MI_PN_0086.jpg\" style=\"object-position:62% 56%\" data-object-fit=\"cover\" data-object-position=\"62% 56%\" srcset=\"https:\/\/www.tele-radio.com\/app\/uploads\/FM_MI_PN_0086.jpg 1602w, https:\/\/www.tele-radio.com\/app\/uploads\/FM_MI_PN_0086-267x400.jpg 267w, https:\/\/www.tele-radio.com\/app\/uploads\/FM_MI_PN_0086-801x1200.jpg 801w, https:\/\/www.tele-radio.com\/app\/uploads\/FM_MI_PN_0086-768x1151.jpg 768w, https:\/\/www.tele-radio.com\/app\/uploads\/FM_MI_PN_0086-1025x1536.jpg 1025w, https:\/\/www.tele-radio.com\/app\/uploads\/FM_MI_PN_0086-1367x2048.jpg 1367w, https:\/\/www.tele-radio.com\/app\/uploads\/FM_MI_PN_0086-501x750.jpg 501w, https:\/\/www.tele-radio.com\/app\/uploads\/FM_MI_PN_0086-334x500.jpg 334w, https:\/\/www.tele-radio.com\/app\/uploads\/FM_MI_PN_0086-1068x1600.jpg 1068w, https:\/\/www.tele-radio.com\/app\/uploads\/FM_MI_PN_0086-534x800.jpg 534w\" sizes=\"auto, (max-width: 1602px) 100vw, 1602px\" \/><div class=\"wp-block-cover__inner-container is-layout-flow wp-block-cover-is-layout-flow\">\n<p class=\"has-text-align-center has-large-font-size\"><\/p>\n<\/div><\/div>\n<\/div>\n<\/div>\n\n\n\n<div style=\"height:100px\" aria-hidden=\"true\" class=\"wp-block-spacer\"><\/div>\n\n\n\n<h2 class=\"wp-block-heading has-text-align-center\"><strong>APLIKACJE<\/strong><\/h2>\n\n\n\n<p class=\"has-text-align-center\"><em>Aby da\u0107 wyobra\u017cenie o mo\u017cliwo\u015bciach sterowa\u0144 radiowych, poni\u017cej przedstawiamy kilka przyk\u0142adowych zastosowa\u0144:<\/em><\/p>\n\n\n\n<div class=\"wp-block-columns are-vertically-aligned-top is-layout-flex wp-container-core-columns-is-layout-9d6595d7 wp-block-columns-is-layout-flex\">\n<div class=\"wp-block-column is-vertically-aligned-top is-layout-flow wp-block-column-is-layout-flow\">\n<div class=\"wp-block-cover is-light\"><span aria-hidden=\"true\" class=\"wp-block-cover__background has-white-background-color has-background-dim-100 has-background-dim\"><\/span><div class=\"wp-block-cover__inner-container is-layout-flow wp-block-cover-is-layout-flow\"><div class=\"wp-block-image is-style-default\">\n<figure class=\"aligncenter size-full is-resized\"><img decoding=\"async\" src=\"https:\/\/www.tele-radio.com\/app\/uploads\/harvester-1.png\" alt=\"\" class=\"wp-image-117791\" width=\"64\"\/><\/figure><\/div>\n\n\n<p class=\"has-text-align-center has-black-color has-text-color\"><strong>MASZYNY \u017bNIWNE<\/strong><\/p>\n\n\n\n<p class=\"has-text-align-center has-black-color has-text-color\">Sterowanie radiowe do szerokiej gamy kombajn\u00f3w &#8211; do lucerny, czosnku, marchwi, burak\u00f3w i wielu innych. Bezprzewodowy nadajnik zdalnego sterowania Tele Radio pozwala mi\u0119dzy innymi na kontrol\u0119 pr\u0119dko\u015bci funkcji, w\u0142\u0105czanie i wy\u0142\u0105czanie funkcji, czy regulowanie ustawie\u0144 zbioru.<\/p>\n<\/div><\/div>\n<\/div>\n\n\n\n<div class=\"wp-block-column is-vertically-aligned-top is-layout-flow wp-block-column-is-layout-flow\">\n<div class=\"wp-block-cover is-light\"><span aria-hidden=\"true\" class=\"wp-block-cover__background has-white-background-color has-background-dim-100 has-background-dim\"><\/span><div class=\"wp-block-cover__inner-container is-layout-flow wp-block-cover-is-layout-flow\"><div class=\"wp-block-image is-style-default\">\n<figure class=\"aligncenter size-full is-resized\"><img loading=\"lazy\" decoding=\"async\" src=\"https:\/\/www.tele-radio.com\/app\/uploads\/CONVEYOR.png\" alt=\"\" class=\"wp-image-117887\" width=\"71\" height=\"71\"\/><\/figure><\/div>\n\n\n<p class=\"has-text-align-center has-black-color has-text-color\"><strong>URZ\u0104DZENIA DO TRANSPORTU BEL<\/strong><\/p>\n\n\n\n<p class=\"has-text-align-center has-black-color has-text-color\">Nadajniki Tele Radio s\u0105 wytrzyma\u0142e, trwa\u0142e i gotowe na wiele wyzwa\u0144. Bezprzewodowe sterowanie pozwala obs\u0142ugiwa\u0107 takie funkcje jak podnoszenie, rozwijanie i transport bel do placu sk\u0142adowego lub do miejsca do karmienia. Funkcjonalno\u015b\u0107 naszych sterowa\u0144 pozwala na stworzenie rozwi\u0105zania idealnie dostosowanego do potrzeb i pozwala na obserwacj\u0119 dokonanych prac.<\/p>\n<\/div><\/div>\n<\/div>\n\n\n\n<div class=\"wp-block-column is-vertically-aligned-top is-layout-flow wp-block-column-is-layout-flow\">\n<div style=\"height:65px\" aria-hidden=\"true\" class=\"wp-block-spacer\"><\/div>\n\n\n<div class=\"wp-block-image is-style-default\">\n<figure class=\"aligncenter size-full is-resized\"><img loading=\"lazy\" decoding=\"async\" src=\"https:\/\/www.tele-radio.com\/app\/uploads\/sprout.png\" alt=\"\" class=\"wp-image-117837\" width=\"64\" height=\"64\"\/><\/figure><\/div>\n\n\n<p class=\"has-text-align-center\"><strong>MASZYNY DO PRZETWARZANIA NASION<\/strong><\/p>\n\n\n\n<p class=\"has-text-align-center\">Niezale\u017cnie od tego, czy chodzi o wa\u017cenie, automatyk\u0119, czy sterowanie prostymi funkcjami przez operatora, nadajniki Tele Radio zapewniaj\u0105 solidn\u0105 i intuicyjn\u0105 kontrol\u0119 nad maszyn\u0105. Nasze systemy sterowania radiowego pozwalaj\u0105 na bezpieczn\u0105 prac\u0119 na polu lub na hali przez tysi\u0105ce godzin. Skontaktuj si\u0119 z nami ju\u017c dzi\u015b, aby dowiedzie\u0107 si\u0119 o mo\u017cliwo\u015bciach zastosowania bezprzewodowego sterowania radiowego w Twoich maszynach rolniczych.<\/p>\n<\/div>\n<\/div>\n\n\n\n<div style=\"height:50px\" aria-hidden=\"true\" class=\"wp-block-spacer\"><\/div>\n\n\n\n<h2 class=\"wp-block-heading has-text-align-center\"><strong>APLIKACJE<\/strong><\/h2>\n\n\n\n<h3 class=\"wp-block-heading has-text-align-center\"><strong>Zgodnie z Twoimi wymaganiami dotycz\u0105cymi bezpiecze\u0144stwa i funkcjonalno\u015bci<\/strong><\/h3>\n\n\n\n<p class=\"has-text-align-center\">Wyboru w\u0142a\u015bciwego systemu sterowania radiowego do danego zastosowania najlepiej dokona\u0107 w porozumieniu z pracownikami Tele Radio. Dostarczamy r\u00f3\u017cne nadajniki o specyficznych cechach. Podczas dobierania systemu sterowania trzeba wzi\u0105\u0107 pod uwag\u0119 trzy nast\u0119puj\u0105ce kwestie:<\/p>\n\n\n\n<div class=\"wp-block-columns alignwide are-vertically-aligned-center is-layout-flex wp-container-core-columns-is-layout-9d6595d7 wp-block-columns-is-layout-flex\">\n<div class=\"wp-block-column is-layout-flow wp-block-column-is-layout-flow\" style=\"flex-basis:15%\"><div class=\"wp-block-image\">\n<figure class=\"aligncenter is-resized\"><img loading=\"lazy\" decoding=\"async\" src=\"https:\/\/www.tele-radio.com\/app\/uploads\/Safety_level_2.png\" alt=\"\" class=\"wp-image-68198\" width=\"101\" height=\"101\" srcset=\"https:\/\/www.tele-radio.com\/app\/uploads\/Safety_level_2.png 404w, https:\/\/www.tele-radio.com\/app\/uploads\/Safety_level_2-400x400.png 400w, https:\/\/www.tele-radio.com\/app\/uploads\/Safety_level_2-150x150.png 150w, https:\/\/www.tele-radio.com\/app\/uploads\/Safety_level_2-250x250.png 250w\" sizes=\"auto, (max-width: 101px) 100vw, 101px\" \/><\/figure><\/div><\/div>\n\n\n\n<div class=\"wp-block-column is-layout-flow wp-block-column-is-layout-flow\" style=\"flex-basis:85%\">\n<p style=\"font-size:18px\"><strong>Poziom bezpiecze\u0144stwa<\/strong><\/p>\n\n\n\n<p>Nasze nadajniki s\u0105 bezpieczne, a wiele z nich posiada niezale\u017cne certyfikaty bezpiecze\u0144stwa. Oznacza to, \u017ce prawid\u0142owe dzia\u0142anie przycisku awaryjnego zatrzymania zosta\u0142o przetestowane i zweryfikowane przez zewn\u0119trzn\u0105, niezale\u017cn\u0105 stron\u0119. Je\u015bli zale\u017cy ci na zminimalizowaniu ryzyka obra\u017ce\u0144 podczas u\u017cytkowania maszyn, najlepiej wybra\u0107 system sterowania z niezale\u017cnym certyfikatem bezpiecze\u0144stwa. Natomiast je\u015bli Twoja aplikacja nie zagra\u017ca bezpiecze\u0144stwu operator\u00f3w, odpowiednie b\u0119d\u0105 nadajniki bez tego certyfikatu.&nbsp;<\/p>\n<\/div>\n<\/div>\n\n\n\n<div class=\"wp-block-columns alignwide are-vertically-aligned-center is-layout-flex wp-container-core-columns-is-layout-9d6595d7 wp-block-columns-is-layout-flex\">\n<div class=\"wp-block-column is-layout-flow wp-block-column-is-layout-flow\" style=\"flex-basis:15%\"><div class=\"wp-block-image\">\n<figure class=\"aligncenter is-resized\"><img loading=\"lazy\" decoding=\"async\" src=\"https:\/\/www.tele-radio.com\/app\/uploads\/Control_element_2.png\" alt=\"\" class=\"wp-image-68176\" width=\"101\" height=\"101\" srcset=\"https:\/\/www.tele-radio.com\/app\/uploads\/Control_element_2.png 404w, https:\/\/www.tele-radio.com\/app\/uploads\/Control_element_2-400x400.png 400w, https:\/\/www.tele-radio.com\/app\/uploads\/Control_element_2-150x150.png 150w, https:\/\/www.tele-radio.com\/app\/uploads\/Control_element_2-250x250.png 250w\" sizes=\"auto, (max-width: 101px) 100vw, 101px\" \/><\/figure><\/div><\/div>\n\n\n\n<div class=\"wp-block-column is-layout-flow wp-block-column-is-layout-flow\" style=\"flex-basis:85%\">\n<p style=\"font-size:18px\"><strong>Przyciski lub joysticki<\/strong><\/p>\n\n\n\n<p>Dzi\u0119ki zastosowaniu przycisk\u00f3w, nadajnik jest bardziej por\u0119czny, ale z pewno\u015bci\u0105 nie mniej precyzyjny w sterowaniu. Przyk\u0142adowo, nadajnik z przyciskami proporcjonalnymi jest tak precyzyjny jak nadajnik typu joystick. Wciskanie przycisku proporcjonalnego g\u0142\u0119biej zwi\u0119ksza stopie\u0144 dzia\u0142ania danej funkcji. Nadajnik joystickowy jest wi\u0119kszy, ale oferuje wi\u0119cej opcji dostosowania, na przyk\u0142ad dzi\u0119ki zastosowaniu specjalnych przycisk\u00f3w, prze\u0142\u0105cznik\u00f3w i joystick\u00f3w \u0142opatkowych.<\/p>\n<\/div>\n<\/div>\n\n\n\n<div class=\"wp-block-columns alignwide is-layout-flex wp-container-core-columns-is-layout-9d6595d7 wp-block-columns-is-layout-flex\">\n<div class=\"wp-block-column is-layout-flow wp-block-column-is-layout-flow\" style=\"flex-basis:15%\"><div class=\"wp-block-image\">\n<figure class=\"aligncenter is-resized\"><img loading=\"lazy\" decoding=\"async\" src=\"https:\/\/www.tele-radio.com\/app\/uploads\/Feedback_2.png\" alt=\"\" class=\"wp-image-68223\" width=\"101\" height=\"101\" srcset=\"https:\/\/www.tele-radio.com\/app\/uploads\/Feedback_2.png 404w, https:\/\/www.tele-radio.com\/app\/uploads\/Feedback_2-400x400.png 400w, https:\/\/www.tele-radio.com\/app\/uploads\/Feedback_2-150x150.png 150w, https:\/\/www.tele-radio.com\/app\/uploads\/Feedback_2-250x250.png 250w\" sizes=\"auto, (max-width: 101px) 100vw, 101px\" \/><\/figure><\/div><\/div>\n\n\n\n<div class=\"wp-block-column is-layout-flow wp-block-column-is-layout-flow\" style=\"flex-basis:85%\">\n<p style=\"font-size:18px\"><strong>Informacja zwrotna\/Feedback<\/strong><\/p>\n\n\n\n<p>Niekt\u00f3re nadajniki mog\u0105 odbiera\u0107 informacje zwrotne od sterowanego odbiornika. W zale\u017cno\u015bci od systemu, informacje te mog\u0105 by\u0107 przekazywane za pomoc\u0105 diod LED na nadajniku lub na wy\u015bwietlaczu. Na przyk\u0142ad, podczas sterowania d\u017awigiem mo\u017cna wykorzysta\u0107 wy\u015bwietlacz do wy\u015bwietlania informacji takich jak ci\u0119\u017car podnoszonego \u0142adunku lub sygna\u0142y ostrzegawcze. Funkcja ta b\u0119dzie mia\u0142a mniejsze znaczenie w przypadku mniej skomplikowanych zada\u0144, takich jak w\u0142\u0105czanie wie\u017cy o\u015bwietleniowej lub pompy.&nbsp;<\/p>\n<\/div>\n<\/div>\n\n\n\n<div style=\"height:50px\" aria-hidden=\"true\" class=\"wp-block-spacer\"><\/div>\n\n\n<div class=\"wp-block-image is-style-default\">\n<figure class=\"aligncenter size-large is-resized\"><img loading=\"lazy\" decoding=\"async\" src=\"https:\/\/www.tele-radio.com\/app\/uploads\/\/Assortiment_2019_zonder_spiegeling_en_schaduw-1200x614.jpg\" alt=\"\" width=\"771\" height=\"394\"\/><\/figure><\/div>\n\n\n<p>Przeczytaj r\u00f3wnie\u017c <a href=\"https:\/\/www.tele-radio.com\/pl\/zastosowania\/sterowanie-radiowe-maszyny-rolnicze\/\">Sterowanie radiowe w rolnictwie i le\u015bnictwie<\/a> <\/p>\n","protected":false},"excerpt":{"rendered":"<p>ROLNICTWO Ma\u0142e gospodarstwo czy rolnictwo na du\u017c\u0105 skal\u0119? Niezale\u017cnie od tego, czy pracujesz w ma\u0142ym rodzinnym gospodarstwie, czy zarz\u0105dzasz dziesi\u0105tkami tysi\u0119cy akr\u00f3w, jeste\u015bmy w stanie zaproponowa\u0107 rozwi\u0105zania, kt\u00f3re zwi\u0119ksz\u0105 wydajno\u015b\u0107 Twojej pracy. Nasze sterowania radiowe sprawdza\u0142y si\u0119 ju\u017c w wielu r\u00f3\u017cnych aplikacjach, od zintegrowanych z wag\u0105 podajnik\u00f3w nasion lub nawoz\u00f3w, po sterowany z kabiny osprz\u0119t [&hellip;]<\/p>\n","protected":false},"author":29,"featured_media":0,"parent":0,"menu_order":0,"comment_status":"closed","ping_status":"closed","template":"","meta":{"_acf_changed":false,"footnotes":""},"class_list":["post-154678","page","type-page","status-publish","hentry"],"acf":[],"_links":{"self":[{"href":"https:\/\/www.tele-radio.com\/pl\/wp-json\/wp\/v2\/pages\/154678","targetHints":{"allow":["GET"]}}],"collection":[{"href":"https:\/\/www.tele-radio.com\/pl\/wp-json\/wp\/v2\/pages"}],"about":[{"href":"https:\/\/www.tele-radio.com\/pl\/wp-json\/wp\/v2\/types\/page"}],"author":[{"embeddable":true,"href":"https:\/\/www.tele-radio.com\/pl\/wp-json\/wp\/v2\/users\/29"}],"replies":[{"embeddable":true,"href":"https:\/\/www.tele-radio.com\/pl\/wp-json\/wp\/v2\/comments?post=154678"}],"version-history":[{"count":8,"href":"https:\/\/www.tele-radio.com\/pl\/wp-json\/wp\/v2\/pages\/154678\/revisions"}],"predecessor-version":[{"id":156036,"href":"https:\/\/www.tele-radio.com\/pl\/wp-json\/wp\/v2\/pages\/154678\/revisions\/156036"}],"wp:attachment":[{"href":"https:\/\/www.tele-radio.com\/pl\/wp-json\/wp\/v2\/media?parent=154678"}],"curies":[{"name":"wp","href":"https:\/\/api.w.org\/{rel}","templated":true}]}}