{"id":152868,"date":"2023-04-05T11:23:47","date_gmt":"2023-04-05T11:23:47","guid":{"rendered":"https:\/\/www.tele-radio.com\/rom-bv-wereldwijde-specialist-in-hogedruk-en-vacuumtechnieken\/"},"modified":"2023-05-15T11:40:39","modified_gmt":"2023-05-15T11:40:39","slug":"rom-bv","status":"publish","type":"page","link":"https:\/\/www.tele-radio.com\/pl\/rom-bv\/","title":{"rendered":"ROM BV"},"content":{"rendered":"\n<h1 class=\"wp-block-heading\"><strong>ROM BV <\/strong><\/h1>\n\n\n\n<p><strong><a href=\"https:\/\/rombv.com\/nl\/home\">ROM BV<\/a> dzia\u0142a na ca\u0142ym \u015bwiecie jako specjalista w zakresie technik wysokoci\u015bnieniowych i pr\u00f3\u017cniowych. Firma posiada fabryki w Holandii i Czechach, w kt\u00f3rych produkuje i dostarcza sprz\u0119t czyszcz\u0105cy dla bran\u017cy profesjonalnego przemys\u0142u sprz\u0105taj\u0105cego i sektora rz\u0105dowego. Wiele produkt\u00f3w ROM BV, takich jak wysokoci\u015bnieniowe urz\u0105dzenia do czyszczenia kanalizacji i maszyny do udra\u017cniania rur, jest wyposa\u017conych w zdalne sterowanie. Klienci ROM w ka\u017cdym przypadku musz\u0105 by\u0107 w stanie polega\u0107 na niezawodnym i bezpiecznym dzia\u0142aniu u\u017cywanego urz\u0105dzenia.<\/strong>\u00a0<\/p>\n\n\n\n<p>Dzi\u0119ki bezprzewodowemu nadajnikowi klienci ROM BV ciesz\u0105 si\u0119 wi\u0119ksz\u0105 swobod\u0105 ruchu, a zachowany dystans zmniejsza ryzyko uraz\u00f3w fizycznych. Opr\u00f3cz bardziej wydajnej i bezpiecznej pracy, bezprzewodowe sterowanie radiowe do urz\u0105dze\u0144 ci\u015bnieniowych przynosi wi\u0119cej korzy\u015bci, kt\u00f3re wymieniamy poni\u017cej.<\/p>\n\n\n\n<div style=\"height:35px\" aria-hidden=\"true\" class=\"wp-block-spacer\"><\/div>\n\n\n\n<h2 class=\"has-text-align-left wp-block-heading\">Zalety zdalnego sterowania radiowego w urz\u0105dzeniach do mycia wysokoci\u015bnieniowego<\/h2>\n\n\n\n<div style=\"height:35px\" aria-hidden=\"true\" class=\"wp-block-spacer\"><\/div>\n\n\n\n<div class=\"wp-block-columns is-layout-flex wp-container-core-columns-is-layout-9d6595d7 wp-block-columns-is-layout-flex\">\n<div class=\"wp-block-column is-vertically-aligned-center is-layout-flow wp-block-column-is-layout-flow\" style=\"flex-basis:66.66%\">\n<p class=\"has-text-align-left is-style-plain\"><strong>Wydajno\u015b\u0107<\/strong><br>&#8211; Zdalna obs\u0142uga maszyny do udra\u017cniania rur kanalizacyjnych lub myjki wysokoci\u015bnieniowej pozwala zaoszcz\u0119dzi\u0107 czas i si\u0142\u0119 robocz\u0105.<br>\u200e\u3164<br><strong>Oszcz\u0119dno\u015b\u0107 koszt\u00f3w<\/strong><br>&#8211; Mo\u017cliwo\u015b\u0107 wykonania tej samej pracy przy mniejszej ilo\u015bci pracownik\u00f3w<br>\u200e\u3164<br><strong>Szczelno\u015b\u0107<\/strong><br>&#8211; Szczelno\u015b\u0107 do IP67 dla ochrony przed py\u0142em, wod\u0105 i uszkodzeniami spowodowanymi upadkiem.<br>\u3164<br><strong>Kr\u00f3tki czas prze\u0142\u0105czania<\/strong><br>&#8211; Ogranicza zu\u017cycie wody i zapobiega niepo\u017c\u0105danym zalaniom spowodowanym op\u00f3\u017anieniem w dotarciu do centrali.<br>\u3164<br><strong>Bezpiecze\u0144stwo<\/strong><br>&#8211; Urz\u0105dzenie zostaje natychmiast zatrzymane po wci\u015bni\u0119ciu <a href=\"https:\/\/www.tele-radio.com\/what-is-the-importance-of-certified-emergency-stop-on-an-industrial-remote-control\/\">certyfikowanego przycisku stop<\/a> w nadajniku, kt\u00f3ry jest niezb\u0119dny dla bezpiecze\u0144stwa i gwarantuje aktywne po\u0142\u0105czenie z odbiornikiem, spe\u0142niaj\u0105ce normy bezpiecze\u0144stwa PLd lub SIL3.<\/p>\n<\/div>\n\n\n\n<div class=\"wp-block-column is-layout-flow wp-block-column-is-layout-flow\" style=\"flex-basis:33.33%\">\n<div class=\"wp-block-cover is-light\"><span aria-hidden=\"true\" class=\"wp-block-cover__background has-background-dim-0 has-background-dim\"><\/span><img loading=\"lazy\" decoding=\"async\" width=\"1200\" height=\"1200\" class=\"wp-block-cover__image-background wp-image-139332\" alt=\"\" src=\"https:\/\/www.tele-radio.com\/app\/uploads\/\/Web_800_x_800_300dpi-5-1200x1200.jpg\" data-object-fit=\"cover\" srcset=\"https:\/\/www.tele-radio.com\/app\/uploads\/Web_800_x_800_300dpi-5-1200x1200.jpg 1200w, https:\/\/www.tele-radio.com\/app\/uploads\/Web_800_x_800_300dpi-5-400x400.jpg 400w, https:\/\/www.tele-radio.com\/app\/uploads\/Web_800_x_800_300dpi-5-150x150.jpg 150w, https:\/\/www.tele-radio.com\/app\/uploads\/Web_800_x_800_300dpi-5-768x768.jpg 768w, https:\/\/www.tele-radio.com\/app\/uploads\/Web_800_x_800_300dpi-5-1536x1536.jpg 1536w, https:\/\/www.tele-radio.com\/app\/uploads\/Web_800_x_800_300dpi-5-2048x2048.jpg 2048w, https:\/\/www.tele-radio.com\/app\/uploads\/Web_800_x_800_300dpi-5-250x250.jpg 250w, https:\/\/www.tele-radio.com\/app\/uploads\/Web_800_x_800_300dpi-5-750x750.jpg 750w, https:\/\/www.tele-radio.com\/app\/uploads\/Web_800_x_800_300dpi-5-500x500.jpg 500w, https:\/\/www.tele-radio.com\/app\/uploads\/Web_800_x_800_300dpi-5-1600x1600.jpg 1600w, https:\/\/www.tele-radio.com\/app\/uploads\/Web_800_x_800_300dpi-5-800x800.jpg 800w\" sizes=\"auto, (max-width: 1200px) 100vw, 1200px\" \/><div class=\"wp-block-cover__inner-container is-layout-flow wp-block-cover-is-layout-flow\">\n<p class=\"has-text-align-center has-large-font-size\"><\/p>\n<\/div><\/div>\n<\/div>\n<\/div>\n\n\n\n<div class=\"wp-block-group\"><div class=\"wp-block-group__inner-container is-layout-flow wp-block-group-is-layout-flow\"><\/div><\/div>\n\n\n\n<div style=\"height:55px\" aria-hidden=\"true\" class=\"wp-block-spacer\"><\/div>\n\n\n\n<div class=\"wp-block-group\"><div class=\"wp-block-group__inner-container is-layout-flow wp-block-group-is-layout-flow\">\n<div class=\"wp-block-columns has-black-background-color has-background is-layout-flex wp-container-core-columns-is-layout-9d6595d7 wp-block-columns-is-layout-flex\">\n<div class=\"wp-block-column is-layout-flow wp-block-column-is-layout-flow\">\n<figure class=\"wp-block-image size-full\"><img loading=\"lazy\" decoding=\"async\" width=\"800\" height=\"496\" src=\"https:\/\/www.tele-radio.com\/app\/uploads\/Web_ROM.jpg\" alt=\"\" class=\"wp-image-143775\" srcset=\"https:\/\/www.tele-radio.com\/app\/uploads\/Web_ROM.jpg 800w, https:\/\/www.tele-radio.com\/app\/uploads\/Web_ROM-400x248.jpg 400w, https:\/\/www.tele-radio.com\/app\/uploads\/Web_ROM-768x476.jpg 768w, https:\/\/www.tele-radio.com\/app\/uploads\/Web_ROM-750x465.jpg 750w, https:\/\/www.tele-radio.com\/app\/uploads\/Web_ROM-500x310.jpg 500w\" sizes=\"auto, (max-width: 800px) 100vw, 800px\" \/><\/figure>\n<\/div>\n\n\n\n<div class=\"wp-block-column is-vertically-aligned-center is-layout-flow wp-block-column-is-layout-flow\">\n<p class=\"has-text-align-center has-white-color has-black-background-color has-text-color has-background\" style=\"font-size:22px\">\u2018\u2019Nadajnik sterowania radiowego wydaje si\u0119 by\u0107 ma\u0142ym dodatkiem do naszych produkt\u00f3w, ale oferuje u\u017cytkownikom naszych urz\u0105dze\u0144 czyszcz\u0105cych wiele korzy\u015bci\u2019\u2019<\/p>\n<\/div>\n<\/div>\n<\/div><\/div>\n\n\n\n<div style=\"height:40px\" aria-hidden=\"true\" class=\"wp-block-spacer\"><\/div>\n\n\n\n<p>Firma ROM BV posiada wiele rodzaj\u00f3w <a href=\"https:\/\/rombv.com\/en\/rom-remote-controls?AreaID=40&amp;switchLanguage=en-GB\">narz\u0119dzi i akcesori\u00f3w<\/a> do czyszczenia kanalizacji. Nadajnik sterowania radiowego sta\u0142 si\u0119 niezb\u0119dnym narz\u0119dziem podczas udra\u017cniania i czyszczenia.<\/p>\n\n\n\n<h2 class=\"wp-block-heading\">ROM BV<\/h2>\n\n\n\n<p>Rodzinna firma ROM BV rozpocz\u0119\u0142a dzia\u0142alno\u015b\u0107 w 1980 roku. Ci\u0119\u017cko pracuje nad realizacj\u0105 swojej wizji, kt\u00f3r\u0105 jest tworzenie inteligentnych rozwi\u0105za\u0144 dla bran\u017cy us\u0142ug kanalizacyjnych i toalet przeno\u015bnych poprzez ci\u0105g\u0142e rozwijanie nowych technologii, produkt\u00f3w i metod oraz wprowadzanie ich na rynek na ca\u0142ym \u015bwiecie.&nbsp;<\/p>\n\n\n\n<p>Klienci ROM BV s\u0105 rozsiani po ca\u0142ej Europie, Azji, Afryce i Ameryce. Opr\u00f3cz biur w Holandii i Czechach, ROM wsp\u00f3\u0142pracuje z sieci\u0105 ponad 50 wyspecjalizowanych partner\u00f3w w ponad 35 krajach.<\/p>\n\n\n\n<div style=\"height:45px\" aria-hidden=\"true\" class=\"wp-block-spacer\"><\/div>\n\n\n\n<blockquote class=\"wp-block-quote has-text-align-center is-layout-flow wp-block-quote-is-layout-flow\">\n<p><strong><em><strong><em>\u2018\u2019<\/em><\/strong><\/em>Nadajnik sterowania radiowego sta\u0142 si\u0119 niezb\u0119dnym narz\u0119dziem podczas udra\u017cniania i czyszczenia.<em><strong><em>\u2019\u2019<\/em><\/strong><\/em><\/strong><\/p>\n<\/blockquote>\n\n\n\n<div style=\"height:45px\" aria-hidden=\"true\" class=\"wp-block-spacer\"><\/div>\n\n\n\n<h2 class=\"wp-block-heading\"><meta charset=\"utf-8\">TELE RADIO<\/h2>\n\n\n\n<p>Tele Radio jest dumne z bycia dostawc\u0105 sterowa\u0144 radiowych do r\u00f3\u017cnych maszyn firmy ROM BV. Wiele z naszych produkt\u00f3w posiada niezale\u017cne certyfikaty bezpiecznego zatrzymania na poziomie SIL3, PLd i PLe. Dzi\u0119ki ponad sze\u015bciesi\u0119cioletniemu do\u015bwiadczeniu posiadamy solidn\u0105 wiedz\u0119 na temat system\u00f3w sterowania radiowego i dysponujemy szerok\u0105 gam\u0105 nadajnik\u00f3w, od ma\u0142ych <a href=\"https:\/\/www.tele-radio.com\/pl\/tele-radio-posiada-szeroka-oferte-nadajnikow-przyciskowych\/\">nadajnik\u00f3w przyciskowych<\/a>, przez \u015bredniej wielko\u015bci piloty, a\u017c po <a href=\"https:\/\/www.tele-radio.com\/pl\/nadajniki-joystickowe\/\">nadajniki z manipulatorami<\/a>.<\/p>\n\n\n\n<div style=\"height:20px\" aria-hidden=\"true\" class=\"wp-block-spacer\"><\/div>\n\n\n\n<figure class=\"wp-block-image size-large\"><img loading=\"lazy\" decoding=\"async\" width=\"1200\" height=\"346\" src=\"https:\/\/www.tele-radio.com\/app\/uploads\/\/Family-photo-1200x346.jpg\" alt=\"\" class=\"wp-image-121991\" srcset=\"https:\/\/www.tele-radio.com\/app\/uploads\/Family-photo-1200x346.jpg 1200w, https:\/\/www.tele-radio.com\/app\/uploads\/Family-photo-400x115.jpg 400w, https:\/\/www.tele-radio.com\/app\/uploads\/Family-photo-768x221.jpg 768w, https:\/\/www.tele-radio.com\/app\/uploads\/Family-photo-1536x443.jpg 1536w, https:\/\/www.tele-radio.com\/app\/uploads\/Family-photo-750x216.jpg 750w, https:\/\/www.tele-radio.com\/app\/uploads\/Family-photo-500x144.jpg 500w, https:\/\/www.tele-radio.com\/app\/uploads\/Family-photo-800x231.jpg 800w, https:\/\/www.tele-radio.com\/app\/uploads\/Family-photo.jpg 1600w\" sizes=\"auto, (max-width: 1200px) 100vw, 1200px\" \/><\/figure>\n","protected":false},"excerpt":{"rendered":"<p>ROM BV ROM BV dzia\u0142a na ca\u0142ym \u015bwiecie jako specjalista w zakresie technik wysokoci\u015bnieniowych i pr\u00f3\u017cniowych. Firma posiada fabryki w Holandii i Czechach, w kt\u00f3rych produkuje i dostarcza sprz\u0119t czyszcz\u0105cy dla bran\u017cy profesjonalnego przemys\u0142u sprz\u0105taj\u0105cego i sektora rz\u0105dowego. Wiele produkt\u00f3w ROM BV, takich jak wysokoci\u015bnieniowe urz\u0105dzenia do czyszczenia kanalizacji i maszyny do udra\u017cniania rur, jest [&hellip;]<\/p>\n","protected":false},"author":87,"featured_media":143810,"parent":0,"menu_order":0,"comment_status":"closed","ping_status":"closed","template":"","meta":{"_acf_changed":false,"footnotes":""},"class_list":["post-152868","page","type-page","status-publish","has-post-thumbnail","hentry"],"acf":[],"_links":{"self":[{"href":"https:\/\/www.tele-radio.com\/pl\/wp-json\/wp\/v2\/pages\/152868","targetHints":{"allow":["GET"]}}],"collection":[{"href":"https:\/\/www.tele-radio.com\/pl\/wp-json\/wp\/v2\/pages"}],"about":[{"href":"https:\/\/www.tele-radio.com\/pl\/wp-json\/wp\/v2\/types\/page"}],"author":[{"embeddable":true,"href":"https:\/\/www.tele-radio.com\/pl\/wp-json\/wp\/v2\/users\/87"}],"replies":[{"embeddable":true,"href":"https:\/\/www.tele-radio.com\/pl\/wp-json\/wp\/v2\/comments?post=152868"}],"version-history":[{"count":6,"href":"https:\/\/www.tele-radio.com\/pl\/wp-json\/wp\/v2\/pages\/152868\/revisions"}],"predecessor-version":[{"id":152900,"href":"https:\/\/www.tele-radio.com\/pl\/wp-json\/wp\/v2\/pages\/152868\/revisions\/152900"}],"wp:featuredmedia":[{"embeddable":true,"href":"https:\/\/www.tele-radio.com\/pl\/wp-json\/wp\/v2\/media\/143810"}],"wp:attachment":[{"href":"https:\/\/www.tele-radio.com\/pl\/wp-json\/wp\/v2\/media?parent=152868"}],"curies":[{"name":"wp","href":"https:\/\/api.w.org\/{rel}","templated":true}]}}