{"id":120297,"date":"2022-12-06T09:22:33","date_gmt":"2022-12-06T09:22:33","guid":{"rendered":"https:\/\/www.tele-radio.com\/?page_id=120297"},"modified":"2025-12-03T12:49:24","modified_gmt":"2025-12-03T12:49:24","slug":"komplet-tele-radio-pns-r1521-t1921","status":"publish","type":"page","link":"https:\/\/www.tele-radio.com\/pl\/komplet-tele-radio-pns-r1521-t1921\/","title":{"rendered":"Set Tele Radio PNS-R1521-T1921"},"content":{"rendered":"\n<h2 class=\"wp-block-heading has-large-font-size\">Set PNS-R1521-T1921 &#8211; radio upravljanje za mostne dizalice<\/h2>\n\n\n\n<div style=\"height:20px\" aria-hidden=\"true\" class=\"wp-block-spacer\"><\/div>\n\n\n<div class=\"wp-block-image\">\n<figure class=\"aligncenter size-large\"><img loading=\"lazy\" decoding=\"async\" width=\"1200\" height=\"900\" src=\"https:\/\/www.tele-radio.com\/app\/uploads\/Tele-Radio-zestaw-PNS-R1521_t1921-1200x900.png\" alt=\"Zestaw sterowania radiowego Tele Radio PNS-R1521-T1921 do suwnic; nadajnik T19-2 i okablowany odbiornik R15-2\" class=\"wp-image-120618\" srcset=\"https:\/\/www.tele-radio.com\/app\/uploads\/Tele-Radio-zestaw-PNS-R1521_t1921-1200x900.png 1200w, https:\/\/www.tele-radio.com\/app\/uploads\/Tele-Radio-zestaw-PNS-R1521_t1921-400x300.png 400w, https:\/\/www.tele-radio.com\/app\/uploads\/Tele-Radio-zestaw-PNS-R1521_t1921-768x576.png 768w, https:\/\/www.tele-radio.com\/app\/uploads\/Tele-Radio-zestaw-PNS-R1521_t1921-1536x1152.png 1536w, https:\/\/www.tele-radio.com\/app\/uploads\/Tele-Radio-zestaw-PNS-R1521_t1921-2048x1536.png 2048w, https:\/\/www.tele-radio.com\/app\/uploads\/Tele-Radio-zestaw-PNS-R1521_t1921-750x563.png 750w, https:\/\/www.tele-radio.com\/app\/uploads\/Tele-Radio-zestaw-PNS-R1521_t1921-500x375.png 500w, https:\/\/www.tele-radio.com\/app\/uploads\/Tele-Radio-zestaw-PNS-R1521_t1921-1600x1200.png 1600w, https:\/\/www.tele-radio.com\/app\/uploads\/Tele-Radio-zestaw-PNS-R1521_t1921-800x600.png 800w\" sizes=\"auto, (max-width: 1200px) 100vw, 1200px\" \/><\/figure><\/div>\n\n\n<div style=\"height:30px\" aria-hidden=\"true\" class=\"wp-block-spacer\"><\/div>\n\n\n\n<p>Set <strong>PNS-R1521-T1921<\/strong> bazira se na Tele Radio proizvodima s certificiranom <strong>PLd<\/strong> funkcijom sekundarnog zaustavljanja u slu\u010daju potrebe. Jedan je od najpovoljnijih radio daljinskih upravlja\u010da takve vrste. Ure\u0111aj je iznimno prilagodljiv te se mo\u017ee jeftino pro\u0161iriti pomo\u0107u softvera.<\/p>\n\n\n\n<p><\/p>\n\n\n\n<h3 class=\"wp-block-heading\">Standardni Tele Radio sustav za daljinsko upravljanje za mostnih dizalica.<\/h3>\n\n\n\n<p><br>Tele Radio radio daljinski upravlja\u010di s PLd certifikatom posebno se preporu\u010duju za mostne dizalice, kranove, vitla i drugu opremu za podizanje tereta, ali se mogu prilagoditi gotovo svakom stroju u mnogim industrijskim sektorima. Njihova posebnost je mogu\u0107nost promjene postavki upravljanja, zamjene oda\u0161ilja\u010da ili uparivanja oda\u0161ilja\u010da s prijemnikom s razine tla. Upravlja\u010dki sustav ima unaprijed definirane funkcije podizanja i prijenosa, koje se odabiru kombinacijama tipki.\u00a0<\/p>\n\n\n\n<div style=\"height:40px\" aria-hidden=\"true\" class=\"wp-block-spacer\"><\/div>\n\n\n\n<h2 class=\"wp-block-heading has-text-align-center\">Set PNS-R1521-T1921 uklju\u010duje:<\/h2>\n\n\n\n<div style=\"height:40px\" aria-hidden=\"true\" class=\"wp-block-spacer\"><\/div>\n\n\n\n<div class=\"wp-block-columns is-layout-flex wp-container-core-columns-is-layout-9d6595d7 wp-block-columns-is-layout-flex\">\n<div class=\"wp-block-column has-background is-layout-flow wp-block-column-is-layout-flow\" style=\"background-color:#ededed\">\n<p><\/p>\n\n\n\n<p class=\"has-text-align-center has-medium-font-size\">ODA\u0160ILJA\u010c <strong>T19-2 <\/strong>SA STANDARDNOM FOLIJOM<\/p>\n\n\n<div class=\"wp-block-image\">\n<figure class=\"aligncenter size-large is-resized\"><img loading=\"lazy\" decoding=\"async\" width=\"1200\" height=\"1200\" src=\"https:\/\/www.tele-radio.com\/app\/uploads\/nadajnik-pn-t19-2-1200x1200.png\" alt=\"Nadajnik sterowania radiowego Tele Radio T19-2\" class=\"wp-image-120398\" style=\"width:300px;height:300px\" srcset=\"https:\/\/www.tele-radio.com\/app\/uploads\/nadajnik-pn-t19-2-1200x1200.png 1200w, https:\/\/www.tele-radio.com\/app\/uploads\/nadajnik-pn-t19-2-400x400.png 400w, https:\/\/www.tele-radio.com\/app\/uploads\/nadajnik-pn-t19-2-150x150.png 150w, https:\/\/www.tele-radio.com\/app\/uploads\/nadajnik-pn-t19-2-768x768.png 768w, https:\/\/www.tele-radio.com\/app\/uploads\/nadajnik-pn-t19-2-1536x1536.png 1536w, https:\/\/www.tele-radio.com\/app\/uploads\/nadajnik-pn-t19-2-250x250.png 250w, https:\/\/www.tele-radio.com\/app\/uploads\/nadajnik-pn-t19-2-750x750.png 750w, https:\/\/www.tele-radio.com\/app\/uploads\/nadajnik-pn-t19-2-500x500.png 500w, https:\/\/www.tele-radio.com\/app\/uploads\/nadajnik-pn-t19-2-1600x1600.png 1600w, https:\/\/www.tele-radio.com\/app\/uploads\/nadajnik-pn-t19-2-800x800.png 800w, https:\/\/www.tele-radio.com\/app\/uploads\/nadajnik-pn-t19-2.png 2000w\" sizes=\"auto, (max-width: 1200px) 100vw, 1200px\" \/><\/figure><\/div>\n\n\n<p class=\"has-text-align-center\"><a href=\"https:\/\/www.tele-radio.com\/pl\/products\/panther\/panther-transmitter-8x2-step-buttons-pld-cat3\/\">Stranica proizvoda<\/a><\/p>\n\n\n\n<div class=\"wp-block-columns is-layout-flex wp-container-core-columns-is-layout-9d6595d7 wp-block-columns-is-layout-flex\">\n<div class=\"wp-block-column is-layout-flow wp-block-column-is-layout-flow\" style=\"flex-basis:5%\"><\/div>\n\n\n\n<div class=\"wp-block-column is-layout-flow wp-block-column-is-layout-flow\" style=\"flex-basis:90%\">\n<ul class=\"wp-block-list\">\n<li>lagan, izdr\u017eljiv i vodootporan prema IP65 standardu<\/li>\n\n\n\n<li>8 dvostupanjskih tipki za dvije brzine i certificirana tipka za zaustavljanje u nu\u017edi<\/li>\n\n\n\n<li>Radi na 2,4 GHz, 16 kanala<\/li>\n\n\n\n<li>napaja se s 3 x LR03, 1,5 V (AAA) baterije s mogu\u0107no\u0161\u0107u kori\u0161tenja punjive Li-ion baterije<\/li>\n\n\n\n<li>opremljen programabilnim LED diodama koje, izme\u0111u ostalog, informiraju o odabiru konfiguracije master\/slave ili odre\u0111enog ure\u0111aja<\/li>\n\n\n\n<li>Mogu\u0107nost osiguranja PIN kodom i\/ili postupkom pokretanja<\/li>\n<\/ul>\n<\/div>\n\n\n\n<div class=\"wp-block-column is-layout-flow wp-block-column-is-layout-flow\" style=\"flex-basis:5%\"><\/div>\n<\/div>\n<\/div>\n\n\n\n<div class=\"wp-block-column has-background is-layout-flow wp-block-column-is-layout-flow\" style=\"background-color:#ededed\">\n<p><\/p>\n\n\n\n<p class=\"has-text-align-center has-medium-font-size\">\u017dI\u010cNI PRIJEMNIK <strong>R15-2<\/strong><\/p>\n\n\n<div class=\"wp-block-image\">\n<figure class=\"aligncenter size-large is-resized\"><img loading=\"lazy\" decoding=\"async\" width=\"1200\" height=\"1200\" src=\"https:\/\/www.tele-radio.com\/app\/uploads\/odbiornik-pn-r15-2-1200x1200.png\" alt=\"Odbiornik sterowania radiowego Tele Radio R15-2\" class=\"wp-image-120422\" style=\"width:300px;height:300px\" srcset=\"https:\/\/www.tele-radio.com\/app\/uploads\/odbiornik-pn-r15-2-1200x1200.png 1200w, https:\/\/www.tele-radio.com\/app\/uploads\/odbiornik-pn-r15-2-400x400.png 400w, https:\/\/www.tele-radio.com\/app\/uploads\/odbiornik-pn-r15-2-150x150.png 150w, https:\/\/www.tele-radio.com\/app\/uploads\/odbiornik-pn-r15-2-768x768.png 768w, https:\/\/www.tele-radio.com\/app\/uploads\/odbiornik-pn-r15-2-1536x1536.png 1536w, https:\/\/www.tele-radio.com\/app\/uploads\/odbiornik-pn-r15-2-250x250.png 250w, https:\/\/www.tele-radio.com\/app\/uploads\/odbiornik-pn-r15-2-750x750.png 750w, https:\/\/www.tele-radio.com\/app\/uploads\/odbiornik-pn-r15-2-500x500.png 500w, https:\/\/www.tele-radio.com\/app\/uploads\/odbiornik-pn-r15-2-1600x1600.png 1600w, https:\/\/www.tele-radio.com\/app\/uploads\/odbiornik-pn-r15-2-800x800.png 800w, https:\/\/www.tele-radio.com\/app\/uploads\/odbiornik-pn-r15-2.png 2000w\" sizes=\"auto, (max-width: 1200px) 100vw, 1200px\" \/><\/figure><\/div>\n\n\n<p class=\"has-text-align-center\"><a href=\"https:\/\/www.tele-radio.com\/pl\/products\/panther\/panther-receiver-10-function-relays-2\/\">Stranica proizvoda<\/a><\/p>\n\n\n\n<div class=\"wp-block-columns is-layout-flex wp-container-core-columns-is-layout-9d6595d7 wp-block-columns-is-layout-flex\">\n<div class=\"wp-block-column is-layout-flow wp-block-column-is-layout-flow\" style=\"flex-basis:5%\"><\/div>\n\n\n\n<div class=\"wp-block-column is-layout-flow wp-block-column-is-layout-flow\" style=\"flex-basis:90%\">\n<ul class=\"wp-block-list\">\n<li>\u010dvrsto ku\u0107i\u0161te koje zadovoljava IP66 standard<\/li>\n\n\n\n<li>Releji se mogu postaviti u bistabilni, monostabilni, vremenski ili sekvencijalni na\u010din rada<\/li>\n\n\n\n<li>Radi na 2,4 GHz, 16 kanala<\/li>\n\n\n\n<li>napajanje 230 V AC, 48 V AC, 115 V AC<\/li>\n\n\n\n<li>radi s naprednim programima i PLC kontrolerima<\/li>\n\n\n\n<li>signalizira se kada do\u0111e do situacije koja predstavlja sigurnosni rizik<\/li>\n\n\n\n<li><strong>\u017ei\u010dani &#8211; 16-pinski kabel<\/strong><\/li>\n<\/ul>\n<\/div>\n\n\n\n<div class=\"wp-block-column is-layout-flow wp-block-column-is-layout-flow\" style=\"flex-basis:5%\"><\/div>\n<\/div>\n<\/div>\n<\/div>\n\n\n\n<div style=\"height:60px\" aria-hidden=\"true\" class=\"wp-block-spacer\"><\/div>\n\n\n\n<h2 class=\"wp-block-heading has-text-align-center\">Dodatni pribor<\/h2>\n\n\n\n<p class=\"has-text-align-center has-medium-font-size\"><br>Nudimo \u0161irok izbor dodatne opreme, uklju\u010duju\u0107i:<\/p>\n\n\n\n<div style=\"height:50px\" aria-hidden=\"true\" class=\"wp-block-spacer\"><\/div>\n\n\n\n<div class=\"wp-block-columns is-layout-flex wp-container-core-columns-is-layout-9d6595d7 wp-block-columns-is-layout-flex\">\n<div class=\"wp-block-column is-layout-flow wp-block-column-is-layout-flow\"><div class=\"wp-block-image\">\n<figure class=\"aligncenter size-thumbnail\"><img loading=\"lazy\" decoding=\"async\" width=\"150\" height=\"150\" src=\"https:\/\/www.tele-radio.com\/app\/uploads\/akumulator-li-ion-150x150.png\" alt=\"Akumulator Li-ion do sterowania Tele Radio\" class=\"wp-image-120451\" srcset=\"https:\/\/www.tele-radio.com\/app\/uploads\/akumulator-li-ion-150x150.png 150w, https:\/\/www.tele-radio.com\/app\/uploads\/akumulator-li-ion-250x250.png 250w\" sizes=\"auto, (max-width: 150px) 100vw, 150px\" \/><\/figure><\/div>\n\n\n<p class=\"has-text-align-center\"><strong>Akumulator Li-ion<\/strong><br>kod produkta: M245060<\/p>\n\n\n\n<p class=\"has-text-align-center\"><a href=\"https:\/\/www.tele-radio.com\/pl\/products\/akcesoria\/m245060-2\/\">Stranica proizvoda<\/a><\/p>\n<\/div>\n\n\n\n<div class=\"wp-block-column is-layout-flow wp-block-column-is-layout-flow\"><div class=\"wp-block-image\">\n<figure class=\"aligncenter size-thumbnail\"><img loading=\"lazy\" decoding=\"async\" width=\"150\" height=\"150\" src=\"https:\/\/www.tele-radio.com\/app\/uploads\/ladowarka-stolowa-150x150.png\" alt=\"\u0141adowarka sto\u0142owa - sterowanie Tele Radio\" class=\"wp-image-120475\" srcset=\"https:\/\/www.tele-radio.com\/app\/uploads\/ladowarka-stolowa-150x150.png 150w, https:\/\/www.tele-radio.com\/app\/uploads\/ladowarka-stolowa-250x250.png 250w\" sizes=\"auto, (max-width: 150px) 100vw, 150px\" \/><\/figure><\/div>\n\n\n<p class=\"has-text-align-center\"><strong>Stolni punja\u010d<\/strong>               kod produkta: M769755<\/p>\n\n\n\n<p class=\"has-text-align-center\"><a href=\"https:\/\/www.tele-radio.com\/pl\/products\/akcesoria\/m769755-2\/\">Stranica proizvoda<\/a><\/p>\n<\/div>\n\n\n\n<div class=\"wp-block-column is-layout-flow wp-block-column-is-layout-flow\"><div class=\"wp-block-image\">\n<figure class=\"aligncenter size-thumbnail\"><img loading=\"lazy\" decoding=\"async\" width=\"150\" height=\"150\" src=\"https:\/\/www.tele-radio.com\/app\/uploads\/ladowarka-150x150.png\" alt=\"\u0141adowarka wielofunkcyjna - sterowanie Tele Radio\" class=\"wp-image-120499\" srcset=\"https:\/\/www.tele-radio.com\/app\/uploads\/ladowarka-150x150.png 150w, https:\/\/www.tele-radio.com\/app\/uploads\/ladowarka-250x250.png 250w\" sizes=\"auto, (max-width: 150px) 100vw, 150px\" \/><\/figure><\/div>\n\n\n<p class=\"has-text-align-center\"><strong>Vi\u0161enamjenski punja\u010d<\/strong>           kod produkta: M769780<\/p>\n\n\n\n<p class=\"has-text-align-center\"><a href=\"https:\/\/www.tele-radio.com\/pl\/products\/akcesoria\/m769780-2\/\">Stranica proizvoda<\/a><\/p>\n<\/div>\n\n\n\n<div class=\"wp-block-column is-layout-flow wp-block-column-is-layout-flow\"><div class=\"wp-block-image\">\n<figure class=\"aligncenter size-thumbnail\"><img loading=\"lazy\" decoding=\"async\" width=\"150\" height=\"150\" src=\"https:\/\/www.tele-radio.com\/app\/uploads\/pas-biodrowy-150x150.png\" alt=\"Pas biodrowy na nadajnik Tele Radio\" class=\"wp-image-120523\" srcset=\"https:\/\/www.tele-radio.com\/app\/uploads\/pas-biodrowy-150x150.png 150w, https:\/\/www.tele-radio.com\/app\/uploads\/pas-biodrowy-250x250.png 250w\" sizes=\"auto, (max-width: 150px) 100vw, 150px\" \/><\/figure><\/div>\n\n\n<p class=\"has-text-align-center\"><strong>Bo\u010dni pojas za oda\u0161ilja\u010d<\/strong> kod produkta: M830030<\/p>\n<\/div>\n<\/div>\n\n\n\n<div style=\"height:50px\" aria-hidden=\"true\" class=\"wp-block-spacer\"><\/div>\n\n\n\n<p style=\"font-size:18px\"><strong>Folije po narud\u017ebi<\/strong><br>Oda\u0161ilja\u010d T19-2, uklju\u010den u komplet PNS-R1521-T1921, ima foliju sa standardnim simbolima za\u00a0kretanje ili podizanje, dizajniranu za upotrebu s opremom za podizanje. Izra\u0111ena je od visokokvalitetnog industrijskog materijala, \u0161to pru\u017ea dodatni sloj za\u0161tite i jednostavnost kori\u0161tenja. Tele Radio tako\u0111er nudi mogu\u0107nost prilago\u0111avanja folije potrebama kupaca, dizajnirane po narud\u017ebi. Mo\u017ee se prilagoditi vlastitim simbolima, tekstom, bojama ili logotipom tvrtke. Prilago\u0111ene folije tako\u0111er su dostupne za pojedina\u010dne narud\u017ebe.\u00a0 <a href=\"https:\/\/www.tele-radio.com\/pl\/folie-niestandardowe\/\">Vi\u0161e o prilago\u0111enim folija<\/a>.<\/p>\n\n\n\n<div style=\"height:20px\" aria-hidden=\"true\" class=\"wp-block-spacer\"><\/div>\n\n\n\n<div class=\"wp-block-group\"><div class=\"wp-block-group__inner-container is-layout-flow wp-block-group-is-layout-flow\">\n<h3 class=\"wp-block-heading has-background\" style=\"background-color:#ededed\"><strong>Materijal za preuzimanje<\/strong>: \ud83d\udd38 <a href=\"https:\/\/www.tele-radio.com\/app\/uploads\/PNS-R1521-T19-21-Skrocona-instrukcja-instalacji.pdf\">Vodi\u010d za brzu instalaciju<\/a> \ud83d\udd38 <a href=\"https:\/\/www.tele-radio.com\/app\/uploads\/Zestaw_Tele_Radio_PNS-R1521-T1921_info.pdf\">Letak proizvoda PNS-R1521-T1921<\/a><\/h3>\n<\/div><\/div>\n\n\n\n<div style=\"height:80px\" aria-hidden=\"true\" class=\"wp-block-spacer\"><\/div>\n\n\n\n<hr class=\"wp-block-separator has-css-opacity\"\/>\n\n\n\n<div class=\"wp-block-contact-form-7-contact-form-selector\">\n<div class=\"wpcf7 no-js\" id=\"wpcf7-f272059-o1\" lang=\"en-EN\" dir=\"ltr\" data-wpcf7-id=\"272059\">\n<div class=\"screen-reader-response\"><p role=\"status\" aria-live=\"polite\" aria-atomic=\"true\"><\/p> <ul><\/ul><\/div>\n<form action=\"\/pl\/wp-json\/wp\/v2\/pages\/120297#wpcf7-f272059-o1\" method=\"post\" class=\"wpcf7-form init\" aria-label=\"Contact form\" novalidate=\"novalidate\" data-status=\"init\">\n<fieldset class=\"hidden-fields-container\"><input type=\"hidden\" name=\"_wpcf7\" value=\"272059\" \/><input type=\"hidden\" name=\"_wpcf7_version\" value=\"6.1\" \/><input type=\"hidden\" name=\"_wpcf7_locale\" value=\"en_EN\" \/><input type=\"hidden\" name=\"_wpcf7_unit_tag\" value=\"wpcf7-f272059-o1\" \/><input type=\"hidden\" name=\"_wpcf7_container_post\" value=\"0\" \/><input type=\"hidden\" name=\"_wpcf7_posted_data_hash\" value=\"\" \/><input type=\"hidden\" name=\"_wpcf7_recaptcha_response\" value=\"\" \/>\n<\/fieldset>\n<p><label> Ime*<br \/>\n<span class=\"wpcf7-form-control-wrap\" data-name=\"nombre\"><input size=\"40\" maxlength=\"400\" class=\"wpcf7-form-control wpcf7-text wpcf7-validates-as-required\" aria-required=\"true\" aria-invalid=\"false\" placeholder=\"Va\u0161e ime\" value=\"\" type=\"text\" name=\"nombre\" \/><\/span> <\/label>\n<\/p>\n<p><label> Email*<br \/>\n<span class=\"wpcf7-form-control-wrap\" data-name=\"tu-email\"><input size=\"40\" maxlength=\"400\" class=\"wpcf7-form-control wpcf7-email wpcf7-validates-as-required wpcf7-text wpcf7-validates-as-email\" aria-required=\"true\" aria-invalid=\"false\" placeholder=\"Va\u0161 email\" value=\"\" type=\"email\" name=\"tu-email\" \/><\/span> <\/label>\n<\/p>\n<p><label> Telefon*<br \/>\n<span class=\"wpcf7-form-control-wrap\" data-name=\"tu-tfno\"><input size=\"40\" maxlength=\"400\" class=\"wpcf7-form-control wpcf7-tel wpcf7-validates-as-required wpcf7-text wpcf7-validates-as-tel\" aria-required=\"true\" aria-invalid=\"false\" placeholder=\"Va\u0161 broj telefona\" value=\"\" type=\"tel\" name=\"tu-tfno\" \/><\/span> <\/label>\n<\/p>\n<p><label> Poruka \/ Upit*<br \/>\n<span class=\"wpcf7-form-control-wrap\" data-name=\"your-message\"><textarea cols=\"40\" rows=\"10\" maxlength=\"2000\" class=\"wpcf7-form-control wpcf7-textarea wpcf7-validates-as-required\" aria-required=\"true\" aria-invalid=\"false\" placeholder=\"Molimo, ako imate upite, kontaktirajte nas.\" name=\"your-message\"><\/textarea><\/span> <\/label>\n<\/p>\n<p><span class=\"wpcf7-form-control-wrap\" data-name=\"acceptance-322\"><span class=\"wpcf7-form-control wpcf7-acceptance\"><span class=\"wpcf7-list-item\"><label><input type=\"checkbox\" name=\"acceptance-322\" value=\"1\" aria-invalid=\"false\" \/><span class=\"wpcf7-list-item-label\">Sla\u017eem se <a href=\"https:\/\/www.tele-radio.com\/us\/privacy-policy\/\" target=\"_blank\">privacy policy<\/a>.*<\/span><\/label><\/span><\/span><\/span>\n<\/p>\n<p><input class=\"wpcf7-form-control wpcf7-submit has-spinner\" type=\"submit\" value=\"Po\u0161alji\" \/>\n<\/p><div class=\"wpcf7-response-output\" aria-hidden=\"true\"><\/div>\n<\/form>\n<\/div>\n\r\n\t\t\t\t<script>\r\n\t\t\t\tif ( typeof huOptions !== 'undefined' ) {\r\n\t\t\t\t\tvar huFormData = {\"source\":\"contactform7\",\"id\":272059,\"title\":\"THR-contactform_copy\",\"fields\":{\"subject\":{\"first_name\":\"your-name\",\"email\":\"your-email\"},\"preferences\":{\"terms\":\"your-consent\"}}};\r\n\t\t\t\t\tvar huFormNode = document.querySelector( '[id^=\"wpcf7-f272059-\"] form' );\r\n\r\n\t\t\t\t\thuFormData['node'] = huFormNode;\r\n\t\t\t\t\thuOptions['forms'].push( huFormData );\r\n\t\t\t\t}\r\n\t\t\t\t<\/script><\/div>\n","protected":false},"excerpt":{"rendered":"<p>Set PNS-R1521-T1921 &#8211; radio upravljanje za mostne dizalice Set PNS-R1521-T1921 bazira se na Tele Radio proizvodima s certificiranom PLd funkcijom sekundarnog zaustavljanja u slu\u010daju potrebe. Jedan je od najpovoljnijih radio daljinskih upravlja\u010da takve vrste. Ure\u0111aj je iznimno prilagodljiv te se mo\u017ee jeftino pro\u0161iriti pomo\u0107u softvera. Standardni Tele Radio sustav za daljinsko upravljanje za mostnih dizalica. [&hellip;]<\/p>\n","protected":false},"author":63,"featured_media":0,"parent":0,"menu_order":0,"comment_status":"closed","ping_status":"closed","template":"","meta":{"_acf_changed":false,"footnotes":""},"class_list":["post-120297","page","type-page","status-publish","hentry"],"acf":[],"_links":{"self":[{"href":"https:\/\/www.tele-radio.com\/pl\/wp-json\/wp\/v2\/pages\/120297","targetHints":{"allow":["GET"]}}],"collection":[{"href":"https:\/\/www.tele-radio.com\/pl\/wp-json\/wp\/v2\/pages"}],"about":[{"href":"https:\/\/www.tele-radio.com\/pl\/wp-json\/wp\/v2\/types\/page"}],"author":[{"embeddable":true,"href":"https:\/\/www.tele-radio.com\/pl\/wp-json\/wp\/v2\/users\/63"}],"replies":[{"embeddable":true,"href":"https:\/\/www.tele-radio.com\/pl\/wp-json\/wp\/v2\/comments?post=120297"}],"version-history":[{"count":140,"href":"https:\/\/www.tele-radio.com\/pl\/wp-json\/wp\/v2\/pages\/120297\/revisions"}],"predecessor-version":[{"id":273298,"href":"https:\/\/www.tele-radio.com\/pl\/wp-json\/wp\/v2\/pages\/120297\/revisions\/273298"}],"wp:attachment":[{"href":"https:\/\/www.tele-radio.com\/pl\/wp-json\/wp\/v2\/media?parent=120297"}],"curies":[{"name":"wp","href":"https:\/\/api.w.org\/{rel}","templated":true}]}}