{"id":115166,"date":"2022-09-21T13:17:20","date_gmt":"2022-09-21T13:17:20","guid":{"rendered":"https:\/\/www.tele-radio.com\/more-overview-and-safety-for-a-telehandler-with-a-versateq-waist-transmitter\/"},"modified":"2023-05-16T06:33:15","modified_gmt":"2023-05-16T06:33:15","slug":"carlo-industrie","status":"publish","type":"page","link":"https:\/\/www.tele-radio.com\/pl\/carlo-industrie\/","title":{"rendered":"Carlo Industrie"},"content":{"rendered":"\n<h1 class=\"wp-block-heading\">Carlo Industrie<\/h1>\n\n\n\n<p style=\"font-size:24px\"><em>Wi\u0119ksze bezpiecze\u0144stwo i poprawienie widoczno\u015bci podczas obs\u0142ugi \u0142adowarki teleskopowej nadajnikiem z manipulatorami VersaTEQ<\/em><\/p>\n\n\n\n<p><em>\u0141adowarki teleskopowe w firmie Carlo Industrie z siedzib\u0105 w Stompetoren w Holandii s\u0105 wykorzystywane we wszelkiego rodzaju projektach wyburzeniowych, budowlanych i remontowych w sferze przemys\u0142owej. Carlo Kohne, w\u0142a\u015bciciel, chc\u0105c pracowa\u0107 szybko i efektywnie, oko\u0142o dwa lata temu zakupi\u0142 nadajnik z manipulatorami <a href=\"https:\/\/www.tele-radio.com\/pl\/versateq\/\">Tele Radio VersaTEQ<\/a> TW57 z sze\u015bcioma proporcjonalnymi joystickami \u0142opatkowymi.<\/em><\/p>\n\n\n\n<p>\u0141adowarki teleskopowe mo\u017cna wykorzysta\u0107 do praktycznie dowolnej pracy zwi\u0105zanej z przemieszczaniem r\u00f3\u017cnych \u0142adunk\u00f3w w g\u00f3r\u0119, w d\u00f3\u0142 lub w zupe\u0142nie inne miejsce. Niestety cz\u0119stym problemem jest brak dobrej widoczno\u015bci podczas pracy z kabiny. W takich sytuacjach nadajnik z manipulatorami okazuje si\u0119 by\u0107 bardzo dobrym rozwi\u0105zaniem. Carlo mo\u017ce zdalnie sterowa\u0107 \u0142adowark\u0105 teleskopow\u0105 stoj\u0105c w tym samym miejscu lub przechodz\u0105c tam, gdzie ma lepsz\u0105 widoczno\u015b\u0107.<\/p>\n\n\n\n<div style=\"height:40px\" aria-hidden=\"true\" class=\"wp-block-spacer\"><\/div>\n\n\n\n<blockquote class=\"wp-block-quote is-layout-flow wp-block-quote-is-layout-flow\"><p>&#8220;Sterowanie \u0142adowark\u0105 teleskopow\u0105 za pomoc\u0105 nadajnika z manipulatorami jest \u015bwietnym rozwi\u0105zaniem. Pozwala zobaczy\u0107 post\u0119p prac i upewni\u0107 si\u0119, \u017ce jest si\u0119 odpowiednio daleko od danej operacji.&#8221;<\/p><\/blockquote>\n\n\n\n<div style=\"height:40px\" aria-hidden=\"true\" class=\"wp-block-spacer\"><\/div>\n\n\n\n<h2 class=\"wp-block-heading\"><strong>Praca z bezpiecznej odleg\u0142o\u015bci<\/strong><\/h2>\n\n\n\n<div class=\"wp-block-media-text alignwide has-media-on-the-right is-stacked-on-mobile\" style=\"grid-template-columns:auto 33%\"><figure class=\"wp-block-media-text__media\"><img loading=\"lazy\" decoding=\"async\" width=\"1200\" height=\"1200\" src=\"https:\/\/www.tele-radio.com\/app\/uploads\/\/PM_TW57_T26B_0002-1-1200x1200.png\" alt=\"\" class=\"wp-image-115040 size-full\" srcset=\"https:\/\/www.tele-radio.com\/app\/uploads\/PM_TW57_T26B_0002-1-1200x1200.png 1200w, https:\/\/www.tele-radio.com\/app\/uploads\/PM_TW57_T26B_0002-1-400x400.png 400w, https:\/\/www.tele-radio.com\/app\/uploads\/PM_TW57_T26B_0002-1-150x150.png 150w, https:\/\/www.tele-radio.com\/app\/uploads\/PM_TW57_T26B_0002-1-768x768.png 768w, https:\/\/www.tele-radio.com\/app\/uploads\/PM_TW57_T26B_0002-1-1536x1536.png 1536w, https:\/\/www.tele-radio.com\/app\/uploads\/PM_TW57_T26B_0002-1-250x250.png 250w, https:\/\/www.tele-radio.com\/app\/uploads\/PM_TW57_T26B_0002-1-750x750.png 750w, https:\/\/www.tele-radio.com\/app\/uploads\/PM_TW57_T26B_0002-1-500x500.png 500w, https:\/\/www.tele-radio.com\/app\/uploads\/PM_TW57_T26B_0002-1-1600x1600.png 1600w, https:\/\/www.tele-radio.com\/app\/uploads\/PM_TW57_T26B_0002-1-800x800.png 800w, https:\/\/www.tele-radio.com\/app\/uploads\/PM_TW57_T26B_0002-1.png 1800w\" sizes=\"auto, (max-width: 1200px) 100vw, 1200px\" \/><\/figure><div class=\"wp-block-media-text__content\">\n<p><\/p>\n\n\n\n<p>Carlo steruj\u0105c \u0142adowark\u0105 teleskopow\u0105 z \u0142atwo\u015bci\u0105 umieszcza ci\u0119\u017ckie \u0142adunki gdzie tylko jest taka potrzeba: na dach, do \u015brodka hali lub obok wywrotki w swoim dobrze wyposa\u017conym parku maszynowym.<\/p>\n\n\n\n<p>Wykorzystanie nadajnika z manipulatorami <strong>VersaTEQ TW57<\/strong> ma jeszcze wi\u0119ksze znaczenie podczas prac rozbi\u00f3rkowych. Uszkodzenie urz\u0105dzenia przez spadaj\u0105c\u0105 \u015bcian\u0119 jest niczym w por\u00f3wnaniu z obra\u017ceniami, kt\u00f3rych mog\u0105 do\u015bwiadczy\u0107 pracownicy. Sterowanie \u0142adowark\u0105 teleskopow\u0105 za pomoc\u0105 nadajnika z manipulatorami jest \u015bwietnym rozwi\u0105zaniem. Pozwala zobaczy\u0107 post\u0119p prac i upewni\u0107 si\u0119, \u017ce jest si\u0119 odpowiednio daleko od danej operacji. Mo\u017cna swobodnie wyburza\u0107!&nbsp;<\/p>\n<\/div><\/div>\n\n\n\n<h2 class=\"wp-block-heading\"><strong>Projekt dla Containerbox.nl<\/strong><\/h2>\n\n\n\n<p>\u0141adowarka teleskopowa wykorzystywana w Carlo Industrie to Manitou NRT turbo. To wa\u017c\u0105ca oko\u0142o 11,5 tony obrotowa \u0142adowarka wcze\u015bniejszej generacji, kt\u00f3ra mo\u017ce z \u0142atwo\u015bci\u0105 podnie\u015b\u0107 \u0142adunek o ci\u0119\u017carze do 5 ton na wysoko\u015b\u0107 oko\u0142o 18 metr\u00f3w. Zdj\u0119cia zosta\u0142y wykonane podczas realizacji projektu dla Containerbox.nl, wynajmuj\u0105cego tymczasowe powierzchnie magazynowe dla os\u00f3b prywatnych i firm. Carlo Industrie dosta\u0142o zlecenie na rozbudowanie magazyn\u00f3w w mie\u015bcie Alkmaar. Z jednej strony projekt obejmuje odnowienie boks\u00f3w w istniej\u0105cej hali, z drugiej za\u015b wyburzenie s\u0105siaduj\u0105cej i przestarza\u0142ej hali i zbudowanie nowej konstrukcji na jej miejsce.<\/p>\n\n\n\n<h2 class=\"wp-block-heading\"><strong>Innowacyjne rozwi\u0105zanie<\/strong><\/h2>\n\n\n\n<p>Carlo Industrie zdecydowa\u0142o si\u0119 na <strong>nadajnik joystickowy<\/strong> <strong>VersaTEQ TW57<\/strong> firmy Tele Radio z 6 proporcjonalnymi joystickami \u0142opatkowymi. Nadajnik ten ma oko\u0142o 24 centymetry szeroko\u015bci, a kszta\u0142t uchwyt\u00f3w odpowiada naturalnym krzywiznom d\u0142oni. Joysticki \u0142opatkowe s\u0105 \u0142atwe w obs\u0142udze i s\u0105 bardzo funkcjonalne. Aby zapewni\u0107 bezpiecze\u0144stwo, ka\u017cdy nadajnik VersaTEQ jest wyposa\u017cony w niezale\u017cn\u0105, certyfikowan\u0105 funkcj\u0119 zatrzymania awaryjnego PLd+Cat3.<\/p>\n\n\n\n<div style=\"height:19px\" aria-hidden=\"true\" class=\"wp-block-spacer\"><\/div>\n\n\n\n<figure class=\"wp-block-image size-large\"><img loading=\"lazy\" decoding=\"async\" width=\"1200\" height=\"675\" src=\"https:\/\/www.tele-radio.com\/app\/uploads\/\/DSC07712-1200x675.jpg\" alt=\"\" class=\"wp-image-115187\" srcset=\"https:\/\/www.tele-radio.com\/app\/uploads\/DSC07712-1200x675.jpg 1200w, https:\/\/www.tele-radio.com\/app\/uploads\/DSC07712-400x225.jpg 400w, https:\/\/www.tele-radio.com\/app\/uploads\/DSC07712-768x432.jpg 768w, https:\/\/www.tele-radio.com\/app\/uploads\/DSC07712-1536x864.jpg 1536w, https:\/\/www.tele-radio.com\/app\/uploads\/DSC07712-2048x1152.jpg 2048w, https:\/\/www.tele-radio.com\/app\/uploads\/DSC07712-750x422.jpg 750w, https:\/\/www.tele-radio.com\/app\/uploads\/DSC07712-500x281.jpg 500w, https:\/\/www.tele-radio.com\/app\/uploads\/DSC07712-1600x900.jpg 1600w, https:\/\/www.tele-radio.com\/app\/uploads\/DSC07712-800x450.jpg 800w\" sizes=\"auto, (max-width: 1200px) 100vw, 1200px\" \/><\/figure>\n\n\n\n<div style=\"height:15px\" aria-hidden=\"true\" class=\"wp-block-spacer\"><\/div>\n\n\n\n<p>Jeste\u015b zainteresowany ofert\u0105 nadajnik\u00f3w z manipulatorami Tele Radio i wszystkimi ich mo\u017cliwo\u015bciami? <a href=\"https:\/\/www.tele-radio.com\/pl\/nadajniki-joystickowe\/\">Kliknij tutaj<\/a>.<\/p>\n\n\n\n<div style=\"height:100px\" aria-hidden=\"true\" class=\"wp-block-spacer\"><\/div>\n","protected":false},"excerpt":{"rendered":"<p>Carlo Industrie Wi\u0119ksze bezpiecze\u0144stwo i poprawienie widoczno\u015bci podczas obs\u0142ugi \u0142adowarki teleskopowej nadajnikiem z manipulatorami VersaTEQ \u0141adowarki teleskopowe w firmie Carlo Industrie z siedzib\u0105 w Stompetoren w Holandii s\u0105 wykorzystywane we wszelkiego rodzaju projektach wyburzeniowych, budowlanych i remontowych w sferze przemys\u0142owej. Carlo Kohne, w\u0142a\u015bciciel, chc\u0105c pracowa\u0107 szybko i efektywnie, oko\u0142o dwa lata temu zakupi\u0142 nadajnik z [&hellip;]<\/p>\n","protected":false},"author":87,"featured_media":115240,"parent":0,"menu_order":0,"comment_status":"closed","ping_status":"closed","template":"","meta":{"_acf_changed":false,"footnotes":""},"class_list":["post-115166","page","type-page","status-publish","has-post-thumbnail","hentry"],"acf":[],"_links":{"self":[{"href":"https:\/\/www.tele-radio.com\/pl\/wp-json\/wp\/v2\/pages\/115166","targetHints":{"allow":["GET"]}}],"collection":[{"href":"https:\/\/www.tele-radio.com\/pl\/wp-json\/wp\/v2\/pages"}],"about":[{"href":"https:\/\/www.tele-radio.com\/pl\/wp-json\/wp\/v2\/types\/page"}],"author":[{"embeddable":true,"href":"https:\/\/www.tele-radio.com\/pl\/wp-json\/wp\/v2\/users\/87"}],"replies":[{"embeddable":true,"href":"https:\/\/www.tele-radio.com\/pl\/wp-json\/wp\/v2\/comments?post=115166"}],"version-history":[{"count":37,"href":"https:\/\/www.tele-radio.com\/pl\/wp-json\/wp\/v2\/pages\/115166\/revisions"}],"predecessor-version":[{"id":154623,"href":"https:\/\/www.tele-radio.com\/pl\/wp-json\/wp\/v2\/pages\/115166\/revisions\/154623"}],"wp:featuredmedia":[{"embeddable":true,"href":"https:\/\/www.tele-radio.com\/pl\/wp-json\/wp\/v2\/media\/115240"}],"wp:attachment":[{"href":"https:\/\/www.tele-radio.com\/pl\/wp-json\/wp\/v2\/media?parent=115166"}],"curies":[{"name":"wp","href":"https:\/\/api.w.org\/{rel}","templated":true}]}}