{"id":114425,"date":"2022-09-16T09:29:24","date_gmt":"2022-09-16T09:29:24","guid":{"rendered":"https:\/\/www.tele-radio.com\/?page_id=114425"},"modified":"2023-05-15T11:40:00","modified_gmt":"2023-05-15T11:40:00","slug":"resurs-utb","status":"publish","type":"page","link":"https:\/\/www.tele-radio.com\/pl\/resurs-utb\/","title":{"rendered":"Resurs UTB"},"content":{"rendered":"\n<h1 class=\"has-text-align-center wp-block-heading\">Resurs UTB<\/h1>\n\n\n\n<div style=\"height:10px\" aria-hidden=\"true\" class=\"wp-block-spacer\"><\/div>\n\n\n\n<p class=\"has-text-align-center has-medium-font-size\">Zgodnie z Rozporz\u0105dzeniem Ministra Rozwoju i Finans\u00f3w w sprawie warunk\u00f3w technicznych dozoru technicznego w zakresie eksploatacji, napraw i modernizacji urz\u0105dze\u0144 transportu bliskiego, wymagane jest odtworzenie historii eksploatacji urz\u0105dze\u0144, aby upewni\u0107 si\u0119 co do ich stanu technicznego &#8211; urz\u0105dzenia te musz\u0105 mie\u0107 obliczony resurs.<\/p>\n\n\n\n<p class=\"has-text-align-center has-medium-font-size\">Resurs to okres zdolno\u015bci u\u017cytkowej ustalony teoretycznie lub do\u015bwiadczalnie, okre\u015blaj\u0105cy czas eksploatacji urz\u0105dzenia i wyra\u017cony w odpowiednich jednostkach. Przy ustalaniu resursu UTB nale\u017cy uwzgl\u0119dni\u0107 liczb\u0119 cykli na godzin\u0119, widmo obci\u0105\u017cenia oraz liczb\u0119 godzin pracy w ci\u0105gu dnia i roku. Sterowania Tele Radio mog\u0105 okaza\u0107 si\u0119 pomocne w okre\u015blaniu resursu.<\/p>\n\n\n\n<div style=\"height:30px\" aria-hidden=\"true\" class=\"wp-block-spacer\"><\/div>\n\n\n\n<h2 class=\"has-text-align-center wp-block-heading\" style=\"font-size:34px\">Systemy sterowania radiowego Tele Radio maj\u0105 wbudowan\u0105 mo\u017cliwo\u015b\u0107 zapisu historii eksploatacji<\/h2>\n\n\n\n<div style=\"height:50px\" aria-hidden=\"true\" class=\"wp-block-spacer\"><\/div>\n\n\n\n<div class=\"wp-block-media-text alignwide is-stacked-on-mobile\"><figure class=\"wp-block-media-text__media\"><img loading=\"lazy\" decoding=\"async\" width=\"1200\" height=\"864\" src=\"https:\/\/www.tele-radio.com\/app\/uploads\/Tele-Radio-resurs-1200x864.png\" alt=\"Nadajnik sterowania radiowego Tele Radio Tiger G2 z wy\u015bwietlaczem i mo\u017cliwo\u015bci\u0105 odczytu czasu pracy sterowanego urz\u0105dzenia.\" class=\"wp-image-114459 size-full\"\/><\/figure><div class=\"wp-block-media-text__content\">\n<p class=\"has-medium-font-size\">Sterowanie <strong>Tele Radio z serii Tiger G2<\/strong> daje mo\u017cliwo\u015b\u0107 automatycznego zapisu historii eksploatacji pracy urz\u0105dzenia w pami\u0119ci wewn\u0119trznej odbiornika radiowego. Oznacza to, \u017ce monta\u017c dodatkowych rejestrator\u00f3w nie jest konieczny. Zapisane dane mog\u0105 dotyczy\u0107 nie tylko czasu pracy, ale r\u00f3wnie\u017c informacji z czujnik\u00f3w tensometrycznych. Odczyt zarejestrowanych danych odbywa si\u0119 za pomoc\u0105 wy\u015bwietlacza w nadajniku (nadajnik TG-T9-2 i TG-T11-4) lub poprzez oprogramowanie komputerowe. Istnieje r\u00f3wnie\u017c mo\u017cliwo\u015b\u0107 zastosowania oddzielnego nadajnika serwisowego odpowiedzialnego za odczyt danych z urz\u0105dze\u0144 sterowanych za pomoc\u0105 nadajnika bez wy\u015bwietlacza (TG-T9-1 i TG-T11-5). Opcji jest naprawd\u0119 wiele. <\/p>\n<\/div><\/div>\n\n\n\n<div style=\"height:59px\" aria-hidden=\"true\" class=\"wp-block-spacer\"><\/div>\n\n\n\n<p class=\"has-text-align-center has-background has-medium-font-size\" style=\"background-color:#ededed\">Za sterowaniem radiowym Tele Radio przemawia r\u00f3wnie\u017c ich trwa\u0142o\u015b\u0107, wysoki poziom bezpiecze\u0144stwa (SIL3, PLe) i elastyczno\u015b\u0107 w dostosowaniu si\u0119 do potrzeb klienta.<\/p>\n\n\n\n<div style=\"height:80px\" aria-hidden=\"true\" class=\"wp-block-spacer\"><\/div>\n\n\n\n<h2 class=\"has-text-align-center wp-block-heading\" style=\"font-size:34px\">Potrzebujesz wi\u0119cej szczeg\u00f3\u0142\u00f3w?<\/h2>\n\n\n\n<p class=\"has-text-align-center\" style=\"font-size:24px\">Napisz do nas na WhatsApp, na Telegramie lub uzupe\u0142nij poni\u017cszy formularz, a przedstawimy Ci najlepsze i najkorzystniejsze cenowo rozwi\u0105zanie zdalnego sterowania radiowego<\/p>\n\n\n\n<div style=\"height:40px\" aria-hidden=\"true\" class=\"wp-block-spacer\"><\/div>\n\n\n\n<div class=\"wp-block-columns is-layout-flex wp-container-core-columns-is-layout-9d6595d7 wp-block-columns-is-layout-flex\">\n<div class=\"wp-block-column is-layout-flow wp-block-column-is-layout-flow\">\n<script id=\"zim-messageScript\" type=\"text\/javascript\">var _d=document;_d.write('<div id=\"zim-messageWidget\" style=\"display:flex;align-items:center;cursor:pointer;width:100%;\" onclick=window.open(\"https:\/\/wa.me\/message\/BJYMEZBZEY74M1\")><div style=\"display:flex;align-items:center;max-width:100%;border:2px solid transparent;box-sizing:border-box;background-color:#FFFFFF;border-color:#25D366;color:#128C7E;border-radius:20px;min-height:70px;padding:13px 18px\"><div style=\"flex-shrink:0;width:24px;height:24px\"><svg style=\"fill: currentColor;\" id=WHATSAPP viewBox=\"0 0 17 17\"><path d=\"M16.5333 8.7668C16.5333 13.0668 13.02 16.5535 8.67999 16.5535C7.29999 16.5535 6.01333 16.2001 4.87999 15.5868L0.533325 16.9668L1.95333 12.7868C1.21185 11.5746 0.81965 10.1811 0.819992 8.76013C0.826659 4.45346 4.34666 0.966797 8.68666 0.966797C13.0133 0.966797 16.5333 4.45346 16.5333 8.7668ZM8.67999 2.20013C5.03999 2.20013 2.07999 5.14013 2.07999 8.75346C2.07999 10.1868 2.54666 11.5135 3.33333 12.5935L2.50666 15.0335L5.03999 14.2335C6.12135 14.9422 7.38707 15.3178 8.67999 15.3135C12.32 15.3135 15.28 12.3801 15.28 8.76013C15.2712 7.01671 14.5715 5.3479 13.3343 4.11948C12.0972 2.89106 10.4234 2.20325 8.67999 2.2068V2.20013ZM12.6467 10.5535C12.5933 10.4735 12.4667 10.4268 12.2733 10.3335C12.0867 10.2401 11.14 9.77346 10.96 9.71346C10.7867 9.6468 10.6533 9.61346 10.5267 9.8068C10.3933 10.0001 10.0267 10.4268 9.91999 10.5535C9.80666 10.6868 9.69333 10.7001 9.49999 10.6068C9.30666 10.5068 8.68666 10.3068 7.95333 9.65346C7.53454 9.26854 7.17509 8.82372 6.88666 8.33346C6.76666 8.14013 6.86666 8.04013 6.96666 7.9468C7.05333 7.86013 7.15999 7.72013 7.25333 7.61346C7.35333 7.50013 7.38666 7.41346 7.44666 7.29346C7.51333 7.16013 7.47999 7.05346 7.43333 6.96013C7.37999 6.86013 6.99999 5.92013 6.83333 5.54013C6.67333 5.15346 6.51333 5.22013 6.40666 5.22013C6.29333 5.22013 6.15999 5.20013 6.03333 5.20013C5.89999 5.20013 5.69999 5.25346 5.51999 5.44013C5.34666 5.63346 4.85333 6.09346 4.85333 7.04013C4.85333 7.97346 5.53999 8.88013 5.63333 9.01346C5.72666 9.14013 6.96666 11.1268 8.91999 11.8935C10.88 12.6601 10.88 12.4068 11.2333 12.3735C11.5867 12.3401 12.3667 11.9068 12.5333 11.4668C12.6933 11.0201 12.6933 10.6335 12.6467 10.5535Z\"><\/path><\/svg><\/div>&nbsp;<div style=\"word-break:break-word;font-size:20px;margin-left:7px\">Napisz do nas na WhatsApp<\/div><\/div><\/div>');var _zim = _d.getElementById(\"zim-messageWidget\");var _r = _d.getElementById(\"zim-messageScript\");_r.parentNode.insertBefore(_zim, _r);<\/script>\n\n\n\n<div style=\"height:20px\" aria-hidden=\"true\" class=\"wp-block-spacer\"><\/div>\n<\/div>\n\n\n\n<div class=\"wp-block-column is-layout-flow wp-block-column-is-layout-flow\">\n<script id=\"zim-messageScript\" type=\"text\/javascript\">var _d=document;_d.write('<div id=\"zim-messageWidget\" style=\"display:flex;align-items:center;cursor:pointer;width:100%;\" onclick=window.open(\"https:\/\/t.me\/TeleRadioPolskaBot\")><div style=\"display:flex;align-items:center;max-width:100%;border:2px solid transparent;box-sizing:border-box;background-color:#fff;border-color:#4fa7d8;color:#4fa7d8;border-radius:20px;min-height:70px;padding:13px 18px\"><div style=\"flex-shrink:0;width:24px;height:24px\"><svg style=\"fill: currentColor;\" id=TELEGRAM viewBox=\"0 0 60 50\"><path d=\"M23.5429 32.9525L22.5504 46.9125C23.9704 46.9125 24.5854 46.3025 25.3229 45.57L31.9804 39.2075L45.7754 49.31C48.3054 50.72 50.0879 49.9775 50.7704 46.9825L59.8254 4.55254L59.8279 4.55004C60.6304 0.810037 58.4754 -0.652463 56.0104 0.265037L2.78544 20.6425C-0.847055 22.0525 -0.792055 24.0775 2.16794 24.995L15.7754 29.2275L47.3829 9.45004C48.8704 8.46504 50.2229 9.01004 49.1104 9.99504L23.5429 32.9525Z\"><\/path><\/svg><\/div>&nbsp;<div style=\"word-break:break-word;font-size:20px;margin-left:7px\">Napisz do nas na Telegram<\/div><\/div><\/div>');var _zim = _d.getElementById(\"zim-messageWidget\");var _r = _d.getElementById(\"zim-messageScript\");_r.parentNode.insertBefore(_zim, _r);<\/script>\n<\/div>\n<\/div>\n\n\n\n<div style=\"height:35px\" aria-hidden=\"true\" class=\"wp-block-spacer\"><\/div>\n\n\n\n<p class=\"has-medium-font-size\">Uzupe\u0142nij formularz \u2b07<\/p>\n\n\n\n<div style=\"height:20px\" aria-hidden=\"true\" class=\"wp-block-spacer\"><\/div>\n\n\n\n<div id=\"zf_div_Do1HyxjTnCuad5bOH2_oNx43cmFiOSQQgsXV_rjySMI\"><\/div><script type=\"text\/javascript\">(function() {\ntry{\nvar f = document.createElement(\"iframe\");\nf.src = 'https:\/\/forms.zohopublic.eu\/teleradiopolskaspzoo\/form\/TwojedaneGoogleAd\/formperma\/Do1HyxjTnCuad5bOH2_oNx43cmFiOSQQgsXV_rjySMI';\nf.style.border=\"none\";\nf.style.height=\"800px\";\nf.style.width=\"90%\";\nf.style.transition=\"all 0.5s ease\";\nvar d = document.getElementById(\"zf_div_Do1HyxjTnCuad5bOH2_oNx43cmFiOSQQgsXV_rjySMI\");\nd.appendChild(f);\n}catch(e){}\n})();<\/script>\n\n\n\n<div style=\"height:50px\" aria-hidden=\"true\" class=\"wp-block-spacer\"><\/div>\n\n\n\n<h2 class=\"wp-block-heading\">INFORMACJE O FIRMIE TELE RADIO<\/h2>\n\n\n\n<p>Tele Radio Group to mi\u0119dzynarodowa firma, kt\u00f3ra opracowuje, produkuje i sprzedaje uniwersalne systemy sterowania radiowego dostosowane do zastosowa\u0144 w przemy\u015ble. Produkty tej marki przyczyniaj\u0105 si\u0119 do zwi\u0119kszenia komfortu i bezpiecze\u0144stwa \u015brodowiska pracy. Pierwsza firma, Tele Radio AB, zosta\u0142a za\u0142o\u017cona w Lysekil w Szwecji w 1955 roku i od tego czasu rozwin\u0119\u0142a si\u0119 w mi\u0119dzynarodow\u0105 grup\u0119 z siedzib\u0105 w Askim i r\u00f3\u017cnymi oddzia\u0142ami w Europie, Azji i USA.&nbsp;<\/p>\n\n\n\n<div style=\"height:100px\" aria-hidden=\"true\" class=\"wp-block-spacer\"><\/div>\n","protected":false},"excerpt":{"rendered":"<p>Resurs UTB Zgodnie z Rozporz\u0105dzeniem Ministra Rozwoju i Finans\u00f3w w sprawie warunk\u00f3w technicznych dozoru technicznego w zakresie eksploatacji, napraw i modernizacji urz\u0105dze\u0144 transportu bliskiego, wymagane jest odtworzenie historii eksploatacji urz\u0105dze\u0144, aby upewni\u0107 si\u0119 co do ich stanu technicznego &#8211; urz\u0105dzenia te musz\u0105 mie\u0107 obliczony resurs. Resurs to okres zdolno\u015bci u\u017cytkowej ustalony teoretycznie lub do\u015bwiadczalnie, okre\u015blaj\u0105cy [&hellip;]<\/p>\n","protected":false},"author":87,"featured_media":0,"parent":0,"menu_order":0,"comment_status":"closed","ping_status":"closed","template":"page-templates\/landing-page.php","meta":{"_acf_changed":false,"footnotes":""},"class_list":["post-114425","page","type-page","status-publish","hentry"],"acf":[],"_links":{"self":[{"href":"https:\/\/www.tele-radio.com\/pl\/wp-json\/wp\/v2\/pages\/114425","targetHints":{"allow":["GET"]}}],"collection":[{"href":"https:\/\/www.tele-radio.com\/pl\/wp-json\/wp\/v2\/pages"}],"about":[{"href":"https:\/\/www.tele-radio.com\/pl\/wp-json\/wp\/v2\/types\/page"}],"author":[{"embeddable":true,"href":"https:\/\/www.tele-radio.com\/pl\/wp-json\/wp\/v2\/users\/87"}],"replies":[{"embeddable":true,"href":"https:\/\/www.tele-radio.com\/pl\/wp-json\/wp\/v2\/comments?post=114425"}],"version-history":[{"count":31,"href":"https:\/\/www.tele-radio.com\/pl\/wp-json\/wp\/v2\/pages\/114425\/revisions"}],"predecessor-version":[{"id":120698,"href":"https:\/\/www.tele-radio.com\/pl\/wp-json\/wp\/v2\/pages\/114425\/revisions\/120698"}],"wp:attachment":[{"href":"https:\/\/www.tele-radio.com\/pl\/wp-json\/wp\/v2\/media?parent=114425"}],"curies":[{"name":"wp","href":"https:\/\/api.w.org\/{rel}","templated":true}]}}