{"id":114290,"date":"2022-09-16T09:30:07","date_gmt":"2022-09-16T09:30:07","guid":{"rendered":"https:\/\/www.tele-radio.com\/?page_id=114290"},"modified":"2023-05-15T11:51:37","modified_gmt":"2023-05-15T11:51:37","slug":"sterowanie-radiowe-do-suwnic-pracujacych-w-tandemie","status":"publish","type":"page","link":"https:\/\/www.tele-radio.com\/pl\/sterowanie-radiowe-do-suwnic-pracujacych-w-tandemie\/","title":{"rendered":"Sterowanie radiowe do suwnic pracuj\u0105cych w tandemie"},"content":{"rendered":"\n<h1 class=\"has-text-align-center wp-block-heading\">Sterowanie tandemowe<\/h1>\n\n\n\n<p class=\"has-text-align-center has-medium-font-size\">Sterowanie tandemowe jest powszechnie stosowanym rozwi\u0105zaniem umo\u017cliwiaj\u0105cym transport wielkogabarytowych i ci\u0119\u017ckich \u0142adunk\u00f3w, kt\u00f3re musz\u0105 by\u0107 podnoszone przez wi\u0119cej ni\u017c jedn\u0105 suwnic\u0119. Haki suwnic pracuj\u0105cych w tandemie poruszaj\u0105 si\u0119 synchronicznie, w tym samym kierunku i z t\u0105 sam\u0105 pr\u0119dko\u015bci\u0105. Wa\u017cne jest wi\u0119c, by komunikacja mi\u0119dzy nimi odbywa\u0142a si\u0119 bez zak\u0142\u00f3ce\u0144, a bezpiecze\u0144stwo ca\u0142ego systemu by\u0142o zawsze zagwarantowane. <\/p>\n\n\n\n<p class=\"has-text-align-center has-medium-font-size\">Sterowanie radiowe odbywa si\u0119 zazwyczaj za pomoc\u0105 jednego nadajnika, co u\u0142atwia obs\u0142ug\u0119 i zapewnia bardziej ergonomiczn\u0105 prac\u0119. Nadajnik ten pe\u0142ni rol\u0119 nadajnika g\u0142\u00f3wnego &#8211; master. Operator mo\u017ce wybra\u0107 odpowiedni do danej operacji wci\u0105gnik w dowolnym momencie i z miejsca, kt\u00f3re zapewnia najlepsze pole widzenia i bezpieczn\u0105 odleg\u0142o\u015b\u0107. Tele Radio proponuje rozwi\u0105zanie dla sterowania tandemowego, jakim jest zewn\u0119trzny <strong>modu\u0142 Tiger-Lynx<\/strong>, umo\u017cliwiaj\u0105cy komunikacj\u0119 mi\u0119dzy wieloma r\u00f3\u017cnymi odbiornikami.  <\/p>\n\n\n\n<div style=\"height:30px\" aria-hidden=\"true\" class=\"wp-block-spacer\"><\/div>\n\n\n\n<div class=\"wp-block-cover has-background-dim\"><img loading=\"lazy\" decoding=\"async\" width=\"1600\" height=\"988\" class=\"wp-block-cover__image-background wp-image-39891\" alt=\"\" src=\"https:\/\/www.tele-radio.com\/app\/uploads\/tandem-mode-teleradio-remotes.jpg\" style=\"object-position:48% 70%\" data-object-fit=\"cover\" data-object-position=\"48% 70%\" srcset=\"https:\/\/www.tele-radio.com\/app\/uploads\/tandem-mode-teleradio-remotes.jpg 1600w, https:\/\/www.tele-radio.com\/app\/uploads\/tandem-mode-teleradio-remotes-400x247.jpg 400w, https:\/\/www.tele-radio.com\/app\/uploads\/tandem-mode-teleradio-remotes-768x474.jpg 768w, https:\/\/www.tele-radio.com\/app\/uploads\/tandem-mode-teleradio-remotes-1200x741.jpg 1200w, https:\/\/www.tele-radio.com\/app\/uploads\/tandem-mode-teleradio-remotes-750x463.jpg 750w, https:\/\/www.tele-radio.com\/app\/uploads\/tandem-mode-teleradio-remotes-500x309.jpg 500w, https:\/\/www.tele-radio.com\/app\/uploads\/tandem-mode-teleradio-remotes-800x494.jpg 800w\" sizes=\"auto, (max-width: 1600px) 100vw, 1600px\" \/><div class=\"wp-block-cover__inner-container is-layout-flow wp-block-cover-is-layout-flow\">\n<p class=\"has-text-align-center has-large-font-size\">Przyk\u0142ady zastosowa\u0144<\/p>\n<\/div><\/div>\n\n\n\n<div style=\"height:40px\" aria-hidden=\"true\" class=\"wp-block-spacer\"><\/div>\n\n\n\n<h2 class=\"wp-block-heading\">2 suwnice w trybie 1\/2\/1+2<\/h2>\n\n\n\n<div style=\"height:20px\" aria-hidden=\"true\" class=\"wp-block-spacer\"><\/div>\n\n\n\n<div class=\"wp-block-media-text alignwide is-stacked-on-mobile\"><figure class=\"wp-block-media-text__media\"><img loading=\"lazy\" decoding=\"async\" width=\"450\" height=\"338\" src=\"https:\/\/www.tele-radio.com\/app\/uploads\/2-cranes-tandem-teleradio.gif\" alt=\"Sterowanie radiowe suwnicami pracuj\u0105cymi w tandemie w trybie 1\/2\/1+2\" class=\"wp-image-39097 size-full\"\/><\/figure><div class=\"wp-block-media-text__content\">\n<p style=\"font-size:19px\">Zastosowano dwa nadajniki i dwa odbiorniki (po jednym na ka\u017cd\u0105 suwnic\u0119). Jeden z nadajnik\u00f3w jest skonfigurowany jako master, a drugi jako slave &#8211; to samo dotyczy odbiornik\u00f3w.<\/p>\n\n\n\n<p style=\"font-size:19px\">U\u017cytkownik mo\u017ce sterowa\u0107 pojedyncz\u0105 suwnic\u0105 lub wykorzysta\u0107 nadajnik g\u0142\u00f3wny do pracy w trybie tandemowym. Gdy zostanie aktywowany kt\u00f3rykolwiek z sygna\u0142\u00f3w, drugi odbiornik natychmiast dostaje informacj\u0119 i obie suwnice zatrzymuj\u0105 si\u0119.<\/p>\n<\/div><\/div>\n\n\n\n<div style=\"height:80px\" aria-hidden=\"true\" class=\"wp-block-spacer\"><\/div>\n\n\n\n<h2 class=\"wp-block-heading\">3 suwnice w trybie 1\/2\/3; 1+2; 2+3<\/h2>\n\n\n\n<div style=\"height:10px\" aria-hidden=\"true\" class=\"wp-block-spacer\"><\/div>\n\n\n\n<div class=\"wp-block-media-text alignwide has-media-on-the-right is-stacked-on-mobile\"><figure class=\"wp-block-media-text__media\"><img loading=\"lazy\" decoding=\"async\" width=\"450\" height=\"338\" src=\"https:\/\/www.tele-radio.com\/app\/uploads\/3-cranes-tandem-teleradio.gif\" alt=\"Sterowanie radiowe suwnicami pracuj\u0105cymi w tandemie w trybie 1\/2\/3; 1+2; 2+3\" class=\"wp-image-39076 size-full\"\/><\/figure><div class=\"wp-block-media-text__content\">\n<p style=\"font-size:19px\">Ka\u017cda z trzech suwnic wymaga w\u0142asnego standardowego wyposa\u017cenia, czyli nadajnika + odbiornika. Suwnica nr 2 (centralne miejsce w budynku) jest zazwyczaj konfigurowana jako master ze wzgl\u0119du na jej cz\u0119sty u\u017cytek w tandemie.<\/p>\n\n\n\n<p style=\"font-size:19px\">U\u017cytkownik mo\u017ce sterowa\u0107 pojedyncz\u0105 suwnic\u0105 lub wykorzysta\u0107 g\u0142\u00f3wny nadajnik do sterowania tandemem suwnic 1+2 lub 2+3. Ze wzgl\u0119d\u00f3w bezpiecze\u0144stwa konieczne jest, aby nadajniki podrz\u0119dnych suwnic 1 lub 3 wylogowa\u0142y si\u0119. Wbudowane zabezpieczenia sterowania Tiger G2 nie pozwalaj\u0105 na sterowanie jedn\u0105 suwnic\u0105 za pomoc\u0105 dw\u00f3ch nadajnik\u00f3w jednocze\u015bnie.<\/p>\n<\/div><\/div>\n\n\n\n<div style=\"height:60px\" aria-hidden=\"true\" class=\"wp-block-spacer\"><\/div>\n\n\n\n<p class=\"has-text-align-center has-background has-medium-font-size\" style=\"background-color:#ededed\">Og\u00f3lny wynik po\u0142\u0105czenia zaawansowanej technologi z zastosowanymi komponentami jest naprawd\u0119 imponuj\u0105cy. Rozwi\u0105zanie to sprawdzi\u0142o si\u0119 w setkach fabryk na ca\u0142ym \u015bwiecie, a popyt na rynku ro\u015bnie ka\u017cdego roku.<\/p>\n\n\n\n<div style=\"height:70px\" aria-hidden=\"true\" class=\"wp-block-spacer\"><\/div>\n\n\n\n<h2 class=\"has-text-align-center wp-block-heading\" style=\"font-size:34px\">Chcesz dowiedzie\u0107 si\u0119 wi\u0119cej o tym rozwi\u0105zaniu?<\/h2>\n\n\n\n<p class=\"has-text-align-center\" style=\"font-size:24px\">Napisz do nas na WhatsApp, na Telegramie lub uzupe\u0142nij poni\u017cszy formularz, a przedstawimy Ci najlepsze i najkorzystniejsze cenowo rozwi\u0105zanie zdalnego sterowania radiowego<\/p>\n\n\n\n<div style=\"height:40px\" aria-hidden=\"true\" class=\"wp-block-spacer\"><\/div>\n\n\n\n<div class=\"wp-block-columns is-layout-flex wp-container-core-columns-is-layout-9d6595d7 wp-block-columns-is-layout-flex\">\n<div class=\"wp-block-column is-layout-flow wp-block-column-is-layout-flow\">\n<script id=\"zim-messageScript\" type=\"text\/javascript\">var _d=document;_d.write('<div id=\"zim-messageWidget\" style=\"display:flex;align-items:center;cursor:pointer;width:100%;\" onclick=window.open(\"https:\/\/wa.me\/message\/BJYMEZBZEY74M1\")><div style=\"display:flex;align-items:center;max-width:100%;border:2px solid transparent;box-sizing:border-box;background-color:#FFFFFF;border-color:#25D366;color:#128C7E;border-radius:20px;min-height:70px;padding:13px 18px\"><div style=\"flex-shrink:0;width:24px;height:24px\"><svg style=\"fill: currentColor;\" id=WHATSAPP viewBox=\"0 0 17 17\"><path d=\"M16.5333 8.7668C16.5333 13.0668 13.02 16.5535 8.67999 16.5535C7.29999 16.5535 6.01333 16.2001 4.87999 15.5868L0.533325 16.9668L1.95333 12.7868C1.21185 11.5746 0.81965 10.1811 0.819992 8.76013C0.826659 4.45346 4.34666 0.966797 8.68666 0.966797C13.0133 0.966797 16.5333 4.45346 16.5333 8.7668ZM8.67999 2.20013C5.03999 2.20013 2.07999 5.14013 2.07999 8.75346C2.07999 10.1868 2.54666 11.5135 3.33333 12.5935L2.50666 15.0335L5.03999 14.2335C6.12135 14.9422 7.38707 15.3178 8.67999 15.3135C12.32 15.3135 15.28 12.3801 15.28 8.76013C15.2712 7.01671 14.5715 5.3479 13.3343 4.11948C12.0972 2.89106 10.4234 2.20325 8.67999 2.2068V2.20013ZM12.6467 10.5535C12.5933 10.4735 12.4667 10.4268 12.2733 10.3335C12.0867 10.2401 11.14 9.77346 10.96 9.71346C10.7867 9.6468 10.6533 9.61346 10.5267 9.8068C10.3933 10.0001 10.0267 10.4268 9.91999 10.5535C9.80666 10.6868 9.69333 10.7001 9.49999 10.6068C9.30666 10.5068 8.68666 10.3068 7.95333 9.65346C7.53454 9.26854 7.17509 8.82372 6.88666 8.33346C6.76666 8.14013 6.86666 8.04013 6.96666 7.9468C7.05333 7.86013 7.15999 7.72013 7.25333 7.61346C7.35333 7.50013 7.38666 7.41346 7.44666 7.29346C7.51333 7.16013 7.47999 7.05346 7.43333 6.96013C7.37999 6.86013 6.99999 5.92013 6.83333 5.54013C6.67333 5.15346 6.51333 5.22013 6.40666 5.22013C6.29333 5.22013 6.15999 5.20013 6.03333 5.20013C5.89999 5.20013 5.69999 5.25346 5.51999 5.44013C5.34666 5.63346 4.85333 6.09346 4.85333 7.04013C4.85333 7.97346 5.53999 8.88013 5.63333 9.01346C5.72666 9.14013 6.96666 11.1268 8.91999 11.8935C10.88 12.6601 10.88 12.4068 11.2333 12.3735C11.5867 12.3401 12.3667 11.9068 12.5333 11.4668C12.6933 11.0201 12.6933 10.6335 12.6467 10.5535Z\"><\/path><\/svg><\/div>&nbsp;<div style=\"word-break:break-word;font-size:20px;margin-left:7px\">Napisz do nas na WhatsApp<\/div><\/div><\/div>');var _zim = _d.getElementById(\"zim-messageWidget\");var _r = _d.getElementById(\"zim-messageScript\");_r.parentNode.insertBefore(_zim, _r);<\/script>\n\n\n\n<div style=\"height:20px\" aria-hidden=\"true\" class=\"wp-block-spacer\"><\/div>\n<\/div>\n\n\n\n<div class=\"wp-block-column is-layout-flow wp-block-column-is-layout-flow\">\n<script id=\"zim-messageScript\" type=\"text\/javascript\">var _d=document;_d.write('<div id=\"zim-messageWidget\" style=\"display:flex;align-items:center;cursor:pointer;width:100%;\" onclick=window.open(\"https:\/\/t.me\/TeleRadioPolskaBot\")><div style=\"display:flex;align-items:center;max-width:100%;border:2px solid transparent;box-sizing:border-box;background-color:#fff;border-color:#4fa7d8;color:#4fa7d8;border-radius:20px;min-height:70px;padding:13px 18px\"><div style=\"flex-shrink:0;width:24px;height:24px\"><svg style=\"fill: currentColor;\" id=TELEGRAM viewBox=\"0 0 60 50\"><path d=\"M23.5429 32.9525L22.5504 46.9125C23.9704 46.9125 24.5854 46.3025 25.3229 45.57L31.9804 39.2075L45.7754 49.31C48.3054 50.72 50.0879 49.9775 50.7704 46.9825L59.8254 4.55254L59.8279 4.55004C60.6304 0.810037 58.4754 -0.652463 56.0104 0.265037L2.78544 20.6425C-0.847055 22.0525 -0.792055 24.0775 2.16794 24.995L15.7754 29.2275L47.3829 9.45004C48.8704 8.46504 50.2229 9.01004 49.1104 9.99504L23.5429 32.9525Z\"><\/path><\/svg><\/div>&nbsp;<div style=\"word-break:break-word;font-size:20px;margin-left:7px\">Napisz do nas na Telegram<\/div><\/div><\/div>');var _zim = _d.getElementById(\"zim-messageWidget\");var _r = _d.getElementById(\"zim-messageScript\");_r.parentNode.insertBefore(_zim, _r);<\/script>\n<\/div>\n<\/div>\n\n\n\n<div style=\"height:35px\" aria-hidden=\"true\" class=\"wp-block-spacer\"><\/div>\n\n\n\n<p class=\"has-medium-font-size\">Uzupe\u0142nij formularz \u2b07<\/p>\n\n\n\n<div style=\"height:20px\" aria-hidden=\"true\" class=\"wp-block-spacer\"><\/div>\n\n\n\n<div id=\"zf_div_Do1HyxjTnCuad5bOH2_oNx43cmFiOSQQgsXV_rjySMI\"><\/div><script type=\"text\/javascript\">(function() {\ntry{\nvar f = document.createElement(\"iframe\");\nf.src = 'https:\/\/forms.zohopublic.eu\/teleradiopolskaspzoo\/form\/TwojedaneGoogleAd\/formperma\/Do1HyxjTnCuad5bOH2_oNx43cmFiOSQQgsXV_rjySMI';\nf.style.border=\"none\";\nf.style.height=\"800px\";\nf.style.width=\"90%\";\nf.style.transition=\"all 0.5s ease\";\nvar d = document.getElementById(\"zf_div_Do1HyxjTnCuad5bOH2_oNx43cmFiOSQQgsXV_rjySMI\");\nd.appendChild(f);\n}catch(e){}\n})();<\/script>\n\n\n\n<div style=\"height:50px\" aria-hidden=\"true\" class=\"wp-block-spacer\"><\/div>\n\n\n\n<h2 class=\"wp-block-heading\">INFORMACJE O FIRMIE TELE RADIO<\/h2>\n\n\n\n<p>Tele Radio Group to mi\u0119dzynarodowa firma, kt\u00f3ra opracowuje, produkuje i sprzedaje uniwersalne systemy sterowania radiowego dostosowane do zastosowa\u0144 w przemy\u015ble. Produkty tej marki przyczyniaj\u0105 si\u0119 do zwi\u0119kszenia komfortu i bezpiecze\u0144stwa \u015brodowiska pracy. Pierwsza firma, Tele Radio AB, zosta\u0142a za\u0142o\u017cona w Lysekil w Szwecji w 1955 roku i od tego czasu rozwin\u0119\u0142a si\u0119 w mi\u0119dzynarodow\u0105 grup\u0119 z siedzib\u0105 w Askim i r\u00f3\u017cnymi oddzia\u0142ami w Europie, Azji i USA.&nbsp;<\/p>\n\n\n\n<div style=\"height:100px\" aria-hidden=\"true\" class=\"wp-block-spacer\"><\/div>\n","protected":false},"excerpt":{"rendered":"<p>Sterowanie tandemowe Sterowanie tandemowe jest powszechnie stosowanym rozwi\u0105zaniem umo\u017cliwiaj\u0105cym transport wielkogabarytowych i ci\u0119\u017ckich \u0142adunk\u00f3w, kt\u00f3re musz\u0105 by\u0107 podnoszone przez wi\u0119cej ni\u017c jedn\u0105 suwnic\u0119. Haki suwnic pracuj\u0105cych w tandemie poruszaj\u0105 si\u0119 synchronicznie, w tym samym kierunku i z t\u0105 sam\u0105 pr\u0119dko\u015bci\u0105. Wa\u017cne jest wi\u0119c, by komunikacja mi\u0119dzy nimi odbywa\u0142a si\u0119 bez zak\u0142\u00f3ce\u0144, a bezpiecze\u0144stwo ca\u0142ego systemu [&hellip;]<\/p>\n","protected":false},"author":87,"featured_media":0,"parent":0,"menu_order":0,"comment_status":"closed","ping_status":"closed","template":"page-templates\/landing-page.php","meta":{"_acf_changed":false,"footnotes":""},"class_list":["post-114290","page","type-page","status-publish","hentry"],"acf":[],"_links":{"self":[{"href":"https:\/\/www.tele-radio.com\/pl\/wp-json\/wp\/v2\/pages\/114290","targetHints":{"allow":["GET"]}}],"collection":[{"href":"https:\/\/www.tele-radio.com\/pl\/wp-json\/wp\/v2\/pages"}],"about":[{"href":"https:\/\/www.tele-radio.com\/pl\/wp-json\/wp\/v2\/types\/page"}],"author":[{"embeddable":true,"href":"https:\/\/www.tele-radio.com\/pl\/wp-json\/wp\/v2\/users\/87"}],"replies":[{"embeddable":true,"href":"https:\/\/www.tele-radio.com\/pl\/wp-json\/wp\/v2\/comments?post=114290"}],"version-history":[{"count":13,"href":"https:\/\/www.tele-radio.com\/pl\/wp-json\/wp\/v2\/pages\/114290\/revisions"}],"predecessor-version":[{"id":120701,"href":"https:\/\/www.tele-radio.com\/pl\/wp-json\/wp\/v2\/pages\/114290\/revisions\/120701"}],"wp:attachment":[{"href":"https:\/\/www.tele-radio.com\/pl\/wp-json\/wp\/v2\/media?parent=114290"}],"curies":[{"name":"wp","href":"https:\/\/api.w.org\/{rel}","templated":true}]}}