{"id":113976,"date":"2022-09-16T09:32:26","date_gmt":"2022-09-16T09:32:26","guid":{"rendered":"https:\/\/www.tele-radio.com\/?page_id=113976"},"modified":"2023-05-15T11:53:51","modified_gmt":"2023-05-15T11:53:51","slug":"systemy-sterowania-radiowego-do-suwnic","status":"publish","type":"page","link":"https:\/\/www.tele-radio.com\/pl\/systemy-sterowania-radiowego-do-suwnic\/","title":{"rendered":"Systemy sterowania radiowego do suwnic"},"content":{"rendered":"\n<div style=\"height:20px\" aria-hidden=\"true\" class=\"wp-block-spacer\"><\/div>\n\n\n\n<h1 class=\"has-text-align-center wp-block-heading\">Zmodernizuj suwnice z Tele Radio!<\/h1>\n\n\n\n<p class=\"has-text-align-center\" style=\"font-size:30px\">Popraw wydajno\u015b\u0107, bezpiecze\u0144stwo i widoczno\u015b\u0107<\/p>\n\n\n\n<p class=\"has-text-align-center has-medium-font-size\">Bezprzewodowe sterowanie suwnicami jest stosowane przede wszystkim ze wzgl\u0119du na \u0142atwo\u015b\u0107&nbsp;obs\u0142ugi i bezpiecze\u0144stwo pracy. Tele Radio to mi\u0119dzynarodowa firma istniej\u0105ca od ponad 65 lat. Zdobyte do\u015bwiadczenie i szeroka oferta produkt\u00f3w pozwalaj\u0105 na opracowanie rozwi\u0105za\u0144 nawet dla najbardziej wymagaj\u0105cych aplikacji. Potwierdzaj\u0105 to nasze liczne wsp\u00f3\u0142prace z producentami, modernizatorami i integratorami.<\/p>\n\n\n\n<div style=\"height:30px\" aria-hidden=\"true\" class=\"wp-block-spacer\"><\/div>\n\n\n\n<div class=\"wp-block-buttons is-content-justification-center is-layout-flex wp-block-buttons-is-layout-flex\">\n<div class=\"wp-block-button has-custom-font-size has-medium-font-size\"><a class=\"wp-block-button__link has-black-color has-luminous-vivid-amber-background-color has-text-color has-background\" href=\"#kontakt\" style=\"border-radius:10px\">SKONTAKTUJ SI\u0118 Z NAMI!<\/a><\/div>\n<\/div>\n\n\n\n<div style=\"height:90px\" aria-hidden=\"true\" class=\"wp-block-spacer\"><\/div>\n\n\n\n<h2 class=\"has-text-align-center wp-block-heading\">G\u0142\u00f3wne cechy nadajnik\u00f3w Tele Radio<\/h2>\n\n\n\n<div style=\"height:35px\" aria-hidden=\"true\" class=\"wp-block-spacer\"><\/div>\n\n\n\n<div class=\"wp-block-columns has-very-light-gray-background-color has-background is-layout-flex wp-container-core-columns-is-layout-9d6595d7 wp-block-columns-is-layout-flex\">\n<div class=\"wp-block-column is-layout-flow wp-block-column-is-layout-flow\">\n<div class=\"wp-block-image\"><figure class=\"aligncenter size-large is-resized\"><img loading=\"lazy\" decoding=\"async\" src=\"https:\/\/www.tele-radio.com\/app\/uploads\/Fail_Safe_Operation.png\" alt=\"\" class=\"wp-image-68103\" width=\"90\" height=\"75\"\/><\/figure><\/div>\n\n\n\n<p class=\"has-text-align-center\"><strong>Bezawaryjne dzia\u0142anie<\/strong><\/p>\n\n\n\n<p class=\"has-text-align-center\">Przeka\u017anik(i) bezpiecze\u0144stwa wy\u0142\u0105cza(j\u0105) si\u0119 w przypadku braku zasi\u0119gu, wyczerpania baterii, uszkodzenia nadajnika, itp. <\/p>\n<\/div>\n\n\n\n<div class=\"wp-block-column is-vertically-aligned-top is-layout-flow wp-block-column-is-layout-flow\">\n<div class=\"wp-block-image\"><figure class=\"aligncenter size-full is-resized\"><img loading=\"lazy\" decoding=\"async\" src=\"https:\/\/www.tele-radio.com\/app\/uploads\/Certification_2.png\" alt=\"\" class=\"wp-image-68161\" width=\"54\" height=\"77\"\/><\/figure><\/div>\n\n\n\n<p class=\"has-text-align-center\"><strong>Najwy\u017cszy poziom bezpiecze\u0144stwa<\/strong><\/p>\n\n\n\n<p class=\"has-text-align-center\">Niezale\u017cnie certyfikowane poziomy bezpiecze\u0144stwa. Sterowanie do suwnic z certyfikatem PLd i SIL3, PLe. <\/p>\n<\/div>\n\n\n\n<div class=\"wp-block-column is-layout-flow wp-block-column-is-layout-flow\">\n<div class=\"wp-block-image\"><figure class=\"aligncenter size-large is-resized\"><img loading=\"lazy\" decoding=\"async\" src=\"https:\/\/www.tele-radio.com\/app\/uploads\/Protection.png\" alt=\"\" class=\"wp-image-68125\" width=\"45\" height=\"87\"\/><\/figure><\/div>\n\n\n\n<p class=\"has-text-align-center\"><strong><strong>Odporno\u015b\u0107 na kurz i wod\u0119<\/strong><\/strong><\/p>\n\n\n\n<p class=\"has-text-align-center\">Nasze nadajniki s\u0105 niezwykle wytrzyma\u0142e. Niekt\u00f3re posiadaj\u0105 certyfikat IP65, ale wi\u0119kszo\u015b\u0107 z nich jest zgodna z IP67.<\/p>\n<\/div>\n\n\n\n<div class=\"wp-block-column is-layout-flow wp-block-column-is-layout-flow\">\n<div class=\"wp-block-image\"><figure class=\"aligncenter size-full is-resized\"><img loading=\"lazy\" decoding=\"async\" src=\"https:\/\/www.tele-radio.com\/app\/uploads\/3-03.png\" alt=\"\" class=\"wp-image-105791\" width=\"76\" height=\"76\" srcset=\"https:\/\/www.tele-radio.com\/app\/uploads\/3-03.png 200w, https:\/\/www.tele-radio.com\/app\/uploads\/3-03-150x150.png 150w\" sizes=\"auto, (max-width: 76px) 100vw, 76px\" \/><\/figure><\/div>\n\n\n\n<p class=\"has-text-align-center\"><strong><strong>Folie niestandardowe<\/strong><\/strong><\/p>\n\n\n\n<p class=\"has-text-align-center\">Folie chroni\u0105 nadajnik podczas u\u017cytkowania i nadaj\u0105 mu charakteru. Mo\u017cliwo\u015b\u0107 zastosowania symboli dla przesuwu i podnoszenia, ale r\u00f3wnie\u017c logo, tekstu i dowolnych ikonek.<\/p>\n<\/div>\n<\/div>\n\n\n\n<div style=\"height:35px\" aria-hidden=\"true\" class=\"wp-block-spacer\"><\/div>\n\n\n\n<div class=\"wp-block-cover has-background-dim\"><img loading=\"lazy\" decoding=\"async\" width=\"1600\" height=\"976\" class=\"wp-block-cover__image-background wp-image-75697\" alt=\"\" src=\"https:\/\/www.tele-radio.com\/app\/uploads\/Header_Image_1600_x_976_px_72dpi.jpg\" data-object-fit=\"cover\" srcset=\"https:\/\/www.tele-radio.com\/app\/uploads\/Header_Image_1600_x_976_px_72dpi.jpg 1600w, https:\/\/www.tele-radio.com\/app\/uploads\/Header_Image_1600_x_976_px_72dpi-400x244.jpg 400w, https:\/\/www.tele-radio.com\/app\/uploads\/Header_Image_1600_x_976_px_72dpi-1200x732.jpg 1200w, https:\/\/www.tele-radio.com\/app\/uploads\/Header_Image_1600_x_976_px_72dpi-768x468.jpg 768w, https:\/\/www.tele-radio.com\/app\/uploads\/Header_Image_1600_x_976_px_72dpi-1536x937.jpg 1536w, https:\/\/www.tele-radio.com\/app\/uploads\/Header_Image_1600_x_976_px_72dpi-750x458.jpg 750w, https:\/\/www.tele-radio.com\/app\/uploads\/Header_Image_1600_x_976_px_72dpi-500x305.jpg 500w, https:\/\/www.tele-radio.com\/app\/uploads\/Header_Image_1600_x_976_px_72dpi-800x488.jpg 800w\" sizes=\"auto, (max-width: 1600px) 100vw, 1600px\" \/><div class=\"wp-block-cover__inner-container is-layout-flow wp-block-cover-is-layout-flow\">\n<p class=\"has-text-align-center\" style=\"font-size:34px\"><strong>Zaprojektowane specjalnie do sterowania suwnicami<\/strong><\/p>\n\n\n\n<p class=\"has-text-align-center\" style=\"font-size:30px\">-Systemy sterowania radiowego <strong>Panther PLd<\/strong>&#8211;<\/p>\n<\/div><\/div>\n\n\n\n<div style=\"height:60px\" aria-hidden=\"true\" class=\"wp-block-spacer\"><\/div>\n\n\n\n<div class=\"wp-block-columns is-layout-flex wp-container-core-columns-is-layout-9d6595d7 wp-block-columns-is-layout-flex\">\n<div class=\"wp-block-column is-layout-flow wp-block-column-is-layout-flow\">\n<div class=\"wp-block-cover has-background-dim\" style=\"background-color:#232323\"><div class=\"wp-block-cover__inner-container is-layout-flow wp-block-cover-is-layout-flow\">\n<p class=\"has-text-align-center\" style=\"font-size:25px\"><strong>\u2022<\/strong> Certyfikat PLd<br><strong>\u2022<\/strong> R\u00f3\u017cne konfiguracje dla suwnic<br><strong>\u2022<\/strong> Odbiorniki z okablowaniem wst\u0119pnym<br><strong>\u2022<\/strong> \u0141atwa konfiguracja i wymiana z poziomu gruntu<br><strong>\u2022<\/strong> Programowalne diody LED<br><strong>\u2022<\/strong> Zasi\u0119g do 700 metr\u00f3w<br><\/p>\n<\/div><\/div>\n<\/div>\n\n\n\n<div class=\"wp-block-column is-vertically-aligned-bottom is-layout-flow wp-block-column-is-layout-flow\">\n<div class=\"wp-block-image is-style-default\"><figure class=\"aligncenter size-medium\"><img loading=\"lazy\" decoding=\"async\" width=\"229\" height=\"400\" src=\"https:\/\/www.tele-radio.com\/app\/uploads\/pn-t19-2-1-229x400.png\" alt=\"Nadajnik sterowania radiowego Tele Radio do suwnic z certyfikatem PLd, 8 przycisk\u00f3w\" class=\"wp-image-114073\" srcset=\"https:\/\/www.tele-radio.com\/app\/uploads\/pn-t19-2-1-229x400.png 229w, https:\/\/www.tele-radio.com\/app\/uploads\/pn-t19-2-1-429x750.png 429w, https:\/\/www.tele-radio.com\/app\/uploads\/pn-t19-2-1-286x500.png 286w, https:\/\/www.tele-radio.com\/app\/uploads\/pn-t19-2-1-457x800.png 457w, https:\/\/www.tele-radio.com\/app\/uploads\/pn-t19-2-1.png 564w\" sizes=\"auto, (max-width: 229px) 100vw, 229px\" \/><figcaption><meta charset=\"utf-8\"><em>Nadajnik PN-T19-2<\/em><\/figcaption><\/figure><\/div>\n<\/div>\n\n\n\n<div class=\"wp-block-column is-vertically-aligned-bottom is-layout-flow wp-block-column-is-layout-flow\">\n<div class=\"wp-block-image is-style-default\"><figure class=\"aligncenter size-medium\"><img loading=\"lazy\" decoding=\"async\" width=\"229\" height=\"400\" src=\"https:\/\/www.tele-radio.com\/app\/uploads\/pn-t29-12-229x400.png\" alt=\"Nadajnik sterowania radiowego Tele Radio do suwnic z certyfikatem PLd, 12 przycisk\u00f3w\" class=\"wp-image-114096\" srcset=\"https:\/\/www.tele-radio.com\/app\/uploads\/pn-t29-12-229x400.png 229w, https:\/\/www.tele-radio.com\/app\/uploads\/pn-t29-12-429x750.png 429w, https:\/\/www.tele-radio.com\/app\/uploads\/pn-t29-12-286x500.png 286w, https:\/\/www.tele-radio.com\/app\/uploads\/pn-t29-12-457x800.png 457w, https:\/\/www.tele-radio.com\/app\/uploads\/pn-t29-12.png 564w\" sizes=\"auto, (max-width: 229px) 100vw, 229px\" \/><figcaption><meta charset=\"utf-8\"><em>Nadajnik PN-T29-12<\/em><\/figcaption><\/figure><\/div>\n<\/div>\n<\/div>\n\n\n\n<div style=\"height:100px\" aria-hidden=\"true\" class=\"wp-block-spacer\"><\/div>\n\n\n\n<div class=\"wp-block-buttons is-content-justification-center is-layout-flex wp-block-buttons-is-layout-flex\">\n<div class=\"wp-block-button has-custom-font-size has-medium-font-size\"><a class=\"wp-block-button__link has-black-color has-luminous-vivid-amber-background-color has-text-color has-background\" href=\"#kontakt\" style=\"border-radius:10px\">SKONTAKTUJ SI\u0118 Z NAMI!<\/a><\/div>\n<\/div>\n\n\n\n<div style=\"height:95px\" aria-hidden=\"true\" class=\"wp-block-spacer\"><\/div>\n\n\n\n<h2 class=\"has-text-align-center has-large-font-size wp-block-heading\">Maksymalne bezpiecze\u0144stwo &#8211; SIL3, PLe<\/h2>\n\n\n\n<p class=\"has-text-align-center\" style=\"font-size:33px\">Dla zaawansowanych rozwi\u0105za\u0144 sterowania radiowego suwnicami<\/p>\n\n\n\n<div style=\"height:20px\" aria-hidden=\"true\" class=\"wp-block-spacer\"><\/div>\n\n\n\n<p class=\"has-text-align-center has-medium-font-size\">Sterowanie <strong>Tele Radio Tiger G2<\/strong> znajduje zastosowanie w bardziej zaawansowanych aplikacjach, kt\u00f3re wymagaj\u0105 uzyskiwania informacji zwrotnej. Wbudowane funkcje bezpiecze\u0144stwa spe\u0142niaj\u0105 najwy\u017csze standardy, dzi\u0119ki czemu ten system sterowania sprawdza si\u0119 idealnie tam, gdzie ryzyko powinno by\u0107 ograniczone do minimum &#8211; czyli we wszelkiego rodzaju suwnicach.<\/p>\n\n\n\n<div class=\"wp-block-columns is-layout-flex wp-container-core-columns-is-layout-9d6595d7 wp-block-columns-is-layout-flex\">\n<div class=\"wp-block-column is-layout-flow wp-block-column-is-layout-flow\">\n<div class=\"wp-block-cover aligncenter has-white-background-color has-background-dim\" style=\"min-height:700px;aspect-ratio:unset;\"><div class=\"wp-block-cover__inner-container is-layout-flow wp-block-cover-is-layout-flow\">\n<div class=\"wp-block-columns is-layout-flex wp-container-core-columns-is-layout-9d6595d7 wp-block-columns-is-layout-flex\">\n<div class=\"wp-block-column is-vertically-aligned-center is-layout-flow wp-block-column-is-layout-flow\">\n<div class=\"wp-block-cover has-background-dim-10 has-background-dim\"><img loading=\"lazy\" decoding=\"async\" width=\"2400\" height=\"1597\" class=\"wp-block-cover__image-background wp-image-114147\" alt=\"\" src=\"https:\/\/www.tele-radio.com\/app\/uploads\/FM_PH_TI_0108-1.jpg\" data-object-fit=\"cover\" srcset=\"https:\/\/www.tele-radio.com\/app\/uploads\/FM_PH_TI_0108-1.jpg 2400w, https:\/\/www.tele-radio.com\/app\/uploads\/FM_PH_TI_0108-1-400x266.jpg 400w, https:\/\/www.tele-radio.com\/app\/uploads\/FM_PH_TI_0108-1-1200x799.jpg 1200w, https:\/\/www.tele-radio.com\/app\/uploads\/FM_PH_TI_0108-1-768x511.jpg 768w, https:\/\/www.tele-radio.com\/app\/uploads\/FM_PH_TI_0108-1-1536x1022.jpg 1536w, https:\/\/www.tele-radio.com\/app\/uploads\/FM_PH_TI_0108-1-2048x1363.jpg 2048w, https:\/\/www.tele-radio.com\/app\/uploads\/FM_PH_TI_0108-1-750x499.jpg 750w, https:\/\/www.tele-radio.com\/app\/uploads\/FM_PH_TI_0108-1-500x333.jpg 500w, https:\/\/www.tele-radio.com\/app\/uploads\/FM_PH_TI_0108-1-1600x1065.jpg 1600w, https:\/\/www.tele-radio.com\/app\/uploads\/FM_PH_TI_0108-1-800x532.jpg 800w\" sizes=\"auto, (max-width: 2400px) 100vw, 2400px\" \/><div class=\"wp-block-cover__inner-container is-layout-flow wp-block-cover-is-layout-flow\">\n<p class=\"has-text-align-center has-large-font-size\"><\/p>\n<\/div><\/div>\n<\/div>\n\n\n\n<div class=\"wp-block-column is-vertically-aligned-center is-layout-flow wp-block-column-is-layout-flow\">\n<p><\/p>\n\n\n\n<h3 class=\"has-black-color has-text-color wp-block-heading\" style=\"font-size:22px\"><strong>\u2713<\/strong> Informacje zwrotne \/ Feedback&nbsp;<\/h3>\n\n\n\n<p class=\"has-black-color has-text-color\" style=\"font-size:18px\">Tiger ma mo\u017cliwo\u015b\u0107 cyfrowego i analogowego przesy\u0142ania informacji zwrotnych z odbiornika do nadajnika przez pod\u015bwietlenie diod LED, wy\u015bwietlenie ich na wy\u015bwietlaczu nadajnika lub zastosowanie sygna\u0142u d\u017awi\u0119kowego. Wy\u015bwietlane informacje mog\u0105 dotyczy\u0107 np. ci\u0119\u017caru podnoszonego obiektu, kod\u00f3w b\u0142\u0119d\u00f3w lub ostrze\u017ce\u0144 w postaci tekstu, symboli b\u0105d\u017a animacji.<\/p>\n\n\n\n<h3 class=\"has-black-color has-text-color wp-block-heading\" style=\"font-size:22px\"><strong>\u2713<\/strong> Dla suwnic pracuj\u0105cych w tandemie<\/h3>\n\n\n\n<p class=\"has-black-color has-text-color\" style=\"font-size:18px\">Zewn\u0119trzny modu\u0142 <strong>Tiger-Lynx<\/strong> umo\u017cliwia komunikacj\u0119 mi\u0119dzy r\u00f3\u017cnymi odbiornikami &#8211; informacje z jednego odbiornika mog\u0105 by\u0107 przesy\u0142ane do siedmiu innych. Tiger-Lynx dla funkcji tandemowej jest zgodny z europejsk\u0105 norm\u0105 EN15011.<\/p>\n\n\n\n<h3 class=\"has-black-color has-text-color wp-block-heading\" style=\"font-size:22px\"><strong>\u2713<\/strong> Niestandardowe rozwi\u0105zania dla joystick\u00f3w<\/h3>\n\n\n\n<p class=\"has-black-color has-text-color\" style=\"font-size:18px\">W ofercie Tele Radio Tiger G2 znajduj\u0105 si\u0119 r\u00f3wnie\u017c nadajniki joystickowe, kt\u00f3re mo\u017cemy dostosowa\u0107 do potrzeb klienta poprzez zamontowanie w nadajniku prze\u0142\u0105cznik\u00f3w, przycisk\u00f3w, joystick\u00f3w, potencjometr\u00f3w i joystick\u00f3w \u0142opatkowych.<\/p>\n<\/div>\n<\/div>\n<\/div><\/div>\n<\/div>\n<\/div>\n\n\n\n<div style=\"height:30px\" aria-hidden=\"true\" class=\"wp-block-spacer\"><\/div>\n\n\n\n<h2 class=\"has-text-align-center has-large-font-size wp-block-heading\" id=\"kontakt\">SKONTAKTUJ SI\u0118 Z NAMI!<\/h2>\n\n\n\n<p class=\"has-text-align-center\" style=\"font-size:24px\">Napisz do nas na WhatsApp, na Telegramie lub uzupe\u0142nij poni\u017cszy formularz, a przedstawimy Ci najlepsze i najkorzystniejsze cenowo rozwi\u0105zanie zdalnego sterowania radiowego<\/p>\n\n\n\n<div style=\"height:40px\" aria-hidden=\"true\" class=\"wp-block-spacer\"><\/div>\n\n\n\n<div class=\"wp-block-columns is-layout-flex wp-container-core-columns-is-layout-9d6595d7 wp-block-columns-is-layout-flex\">\n<div class=\"wp-block-column is-layout-flow wp-block-column-is-layout-flow\">\n<script id=\"zim-messageScript\" type=\"text\/javascript\">var _d=document;_d.write('<div id=\"zim-messageWidget\" style=\"display:flex;align-items:center;cursor:pointer;width:100%;\" onclick=window.open(\"https:\/\/wa.me\/message\/BJYMEZBZEY74M1\")><div style=\"display:flex;align-items:center;max-width:100%;border:2px solid transparent;box-sizing:border-box;background-color:#FFFFFF;border-color:#25D366;color:#128C7E;border-radius:20px;min-height:70px;padding:13px 18px\"><div style=\"flex-shrink:0;width:24px;height:24px\"><svg style=\"fill: currentColor;\" id=WHATSAPP viewBox=\"0 0 17 17\"><path d=\"M16.5333 8.7668C16.5333 13.0668 13.02 16.5535 8.67999 16.5535C7.29999 16.5535 6.01333 16.2001 4.87999 15.5868L0.533325 16.9668L1.95333 12.7868C1.21185 11.5746 0.81965 10.1811 0.819992 8.76013C0.826659 4.45346 4.34666 0.966797 8.68666 0.966797C13.0133 0.966797 16.5333 4.45346 16.5333 8.7668ZM8.67999 2.20013C5.03999 2.20013 2.07999 5.14013 2.07999 8.75346C2.07999 10.1868 2.54666 11.5135 3.33333 12.5935L2.50666 15.0335L5.03999 14.2335C6.12135 14.9422 7.38707 15.3178 8.67999 15.3135C12.32 15.3135 15.28 12.3801 15.28 8.76013C15.2712 7.01671 14.5715 5.3479 13.3343 4.11948C12.0972 2.89106 10.4234 2.20325 8.67999 2.2068V2.20013ZM12.6467 10.5535C12.5933 10.4735 12.4667 10.4268 12.2733 10.3335C12.0867 10.2401 11.14 9.77346 10.96 9.71346C10.7867 9.6468 10.6533 9.61346 10.5267 9.8068C10.3933 10.0001 10.0267 10.4268 9.91999 10.5535C9.80666 10.6868 9.69333 10.7001 9.49999 10.6068C9.30666 10.5068 8.68666 10.3068 7.95333 9.65346C7.53454 9.26854 7.17509 8.82372 6.88666 8.33346C6.76666 8.14013 6.86666 8.04013 6.96666 7.9468C7.05333 7.86013 7.15999 7.72013 7.25333 7.61346C7.35333 7.50013 7.38666 7.41346 7.44666 7.29346C7.51333 7.16013 7.47999 7.05346 7.43333 6.96013C7.37999 6.86013 6.99999 5.92013 6.83333 5.54013C6.67333 5.15346 6.51333 5.22013 6.40666 5.22013C6.29333 5.22013 6.15999 5.20013 6.03333 5.20013C5.89999 5.20013 5.69999 5.25346 5.51999 5.44013C5.34666 5.63346 4.85333 6.09346 4.85333 7.04013C4.85333 7.97346 5.53999 8.88013 5.63333 9.01346C5.72666 9.14013 6.96666 11.1268 8.91999 11.8935C10.88 12.6601 10.88 12.4068 11.2333 12.3735C11.5867 12.3401 12.3667 11.9068 12.5333 11.4668C12.6933 11.0201 12.6933 10.6335 12.6467 10.5535Z\"><\/path><\/svg><\/div>&nbsp;<div style=\"word-break:break-word;font-size:20px;margin-left:7px\">Napisz do nas na WhatsApp<\/div><\/div><\/div>');var _zim = _d.getElementById(\"zim-messageWidget\");var _r = _d.getElementById(\"zim-messageScript\");_r.parentNode.insertBefore(_zim, _r);<\/script>\n\n\n\n<div style=\"height:20px\" aria-hidden=\"true\" class=\"wp-block-spacer\"><\/div>\n<\/div>\n\n\n\n<div class=\"wp-block-column is-layout-flow wp-block-column-is-layout-flow\">\n<script id=\"zim-messageScript\" type=\"text\/javascript\">var _d=document;_d.write('<div id=\"zim-messageWidget\" style=\"display:flex;align-items:center;cursor:pointer;width:100%;\" onclick=window.open(\"https:\/\/t.me\/TeleRadioPolskaBot\")><div style=\"display:flex;align-items:center;max-width:100%;border:2px solid transparent;box-sizing:border-box;background-color:#fff;border-color:#4fa7d8;color:#4fa7d8;border-radius:20px;min-height:70px;padding:13px 18px\"><div style=\"flex-shrink:0;width:24px;height:24px\"><svg style=\"fill: currentColor;\" id=TELEGRAM viewBox=\"0 0 60 50\"><path d=\"M23.5429 32.9525L22.5504 46.9125C23.9704 46.9125 24.5854 46.3025 25.3229 45.57L31.9804 39.2075L45.7754 49.31C48.3054 50.72 50.0879 49.9775 50.7704 46.9825L59.8254 4.55254L59.8279 4.55004C60.6304 0.810037 58.4754 -0.652463 56.0104 0.265037L2.78544 20.6425C-0.847055 22.0525 -0.792055 24.0775 2.16794 24.995L15.7754 29.2275L47.3829 9.45004C48.8704 8.46504 50.2229 9.01004 49.1104 9.99504L23.5429 32.9525Z\"><\/path><\/svg><\/div>&nbsp;<div style=\"word-break:break-word;font-size:20px;margin-left:7px\">Napisz do nas na Telegram<\/div><\/div><\/div>');var _zim = _d.getElementById(\"zim-messageWidget\");var _r = _d.getElementById(\"zim-messageScript\");_r.parentNode.insertBefore(_zim, _r);<\/script>\n<\/div>\n<\/div>\n\n\n\n<div style=\"height:35px\" aria-hidden=\"true\" class=\"wp-block-spacer\"><\/div>\n\n\n\n<p class=\"has-medium-font-size\">Uzupe\u0142nij formularz \u2b07<\/p>\n\n\n\n<div id=\"zf_div_Do1HyxjTnCuad5bOH2_oNx43cmFiOSQQgsXV_rjySMI\"><\/div><script type=\"text\/javascript\">(function() {\ntry{\nvar f = document.createElement(\"iframe\");\nf.src = 'https:\/\/forms.zohopublic.eu\/teleradiopolskaspzoo\/form\/TwojedaneGoogleAd\/formperma\/Do1HyxjTnCuad5bOH2_oNx43cmFiOSQQgsXV_rjySMI';\nf.style.border=\"none\";\nf.style.height=\"800px\";\nf.style.width=\"90%\";\nf.style.transition=\"all 0.5s ease\";\nvar d = document.getElementById(\"zf_div_Do1HyxjTnCuad5bOH2_oNx43cmFiOSQQgsXV_rjySMI\");\nd.appendChild(f);\n}catch(e){}\n})();<\/script>\n\n\n\n<div style=\"height:80px\" aria-hidden=\"true\" class=\"wp-block-spacer\"><\/div>\n\n\n\n<h2 class=\"wp-block-heading\">INFORMACJE O FIRMIE TELE RADIO<\/h2>\n\n\n\n<p>Tele Radio Group to mi\u0119dzynarodowa firma, kt\u00f3ra opracowuje, produkuje i sprzedaje uniwersalne systemy sterowania radiowego dostosowane do zastosowa\u0144 w przemy\u015ble. Produkty tej marki przyczyniaj\u0105 si\u0119 do zwi\u0119kszenia komfortu i bezpiecze\u0144stwa \u015brodowiska pracy. Pierwsza firma, Tele Radio AB, zosta\u0142a za\u0142o\u017cona w Lysekil w Szwecji w 1955 roku i od tego czasu rozwin\u0119\u0142a si\u0119 w mi\u0119dzynarodow\u0105 grup\u0119 z siedzib\u0105 w Askim i r\u00f3\u017cnymi oddzia\u0142ami w Europie, Azji i USA.&nbsp;<\/p>\n\n\n\n<div style=\"height:20px\" aria-hidden=\"true\" class=\"wp-block-spacer\"><\/div>\n\n\n\n<h2 class=\"has-text-align-center wp-block-heading\" style=\"font-size:28px\">Chcesz wiedzie\u0107 wi\u0119cej?<\/h2>\n\n\n\n<div style=\"height:30px\" aria-hidden=\"true\" class=\"wp-block-spacer\"><\/div>\n\n\n\n<div class=\"wp-block-columns is-layout-flex wp-container-core-columns-is-layout-9d6595d7 wp-block-columns-is-layout-flex\">\n<div class=\"wp-block-column is-layout-flow wp-block-column-is-layout-flow\">\n<p class=\"has-text-align-center has-medium-font-size\"><a href=\"https:\/\/www.tele-radio.com\/app\/uploads\/Panther-PLd-sterowanie-do-suwnic.pdf\" target=\"_blank\" aria-label=\"undefined (opens in a new tab)\" rel=\"noreferrer noopener\">Pobierz ulotk\u0119 informacyjn\u0105 o sterowaniu Tele Radio Panther PLd<\/a><\/p>\n<\/div>\n\n\n\n<div class=\"wp-block-column is-layout-flow wp-block-column-is-layout-flow\">\n<p class=\"has-text-align-center has-medium-font-size\"><a href=\"https:\/\/www.tele-radio.com\/app\/uploads\/Tele-Radio-Tiger-G2.pdf\" target=\"_blank\" aria-label=\"undefined (opens in a new tab)\" rel=\"noreferrer noopener\">Pobierz ulotk\u0119 informacyjn\u0105 o sterowaniu Tele Radio Tiger G2<\/a><\/p>\n<\/div>\n<\/div>\n\n\n\n<div style=\"height:30px\" aria-hidden=\"true\" class=\"wp-block-spacer\"><\/div>\n\n\n\n<p><strong>By\u0107 mo\u017ce Ci\u0119 zainteresuje<\/strong>: <a href=\"https:\/\/www.tele-radio.com\/pl\/groupe-industriel-premium\/\">Przyk\u0142ad zastosowania sterowania Tele Radio w elektrycznych suwnicach pomostowych<\/a><\/p>\n\n\n\n<div style=\"height:70px\" aria-hidden=\"true\" class=\"wp-block-spacer\"><\/div>\n","protected":false},"excerpt":{"rendered":"<p>Zmodernizuj suwnice z Tele Radio! Popraw wydajno\u015b\u0107, bezpiecze\u0144stwo i widoczno\u015b\u0107 Bezprzewodowe sterowanie suwnicami jest stosowane przede wszystkim ze wzgl\u0119du na \u0142atwo\u015b\u0107&nbsp;obs\u0142ugi i bezpiecze\u0144stwo pracy. Tele Radio to mi\u0119dzynarodowa firma istniej\u0105ca od ponad 65 lat. Zdobyte do\u015bwiadczenie i szeroka oferta produkt\u00f3w pozwalaj\u0105 na opracowanie rozwi\u0105za\u0144 nawet dla najbardziej wymagaj\u0105cych aplikacji. Potwierdzaj\u0105 to nasze liczne wsp\u00f3\u0142prace z [&hellip;]<\/p>\n","protected":false},"author":87,"featured_media":75697,"parent":0,"menu_order":0,"comment_status":"closed","ping_status":"closed","template":"page-templates\/landing-page.php","meta":{"_acf_changed":false,"footnotes":""},"class_list":["post-113976","page","type-page","status-publish","has-post-thumbnail","hentry"],"acf":[],"_links":{"self":[{"href":"https:\/\/www.tele-radio.com\/pl\/wp-json\/wp\/v2\/pages\/113976","targetHints":{"allow":["GET"]}}],"collection":[{"href":"https:\/\/www.tele-radio.com\/pl\/wp-json\/wp\/v2\/pages"}],"about":[{"href":"https:\/\/www.tele-radio.com\/pl\/wp-json\/wp\/v2\/types\/page"}],"author":[{"embeddable":true,"href":"https:\/\/www.tele-radio.com\/pl\/wp-json\/wp\/v2\/users\/87"}],"replies":[{"embeddable":true,"href":"https:\/\/www.tele-radio.com\/pl\/wp-json\/wp\/v2\/comments?post=113976"}],"version-history":[{"count":115,"href":"https:\/\/www.tele-radio.com\/pl\/wp-json\/wp\/v2\/pages\/113976\/revisions"}],"predecessor-version":[{"id":120699,"href":"https:\/\/www.tele-radio.com\/pl\/wp-json\/wp\/v2\/pages\/113976\/revisions\/120699"}],"wp:featuredmedia":[{"embeddable":true,"href":"https:\/\/www.tele-radio.com\/pl\/wp-json\/wp\/v2\/media\/75697"}],"wp:attachment":[{"href":"https:\/\/www.tele-radio.com\/pl\/wp-json\/wp\/v2\/media?parent=113976"}],"curies":[{"name":"wp","href":"https:\/\/api.w.org\/{rel}","templated":true}]}}