{"id":109407,"date":"2022-06-29T12:40:34","date_gmt":"2022-06-29T12:40:34","guid":{"rendered":"https:\/\/www.tele-radio.com\/custom-line-solutions\/"},"modified":"2023-05-15T12:02:23","modified_gmt":"2023-05-15T12:02:23","slug":"custom-line-solutions","status":"publish","type":"page","link":"https:\/\/www.tele-radio.com\/pl\/custom-line-solutions\/","title":{"rendered":"Rozwi\u0105zania na zam\u00f3wienie &#8211; CUSTOM LINE"},"content":{"rendered":"\n<h1 class=\"wp-block-heading\">Rozwi\u0105zania tworzone na zam\u00f3wienie (Custom Line)<\/h1>\n\n\n\n<p style=\"font-size:28px\">Dla nadajnik\u00f3w Tele Radio VersaTEQ i SupraTEQ<\/p>\n\n\n\n<div class=\"wp-block-cover has-background-dim-30 has-black-background-color has-background-dim\" style=\"min-height:698px;aspect-ratio:unset;\"><img loading=\"lazy\" decoding=\"async\" width=\"2560\" height=\"1707\" class=\"wp-block-cover__image-background wp-image-106791\" alt=\"\" src=\"https:\/\/www.tele-radio.com\/app\/uploads\/TW78_4-scaled.jpg\" data-object-fit=\"cover\" srcset=\"https:\/\/www.tele-radio.com\/app\/uploads\/TW78_4-scaled.jpg 2560w, https:\/\/www.tele-radio.com\/app\/uploads\/TW78_4-400x267.jpg 400w, https:\/\/www.tele-radio.com\/app\/uploads\/TW78_4-1200x800.jpg 1200w, https:\/\/www.tele-radio.com\/app\/uploads\/TW78_4-768x512.jpg 768w, https:\/\/www.tele-radio.com\/app\/uploads\/TW78_4-1536x1024.jpg 1536w\" sizes=\"auto, (max-width: 2560px) 100vw, 2560px\" \/><div class=\"wp-block-cover__inner-container is-layout-flow wp-block-cover-is-layout-flow\">\n<h2 class=\"has-text-align-center has-large-font-size wp-block-heading\">Dostosowujemy nasze systemy sterowania w najmniejszych szczeg\u00f3\u0142ach<\/h2>\n<\/div><\/div>\n\n\n\n<div style=\"height:37px\" aria-hidden=\"true\" class=\"wp-block-spacer\"><\/div>\n\n\n\n<p>Ze wzgl\u0119du na modu\u0142ow\u0105 budow\u0119 nadajnik\u00f3w Tele Radio VersaTEQ i SupraTEQ, urz\u0105dzenia te daj\u0105 niemal nieograniczone mo\u017cliwo\u015bci ich dostosowania do potrzeb klienta. Pierwsz\u0105 rzecz\u0105 jest ustalenie rozmiaru: du\u017cy (SupraTEQ) lub \u015bredni (VersaTEQ). Nast\u0119pnie mo\u017cna wybiera\u0107 z szerokiego zakresu mo\u017cliwo\u015bci technicznych kryj\u0105cych si\u0119 pod obudow\u0105. Wszystkie nadajniki mo\u017cna skonfigurowa\u0107 wed\u0142ug opracowanej specyfikacji. Oczywi\u015bcie przy wyborze opcjo technicznych jest mo\u017cliwo\u015b\u0107 dobrania element\u00f3w sterowania takich jak przyciski, joysticki oraz joysticki \u0142opatkowe. Nie ma przeszk\u00f3d, by dostosowa\u0107 r\u00f3wnie\u017c wygl\u0105d przedniego panelu: za pomoc\u0105 nadruku w pe\u0142nym kolorze lub grawerowania, wed\u0142ug w\u0142asnego projektu.<\/p>\n\n\n\n<p>Kompaktowe odbiorniki tak\u017ce mo\u017cna w du\u017cym stopniu dostosowa\u0107 do swoich potrzeb: wiele programowalnych wej\u015b\u0107\/wyj\u015b\u0107, wiele mo\u017cliwych protoko\u0142\u00f3w Fieldbus, odczytywanie sygna\u0142\u00f3w zwrotnych, mo\u017cliwo\u015b\u0107 monta\u017cu anteny zewn\u0119trznej i zastosowania niestandardowego rozwi\u0105zania okablowania.<\/p>\n\n\n\n<p>Sterowanie radiowe z nadajnikami joystickowymi idealnie dopasowuje si\u0119 do Twoich potrzeb. To jest w\u0142a\u015bnie najwi\u0119ksz\u0105 zalet\u0105 VersaTEQ i SupraTEQ Custom Line.<\/p>\n\n\n\n<div style=\"height:33px\" aria-hidden=\"true\" class=\"wp-block-spacer\"><\/div>\n\n\n\n<h2 class=\"has-text-align-center has-luminous-vivid-amber-color has-black-background-color has-text-color has-background has-large-font-size wp-block-heading\">Odkryj mo\u017cliwo\u015bci dopasowania naszych nadajnik\u00f3w z manipulatorami<\/h2>\n\n\n\n<div style=\"height:39px\" aria-hidden=\"true\" class=\"wp-block-spacer\"><\/div>\n\n\n\n<h2 class=\"has-text-align-center wp-block-heading\">WYBIERZ TYP OBUDOWY<\/h2>\n\n\n\n<div style=\"height:46px\" aria-hidden=\"true\" class=\"wp-block-spacer\"><\/div>\n\n\n\n<figure class=\"wp-block-table is-style-stripes\"><table class=\"has-black-color has-luminous-vivid-amber-background-color has-text-color has-background\"><thead><tr><th class=\"has-text-align-center\" data-align=\"center\"><meta charset=\"utf-8\"><strong>VersaTEQ TW57<\/strong><\/th><th class=\"has-text-align-center\" data-align=\"center\"><meta charset=\"utf-8\"><strong>SupraTEQ TW77<\/strong><\/th><th class=\"has-text-align-center\" data-align=\"center\"><meta charset=\"utf-8\"><strong>SupraTEQ TW78<\/strong><\/th><\/tr><\/thead><tbody><tr><td class=\"has-text-align-center\" data-align=\"center\">24 cm<\/td><td class=\"has-text-align-center\" data-align=\"center\">33 cm<\/td><td class=\"has-text-align-center\" data-align=\"center\">33 cm<\/td><\/tr><tr><td class=\"has-text-align-center\" data-align=\"center\">wy\u015bwietlacz 320 x 240 px<\/td><td class=\"has-text-align-center\" data-align=\"center\">wy\u015bwietlacz 320 x 240 px<\/td><td class=\"has-text-align-center\" data-align=\"center\">wy\u015bwietlacz 480 x 272 px<\/td><\/tr><\/tbody><\/table><\/figure>\n\n\n\n<div style=\"height:68px\" aria-hidden=\"true\" class=\"wp-block-spacer\"><\/div>\n\n\n\n<h2 class=\"has-text-align-center wp-block-heading\">OPCJE W NADAJNIKACH TWORZONYCH NA ZAM\u00d3WIENIE<\/h2>\n\n\n\n<div style=\"height:67px\" aria-hidden=\"true\" class=\"wp-block-spacer\"><\/div>\n\n\n\n<div class=\"wp-block-image\"><figure class=\"aligncenter size-large is-resized\"><img loading=\"lazy\" decoding=\"async\" src=\"https:\/\/www.tele-radio.com\/app\/uploads\/\/PUMA_CUSTOM_OPTIONS-1200x632.png\" alt=\"UPPT\u00c4CK FLEXIBLITETEN MED V\u00c5RA PUMA\u00a0CUSTOM LINE-S\u00c4NDARE\" class=\"wp-image-42772\" width=\"680\" height=\"358\" srcset=\"https:\/\/www.tele-radio.com\/app\/uploads\/PUMA_CUSTOM_OPTIONS-1200x632.png 1200w, https:\/\/www.tele-radio.com\/app\/uploads\/PUMA_CUSTOM_OPTIONS-400x211.png 400w, https:\/\/www.tele-radio.com\/app\/uploads\/PUMA_CUSTOM_OPTIONS-768x405.png 768w, https:\/\/www.tele-radio.com\/app\/uploads\/PUMA_CUSTOM_OPTIONS-750x395.png 750w, https:\/\/www.tele-radio.com\/app\/uploads\/PUMA_CUSTOM_OPTIONS-500x264.png 500w, https:\/\/www.tele-radio.com\/app\/uploads\/PUMA_CUSTOM_OPTIONS-1600x843.png 1600w, https:\/\/www.tele-radio.com\/app\/uploads\/PUMA_CUSTOM_OPTIONS-800x422.png 800w, https:\/\/www.tele-radio.com\/app\/uploads\/PUMA_CUSTOM_OPTIONS.png 2000w\" sizes=\"auto, (max-width: 680px) 100vw, 680px\" \/><\/figure><\/div>\n\n\n\n<div style=\"height:28px\" aria-hidden=\"true\" class=\"wp-block-spacer\"><\/div>\n\n\n\n<div class=\"wp-block-image\"><figure class=\"aligncenter size-full is-resized\"><img loading=\"lazy\" decoding=\"async\" src=\"https:\/\/www.tele-radio.com\/app\/uploads\/icons_banner_PL_krzywe-1.png\" alt=\"\" class=\"wp-image-60277\" width=\"544\" height=\"110\"\/><\/figure><\/div>\n\n\n\n<div style=\"height:100px\" aria-hidden=\"true\" class=\"wp-block-spacer\"><\/div>\n\n\n\n<div class=\"wp-block-media-text alignwide is-stacked-on-mobile\" style=\"grid-template-columns:27% auto\"><figure class=\"wp-block-media-text__media\"><img loading=\"lazy\" decoding=\"async\" width=\"1200\" height=\"900\" src=\"https:\/\/www.tele-radio.com\/app\/uploads\/\/PM_PM_HY-T24_0002-1200x900.jpg\" alt=\"\" class=\"wp-image-42842 size-full\" srcset=\"https:\/\/www.tele-radio.com\/app\/uploads\/PM_PM_HY-T24_0002-1200x900.jpg 1200w, https:\/\/www.tele-radio.com\/app\/uploads\/PM_PM_HY-T24_0002-400x300.jpg 400w, https:\/\/www.tele-radio.com\/app\/uploads\/PM_PM_HY-T24_0002-768x576.jpg 768w, https:\/\/www.tele-radio.com\/app\/uploads\/PM_PM_HY-T24_0002-750x563.jpg 750w, https:\/\/www.tele-radio.com\/app\/uploads\/PM_PM_HY-T24_0002-500x375.jpg 500w, https:\/\/www.tele-radio.com\/app\/uploads\/PM_PM_HY-T24_0002-1600x1200.jpg 1600w, https:\/\/www.tele-radio.com\/app\/uploads\/PM_PM_HY-T24_0002-800x600.jpg 800w\" sizes=\"auto, (max-width: 1200px) 100vw, 1200px\" \/><\/figure><div class=\"wp-block-media-text__content\">\n<p><\/p>\n\n\n\n<p style=\"font-size:19px\"><strong>Elastyczno\u015b\u0107<\/strong><br><br>Custom Line oferuje niespotykane dot\u0105d mo\u017cliwo\u015bci w zakresie modyfikacji oprogramowania. Po konsultacjach z naszym dzia\u0142em handlowym okre\u015blasz po\u017c\u0105dan\u0105 funkcjonalno\u015b\u0107 systemu dostosowan\u0105 do Twoich \u017cycze\u0144 oraz mo\u017cliwo\u015bci sterowanej maszyny, d\u017awignicy, pojazdu czy statku.<br>Przyk\u0142adowo, mo\u017cna wy\u015bwietli\u0107 na ekranie sygna\u0142y zwrotne aplikacji. Dost\u0119pnych jest wiele opcji ustawie\u0144 sygna\u0142\u00f3w przekazywanych z nadajnika do maszyny, a ekran LCD da si\u0119 dostosowa\u0107 do w\u0142asnych potrzeb. Dodatkowo sygna\u0142y mog\u0105 by\u0107 wy\u015bwietlane w postaci wykres\u00f3w, animacji i innych.<\/p>\n<\/div><\/div>\n\n\n\n<div style=\"height:10px\" aria-hidden=\"true\" class=\"wp-block-spacer\"><\/div>\n\n\n\n<hr class=\"wp-block-separator\"\/>\n\n\n\n<div class=\"wp-block-media-text alignwide is-stacked-on-mobile\" style=\"grid-template-columns:27% auto\"><figure class=\"wp-block-media-text__media\"><img loading=\"lazy\" decoding=\"async\" width=\"1200\" height=\"900\" src=\"https:\/\/www.tele-radio.com\/app\/uploads\/\/PM_PM_HY-T24_0006-1200x900.jpg\" alt=\"Justering av h\u00e5rdvara\" class=\"wp-image-43083 size-full\" srcset=\"https:\/\/www.tele-radio.com\/app\/uploads\/PM_PM_HY-T24_0006-1200x900.jpg 1200w, https:\/\/www.tele-radio.com\/app\/uploads\/PM_PM_HY-T24_0006-400x300.jpg 400w, https:\/\/www.tele-radio.com\/app\/uploads\/PM_PM_HY-T24_0006-768x576.jpg 768w, https:\/\/www.tele-radio.com\/app\/uploads\/PM_PM_HY-T24_0006-750x563.jpg 750w, https:\/\/www.tele-radio.com\/app\/uploads\/PM_PM_HY-T24_0006-500x375.jpg 500w, https:\/\/www.tele-radio.com\/app\/uploads\/PM_PM_HY-T24_0006-1600x1200.jpg 1600w, https:\/\/www.tele-radio.com\/app\/uploads\/PM_PM_HY-T24_0006-800x600.jpg 800w\" sizes=\"auto, (max-width: 1200px) 100vw, 1200px\" \/><\/figure><div class=\"wp-block-media-text__content\">\n<p><\/p>\n\n\n\n<p style=\"font-size:19px\"><strong>Funkcjonalno\u015b\u0107<\/strong><br><br>Wygl\u0105d i funkcje nadajnika mo\u017cna dostosowa\u0107 do w\u0142asnych potrzeb. Nadajniki z manipulatorami Tele Radio s\u0105 przygotowane na wiele mo\u017cliwo\u015bci.<br>Opr\u00f3cz wyboru wielko\u015bci obudowy, mo\u017cliwe jest wyposa\u017cenie r\u0119koje\u015bci nadajnika w diody LED pod\u015bwietlaj\u0105ce przedni panel i elementy steruj\u0105ce, dzi\u0119ki czemu s\u0105 one widoczne w ciemno\u015bci. Mo\u017cna doda\u0107 wibracje, tak aby sygna\u0142 zwrotny by\u0142 odczuwalny przez dotyk oraz zastosowa\u0107 fizyczn\u0105 blokad\u0119 nadajnika. Oczywi\u015bcie nie ma przeszk\u00f3d, by dopasowa\u0107 do swoich potrzeb r\u00f3wnie\u017c odbiornik. Mo\u017ce on zosta\u0107 zaopatrzony w wewn\u0119trzn\u0105 lub zewn\u0119trzn\u0105 anten\u0119, aktywn\u0105 anten\u0119, dodatkowe przeka\u017aniki, modu\u0142y BUS lub indywidualne rozwi\u0105zanie okablowania.<\/p>\n<\/div><\/div>\n\n\n\n<div style=\"height:10px\" aria-hidden=\"true\" class=\"wp-block-spacer\"><\/div>\n\n\n\n<hr class=\"wp-block-separator\"\/>\n\n\n\n<div class=\"wp-block-media-text alignwide is-stacked-on-mobile\" style=\"grid-template-columns:27% auto\"><figure class=\"wp-block-media-text__media\"><img loading=\"lazy\" decoding=\"async\" width=\"1200\" height=\"900\" src=\"https:\/\/www.tele-radio.com\/app\/uploads\/\/PM_PM_HY-T24_0004-1-1200x900.jpg\" alt=\"Kontrollelement\" class=\"wp-image-43104 size-full\" srcset=\"https:\/\/www.tele-radio.com\/app\/uploads\/PM_PM_HY-T24_0004-1-1200x900.jpg 1200w, https:\/\/www.tele-radio.com\/app\/uploads\/PM_PM_HY-T24_0004-1-400x300.jpg 400w, https:\/\/www.tele-radio.com\/app\/uploads\/PM_PM_HY-T24_0004-1-768x576.jpg 768w, https:\/\/www.tele-radio.com\/app\/uploads\/PM_PM_HY-T24_0004-1-750x563.jpg 750w, https:\/\/www.tele-radio.com\/app\/uploads\/PM_PM_HY-T24_0004-1-500x375.jpg 500w, https:\/\/www.tele-radio.com\/app\/uploads\/PM_PM_HY-T24_0004-1-1600x1200.jpg 1600w, https:\/\/www.tele-radio.com\/app\/uploads\/PM_PM_HY-T24_0004-1-800x600.jpg 800w\" sizes=\"auto, (max-width: 1200px) 100vw, 1200px\" \/><\/figure><div class=\"wp-block-media-text__content\">\n<p><\/p>\n\n\n\n<p style=\"font-size:19px\"><strong>Elementy steruj\u0105ce<\/strong><br><br>Elementy steruj\u0105ce w du\u017cym stopniu przyczyniaj\u0105 si\u0119 do tego, jak \u0142atwa b\u0119dzie obs\u0142uga maszyny, urz\u0105dzenia, pojazdu lub statku. Wa\u017cnym wi\u0119c jest, aby starannie dobra\u0107 i zaplanowa\u0107 ich rozmieszczenie. W naszej ofercie znajduje si\u0119 szeroki wyb\u00f3r element\u00f3w steruj\u0105cych.<br>Mo\u017cesz zaopatrzy\u0107 sw\u00f3j nadajnik w r\u00f3\u017cnego rodzaju joysticki z przyciskami w g\u00f3rnej cz\u0119\u015bci b\u0105d\u017a bez nich, joysticki \u0142opatkowe, (wciskane) prze\u0142\u0105czniki w wielu u\u0142o\u017ceniach, prze\u0142\u0105czniki bistabilne, potencjometry, itd. Niekt\u00f3re elementy steruj\u0105ce mo\u017cna wyposa\u017cy\u0107 we wbudowan\u0105 diod\u0119 lub wska\u017anik LED obok przycisku na przednim panelu. Przyciskom mo\u017cna nada\u0107 tak\u017ce specjalne kolory, aby obs\u0142uga mog\u0142a by\u0107 bardziej intuicyjna.<\/p>\n<\/div><\/div>\n\n\n\n<div style=\"height:10px\" aria-hidden=\"true\" class=\"wp-block-spacer\"><\/div>\n\n\n\n<hr class=\"wp-block-separator\"\/>\n\n\n\n<div class=\"wp-block-media-text alignwide is-stacked-on-mobile\" style=\"grid-template-columns:27% auto\"><figure class=\"wp-block-media-text__media\"><img loading=\"lazy\" decoding=\"async\" width=\"1200\" height=\"900\" src=\"https:\/\/www.tele-radio.com\/app\/uploads\/\/PH_PM_HY-T24_0016-1200x900.jpg\" alt=\"Face plates\" class=\"wp-image-43125 size-full\" srcset=\"https:\/\/www.tele-radio.com\/app\/uploads\/PH_PM_HY-T24_0016.jpg 1200w, https:\/\/www.tele-radio.com\/app\/uploads\/PH_PM_HY-T24_0016-400x300.jpg 400w, https:\/\/www.tele-radio.com\/app\/uploads\/PH_PM_HY-T24_0016-768x576.jpg 768w, https:\/\/www.tele-radio.com\/app\/uploads\/PH_PM_HY-T24_0016-750x563.jpg 750w, https:\/\/www.tele-radio.com\/app\/uploads\/PH_PM_HY-T24_0016-500x375.jpg 500w, https:\/\/www.tele-radio.com\/app\/uploads\/PH_PM_HY-T24_0016-800x600.jpg 800w\" sizes=\"auto, (max-width: 1200px) 100vw, 1200px\" \/><\/figure><div class=\"wp-block-media-text__content\">\n<p><\/p>\n\n\n\n<p style=\"font-size:19px\"><strong>Panel przedni<\/strong><br><br>Panel przedni nadajnika jest czym\u015b, co wyr\u00f3\u017cnia seri\u0119 Custom Line. Projektuj\u0105c i wykonuj\u0105c przedni panel dostosowany do w\u0142asnych upodoba\u0144, nadajnik zyskuje na \u0142atwo\u015bci obs\u0142ugi i wygl\u0105dzie. Mo\u017cesz zaprezentowa\u0107 logo swojej firmy lub inne znaki firmowe. Przez zastosowanie odpowiednich oznacze\u0144 i ikon na przednim panelu zapewniasz wydajniejsze i bezpieczniejsze u\u017cytkowanie.<br>Przedni panel mo\u017ce by\u0107 wydrukowany lub wygrawerowany. Istnieje pe\u0142na dowolno\u015b\u0107 co do rodzaju ikon, czcionek, logo, itp. Przedni panel, tak jak ca\u0142y nadajnik, jest bardzo odporny na zabrudzenia, p\u0142yny, smar i tym podobne. Nasz dzia\u0142 handlowy z przyjemno\u015bci\u0105 doradzi w wyborze najbardziej odpowiedniego systemu.<\/p>\n<\/div><\/div>\n\n\n\n<div style=\"height:10px\" aria-hidden=\"true\" class=\"wp-block-spacer\"><\/div>\n\n\n\n<hr class=\"wp-block-separator\"\/>\n\n\n\n<div class=\"wp-block-media-text alignwide is-stacked-on-mobile\" style=\"grid-template-columns:27% auto\"><figure class=\"wp-block-media-text__media\"><img loading=\"lazy\" decoding=\"async\" width=\"1200\" height=\"900\" src=\"https:\/\/www.tele-radio.com\/app\/uploads\/\/Certificaten-1200x900.jpg\" alt=\"certifiering\" class=\"wp-image-43146 size-full\" srcset=\"https:\/\/www.tele-radio.com\/app\/uploads\/Certificaten.jpg 1200w, https:\/\/www.tele-radio.com\/app\/uploads\/Certificaten-400x300.jpg 400w, https:\/\/www.tele-radio.com\/app\/uploads\/Certificaten-768x576.jpg 768w, https:\/\/www.tele-radio.com\/app\/uploads\/Certificaten-750x563.jpg 750w, https:\/\/www.tele-radio.com\/app\/uploads\/Certificaten-500x375.jpg 500w, https:\/\/www.tele-radio.com\/app\/uploads\/Certificaten-800x600.jpg 800w\" sizes=\"auto, (max-width: 1200px) 100vw, 1200px\" \/><\/figure><div class=\"wp-block-media-text__content\">\n<p><\/p>\n\n\n\n<p style=\"font-size:19px\"><strong>Certyfikaty<\/strong><br><br>Systemy Tele Radio s\u0105 cz\u0119sto stosowane w obszarach wysokiego ryzyka, w kt\u00f3rych zawsze powinno mie\u0107 si\u0119 pewno\u015b\u0107 co do bezpiecze\u0144stwa systemu. W takich sytuacjach funkcja awaryjnego zatrzymania (safety stop) musi zadzia\u0142a\u0107 bez problemu i zatrzyma\u0107 dzia\u0142anie danej maszyny czy urz\u0105dzenia.<br>Niezawodno\u015b\u0107 safety stop w nadajniku definiuje si\u0119 w r\u00f3\u017cnych, oficjalnie okre\u015blonych, poziomach bezpiecze\u0144stwa (<strong>SIL3, PLd, PLe, CAT3<\/strong> itp.), dla kt\u00f3rych Tele Radio uzyska\u0142o niezale\u017cne certyfikaty.<br>System sterowania Custom Line mo\u017ce by\u0107 wykonany zgodnie z po\u017c\u0105danym standardem bezpiecze\u0144stwa. Dzi\u0119ki temu jest on bezpieczny w u\u017cyciu w ka\u017cdych warunkach.<\/p>\n<\/div><\/div>\n\n\n\n<div style=\"height:71px\" aria-hidden=\"true\" class=\"wp-block-spacer\"><\/div>\n\n\n\n<h2 class=\"has-text-align-center has-luminous-vivid-amber-color has-black-background-color has-text-color has-background wp-block-heading\">Warto\u015b\u0107 dodana naszych produkt\u00f3w<\/h2>\n\n\n\n<div style=\"height:50px\" aria-hidden=\"true\" class=\"wp-block-spacer\"><\/div>\n\n\n\n<div class=\"wp-block-image is-style-rounded\"><figure class=\"alignleft size-full is-resized\"><img loading=\"lazy\" decoding=\"async\" src=\"https:\/\/www.tele-radio.com\/app\/uploads\/Contact-1.png\" alt=\"\" class=\"wp-image-106305\" width=\"111\" height=\"111\" srcset=\"https:\/\/www.tele-radio.com\/app\/uploads\/Contact-1.png 417w, https:\/\/www.tele-radio.com\/app\/uploads\/Contact-1-400x400.png 400w, https:\/\/www.tele-radio.com\/app\/uploads\/Contact-1-150x150.png 150w, https:\/\/www.tele-radio.com\/app\/uploads\/Contact-1-250x250.png 250w\" sizes=\"auto, (max-width: 111px) 100vw, 111px\" \/><\/figure><\/div>\n\n\n\n<p><strong>Doradzamy w wyborze odpowiedniego systemu sterowania<\/strong><\/p>\n\n\n\n<p>Skontaktuj si\u0119 z nami, aby uzyska\u0107 wi\u0119cej szczeg\u00f3\u0142\u00f3w o naszych produktach i pomoc w dobraniu odpowiedniego sterowania do Twojej aplikacji.&nbsp;<\/p>\n\n\n\n<p><\/p>\n\n\n\n<p><\/p>\n\n\n\n<div style=\"height:15px\" aria-hidden=\"true\" class=\"wp-block-spacer\"><\/div>\n\n\n\n<div class=\"wp-block-image is-style-rounded\"><figure class=\"alignleft is-resized\"><img loading=\"lazy\" decoding=\"async\" src=\"https:\/\/www.tele-radio.com\/app\/uploads\/Signaal2.png\" alt=\"\" class=\"wp-image-40681\" width=\"111\" height=\"111\" srcset=\"https:\/\/www.tele-radio.com\/app\/uploads\/Signaal2.png 162w, https:\/\/www.tele-radio.com\/app\/uploads\/Signaal2-150x150.png 150w\" sizes=\"auto, (max-width: 111px) 100vw, 111px\" \/><\/figure><\/div>\n\n\n\n<h3 class=\"wp-block-heading\"><strong>Posiadamy w\u0142asny dzia\u0142 pomocy technicznej<\/strong><\/h3>\n\n\n\n<p>Oferujemy wsparcie, pomoc w instalacji i naprawy na miejscu.<\/p>\n\n\n\n<p><\/p>\n\n\n\n<p><\/p>\n\n\n\n<div style=\"height:15px\" aria-hidden=\"true\" class=\"wp-block-spacer\"><\/div>\n\n\n\n<div class=\"wp-block-image is-style-rounded\"><figure class=\"alignleft is-resized\"><img loading=\"lazy\" decoding=\"async\" src=\"https:\/\/www.tele-radio.com\/app\/uploads\/Icon_safety.png\" alt=\"\" class=\"wp-image-42940\" width=\"111\" height=\"111\" srcset=\"https:\/\/www.tele-radio.com\/app\/uploads\/Icon_safety.png 162w, https:\/\/www.tele-radio.com\/app\/uploads\/Icon_safety-150x150.png 150w\" sizes=\"auto, (max-width: 111px) 100vw, 111px\" \/><\/figure><\/div>\n\n\n\n<h3 class=\"wp-block-heading\"><strong>Nadajniki i odbiorniki Tele Radio s\u0105 niezale\u017cnie certyfikowane<\/strong><\/h3>\n\n\n\n<p>Dla wszystkich produkt\u00f3w Tele Radio posiadaj\u0105cych certyfikat bezpiecze\u0144stwa mo\u017cemy dostarczy\u0107 raporty homologacyjne z niezale\u017cnej jednostki badawczej. Wi\u0119cej na ten temat mo\u017cna przeczyta\u0107 TUTAJ.<\/p>\n\n\n\n<p><\/p>\n\n\n\n<p><\/p>\n\n\n\n<p><\/p>\n\n\n\n<div style=\"height:55px\" aria-hidden=\"true\" class=\"wp-block-spacer\"><\/div>\n\n\n\n<div class=\"wp-block-columns is-layout-flex wp-container-core-columns-is-layout-9d6595d7 wp-block-columns-is-layout-flex\">\n<div class=\"wp-block-column is-layout-flow wp-block-column-is-layout-flow\">\n<div class=\"wp-block-image is-style-default\"><figure class=\"aligncenter size-large\"><a href=\"https:\/\/www.tele-radio.com\/pl\/suprateq\/\"><img loading=\"lazy\" decoding=\"async\" width=\"1200\" height=\"1032\" src=\"https:\/\/www.tele-radio.com\/app\/uploads\/\/SUPRATEQ_Banner_PL-1200x1032.png\" alt=\"\" class=\"wp-image-109424\" srcset=\"https:\/\/www.tele-radio.com\/app\/uploads\/SUPRATEQ_Banner_PL-1200x1032.png 1200w, https:\/\/www.tele-radio.com\/app\/uploads\/SUPRATEQ_Banner_PL-400x344.png 400w, https:\/\/www.tele-radio.com\/app\/uploads\/SUPRATEQ_Banner_PL-768x661.png 768w, https:\/\/www.tele-radio.com\/app\/uploads\/SUPRATEQ_Banner_PL-750x645.png 750w, https:\/\/www.tele-radio.com\/app\/uploads\/SUPRATEQ_Banner_PL-500x430.png 500w, https:\/\/www.tele-radio.com\/app\/uploads\/SUPRATEQ_Banner_PL-800x688.png 800w, https:\/\/www.tele-radio.com\/app\/uploads\/SUPRATEQ_Banner_PL.png 1425w\" sizes=\"auto, (max-width: 1200px) 100vw, 1200px\" \/><\/a><\/figure><\/div>\n<\/div>\n\n\n\n<div class=\"wp-block-column is-layout-flow wp-block-column-is-layout-flow\">\n<div class=\"wp-block-image is-style-default\"><figure class=\"aligncenter size-large\"><a href=\"https:\/\/www.tele-radio.com\/pl\/versateq\/\"><img loading=\"lazy\" decoding=\"async\" width=\"1200\" height=\"1032\" src=\"https:\/\/www.tele-radio.com\/app\/uploads\/\/VERSATEQ_Banner_PL-1200x1032.png\" alt=\"\" class=\"wp-image-109447\" srcset=\"https:\/\/www.tele-radio.com\/app\/uploads\/VERSATEQ_Banner_PL-1200x1032.png 1200w, https:\/\/www.tele-radio.com\/app\/uploads\/VERSATEQ_Banner_PL-400x344.png 400w, https:\/\/www.tele-radio.com\/app\/uploads\/VERSATEQ_Banner_PL-768x660.png 768w, https:\/\/www.tele-radio.com\/app\/uploads\/VERSATEQ_Banner_PL-750x645.png 750w, https:\/\/www.tele-radio.com\/app\/uploads\/VERSATEQ_Banner_PL-500x430.png 500w, https:\/\/www.tele-radio.com\/app\/uploads\/VERSATEQ_Banner_PL-800x688.png 800w, https:\/\/www.tele-radio.com\/app\/uploads\/VERSATEQ_Banner_PL.png 1426w\" sizes=\"auto, (max-width: 1200px) 100vw, 1200px\" \/><\/a><\/figure><\/div>\n<\/div>\n<\/div>\n","protected":false},"excerpt":{"rendered":"<p>Rozwi\u0105zania tworzone na zam\u00f3wienie (Custom Line) Dla nadajnik\u00f3w Tele Radio VersaTEQ i SupraTEQ Ze wzgl\u0119du na modu\u0142ow\u0105 budow\u0119 nadajnik\u00f3w Tele Radio VersaTEQ i SupraTEQ, urz\u0105dzenia te daj\u0105 niemal nieograniczone mo\u017cliwo\u015bci ich dostosowania do potrzeb klienta. Pierwsz\u0105 rzecz\u0105 jest ustalenie rozmiaru: du\u017cy (SupraTEQ) lub \u015bredni (VersaTEQ). Nast\u0119pnie mo\u017cna wybiera\u0107 z szerokiego zakresu mo\u017cliwo\u015bci technicznych kryj\u0105cych si\u0119 [&hellip;]<\/p>\n","protected":false},"author":87,"featured_media":0,"parent":0,"menu_order":0,"comment_status":"closed","ping_status":"closed","template":"","meta":{"_acf_changed":false,"footnotes":""},"class_list":["post-109407","page","type-page","status-publish","hentry"],"acf":[],"_links":{"self":[{"href":"https:\/\/www.tele-radio.com\/pl\/wp-json\/wp\/v2\/pages\/109407","targetHints":{"allow":["GET"]}}],"collection":[{"href":"https:\/\/www.tele-radio.com\/pl\/wp-json\/wp\/v2\/pages"}],"about":[{"href":"https:\/\/www.tele-radio.com\/pl\/wp-json\/wp\/v2\/types\/page"}],"author":[{"embeddable":true,"href":"https:\/\/www.tele-radio.com\/pl\/wp-json\/wp\/v2\/users\/87"}],"replies":[{"embeddable":true,"href":"https:\/\/www.tele-radio.com\/pl\/wp-json\/wp\/v2\/comments?post=109407"}],"version-history":[{"count":5,"href":"https:\/\/www.tele-radio.com\/pl\/wp-json\/wp\/v2\/pages\/109407\/revisions"}],"predecessor-version":[{"id":154601,"href":"https:\/\/www.tele-radio.com\/pl\/wp-json\/wp\/v2\/pages\/109407\/revisions\/154601"}],"wp:attachment":[{"href":"https:\/\/www.tele-radio.com\/pl\/wp-json\/wp\/v2\/media?parent=109407"}],"curies":[{"name":"wp","href":"https:\/\/api.w.org\/{rel}","templated":true}]}}