{"id":109305,"date":"2022-06-30T13:49:32","date_gmt":"2022-06-30T13:49:32","guid":{"rendered":"https:\/\/www.tele-radio.com\/versateq\/"},"modified":"2023-05-15T11:58:30","modified_gmt":"2023-05-15T11:58:30","slug":"versateq","status":"publish","type":"page","link":"https:\/\/www.tele-radio.com\/pl\/versateq\/","title":{"rendered":"VERSATEQ"},"content":{"rendered":"\n<div style=\"height:11px\" aria-hidden=\"true\" class=\"wp-block-spacer\"><\/div>\n\n\n\n<div class=\"wp-block-image is-style-rounded\"><figure class=\"alignright size-large is-resized\"><img loading=\"lazy\" decoding=\"async\" src=\"https:\/\/www.tele-radio.com\/app\/uploads\/\/VersaTEQ_Collage-1200x1200.jpg\" alt=\"\" class=\"wp-image-106602\" width=\"426\" height=\"426\" srcset=\"https:\/\/www.tele-radio.com\/app\/uploads\/VersaTEQ_Collage.jpg 1200w, https:\/\/www.tele-radio.com\/app\/uploads\/VersaTEQ_Collage-400x400.jpg 400w, https:\/\/www.tele-radio.com\/app\/uploads\/VersaTEQ_Collage-150x150.jpg 150w, https:\/\/www.tele-radio.com\/app\/uploads\/VersaTEQ_Collage-768x768.jpg 768w, https:\/\/www.tele-radio.com\/app\/uploads\/VersaTEQ_Collage-250x250.jpg 250w, https:\/\/www.tele-radio.com\/app\/uploads\/VersaTEQ_Collage-750x750.jpg 750w, https:\/\/www.tele-radio.com\/app\/uploads\/VersaTEQ_Collage-500x500.jpg 500w, https:\/\/www.tele-radio.com\/app\/uploads\/VersaTEQ_Collage-800x800.jpg 800w\" sizes=\"auto, (max-width: 426px) 100vw, 426px\" \/><\/figure><\/div>\n\n\n\n<h1 class=\"has-huge-font-size wp-block-heading\">VersaTEQ<\/h1>\n\n\n\n<p style=\"font-size:28px\">Wielofunkcyjny nadajnik z manipulatorami<\/p>\n\n\n\n<p>Nasze \u015brednio zaawansowane rozwi\u0105zanie dla nadajnik\u00f3w z manipulatorami (joystickowych) z wygodn\u0105 i ergonomiczna konstrukcj\u0105. Nadajniki maj\u0105 szeroko\u015b\u0107 oko\u0142o 24 cm i uchwyty, na kt\u00f3rych naturalnie uk\u0142adaj\u0105 si\u0119 d\u0142onie. Aby zagwarantowa\u0107 bezpiecze\u0144stwo u\u017cytkownika, ka\u017cdy z nadajnik\u00f3w <strong>VersaTEQ<\/strong> posiada niezale\u017cnie certyfikowan\u0105 funkcj\u0119 zatrzymania awaryjnego na poziomie PLd+Cat3. Sterowanie <strong>VersaTEQ<\/strong> jest solidne, wszechstronne i elastyczne, dzi\u0119ki czemu sprawdzi si\u0119 w wielu zastosowaniach, m.in. hydraulicznych, mobilnych i przemys\u0142owych.<\/p>\n\n\n\n<div style=\"height:11px\" aria-hidden=\"true\" class=\"wp-block-spacer\"><\/div>\n\n\n\n<h2 class=\"has-text-align-center has-large-font-size wp-block-heading\">Unikalna technologia<\/h2>\n\n\n\n<p>W Tele Radio wierzymy w si\u0142\u0119 innowacji. Opracowali\u015bmy nasze systemy sterowania tak, by pozwala\u0142y na sprawniejsz\u0105 obs\u0142ug\u0119 i sterowanie sprz\u0119tem przy u\u017cyciu najnowszej technologii. Tele Radio <strong>VersaTEQ<\/strong> posiada mi\u0119dzy innymi poni\u017csze specjalne cechy i mo\u017cliwo\u015bci:<\/p>\n\n\n\n<div class=\"wp-block-image is-style-rounded\"><figure class=\"alignleft is-resized\"><img loading=\"lazy\" decoding=\"async\" src=\"https:\/\/www.tele-radio.com\/app\/uploads\/Webpaginaopbouw_Puma-1.png\" alt=\"\" class=\"wp-image-38105\" width=\"110\" height=\"110\" srcset=\"https:\/\/www.tele-radio.com\/app\/uploads\/Webpaginaopbouw_Puma-1.png 162w, https:\/\/www.tele-radio.com\/app\/uploads\/Webpaginaopbouw_Puma-1-150x150.png 150w\" sizes=\"auto, (max-width: 110px) 100vw, 110px\" \/><\/figure><\/div>\n\n\n\n<h3 class=\"wp-block-heading\"><strong>Aktywna antena<\/strong><\/h3>\n\n\n\n<p>Aktywna antena mo\u017ce s\u0142u\u017cy\u0107 r\u00f3wnie\u017c jako wzmacniacz. Znacznie zwi\u0119ksza zasi\u0119g mi\u0119dzy nadajnikiem a odbiornikiem. Umo\u017cliwia korzystanie z systemu w bardzo wymagaj\u0105cych warunkach, takich jak kopalnie, obszary g\u00f3rskie czy du\u017ce budynki.<\/p>\n\n\n\n<p><\/p>\n\n\n\n<div style=\"height:20px\" aria-hidden=\"true\" class=\"wp-block-spacer\"><\/div>\n\n\n\n<div class=\"wp-block-image is-style-rounded\"><figure class=\"alignleft is-resized\"><img loading=\"lazy\" decoding=\"async\" src=\"https:\/\/www.tele-radio.com\/app\/uploads\/RFID-ICON.png\" alt=\"\" class=\"wp-image-38126\" width=\"110\" height=\"110\" srcset=\"https:\/\/www.tele-radio.com\/app\/uploads\/RFID-ICON.png 162w, https:\/\/www.tele-radio.com\/app\/uploads\/RFID-ICON-150x150.png 150w\" sizes=\"auto, (max-width: 110px) 100vw, 110px\" \/><\/figure><\/div>\n\n\n\n<h3 class=\"wp-block-heading\"><strong>Technologia RFID<\/strong><\/h3>\n\n\n\n<p>Produkty Tele Radio VersaTEQ s\u0105 standardowo wyposa\u017cone w czujniki RFID, czyli bezprzewodow\u0105 technologi\u0119 pozwalaj\u0105c\u0105 rozpozna\u0107 unikalny kod systemu, produktu lub u\u017cytkownika. Ustawienia u\u017cytkownika mog\u0105 zosta\u0107 zapisane na karcie z czujnikiem RFID, s\u0105 one rozpoznawane podczas logowania. Mo\u017cliwe jest skonfigurowanie r\u00f3\u017cnych poziom\u00f3w dost\u0119pu.<\/p>\n\n\n\n<div style=\"height:21px\" aria-hidden=\"true\" class=\"wp-block-spacer\"><\/div>\n\n\n\n<div class=\"wp-block-image is-style-rounded\"><figure class=\"alignleft is-resized\"><img loading=\"lazy\" decoding=\"async\" src=\"https:\/\/www.tele-radio.com\/app\/uploads\/BUS-Systemen.png\" alt=\"\" class=\"wp-image-38147\" width=\"110\" height=\"110\" srcset=\"https:\/\/www.tele-radio.com\/app\/uploads\/BUS-Systemen.png 162w, https:\/\/www.tele-radio.com\/app\/uploads\/BUS-Systemen-150x150.png 150w\" sizes=\"auto, (max-width: 110px) 100vw, 110px\" \/><\/figure><\/div>\n\n\n\n<h3 class=\"wp-block-heading\"><strong>Systemy BUS<\/strong><\/h3>\n\n\n\n<p>Nadajniki Tele Radio VersaTEQ s\u0105 kompatybilne z szerok\u0105 gam\u0105 system\u00f3w BUS, aby spe\u0142ni\u0107 obecne standardy bran\u017cowe. Zapewniaj\u0105 p\u0142ynn\u0105 komunikacj\u0119 z oprogramowaniem Twojej maszyny i mog\u0105 obs\u0142ugiwa\u0107 CANopen, MODBUS oraz SAE J1939.<\/p>\n\n\n\n<div style=\"height:75px\" aria-hidden=\"true\" class=\"wp-block-spacer\"><\/div>\n\n\n\n<div class=\"wp-block-columns is-layout-flex wp-container-core-columns-is-layout-9d6595d7 wp-block-columns-is-layout-flex\">\n<div class=\"wp-block-column is-layout-flow wp-block-column-is-layout-flow\">\n<div class=\"wp-block-cover is-light\" style=\"min-height:472px;aspect-ratio:unset;\"><span aria-hidden=\"true\" class=\"has-luminous-vivid-amber-background-color has-background-dim-100 wp-block-cover__gradient-background has-background-dim\"><\/span><div class=\"wp-block-cover__inner-container is-layout-flow wp-block-cover-is-layout-flow\">\n<p class=\"has-black-color has-text-color has-medium-font-size\">W zale\u017cno\u015bci od zastosowania mo\u017cliwy jest wyb\u00f3r jednego z dw\u00f3ch modeli <strong>VersaTEQ<\/strong> Basic Line (standardowego) lub rozwi\u0105zania Custom Line (niestandardowego). Pozwala to na pe\u0142n\u0105 swobod\u0119 w konfigurowaniu sprz\u0119tu i oprogramowania w ramach obudowy nadajnika i zwi\u0105zanych z nim odbiornik\u00f3w. Nasi specjali\u015bci pomog\u0105 w wyborze najlepszego rozwi\u0105zania dla danej aplikacji.<\/p>\n\n\n\n<p class=\"has-black-color has-text-color has-medium-font-size\"><strong><strong>PODSTAWOWA SPECYFIKACJA VersaTEQ<\/strong><\/strong><\/p>\n\n\n\n<div class=\"wp-block-columns is-layout-flex wp-container-core-columns-is-layout-9d6595d7 wp-block-columns-is-layout-flex\">\n<div class=\"wp-block-column is-layout-flow wp-block-column-is-layout-flow\">\n<p class=\"has-black-color has-text-color\">\u2713 Cz\u0119stotliwo\u015b\u0107 2,4 GHz, 16 kana\u0142\u00f3w<br>\u2713 Kolorowy wy\u015bwietlacz 2&#8243;<br>\u2713 Ochrona IP65<br>\u2713 Dwukierunkowe po\u0142\u0105czenie radiowe (duplex), uzyskiwanie informacji zwrotnej<br>\u2713 Poziom bezpiecze\u0144stwa PLd+Cat3<br>\u2713 Wibracyjne ostrzeganie<br><\/p>\n<\/div>\n\n\n\n<div class=\"wp-block-column is-layout-flow wp-block-column-is-layout-flow\">\n<p class=\"has-black-color has-text-color\">\u2713 Solidny &amp; przekr\u0119cany wy\u0142\u0105cznik stop z boku<br>\u2713 Z\u0142\u0105cze M12 <br>\u2713 Pod\u015bwietlany panel przedni<br>\u2713 Diody LED w uchwytach do pod\u015bwietlania panelu<br>\u2713 Akumulatorki i baterie wymienne<br>\u2713 Do 10h pracy z jednym akumulatorkiem, w zale\u017cno\u015bci od konfiguracji<\/p>\n<\/div>\n<\/div>\n<\/div><\/div>\n<\/div>\n<\/div>\n\n\n\n<div style=\"height:32px\" aria-hidden=\"true\" class=\"wp-block-spacer\"><\/div>\n\n\n\n<h2 class=\"has-text-align-center has-luminous-vivid-amber-color has-black-background-color has-text-color has-background has-large-font-size wp-block-heading\">Zapoznaj si\u0119 z Tele Radio VersaTEQ Basic Line<\/h2>\n\n\n\n<div style=\"height:15px\" aria-hidden=\"true\" class=\"wp-block-spacer\"><\/div>\n\n\n\n<p class=\"has-text-align-center has-medium-font-size\">Doskona\u0142a jako\u015b\u0107 Tele Radio w najlepszej cenie. Nadajniki s\u0105 odpowiednie do wielu operacji i wyposa\u017cone w standardowe elementy steruj\u0105ce oraz czarny panel przedni. W ofercie dwa podstawowe modele nadajnik\u00f3w i dwa modele odbiornik\u00f3w.&nbsp;&nbsp;&nbsp;&nbsp;<\/p>\n\n\n\n<div style=\"height:29px\" aria-hidden=\"true\" class=\"wp-block-spacer\"><\/div>\n\n\n\n<h2 class=\"has-text-align-center wp-block-heading\"><meta charset=\"utf-8\">NASZE NADAJNIKI VersaTEQ<\/h2>\n\n\n\n<div class=\"wp-block-columns is-layout-flex wp-container-core-columns-is-layout-9d6595d7 wp-block-columns-is-layout-flex\">\n<div class=\"wp-block-column is-layout-flow wp-block-column-is-layout-flow\">\n<div class=\"wp-block-image\"><figure class=\"aligncenter size-large\"><a href=\"https:\/\/www.tele-radio.com\/pl\/products\/puma\/versateq-tw57-t26-02\/\"><img loading=\"lazy\" decoding=\"async\" width=\"657\" height=\"1200\" src=\"https:\/\/www.tele-radio.com\/app\/uploads\/\/Versateq_TW57_t26-02_PL-657x1200.png\" alt=\"\" class=\"wp-image-109309\" srcset=\"https:\/\/www.tele-radio.com\/app\/uploads\/Versateq_TW57_t26-02_PL-657x1200.png 657w, https:\/\/www.tele-radio.com\/app\/uploads\/Versateq_TW57_t26-02_PL-219x400.png 219w, https:\/\/www.tele-radio.com\/app\/uploads\/Versateq_TW57_t26-02_PL-768x1402.png 768w, https:\/\/www.tele-radio.com\/app\/uploads\/Versateq_TW57_t26-02_PL-841x1536.png 841w, https:\/\/www.tele-radio.com\/app\/uploads\/Versateq_TW57_t26-02_PL-1122x2048.png 1122w, https:\/\/www.tele-radio.com\/app\/uploads\/Versateq_TW57_t26-02_PL-411x750.png 411w, https:\/\/www.tele-radio.com\/app\/uploads\/Versateq_TW57_t26-02_PL-274x500.png 274w, https:\/\/www.tele-radio.com\/app\/uploads\/Versateq_TW57_t26-02_PL-876x1600.png 876w, https:\/\/www.tele-radio.com\/app\/uploads\/Versateq_TW57_t26-02_PL-438x800.png 438w, https:\/\/www.tele-radio.com\/app\/uploads\/Versateq_TW57_t26-02_PL.png 1650w\" sizes=\"auto, (max-width: 657px) 100vw, 657px\" \/><\/a><\/figure><\/div>\n<\/div>\n\n\n\n<div class=\"wp-block-column is-layout-flow wp-block-column-is-layout-flow\">\n<div class=\"wp-block-image is-style-default\"><figure class=\"aligncenter size-large\"><a href=\"https:\/\/www.tele-radio.com\/pl\/products\/puma\/versateq-tw57-t26-03\/\"><img loading=\"lazy\" decoding=\"async\" width=\"658\" height=\"1200\" src=\"https:\/\/www.tele-radio.com\/app\/uploads\/\/Versateq_TW57_t26-03_PL-658x1200.png\" alt=\"\" class=\"wp-image-109332\" srcset=\"https:\/\/www.tele-radio.com\/app\/uploads\/Versateq_TW57_t26-03_PL-658x1200.png 658w, https:\/\/www.tele-radio.com\/app\/uploads\/Versateq_TW57_t26-03_PL-219x400.png 219w, https:\/\/www.tele-radio.com\/app\/uploads\/Versateq_TW57_t26-03_PL-768x1402.png 768w, https:\/\/www.tele-radio.com\/app\/uploads\/Versateq_TW57_t26-03_PL-842x1536.png 842w, https:\/\/www.tele-radio.com\/app\/uploads\/Versateq_TW57_t26-03_PL-1122x2048.png 1122w, https:\/\/www.tele-radio.com\/app\/uploads\/Versateq_TW57_t26-03_PL-411x750.png 411w, https:\/\/www.tele-radio.com\/app\/uploads\/Versateq_TW57_t26-03_PL-274x500.png 274w, https:\/\/www.tele-radio.com\/app\/uploads\/Versateq_TW57_t26-03_PL-877x1600.png 877w, https:\/\/www.tele-radio.com\/app\/uploads\/Versateq_TW57_t26-03_PL-438x800.png 438w, https:\/\/www.tele-radio.com\/app\/uploads\/Versateq_TW57_t26-03_PL.png 1651w\" sizes=\"auto, (max-width: 658px) 100vw, 658px\" \/><\/a><\/figure><\/div>\n<\/div>\n<\/div>\n\n\n\n<div style=\"height:43px\" aria-hidden=\"true\" class=\"wp-block-spacer\"><\/div>\n\n\n\n<h2 class=\"has-text-align-center wp-block-heading\"><meta charset=\"utf-8\">PASUJACE ODBIORNIKI Z LINII STANDARDOWEJ (Basic Line)<\/h2>\n\n\n\n<div class=\"wp-block-columns is-layout-flex wp-container-core-columns-is-layout-9d6595d7 wp-block-columns-is-layout-flex\">\n<div class=\"wp-block-column is-layout-flow wp-block-column-is-layout-flow\">\n<div class=\"wp-block-image\"><figure class=\"aligncenter size-large\"><a href=\"https:\/\/www.tele-radio.com\/pl\/products\/puma\/odbiornik-r20-1\/\"><img loading=\"lazy\" decoding=\"async\" width=\"657\" height=\"1200\" src=\"https:\/\/www.tele-radio.com\/app\/uploads\/\/R20-01_PL-1-657x1200.png\" alt=\"\" class=\"wp-image-143071\" srcset=\"https:\/\/www.tele-radio.com\/app\/uploads\/R20-01_PL-1-657x1200.png 657w, https:\/\/www.tele-radio.com\/app\/uploads\/R20-01_PL-1-219x400.png 219w, https:\/\/www.tele-radio.com\/app\/uploads\/R20-01_PL-1-768x1403.png 768w, https:\/\/www.tele-radio.com\/app\/uploads\/R20-01_PL-1-411x750.png 411w, https:\/\/www.tele-radio.com\/app\/uploads\/R20-01_PL-1-274x500.png 274w, https:\/\/www.tele-radio.com\/app\/uploads\/R20-01_PL-1-438x800.png 438w, https:\/\/www.tele-radio.com\/app\/uploads\/R20-01_PL-1.png 825w\" sizes=\"auto, (max-width: 657px) 100vw, 657px\" \/><\/a><\/figure><\/div>\n<\/div>\n\n\n\n<div class=\"wp-block-column is-layout-flow wp-block-column-is-layout-flow\">\n<div class=\"wp-block-image\"><figure class=\"aligncenter size-large\"><a href=\"https:\/\/www.tele-radio.com\/pl\/products\/puma\/odbiornik-puma-r21-1\/\"><img loading=\"lazy\" decoding=\"async\" width=\"658\" height=\"1200\" src=\"https:\/\/www.tele-radio.com\/app\/uploads\/\/R21-01_PL-1-658x1200.png\" alt=\"\" class=\"wp-image-143095\" srcset=\"https:\/\/www.tele-radio.com\/app\/uploads\/R21-01_PL-1-658x1200.png 658w, https:\/\/www.tele-radio.com\/app\/uploads\/R21-01_PL-1-219x400.png 219w, https:\/\/www.tele-radio.com\/app\/uploads\/R21-01_PL-1-768x1401.png 768w, https:\/\/www.tele-radio.com\/app\/uploads\/R21-01_PL-1-411x750.png 411w, https:\/\/www.tele-radio.com\/app\/uploads\/R21-01_PL-1-274x500.png 274w, https:\/\/www.tele-radio.com\/app\/uploads\/R21-01_PL-1-438x800.png 438w, https:\/\/www.tele-radio.com\/app\/uploads\/R21-01_PL-1.png 826w\" sizes=\"auto, (max-width: 658px) 100vw, 658px\" \/><\/a><\/figure><\/div>\n<\/div>\n<\/div>\n\n\n\n<div style=\"height:87px\" aria-hidden=\"true\" class=\"wp-block-spacer\"><\/div>\n\n\n\n<h2 class=\"has-text-align-center has-luminous-vivid-amber-color has-black-background-color has-text-color has-background wp-block-heading\">Warto\u015b\u0107 dodana naszych produkt\u00f3w<\/h2>\n\n\n\n<div style=\"height:50px\" aria-hidden=\"true\" class=\"wp-block-spacer\"><\/div>\n\n\n\n<div class=\"wp-block-image\"><figure class=\"alignleft size-full is-resized\"><img loading=\"lazy\" decoding=\"async\" src=\"https:\/\/www.tele-radio.com\/app\/uploads\/Contact-1.png\" alt=\"\" class=\"wp-image-106305\" width=\"111\" height=\"111\" srcset=\"https:\/\/www.tele-radio.com\/app\/uploads\/Contact-1.png 417w, https:\/\/www.tele-radio.com\/app\/uploads\/Contact-1-400x400.png 400w, https:\/\/www.tele-radio.com\/app\/uploads\/Contact-1-150x150.png 150w, https:\/\/www.tele-radio.com\/app\/uploads\/Contact-1-250x250.png 250w\" sizes=\"auto, (max-width: 111px) 100vw, 111px\" \/><\/figure><\/div>\n\n\n\n<p><strong>Doradzamy w wyborze odpowiedniego systemu sterowania<\/strong><\/p>\n\n\n\n<p>Skontaktuj si\u0119 z nami, aby uzyska\u0107 wi\u0119cej szczeg\u00f3\u0142\u00f3w o naszych produktach i pomoc w dobraniu odpowiedniego sterowania do Twojej aplikacji.&nbsp;<\/p>\n\n\n\n<p><\/p>\n\n\n\n<p><\/p>\n\n\n\n<div style=\"height:15px\" aria-hidden=\"true\" class=\"wp-block-spacer\"><\/div>\n\n\n\n<div class=\"wp-block-image\"><figure class=\"alignleft is-resized\"><img loading=\"lazy\" decoding=\"async\" src=\"https:\/\/www.tele-radio.com\/app\/uploads\/Signaal2.png\" alt=\"\" class=\"wp-image-40681\" width=\"111\" height=\"111\" srcset=\"https:\/\/www.tele-radio.com\/app\/uploads\/Signaal2.png 162w, https:\/\/www.tele-radio.com\/app\/uploads\/Signaal2-150x150.png 150w\" sizes=\"auto, (max-width: 111px) 100vw, 111px\" \/><\/figure><\/div>\n\n\n\n<h3 class=\"wp-block-heading\"><strong>Posiadamy w\u0142asny dzia\u0142 pomocy technicznej<\/strong><\/h3>\n\n\n\n<p>Oferujemy wsparcie, pomoc w instalacji i naprawy na miejscu.<\/p>\n\n\n\n<p><\/p>\n\n\n\n<p><\/p>\n\n\n\n<div style=\"height:15px\" aria-hidden=\"true\" class=\"wp-block-spacer\"><\/div>\n\n\n\n<div class=\"wp-block-image\"><figure class=\"alignleft is-resized\"><img loading=\"lazy\" decoding=\"async\" src=\"https:\/\/www.tele-radio.com\/app\/uploads\/Icon_safety.png\" alt=\"\" class=\"wp-image-42940\" width=\"111\" height=\"111\" srcset=\"https:\/\/www.tele-radio.com\/app\/uploads\/Icon_safety.png 162w, https:\/\/www.tele-radio.com\/app\/uploads\/Icon_safety-150x150.png 150w\" sizes=\"auto, (max-width: 111px) 100vw, 111px\" \/><\/figure><\/div>\n\n\n\n<h3 class=\"wp-block-heading\">Nadajniki i odbiorniki Tele Radio s\u0105 niezale\u017cnie certyfikowane<\/h3>\n\n\n\n<p>Dla wszystkich produkt\u00f3w Tele Radio posiadaj\u0105cych certyfikat bezpiecze\u0144stwa mo\u017cemy dostarczy\u0107 raporty homologacyjne z niezale\u017cnej jednostki badawczej. Wi\u0119cej na ten temat mo\u017cna przeczyta\u0107 TUTAJ.<\/p>\n\n\n\n<p><\/p>\n\n\n\n<div style=\"height:100px\" aria-hidden=\"true\" class=\"wp-block-spacer\"><\/div>\n\n\n\n<figure class=\"wp-block-image size-full is-style-default\"><a href=\"https:\/\/www.tele-radio.com\/pl\/custom-line-solutions\/\"><img loading=\"lazy\" decoding=\"async\" width=\"1036\" height=\"373\" src=\"https:\/\/www.tele-radio.com\/app\/uploads\/Banner_Custom_Line_PL-1.png\" alt=\"\" class=\"wp-image-143523\" srcset=\"https:\/\/www.tele-radio.com\/app\/uploads\/Banner_Custom_Line_PL-1.png 1036w, https:\/\/www.tele-radio.com\/app\/uploads\/Banner_Custom_Line_PL-1-400x144.png 400w, https:\/\/www.tele-radio.com\/app\/uploads\/Banner_Custom_Line_PL-1-768x277.png 768w, https:\/\/www.tele-radio.com\/app\/uploads\/Banner_Custom_Line_PL-1-750x270.png 750w, https:\/\/www.tele-radio.com\/app\/uploads\/Banner_Custom_Line_PL-1-500x180.png 500w, https:\/\/www.tele-radio.com\/app\/uploads\/Banner_Custom_Line_PL-1-800x288.png 800w\" sizes=\"auto, (max-width: 1036px) 100vw, 1036px\" \/><\/a><\/figure>\n","protected":false},"excerpt":{"rendered":"<p>VersaTEQ Wielofunkcyjny nadajnik z manipulatorami Nasze \u015brednio zaawansowane rozwi\u0105zanie dla nadajnik\u00f3w z manipulatorami (joystickowych) z wygodn\u0105 i ergonomiczna konstrukcj\u0105. Nadajniki maj\u0105 szeroko\u015b\u0107 oko\u0142o 24 cm i uchwyty, na kt\u00f3rych naturalnie uk\u0142adaj\u0105 si\u0119 d\u0142onie. Aby zagwarantowa\u0107 bezpiecze\u0144stwo u\u017cytkownika, ka\u017cdy z nadajnik\u00f3w VersaTEQ posiada niezale\u017cnie certyfikowan\u0105 funkcj\u0119 zatrzymania awaryjnego na poziomie PLd+Cat3. Sterowanie VersaTEQ jest solidne, wszechstronne [&hellip;]<\/p>\n","protected":false},"author":87,"featured_media":0,"parent":0,"menu_order":0,"comment_status":"closed","ping_status":"closed","template":"","meta":{"_acf_changed":false,"footnotes":""},"class_list":["post-109305","page","type-page","status-publish","hentry"],"acf":[],"_links":{"self":[{"href":"https:\/\/www.tele-radio.com\/pl\/wp-json\/wp\/v2\/pages\/109305","targetHints":{"allow":["GET"]}}],"collection":[{"href":"https:\/\/www.tele-radio.com\/pl\/wp-json\/wp\/v2\/pages"}],"about":[{"href":"https:\/\/www.tele-radio.com\/pl\/wp-json\/wp\/v2\/types\/page"}],"author":[{"embeddable":true,"href":"https:\/\/www.tele-radio.com\/pl\/wp-json\/wp\/v2\/users\/87"}],"replies":[{"embeddable":true,"href":"https:\/\/www.tele-radio.com\/pl\/wp-json\/wp\/v2\/comments?post=109305"}],"version-history":[{"count":11,"href":"https:\/\/www.tele-radio.com\/pl\/wp-json\/wp\/v2\/pages\/109305\/revisions"}],"predecessor-version":[{"id":144010,"href":"https:\/\/www.tele-radio.com\/pl\/wp-json\/wp\/v2\/pages\/109305\/revisions\/144010"}],"wp:attachment":[{"href":"https:\/\/www.tele-radio.com\/pl\/wp-json\/wp\/v2\/media?parent=109305"}],"curies":[{"name":"wp","href":"https:\/\/api.w.org\/{rel}","templated":true}]}}