{"id":109037,"date":"2022-06-13T07:32:16","date_gmt":"2022-06-13T07:32:16","guid":{"rendered":"https:\/\/www.tele-radio.com\/waist-band-transmitters\/"},"modified":"2024-05-29T09:30:32","modified_gmt":"2024-05-29T09:30:32","slug":"nadajniki-joystickowe","status":"publish","type":"page","link":"https:\/\/www.tele-radio.com\/pl\/nadajniki-joystickowe\/","title":{"rendered":"Nadajniki joystickowe"},"content":{"rendered":"\n<h1 class=\"wp-block-heading\">NADAJNIKI Z MANIPULATORAMI (JOYSTICKOWE)<\/h1>\n\n\n<div class=\"wp-block-image is-style-rounded\">\n<figure class=\"alignright size-large is-resized\"><img loading=\"lazy\" decoding=\"async\" width=\"1200\" height=\"1200\" src=\"https:\/\/www.tele-radio.com\/app\/uploads\/\/Waist_Band_Transmitter_Collage_v3-1-1200x1200.png\" alt=\"\" class=\"wp-image-138394\" style=\"width:425px;height:425px\" srcset=\"https:\/\/www.tele-radio.com\/app\/uploads\/Waist_Band_Transmitter_Collage_v3-1.png 1200w, https:\/\/www.tele-radio.com\/app\/uploads\/Waist_Band_Transmitter_Collage_v3-1-400x400.png 400w, https:\/\/www.tele-radio.com\/app\/uploads\/Waist_Band_Transmitter_Collage_v3-1-150x150.png 150w, https:\/\/www.tele-radio.com\/app\/uploads\/Waist_Band_Transmitter_Collage_v3-1-768x768.png 768w, https:\/\/www.tele-radio.com\/app\/uploads\/Waist_Band_Transmitter_Collage_v3-1-250x250.png 250w, https:\/\/www.tele-radio.com\/app\/uploads\/Waist_Band_Transmitter_Collage_v3-1-750x750.png 750w, https:\/\/www.tele-radio.com\/app\/uploads\/Waist_Band_Transmitter_Collage_v3-1-500x500.png 500w, https:\/\/www.tele-radio.com\/app\/uploads\/Waist_Band_Transmitter_Collage_v3-1-800x800.png 800w\" sizes=\"auto, (max-width: 1200px) 100vw, 1200px\" \/><\/figure><\/div>\n\n\n<p style=\"font-size:28px\">Najszerszy zakres zastosowa\u0144<\/p>\n\n\n\n<p>Tele Radio dzi\u0119ki ponad 65-letniemu do\u015bwiadczeniu w dziedzinie bezprzewodowych system\u00f3w sterowania radiowego posiada w swojej ofercie szeroki wyb\u00f3r nadajnik\u00f3w. Nadajniki te bez problemu mo\u017cna dostosowa\u0107 do konkretnych \u017cycze\u0144 u\u017cytkownika ko\u0144cowego i specyficznych cech aplikacji.<\/p>\n\n\n\n<p><strong>Nadajniki z manipulatorami<\/strong> <strong>(joystickowe)<\/strong> Tele Radio dost\u0119pne s\u0105 dla najbardziej z\u0142o\u017conych rozwi\u0105za\u0144 sterowania. Dla wi\u0119kszego komfortu u\u017cytkowania s\u0105 one noszone z wykorzystaniem pasa biodrowego lub pasa na szyj\u0119 lub rami\u0119. W przeciwie\u0144stwie do naszych nadajnik\u00f3w przyciskowych, nadajniki joystickowe umo\u017cliwiaj\u0105 obur\u0119czn\u0105 obs\u0142ug\u0119. Du\u017ce, solidne uchwyty zapewniaj\u0105 swobodn\u0105 pozycj\u0119 pracy.<\/p>\n\n\n\n<p>Nadajniki z manipulatorami Tele Radio dost\u0119pne s\u0105 w trzech rozmiarach oraz w wersji standardowej lub tworzonej \u201epod klienta\u201d, w kt\u00f3rej wykorzystuje si\u0119 przyciski, prze\u0142\u0105czniki, joysticki, joysticki \u0142opatkowe itp. Do wyboru jest wi\u0119c kompaktowy i por\u0119czny nadajnik oraz ten w wi\u0119kszej wersji zawieraj\u0105cej du\u017co miejsca na wszelkie dodatkowe elementy steruj\u0105ce oraz wy\u015bwietlacz o przek\u0105tnej do 4,3 cala, na kt\u00f3rym wy\u015bwietlane s\u0105 informacje zwrotne ze sterowanej maszyny lub pojazdu.<\/p>\n\n\n\n<p>Z nadajnikami joystickowymi Tele Radio mo\u017cliwo\u015bci w zastosowaniach s\u0105 niemal nieograniczone.&nbsp;&nbsp;&nbsp;&nbsp;<\/p>\n\n\n\n<div style=\"height:37px\" aria-hidden=\"true\" class=\"wp-block-spacer\"><\/div>\n\n\n\n<div class=\"wp-block-columns is-layout-flex wp-container-core-columns-is-layout-9d6595d7 wp-block-columns-is-layout-flex\">\n<div class=\"wp-block-column is-layout-flow wp-block-column-is-layout-flow\">\n<h2 class=\"wp-block-heading has-text-align-center has-luminous-vivid-amber-color has-black-background-color has-text-color has-background\" style=\"font-size:30px\">WYBIERZ MODEL Z SERII<\/h2>\n\n\n\n<div style=\"height:52px\" aria-hidden=\"true\" class=\"wp-block-spacer\"><\/div>\n\n\n\n<div class=\"wp-block-columns is-layout-flex wp-container-core-columns-is-layout-9d6595d7 wp-block-columns-is-layout-flex\">\n<div class=\"wp-block-column is-layout-flow wp-block-column-is-layout-flow\">\n<figure class=\"wp-block-image size-full is-style-default\"><a href=\"https:\/\/www.tele-radio.com\/pl\/suprateq\/\"><img loading=\"lazy\" decoding=\"async\" width=\"713\" height=\"1176\" src=\"https:\/\/www.tele-radio.com\/app\/uploads\/SUPRATEQ_Banner_website_PL-1.png\" alt=\"\" class=\"wp-image-218938\" srcset=\"https:\/\/www.tele-radio.com\/app\/uploads\/SUPRATEQ_Banner_website_PL-1.png 713w, https:\/\/www.tele-radio.com\/app\/uploads\/SUPRATEQ_Banner_website_PL-1-243x400.png 243w, https:\/\/www.tele-radio.com\/app\/uploads\/SUPRATEQ_Banner_website_PL-1-455x750.png 455w, https:\/\/www.tele-radio.com\/app\/uploads\/SUPRATEQ_Banner_website_PL-1-303x500.png 303w, https:\/\/www.tele-radio.com\/app\/uploads\/SUPRATEQ_Banner_website_PL-1-485x800.png 485w\" sizes=\"auto, (max-width: 713px) 100vw, 713px\" \/><\/a><\/figure>\n<\/div>\n\n\n\n<div class=\"wp-block-column is-layout-flow wp-block-column-is-layout-flow\">\n<figure class=\"wp-block-image size-large is-style-default\"><a href=\"https:\/\/www.tele-radio.com\/pl\/versateq\/\"><img loading=\"lazy\" decoding=\"async\" width=\"728\" height=\"1200\" src=\"https:\/\/www.tele-radio.com\/app\/uploads\/\/VERSATEQ_Banner_website_PL-728x1200.png\" alt=\"\" class=\"wp-image-109090\" srcset=\"https:\/\/www.tele-radio.com\/app\/uploads\/VERSATEQ_Banner_website_PL-728x1200.png 728w, https:\/\/www.tele-radio.com\/app\/uploads\/VERSATEQ_Banner_website_PL-243x400.png 243w, https:\/\/www.tele-radio.com\/app\/uploads\/VERSATEQ_Banner_website_PL-768x1266.png 768w, https:\/\/www.tele-radio.com\/app\/uploads\/VERSATEQ_Banner_website_PL-932x1536.png 932w, https:\/\/www.tele-radio.com\/app\/uploads\/VERSATEQ_Banner_website_PL-1242x2048.png 1242w, https:\/\/www.tele-radio.com\/app\/uploads\/VERSATEQ_Banner_website_PL-455x750.png 455w, https:\/\/www.tele-radio.com\/app\/uploads\/VERSATEQ_Banner_website_PL-303x500.png 303w, https:\/\/www.tele-radio.com\/app\/uploads\/VERSATEQ_Banner_website_PL-970x1600.png 970w, https:\/\/www.tele-radio.com\/app\/uploads\/VERSATEQ_Banner_website_PL-485x800.png 485w, https:\/\/www.tele-radio.com\/app\/uploads\/VERSATEQ_Banner_website_PL.png 1426w\" sizes=\"auto, (max-width: 728px) 100vw, 728px\" \/><\/a><\/figure>\n<\/div>\n\n\n\n<div class=\"wp-block-column is-layout-flow wp-block-column-is-layout-flow\">\n<figure class=\"wp-block-image size-full\"><a href=\"https:\/\/www.tele-radio.com\/pl\/primateq\/\"><img loading=\"lazy\" decoding=\"async\" width=\"714\" height=\"1176\" src=\"https:\/\/www.tele-radio.com\/app\/uploads\/PRIMATEQ_Banner_website_PL.png\" alt=\"\" class=\"wp-image-145343\" srcset=\"https:\/\/www.tele-radio.com\/app\/uploads\/PRIMATEQ_Banner_website_PL.png 714w, https:\/\/www.tele-radio.com\/app\/uploads\/PRIMATEQ_Banner_website_PL-243x400.png 243w, https:\/\/www.tele-radio.com\/app\/uploads\/PRIMATEQ_Banner_website_PL-455x750.png 455w, https:\/\/www.tele-radio.com\/app\/uploads\/PRIMATEQ_Banner_website_PL-304x500.png 304w, https:\/\/www.tele-radio.com\/app\/uploads\/PRIMATEQ_Banner_website_PL-486x800.png 486w\" sizes=\"auto, (max-width: 714px) 100vw, 714px\" \/><\/a><\/figure>\n<\/div>\n<\/div>\n\n\n\n<hr class=\"wp-block-separator has-text-color has-black-color has-css-opacity has-black-background-color has-background aligncenter is-style-thick\"\/>\n\n\n\n<div style=\"height:67px\" aria-hidden=\"true\" class=\"wp-block-spacer\"><\/div>\n\n\n\n<div class=\"wp-block-columns is-layout-flex wp-container-core-columns-is-layout-9d6595d7 wp-block-columns-is-layout-flex\">\n<div class=\"wp-block-column is-layout-flow wp-block-column-is-layout-flow\">\n<h2 class=\"wp-block-heading has-text-align-center has-luminous-vivid-amber-color has-black-background-color has-text-color has-background\" style=\"font-size:30px\">WERSJA STANDARDOWA LUB NA ZAM\u00d3WIENIE<\/h2>\n<\/div>\n<\/div>\n\n\n\n<div style=\"height:16px\" aria-hidden=\"true\" class=\"wp-block-spacer\"><\/div>\n\n\n\n<p>Potrzebujesz nadajnika do (mniej lub bardziej) standardowych zastosowa\u0144? Je\u015bli tak, zalecamy wyb\u00f3r podstawowej wersji <strong>PrimaTEQ<\/strong>, <strong>VersaTEQ<\/strong> lub <strong>SupraTEQ Basic Line<\/strong>. Nadajniki te maj\u0105 sta\u0142y zestaw element\u00f3w steruj\u0105cych, \u0142atwo si\u0119 dostosowuj\u0105, posiadaj\u0105 niezale\u017cnie certyfikowan\u0105 funkcj\u0119 zatrzymania awaryjnego i oferuj\u0105 najlepszy stosunek ceny do jako\u015bci. Aby spe\u0142ni\u0107 aktualne standardy bran\u017cowe, nadajniki joystickowe Tele Radio s\u0105 kompatybilne z szerok\u0105 gam\u0105 system\u00f3w BUS.<\/p>\n\n\n\n<p>Je\u015bli natomiast chcesz, by nadajnik odpowiada\u0142 konkretnym wymaganiom, polecamy stworzenie w\u0142asnej wersji Custom Line w porozumieniu z naszymi specjalistami. <\/p>\n\n\n\n<p>Zobacz g\u0142\u00f3wne r\u00f3\u017cnice poni\u017cej:<\/p>\n\n\n\n<p><\/p>\n\n\n\n<div class=\"wp-block-columns is-layout-flex wp-container-core-columns-is-layout-9d6595d7 wp-block-columns-is-layout-flex\">\n<div class=\"wp-block-column is-layout-flow wp-block-column-is-layout-flow\">\n<p><\/p>\n<\/div>\n<\/div>\n\n\n\n<p class=\"has-text-align-center has-medium-font-size\"><strong>PrimaTEQ<\/strong>, <strong>VersaTEQ lub SupraTEQ<\/strong><\/p>\n\n\n\n<div class=\"wp-block-columns is-layout-flex wp-container-core-columns-is-layout-9d6595d7 wp-block-columns-is-layout-flex\">\n<div class=\"wp-block-column is-layout-flow wp-block-column-is-layout-flow\">\n<p class=\"has-text-align-center has-luminous-vivid-amber-color has-text-color has-medium-font-size\"><strong>BASIC LINE<\/strong><\/p>\n\n\n\n<div style=\"height:10px\" aria-hidden=\"true\" class=\"wp-block-spacer\"><\/div>\n\n\n\n<figure class=\"wp-block-table is-style-stripes\"><table class=\"has-fixed-layout\"><thead><tr><th class=\"has-text-align-center\" data-align=\"center\"><meta charset=\"utf-8\">NADAJNIK<\/th><th class=\"has-text-align-center\" data-align=\"center\"><meta charset=\"utf-8\">ODBIORNIK<\/th><\/tr><\/thead><tbody><tr><td class=\"has-text-align-center\" data-align=\"center\">Kompatybilny z wi\u0119kszo\u015bci\u0105 urz\u0105dze\u0144&nbsp;<\/td><td class=\"has-text-align-center\" data-align=\"center\"><meta charset=\"utf-8\">Wst\u0119pnie zaprogramowane wej\u015bcia\/wyj\u015bcia<\/td><\/tr><tr><td class=\"has-text-align-center\" data-align=\"center\">Standardowe elementy steruj\u0105ce<\/td><td class=\"has-text-align-center\" data-align=\"center\">Z\u0142\u0105cze M12 do sterowania kablowego<\/td><\/tr><tr><td class=\"has-text-align-center\" data-align=\"center\">Standardowy czarny panel przedni<\/td><td class=\"has-text-align-center\" data-align=\"center\">Z\u0142\u0105cze RPSMA do pod\u0142\u0105czenia anteny zewn\u0119trznej<\/td><\/tr><tr><td class=\"has-text-align-center\" data-align=\"center\">Najlepsza cena<\/td><td class=\"has-text-align-center\" data-align=\"center\">Wiele odbiornik\u00f3w do wyboru<\/td><\/tr><\/tbody><\/table><\/figure>\n<\/div>\n\n\n\n<div class=\"wp-block-column is-layout-flow wp-block-column-is-layout-flow\">\n<p class=\"has-text-align-center has-luminous-vivid-amber-color has-text-color has-medium-font-size\"><strong>CUSTOM LINE<\/strong><\/p>\n\n\n\n<div style=\"height:10px\" aria-hidden=\"true\" class=\"wp-block-spacer\"><\/div>\n\n\n\n<figure class=\"wp-block-table is-style-stripes\"><table class=\"has-fixed-layout\"><thead><tr><th class=\"has-text-align-center\" data-align=\"center\"><meta charset=\"utf-8\">NADAJNIK<\/th><th class=\"has-text-align-center\" data-align=\"center\"><meta charset=\"utf-8\">ODBIORNIK<\/th><\/tr><\/thead><tbody><tr><td class=\"has-text-align-center\" data-align=\"center\">Tworzony na zam\u00f3wienie<\/td><td class=\"has-text-align-center\" data-align=\"center\">Wiele programowalnych wej\u015b\u0107\/wyj\u015b\u0107<\/td><\/tr><tr><td class=\"has-text-align-center\" data-align=\"center\">Mo\u017cliwo\u015b\u0107 zastosowania wszystkich element\u00f3w steruj\u0105cych<\/td><td class=\"has-text-align-center\" data-align=\"center\">Mo\u017cliwo\u015b\u0107 stosowania wielu protoko\u0142\u00f3w Fieldbus<\/td><\/tr><tr><td class=\"has-text-align-center\" data-align=\"center\">Niestandardowy panel przedni<br><\/td><td class=\"has-text-align-center\" data-align=\"center\">Mo\u017cliwe wszystkie wej\u015bcia\/wyj\u015bcia<br><\/td><\/tr><tr><td class=\"has-text-align-center\" data-align=\"center\">Cena zale\u017cna od rozwi\u0105zania<\/td><td class=\"has-text-align-center\" data-align=\"center\">Okablowanie dostosowane do potrzeb klienta<\/td><\/tr><\/tbody><\/table><\/figure>\n<\/div>\n<\/div>\n<\/div>\n<\/div>\n\n\n\n<div style=\"height:20px\" aria-hidden=\"true\" class=\"wp-block-spacer\"><\/div>\n\n\n\n<h2 class=\"wp-block-heading has-text-align-center has-luminous-vivid-amber-color has-black-background-color has-text-color has-background\" style=\"font-size:30px\">WYBIERZ AKCESORIA<\/h2>\n\n\n\n<div style=\"height:21px\" aria-hidden=\"true\" class=\"wp-block-spacer\"><\/div>\n\n\n\n<p class=\"has-text-align-center has-medium-font-size\">Oferujemy szeroki zakres akcesori\u00f3w do systemu sterowania radiowego, w tym repeater\/aktywn\u0105 anten\u0119, \u0142adowark\u0119, anten\u0119 zewn\u0119trzn\u0105 itp. <\/p>\n\n\n\n<div style=\"height:13px\" aria-hidden=\"true\" class=\"wp-block-spacer\"><\/div>\n\n\n\n<div class=\"wp-block-columns is-layout-flex wp-container-core-columns-is-layout-9d6595d7 wp-block-columns-is-layout-flex\">\n<div class=\"wp-block-column is-layout-flow wp-block-column-is-layout-flow\">\n<div class=\"wp-block-media-text alignwide is-stacked-on-mobile is-vertically-aligned-center\" style=\"grid-template-columns:41% auto\"><figure class=\"wp-block-media-text__media\"><a href=\"https:\/\/www.tele-radio.com\/products\/accessories\/d5-21\/\"><img loading=\"lazy\" decoding=\"async\" width=\"1200\" height=\"1200\" src=\"https:\/\/www.tele-radio.com\/app\/uploads\/\/New_logo_Repeater_Active_Antenna_vrijstaand-kopie\u0308ren-1200x1200.jpg\" alt=\"\" class=\"wp-image-106551 size-full\" srcset=\"https:\/\/www.tele-radio.com\/app\/uploads\/New_logo_Repeater_Active_Antenna_vrijstaand-kopie\u0308ren-1200x1200.jpg 1200w, https:\/\/www.tele-radio.com\/app\/uploads\/New_logo_Repeater_Active_Antenna_vrijstaand-kopie\u0308ren-400x400.jpg 400w, https:\/\/www.tele-radio.com\/app\/uploads\/New_logo_Repeater_Active_Antenna_vrijstaand-kopie\u0308ren-150x150.jpg 150w, https:\/\/www.tele-radio.com\/app\/uploads\/New_logo_Repeater_Active_Antenna_vrijstaand-kopie\u0308ren-768x768.jpg 768w, https:\/\/www.tele-radio.com\/app\/uploads\/New_logo_Repeater_Active_Antenna_vrijstaand-kopie\u0308ren-1536x1536.jpg 1536w, https:\/\/www.tele-radio.com\/app\/uploads\/New_logo_Repeater_Active_Antenna_vrijstaand-kopie\u0308ren-2048x2048.jpg 2048w, https:\/\/www.tele-radio.com\/app\/uploads\/New_logo_Repeater_Active_Antenna_vrijstaand-kopie\u0308ren-250x250.jpg 250w, https:\/\/www.tele-radio.com\/app\/uploads\/New_logo_Repeater_Active_Antenna_vrijstaand-kopie\u0308ren-750x750.jpg 750w, https:\/\/www.tele-radio.com\/app\/uploads\/New_logo_Repeater_Active_Antenna_vrijstaand-kopie\u0308ren-500x500.jpg 500w, https:\/\/www.tele-radio.com\/app\/uploads\/New_logo_Repeater_Active_Antenna_vrijstaand-kopie\u0308ren-1600x1600.jpg 1600w, https:\/\/www.tele-radio.com\/app\/uploads\/New_logo_Repeater_Active_Antenna_vrijstaand-kopie\u0308ren-800x800.jpg 800w\" sizes=\"auto, (max-width: 1200px) 100vw, 1200px\" \/><\/a><\/figure><div class=\"wp-block-media-text__content\">\n<p class=\"has-medium-font-size\"><strong><strong>Aktywna antena<\/strong><\/strong><br><br>Wzmacniacz sygna\u0142u\/aktywna antena to skuteczny spos\u00f3b na zwi\u0119kszenie zasi\u0119gu dzia\u0142ania do 2 kilometr\u00f3w w terenie (maksymalnie 16 wzmacniaczy).<\/p>\n\n\n\n<ul class=\"wp-block-list\">\n<li>Aktywna antena w tej samej obudowie<\/li>\n\n\n\n<li>Zwi\u0119kszenie zasi\u0119gu do 2 kilometr\u00f3w<\/li>\n\n\n\n<li>Wiele anten do wyboru<\/li>\n\n\n\n<li>Dla VersaTEQ i SupraTEQ<\/li>\n<\/ul>\n<\/div><\/div>\n\n\n\n<p><\/p>\n<\/div>\n\n\n\n<div class=\"wp-block-column is-layout-flow wp-block-column-is-layout-flow\">\n<div class=\"wp-block-media-text alignwide is-stacked-on-mobile is-vertically-aligned-center\"><figure class=\"wp-block-media-text__media\"><a href=\"https:\/\/www.tele-radio.com\/products\/accessories\/m769755-2\/\"><img loading=\"lazy\" decoding=\"async\" width=\"1200\" height=\"830\" src=\"https:\/\/www.tele-radio.com\/app\/uploads\/\/PM_M769755_2-1-1200x830.png\" alt=\"\" class=\"wp-image-106528 size-full\" srcset=\"https:\/\/www.tele-radio.com\/app\/uploads\/PM_M769755_2-1-1200x830.png 1200w, https:\/\/www.tele-radio.com\/app\/uploads\/PM_M769755_2-1-400x277.png 400w, https:\/\/www.tele-radio.com\/app\/uploads\/PM_M769755_2-1-768x531.png 768w, https:\/\/www.tele-radio.com\/app\/uploads\/PM_M769755_2-1-1536x1062.png 1536w, https:\/\/www.tele-radio.com\/app\/uploads\/PM_M769755_2-1-750x519.png 750w, https:\/\/www.tele-radio.com\/app\/uploads\/PM_M769755_2-1-500x346.png 500w, https:\/\/www.tele-radio.com\/app\/uploads\/PM_M769755_2-1-1600x1107.png 1600w, https:\/\/www.tele-radio.com\/app\/uploads\/PM_M769755_2-1-800x553.png 800w, https:\/\/www.tele-radio.com\/app\/uploads\/PM_M769755_2-1.png 1800w\" sizes=\"auto, (max-width: 1200px) 100vw, 1200px\" \/><\/a><\/figure><div class=\"wp-block-media-text__content\">\n<p class=\"has-medium-font-size\"><strong><strong>System \u0142adowania baterii<\/strong><\/strong><\/p>\n\n\n\n<p class=\"has-medium-font-size\">Akumulatory Li-ion o du\u017cej pojemno\u015bci s\u0105 wyposa\u017cone w znaczniki RFID* i mo\u017cna wymieni\u0107 je podczas pracy bez konieczno\u015bci jej przerywania (hot swappable).<\/p>\n\n\n\n<ul class=\"has-normal-font-size wp-block-list\">\n<li>Mo\u017cliwa wymiana akumulatora podczas pracy nadajnika (technologia hot swap)<\/li>\n\n\n\n<li>RFID<\/li>\n\n\n\n<li>Dost\u0119pna \u0142adowarka \u015bcienna oraz sto\u0142owa<\/li>\n<\/ul>\n\n\n\n<p>*niestandardowo<\/p>\n<\/div><\/div>\n<\/div>\n<\/div>\n\n\n\n<div class=\"wp-block-columns is-layout-flex wp-container-core-columns-is-layout-9d6595d7 wp-block-columns-is-layout-flex\">\n<div class=\"wp-block-column is-layout-flow wp-block-column-is-layout-flow\">\n<div class=\"wp-block-media-text alignwide is-stacked-on-mobile\"><figure class=\"wp-block-media-text__media\"><img loading=\"lazy\" decoding=\"async\" width=\"1200\" height=\"1200\" src=\"https:\/\/www.tele-radio.com\/app\/uploads\/\/Belly_Belt-1200x1200.png\" alt=\"\" class=\"wp-image-106576 size-full\" srcset=\"https:\/\/www.tele-radio.com\/app\/uploads\/Belly_Belt-1200x1200.png 1200w, https:\/\/www.tele-radio.com\/app\/uploads\/Belly_Belt-400x400.png 400w, https:\/\/www.tele-radio.com\/app\/uploads\/Belly_Belt-150x150.png 150w, https:\/\/www.tele-radio.com\/app\/uploads\/Belly_Belt-768x768.png 768w, https:\/\/www.tele-radio.com\/app\/uploads\/Belly_Belt-1536x1536.png 1536w, https:\/\/www.tele-radio.com\/app\/uploads\/Belly_Belt-2048x2048.png 2048w, https:\/\/www.tele-radio.com\/app\/uploads\/Belly_Belt-250x250.png 250w, https:\/\/www.tele-radio.com\/app\/uploads\/Belly_Belt-750x750.png 750w, https:\/\/www.tele-radio.com\/app\/uploads\/Belly_Belt-500x500.png 500w, https:\/\/www.tele-radio.com\/app\/uploads\/Belly_Belt-1600x1600.png 1600w, https:\/\/www.tele-radio.com\/app\/uploads\/Belly_Belt-800x800.png 800w\" sizes=\"auto, (max-width: 1200px) 100vw, 1200px\" \/><\/figure><div class=\"wp-block-media-text__content\">\n<p class=\"has-medium-font-size\"><strong><strong>Pas do nadajnika<\/strong><\/strong><\/p>\n\n\n\n<p class=\"has-medium-font-size\">Pas zapewnia komfort podczas noszenia i u\u017cytkowania nadajnika. Regulowana d\u0142ugo\u015b\u0107. Odpowiedni dla wszystkich nadajnik\u00f3w joystickowych.<\/p>\n<\/div><\/div>\n<\/div>\n<\/div>\n\n\n\n<div style=\"height:15px\" aria-hidden=\"true\" class=\"wp-block-spacer\"><\/div>\n\n\n<div class=\"wp-block-image is-style-default\">\n<figure class=\"aligncenter size-large\"><a href=\"https:\/\/www.tele-radio.com\/pl\/products\/\"><img loading=\"lazy\" decoding=\"async\" width=\"1200\" height=\"525\" src=\"https:\/\/www.tele-radio.com\/app\/uploads\/\/Handheld_Banner_PL-1-1200x525.png\" alt=\"\" class=\"wp-image-115140\" srcset=\"https:\/\/www.tele-radio.com\/app\/uploads\/Handheld_Banner_PL-1-1200x525.png 1200w, https:\/\/www.tele-radio.com\/app\/uploads\/Handheld_Banner_PL-1-400x175.png 400w, https:\/\/www.tele-radio.com\/app\/uploads\/Handheld_Banner_PL-1-768x336.png 768w, https:\/\/www.tele-radio.com\/app\/uploads\/Handheld_Banner_PL-1-750x328.png 750w, https:\/\/www.tele-radio.com\/app\/uploads\/Handheld_Banner_PL-1-500x219.png 500w, https:\/\/www.tele-radio.com\/app\/uploads\/Handheld_Banner_PL-1-800x350.png 800w, https:\/\/www.tele-radio.com\/app\/uploads\/Handheld_Banner_PL-1.png 1372w\" sizes=\"auto, (max-width: 1200px) 100vw, 1200px\" \/><\/a><\/figure><\/div>\n\n\n<h2 class=\"wp-block-heading\"><br><\/h2>\n","protected":false},"excerpt":{"rendered":"<p>NADAJNIKI Z MANIPULATORAMI (JOYSTICKOWE) Najszerszy zakres zastosowa\u0144 Tele Radio dzi\u0119ki ponad 65-letniemu do\u015bwiadczeniu w dziedzinie bezprzewodowych system\u00f3w sterowania radiowego posiada w swojej ofercie szeroki wyb\u00f3r nadajnik\u00f3w. Nadajniki te bez problemu mo\u017cna dostosowa\u0107 do konkretnych \u017cycze\u0144 u\u017cytkownika ko\u0144cowego i specyficznych cech aplikacji. Nadajniki z manipulatorami (joystickowe) Tele Radio dost\u0119pne s\u0105 dla najbardziej z\u0142o\u017conych rozwi\u0105za\u0144 sterowania. Dla [&hellip;]<\/p>\n","protected":false},"author":87,"featured_media":107015,"parent":0,"menu_order":0,"comment_status":"closed","ping_status":"closed","template":"","meta":{"_acf_changed":false,"footnotes":""},"class_list":["post-109037","page","type-page","status-publish","has-post-thumbnail","hentry"],"acf":[],"_links":{"self":[{"href":"https:\/\/www.tele-radio.com\/pl\/wp-json\/wp\/v2\/pages\/109037","targetHints":{"allow":["GET"]}}],"collection":[{"href":"https:\/\/www.tele-radio.com\/pl\/wp-json\/wp\/v2\/pages"}],"about":[{"href":"https:\/\/www.tele-radio.com\/pl\/wp-json\/wp\/v2\/types\/page"}],"author":[{"embeddable":true,"href":"https:\/\/www.tele-radio.com\/pl\/wp-json\/wp\/v2\/users\/87"}],"replies":[{"embeddable":true,"href":"https:\/\/www.tele-radio.com\/pl\/wp-json\/wp\/v2\/comments?post=109037"}],"version-history":[{"count":17,"href":"https:\/\/www.tele-radio.com\/pl\/wp-json\/wp\/v2\/pages\/109037\/revisions"}],"predecessor-version":[{"id":218967,"href":"https:\/\/www.tele-radio.com\/pl\/wp-json\/wp\/v2\/pages\/109037\/revisions\/218967"}],"wp:featuredmedia":[{"embeddable":true,"href":"https:\/\/www.tele-radio.com\/pl\/wp-json\/wp\/v2\/media\/107015"}],"wp:attachment":[{"href":"https:\/\/www.tele-radio.com\/pl\/wp-json\/wp\/v2\/media?parent=109037"}],"curies":[{"name":"wp","href":"https:\/\/api.w.org\/{rel}","templated":true}]}}