{"id":105377,"date":"2022-06-29T07:16:10","date_gmt":"2022-06-29T07:16:10","guid":{"rendered":"https:\/\/www.tele-radio.com\/?page_id=105377"},"modified":"2023-06-07T13:36:47","modified_gmt":"2023-06-07T13:36:47","slug":"producent-sterowania-radiowego","status":"publish","type":"page","link":"https:\/\/www.tele-radio.com\/pl\/producent-sterowania-radiowego\/","title":{"rendered":"Producent sterowania radiowego"},"content":{"rendered":"\n<p class=\"has-text-align-center has-large-font-size\">Bezpieczne i niezawodne sterowanie dostosowane do Twojej aplikacji<\/p>\n\n\n\n<div style=\"height:15px\" aria-hidden=\"true\" class=\"wp-block-spacer\"><\/div>\n\n\n\n<div class=\"wp-block-columns is-layout-flex wp-container-core-columns-is-layout-9d6595d7 wp-block-columns-is-layout-flex\">\n<div class=\"wp-block-column is-layout-flow wp-block-column-is-layout-flow\">\n<div class=\"wp-block-buttons is-horizontal is-content-justification-center is-layout-flex wp-container-core-buttons-is-layout-499968f5 wp-block-buttons-is-layout-flex\">\n<div class=\"wp-block-button has-custom-font-size is-style-fill has-medium-font-size\"><a class=\"wp-block-button__link has-black-color has-luminous-vivid-amber-background-color has-text-color has-background wp-element-button\" href=\"#kontakt\" style=\"border-radius:5px\">SKONTAKTUJ SI\u0118 Z NAMI<\/a><\/div>\n\n\n\n<div class=\"wp-block-button has-custom-font-size is-style-outline has-medium-font-size is-style-outline--1\"><a class=\"wp-block-button__link has-black-color has-text-color wp-element-button\" href=\"#oferta\" style=\"border-radius:5px\">SPRAWD\u0179 OFERT\u0118<\/a><\/div>\n<\/div>\n\n\n\n<p><\/p>\n<\/div>\n<\/div>\n\n\n\n<p class=\"has-text-align-center has-white-color has-text-color has-background has-large-font-size\" style=\"background-color:#202020\">WARTO NAM ZAUFA\u0106<\/p>\n\n\n\n<p class=\"has-text-align-center\" style=\"font-size:30px\">Chcemy zapewnia\u0107 rozwi\u0105zania sterowania radiowego wykraczaj\u0105ce poza potrzeby naszych klient\u00f3w<\/p>\n\n\n\n<div style=\"height:60px\" aria-hidden=\"true\" class=\"wp-block-spacer\"><\/div>\n\n\n\n<div class=\"wp-block-columns has-background is-layout-flex wp-container-core-columns-is-layout-9d6595d7 wp-block-columns-is-layout-flex\" style=\"background-color:#f4f4f4\">\n<div class=\"wp-block-column is-layout-flow wp-block-column-is-layout-flow\"><div class=\"wp-block-image\">\n<figure class=\"aligncenter size-full is-resized\"><img loading=\"lazy\" decoding=\"async\" src=\"https:\/\/www.tele-radio.com\/app\/uploads\/1-01.png\" alt=\"\" class=\"wp-image-105745\" width=\"50\" height=\"50\" srcset=\"https:\/\/www.tele-radio.com\/app\/uploads\/1-01.png 200w, https:\/\/www.tele-radio.com\/app\/uploads\/1-01-150x150.png 150w\" sizes=\"auto, (max-width: 50px) 100vw, 50px\" \/><\/figure><\/div>\n\n\n<p class=\"has-text-align-center\" style=\"font-size:22px\"><strong>Zwi\u0119kszenie bezpiecze\u0144stwa<\/strong><\/p>\n\n\n\n<p class=\"has-text-align-center\">Bezprzewodowe systemy sterowania zapewniaj\u0105 bezpiecze\u0144stwo i swobod\u0119 ruch\u00f3w. Tele Radio oferuje produkty posiadaj\u0105ce najwy\u017cszy poziom ochrony &#8211; PLd oraz SIL3\/PLe. Certyfikaty od niezale\u017cnych jednostek.<\/p>\n<\/div>\n\n\n\n<div class=\"wp-block-column is-layout-flow wp-block-column-is-layout-flow\"><div class=\"wp-block-image\">\n<figure class=\"aligncenter size-full is-resized\"><img loading=\"lazy\" decoding=\"async\" src=\"https:\/\/www.tele-radio.com\/app\/uploads\/2-02.png\" alt=\"\" class=\"wp-image-105768\" width=\"50\" height=\"50\" srcset=\"https:\/\/www.tele-radio.com\/app\/uploads\/2-02.png 200w, https:\/\/www.tele-radio.com\/app\/uploads\/2-02-150x150.png 150w\" sizes=\"auto, (max-width: 50px) 100vw, 50px\" \/><\/figure><\/div>\n\n\n<p class=\"has-text-align-center\" style=\"font-size:22px\"><strong>Innowacyjna technologia<\/strong><\/p>\n\n\n\n<p class=\"has-text-align-center\">Wykorzystujemy inteligentne oprogramowanie, specjalne protoko\u0142y i wysokiej jako\u015bci komponenty. Nadajniki Tele Radio pracuj\u0105 na cz\u0119stotliwo\u015bciach 433 MHz, 915 MHz lub 2,4 GHz.<\/p>\n<\/div>\n\n\n\n<div class=\"wp-block-column is-layout-flow wp-block-column-is-layout-flow\"><div class=\"wp-block-image\">\n<figure class=\"aligncenter size-full is-resized\"><img loading=\"lazy\" decoding=\"async\" src=\"https:\/\/www.tele-radio.com\/app\/uploads\/3-03.png\" alt=\"\" class=\"wp-image-105791\" width=\"50\" height=\"50\" srcset=\"https:\/\/www.tele-radio.com\/app\/uploads\/3-03.png 200w, https:\/\/www.tele-radio.com\/app\/uploads\/3-03-150x150.png 150w\" sizes=\"auto, (max-width: 50px) 100vw, 50px\" \/><\/figure><\/div>\n\n\n<p class=\"has-text-align-center\" style=\"font-size:22px\"><strong>Indywidualne projekty<\/strong><\/p>\n\n\n\n<p class=\"has-text-align-center\">Opr\u00f3cz rozwi\u0105za\u0144 standardowych oferujemy indywidualne projekty polegaj\u0105ce na dostosowaniu sprz\u0119tu i oprogramowania oraz mo\u017cliwo\u015b\u0107 zaprojektowania folii (specjalnej naklejki) na nadajnik zgodnej z wizerunkiem Twojej firmy.<\/p>\n<\/div>\n\n\n\n<div class=\"wp-block-column is-layout-flow wp-block-column-is-layout-flow\"><div class=\"wp-block-image\">\n<figure class=\"aligncenter size-full is-resized\"><img loading=\"lazy\" decoding=\"async\" src=\"https:\/\/www.tele-radio.com\/app\/uploads\/4-04.png\" alt=\"\" class=\"wp-image-105814\" width=\"50\" height=\"50\" srcset=\"https:\/\/www.tele-radio.com\/app\/uploads\/4-04.png 200w, https:\/\/www.tele-radio.com\/app\/uploads\/4-04-150x150.png 150w\" sizes=\"auto, (max-width: 50px) 100vw, 50px\" \/><\/figure><\/div>\n\n\n<p class=\"has-text-align-center\" style=\"font-size:22px\"><strong>Rozwi\u0105zania dla wielu bran\u017cy<\/strong><\/p>\n\n\n\n<p class=\"has-text-align-center\">Wsp\u00f3\u0142pracujemy z wieloma firmami dzia\u0142aj\u0105cymi w r\u00f3\u017cnych sektorach. Nasze rozwi\u0105zania sterowania radiowego wykorzystywane s\u0105 w d\u017awignicach, pojazdach specjalnych, maszynach przemys\u0142owych, rolniczych i innych. <\/p>\n<\/div>\n<\/div>\n\n\n\n<div style=\"height:60px\" aria-hidden=\"true\" class=\"wp-block-spacer\"><\/div>\n\n\n\n<h2 class=\"wp-block-heading has-text-align-center has-large-font-size\" id=\"oferta\"><strong>OFERTA<\/strong><\/h2>\n\n\n\n<p class=\"has-text-align-center\" style=\"font-size:30px\">Posiadamy najszerszy wyb\u00f3r nadajnik\u00f3w i odbiornik\u00f3w na rynku<\/p>\n\n\n\n<div style=\"height:35px\" aria-hidden=\"true\" class=\"wp-block-spacer\"><\/div>\n\n\n\n<div class=\"wp-block-columns is-layout-flex wp-container-core-columns-is-layout-9d6595d7 wp-block-columns-is-layout-flex\">\n<div class=\"wp-block-column is-layout-flow wp-block-column-is-layout-flow\">\n<div class=\"wp-block-cover\"><span aria-hidden=\"true\" class=\"wp-block-cover__background has-background-dim\"><\/span><img loading=\"lazy\" decoding=\"async\" width=\"338\" height=\"338\" class=\"wp-block-cover__image-background wp-image-68258\" alt=\"\" src=\"https:\/\/www.tele-radio.com\/app\/uploads\/pattern1.jpg\" data-object-fit=\"cover\" srcset=\"https:\/\/www.tele-radio.com\/app\/uploads\/pattern1.jpg 338w, https:\/\/www.tele-radio.com\/app\/uploads\/pattern1-150x150.jpg 150w, https:\/\/www.tele-radio.com\/app\/uploads\/pattern1-250x250.jpg 250w\" sizes=\"auto, (max-width: 338px) 100vw, 338px\" \/><div class=\"wp-block-cover__inner-container is-layout-flow wp-block-cover-is-layout-flow\">\n<div class=\"wp-block-cover is-light\"><span aria-hidden=\"true\" class=\"wp-block-cover__background has-background-dim-40 has-background-dim\"><\/span><img loading=\"lazy\" decoding=\"async\" width=\"800\" height=\"800\" class=\"wp-block-cover__image-background wp-image-83115\" alt=\"\" src=\"https:\/\/www.tele-radio.com\/app\/uploads\/TG-T11_1_800x800pixel.jpg\" data-object-fit=\"cover\" srcset=\"https:\/\/www.tele-radio.com\/app\/uploads\/TG-T11_1_800x800pixel.jpg 800w, https:\/\/www.tele-radio.com\/app\/uploads\/TG-T11_1_800x800pixel-400x400.jpg 400w, https:\/\/www.tele-radio.com\/app\/uploads\/TG-T11_1_800x800pixel-150x150.jpg 150w, https:\/\/www.tele-radio.com\/app\/uploads\/TG-T11_1_800x800pixel-768x768.jpg 768w, https:\/\/www.tele-radio.com\/app\/uploads\/TG-T11_1_800x800pixel-250x250.jpg 250w, https:\/\/www.tele-radio.com\/app\/uploads\/TG-T11_1_800x800pixel-750x750.jpg 750w, https:\/\/www.tele-radio.com\/app\/uploads\/TG-T11_1_800x800pixel-500x500.jpg 500w\" sizes=\"auto, (max-width: 800px) 100vw, 800px\" \/><div class=\"wp-block-cover__inner-container is-layout-flow wp-block-cover-is-layout-flow\">\n<p class=\"has-text-align-center has-white-color has-text-color\" style=\"font-size:34px\">Nadajniki przyciskowe<\/p>\n<\/div><\/div>\n\n\n\n<div style=\"height:20px\" aria-hidden=\"true\" class=\"wp-block-spacer\"><\/div>\n\n\n\n<p class=\"has-text-align-center has-medium-font-size\">Nadajniki przyciskowe ciesz\u0105 si\u0119 popularno\u015bci\u0105 ze wzgl\u0119du na swoj\u0105 <strong>praktyczno\u015b\u0107 i \u0142atwo\u015b\u0107 u\u017cytkowania<\/strong>. Do wyboru s\u0105 nadajniki z przyciskami <strong>jednostopniowymi<\/strong>, <strong>dwustopniowymi<\/strong> oraz <strong>proporcjonalnymi<\/strong> (posiadaj\u0105cymi precyzj\u0119 joystick\u00f3w). Nadajniki przyciskowe Tele Radio dost\u0119pne s\u0105 w wielu r\u00f3\u017cnych rozmiarach i kszta\u0142tach: od tych mieszcz\u0105cych si\u0119 w kieszeni, po wi\u0119ksze i wyposa\u017cone w wy\u015bwietlacz. <\/p>\n\n\n\n<p class=\"has-text-align-center has-medium-font-size\"><strong>Poziom ochrony<\/strong> niski lub bardzo wysoki (SIL3 PLe).<\/p>\n<\/div><\/div>\n<\/div>\n\n\n\n<div class=\"wp-block-column is-layout-flow wp-block-column-is-layout-flow\">\n<div class=\"wp-block-cover\"><span aria-hidden=\"true\" class=\"wp-block-cover__background has-background-dim\"><\/span><img loading=\"lazy\" decoding=\"async\" width=\"338\" height=\"338\" class=\"wp-block-cover__image-background wp-image-68258\" alt=\"\" src=\"https:\/\/www.tele-radio.com\/app\/uploads\/pattern1.jpg\" data-object-fit=\"cover\" srcset=\"https:\/\/www.tele-radio.com\/app\/uploads\/pattern1.jpg 338w, https:\/\/www.tele-radio.com\/app\/uploads\/pattern1-150x150.jpg 150w, https:\/\/www.tele-radio.com\/app\/uploads\/pattern1-250x250.jpg 250w\" sizes=\"auto, (max-width: 338px) 100vw, 338px\" \/><div class=\"wp-block-cover__inner-container is-layout-flow wp-block-cover-is-layout-flow\">\n<div class=\"wp-block-cover\"><span aria-hidden=\"true\" class=\"wp-block-cover__background has-background-dim-40 has-background-dim\"><\/span><img loading=\"lazy\" decoding=\"async\" width=\"2560\" height=\"1709\" class=\"wp-block-cover__image-background wp-image-49097\" alt=\"\" src=\"https:\/\/www.tele-radio.com\/app\/uploads\/FH_PH_PM_0023-scaled.jpg\" data-object-fit=\"cover\" srcset=\"https:\/\/www.tele-radio.com\/app\/uploads\/FH_PH_PM_0023-scaled.jpg 2560w, https:\/\/www.tele-radio.com\/app\/uploads\/FH_PH_PM_0023-400x267.jpg 400w, https:\/\/www.tele-radio.com\/app\/uploads\/FH_PH_PM_0023-1200x801.jpg 1200w, https:\/\/www.tele-radio.com\/app\/uploads\/FH_PH_PM_0023-768x513.jpg 768w, https:\/\/www.tele-radio.com\/app\/uploads\/FH_PH_PM_0023-1536x1025.jpg 1536w, https:\/\/www.tele-radio.com\/app\/uploads\/FH_PH_PM_0023-2048x1367.jpg 2048w, https:\/\/www.tele-radio.com\/app\/uploads\/FH_PH_PM_0023-750x501.jpg 750w, https:\/\/www.tele-radio.com\/app\/uploads\/FH_PH_PM_0023-500x334.jpg 500w, https:\/\/www.tele-radio.com\/app\/uploads\/FH_PH_PM_0023-1600x1068.jpg 1600w, https:\/\/www.tele-radio.com\/app\/uploads\/FH_PH_PM_0023-800x534.jpg 800w\" sizes=\"auto, (max-width: 2560px) 100vw, 2560px\" \/><div class=\"wp-block-cover__inner-container is-layout-flow wp-block-cover-is-layout-flow\">\n<p class=\"has-text-align-center\" style=\"font-size:34px\">Nadajniki joystickowe<\/p>\n<\/div><\/div>\n\n\n\n<div style=\"height:20px\" aria-hidden=\"true\" class=\"wp-block-spacer\"><\/div>\n\n\n\n<p class=\"has-text-align-center has-medium-font-size\">Nadajniki joystickowe wybierane s\u0105 do zastosowa\u0144 <strong>wymagaj\u0105cych du\u017cej precyzji<\/strong>. S\u0105 wi\u0119ksze ni\u017c piloty r\u0119czne, ale oferuj\u0105 <strong>wi\u0119cej opcji dostosowania<\/strong>, np. dzi\u0119ki zastosowaniu standardowych element\u00f3w steruj\u0105cych lub specjalnych przycisk\u00f3w, prze\u0142\u0105cznik\u00f3w i joystick\u00f3w \u0142opatkowych. Wszystkie nadajniki joystickowe daj\u0105 mo\u017cliwo\u015b\u0107 uzyskania <strong>informacji zwrotnej<\/strong> wy\u015bwietlanej na wy\u015bwietlaczu i posiadaj\u0105 poziom ochrony co najmniej <strong>PLd CAT3<\/strong>. <\/p>\n\n\n\n<p class=\"has-text-align-center has-medium-font-size\">W ofercie pas biodrowy do r\u00f3\u017cnych rozmiar\u00f3w nadajnik\u00f3w.<\/p>\n<\/div><\/div>\n<\/div>\n<\/div>\n\n\n\n<div style=\"height:30px\" aria-hidden=\"true\" class=\"wp-block-spacer\"><\/div>\n\n\n\n<div class=\"wp-block-buttons is-horizontal is-content-justification-center is-layout-flex wp-container-core-buttons-is-layout-499968f5 wp-block-buttons-is-layout-flex\">\n<div class=\"wp-block-button has-custom-font-size has-medium-font-size\"><a class=\"wp-block-button__link has-black-color has-luminous-vivid-amber-background-color has-text-color has-background wp-element-button\" href=\"#kontakt\" style=\"border-radius:5px\">SKONTAKTUJ SI\u0118 Z NAMI<\/a><\/div>\n<\/div>\n\n\n\n<div style=\"height:30px\" aria-hidden=\"true\" class=\"wp-block-spacer\"><\/div>\n\n\n\n<div style=\"height:60px\" aria-hidden=\"true\" class=\"wp-block-spacer\"><\/div>\n\n\n\n<h2 class=\"wp-block-heading has-text-align-center has-large-font-size\" id=\"wsparcie\"><strong>POMOC I WSPARCIE TECHNICZNE<\/strong><\/h2>\n\n\n\n<p class=\"has-text-align-center\" style=\"font-size:30px\">Oferujemy najlepsz\u0105 obs\u0142ug\u0119 i wsparcie<\/p>\n\n\n\n<div style=\"height:60px\" aria-hidden=\"true\" class=\"wp-block-spacer\"><\/div>\n\n\n\n<p class=\"has-text-align-center\" style=\"font-size:23px\"><strong>Doskona\u0142y serwis<\/strong><\/p>\n\n\n\n<hr class=\"wp-block-separator has-css-opacity\"\/>\n\n\n\n<p class=\"has-text-align-center has-medium-font-size\">\u2022 doradzamy przy zakupie i dostosowaniu sprz\u0119tu<br>\u2022 pomagamy w konfiguracji oprogramowania<br>\u2022 udzielamy instrukcji i prowadzimy szkolenia<\/p>\n\n\n\n<p class=\"has-text-align-center\" style=\"font-size:23px\"><strong>Cz\u0119\u015bci zamienne i akcesoria<\/strong><\/p>\n\n\n\n<hr class=\"wp-block-separator has-css-opacity\"\/>\n\n\n\n<p class=\"has-text-align-center has-medium-font-size\">\u2022 oferujemy pomoc zwi\u0105zan\u0105 z cz\u0119\u015bciami zamiennymi nawet po wielu latach od zakupu sterowania Tele Radio<br>\u2022 dobieramy akcesoria zgodnie z wymaganiami klienta<\/p>\n\n\n\n<p class=\"has-text-align-center\" style=\"font-size:23px\"><strong>Naprawy i gwarancja<\/strong><\/p>\n\n\n\n<hr class=\"wp-block-separator has-css-opacity\"\/>\n\n\n\n<p class=\"has-text-align-center has-medium-font-size\">\u2022 dajemy 2 lata gwarancji na produkty Tele Radio<br>\u2022 udzielamy pomocy technicznej i dokonujemy napraw r\u00f3wnie\u017c po up\u0142ywie okresu gwarancyjnego<\/p>\n\n\n\n<div style=\"height:100px\" aria-hidden=\"true\" class=\"wp-block-spacer\"><\/div>\n\n\n\n<div class=\"wp-block-cover\"><span aria-hidden=\"true\" class=\"wp-block-cover__background has-background-dim\"><\/span><img loading=\"lazy\" decoding=\"async\" width=\"1800\" height=\"1202\" class=\"wp-block-cover__image-background wp-image-105842\" alt=\"\" src=\"https:\/\/www.tele-radio.com\/app\/uploads\/FM_MI_TG_0065-2.1.png\" data-object-fit=\"cover\" srcset=\"https:\/\/www.tele-radio.com\/app\/uploads\/FM_MI_TG_0065-2.1.png 1800w, https:\/\/www.tele-radio.com\/app\/uploads\/FM_MI_TG_0065-2.1-400x267.png 400w, https:\/\/www.tele-radio.com\/app\/uploads\/FM_MI_TG_0065-2.1-1200x801.png 1200w, https:\/\/www.tele-radio.com\/app\/uploads\/FM_MI_TG_0065-2.1-768x513.png 768w, https:\/\/www.tele-radio.com\/app\/uploads\/FM_MI_TG_0065-2.1-1536x1026.png 1536w, https:\/\/www.tele-radio.com\/app\/uploads\/FM_MI_TG_0065-2.1-750x501.png 750w, https:\/\/www.tele-radio.com\/app\/uploads\/FM_MI_TG_0065-2.1-500x334.png 500w, https:\/\/www.tele-radio.com\/app\/uploads\/FM_MI_TG_0065-2.1-1600x1068.png 1600w, https:\/\/www.tele-radio.com\/app\/uploads\/FM_MI_TG_0065-2.1-800x534.png 800w\" sizes=\"auto, (max-width: 1800px) 100vw, 1800px\" \/><div class=\"wp-block-cover__inner-container is-layout-flow wp-block-cover-is-layout-flow\">\n<p class=\"has-text-align-center\" style=\"font-size:38px\"><strong>PONAD 65 LAT DO\u015aWIADCZENIA<\/strong><\/p>\n\n\n\n<p class=\"has-text-align-center\" style=\"font-size:24px\">Pierwsza firma Tele Radio zosta\u0142a za\u0142o\u017cona w Szwecji w 1955 roku i od tego czasu rozwin\u0119\u0142a si\u0119 w mi\u0119dzynarodow\u0105 grup\u0119 z oddzia\u0142ami w Europie, Azji i USA.<\/p>\n<\/div><\/div>\n\n\n\n<div style=\"height:80px\" aria-hidden=\"true\" class=\"wp-block-spacer\"><\/div>\n\n\n\n<h2 class=\"wp-block-heading has-text-align-center has-large-font-size\"><strong>OPINIE KLIENT\u00d3W<\/strong><\/h2>\n\n\n\n<div style=\"height:24px\" aria-hidden=\"true\" class=\"wp-block-spacer\"><\/div>\n\n\n\n<div class=\"wp-block-columns is-layout-flex wp-container-core-columns-is-layout-9d6595d7 wp-block-columns-is-layout-flex\">\n<div class=\"wp-block-column is-layout-flow wp-block-column-is-layout-flow\">\n<blockquote class=\"wp-block-quote is-layout-flow wp-block-quote-is-layout-flow\">\n<p>Korzystamy z us\u0142ug Tele Radio ze wzgl\u0119du na znakomit\u0105 obs\u0142ug\u0119 i organizacj\u0119 wsparcia, co jest bardzo wa\u017cne dla nas i naszej firmy.<\/p>\n<cite>Rune Wab\u00f8, dyrektor zarz\u0105dzaj\u0105cy w firmie Munck Cranes<\/cite><\/blockquote>\n<\/div>\n\n\n\n<div class=\"wp-block-column is-layout-flow wp-block-column-is-layout-flow\">\n<blockquote class=\"wp-block-quote is-layout-flow wp-block-quote-is-layout-flow\">\n<p>Nadajniki Tele Radio wytrzymuj\u0105 wiele mechanicznych obci\u0105\u017ce\u0144 i nie ulegaj\u0105 przy tym uszkodzeniom, a czas pracy akumulatora jest imponuj\u0105cy.<\/p>\n<cite>Tomasz Fr\u0105czek, kierownik ds. konserwacji w firmie Thames Reinforcements Ltd<\/cite><\/blockquote>\n<\/div>\n<\/div>\n\n\n\n<div style=\"height:1px\" aria-hidden=\"true\" class=\"wp-block-spacer\"><\/div>\n\n\n\n<div class=\"wp-block-columns is-layout-flex wp-container-core-columns-is-layout-9d6595d7 wp-block-columns-is-layout-flex\">\n<div class=\"wp-block-column is-layout-flow wp-block-column-is-layout-flow\">\n<blockquote class=\"wp-block-quote is-layout-flow wp-block-quote-is-layout-flow\">\n<p>Wszystko dzia\u0142a p\u0142ynnie, bez zak\u0142\u00f3ce\u0144, z wielk\u0105 precyzj\u0105 i absolutnie niezawodnie. Mog\u0119 przemie\u015bci\u0107 ci\u0119\u017car\u00f3wk\u0119 z dowolnego miejsca siedz\u0105c na d\u017awigu, albo stoj\u0105c obok niej. System jest solidny i w 100% bezpieczny.<\/p>\n<cite>Jurgen Knoop, kierowca w firmie Derks, Bemmel<\/cite><\/blockquote>\n<\/div>\n\n\n\n<div class=\"wp-block-column is-layout-flow wp-block-column-is-layout-flow\">\n<blockquote class=\"wp-block-quote is-layout-flow wp-block-quote-is-layout-flow\">\n<p>U\u017cywamy produkt\u00f3w Tele Radio od wrze\u015bnia 2009 roku i stosujemy je do tej pory ze wzgl\u0119du na ich jako\u015b\u0107, solidno\u015b\u0107, bezpiecze\u0144stwo i dost\u0119pno\u015b\u0107 cz\u0119\u015bci zamiennych.<\/p>\n<cite><br>Alain Leclerc, prezes Groupe Industriel Premium<\/cite><\/blockquote>\n<\/div>\n<\/div>\n\n\n\n<div style=\"height:50px\" aria-hidden=\"true\" class=\"wp-block-spacer\"><\/div>\n\n\n\n<h2 class=\"wp-block-heading has-text-align-center has-large-font-size\" id=\"kontakt\">SKONTAKTUJ SI\u0118 Z NAMI!<\/h2>\n\n\n\n<p class=\"has-text-align-center\" style=\"font-size:24px\">Napisz do nas na WhatsApp, na Telegramie lub uzupe\u0142nij poni\u017cszy formularz, a przedstawimy Ci najlepsze i najkorzystniejsze cenowo rozwi\u0105zanie zdalnego sterowania radiowego<\/p>\n\n\n\n<div style=\"height:40px\" aria-hidden=\"true\" class=\"wp-block-spacer\"><\/div>\n\n\n\n<div class=\"wp-block-columns is-layout-flex wp-container-core-columns-is-layout-9d6595d7 wp-block-columns-is-layout-flex\">\n<div class=\"wp-block-column is-layout-flow wp-block-column-is-layout-flow\">\n<script id=\"zim-messageScript\" type=\"text\/javascript\">var _d=document;_d.write('<div id=\"zim-messageWidget\" style=\"display:flex;align-items:center;cursor:pointer;width:100%;\" onclick=window.open(\"https:\/\/wa.me\/message\/BJYMEZBZEY74M1\")><div style=\"display:flex;align-items:center;max-width:100%;border:2px solid transparent;box-sizing:border-box;background-color:#FFFFFF;border-color:#25D366;color:#128C7E;border-radius:20px;min-height:70px;padding:13px 18px\"><div style=\"flex-shrink:0;width:24px;height:24px\"><svg style=\"fill: currentColor;\" id=WHATSAPP viewBox=\"0 0 17 17\"><path d=\"M16.5333 8.7668C16.5333 13.0668 13.02 16.5535 8.67999 16.5535C7.29999 16.5535 6.01333 16.2001 4.87999 15.5868L0.533325 16.9668L1.95333 12.7868C1.21185 11.5746 0.81965 10.1811 0.819992 8.76013C0.826659 4.45346 4.34666 0.966797 8.68666 0.966797C13.0133 0.966797 16.5333 4.45346 16.5333 8.7668ZM8.67999 2.20013C5.03999 2.20013 2.07999 5.14013 2.07999 8.75346C2.07999 10.1868 2.54666 11.5135 3.33333 12.5935L2.50666 15.0335L5.03999 14.2335C6.12135 14.9422 7.38707 15.3178 8.67999 15.3135C12.32 15.3135 15.28 12.3801 15.28 8.76013C15.2712 7.01671 14.5715 5.3479 13.3343 4.11948C12.0972 2.89106 10.4234 2.20325 8.67999 2.2068V2.20013ZM12.6467 10.5535C12.5933 10.4735 12.4667 10.4268 12.2733 10.3335C12.0867 10.2401 11.14 9.77346 10.96 9.71346C10.7867 9.6468 10.6533 9.61346 10.5267 9.8068C10.3933 10.0001 10.0267 10.4268 9.91999 10.5535C9.80666 10.6868 9.69333 10.7001 9.49999 10.6068C9.30666 10.5068 8.68666 10.3068 7.95333 9.65346C7.53454 9.26854 7.17509 8.82372 6.88666 8.33346C6.76666 8.14013 6.86666 8.04013 6.96666 7.9468C7.05333 7.86013 7.15999 7.72013 7.25333 7.61346C7.35333 7.50013 7.38666 7.41346 7.44666 7.29346C7.51333 7.16013 7.47999 7.05346 7.43333 6.96013C7.37999 6.86013 6.99999 5.92013 6.83333 5.54013C6.67333 5.15346 6.51333 5.22013 6.40666 5.22013C6.29333 5.22013 6.15999 5.20013 6.03333 5.20013C5.89999 5.20013 5.69999 5.25346 5.51999 5.44013C5.34666 5.63346 4.85333 6.09346 4.85333 7.04013C4.85333 7.97346 5.53999 8.88013 5.63333 9.01346C5.72666 9.14013 6.96666 11.1268 8.91999 11.8935C10.88 12.6601 10.88 12.4068 11.2333 12.3735C11.5867 12.3401 12.3667 11.9068 12.5333 11.4668C12.6933 11.0201 12.6933 10.6335 12.6467 10.5535Z\"><\/path><\/svg><\/div>&nbsp;<div style=\"word-break:break-word;font-size:20px;margin-left:7px\">Napisz do nas na WhatsApp<\/div><\/div><\/div>');var _zim = _d.getElementById(\"zim-messageWidget\");var _r = _d.getElementById(\"zim-messageScript\");_r.parentNode.insertBefore(_zim, _r);<\/script>\n\n\n\n<div style=\"height:20px\" aria-hidden=\"true\" class=\"wp-block-spacer\"><\/div>\n<\/div>\n\n\n\n<div class=\"wp-block-column is-layout-flow wp-block-column-is-layout-flow\">\n<script id=\"zim-messageScript\" type=\"text\/javascript\">var _d=document;_d.write('<div id=\"zim-messageWidget\" style=\"display:flex;align-items:center;cursor:pointer;width:100%;\" onclick=window.open(\"https:\/\/t.me\/TeleRadioPolskaBot\")><div style=\"display:flex;align-items:center;max-width:100%;border:2px solid transparent;box-sizing:border-box;background-color:#fff;border-color:#4fa7d8;color:#4fa7d8;border-radius:20px;min-height:70px;padding:13px 18px\"><div style=\"flex-shrink:0;width:24px;height:24px\"><svg style=\"fill: currentColor;\" id=TELEGRAM viewBox=\"0 0 60 50\"><path d=\"M23.5429 32.9525L22.5504 46.9125C23.9704 46.9125 24.5854 46.3025 25.3229 45.57L31.9804 39.2075L45.7754 49.31C48.3054 50.72 50.0879 49.9775 50.7704 46.9825L59.8254 4.55254L59.8279 4.55004C60.6304 0.810037 58.4754 -0.652463 56.0104 0.265037L2.78544 20.6425C-0.847055 22.0525 -0.792055 24.0775 2.16794 24.995L15.7754 29.2275L47.3829 9.45004C48.8704 8.46504 50.2229 9.01004 49.1104 9.99504L23.5429 32.9525Z\"><\/path><\/svg><\/div>&nbsp;<div style=\"word-break:break-word;font-size:20px;margin-left:7px\">Napisz do nas na Telegram<\/div><\/div><\/div>');var _zim = _d.getElementById(\"zim-messageWidget\");var _r = _d.getElementById(\"zim-messageScript\");_r.parentNode.insertBefore(_zim, _r);<\/script>\n<\/div>\n<\/div>\n\n\n\n<div style=\"height:35px\" aria-hidden=\"true\" class=\"wp-block-spacer\"><\/div>\n\n\n\n<p class=\"has-medium-font-size\">Uzupe\u0142nij formularz \u2b07<\/p>\n\n\n\n<div style=\"height:30px\" aria-hidden=\"true\" class=\"wp-block-spacer\"><\/div>\n\n\n\n<div id=\"zf_div_Do1HyxjTnCuad5bOH2_oNx43cmFiOSQQgsXV_rjySMI\"><\/div><script type=\"text\/javascript\">(function() {\ntry{\nvar f = document.createElement(\"iframe\");\nf.src = 'https:\/\/forms.zohopublic.eu\/teleradiopolskaspzoo\/form\/TwojedaneGoogleAd\/formperma\/Do1HyxjTnCuad5bOH2_oNx43cmFiOSQQgsXV_rjySMI';\nf.style.border=\"none\";\nf.style.height=\"800px\";\nf.style.width=\"90%\";\nf.style.transition=\"all 0.5s ease\";\nvar d = document.getElementById(\"zf_div_Do1HyxjTnCuad5bOH2_oNx43cmFiOSQQgsXV_rjySMI\");\nd.appendChild(f);\n}catch(e){}\n})();<\/script>\n\n\n\n<div style=\"height:40px\" aria-hidden=\"true\" class=\"wp-block-spacer\"><\/div>\n\n\n\n<div style=\"height:35px\" aria-hidden=\"true\" class=\"wp-block-spacer\"><\/div>\n\n\n\n<div style=\"height:58px\" aria-hidden=\"true\" class=\"wp-block-spacer\"><\/div>\n\n\n\n<div style=\"height:100px\" aria-hidden=\"true\" class=\"wp-block-spacer\"><\/div>\n\n\n\n<div style=\"height:100px\" aria-hidden=\"true\" class=\"wp-block-spacer\"><\/div>\n","protected":false},"excerpt":{"rendered":"<p>Bezpieczne i niezawodne sterowanie dostosowane do Twojej aplikacji WARTO NAM ZAUFA\u0106 Chcemy zapewnia\u0107 rozwi\u0105zania sterowania radiowego wykraczaj\u0105ce poza potrzeby naszych klient\u00f3w Zwi\u0119kszenie bezpiecze\u0144stwa Bezprzewodowe systemy sterowania zapewniaj\u0105 bezpiecze\u0144stwo i swobod\u0119 ruch\u00f3w. Tele Radio oferuje produkty posiadaj\u0105ce najwy\u017cszy poziom ochrony &#8211; PLd oraz SIL3\/PLe. Certyfikaty od niezale\u017cnych jednostek. Innowacyjna technologia Wykorzystujemy inteligentne oprogramowanie, specjalne protoko\u0142y i [&hellip;]<\/p>\n","protected":false},"author":87,"featured_media":105892,"parent":0,"menu_order":0,"comment_status":"closed","ping_status":"closed","template":"page-templates\/landing-page.php","meta":{"_acf_changed":false,"footnotes":""},"class_list":["post-105377","page","type-page","status-publish","has-post-thumbnail","hentry"],"acf":[],"_links":{"self":[{"href":"https:\/\/www.tele-radio.com\/pl\/wp-json\/wp\/v2\/pages\/105377","targetHints":{"allow":["GET"]}}],"collection":[{"href":"https:\/\/www.tele-radio.com\/pl\/wp-json\/wp\/v2\/pages"}],"about":[{"href":"https:\/\/www.tele-radio.com\/pl\/wp-json\/wp\/v2\/types\/page"}],"author":[{"embeddable":true,"href":"https:\/\/www.tele-radio.com\/pl\/wp-json\/wp\/v2\/users\/87"}],"replies":[{"embeddable":true,"href":"https:\/\/www.tele-radio.com\/pl\/wp-json\/wp\/v2\/comments?post=105377"}],"version-history":[{"count":126,"href":"https:\/\/www.tele-radio.com\/pl\/wp-json\/wp\/v2\/pages\/105377\/revisions"}],"predecessor-version":[{"id":156787,"href":"https:\/\/www.tele-radio.com\/pl\/wp-json\/wp\/v2\/pages\/105377\/revisions\/156787"}],"wp:featuredmedia":[{"embeddable":true,"href":"https:\/\/www.tele-radio.com\/pl\/wp-json\/wp\/v2\/media\/105892"}],"wp:attachment":[{"href":"https:\/\/www.tele-radio.com\/pl\/wp-json\/wp\/v2\/media?parent=105377"}],"curies":[{"name":"wp","href":"https:\/\/api.w.org\/{rel}","templated":true}]}}