{"id":103662,"date":"2022-05-18T08:44:44","date_gmt":"2022-05-18T08:44:44","guid":{"rendered":"https:\/\/www.tele-radio.com\/groupe-industriel-premiums-success-story\/"},"modified":"2023-05-15T10:56:17","modified_gmt":"2023-05-15T10:56:17","slug":"groupe-industriel-premium","status":"publish","type":"page","link":"https:\/\/www.tele-radio.com\/pl\/groupe-industriel-premium\/","title":{"rendered":"GROUPE INDUSTRIEL PREMIUM"},"content":{"rendered":"\n<h1 class=\"wp-block-heading\">Groupe Industriel Premium<\/h1>\n\n\n\n<p class=\"has-medium-font-size\"><em><em>Systemy zdalnego sterowania Tele Radio obs\u0142uguj\u0105 18 elektrycznych suwnic pomostowych (EOT) w nowym zak\u0142adzie produkcji urz\u0105dze\u0144 wentylacyjnych firmy Nortek Air Solutions w Quebec w Kanadzie.<\/em><\/em><\/p>\n\n\n\n<div class=\"wp-block-image is-style-default\"><figure class=\"alignright size-full is-resized\"><img loading=\"lazy\" decoding=\"async\" src=\"https:\/\/www.tele-radio.com\/app\/uploads\/Resized_20190920_145257-2-2.jpg\" alt=\"\" class=\"wp-image-103187\" width=\"547\" height=\"604\" srcset=\"https:\/\/www.tele-radio.com\/app\/uploads\/Resized_20190920_145257-2-2.jpg 742w, https:\/\/www.tele-radio.com\/app\/uploads\/Resized_20190920_145257-2-2-362x400.jpg 362w, https:\/\/www.tele-radio.com\/app\/uploads\/Resized_20190920_145257-2-2-679x750.jpg 679w, https:\/\/www.tele-radio.com\/app\/uploads\/Resized_20190920_145257-2-2-452x500.jpg 452w, https:\/\/www.tele-radio.com\/app\/uploads\/Resized_20190920_145257-2-2-724x800.jpg 724w\" sizes=\"auto, (max-width: 547px) 100vw, 547px\" \/><\/figure><\/div>\n\n\n\n<p>Ka\u017cda suwnica jest wyposa\u017cona w trzy odbiorniki Panther (jeden dla mostu, drugi dla wci\u0105gnika\/w\u00f3zka 1, trzeci dla wci\u0105gnika\/w\u00f3zka 2) sterowane za pomoc\u0105 jednego nadajnika, co eliminuje konieczno\u015b\u0107 stosowania feston\u00f3w. Suwnice s\u0105 u\u017cywane do podnoszenia r\u00f3\u017cnych \u0142adunk\u00f3w &#8211; w niedawno rozbudowanym zak\u0142adzie o powierzchni 200000 st\u00f3p kwadratowych (18580,61 metr\u00f3w kwadratowych) w Montrealu produkowane s\u0105 niestandardowe wentylatory, w\u0119\u017cownice i centrale wentylacyjne.<\/p>\n\n\n\n<p>Instalacj\u0119 suwnic wykona\u0142a firma CanStahl, nale\u017c\u0105ca do rodziny <a href=\"https:\/\/groupeindustrielpremium.com\/en\/\">Groupe Industriel Premium Inc<\/a> i b\u0119d\u0105ca przedstawicielem niemieckiego producenta d\u017awig\u00f3w Stahl CraneSystems. Grupa Industriel Premium jest wieloletnim partnerem firmy Tele Radio i wybra\u0142a lini\u0119 produkt\u00f3w <a href=\"https:\/\/www.tele-radio.com\/pl\/products\/panther\/\">Panther<\/a>, kt\u00f3ra oferuje zasi\u0119g do 500 metr\u00f3w i jest certyfikowana zgodnie z norm\u0105 EN ISO 13849-1, Bezpiecze\u0144stwo funkcjonalne maszyn (ang. Functional Safety of Machinery), jako CAT3, PLd.<\/p>\n\n\n\n<p>Spo\u015br\u00f3d osiemnastu jednod\u017awigarowych suwnic EOT, 15 pracuje w tandemie z dwoma wci\u0105gnikami. Warto zauwa\u017cy\u0107, \u017ce w Ameryce P\u00f3\u0142nocnej suwnice pomostowe s\u0105 tradycyjnie wyposa\u017cone we wci\u0105gniki linowe. Jednak aby m\u00f3c podnosi\u0107 \u0142adunki w trybie tandemowym bez bocznych ruch\u00f3w haka, zapewni\u0107 niewielk\u0105 przestrze\u0144 mi\u0119dzy hakami \u0142adunkowymi i ograniczy\u0107 do minimum wymiary przej\u015bcia po obu stronach mostu suwnicy, wybrano wci\u0105gniki \u0142a\u0144cuchowe.<\/p>\n\n\n\n<p>W sumie zainstalowano 35 nowych wci\u0105gnik\u00f3w \u0142a\u0144cuchowych o ud\u017awigu od 2000 do 5000 kg. Rozpi\u0119to\u015b\u0107 prz\u0119se\u0142 suwnic mostowych wynosi do 20,12 metra. Wysoko\u015b\u0107 podnoszenia poszczeg\u00f3lnych wci\u0105gnik\u00f3w wynosi od 6 do 8 metr\u00f3w. Wszystkie suwnice s\u0105 wyposa\u017cone w 12-przyciskowe nadajniki Tele Radio.<\/p>\n\n\n\n<div style=\"height:42px\" aria-hidden=\"true\" class=\"wp-block-spacer\"><\/div>\n\n\n\n<blockquote class=\"wp-block-quote is-style-default is-layout-flow wp-block-quote-is-layout-flow\"><p><em>\u201c<em>Systemy Tele Radio pozwalaj\u0105 nam budowa\u0107 suwnice z wieloma wci\u0105gnikami i bez feston\u00f3w, co stanowi atrakcyjne obni\u017cenie koszt\u00f3w oraz poprawia wygl\u0105d i jako\u015b\u0107 produktu, kt\u00f3ry dostarczamy klientom. U\u017cywamy produkt\u00f3w Tele Radio od wrze\u015bnia 2009 roku i stosujemy je do tej pory ze wzgl\u0119du na ich jako\u015b\u0107, solidno\u015b\u0107, bezpiecze\u0144stwo i dost\u0119pno\u015b\u0107 cz\u0119\u015bci zamiennych.<\/em>\u201d<\/em><\/p><cite><br><em>-Alain Leclerc,<em> Prezes Groupe Industriel Premium<\/em><\/em><\/cite><\/blockquote>\n\n\n\n<div style=\"height:38px\" aria-hidden=\"true\" class=\"wp-block-spacer\"><\/div>\n\n\n\n<p>Leclerc podkre\u015bli\u0142, \u017ce system sterowania Panther mo\u017cna dostosowa\u0107 do praktycznie ka\u017cdego standardowego zastosowania suwnic EOT. System jest niezwykle wszechstronny i mo\u017ce by\u0107 stosowany nawet w 95% wszystkich typowych suwnic i d\u017awignic (d\u017awigi jedno- i dwud\u017awigarowe, tandemowe, maksymalnie cztery suwnice z jednym nadajnikiem). Dla bardziej skomplikowanych rozwi\u0105za\u0144 sterowania, Tele Radio oferuje lini\u0119 produkt\u00f3w Tiger z certyfikatem SIL3 PLe, umo\u017cliwiaj\u0105c\u0105 tworzenie niesko\u0144czonej liczby niestandardowych konfiguracji spe\u0142niaj\u0105cych najbardziej z\u0142o\u017cone wymagania w zakresie zdalnego sterowania przemys\u0142owego.<\/p>\n\n\n\n<p>Firma Nortek jest jednym z wiod\u0105cych kanadyjskich dostawc\u00f3w innowacyjnych, spersonalizowanych urz\u0105dze\u0144 do uzdatniania powietrza i od 1998 roku dostarcza wysokiej jako\u015bci produkty i us\u0142ugi do szerokiego zakresu zastosowa\u0144. Po udanej instalacji opisanej powy\u017cej, w przygotowaniu s\u0105 ju\u017c kolejne projekty dla Groupe Industriel Premium, CanStahl i Tele Radio.<\/p>\n\n\n\n<p><\/p>\n\n\n\n<div style=\"height:48px\" aria-hidden=\"true\" class=\"wp-block-spacer\"><\/div>\n\n\n\n<figure class=\"wp-block-image size-large is-style-default\"><img loading=\"lazy\" decoding=\"async\" width=\"1200\" height=\"431\" src=\"https:\/\/www.tele-radio.com\/app\/uploads\/\/20190920_140335-3-2048x735-1-1200x431.jpg\" alt=\"\" class=\"wp-image-103045\" srcset=\"https:\/\/www.tele-radio.com\/app\/uploads\/20190920_140335-3-2048x735-1-1200x431.jpg 1200w, https:\/\/www.tele-radio.com\/app\/uploads\/20190920_140335-3-2048x735-1-400x144.jpg 400w, https:\/\/www.tele-radio.com\/app\/uploads\/20190920_140335-3-2048x735-1-768x276.jpg 768w, https:\/\/www.tele-radio.com\/app\/uploads\/20190920_140335-3-2048x735-1-1536x551.jpg 1536w, https:\/\/www.tele-radio.com\/app\/uploads\/20190920_140335-3-2048x735-1-750x269.jpg 750w, https:\/\/www.tele-radio.com\/app\/uploads\/20190920_140335-3-2048x735-1-500x179.jpg 500w, https:\/\/www.tele-radio.com\/app\/uploads\/20190920_140335-3-2048x735-1-1600x574.jpg 1600w, https:\/\/www.tele-radio.com\/app\/uploads\/20190920_140335-3-2048x735-1-800x287.jpg 800w, https:\/\/www.tele-radio.com\/app\/uploads\/20190920_140335-3-2048x735-1.jpg 2048w\" sizes=\"auto, (max-width: 1200px) 100vw, 1200px\" \/><\/figure>\n\n\n\n<div style=\"height:100px\" aria-hidden=\"true\" class=\"wp-block-spacer\"><\/div>\n","protected":false},"excerpt":{"rendered":"<p>Groupe Industriel Premium Systemy zdalnego sterowania Tele Radio obs\u0142uguj\u0105 18 elektrycznych suwnic pomostowych (EOT) w nowym zak\u0142adzie produkcji urz\u0105dze\u0144 wentylacyjnych firmy Nortek Air Solutions w Quebec w Kanadzie. Ka\u017cda suwnica jest wyposa\u017cona w trzy odbiorniki Panther (jeden dla mostu, drugi dla wci\u0105gnika\/w\u00f3zka 1, trzeci dla wci\u0105gnika\/w\u00f3zka 2) sterowane za pomoc\u0105 jednego nadajnika, co eliminuje konieczno\u015b\u0107 [&hellip;]<\/p>\n","protected":false},"author":87,"featured_media":103035,"parent":0,"menu_order":0,"comment_status":"closed","ping_status":"closed","template":"","meta":{"_acf_changed":false,"footnotes":""},"class_list":["post-103662","page","type-page","status-publish","has-post-thumbnail","hentry"],"acf":[],"_links":{"self":[{"href":"https:\/\/www.tele-radio.com\/pl\/wp-json\/wp\/v2\/pages\/103662","targetHints":{"allow":["GET"]}}],"collection":[{"href":"https:\/\/www.tele-radio.com\/pl\/wp-json\/wp\/v2\/pages"}],"about":[{"href":"https:\/\/www.tele-radio.com\/pl\/wp-json\/wp\/v2\/types\/page"}],"author":[{"embeddable":true,"href":"https:\/\/www.tele-radio.com\/pl\/wp-json\/wp\/v2\/users\/87"}],"replies":[{"embeddable":true,"href":"https:\/\/www.tele-radio.com\/pl\/wp-json\/wp\/v2\/comments?post=103662"}],"version-history":[{"count":11,"href":"https:\/\/www.tele-radio.com\/pl\/wp-json\/wp\/v2\/pages\/103662\/revisions"}],"predecessor-version":[{"id":104265,"href":"https:\/\/www.tele-radio.com\/pl\/wp-json\/wp\/v2\/pages\/103662\/revisions\/104265"}],"wp:featuredmedia":[{"embeddable":true,"href":"https:\/\/www.tele-radio.com\/pl\/wp-json\/wp\/v2\/media\/103035"}],"wp:attachment":[{"href":"https:\/\/www.tele-radio.com\/pl\/wp-json\/wp\/v2\/media?parent=103662"}],"curies":[{"name":"wp","href":"https:\/\/api.w.org\/{rel}","templated":true}]}}