{"id":102133,"date":"2022-05-06T10:22:20","date_gmt":"2022-05-06T10:22:20","guid":{"rendered":"https:\/\/www.tele-radio.com\/gmt-equipment\/"},"modified":"2023-05-15T10:55:22","modified_gmt":"2023-05-15T10:55:22","slug":"gmt-equipment","status":"publish","type":"page","link":"https:\/\/www.tele-radio.com\/pl\/gmt-equipment\/","title":{"rendered":"GMT EQUIPMENT"},"content":{"rendered":"\n<div style=\"height:30px\" aria-hidden=\"true\" class=\"wp-block-spacer\"><\/div>\n\n\n\n<h1 class=\"has-text-align-center wp-block-heading\">GMT EQUIPMENT<\/h1>\n\n\n\n<pre class=\"wp-block-verse has-text-align-center has-black-color has-text-color has-medium-font-size\"><em>\u201cMaking Tree Work Safe and Efficient\u201d<\/em>\n<\/pre>\n\n\n\n<h2 class=\"has-text-align-center wp-block-heading\" style=\"font-size:25px\">Bezpieczna i wydajna praca przy piel\u0119gnacji drzew<\/h2>\n\n\n\n<div style=\"height:30px\" aria-hidden=\"true\" class=\"wp-block-spacer\"><\/div>\n\n\n\n<p style=\"font-size:25px\">Od ponad dziesi\u0119ciu lat g\u0142owice \u015bcinkowe GMT s\u0105 najlepszym rozwi\u0105zaniem w zakresie bezpiecznego i efektywnego usuwania drzew na terenach miejskich, wzd\u0142u\u017c linii kolejowych, autostrad i dr\u00f3g wodnych. G\u0142owica jest trwa\u0142ym i w pe\u0142ni hydraulicznie sterowanym systemem, kt\u00f3ry mo\u017cna zamontowa\u0107 na dowolnym poje\u017adzie d\u017awigowym. \u00a0<\/p>\n\n\n\n<div class=\"wp-block-image is-style-default\"><figure class=\"alignright size-large is-resized\"><img loading=\"lazy\" decoding=\"async\" src=\"https:\/\/www.tele-radio.com\/app\/uploads\/\/GMT_WEB_800x800px-1200x1200.jpg\" alt=\"\" class=\"wp-image-101055\" width=\"498\" height=\"498\" srcset=\"https:\/\/www.tele-radio.com\/app\/uploads\/GMT_WEB_800x800px-1200x1200.jpg 1200w, https:\/\/www.tele-radio.com\/app\/uploads\/GMT_WEB_800x800px-400x400.jpg 400w, https:\/\/www.tele-radio.com\/app\/uploads\/GMT_WEB_800x800px-150x150.jpg 150w, https:\/\/www.tele-radio.com\/app\/uploads\/GMT_WEB_800x800px-768x768.jpg 768w, https:\/\/www.tele-radio.com\/app\/uploads\/GMT_WEB_800x800px-1536x1536.jpg 1536w, https:\/\/www.tele-radio.com\/app\/uploads\/GMT_WEB_800x800px-2048x2048.jpg 2048w, https:\/\/www.tele-radio.com\/app\/uploads\/GMT_WEB_800x800px-250x250.jpg 250w, https:\/\/www.tele-radio.com\/app\/uploads\/GMT_WEB_800x800px-750x750.jpg 750w, https:\/\/www.tele-radio.com\/app\/uploads\/GMT_WEB_800x800px-500x500.jpg 500w, https:\/\/www.tele-radio.com\/app\/uploads\/GMT_WEB_800x800px-1600x1600.jpg 1600w, https:\/\/www.tele-radio.com\/app\/uploads\/GMT_WEB_800x800px-800x800.jpg 800w\" sizes=\"auto, (max-width: 498px) 100vw, 498px\" \/><\/figure><\/div>\n\n\n\n<p>Dwa lata temu do u\u017cytku wszed\u0142 nowy system TTC (Total Tree Control). Podczas gdy wcze\u015bniej g\u0142owica \u015bcinkowa mog\u0142a si\u0119 tylko elastycznie obraca\u0107, teraz mo\u017cna j\u0105 ca\u0142kowicie usztywni\u0107 za pomoc\u0105 przycisku, dzi\u0119ki czemu cz\u0119\u015bci drzew pozostaj\u0105 w pozycji, w kt\u00f3rej zosta\u0142y \u015bci\u0119te. Ponadto u\u017cytkownik ma lepsz\u0105 kontrol\u0119 nad pochyleniem \u015bci\u0119tych drzew. Si\u0142a uchwytu jest realizowana hydraulicznie, ale jej aktywacja wymaga sygna\u0142u elektronicznego steruj\u0105cego zaworem. Niestety nie ka\u017cdy typ pojazdu (d\u017awigowego) ma dost\u0119pny dodatkowy sygna\u0142 elektryczny lub mo\u017cliwo\u015b\u0107 zintegrowania go z dotychczasowym rozwi\u0105zaniem. Komponenty zdalnego sterowania firmy Tele Radio okaza\u0142y si\u0119 idealnym rozwi\u0105zaniem tego problemu.\u00a0<\/p>\n\n\n\n<p>Gert-Jan Nekkers (starszy in\u017cynier projektu) i Ingar Luttik (kierownik ds. rozwoju biznesu) z GMT Equipment dziel\u0105 si\u0119 wspania\u0142ymi do\u015bwiadczeniami ze wsp\u00f3\u0142pracy z Tele Radio. W firmie tej nie u\u017cywano wcze\u015bniej nadajnik\u00f3w sterowania radiowego.<\/p>\n\n\n\n<p>W GMT Equipment wszystkie urz\u0105dzenia s\u0105 nap\u0119dzane hydraulicznie. Wynika to z wiedzy i do\u015bwiadczenia firmy w dziedzinie hydrauliki. Jednak nowa funkcjonalno\u015b\u0107 maszyn wymusi\u0142a szersze spojrzenie, poza hydraulik\u0119. Cho\u0107 pocz\u0105tkowo pracownicy wahali si\u0119 nad wykorzystaniem innej techniki, w p\u00f3\u017aniejszym czasie rozpocz\u0119li poszukiwania idealnego nadajnika i odbiornika, by przystosowa\u0107 si\u0119 do pracy z sygna\u0142em.<\/p>\n\n\n\n<p>Jednym z kryteri\u00f3w by\u0142o to, by urz\u0105dzenie by\u0142o trwa\u0142e i kompaktowe, tak by mo\u017cna by\u0142o je \u0142atwo zmie\u015bci\u0107 w kieszeni. Asortyment produkt\u00f3w Tele Radio spe\u0142nia obie te potrzeby. Wsp\u00f3lnie z dzia\u0142em technicznym Tele Radio pracowali\u015bmy nad rozwi\u0105zaniem. W rezultacie nowy system TTC zosta\u0142 oddany do u\u017cytku we wrze\u015bniu 2020 roku.<\/p>\n\n\n\n<p>Od momentu wprowadzenia nowego systemu, na \u017cyczenie klient\u00f3w zastosowano ju\u017c kilka poprawek; jest to dobry przyk\u0142ad ci\u0105g\u0142ego rozwoju produktu. Tele Radio lubi opracowywa\u0107 rozwi\u0105zania ze swoimi klientami i wykorzystywa\u0107 praktyczne do\u015bwiadczenia z systemami sterowania do ulepszania produkt\u00f3w, bez konieczno\u015bci prowadzenia d\u0142ugich bada\u0144 czy tworzenia nowych narz\u0119dzi.<\/p>\n\n\n\n<p>Firma GMT by\u0142a bardzo zadowolona z naszej etyki pracy.<\/p>\n\n\n\n<div style=\"height:57px\" aria-hidden=\"true\" class=\"wp-block-spacer\"><\/div>\n\n\n\n<div class=\"wp-block-cover has-black-background-color has-background-dim\"><div class=\"wp-block-cover__inner-container is-layout-flow wp-block-cover-is-layout-flow\">\n<h2 class=\"has-text-align-center wp-block-heading\"><strong><strong>G\u0142owica \u015bcinkowa<\/strong><\/strong><\/h2>\n\n\n\n<p class=\"has-text-align-center\">Funkcje chwytaka i pi\u0142y s\u0105 w pe\u0142ni zintegrowane hydraulicznie z g\u0142owic\u0105 \u015bcinkow\u0105, co oznacza, \u017ce mo\u017cna wykona\u0107 kilka operacji w tym samym czasie. Za pomoc\u0105 nadajnika Tele Radio istnieje mo\u017cliwo\u015b\u0107 zablokowania lub zatrzymania uk\u0142adu hamulcowego urz\u0105dzenia w ka\u017cdej chwili. Zapobiega to przesuwaniu si\u0119 lub przewracaniu pnia drzewa. Jest to bardzo wa\u017cne podczas usuwania uszkodzonych lub martwych drzew na terenach miejskich lub zat\u0142oczonych. Takie rozwi\u0105zanie gwarantuje, \u017ce drzewo nie spadnie w spos\u00f3b niekontrolowany, lecz zostanie przetransportowane przez chwytak we w\u0142a\u015bciwe miejsce.<\/p>\n\n\n\n<p class=\"has-text-align-center\"><br>Dzi\u0119ki temu ca\u0142y proces jest o wiele bezpieczniejszy, nie tylko dla okolicznych mieszka\u0144c\u00f3w, ale przede wszystkim dla os\u00f3b wykonuj\u0105cych te czynno\u015bci. Nie jest ju\u017c konieczne u\u017cywanie podno\u015bnik\u00f3w, by dosta\u0107 si\u0119 do drzewa. Obecnie prac\u0119 mo\u017cna wykonywa\u0107 z poziomu gruntu. Jest ona zatem nie tylko bezpieczniejsza, ale tak\u017ce bardziej wydajna. Nie jest przypadkiem, \u017ce tak w\u0142a\u015bnie brzmi has\u0142o przewodnie firmy.<\/p>\n<\/div><\/div>\n\n\n\n<div style=\"height:99px\" aria-hidden=\"true\" class=\"wp-block-spacer\"><\/div>\n\n\n\n<h2 class=\"has-text-align-center wp-block-heading\">Potrzebujesz wi\u0119cej informacji? <a href=\"https:\/\/www.tele-radio.com\/pl\/kontakt\/\">Skontaktuj si\u0119 z nami!<\/a><\/h2>\n\n\n\n<div style=\"height:100px\" aria-hidden=\"true\" class=\"wp-block-spacer\"><\/div>\n","protected":false},"excerpt":{"rendered":"<p>GMT EQUIPMENT \u201cMaking Tree Work Safe and Efficient\u201d Bezpieczna i wydajna praca przy piel\u0119gnacji drzew Od ponad dziesi\u0119ciu lat g\u0142owice \u015bcinkowe GMT s\u0105 najlepszym rozwi\u0105zaniem w zakresie bezpiecznego i efektywnego usuwania drzew na terenach miejskich, wzd\u0142u\u017c linii kolejowych, autostrad i dr\u00f3g wodnych. G\u0142owica jest trwa\u0142ym i w pe\u0142ni hydraulicznie sterowanym systemem, kt\u00f3ry mo\u017cna zamontowa\u0107 na [&hellip;]<\/p>\n","protected":false},"author":87,"featured_media":101091,"parent":0,"menu_order":0,"comment_status":"closed","ping_status":"closed","template":"","meta":{"_acf_changed":false,"footnotes":""},"class_list":["post-102133","page","type-page","status-publish","has-post-thumbnail","hentry"],"acf":[],"_links":{"self":[{"href":"https:\/\/www.tele-radio.com\/pl\/wp-json\/wp\/v2\/pages\/102133","targetHints":{"allow":["GET"]}}],"collection":[{"href":"https:\/\/www.tele-radio.com\/pl\/wp-json\/wp\/v2\/pages"}],"about":[{"href":"https:\/\/www.tele-radio.com\/pl\/wp-json\/wp\/v2\/types\/page"}],"author":[{"embeddable":true,"href":"https:\/\/www.tele-radio.com\/pl\/wp-json\/wp\/v2\/users\/87"}],"replies":[{"embeddable":true,"href":"https:\/\/www.tele-radio.com\/pl\/wp-json\/wp\/v2\/comments?post=102133"}],"version-history":[{"count":2,"href":"https:\/\/www.tele-radio.com\/pl\/wp-json\/wp\/v2\/pages\/102133\/revisions"}],"predecessor-version":[{"id":102139,"href":"https:\/\/www.tele-radio.com\/pl\/wp-json\/wp\/v2\/pages\/102133\/revisions\/102139"}],"wp:featuredmedia":[{"embeddable":true,"href":"https:\/\/www.tele-radio.com\/pl\/wp-json\/wp\/v2\/media\/101091"}],"wp:attachment":[{"href":"https:\/\/www.tele-radio.com\/pl\/wp-json\/wp\/v2\/media?parent=102133"}],"curies":[{"name":"wp","href":"https:\/\/api.w.org\/{rel}","templated":true}]}}