{"id":91927,"date":"2020-08-26T09:41:38","date_gmt":"2020-08-26T09:41:38","guid":{"rendered":"https:\/\/www.tele-radio.com\/retired-products\/t80-leopard\/"},"modified":"2023-05-31T12:31:03","modified_gmt":"2023-05-31T12:31:03","slug":"t80-leopard","status":"publish","type":"page","link":"https:\/\/www.tele-radio.com\/nl\/retired-products\/t80-leopard\/","title":{"rendered":"T80 Leopard"},"content":{"rendered":"\n<h1 class=\"wp-block-heading\">Industri\u00eble afstandsbediening<\/h1>\n\n\n\n<h1>Tele Radio T80 Leopard<\/h1>\n\n\n\n<div class=\"wp-block-columns is-layout-flex wp-container-core-columns-is-layout-9d6595d7 wp-block-columns-is-layout-flex\">\n<div class=\"wp-block-column is-layout-flow wp-block-column-is-layout-flow\" style=\"flex-basis:40%\"><div class=\"wp-block-image\">\n<figure class=\"aligncenter size-medium\"><img loading=\"lazy\" decoding=\"async\" width=\"400\" height=\"294\" src=\"https:\/\/www.tele-radio.com\/app\/uploads\/\/T80-leopard-retired-system-Tele-Radio-1-400x294.jpg\" alt=\"T80 Leopard radiografische besturing\" class=\"wp-image-11618\" srcset=\"https:\/\/www.tele-radio.com\/app\/uploads\/T80-leopard-retired-system-Tele-Radio-1-400x294.jpg 400w, https:\/\/www.tele-radio.com\/app\/uploads\/T80-leopard-retired-system-Tele-Radio-1-500x367.jpg 500w, https:\/\/www.tele-radio.com\/app\/uploads\/T80-leopard-retired-system-Tele-Radio-1.jpg 626w\" sizes=\"auto, (max-width: 400px) 100vw, 400px\" \/><\/figure><\/div><\/div>\n\n\n\n<div class=\"wp-block-column is-layout-flow wp-block-column-is-layout-flow\" style=\"flex-basis:60%\">\n<p>Het <strong>T80 Leopard<\/strong>-systeem werd in 2006 ge\u00efntroduceerd en was een robuust systeem met \u00e9\u00e9n zender en twee typen ontvangers gericht op de hijsindustrie. Het systeem had een gecertificeerde stopfunctie en voldeed aan de veiligheidsnormen van categorie 3 en PLd.<\/p>\n\n\n\n<p>De &#8220;MQ&#8221;-ontvanger had een dunne designbehuizing en was bijzonder geschikt voor smalle installatiegebieden.<\/p>\n\n\n\n<h2 class=\"wp-block-heading\">Vervanging<\/h2>\n\n\n\n<p>Het T80 Leopard-systeem is vervangen door de Tiger G2-systemen.<\/p>\n\n\n\n<div class=\"wp-block-buttons is-layout-flex wp-block-buttons-is-layout-flex\">\n<div class=\"wp-block-button\"><a class=\"wp-block-button__link has-background wp-element-button\" href=\"https:\/\/www.tele-radio.com\/nl\/produkten\/tiger\/\" style=\"background-color:#feb914\">Bekijk Tiger G2 systemen<\/a><\/div>\n<\/div>\n\n\n\n<div style=\"height:20px\" aria-hidden=\"true\" class=\"wp-block-spacer\"><\/div>\n<\/div>\n<\/div>\n\n\n\n<p>Op zoek naar T80 Leopard-documenten? Ga&nbsp;<a href=\"https:\/\/www.tele-radio.com\/nl\/support\/downloads\/\">hier<\/a>&nbsp;naar de downloads.&nbsp;<\/p>\n\n\n\n<div style=\"height:40px\" aria-hidden=\"true\" class=\"wp-block-spacer\"><\/div>\n","protected":false},"excerpt":{"rendered":"<p>Industri\u00eble afstandsbediening Tele Radio T80 Leopard Het T80 Leopard-systeem werd in 2006 ge\u00efntroduceerd en was een robuust systeem met \u00e9\u00e9n zender en twee typen ontvangers gericht op de hijsindustrie. Het systeem had een gecertificeerde stopfunctie en voldeed aan de veiligheidsnormen van categorie 3 en PLd. De &#8220;MQ&#8221;-ontvanger had een dunne designbehuizing en was bijzonder geschikt [&hellip;]<\/p>\n","protected":false},"author":54,"featured_media":0,"parent":6603,"menu_order":0,"comment_status":"closed","ping_status":"closed","template":"","meta":{"_acf_changed":false,"footnotes":""},"class_list":["post-91927","page","type-page","status-publish","hentry"],"acf":[],"_links":{"self":[{"href":"https:\/\/www.tele-radio.com\/nl\/wp-json\/wp\/v2\/pages\/91927","targetHints":{"allow":["GET"]}}],"collection":[{"href":"https:\/\/www.tele-radio.com\/nl\/wp-json\/wp\/v2\/pages"}],"about":[{"href":"https:\/\/www.tele-radio.com\/nl\/wp-json\/wp\/v2\/types\/page"}],"author":[{"embeddable":true,"href":"https:\/\/www.tele-radio.com\/nl\/wp-json\/wp\/v2\/users\/54"}],"replies":[{"embeddable":true,"href":"https:\/\/www.tele-radio.com\/nl\/wp-json\/wp\/v2\/comments?post=91927"}],"version-history":[{"count":5,"href":"https:\/\/www.tele-radio.com\/nl\/wp-json\/wp\/v2\/pages\/91927\/revisions"}],"predecessor-version":[{"id":155959,"href":"https:\/\/www.tele-radio.com\/nl\/wp-json\/wp\/v2\/pages\/91927\/revisions\/155959"}],"up":[{"embeddable":true,"href":"https:\/\/www.tele-radio.com\/nl\/wp-json\/wp\/v2\/pages\/6603"}],"wp:attachment":[{"href":"https:\/\/www.tele-radio.com\/nl\/wp-json\/wp\/v2\/media?parent=91927"}],"curies":[{"name":"wp","href":"https:\/\/api.w.org\/{rel}","templated":true}]}}