{"id":138606,"date":"2023-04-05T11:23:47","date_gmt":"2023-04-05T11:23:47","guid":{"rendered":"https:\/\/www.tele-radio.com\/?page_id=138606"},"modified":"2023-06-14T06:46:38","modified_gmt":"2023-06-14T06:46:38","slug":"rom-bv-wereldwijde-specialist-in-hogedruk-en-vacuumtechnieken","status":"publish","type":"page","link":"https:\/\/www.tele-radio.com\/nl\/rom-bv-wereldwijde-specialist-in-hogedruk-en-vacuumtechnieken\/","title":{"rendered":"ROM BV wereldwijde specialist in hogedruk- en vacu\u00fcmtechnieken\ufffc"},"content":{"rendered":"\n<h1 class=\"wp-block-heading\">ROM BV wereldwijde specialist in hogedruk- en vacu\u00fcmtechnieken<\/h1>\n\n\n\n<p><strong><a aria-label=\"undefined (opens in a new tab)\" href=\"https:\/\/rombv.com\/en\" target=\"_blank\" rel=\"noreferrer noopener\"><em>ROM BV<\/em><\/a><em> is wereldwijd actief als specialist in hogedruk- en vacu\u00fcmtechnieken.<\/em> <em>Vanuit fabrieken in Nederland en Tsjechi\u00eb produceren en leveren zij reinigingsmaterieel voor de professionele reinigingsbranche en overheidssector. Veel toepassingen van ROM BV zoals hogedruk rioolreinigers en rioolontstoppingsmachines worden uitgerust met een afstandsbediening. Klanten van ROM moeten in alle gevallen kunnen rekenen op een betrouwbare en veilige bediening.<\/em><\/strong><\/p>\n\n\n\n<p>Met een draadloze afstandsbediening genieten klanten van ROM BV van meer bewegingsvrijheid en door afstand te kunnen houden is er een verminderde kans op lichamelijk letsel. Naast effici\u00ebnter en veiliger werken brengt een draadloze bediening op hogedruk en rioolreinigingsapplicaties meer voordelen met zich mee.<\/p>\n\n\n\n<h2 class=\"wp-block-heading\">VOORDELEN<\/h2>\n\n\n\n<div style=\"height:16px\" aria-hidden=\"true\" class=\"wp-block-spacer\"><\/div>\n\n\n\n<div class=\"wp-block-columns is-layout-flex wp-container-core-columns-is-layout-9d6595d7 wp-block-columns-is-layout-flex\">\n<div class=\"wp-block-column is-layout-flow wp-block-column-is-layout-flow\" style=\"flex-basis:66.66%\">\n<blockquote class=\"wp-block-quote is-style-plain is-layout-flow wp-block-quote-is-layout-flow\">\n<p><strong>Effici\u00ebntie<\/strong><\/p>\n\n\n\n<p>&#8211; Een rioolontstoppingsmachine of hogedruk rioolreiniger op afstand bedienen, bespaart tijd en mankracht.<\/p>\n\n\n\n<p>\u200e\u3164<\/p>\n\n\n\n<p><strong>Kostenbesparend<\/strong><\/p>\n\n\n\n<p>&#8211; Met minder man hetzelfde werk kunnen verrichten.<\/p>\n\n\n\n<p>\u200e\u3164<\/p>\n\n\n\n<p><strong>Bescherming<\/strong><\/p>\n\n\n\n<p>&#8211; Systemen met een beschermingsniveau tot IP67 zijn beschermd tegen stof, water en vallen.<\/p>\n\n\n\n<p>\u3164<\/p>\n\n\n\n<p><strong>Korte schakeltijd<\/strong><\/p>\n\n\n\n<p>&#8211; Beperkt waterverbruik en voorkomt onnodig wateroverlast.<\/p>\n\n\n\n<p>\u3164<\/p>\n\n\n\n<p><strong>Veiligheid<\/strong><\/p>\n\n\n\n<p>&#8211; Afstand houden tot het werk kan vaak de kans op letsel verminderen. Ook voor de gebruikers van de ROM machines is dit het geval. De industri\u00eble afstandbedieningen van Tele Radio zijn er zonder gecertificeerde stopknop (zoals op de foto) en met <a aria-label=\"undefined (opens in a new tab)\" href=\"https:\/\/www.tele-radio.com\/nl\/wat-is-het-belang-van-een-gecertificeerde-noodstop-op-een-industriele-afstandsbediening\/\" target=\"_blank\" rel=\"noreferrer noopener\">gecertificeerde stopknop<\/a>. Afhankelijk van het veiligheidsrisico voor de gebruiker kan een keuze worden gemaakt. De onafhankelijk gecertificeerde Tele Radio systemen hebben certificeringen die lopen van PLd\/CAT3 tot en met PLe\/CAT3 en SIL3.<\/p>\n<\/blockquote>\n<\/div>\n\n\n\n<div class=\"wp-block-column is-layout-flow wp-block-column-is-layout-flow\" style=\"flex-basis:33.33%\">\n<div style=\"height:50px\" aria-hidden=\"true\" class=\"wp-block-spacer\"><\/div>\n\n\n\n<figure class=\"wp-block-image size-large\"><img loading=\"lazy\" decoding=\"async\" width=\"1200\" height=\"1200\" src=\"https:\/\/www.tele-radio.com\/app\/uploads\/\/Web_800_x_800_300dpi-5-1200x1200.jpg\" alt=\"draadloze zender\" class=\"wp-image-139332\" srcset=\"https:\/\/www.tele-radio.com\/app\/uploads\/Web_800_x_800_300dpi-5-1200x1200.jpg 1200w, https:\/\/www.tele-radio.com\/app\/uploads\/Web_800_x_800_300dpi-5-400x400.jpg 400w, https:\/\/www.tele-radio.com\/app\/uploads\/Web_800_x_800_300dpi-5-150x150.jpg 150w, https:\/\/www.tele-radio.com\/app\/uploads\/Web_800_x_800_300dpi-5-768x768.jpg 768w, https:\/\/www.tele-radio.com\/app\/uploads\/Web_800_x_800_300dpi-5-1536x1536.jpg 1536w, https:\/\/www.tele-radio.com\/app\/uploads\/Web_800_x_800_300dpi-5-2048x2048.jpg 2048w, https:\/\/www.tele-radio.com\/app\/uploads\/Web_800_x_800_300dpi-5-250x250.jpg 250w, https:\/\/www.tele-radio.com\/app\/uploads\/Web_800_x_800_300dpi-5-750x750.jpg 750w, https:\/\/www.tele-radio.com\/app\/uploads\/Web_800_x_800_300dpi-5-500x500.jpg 500w, https:\/\/www.tele-radio.com\/app\/uploads\/Web_800_x_800_300dpi-5-1600x1600.jpg 1600w, https:\/\/www.tele-radio.com\/app\/uploads\/Web_800_x_800_300dpi-5-800x800.jpg 800w\" sizes=\"auto, (max-width: 1200px) 100vw, 1200px\" \/><\/figure>\n<\/div>\n<\/div>\n\n\n\n<div class=\"wp-block-group\"><div class=\"wp-block-group__inner-container is-layout-flow wp-block-group-is-layout-flow\"><\/div><\/div>\n\n\n\n<div style=\"height:47px\" aria-hidden=\"true\" class=\"wp-block-spacer\"><\/div>\n\n\n\n<div class=\"wp-block-group\"><div class=\"wp-block-group__inner-container is-layout-flow wp-block-group-is-layout-flow\">\n<div class=\"wp-block-columns has-black-background-color has-background is-layout-flex wp-container-core-columns-is-layout-9d6595d7 wp-block-columns-is-layout-flex\">\n<div class=\"wp-block-column is-layout-flow wp-block-column-is-layout-flow\">\n<figure class=\"wp-block-image size-full\"><img loading=\"lazy\" decoding=\"async\" width=\"800\" height=\"496\" src=\"https:\/\/www.tele-radio.com\/app\/uploads\/Web_ROM.jpg\" alt=\"iemand die werkt met onze industri\u00eble afstandsbediening\n\" class=\"wp-image-143775\" srcset=\"https:\/\/www.tele-radio.com\/app\/uploads\/Web_ROM.jpg 800w, https:\/\/www.tele-radio.com\/app\/uploads\/Web_ROM-400x248.jpg 400w, https:\/\/www.tele-radio.com\/app\/uploads\/Web_ROM-768x476.jpg 768w, https:\/\/www.tele-radio.com\/app\/uploads\/Web_ROM-750x465.jpg 750w, https:\/\/www.tele-radio.com\/app\/uploads\/Web_ROM-500x310.jpg 500w\" sizes=\"auto, (max-width: 800px) 100vw, 800px\" \/><\/figure>\n<\/div>\n\n\n\n<div class=\"wp-block-column is-vertically-aligned-center is-layout-flow wp-block-column-is-layout-flow\">\n<p class=\"has-text-align-center has-white-color has-black-background-color has-text-color has-background\"><strong><em><strong><em>\u2018\u2019De afstandsbediening lijkt een klein onderdeel bij onze producten, maar levert gebruikers van ons reinigingsmaterieel veel voordeel op\u2019\u2019<\/em><\/strong><\/em><\/strong><\/p>\n<\/div>\n<\/div>\n<\/div><\/div>\n\n\n\n<p>ROM BV beschikt over vele soorten <a aria-label=\"undefined (opens in a new tab)\" href=\"https:\/\/rombv.com\/nl\/rom-afstandsbedieningen\" target=\"_blank\" rel=\"noreferrer noopener\">gereedschappen en toebehoren<\/a> voor rioolreiniging. Bij het ontstoppen of reinigen is een radiografische afstandsbediening een onmisbare tool voor de rioolspecialist.<\/p>\n\n\n\n<h2 class=\"wp-block-heading\">ROM BV<\/h2>\n\n\n\n<p>Vanaf de start in 1980 werkt familiebedrijf ROM BV dat wereldwijd actief is hard aan het realiseren van hun visie: het cre\u00ebren van slimme oplossingen voor de riool- en mobiele toiletservice-industrie door voortdurend nieuwe technologie\u00ebn, producten en methodes te ontwikkelen en wereldwijd te vermarkten.<\/p>\n\n\n\n<p>Klanten van ROM bv zitten verspreid over heel Europa, Azi\u00eb, Afrika en Amerika. Naast vestigingen in Nederland en Tsjechi\u00eb werkt ROM met een netwerk van ruim 50 gespecialiseerde partners in meer dan 35 landen.<\/p>\n\n\n\n<div style=\"height:20px\" aria-hidden=\"true\" class=\"wp-block-spacer\"><\/div>\n\n\n\n<blockquote class=\"wp-block-quote has-text-align-center is-layout-flow wp-block-quote-is-layout-flow\">\n<p><strong><em><strong><em>\u2018\u2019Bij het ontstoppen of reinigen is een radiografische afstandsbediening een onmisbare tool voor de rioolspecialist.\u2019\u2019<\/em><\/strong><\/em><\/strong><\/p>\n<\/blockquote>\n\n\n\n<div style=\"height:20px\" aria-hidden=\"true\" class=\"wp-block-spacer\"><\/div>\n\n\n\n<h2 class=\"wp-block-heading\"><meta charset=\"utf-8\">TELE RADIO BV<\/h2>\n\n\n\n<p><a aria-label=\"undefined (opens in a new tab)\" href=\"https:\/\/www.tele-radio.com\/nl\/\" target=\"_blank\" rel=\"noreferrer noopener\">Tele Radio BV<\/a> is er trots op leverancier te zijn van de draadloze afstandsbedieningen op diverse machines van ROM BV. Onze producten zijn als enige in Nederland voorzien van het officieel, extern gecertificeerde SIL3, PLd en PLe veiligheidsniveau. Met meer dan 60 jaar aan ervaring hebben we solide kennis van radiografisch bediende systemen en beschikken we over een ruim assortiment van <a aria-label=\"undefined (opens in a new tab)\" href=\"https:\/\/www.tele-radio.com\/nl\/tele-radio-biedt-de-klant-een-ruim-assortiment-aan-diverse-handzenders\/\" target=\"_blank\" rel=\"noreferrer noopener\">kleine handzenders, tot middelgrote afstandsbedieningen met drukknoppen<\/a> tot <a aria-label=\"undefined (opens in a new tab)\" href=\"https:\/\/www.tele-radio.com\/nl\/heupzenders\/\" target=\"_blank\" rel=\"noreferrer noopener\">heupzenders met joysticks en paddles<\/a>.<\/p>\n\n\n\n<div style=\"height:20px\" aria-hidden=\"true\" class=\"wp-block-spacer\"><\/div>\n\n\n\n<figure class=\"wp-block-image size-large\"><img loading=\"lazy\" decoding=\"async\" width=\"1200\" height=\"346\" src=\"https:\/\/www.tele-radio.com\/app\/uploads\/\/Family-photo-1200x346.jpg\" alt=\"radiografische afstandsbedieningen\" class=\"wp-image-121991\" srcset=\"https:\/\/www.tele-radio.com\/app\/uploads\/Family-photo-1200x346.jpg 1200w, https:\/\/www.tele-radio.com\/app\/uploads\/Family-photo-400x115.jpg 400w, https:\/\/www.tele-radio.com\/app\/uploads\/Family-photo-768x221.jpg 768w, https:\/\/www.tele-radio.com\/app\/uploads\/Family-photo-1536x443.jpg 1536w, https:\/\/www.tele-radio.com\/app\/uploads\/Family-photo-750x216.jpg 750w, https:\/\/www.tele-radio.com\/app\/uploads\/Family-photo-500x144.jpg 500w, https:\/\/www.tele-radio.com\/app\/uploads\/Family-photo-800x231.jpg 800w, https:\/\/www.tele-radio.com\/app\/uploads\/Family-photo.jpg 1600w\" sizes=\"auto, (max-width: 1200px) 100vw, 1200px\" \/><\/figure>\n","protected":false},"excerpt":{"rendered":"<p>ROM BV wereldwijde specialist in hogedruk- en vacu\u00fcmtechnieken ROM BV is wereldwijd actief als specialist in hogedruk- en vacu\u00fcmtechnieken. Vanuit fabrieken in Nederland en Tsjechi\u00eb produceren en leveren zij reinigingsmaterieel voor de professionele reinigingsbranche en overheidssector. Veel toepassingen van ROM BV zoals hogedruk rioolreinigers en rioolontstoppingsmachines worden uitgerust met een afstandsbediening. Klanten van ROM moeten [&hellip;]<\/p>\n","protected":false},"author":29,"featured_media":143799,"parent":0,"menu_order":0,"comment_status":"closed","ping_status":"closed","template":"","meta":{"_acf_changed":false,"footnotes":""},"class_list":["post-138606","page","type-page","status-publish","has-post-thumbnail","hentry"],"acf":[],"_links":{"self":[{"href":"https:\/\/www.tele-radio.com\/nl\/wp-json\/wp\/v2\/pages\/138606","targetHints":{"allow":["GET"]}}],"collection":[{"href":"https:\/\/www.tele-radio.com\/nl\/wp-json\/wp\/v2\/pages"}],"about":[{"href":"https:\/\/www.tele-radio.com\/nl\/wp-json\/wp\/v2\/types\/page"}],"author":[{"embeddable":true,"href":"https:\/\/www.tele-radio.com\/nl\/wp-json\/wp\/v2\/users\/29"}],"replies":[{"embeddable":true,"href":"https:\/\/www.tele-radio.com\/nl\/wp-json\/wp\/v2\/comments?post=138606"}],"version-history":[{"count":28,"href":"https:\/\/www.tele-radio.com\/nl\/wp-json\/wp\/v2\/pages\/138606\/revisions"}],"predecessor-version":[{"id":156981,"href":"https:\/\/www.tele-radio.com\/nl\/wp-json\/wp\/v2\/pages\/138606\/revisions\/156981"}],"wp:featuredmedia":[{"embeddable":true,"href":"https:\/\/www.tele-radio.com\/nl\/wp-json\/wp\/v2\/media\/143799"}],"wp:attachment":[{"href":"https:\/\/www.tele-radio.com\/nl\/wp-json\/wp\/v2\/media?parent=138606"}],"curies":[{"name":"wp","href":"https:\/\/api.w.org\/{rel}","templated":true}]}}