{"id":122684,"date":"2022-11-23T08:33:43","date_gmt":"2022-11-23T08:33:43","guid":{"rendered":"https:\/\/www.tele-radio.com\/mobile-hydraulic\/"},"modified":"2025-01-27T12:30:36","modified_gmt":"2025-01-27T12:30:36","slug":"mobiel-hydrauliek","status":"publish","type":"page","link":"https:\/\/www.tele-radio.com\/nl\/mobiel-hydrauliek\/","title":{"rendered":"MOBIEL &#038; HYDRAULIEK"},"content":{"rendered":"\n<div style=\"height:31px\" aria-hidden=\"true\" class=\"wp-block-spacer\"><\/div>\n\n\n\n<h1 class=\"wp-block-heading has-text-align-center\">MOBIEL &amp; HYDRAULIEK<\/h1>\n\n\n\n<div class=\"wp-block-buttons is-content-justification-right is-layout-flex wp-container-core-buttons-is-layout-765c4724 wp-block-buttons-is-layout-flex\">\n<div class=\"wp-block-button has-custom-font-size is-style-fill has-medium-font-size\" style=\"font-style:normal;font-weight:900;letter-spacing:1px\"><a class=\"wp-block-button__link has-black-color has-text-color has-background has-link-color wp-element-button\" href=\"mailto:info@teleradio.nl\" style=\"border-radius:10px;background-color:#fabb00\"><strong>Neem contact op<\/strong><\/a><\/div>\n<\/div>\n\n\n\n<div style=\"height:20px\" aria-hidden=\"true\" class=\"wp-block-spacer\"><\/div>\n\n\n\n<div class=\"wp-block-group\"><div class=\"wp-block-group__inner-container is-layout-constrained wp-block-group-is-layout-constrained\">\n<div class=\"wp-block-group is-vertical is-content-justification-right is-layout-flex wp-container-core-group-is-layout-b6c475e2 wp-block-group-is-layout-flex\">\n<p class=\"has-text-align-right\"><a href=\"mailto:info@teleradio.nl\">info@teleradio.nl<\/a>    <\/p>\n\n\n\n<p class=\"has-text-align-right\"><a href=\"tel:+31 (0)70-4194124\">+31 (0)70-4194124<\/a>    <\/p>\n<\/div>\n<\/div><\/div>\n\n\n\n<div style=\"height:26px\" aria-hidden=\"true\" class=\"wp-block-spacer\"><\/div>\n\n\n\n<div class=\"wp-block-columns is-layout-flex wp-container-core-columns-is-layout-9d6595d7 wp-block-columns-is-layout-flex\">\n<div class=\"wp-block-column is-layout-flow wp-block-column-is-layout-flow\">\n<h2 class=\"wp-block-heading\">De weg als werkplek<\/h2>\n\n\n\n<p>De markt voor mobiele voertuigen is enorm groot en bevat veel verschillende aangepaste bedieningselementen en unieke functionaliteiten. Enkele veel voorkomende toepassingen zijn onder meer redding uitrustingen, bergingsvoertuigen, laadkleppen, zuigwagens en autolaadkranen. Er zijn ook kleinere voertuigen zoals ATV&#8217;s, bosbouwtransporten en mobiele verlichtingsrongen die gebruik maken van liersystemen, ankerlierbedieningen en meer, die allemaal kunnen profiteren van industri\u00eble afstandsbediening. Tele Radio levert al tientallen jaren draadloze afstandsbedieningen voor machines die actief zijn in deze ruwe omgevingen.<\/p>\n\n\n\n<p>Tele Radio Exster maakt het mogelijk voor de chauffeur om volledige controle te hebben over elk zwaar voertuig terwijl hij zich buiten de cabine bevindt. Zo heeft de gebruiker meer flexibiliteit en overzicht van de situatie wat de veiligheid rond de truck vergroot. Naast veiligheid biedt een draadloze afstandsbediening ook werkeffici\u00ebntie; \u00e9\u00e9n persoon kan namelijk met een afstandsbediening het werk van twee personen uitvoeren. Deze oplossing zorgt voor een grote verbetering van de werkveiligheid, aangezien het de visuele opening voor de gebruiker vergroot doordat hij de truck van buitenaf kan bekijken en bedienen. Bovendien voelt het ergonomischer aan wanneer het niet nodig is om meerdere keren per dag (enkele tientallen) op en neer in en uit de vrachtwagen te klimmen, afhankelijk van de werklast. De effici\u00ebntie resulteert in een verbetering van de productiviteit en een aanzienlijke vermindering van vermoeidheid bij het dagelijks werk.<\/p>\n<\/div>\n\n\n\n<div class=\"wp-block-column is-layout-flow wp-block-column-is-layout-flow\" style=\"flex-basis:100px\"><\/div>\n\n\n\n<div class=\"wp-block-column is-layout-flow wp-block-column-is-layout-flow\">\n<div style=\"height:31px\" aria-hidden=\"true\" class=\"wp-block-spacer\"><\/div>\n\n\n\n<div class=\"wp-block-cover\" style=\"min-height:368px;aspect-ratio:unset;\"><span aria-hidden=\"true\" class=\"wp-block-cover__background has-black-background-color has-background-dim-20 has-background-dim\"><\/span><img loading=\"lazy\" decoding=\"async\" width=\"2400\" height=\"1597\" class=\"wp-block-cover__image-background wp-image-119332\" alt=\"grote werkvoertuigen op industri\u00eble bediening\" src=\"https:\/\/www.tele-radio.com\/app\/uploads\/FM_MI_PU_0004.jpg\" style=\"object-position:59% 54%\" data-object-fit=\"cover\" data-object-position=\"59% 54%\" srcset=\"https:\/\/www.tele-radio.com\/app\/uploads\/FM_MI_PU_0004.jpg 2400w, https:\/\/www.tele-radio.com\/app\/uploads\/FM_MI_PU_0004-400x266.jpg 400w, https:\/\/www.tele-radio.com\/app\/uploads\/FM_MI_PU_0004-1200x799.jpg 1200w, https:\/\/www.tele-radio.com\/app\/uploads\/FM_MI_PU_0004-768x511.jpg 768w, https:\/\/www.tele-radio.com\/app\/uploads\/FM_MI_PU_0004-1536x1022.jpg 1536w, https:\/\/www.tele-radio.com\/app\/uploads\/FM_MI_PU_0004-2048x1363.jpg 2048w, https:\/\/www.tele-radio.com\/app\/uploads\/FM_MI_PU_0004-750x499.jpg 750w, https:\/\/www.tele-radio.com\/app\/uploads\/FM_MI_PU_0004-500x333.jpg 500w, https:\/\/www.tele-radio.com\/app\/uploads\/FM_MI_PU_0004-1600x1065.jpg 1600w, https:\/\/www.tele-radio.com\/app\/uploads\/FM_MI_PU_0004-800x532.jpg 800w\" sizes=\"auto, (max-width: 2400px) 100vw, 2400px\" \/><div class=\"wp-block-cover__inner-container is-layout-flow wp-block-cover-is-layout-flow\">\n<p class=\"has-text-align-center has-large-font-size\"><\/p>\n<\/div><\/div>\n<\/div>\n<\/div>\n\n\n\n<p>We weten welke functies belangrijk zijn en we produceren onze componenten met duurzaamheid, comfort voor de machinist, en veiligheid in het achterhoofd.<\/p>\n\n\n\n<div style=\"height:32px\" aria-hidden=\"true\" class=\"wp-block-spacer\"><\/div>\n\n\n\n<h2 class=\"wp-block-heading\">Wanneer kleppen en oliedruk ertoe doen<\/h2>\n\n\n\n<p>Overal staan machines en apparaten die worden aangedreven door hydraulische systemen. Wanneer er veel kracht moet worden uitgeoefend met precisie, reactievermogen, en bedieningsgemak, is een vloeiend vermogen meestal de eerste keuze. Op elk gebied, van bosbouw tot mijnbouw, van constructie tot landbouw, brengen machines de wereld in beweging \u2013 en hydraulische kracht zorgt ervoor dat de machines weer kunnen bewegen. Het is in deze omgeving dat de draadloze besturingsoplossingen van Tele Radio u de kracht en betrouwbaarheid geven om al het vermogen van uw machine te benutten. Proportionele besturing, ge\u00efntegreerde logica, en feedback van elke machinefunctie, geven u de mogelijkheid om de hydraulische circuits van alle moderne krachtige machines met gemak, veiligheid, en comfort te regelen.<\/p>\n\n\n\n<p>Gebruik bij machines voor gevaarlijke omgevingen, zoals mijngraafmachines of chemische vijverbaggermachines, de draadloze bedieningsoplossingen van Tele Radio om uit gevaarlijke werkgebieden te blijven. Belemmert de locatie van het integrale bedieningspaneel u om uw productie of proces te monitoren? Laat onze draadloze oplossingen u dan dichtbij brengen, midden in de actie; zo kunt u sneller en effectiever reageren wanneer uw expertise nodig is. Alles van eenvoudige aan\/uit-bediening tot de meest aangepaste bedieningstoepassingen met alle toeters en bellen, Tele Radio staat klaar om u te helpen te doen waar u goed in bent.<\/p>\n\n\n\n<div style=\"height:54px\" aria-hidden=\"true\" class=\"wp-block-spacer\"><\/div>\n\n\n\n<div class=\"wp-block-cover is-light\"><span aria-hidden=\"true\" class=\"wp-block-cover__background has-very-light-gray-background-color has-background-dim-100 has-background-dim\"><\/span><div class=\"wp-block-cover__inner-container is-layout-flow wp-block-cover-is-layout-flow\">\n<div class=\"wp-block-columns is-layout-flex wp-container-core-columns-is-layout-9d6595d7 wp-block-columns-is-layout-flex\">\n<div class=\"wp-block-column is-layout-flow wp-block-column-is-layout-flow\"><div class=\"wp-block-image\">\n<figure class=\"aligncenter size-large is-resized\"><img loading=\"lazy\" decoding=\"async\" width=\"338\" height=\"283\" src=\"https:\/\/www.tele-radio.com\/app\/uploads\/Fail_Safe_Operation.png\" alt=\"gemaakt voor veilig werken\" class=\"wp-image-68107\" style=\"width:90px;height:75px\"\/><\/figure><\/div>\n\n\n<p class=\"has-text-align-center has-very-dark-gray-color has-text-color\"><strong><strong>Gemaakt voor veilig werken<\/strong><\/strong><\/p>\n\n\n\n<p class=\"has-text-align-center has-very-dark-gray-color has-text-color\">De veiligheidsrelais gaan uit als er geen bereik is, bij een lege batterij of kapotte zender. Het veiligheidsniveau is onafhankelijk gecertificeerd.<\/p>\n<\/div>\n\n\n\n<div class=\"wp-block-column is-layout-flow wp-block-column-is-layout-flow\"><div class=\"wp-block-image\">\n<figure class=\"aligncenter size-large is-resized\"><img loading=\"lazy\" decoding=\"async\" width=\"223\" height=\"363\" src=\"https:\/\/www.tele-radio.com\/app\/uploads\/Protection.png\" alt=\"stof en waterdicht\" class=\"wp-image-68129\" style=\"width:45px;height:78px\"\/><\/figure><\/div>\n\n\n<p class=\"has-text-align-center has-very-dark-gray-color has-text-color\"><strong><strong>Stof- en waterdicht<\/strong><\/strong><\/p>\n\n\n\n<p class=\"has-text-align-center has-very-dark-gray-color has-text-color\">Onze zenders zijn extreem robuust. Sommige zijn IP65 gecertificeerd en de meeste zelfs IP67.<\/p>\n<\/div>\n\n\n\n<div class=\"wp-block-column is-layout-flow wp-block-column-is-layout-flow\"><div class=\"wp-block-image\">\n<figure class=\"aligncenter size-large is-resized\"><img loading=\"lazy\" decoding=\"async\" width=\"268\" height=\"374\" src=\"https:\/\/www.tele-radio.com\/app\/uploads\/Certification_2.png\" alt=\"uitstekende service\" class=\"wp-image-68153\" style=\"width:56px;height:78px\"\/><\/figure><\/div>\n\n\n<p class=\"has-text-align-center has-very-dark-gray-color has-text-color\"><strong><strong>Voorzien van een uitstekende service<\/strong><\/strong><\/p>\n\n\n\n<p class=\"has-text-align-center has-very-dark-gray-color has-text-color\">Klanten, overal ter wereld, vertrouwen op ons merk. Wij leveren een uitstekende service en maatwerkoplossingen.<\/p>\n<\/div>\n<\/div>\n<\/div><\/div>\n\n\n\n<div style=\"height:100px\" aria-hidden=\"true\" class=\"wp-block-spacer\"><\/div>\n\n\n\n<h2 class=\"wp-block-heading has-text-align-center\"><meta charset=\"utf-8\">APPLICATIES<\/h2>\n\n\n\n<p class=\"has-text-align-center\"><em><meta charset=\"utf-8\"><em>Om een idee te geven van de mogelijkheden, hieronder enkele voorbeelden van toepassingen en hun producten:<\/em><\/em><\/p>\n\n\n\n<div class=\"wp-block-columns is-layout-flex wp-container-core-columns-is-layout-9d6595d7 wp-block-columns-is-layout-flex\">\n<div class=\"wp-block-column is-layout-flow wp-block-column-is-layout-flow\">\n<div class=\"wp-block-cover is-light\"><span aria-hidden=\"true\" class=\"wp-block-cover__background has-white-background-color has-background-dim-100 has-background-dim\"><\/span><div class=\"wp-block-cover__inner-container is-layout-flow wp-block-cover-is-layout-flow\"><div class=\"wp-block-image is-style-default\">\n<figure class=\"aligncenter size-full\"><img loading=\"lazy\" decoding=\"async\" width=\"64\" height=\"64\" src=\"https:\/\/www.tele-radio.com\/app\/uploads\/trailer.png\" alt=\"transporttrailers\" class=\"wp-image-119260\"\/><\/figure><\/div>\n\n\n<p class=\"has-text-align-center has-black-color has-text-color\"><strong>TRANSPORTTRAILERS<\/strong><\/p>\n\n\n\n<p class=\"has-text-align-center has-black-color has-text-color\">Transporttrailers worden gebruikt om vracht te vervoeren. Het gebruik van afstandsbediening kan het leven veel gemakkelijker maken bij het werken met dit soort toepassingen. Zo bedient u bijvoorbeeld de laadklepliften met een kleine afstandsbediening in plaats van met het ingebouwde bedieningspaneel. Ook zijn er diverse rolzeilsystemen die met afstandsbediening te besturen zijn.<\/p>\n<\/div><\/div>\n<\/div>\n\n\n\n<div class=\"wp-block-column is-vertically-aligned-top is-layout-flow wp-block-column-is-layout-flow\">\n<div class=\"wp-block-cover is-light\"><span aria-hidden=\"true\" class=\"wp-block-cover__background has-white-background-color has-background-dim-100 has-background-dim\"><\/span><div class=\"wp-block-cover__inner-container is-layout-flow wp-block-cover-is-layout-flow\"><div class=\"wp-block-image is-style-default\">\n<figure class=\"aligncenter size-full\"><img loading=\"lazy\" decoding=\"async\" width=\"64\" height=\"64\" src=\"https:\/\/www.tele-radio.com\/app\/uploads\/equipment.png\" alt=\"oogstmachines\" class=\"wp-image-119284\"\/><\/figure><\/div>\n\n\n<p class=\"has-text-align-center has-black-color has-text-color\"><strong>OOGSTMACHINES<\/strong><\/p>\n\n\n\n<p class=\"has-text-align-center has-black-color has-text-color\">Een breed scala aan oogstmachines &#8211; luzerne, knoflook, wortelen, bieten, enz. kunnen allemaal gemakkelijk en effici\u00ebnt worden bediend. Trek hulpstukken of toepassing specifieke machines, met een Tele Radio draadloze afstandsbedieningsoplossing ge\u00efnstalleerd op deze apparatuur, kunt u de snelheid regelen, functies in- en uitschakelen, oogstinstellingen aanpassen en meer.<\/p>\n<\/div><\/div>\n<\/div>\n\n\n\n<div class=\"wp-block-column is-vertically-aligned-top is-layout-flow wp-block-column-is-layout-flow\">\n<div style=\"height:65px\" aria-hidden=\"true\" class=\"wp-block-spacer\"><\/div>\n\n\n<div class=\"wp-block-image is-style-default\">\n<figure class=\"aligncenter size-full\"><img loading=\"lazy\" decoding=\"async\" width=\"64\" height=\"64\" src=\"https:\/\/www.tele-radio.com\/app\/uploads\/cruise.png\" alt=\"mijnbouw graafmachines\" class=\"wp-image-119233\"\/><\/figure><\/div>\n\n\n<p class=\"has-text-align-center\"><strong>MIJNBOUW GRAAFMACHINES<\/strong><\/p>\n\n\n\n<p class=\"has-text-align-center\">Vaak wordt er in deze sector gewerkt op gevaarlijke en onstabiele grond dat een duidelijk en actueel gevaar kan vormen voor de bediener. De systemen van Tele Radio kunnen uw oplossing zijn in het cre\u00ebren van een veiligere werkomgeving.<\/p>\n<\/div>\n<\/div>\n\n\n\n<div style=\"height:50px\" aria-hidden=\"true\" class=\"wp-block-spacer\"><\/div>\n\n\n\n<h2 class=\"wp-block-heading has-text-align-center\"><strong><strong>TOEPASSINGEN<\/strong><\/strong><\/h2>\n\n\n\n<h3 class=\"wp-block-heading has-text-align-center\">Uw wensen voor de veiligheid en functionaliteit<\/h3>\n\n\n\n<p>De keuze van de juiste zender voor uw toepassing kan het beste gemaakt worden in overleg met de medewerkers van Tele Radio. Wij leveren verschillende zenders met specifieke eigenschappen. De onderstaande drie zaken zijn essentieel voor uw keuze:<\/p>\n\n\n\n<div class=\"wp-block-media-text alignwide is-stacked-on-mobile is-vertically-aligned-center\" style=\"grid-template-columns:15% auto\"><figure class=\"wp-block-media-text__media\"><img loading=\"lazy\" decoding=\"async\" width=\"404\" height=\"404\" src=\"https:\/\/www.tele-radio.com\/app\/uploads\/Safety_level_2.png\" alt=\"Veiligheidsniveau radiografische afstandsbediening\n\" class=\"wp-image-68198 size-full\" srcset=\"https:\/\/www.tele-radio.com\/app\/uploads\/Safety_level_2.png 404w, https:\/\/www.tele-radio.com\/app\/uploads\/Safety_level_2-400x400.png 400w, https:\/\/www.tele-radio.com\/app\/uploads\/Safety_level_2-150x150.png 150w, https:\/\/www.tele-radio.com\/app\/uploads\/Safety_level_2-250x250.png 250w\" sizes=\"auto, (max-width: 404px) 100vw, 404px\" \/><\/figure><div class=\"wp-block-media-text__content\">\n<p><strong><strong>Veiligheidsniveau<\/strong><\/strong><\/p>\n\n\n\n<p>Onze zenders zijn veilig, waarbij veel types beschikken over een onafhankelijke veiligheidscertificering. De correcte werking van de veiligheidsknop is in dat geval door een externe, onafhankelijke partij geverifieerd. U kiest dus zeker voor een systeem met een onafhankelijke veiligheidscertificering als u het risico op letsel bij het gebruik van de applicatie wilt minimaliseren. Is er geen veiligheidsrisico? Dan kiest u een zender zonder certificering.<\/p>\n<\/div><\/div>\n\n\n\n<div class=\"wp-block-media-text alignwide is-stacked-on-mobile is-vertically-aligned-center\" style=\"grid-template-columns:15% auto\"><figure class=\"wp-block-media-text__media\"><img loading=\"lazy\" decoding=\"async\" width=\"404\" height=\"404\" src=\"https:\/\/www.tele-radio.com\/app\/uploads\/Control_element_2.png\" alt=\"Knoppen of joysticks op industri\u00eble afstandsbediening\n\" class=\"wp-image-68176 size-full\" srcset=\"https:\/\/www.tele-radio.com\/app\/uploads\/Control_element_2.png 404w, https:\/\/www.tele-radio.com\/app\/uploads\/Control_element_2-400x400.png 400w, https:\/\/www.tele-radio.com\/app\/uploads\/Control_element_2-150x150.png 150w, https:\/\/www.tele-radio.com\/app\/uploads\/Control_element_2-250x250.png 250w\" sizes=\"auto, (max-width: 404px) 100vw, 404px\" \/><\/figure><div class=\"wp-block-media-text__content\">\n<p><strong><strong>Knoppen of joysticks<\/strong><\/strong><\/p>\n\n\n\n<p>Met drukknoppen is een zender handzamer, maar zeker niet minder secuur in de aansturing. Een zender met proportionele drukknoppen benadert bijvoorbeeld de precisie van een joystick zender. Daarbij neemt de mate van aansturing toe met het verder indrukken van de drukknop. Een joystick zender is groter, maar biedt bijvoorbeeld weer meer mogelijkheden voor maatwerk in de vorm van speciale knoppen, schakelaars en peddels.<\/p>\n<\/div><\/div>\n\n\n\n<div class=\"wp-block-media-text alignwide is-stacked-on-mobile\" style=\"grid-template-columns:15% auto\"><figure class=\"wp-block-media-text__media\"><img loading=\"lazy\" decoding=\"async\" width=\"404\" height=\"404\" src=\"https:\/\/www.tele-radio.com\/app\/uploads\/Feedback_2.png\" alt=\"Duplexe communicatie met draadloze afstandsbediening\n\" class=\"wp-image-68223 size-full\" srcset=\"https:\/\/www.tele-radio.com\/app\/uploads\/Feedback_2.png 404w, https:\/\/www.tele-radio.com\/app\/uploads\/Feedback_2-400x400.png 400w, https:\/\/www.tele-radio.com\/app\/uploads\/Feedback_2-150x150.png 150w, https:\/\/www.tele-radio.com\/app\/uploads\/Feedback_2-250x250.png 250w\" sizes=\"auto, (max-width: 404px) 100vw, 404px\" \/><\/figure><div class=\"wp-block-media-text__content\">\n<p><strong><strong>Duplex communicatie<\/strong><\/strong><\/p>\n\n\n\n<p>Bepaalde zenders kunnen informatie retour ontvangen van een aangestuurde ontvanger. Afhankelijk van het systeem is de informatie is zichtbaar door middel van LEDS op de zender of via een display. Bij de aansturing van een kraan is het bijvoorbeeld mogelijk om het hefgewicht of een alarm of foutmelding op de display te tonen. Voor een simpele aan of uitschakeling van een lichtmast of pump zal deze functie minder relevant zijn.<\/p>\n<\/div><\/div>\n\n\n\n<div style=\"height:50px\" aria-hidden=\"true\" class=\"wp-block-spacer\"><\/div>\n\n\n<div class=\"wp-block-image is-style-default\">\n<figure class=\"aligncenter size-large is-resized\"><img decoding=\"async\" src=\"https:\/\/www.tele-radio.com\/app\/uploads\/\/Assortiment_2019_zonder_spiegeling_en_schaduw-1200x614.jpg\" alt=\"Radiografische afstandsbedieningen \" style=\"width:771px;height:394px\"\/><\/figure><\/div>\n\n\n<div class=\"wp-block-buttons is-horizontal is-content-justification-center is-layout-flex wp-container-core-buttons-is-layout-499968f5 wp-block-buttons-is-layout-flex\">\n<div class=\"wp-block-button\"><a class=\"wp-block-button__link has-black-color has-text-color has-background wp-element-button\" href=\"https:\/\/www.tele-radio.com\/nl\/contact\/\" style=\"border-radius:7px;background-color:#fabb00\"><strong><meta charset=\"utf-8\"><strong>Praat met een expert<\/strong><\/strong><\/a><\/div>\n<\/div>\n","protected":false},"excerpt":{"rendered":"<p>MOBIEL &amp; HYDRAULIEK De weg als werkplek De markt voor mobiele voertuigen is enorm groot en bevat veel verschillende aangepaste bedieningselementen en unieke functionaliteiten. Enkele veel voorkomende toepassingen zijn onder meer redding uitrustingen, bergingsvoertuigen, laadkleppen, zuigwagens en autolaadkranen. Er zijn ook kleinere voertuigen zoals ATV&#8217;s, bosbouwtransporten en mobiele verlichtingsrongen die gebruik maken van liersystemen, ankerlierbedieningen [&hellip;]<\/p>\n","protected":false},"author":29,"featured_media":120037,"parent":0,"menu_order":0,"comment_status":"closed","ping_status":"closed","template":"","meta":{"_acf_changed":false,"footnotes":""},"class_list":["post-122684","page","type-page","status-publish","has-post-thumbnail","hentry"],"acf":[],"_links":{"self":[{"href":"https:\/\/www.tele-radio.com\/nl\/wp-json\/wp\/v2\/pages\/122684","targetHints":{"allow":["GET"]}}],"collection":[{"href":"https:\/\/www.tele-radio.com\/nl\/wp-json\/wp\/v2\/pages"}],"about":[{"href":"https:\/\/www.tele-radio.com\/nl\/wp-json\/wp\/v2\/types\/page"}],"author":[{"embeddable":true,"href":"https:\/\/www.tele-radio.com\/nl\/wp-json\/wp\/v2\/users\/29"}],"replies":[{"embeddable":true,"href":"https:\/\/www.tele-radio.com\/nl\/wp-json\/wp\/v2\/comments?post=122684"}],"version-history":[{"count":13,"href":"https:\/\/www.tele-radio.com\/nl\/wp-json\/wp\/v2\/pages\/122684\/revisions"}],"predecessor-version":[{"id":242864,"href":"https:\/\/www.tele-radio.com\/nl\/wp-json\/wp\/v2\/pages\/122684\/revisions\/242864"}],"wp:featuredmedia":[{"embeddable":true,"href":"https:\/\/www.tele-radio.com\/nl\/wp-json\/wp\/v2\/media\/120037"}],"wp:attachment":[{"href":"https:\/\/www.tele-radio.com\/nl\/wp-json\/wp\/v2\/media?parent=122684"}],"curies":[{"name":"wp","href":"https:\/\/api.w.org\/{rel}","templated":true}]}}