{"id":122473,"date":"2022-12-23T10:22:00","date_gmt":"2022-12-23T10:22:00","guid":{"rendered":"https:\/\/www.tele-radio.com\/?page_id=122473"},"modified":"2023-06-14T07:34:32","modified_gmt":"2023-06-14T07:34:32","slug":"hydraulisch-zaaien-gaat-makkelijker-dankzij-tele-radio","status":"publish","type":"page","link":"https:\/\/www.tele-radio.com\/nl\/hydraulisch-zaaien-gaat-makkelijker-dankzij-tele-radio\/","title":{"rendered":"Hydraulisch zaaien gaat makkelijker dankzij Tele Radio"},"content":{"rendered":"\n<h1 class=\"wp-block-heading\"><strong>Hydraulisch zaaien gaat makkelijker dankzij Tele Radio<\/strong><\/h1>\n\n\n\n<p><em><strong>Op wanden en taluds is een conventionele manier van zaaien niet mogelijk. De gebruikelijke machines kunnen alleen horizontaal zaaien en de droge zaden waaien of spoelen te snel weg. Als innovatieve oplossing is er hydraulisch zaaien. <em>Zaden worden in een mengsel van water, bemesting, lijm en een draagstof op de ondergrond gespoten, ongeacht de profilering of helling.<\/em><\/strong><\/em><\/p>\n\n\n\n<p><em><strong>Patrick Peters is sinds 2001 werkzaam bij <em><strong><a href=\"https:\/\/hydroseeding.eu\/\" target=\"_blank\" rel=\"noreferrer noopener\">Hydroseeding.eu<\/a><\/strong><\/em> in het Gelderse Ooij en een specialist op het gebied van hydraulisch zaaien. Sinds enige tijd voert hij zijn werk veel effici\u00ebnter uit dankzij het gebruik van een Tele Radio draadloze afstandsbediening.<\/strong><\/em><\/p>\n\n\n\n<p>Bij Hydroseeding beschikken ze over diverse losse pompinstallaties die geplaatst kunnen worden op een vrachtwagen, ponton, of bijvoorbeeld achter een tractor. De machines, in combinatie met een 175 meter lange spuitslang, maken het mogelijk om iedere plek te bereiken.<\/p>\n\n\n\n<figure class=\"wp-block-pullquote\"><blockquote><p><em>&#8221;Inmiddels hebben we zoveel ervaring dat we elke klus kunnen uitvoeren, ongeacht de situatie. Om het werk n\u00f3g effici\u00ebnter uit te voeren, zijn onze machines uitgerust met een radiografische afstandsbediening van Tele Radio&#8221;<\/em><\/p><cite>&#8211; Patrick<\/cite><\/blockquote><\/figure>\n\n\n\n<div class=\"wp-block-group\"><div class=\"wp-block-group__inner-container is-layout-flow wp-block-group-is-layout-flow\">\n<div class=\"wp-block-group has-black-color has-text-color\"><div class=\"wp-block-group__inner-container is-layout-flow wp-block-group-is-layout-flow\">\n<div class=\"wp-block-group has-black-background-color has-background\"><div class=\"wp-block-group__inner-container is-layout-flow wp-block-group-is-layout-flow\">\n<div class=\"wp-block-columns has-white-color has-black-background-color has-text-color has-background is-layout-flex wp-container-core-columns-is-layout-9d6595d7 wp-block-columns-is-layout-flex\">\n<div class=\"wp-block-column is-vertically-aligned-top is-layout-flow wp-block-column-is-layout-flow\" style=\"flex-basis:33.33%\">\n<div style=\"height:10px\" aria-hidden=\"true\" class=\"wp-block-spacer\"><\/div>\n\n\n<div class=\"wp-block-image\">\n<figure class=\"aligncenter size-large\"><img loading=\"lazy\" decoding=\"async\" width=\"1200\" height=\"1200\" src=\"https:\/\/www.tele-radio.com\/app\/uploads\/\/Naamloos-2-1200x1200.png\" alt=\"Voordelen van een radiografische afstandsbediening\" class=\"wp-image-121009\" srcset=\"https:\/\/www.tele-radio.com\/app\/uploads\/Naamloos-2-1200x1200.png 1200w, https:\/\/www.tele-radio.com\/app\/uploads\/Naamloos-2-400x400.png 400w, https:\/\/www.tele-radio.com\/app\/uploads\/Naamloos-2-150x150.png 150w, https:\/\/www.tele-radio.com\/app\/uploads\/Naamloos-2-768x768.png 768w, https:\/\/www.tele-radio.com\/app\/uploads\/Naamloos-2-1536x1536.png 1536w\" sizes=\"auto, (max-width: 1200px) 100vw, 1200px\" \/><\/figure><\/div><\/div>\n\n\n\n<div class=\"wp-block-column is-layout-flow wp-block-column-is-layout-flow\" style=\"flex-basis:66.67%\">\n<h2 class=\"wp-block-heading\">DE VOORDELEN VAN EEN AFSTANDSBEDIENING<\/h2>\n\n\n\n<p>Hydroseeding werkt met een <a href=\"https:\/\/www.tele-radio.com\/products\/panther\/panther-transmitter-10x1-step-buttons-2\/\" target=\"_blank\" rel=\"noreferrer noopener\">Panther PN-T21-10<\/a> handzender. Met deze Panther handzender wordt de pompinstallatie op afstand bediend. In combinatie met de 175 meter lange spuitslang brengt dit veel voordelen met zich mee. Patrick legt uit: \u201cIk kan nu ver van de pomp lopen en deze toch gewoon bedienen. Geen haastig rennen meer naar de machine om hem uit te zetten. Met de Tele Radio Panther kan ik bij verstopping direct handelen en de druk aanpassen of de machine uitschakelen. Kleinere klussen kan ik nu zelfs alleen af. Dat bespaart kosten\u201d.<\/p>\n\n\n\n<h2 class=\"wp-block-heading\">DRAADLOZE BEDIENING IN DE TOEKOMST<\/h2>\n\n\n\n<p>Patrick is erg tevreden met zijn Panther handzender die het werk vele malen effici\u00ebnter heeft gemaakt. In de toekomst overweegt hij een stap verder te gaan met een heupzender van Tele Radio. Met het <a href=\"https:\/\/www.tele-radio.com\/volvo-exster\/\">Tele Radio Exster systeem<\/a> kan hij namelijk met \u00e9\u00e9n en dezelfde heupzender niet alleen de machines voor het hydraulisch zaaien op afstand bedienen, ook kan hij dan zijn truck van buitenaf besturen en verplaatsen. Een handeling waarvoor hij nu nog naar de truck toe moet lopen, in de truck plaats moet nemen en de controle over het zaaien tijdelijk kwijt is. Met een heupzender wordt dit voorkomen.<\/p>\n<\/div>\n<\/div>\n<\/div><\/div>\n<\/div><\/div>\n<\/div><\/div>\n\n\n\n<div style=\"height:35px\" aria-hidden=\"true\" class=\"wp-block-spacer\"><\/div>\n\n\n\n<h2 class=\"wp-block-heading\">TELE RADIO PANTHER, GEBRUIKSVRIENDELIJK EN FLEXIBEL<\/h2>\n\n\n\n<p>De keuze van Hydroseeding is gevallen op de zenders van Panther vanwege hun gebruiksgemak en flexibiliteit. Panther werkt op 2,4 GHz en maakt gebruik van technologie die storingsvrije werking mogelijk maakt over grote afstand. De zender is met beschermingsniveau IP67 goed bestand tegen stof, water en vuil en voor <a href=\"https:\/\/hydroseeding.eu\/\">Hydroseeding.eu<\/a> voorzien van een hoogwaardige maatwerkfolie over de drukknoppen voor bescherming en een veiligere bediening.<\/p>\n\n\n\n<p><\/p>\n\n\n\n<div class=\"wp-block-columns is-layout-flex wp-container-core-columns-is-layout-9d6595d7 wp-block-columns-is-layout-flex\">\n<div class=\"wp-block-column is-layout-flow wp-block-column-is-layout-flow\" style=\"flex-basis:66.66%\">\n<p>De gebruikte <a href=\"https:\/\/www.tele-radio.com\/products\/panther\/panther-transmitter-10x1-step-buttons-2\/\">Panther PN-T21-10<\/a> is een kleine handzender met 10 drukknoppen. De zender is \u00e9\u00e9n van de vele draadloze afstandsbedieningen die Tele Radio levert, voor industri\u00eble aandrijvingen en besturingen, met of zonder gecertificeerde veiligheidsstop. Tele Radio levert ook maatwerk. De zenders zijn robuust en betrouwbaar en daardoor uitermate geschikt voor het werk van Hydroseeding.<\/p>\n\n\n\n<h2 class=\"wp-block-heading\">HYDROSEEDING, EEN BIJZONDERE GROENSPECIALIST<\/h2>\n\n\n\n<p>Jaap Sterk, de eigenaar van Hydroseeding, heeft het bedrijf in de afgelopen jaren weten te ontwikkelen tot d\u00e9 specialist op het gebied van hydraulisch zaaien in Nederland, Belgi\u00eb en grote delen van Duitsland. Hydroseeding verzorgt het aanleggen van gras- en bloemvelden voor gemeentes, aannemers en hoveniers. Daarnaast is Hydroseeding leverancier van de Hydroseeding verbruiksmaterialen van het merk Profile.&nbsp;&nbsp;<\/p>\n<\/div>\n\n\n\n<div class=\"wp-block-column is-layout-flow wp-block-column-is-layout-flow\" style=\"flex-basis:33.33%\">\n<figure class=\"wp-block-image size-large\"><img loading=\"lazy\" decoding=\"async\" width=\"1200\" height=\"1200\" src=\"https:\/\/www.tele-radio.com\/app\/uploads\/\/Web_800_x_800_300dpi_2-1200x1200.png\" alt=\"vrachtwagen op draadloze afstandsbediening\" class=\"wp-image-121093\" srcset=\"https:\/\/www.tele-radio.com\/app\/uploads\/Web_800_x_800_300dpi_2-1200x1200.png 1200w, https:\/\/www.tele-radio.com\/app\/uploads\/Web_800_x_800_300dpi_2-400x400.png 400w, https:\/\/www.tele-radio.com\/app\/uploads\/Web_800_x_800_300dpi_2-150x150.png 150w, https:\/\/www.tele-radio.com\/app\/uploads\/Web_800_x_800_300dpi_2-768x768.png 768w, https:\/\/www.tele-radio.com\/app\/uploads\/Web_800_x_800_300dpi_2-1536x1536.png 1536w, https:\/\/www.tele-radio.com\/app\/uploads\/Web_800_x_800_300dpi_2-2048x2048.png 2048w, https:\/\/www.tele-radio.com\/app\/uploads\/Web_800_x_800_300dpi_2-250x250.png 250w, https:\/\/www.tele-radio.com\/app\/uploads\/Web_800_x_800_300dpi_2-750x750.png 750w, https:\/\/www.tele-radio.com\/app\/uploads\/Web_800_x_800_300dpi_2-500x500.png 500w, https:\/\/www.tele-radio.com\/app\/uploads\/Web_800_x_800_300dpi_2-1600x1600.png 1600w, https:\/\/www.tele-radio.com\/app\/uploads\/Web_800_x_800_300dpi_2-800x800.png 800w\" sizes=\"auto, (max-width: 1200px) 100vw, 1200px\" \/><\/figure>\n<\/div>\n<\/div>\n\n\n\n<div class=\"wp-block-group\"><div class=\"wp-block-group__inner-container is-layout-flow wp-block-group-is-layout-flow\">\n<div style=\"height:35px\" aria-hidden=\"true\" class=\"wp-block-spacer\"><\/div>\n\n\n\n<figure class=\"wp-block-video\"><video autoplay loop muted src=\"https:\/\/www.tele-radio.com\/app\/uploads\/Hydroseeding_V3_NLD.mp4\"><\/video><\/figure>\n\n\n\n<div style=\"height:25px\" aria-hidden=\"true\" class=\"wp-block-spacer\"><\/div>\n<\/div><\/div>\n\n\n\n<div style=\"height:100px\" aria-hidden=\"true\" class=\"wp-block-spacer\"><\/div>\n","protected":false},"excerpt":{"rendered":"<p>Hydraulisch zaaien gaat makkelijker dankzij Tele Radio Op wanden en taluds is een conventionele manier van zaaien niet mogelijk. De gebruikelijke machines kunnen alleen horizontaal zaaien en de droge zaden waaien of spoelen te snel weg. Als innovatieve oplossing is er hydraulisch zaaien. Zaden worden in een mengsel van water, bemesting, lijm en een draagstof [&hellip;]<\/p>\n","protected":false},"author":29,"featured_media":121045,"parent":0,"menu_order":0,"comment_status":"closed","ping_status":"closed","template":"","meta":{"_acf_changed":false,"footnotes":""},"class_list":["post-122473","page","type-page","status-publish","has-post-thumbnail","hentry"],"acf":[],"_links":{"self":[{"href":"https:\/\/www.tele-radio.com\/nl\/wp-json\/wp\/v2\/pages\/122473","targetHints":{"allow":["GET"]}}],"collection":[{"href":"https:\/\/www.tele-radio.com\/nl\/wp-json\/wp\/v2\/pages"}],"about":[{"href":"https:\/\/www.tele-radio.com\/nl\/wp-json\/wp\/v2\/types\/page"}],"author":[{"embeddable":true,"href":"https:\/\/www.tele-radio.com\/nl\/wp-json\/wp\/v2\/users\/29"}],"replies":[{"embeddable":true,"href":"https:\/\/www.tele-radio.com\/nl\/wp-json\/wp\/v2\/comments?post=122473"}],"version-history":[{"count":26,"href":"https:\/\/www.tele-radio.com\/nl\/wp-json\/wp\/v2\/pages\/122473\/revisions"}],"predecessor-version":[{"id":156987,"href":"https:\/\/www.tele-radio.com\/nl\/wp-json\/wp\/v2\/pages\/122473\/revisions\/156987"}],"wp:featuredmedia":[{"embeddable":true,"href":"https:\/\/www.tele-radio.com\/nl\/wp-json\/wp\/v2\/media\/121045"}],"wp:attachment":[{"href":"https:\/\/www.tele-radio.com\/nl\/wp-json\/wp\/v2\/media?parent=122473"}],"curies":[{"name":"wp","href":"https:\/\/api.w.org\/{rel}","templated":true}]}}