{"id":122232,"date":"2022-10-04T07:34:05","date_gmt":"2022-10-04T07:34:05","guid":{"rendered":"https:\/\/www.tele-radio.com\/industrial-machines\/"},"modified":"2025-01-27T12:27:11","modified_gmt":"2025-01-27T12:27:11","slug":"industrie-machines","status":"publish","type":"page","link":"https:\/\/www.tele-radio.com\/nl\/industrie-machines\/","title":{"rendered":"INDUSTRIE &#038; MACHINES"},"content":{"rendered":"\n<h1 class=\"wp-block-heading has-text-align-center\"><strong>INDUSTRIE &amp; MACHINES<\/strong><\/h1>\n\n\n\n<div class=\"wp-block-buttons is-content-justification-right is-layout-flex wp-container-core-buttons-is-layout-765c4724 wp-block-buttons-is-layout-flex\">\n<div class=\"wp-block-button has-custom-font-size is-style-fill has-medium-font-size\" style=\"font-style:normal;font-weight:900;letter-spacing:1px\"><a class=\"wp-block-button__link has-black-color has-text-color has-background has-link-color wp-element-button\" href=\"mailto:info@teleradio.nl\" style=\"border-radius:10px;background-color:#fabb00\"><strong>Neem contact op<\/strong><\/a><\/div>\n<\/div>\n\n\n\n<div style=\"height:20px\" aria-hidden=\"true\" class=\"wp-block-spacer\"><\/div>\n\n\n\n<div class=\"wp-block-group\"><div class=\"wp-block-group__inner-container is-layout-constrained wp-block-group-is-layout-constrained\">\n<div class=\"wp-block-group is-vertical is-content-justification-right is-layout-flex wp-container-core-group-is-layout-b6c475e2 wp-block-group-is-layout-flex\">\n<p class=\"has-text-align-right\"><a href=\"mailto:info@teleradio.nl\">info@teleradio.nl<\/a>    <\/p>\n\n\n\n<p class=\"has-text-align-right\"><a href=\"tel:+31 (0)70-4194124\">+31 (0)70-4194124<\/a>    <\/p>\n<\/div>\n<\/div><\/div>\n\n\n\n<div style=\"height:82px\" aria-hidden=\"true\" class=\"wp-block-spacer\"><\/div>\n\n\n\n<div class=\"wp-block-columns is-layout-flex wp-container-core-columns-is-layout-9d6595d7 wp-block-columns-is-layout-flex\">\n<div class=\"wp-block-column is-layout-flow wp-block-column-is-layout-flow\">\n<h1 class=\"wp-block-heading\">Een diverse markt<\/h1>\n\n\n\n<p>De sector industrie kent veel verschillende werkgebieden. Alles van steenbrekers en staalproductie, tot transportbanden in magazijnen. We hebben een zeer lange relatie met klanten die in deze sectoren en in deze gebieden werkzaam zijn. Dit bewijst dat we bereid zijn om gespecialiseerde oplossingen en ondersteuning te bieden die absoluut noodzakelijk zijn voor de industri\u00eble sector. Omdat we veel energie steken in het cre\u00ebren van sterke en veilige producten, zijn we in staat om te voldoen aan de hoge veiligheidseisen van de industri\u00eble sector. Deze applicaties moeten vaak 100% operationeel zijn om aan de eisen van hun klanten te voldoen, wij begrijpen dat en hebben onze producten daarom ook juist op die basis gebouwd. Ze zijn robuust en kunnen tegen een stootje, en mocht er toch iets aan vervanging toe zijn, dan hebben we dat met het design heel gemakkelijk voor u gemaakt.<\/p>\n<\/div>\n\n\n\n<div class=\"wp-block-column is-layout-flow wp-block-column-is-layout-flow\" style=\"flex-basis:100px\"><\/div>\n\n\n\n<div class=\"wp-block-column is-layout-flow wp-block-column-is-layout-flow\">\n<div class=\"wp-block-cover\" style=\"min-height:549px;aspect-ratio:unset;\"><span aria-hidden=\"true\" class=\"wp-block-cover__background has-background-dim-20 has-background-dim\"><\/span><img loading=\"lazy\" decoding=\"async\" width=\"1597\" height=\"2400\" class=\"wp-block-cover__image-background wp-image-98938\" alt=\"kraan met draadloze afstandsbediening\" src=\"https:\/\/www.tele-radio.com\/app\/uploads\/FM_LC_PN_0026.jpg\" data-object-fit=\"cover\" srcset=\"https:\/\/www.tele-radio.com\/app\/uploads\/FM_LC_PN_0026.jpg 1597w, https:\/\/www.tele-radio.com\/app\/uploads\/FM_LC_PN_0026-266x400.jpg 266w, https:\/\/www.tele-radio.com\/app\/uploads\/FM_LC_PN_0026-799x1200.jpg 799w, https:\/\/www.tele-radio.com\/app\/uploads\/FM_LC_PN_0026-768x1154.jpg 768w, https:\/\/www.tele-radio.com\/app\/uploads\/FM_LC_PN_0026-1022x1536.jpg 1022w, https:\/\/www.tele-radio.com\/app\/uploads\/FM_LC_PN_0026-1363x2048.jpg 1363w, https:\/\/www.tele-radio.com\/app\/uploads\/FM_LC_PN_0026-499x750.jpg 499w, https:\/\/www.tele-radio.com\/app\/uploads\/FM_LC_PN_0026-333x500.jpg 333w, https:\/\/www.tele-radio.com\/app\/uploads\/FM_LC_PN_0026-1065x1600.jpg 1065w, https:\/\/www.tele-radio.com\/app\/uploads\/FM_LC_PN_0026-532x800.jpg 532w\" sizes=\"auto, (max-width: 1597px) 100vw, 1597px\" \/><div class=\"wp-block-cover__inner-container is-layout-flow wp-block-cover-is-layout-flow\">\n<p class=\"has-text-align-center has-large-font-size\"><\/p>\n<\/div><\/div>\n<\/div>\n<\/div>\n\n\n\n<div style=\"height:100px\" aria-hidden=\"true\" class=\"wp-block-spacer\"><\/div>\n\n\n\n<div class=\"wp-block-cover is-light\"><span aria-hidden=\"true\" class=\"wp-block-cover__background has-very-light-gray-background-color has-background-dim-100 has-background-dim\"><\/span><div class=\"wp-block-cover__inner-container is-layout-flow wp-block-cover-is-layout-flow\">\n<div class=\"wp-block-columns is-layout-flex wp-container-core-columns-is-layout-9d6595d7 wp-block-columns-is-layout-flex\">\n<div class=\"wp-block-column is-layout-flow wp-block-column-is-layout-flow\"><div class=\"wp-block-image\">\n<figure class=\"aligncenter size-large is-resized\"><img loading=\"lazy\" decoding=\"async\" width=\"338\" height=\"283\" src=\"https:\/\/www.tele-radio.com\/app\/uploads\/Fail_Safe_Operation.png\" alt=\"\" class=\"wp-image-68107\" style=\"width:90px;height:75px\"\/><\/figure><\/div>\n\n\n<p class=\"has-text-align-center has-very-dark-gray-color has-text-color\"><strong><strong>Gemaakt voor veilig werken<\/strong><\/strong><\/p>\n\n\n\n<p class=\"has-text-align-center has-very-dark-gray-color has-text-color\">De veiligheidsrelais gaan uit als er geen bereik is, bij een lege batterij of kapotte zender. Het veiligheidsniveau is onafhankelijk gecertificeerd.<\/p>\n<\/div>\n\n\n\n<div class=\"wp-block-column is-layout-flow wp-block-column-is-layout-flow\"><div class=\"wp-block-image\">\n<figure class=\"aligncenter size-large is-resized\"><img loading=\"lazy\" decoding=\"async\" width=\"223\" height=\"363\" src=\"https:\/\/www.tele-radio.com\/app\/uploads\/Protection.png\" alt=\"\" class=\"wp-image-68129\" style=\"width:45px;height:78px\"\/><\/figure><\/div>\n\n\n<p class=\"has-text-align-center has-very-dark-gray-color has-text-color\"><strong><strong>Stof- en waterdicht<\/strong><\/strong><\/p>\n\n\n\n<p class=\"has-text-align-center has-very-dark-gray-color has-text-color\">Onze zenders zijn extreem robuust. Sommige zijn IP65 gecertificeerd en de meeste zelfs IP67.<\/p>\n<\/div>\n\n\n\n<div class=\"wp-block-column is-layout-flow wp-block-column-is-layout-flow\"><div class=\"wp-block-image\">\n<figure class=\"aligncenter size-large is-resized\"><img loading=\"lazy\" decoding=\"async\" width=\"268\" height=\"374\" src=\"https:\/\/www.tele-radio.com\/app\/uploads\/Certification_2.png\" alt=\"\" class=\"wp-image-68153\" style=\"width:56px;height:78px\"\/><\/figure><\/div>\n\n\n<p class=\"has-text-align-center has-very-dark-gray-color has-text-color\"><strong><strong>Voorzien van een uitstekende service<\/strong><\/strong><\/p>\n\n\n\n<p class=\"has-text-align-center has-very-dark-gray-color has-text-color\">Klanten, overal ter wereld, vertrouwen op ons merk. Wij leveren een uitstekende service en maatwerkoplossingen.<\/p>\n<\/div>\n<\/div>\n<\/div><\/div>\n\n\n\n<div style=\"height:100px\" aria-hidden=\"true\" class=\"wp-block-spacer\"><\/div>\n\n\n\n<h2 class=\"wp-block-heading has-text-align-center\">APPLICATIES<\/h2>\n\n\n\n<p class=\"has-text-align-center\"><em>Om een idee te geven van de mogelijkheden, hieronder enkele voorbeelden van toepassingen en hun producten:<\/em><\/p>\n\n\n\n<div class=\"wp-block-columns is-layout-flex wp-container-core-columns-is-layout-9d6595d7 wp-block-columns-is-layout-flex\">\n<div class=\"wp-block-column is-layout-flow wp-block-column-is-layout-flow\">\n<div class=\"wp-block-cover is-light\"><span aria-hidden=\"true\" class=\"wp-block-cover__background has-white-background-color has-background-dim-100 has-background-dim\"><\/span><div class=\"wp-block-cover__inner-container is-layout-flow wp-block-cover-is-layout-flow\"><div class=\"wp-block-image is-style-default\">\n<figure class=\"aligncenter size-full is-resized\"><img loading=\"lazy\" decoding=\"async\" width=\"128\" height=\"128\" src=\"https:\/\/www.tele-radio.com\/app\/uploads\/silo-1.png\" alt=\"afdekking van kuilvoer\" class=\"wp-image-117864\" style=\"width:71px;height:71px\"\/><\/figure><\/div>\n\n\n<p class=\"has-text-align-center has-black-color has-text-color\"><strong>AFDEKKING VAN KUILVOER<\/strong><\/p>\n\n\n\n<p class=\"has-text-align-center has-black-color has-text-color\">Klemsilo&#8217;s hebben soms afdeksystemen die over de lengte van de silo lopen, meestal bestaande uit een rail, lier, en portaalsysteem. Deze kunnen eenvoudig vanaf de tractor met een draadloze afstandsbediening worden bediend in plaats van dat u uw voertuig moet verlaten en het handmatige bedieningspaneel op de kuilafvoer zelf moet gebruiken.<\/p>\n<\/div><\/div>\n<\/div>\n\n\n\n<div class=\"wp-block-column is-vertically-aligned-top is-layout-flow wp-block-column-is-layout-flow\">\n<div class=\"wp-block-cover is-light\"><span aria-hidden=\"true\" class=\"wp-block-cover__background has-white-background-color has-background-dim-100 has-background-dim\"><\/span><div class=\"wp-block-cover__inner-container is-layout-flow wp-block-cover-is-layout-flow\"><div class=\"wp-block-image is-style-default\">\n<figure class=\"aligncenter size-full is-resized\"><img decoding=\"async\" src=\"https:\/\/www.tele-radio.com\/app\/uploads\/CONVEYOR.png\" alt=\"lopende banden\" class=\"wp-image-117887\" style=\"width:71px;height:71px\"\/><\/figure><\/div>\n\n\n<p class=\"has-text-align-center has-black-color has-text-color\"><strong>LOPENDE BANDEN<\/strong><\/p>\n\n\n\n<p class=\"has-text-align-center has-black-color has-text-color\">Transportbanden om producten of bouwmaterialen te verplaatsen, hetzij in een magazijn, een mijn, of bevestigd aan een voertuig. Deze riemen kunnen draadloos worden bediend voor een beter zicht en vanaf een veilige afstand.<\/p>\n<\/div><\/div>\n<\/div>\n\n\n\n<div class=\"wp-block-column is-vertically-aligned-top is-layout-flow wp-block-column-is-layout-flow\">\n<div style=\"height:65px\" aria-hidden=\"true\" class=\"wp-block-spacer\"><\/div>\n\n\n<div class=\"wp-block-image is-style-default\">\n<figure class=\"aligncenter size-full is-resized\"><img loading=\"lazy\" decoding=\"async\" width=\"128\" height=\"128\" src=\"https:\/\/www.tele-radio.com\/app\/uploads\/rocks-1.png\" alt=\"rotsbrekers\" class=\"wp-image-117910\" style=\"width:71px;height:71px\"\/><\/figure><\/div>\n\n\n<p class=\"has-text-align-center\"><strong>ROTSBREKERS<\/strong><\/p>\n\n\n\n<p class=\"has-text-align-center\">Steenbrekers en zeefmachines zijn enorme machines om grote stenen om te zetten in kleinere producten. Idealiter op afstand bestuurd door een operator voor de basisfuncties en beweging.<\/p>\n<\/div>\n<\/div>\n\n\n\n<div style=\"height:93px\" aria-hidden=\"true\" class=\"wp-block-spacer\"><\/div>\n\n\n\n<h2 class=\"wp-block-heading has-text-align-center\"><strong><strong>TOEPASSINGEN<\/strong><\/strong><\/h2>\n\n\n\n<h3 class=\"wp-block-heading has-text-align-center\">Uw wensen voor de veiligheid en functionaliteit<\/h3>\n\n\n\n<p>De keuze van de juiste zender voor uw toepassing kan het beste gemaakt worden in overleg met de medewerkers van Tele Radio. Wij leveren verschillende zenders met specifieke eigenschappen. De onderstaande drie zaken zijn essentieel voor uw keuze:<\/p>\n\n\n\n<div class=\"wp-block-media-text alignwide is-stacked-on-mobile is-vertically-aligned-center\" style=\"grid-template-columns:15% auto\"><figure class=\"wp-block-media-text__media\"><img loading=\"lazy\" decoding=\"async\" width=\"404\" height=\"404\" src=\"https:\/\/www.tele-radio.com\/app\/uploads\/Safety_level_2.png\" alt=\"veiligheidsniveau radiografische bediening\" class=\"wp-image-68198 size-full\" srcset=\"https:\/\/www.tele-radio.com\/app\/uploads\/Safety_level_2.png 404w, https:\/\/www.tele-radio.com\/app\/uploads\/Safety_level_2-400x400.png 400w, https:\/\/www.tele-radio.com\/app\/uploads\/Safety_level_2-150x150.png 150w, https:\/\/www.tele-radio.com\/app\/uploads\/Safety_level_2-250x250.png 250w\" sizes=\"auto, (max-width: 404px) 100vw, 404px\" \/><\/figure><div class=\"wp-block-media-text__content\">\n<p><strong><strong>Veiligheidsniveau<\/strong><\/strong><\/p>\n\n\n\n<p>Onze zenders zijn veilig, waarbij veel types beschikken over een onafhankelijke veiligheidscertificering. De correcte werking van de veiligheidsknop is in dat geval door een externe, onafhankelijke partij geverifieerd. U kiest dus zeker voor een systeem met een onafhankelijke veiligheidscertificering als u het risico op letsel bij het gebruik van de applicatie wilt minimaliseren. Is er geen veiligheidsrisico? Dan kiest u een zender zonder certificering.<\/p>\n<\/div><\/div>\n\n\n\n<div class=\"wp-block-media-text alignwide is-stacked-on-mobile is-vertically-aligned-center\" style=\"grid-template-columns:15% auto\"><figure class=\"wp-block-media-text__media\"><img loading=\"lazy\" decoding=\"async\" width=\"404\" height=\"404\" src=\"https:\/\/www.tele-radio.com\/app\/uploads\/Control_element_2.png\" alt=\"knoppen en joysticks op industri\u00eble afstandsbediening\" class=\"wp-image-68176 size-full\" srcset=\"https:\/\/www.tele-radio.com\/app\/uploads\/Control_element_2.png 404w, https:\/\/www.tele-radio.com\/app\/uploads\/Control_element_2-400x400.png 400w, https:\/\/www.tele-radio.com\/app\/uploads\/Control_element_2-150x150.png 150w, https:\/\/www.tele-radio.com\/app\/uploads\/Control_element_2-250x250.png 250w\" sizes=\"auto, (max-width: 404px) 100vw, 404px\" \/><\/figure><div class=\"wp-block-media-text__content\">\n<p><strong><strong>Knoppen of joysticks<\/strong><\/strong><\/p>\n\n\n\n<p>Met drukknoppen is een zender handzamer, maar zeker niet minder secuur in de aansturing. Een zender met proportionele drukknoppen benadert bijvoorbeeld de precisie van een joystick zender. Daarbij neemt de mate van aansturing toe met het verder indrukken van de drukknop. Een joystick zender is groter, maar biedt bijvoorbeeld weer meer mogelijkheden voor maatwerk in de vorm van speciale knoppen, schakelaars en peddels.<\/p>\n<\/div><\/div>\n\n\n\n<div class=\"wp-block-media-text alignwide is-stacked-on-mobile\" style=\"grid-template-columns:15% auto\"><figure class=\"wp-block-media-text__media\"><img loading=\"lazy\" decoding=\"async\" width=\"404\" height=\"404\" src=\"https:\/\/www.tele-radio.com\/app\/uploads\/Feedback_2.png\" alt=\"duplex communicatie \" class=\"wp-image-68223 size-full\" srcset=\"https:\/\/www.tele-radio.com\/app\/uploads\/Feedback_2.png 404w, https:\/\/www.tele-radio.com\/app\/uploads\/Feedback_2-400x400.png 400w, https:\/\/www.tele-radio.com\/app\/uploads\/Feedback_2-150x150.png 150w, https:\/\/www.tele-radio.com\/app\/uploads\/Feedback_2-250x250.png 250w\" sizes=\"auto, (max-width: 404px) 100vw, 404px\" \/><\/figure><div class=\"wp-block-media-text__content\">\n<p><strong><strong>Duplex communicatie<\/strong><\/strong><\/p>\n\n\n\n<p>Bepaalde zenders kunnen informatie retour ontvangen van een aangestuurde ontvanger. Afhankelijk van het systeem is de informatie is zichtbaar door middel van LEDS op de zender of via een display. Bij de aansturing van een kraan is het bijvoorbeeld mogelijk om het hefgewicht of een alarm of foutmelding op de display te tonen. Voor een simpele aan of uitschakeling van een lichtmast of pump zal deze functie minder relevant zijn.<\/p>\n<\/div><\/div>\n\n\n\n<div style=\"height:100px\" aria-hidden=\"true\" class=\"wp-block-spacer\"><\/div>\n\n\n<div class=\"wp-block-image is-style-default\">\n<figure class=\"aligncenter size-large is-resized\"><img decoding=\"async\" src=\"https:\/\/www.tele-radio.com\/app\/uploads\/\/Assortiment_2019_zonder_spiegeling_en_schaduw-1200x614.jpg\" alt=\"radiiografische afstandsbedieningen\" style=\"width:771px;height:394px\"\/><\/figure><\/div>\n\n\n<div class=\"wp-block-buttons is-horizontal is-content-justification-center is-layout-flex wp-container-core-buttons-is-layout-499968f5 wp-block-buttons-is-layout-flex\">\n<div class=\"wp-block-button\"><a class=\"wp-block-button__link has-black-color has-text-color has-background wp-element-button\" href=\"https:\/\/www.tele-radio.com\/nl\/contact\/\" style=\"border-radius:7px;background-color:#fabb00\"><strong>Praat met een expert<\/strong><\/a><\/div>\n<\/div>\n","protected":false},"excerpt":{"rendered":"<p>INDUSTRIE &amp; MACHINES Een diverse markt De sector industrie kent veel verschillende werkgebieden. Alles van steenbrekers en staalproductie, tot transportbanden in magazijnen. We hebben een zeer lange relatie met klanten die in deze sectoren en in deze gebieden werkzaam zijn. Dit bewijst dat we bereid zijn om gespecialiseerde oplossingen en ondersteuning te bieden die absoluut [&hellip;]<\/p>\n","protected":false},"author":29,"featured_media":0,"parent":0,"menu_order":0,"comment_status":"closed","ping_status":"closed","template":"","meta":{"_acf_changed":false,"footnotes":""},"class_list":["post-122232","page","type-page","status-publish","hentry"],"acf":[],"_links":{"self":[{"href":"https:\/\/www.tele-radio.com\/nl\/wp-json\/wp\/v2\/pages\/122232","targetHints":{"allow":["GET"]}}],"collection":[{"href":"https:\/\/www.tele-radio.com\/nl\/wp-json\/wp\/v2\/pages"}],"about":[{"href":"https:\/\/www.tele-radio.com\/nl\/wp-json\/wp\/v2\/types\/page"}],"author":[{"embeddable":true,"href":"https:\/\/www.tele-radio.com\/nl\/wp-json\/wp\/v2\/users\/29"}],"replies":[{"embeddable":true,"href":"https:\/\/www.tele-radio.com\/nl\/wp-json\/wp\/v2\/comments?post=122232"}],"version-history":[{"count":10,"href":"https:\/\/www.tele-radio.com\/nl\/wp-json\/wp\/v2\/pages\/122232\/revisions"}],"predecessor-version":[{"id":242841,"href":"https:\/\/www.tele-radio.com\/nl\/wp-json\/wp\/v2\/pages\/122232\/revisions\/242841"}],"wp:attachment":[{"href":"https:\/\/www.tele-radio.com\/nl\/wp-json\/wp\/v2\/media?parent=122232"}],"curies":[{"name":"wp","href":"https:\/\/api.w.org\/{rel}","templated":true}]}}