{"id":98085,"date":"2022-05-30T06:16:14","date_gmt":"2022-05-30T06:16:14","guid":{"rendered":"https:\/\/www.tele-radio.com\/?page_id=98085"},"modified":"2022-05-30T06:16:15","modified_gmt":"2022-05-30T06:16:15","slug":"suksesshistorie-med-frumecar-og-volvo-trucks","status":"publish","type":"page","link":"https:\/\/www.tele-radio.com\/nb\/suksesshistorie-med-frumecar-og-volvo-trucks\/","title":{"rendered":"Suksesshistorie med Frumecar og Volvo Trucks"},"content":{"rendered":"\n<div style=\"height:10px\" aria-hidden=\"true\" class=\"wp-block-spacer\"><\/div>\n\n\n\n<p><strong><a href=\"https:\/\/frumecar.com\/concrete-batching-plants\/\">Frumecar<\/a> <\/strong>er en spansk produsent av betonganlegg og betongblandere. Det er en av de viktigste spanske produsentene, med mer enn 11 000 betongblandere i oml\u00f8p, og er en m\u00e5lestokk innen innovasjon i betongsektoren.<\/p>\n\n\n\n<p>I l\u00f8pet av 2021 dukket det opp et <strong>samarbeidsforslag mellom Volvo Trucks, Frumecar og Tele Radio<\/strong> om \u00e5 styre en betongblanderbil med radiostyring. <\/p>\n\n\n\n<h2 class=\"wp-block-heading\">Pionerer p\u00e5 det Iberiske markedet<\/h2>\n\n\n\n<p>Det er den <strong>f\u00f8rste betongblanderbilen produsert i Spania som kan styres ved hjelp av radiostyring.<\/strong><\/p>\n\n\n\n<p>Lastebilen som ble brukt var en Volvo FM 420HP 84 RIGID TRIDEM. Karosseriet ble levert av Frumecar. N\u00e5r det gjelder radiostyringen, er det et tilpasset <a href=\"https:\/\/www.tele-radio.com\/nb\/?post_type=tr_product&#038;p=43836\">Tele Radio Puma<\/a>-system.<\/p>\n\n\n\n<p>Takket v\u00e6re det tette samarbeidet mellom de tre selskapene (Volvo Trucks, Frumecar og Tele Radio), har prosjektet blitt utviklet i henhold til planen og lastebilen ble stilt ut p\u00e5 \u00e5pen plass under feiringen av SMOPYC 2021, i november.<\/p>\n\n\n\n<div class=\"wp-block-media-text alignwide is-stacked-on-mobile has-background\" style=\"background-color:#f4f4f4\"><figure class=\"wp-block-media-text__media\"><img loading=\"lazy\" decoding=\"async\" width=\"1200\" height=\"698\" src=\"https:\/\/www.tele-radio.com\/app\/uploads\/image-4-1200x698.png\" alt=\"\" class=\"wp-image-88001 size-full\" srcset=\"https:\/\/www.tele-radio.com\/app\/uploads\/image-4-1200x698.png 1200w, https:\/\/www.tele-radio.com\/app\/uploads\/image-4-400x233.png 400w, https:\/\/www.tele-radio.com\/app\/uploads\/image-4-768x447.png 768w, https:\/\/www.tele-radio.com\/app\/uploads\/image-4-1536x893.png 1536w, https:\/\/www.tele-radio.com\/app\/uploads\/image-4-750x436.png 750w, https:\/\/www.tele-radio.com\/app\/uploads\/image-4-500x291.png 500w, https:\/\/www.tele-radio.com\/app\/uploads\/image-4-1600x930.png 1600w, https:\/\/www.tele-radio.com\/app\/uploads\/image-4-800x465.png 800w, https:\/\/www.tele-radio.com\/app\/uploads\/image-4.png 1744w\" sizes=\"auto, (max-width: 1200px) 100vw, 1200px\" \/><\/figure><div class=\"wp-block-media-text__content\">\n<p class=\"has-medium-font-size\">Som du kan se p\u00e5 bildet, er ikke  bare bevegelsen til lastebilen det eneste som kan styres, men ogs\u00e5 lysene, rattet, hastigheten og rotasjonsretningen til beholderen, flytting, forlengelse og oppsamling av sjakten , etc.<\/p>\n<\/div><\/div>\n\n\n\n<div style=\"height:60px\" aria-hidden=\"true\" class=\"wp-block-spacer\"><\/div>\n\n\n\n<h2 class=\"has-text-align-center wp-block-heading\">Video<\/h2>\n\n\n\n<figure class=\"wp-block-video\"><video controls poster=\"https:\/\/www.tele-radio.com\/app\/uploads\/preview-video-volvo-frumecar-tr.jpg\" src=\"https:\/\/www.tele-radio.com\/app\/uploads\/VIDEO-HORMIGONERA-REMOTO-V4.subtitulado.mp4\"><\/video><\/figure>\n\n\n\n<div style=\"height:60px\" aria-hidden=\"true\" class=\"wp-block-spacer\"><\/div>\n","protected":false},"excerpt":{"rendered":"<p>Frumecar er en spansk produsent av betonganlegg og betongblandere. Det er en av de viktigste spanske produsentene, med mer enn 11 000 betongblandere i oml\u00f8p, og er en m\u00e5lestokk innen innovasjon i betongsektoren. I l\u00f8pet av 2021 dukket det opp et samarbeidsforslag mellom Volvo Trucks, Frumecar og Tele Radio om \u00e5 styre en betongblanderbil med [&hellip;]<\/p>\n","protected":false},"author":18,"featured_media":0,"parent":0,"menu_order":0,"comment_status":"closed","ping_status":"closed","template":"","meta":{"_acf_changed":false,"footnotes":""},"class_list":["post-98085","page","type-page","status-publish","hentry"],"acf":[],"_links":{"self":[{"href":"https:\/\/www.tele-radio.com\/nb\/wp-json\/wp\/v2\/pages\/98085","targetHints":{"allow":["GET"]}}],"collection":[{"href":"https:\/\/www.tele-radio.com\/nb\/wp-json\/wp\/v2\/pages"}],"about":[{"href":"https:\/\/www.tele-radio.com\/nb\/wp-json\/wp\/v2\/types\/page"}],"author":[{"embeddable":true,"href":"https:\/\/www.tele-radio.com\/nb\/wp-json\/wp\/v2\/users\/18"}],"replies":[{"embeddable":true,"href":"https:\/\/www.tele-radio.com\/nb\/wp-json\/wp\/v2\/comments?post=98085"}],"version-history":[{"count":2,"href":"https:\/\/www.tele-radio.com\/nb\/wp-json\/wp\/v2\/pages\/98085\/revisions"}],"predecessor-version":[{"id":103788,"href":"https:\/\/www.tele-radio.com\/nb\/wp-json\/wp\/v2\/pages\/98085\/revisions\/103788"}],"wp:attachment":[{"href":"https:\/\/www.tele-radio.com\/nb\/wp-json\/wp\/v2\/media?parent=98085"}],"curies":[{"name":"wp","href":"https:\/\/api.w.org\/{rel}","templated":true}]}}